{"id":11884,"date":"2024-12-26T17:28:36","date_gmt":"2024-12-26T20:28:36","guid":{"rendered":"https:\/\/deputadotaveirajr.com.br\/index.php\/feriado-de-natal-numero-de-mortos-nas-rodovias-federais-no-rn-e-7-vezes-maior-em-2024-diz-prf\/"},"modified":"2024-12-26T17:28:36","modified_gmt":"2024-12-26T20:28:36","slug":"feriado-de-natal-numero-de-mortos-nas-rodovias-federais-no-rn-e-7-vezes-maior-em-2024-diz-prf","status":"publish","type":"page","link":"https:\/\/deputadotaveirajr.com.br\/index.php\/feriado-de-natal-numero-de-mortos-nas-rodovias-federais-no-rn-e-7-vezes-maior-em-2024-diz-prf\/","title":{"rendered":"Feriado de Natal: n\u00famero de mortos nas rodovias federais no RN \u00e9 7 vezes maior em 2024, diz PRF"},"content":{"rendered":"<p><img decoding=\"async\" src=\"https:\/\/s2-g1.glbimg.com\/-ybk1VAkgt_Pfo12QdJ8-ETKxy0=\/i.s3.glbimg.com\/v1\/AUTH_59edd422c0c84a879bd37670ae4f538a\/internal_photos\/bs\/2024\/0\/v\/AWavAPST2tBEMkMAYR2Q\/whatsapp-image-2024-12-22-at-10.23.37.jpeg\" \/><br \/>     N\u00famero de pessoas feridas e de acidentes tamb\u00e9m cresceu no comparativo com o mesmo per\u00edodo de 2023. 5 pessoas morreram em acidentes de tr\u00e2nsito no fim de semana<br \/>\nO feriad\u00e3o de Natal terminou com sete pessoas mortas na hora nas estradas federais dentro do Rio Grande do Norte. O dado foi divulgado pela Pol\u00edcia Rodovi\u00e1ria Federal (PRF) nesta quinta-feira (26) e considera o per\u00edodo de 20 a 25 de dezembro deste ano.<br \/>\nO n\u00famero \u00e9 7 vezes &#8211; ou 600% &#8211; maior do que no mesmo per\u00edodo do ano passado, quando uma pessoa morreu nas estradas federais do estado.<br \/>\n \ud83d\udcf3Participe do canal do g1 RN no WhatsApp<br \/>\nEm apenas um acidente, ocorrido no munic\u00edpio de Bom Jesus, cinco pessoas morreram numa colis\u00e3o frontal entre dois carros.<br \/>\n\u26a0\ufe0f \u00c9 importante refor\u00e7ar que a PRF considera apenas as mortes resultadas no local do acidente. Duas das v\u00edtimas do acidente em Bom Jesus morreram ap\u00f3s atendimento m\u00e9dico e encaminhamento para o hospital. O n\u00famero total, portanto, subiria para 9 mortos caso essas duas mortes tamb\u00e9m fossem consideradas.<br \/>\nO n\u00famero de acidentes registrados tamb\u00e9m aumentou 32% em compara\u00e7\u00e3o com o feriado de Natal de 2023, segundo a PRF.  Neste ano, foram 33 contra 25 no ano anterior. Houve ainda 41 feridos &#8211; em 2023 foram 37.<br \/>\nVeja comparativo abaixo:<br \/>\nAcidentes no Feriado de Natal<br \/>\nAcidente com maior n\u00famero de v\u00edtima aconteceu na BR-226, em Bom Jesus<br \/>\nCedida<br \/>\nLEIA TAMB\u00c9M<br \/>\nPRF prende no RN motorista com carro alugado que deveria ter sido devolvido em 2018<br \/>\nAcidentes<br \/>\nOs acidentes nas rodovias federais que terminaram com pessoas mortas foram:<br \/>\nCapotamento de carro na BR-226 em Pau dos Ferros (quarta-feira, 25): 2 mortes<br \/>\nAtropelamento na BR-304 em Ass\u00fa (segunda-feira, 23): 1 morte<br \/>\n*Colis\u00e3o frontal na BR-226 em Bom Jesus (domingo, 22): 5 mortes (veja reportagem aqui)<br \/>\nColis\u00e3o com animal na BR-406 em Janda\u00edra (domingo, 22): 1 morte<br \/>\n*Acidente no qual duas pessoas morreram ap\u00f3s encaminhamento para o hospital. A PRF n\u00e3o considera essas duas mortes no relat\u00f3rio, o que reduz o n\u00famero para 7 no total.<br \/>\nOutros acidentes ocorridos nos \u00faltimos dias:<br \/>\n*Acidente com tr\u00eas caminh\u00f5es e um carro na BR-304 em Angicos (quinta-feira, 19): 1 morte (veja reportagem aqui)<br \/>\nAcidente entre carro e motocicleta na RN-288 em S\u00e3o Jos\u00e9 do Serid\u00f3 (s\u00e1bado, 21): 2 mortes (veja reportagem aqui)<br \/>\nColis\u00e3o entre moto e carro em Apodi (s\u00e1bado, 21): 1 morte<br \/>\n*O acidente aconteceu em rodovia federal, mas no dia 19, antes do per\u00edodo analisado pela PRF como feriado de Natal.<br \/>\nV\u00eddeos mais assistidos do g1 RN<br \/>\n\u00fa<\/p>","protected":false},"excerpt":{"rendered":"<p>N\u00famero de pessoas feridas e de acidentes tamb\u00e9m cresceu no comparativo com o mesmo per\u00edodo de 2023. 5 pessoas morreram em acidentes de tr\u00e2nsito no fim de semana O feriad\u00e3o &#8230;<\/p>\n","protected":false},"author":0,"featured_media":11885,"parent":0,"menu_order":0,"comment_status":"closed","ping_status":"closed","template":"","meta":{"footnotes":""},"class_list":["post-11884","page","type-page","status-publish","has-post-thumbnail","hentry"],"yoast_head":"<!-- This site is optimized with the Yoast SEO plugin v27.1.1 - https:\/\/yoast.com\/product\/yoast-seo-wordpress\/ -->\n<title>Feriado de Natal: n\u00famero de mortos nas rodovias federais no RN \u00e9 7 vezes maior em 2024, diz PRF - Taveira Jr<\/title>\n<meta name=\"robots\" content=\"index, follow, max-snippet:-1, max-image-preview:large, max-video-preview:-1\" \/>\n<link rel=\"canonical\" href=\"https:\/\/deputadotaveirajr.com.br\/index.php\/feriado-de-natal-numero-de-mortos-nas-rodovias-federais-no-rn-e-7-vezes-maior-em-2024-diz-prf\/\" \/>\n<meta property=\"og:locale\" content=\"pt_BR\" \/>\n<meta property=\"og:type\" content=\"article\" \/>\n<meta property=\"og:title\" content=\"Feriado de Natal: n\u00famero de mortos nas rodovias federais no RN \u00e9 7 vezes maior em 2024, diz PRF - Taveira Jr\" \/>\n<meta property=\"og:description\" content=\"N\u00famero de pessoas feridas e de acidentes tamb\u00e9m cresceu no comparativo com o mesmo per\u00edodo de 2023. 5 pessoas morreram em acidentes de tr\u00e2nsito no fim de semana O feriad\u00e3o ...\" \/>\n<meta property=\"og:url\" content=\"https:\/\/deputadotaveirajr.com.br\/index.php\/feriado-de-natal-numero-de-mortos-nas-rodovias-federais-no-rn-e-7-vezes-maior-em-2024-diz-prf\/\" \/>\n<meta property=\"og:site_name\" content=\"Taveira Jr\" \/>\n<meta property=\"og:image\" content=\"https:\/\/s2-g1.glbimg.com\/-ybk1VAkgt_Pfo12QdJ8-ETKxy0=\/i.s3.glbimg.com\/v1\/AUTH_59edd422c0c84a879bd37670ae4f538a\/internal_photos\/bs\/2024\/0\/v\/AWavAPST2tBEMkMAYR2Q\/whatsapp-image-2024-12-22-at-10.23.37.jpeg\" \/>\n<meta name=\"twitter:card\" content=\"summary_large_image\" \/>\n<meta name=\"twitter:label1\" content=\"Est. tempo de leitura\" \/>\n\t<meta name=\"twitter:data1\" content=\"2 minutos\" \/>\n<script type=\"application\/ld+json\" class=\"yoast-schema-graph\">{\"@context\":\"https:\/\/schema.org\",\"@graph\":[{\"@type\":\"WebPage\",\"@id\":\"https:\/\/deputadotaveirajr.com.br\/index.php\/feriado-de-natal-numero-de-mortos-nas-rodovias-federais-no-rn-e-7-vezes-maior-em-2024-diz-prf\/\",\"url\":\"https:\/\/deputadotaveirajr.com.br\/index.php\/feriado-de-natal-numero-de-mortos-nas-rodovias-federais-no-rn-e-7-vezes-maior-em-2024-diz-prf\/\",\"name\":\"Feriado de Natal: n\u00famero de mortos nas rodovias federais no RN \u00e9 7 vezes maior em 2024, diz PRF - Taveira Jr\",\"isPartOf\":{\"@id\":\"https:\/\/deputadotaveirajr.com.br\/#website\"},\"primaryImageOfPage\":{\"@id\":\"https:\/\/deputadotaveirajr.com.br\/index.php\/feriado-de-natal-numero-de-mortos-nas-rodovias-federais-no-rn-e-7-vezes-maior-em-2024-diz-prf\/#primaryimage\"},\"image\":{\"@id\":\"https:\/\/deputadotaveirajr.com.br\/index.php\/feriado-de-natal-numero-de-mortos-nas-rodovias-federais-no-rn-e-7-vezes-maior-em-2024-diz-prf\/#primaryimage\"},\"thumbnailUrl\":\"https:\/\/deputadotaveirajr.com.br\/wp-content\/uploads\/2024\/12\/whatsapp-image-2024-12-22-at-10.23.37-DqiraG.jpeg\",\"datePublished\":\"2024-12-26T20:28:36+00:00\",\"breadcrumb\":{\"@id\":\"https:\/\/deputadotaveirajr.com.br\/index.php\/feriado-de-natal-numero-de-mortos-nas-rodovias-federais-no-rn-e-7-vezes-maior-em-2024-diz-prf\/#breadcrumb\"},\"inLanguage\":\"pt-BR\",\"potentialAction\":[{\"@type\":\"ReadAction\",\"target\":[\"https:\/\/deputadotaveirajr.com.br\/index.php\/feriado-de-natal-numero-de-mortos-nas-rodovias-federais-no-rn-e-7-vezes-maior-em-2024-diz-prf\/\"]}]},{\"@type\":\"ImageObject\",\"inLanguage\":\"pt-BR\",\"@id\":\"https:\/\/deputadotaveirajr.com.br\/index.php\/feriado-de-natal-numero-de-mortos-nas-rodovias-federais-no-rn-e-7-vezes-maior-em-2024-diz-prf\/#primaryimage\",\"url\":\"https:\/\/deputadotaveirajr.com.br\/wp-content\/uploads\/2024\/12\/whatsapp-image-2024-12-22-at-10.23.37-DqiraG.jpeg\",\"contentUrl\":\"https:\/\/deputadotaveirajr.com.br\/wp-content\/uploads\/2024\/12\/whatsapp-image-2024-12-22-at-10.23.37-DqiraG.jpeg\",\"width\":1280,\"height\":720},{\"@type\":\"BreadcrumbList\",\"@id\":\"https:\/\/deputadotaveirajr.com.br\/index.php\/feriado-de-natal-numero-de-mortos-nas-rodovias-federais-no-rn-e-7-vezes-maior-em-2024-diz-prf\/#breadcrumb\",\"itemListElement\":[{\"@type\":\"ListItem\",\"position\":1,\"name\":\"In\u00edcio\",\"item\":\"https:\/\/deputadotaveirajr.com.br\/\"},{\"@type\":\"ListItem\",\"position\":2,\"name\":\"Feriado de Natal: n\u00famero de mortos nas rodovias federais no RN \u00e9 7 vezes maior em 2024, diz PRF\"}]},{\"@type\":\"WebSite\",\"@id\":\"https:\/\/deputadotaveirajr.com.br\/#website\",\"url\":\"https:\/\/deputadotaveirajr.com.br\/\",\"name\":\"Taveira Jr\",\"description\":\"Deputado Estadual\",\"publisher\":{\"@id\":\"https:\/\/deputadotaveirajr.com.br\/#organization\"},\"potentialAction\":[{\"@type\":\"SearchAction\",\"target\":{\"@type\":\"EntryPoint\",\"urlTemplate\":\"https:\/\/deputadotaveirajr.com.br\/?s={search_term_string}\"},\"query-input\":{\"@type\":\"PropertyValueSpecification\",\"valueRequired\":true,\"valueName\":\"search_term_string\"}}],\"inLanguage\":\"pt-BR\"},{\"@type\":\"Organization\",\"@id\":\"https:\/\/deputadotaveirajr.com.br\/#organization\",\"name\":\"Taveira Jr\",\"url\":\"https:\/\/deputadotaveirajr.com.br\/\",\"logo\":{\"@type\":\"ImageObject\",\"inLanguage\":\"pt-BR\",\"@id\":\"https:\/\/deputadotaveirajr.com.br\/#\/schema\/logo\/image\/\",\"url\":\"https:\/\/deputadotaveirajr.com.br\/wp-content\/uploads\/2026\/01\/logolow2a.png\",\"contentUrl\":\"https:\/\/deputadotaveirajr.com.br\/wp-content\/uploads\/2026\/01\/logolow2a.png\",\"width\":290,\"height\":80,\"caption\":\"Taveira Jr\"},\"image\":{\"@id\":\"https:\/\/deputadotaveirajr.com.br\/#\/schema\/logo\/image\/\"}}]}<\/script>\n<!-- \/ Yoast SEO plugin. -->","yoast_head_json":{"title":"Feriado de Natal: n\u00famero de mortos nas rodovias federais no RN \u00e9 7 vezes maior em 2024, diz PRF - Taveira Jr","robots":{"index":"index","follow":"follow","max-snippet":"max-snippet:-1","max-image-preview":"max-image-preview:large","max-video-preview":"max-video-preview:-1"},"canonical":"https:\/\/deputadotaveirajr.com.br\/index.php\/feriado-de-natal-numero-de-mortos-nas-rodovias-federais-no-rn-e-7-vezes-maior-em-2024-diz-prf\/","og_locale":"pt_BR","og_type":"article","og_title":"Feriado de Natal: n\u00famero de mortos nas rodovias federais no RN \u00e9 7 vezes maior em 2024, diz PRF - Taveira Jr","og_description":"N\u00famero de pessoas feridas e de acidentes tamb\u00e9m cresceu no comparativo com o mesmo per\u00edodo de 2023. 5 pessoas morreram em acidentes de tr\u00e2nsito no fim de semana O feriad\u00e3o ...","og_url":"https:\/\/deputadotaveirajr.com.br\/index.php\/feriado-de-natal-numero-de-mortos-nas-rodovias-federais-no-rn-e-7-vezes-maior-em-2024-diz-prf\/","og_site_name":"Taveira Jr","og_image":[{"url":"https:\/\/s2-g1.glbimg.com\/-ybk1VAkgt_Pfo12QdJ8-ETKxy0=\/i.s3.glbimg.com\/v1\/AUTH_59edd422c0c84a879bd37670ae4f538a\/internal_photos\/bs\/2024\/0\/v\/AWavAPST2tBEMkMAYR2Q\/whatsapp-image-2024-12-22-at-10.23.37.jpeg","type":"","width":"","height":""}],"twitter_card":"summary_large_image","twitter_misc":{"Est. tempo de leitura":"2 minutos"},"schema":{"@context":"https:\/\/schema.org","@graph":[{"@type":"WebPage","@id":"https:\/\/deputadotaveirajr.com.br\/index.php\/feriado-de-natal-numero-de-mortos-nas-rodovias-federais-no-rn-e-7-vezes-maior-em-2024-diz-prf\/","url":"https:\/\/deputadotaveirajr.com.br\/index.php\/feriado-de-natal-numero-de-mortos-nas-rodovias-federais-no-rn-e-7-vezes-maior-em-2024-diz-prf\/","name":"Feriado de Natal: n\u00famero de mortos nas rodovias federais no RN \u00e9 7 vezes maior em 2024, diz PRF - Taveira Jr","isPartOf":{"@id":"https:\/\/deputadotaveirajr.com.br\/#website"},"primaryImageOfPage":{"@id":"https:\/\/deputadotaveirajr.com.br\/index.php\/feriado-de-natal-numero-de-mortos-nas-rodovias-federais-no-rn-e-7-vezes-maior-em-2024-diz-prf\/#primaryimage"},"image":{"@id":"https:\/\/deputadotaveirajr.com.br\/index.php\/feriado-de-natal-numero-de-mortos-nas-rodovias-federais-no-rn-e-7-vezes-maior-em-2024-diz-prf\/#primaryimage"},"thumbnailUrl":"https:\/\/deputadotaveirajr.com.br\/wp-content\/uploads\/2024\/12\/whatsapp-image-2024-12-22-at-10.23.37-DqiraG.jpeg","datePublished":"2024-12-26T20:28:36+00:00","breadcrumb":{"@id":"https:\/\/deputadotaveirajr.com.br\/index.php\/feriado-de-natal-numero-de-mortos-nas-rodovias-federais-no-rn-e-7-vezes-maior-em-2024-diz-prf\/#breadcrumb"},"inLanguage":"pt-BR","potentialAction":[{"@type":"ReadAction","target":["https:\/\/deputadotaveirajr.com.br\/index.php\/feriado-de-natal-numero-de-mortos-nas-rodovias-federais-no-rn-e-7-vezes-maior-em-2024-diz-prf\/"]}]},{"@type":"ImageObject","inLanguage":"pt-BR","@id":"https:\/\/deputadotaveirajr.com.br\/index.php\/feriado-de-natal-numero-de-mortos-nas-rodovias-federais-no-rn-e-7-vezes-maior-em-2024-diz-prf\/#primaryimage","url":"https:\/\/deputadotaveirajr.com.br\/wp-content\/uploads\/2024\/12\/whatsapp-image-2024-12-22-at-10.23.37-DqiraG.jpeg","contentUrl":"https:\/\/deputadotaveirajr.com.br\/wp-content\/uploads\/2024\/12\/whatsapp-image-2024-12-22-at-10.23.37-DqiraG.jpeg","width":1280,"height":720},{"@type":"BreadcrumbList","@id":"https:\/\/deputadotaveirajr.com.br\/index.php\/feriado-de-natal-numero-de-mortos-nas-rodovias-federais-no-rn-e-7-vezes-maior-em-2024-diz-prf\/#breadcrumb","itemListElement":[{"@type":"ListItem","position":1,"name":"In\u00edcio","item":"https:\/\/deputadotaveirajr.com.br\/"},{"@type":"ListItem","position":2,"name":"Feriado de Natal: n\u00famero de mortos nas rodovias federais no RN \u00e9 7 vezes maior em 2024, diz PRF"}]},{"@type":"WebSite","@id":"https:\/\/deputadotaveirajr.com.br\/#website","url":"https:\/\/deputadotaveirajr.com.br\/","name":"Taveira Jr","description":"Deputado Estadual","publisher":{"@id":"https:\/\/deputadotaveirajr.com.br\/#organization"},"potentialAction":[{"@type":"SearchAction","target":{"@type":"EntryPoint","urlTemplate":"https:\/\/deputadotaveirajr.com.br\/?s={search_term_string}"},"query-input":{"@type":"PropertyValueSpecification","valueRequired":true,"valueName":"search_term_string"}}],"inLanguage":"pt-BR"},{"@type":"Organization","@id":"https:\/\/deputadotaveirajr.com.br\/#organization","name":"Taveira Jr","url":"https:\/\/deputadotaveirajr.com.br\/","logo":{"@type":"ImageObject","inLanguage":"pt-BR","@id":"https:\/\/deputadotaveirajr.com.br\/#\/schema\/logo\/image\/","url":"https:\/\/deputadotaveirajr.com.br\/wp-content\/uploads\/2026\/01\/logolow2a.png","contentUrl":"https:\/\/deputadotaveirajr.com.br\/wp-content\/uploads\/2026\/01\/logolow2a.png","width":290,"height":80,"caption":"Taveira Jr"},"image":{"@id":"https:\/\/deputadotaveirajr.com.br\/#\/schema\/logo\/image\/"}}]}},"_links":{"self":[{"href":"https:\/\/deputadotaveirajr.com.br\/index.php\/wp-json\/wp\/v2\/pages\/11884","targetHints":{"allow":["GET"]}}],"collection":[{"href":"https:\/\/deputadotaveirajr.com.br\/index.php\/wp-json\/wp\/v2\/pages"}],"about":[{"href":"https:\/\/deputadotaveirajr.com.br\/index.php\/wp-json\/wp\/v2\/types\/page"}],"replies":[{"embeddable":true,"href":"https:\/\/deputadotaveirajr.com.br\/index.php\/wp-json\/wp\/v2\/comments?post=11884"}],"version-history":[{"count":0,"href":"https:\/\/deputadotaveirajr.com.br\/index.php\/wp-json\/wp\/v2\/pages\/11884\/revisions"}],"wp:featuredmedia":[{"embeddable":true,"href":"https:\/\/deputadotaveirajr.com.br\/index.php\/wp-json\/wp\/v2\/media\/11885"}],"wp:attachment":[{"href":"https:\/\/deputadotaveirajr.com.br\/index.php\/wp-json\/wp\/v2\/media?parent=11884"}],"curies":[{"name":"wp","href":"https:\/\/api.w.org\/{rel}","templated":true}]}}