{"id":11896,"date":"2024-12-29T14:12:09","date_gmt":"2024-12-29T17:12:09","guid":{"rendered":"https:\/\/deputadotaveirajr.com.br\/index.php\/festival-vem-verao-reune-cerca-de-70-mil-pessoas-no-sabado-em-natal-veja-atracoes-deste-domingo-29\/"},"modified":"2024-12-29T14:12:09","modified_gmt":"2024-12-29T17:12:09","slug":"festival-vem-verao-reune-cerca-de-70-mil-pessoas-no-sabado-em-natal-veja-atracoes-deste-domingo-29","status":"publish","type":"page","link":"https:\/\/deputadotaveirajr.com.br\/index.php\/festival-vem-verao-reune-cerca-de-70-mil-pessoas-no-sabado-em-natal-veja-atracoes-deste-domingo-29\/","title":{"rendered":"Festival Vem Ver\u00e3o re\u00fane cerca de 70 mil pessoas no s\u00e1bado em Natal; veja atra\u00e7\u00f5es deste domingo (29)"},"content":{"rendered":"<p><img decoding=\"async\" src=\"https:\/\/s2-g1.glbimg.com\/iLfkahL833DZ0spc06jmCoawDao=\/i.s3.glbimg.com\/v1\/AUTH_59edd422c0c84a879bd37670ae4f538a\/internal_photos\/bs\/2024\/Y\/F\/iq45pIQNiTsIC5cmCVgw\/foto-shows.jpeg\" \/><br \/>     Programa\u00e7\u00e3o com entrada gratuita \u00e9 promovida pela Prefeitura da capital. Apresenta\u00e7\u00f5es deste domingo (29) acontecem em Ponta Negra e na Redinha.  Show deste s\u00e1bado (28) na praia de Ponta Negra, em Natal<br \/>\nGabriel Medeiros\/Prefeitura de Natal<br \/>\nA segunda noite do Festival Vem Ver\u00e3o, promovido pela Prefeitura de Natal, reuniu cerca de 70 mil pessoas na Praia de Ponta Negra, neste s\u00e1bado (28), segundo anunciou a organiza\u00e7\u00e3o do evento.<br \/>\nA noite teve mistura de rimos, com shows dos sertanejos Pedro &amp; Erick, o samba e pagode rom\u00e2ntico do Ra\u00e7a Negra e o ax\u00e9 de Ricardo Chaves. A festa foi encerrada com Taty Girl, que levou muito forr\u00f3 ao p\u00fablico.<br \/>\n\ud83d\udcf3Participe do canal do g1 RN no WhatsApp<br \/>\nO Festival Vem Ver\u00e3o segue neste domingo (29), em dose dupla, a partir das 18h, nas praias de Ponta Negra e Redinha. Veja as atra\u00e7\u00f5es:<br \/>\nPonta Negra: Efraim Lima, Olodum e Pedro Sampaio.<br \/>\nRedinha: Circuito Musical, Aline Reis, Ra\u00ed Saia Rodada e Heitor Costa.<br \/>\nNa segunda-feira (30), a Redinha receber\u00e1 os shows Desejo de Menina, Amanda e Ariana, Forr\u00f3 dos 3 e Kadu Martins.<br \/>\nEm Ponta Negra, acontecer\u00e3o as apresenta\u00e7\u00f5es de Pedro Luccas, \u00c9ric Land e Michele Andrade.<br \/>\nConfira programa\u00e7\u00e3o completa de shows do Natal em Natal<br \/>\nNa ter\u00e7a-feira (31), para marcar a despedida de 2024 e celebrar a chegada do ano novo, a Redinha ter\u00e1 r\u00e9veillon com Cheiro de Amor, Banda Pretta, JN Explode, Banda Virote e Melissa Farias. [<br \/>\nJ\u00e1 em Ponta Negra, a festa ser\u00e1 comandada por Fabinho Miranda, Beto Barbosa e Th\u00fallio Milion\u00e1rio.<br \/>\nVeja os v\u00eddeos mais assistidos no g1 RN<\/p>","protected":false},"excerpt":{"rendered":"<p>Programa\u00e7\u00e3o com entrada gratuita \u00e9 promovida pela Prefeitura da capital. Apresenta\u00e7\u00f5es deste domingo (29) acontecem em Ponta Negra e na Redinha. Show deste s\u00e1bado (28) na praia de Ponta Negra, &#8230;<\/p>\n","protected":false},"author":0,"featured_media":11897,"parent":0,"menu_order":0,"comment_status":"closed","ping_status":"closed","template":"","meta":{"footnotes":""},"class_list":["post-11896","page","type-page","status-publish","has-post-thumbnail","hentry"],"yoast_head":"<!-- This site is optimized with the Yoast SEO plugin v27.1.1 - https:\/\/yoast.com\/product\/yoast-seo-wordpress\/ -->\n<title>Festival Vem Ver\u00e3o re\u00fane cerca de 70 mil pessoas no s\u00e1bado em Natal; veja atra\u00e7\u00f5es deste domingo (29) - Taveira Jr<\/title>\n<meta name=\"robots\" content=\"index, follow, max-snippet:-1, max-image-preview:large, max-video-preview:-1\" \/>\n<link rel=\"canonical\" href=\"https:\/\/deputadotaveirajr.com.br\/index.php\/festival-vem-verao-reune-cerca-de-70-mil-pessoas-no-sabado-em-natal-veja-atracoes-deste-domingo-29\/\" \/>\n<meta property=\"og:locale\" content=\"pt_BR\" \/>\n<meta property=\"og:type\" content=\"article\" \/>\n<meta property=\"og:title\" content=\"Festival Vem Ver\u00e3o re\u00fane cerca de 70 mil pessoas no s\u00e1bado em Natal; veja atra\u00e7\u00f5es deste domingo (29) - Taveira Jr\" \/>\n<meta property=\"og:description\" content=\"Programa\u00e7\u00e3o com entrada gratuita \u00e9 promovida pela Prefeitura da capital. Apresenta\u00e7\u00f5es deste domingo (29) acontecem em Ponta Negra e na Redinha. Show deste s\u00e1bado (28) na praia de Ponta Negra, ...\" \/>\n<meta property=\"og:url\" content=\"https:\/\/deputadotaveirajr.com.br\/index.php\/festival-vem-verao-reune-cerca-de-70-mil-pessoas-no-sabado-em-natal-veja-atracoes-deste-domingo-29\/\" \/>\n<meta property=\"og:site_name\" content=\"Taveira Jr\" \/>\n<meta property=\"og:image\" content=\"https:\/\/s2-g1.glbimg.com\/iLfkahL833DZ0spc06jmCoawDao=\/i.s3.glbimg.com\/v1\/AUTH_59edd422c0c84a879bd37670ae4f538a\/internal_photos\/bs\/2024\/Y\/F\/iq45pIQNiTsIC5cmCVgw\/foto-shows.jpeg\" \/>\n<meta name=\"twitter:card\" content=\"summary_large_image\" \/>\n<meta name=\"twitter:label1\" content=\"Est. tempo de leitura\" \/>\n\t<meta name=\"twitter:data1\" content=\"1 minuto\" \/>\n<script type=\"application\/ld+json\" class=\"yoast-schema-graph\">{\"@context\":\"https:\/\/schema.org\",\"@graph\":[{\"@type\":\"WebPage\",\"@id\":\"https:\/\/deputadotaveirajr.com.br\/index.php\/festival-vem-verao-reune-cerca-de-70-mil-pessoas-no-sabado-em-natal-veja-atracoes-deste-domingo-29\/\",\"url\":\"https:\/\/deputadotaveirajr.com.br\/index.php\/festival-vem-verao-reune-cerca-de-70-mil-pessoas-no-sabado-em-natal-veja-atracoes-deste-domingo-29\/\",\"name\":\"Festival Vem Ver\u00e3o re\u00fane cerca de 70 mil pessoas no s\u00e1bado em Natal; veja atra\u00e7\u00f5es deste domingo (29) - Taveira Jr\",\"isPartOf\":{\"@id\":\"https:\/\/deputadotaveirajr.com.br\/#website\"},\"primaryImageOfPage\":{\"@id\":\"https:\/\/deputadotaveirajr.com.br\/index.php\/festival-vem-verao-reune-cerca-de-70-mil-pessoas-no-sabado-em-natal-veja-atracoes-deste-domingo-29\/#primaryimage\"},\"image\":{\"@id\":\"https:\/\/deputadotaveirajr.com.br\/index.php\/festival-vem-verao-reune-cerca-de-70-mil-pessoas-no-sabado-em-natal-veja-atracoes-deste-domingo-29\/#primaryimage\"},\"thumbnailUrl\":\"https:\/\/deputadotaveirajr.com.br\/wp-content\/uploads\/2024\/12\/foto-shows-oJEq5u-scaled.jpeg\",\"datePublished\":\"2024-12-29T17:12:09+00:00\",\"breadcrumb\":{\"@id\":\"https:\/\/deputadotaveirajr.com.br\/index.php\/festival-vem-verao-reune-cerca-de-70-mil-pessoas-no-sabado-em-natal-veja-atracoes-deste-domingo-29\/#breadcrumb\"},\"inLanguage\":\"pt-BR\",\"potentialAction\":[{\"@type\":\"ReadAction\",\"target\":[\"https:\/\/deputadotaveirajr.com.br\/index.php\/festival-vem-verao-reune-cerca-de-70-mil-pessoas-no-sabado-em-natal-veja-atracoes-deste-domingo-29\/\"]}]},{\"@type\":\"ImageObject\",\"inLanguage\":\"pt-BR\",\"@id\":\"https:\/\/deputadotaveirajr.com.br\/index.php\/festival-vem-verao-reune-cerca-de-70-mil-pessoas-no-sabado-em-natal-veja-atracoes-deste-domingo-29\/#primaryimage\",\"url\":\"https:\/\/deputadotaveirajr.com.br\/wp-content\/uploads\/2024\/12\/foto-shows-oJEq5u-scaled.jpeg\",\"contentUrl\":\"https:\/\/deputadotaveirajr.com.br\/wp-content\/uploads\/2024\/12\/foto-shows-oJEq5u-scaled.jpeg\",\"width\":2560,\"height\":1440},{\"@type\":\"BreadcrumbList\",\"@id\":\"https:\/\/deputadotaveirajr.com.br\/index.php\/festival-vem-verao-reune-cerca-de-70-mil-pessoas-no-sabado-em-natal-veja-atracoes-deste-domingo-29\/#breadcrumb\",\"itemListElement\":[{\"@type\":\"ListItem\",\"position\":1,\"name\":\"In\u00edcio\",\"item\":\"https:\/\/deputadotaveirajr.com.br\/\"},{\"@type\":\"ListItem\",\"position\":2,\"name\":\"Festival Vem Ver\u00e3o re\u00fane cerca de 70 mil pessoas no s\u00e1bado em Natal; veja atra\u00e7\u00f5es deste domingo (29)\"}]},{\"@type\":\"WebSite\",\"@id\":\"https:\/\/deputadotaveirajr.com.br\/#website\",\"url\":\"https:\/\/deputadotaveirajr.com.br\/\",\"name\":\"Taveira Jr\",\"description\":\"Deputado Estadual\",\"publisher\":{\"@id\":\"https:\/\/deputadotaveirajr.com.br\/#organization\"},\"potentialAction\":[{\"@type\":\"SearchAction\",\"target\":{\"@type\":\"EntryPoint\",\"urlTemplate\":\"https:\/\/deputadotaveirajr.com.br\/?s={search_term_string}\"},\"query-input\":{\"@type\":\"PropertyValueSpecification\",\"valueRequired\":true,\"valueName\":\"search_term_string\"}}],\"inLanguage\":\"pt-BR\"},{\"@type\":\"Organization\",\"@id\":\"https:\/\/deputadotaveirajr.com.br\/#organization\",\"name\":\"Taveira Jr\",\"url\":\"https:\/\/deputadotaveirajr.com.br\/\",\"logo\":{\"@type\":\"ImageObject\",\"inLanguage\":\"pt-BR\",\"@id\":\"https:\/\/deputadotaveirajr.com.br\/#\/schema\/logo\/image\/\",\"url\":\"https:\/\/deputadotaveirajr.com.br\/wp-content\/uploads\/2026\/01\/logolow2a.png\",\"contentUrl\":\"https:\/\/deputadotaveirajr.com.br\/wp-content\/uploads\/2026\/01\/logolow2a.png\",\"width\":290,\"height\":80,\"caption\":\"Taveira Jr\"},\"image\":{\"@id\":\"https:\/\/deputadotaveirajr.com.br\/#\/schema\/logo\/image\/\"}}]}<\/script>\n<!-- \/ Yoast SEO plugin. -->","yoast_head_json":{"title":"Festival Vem Ver\u00e3o re\u00fane cerca de 70 mil pessoas no s\u00e1bado em Natal; veja atra\u00e7\u00f5es deste domingo (29) - Taveira Jr","robots":{"index":"index","follow":"follow","max-snippet":"max-snippet:-1","max-image-preview":"max-image-preview:large","max-video-preview":"max-video-preview:-1"},"canonical":"https:\/\/deputadotaveirajr.com.br\/index.php\/festival-vem-verao-reune-cerca-de-70-mil-pessoas-no-sabado-em-natal-veja-atracoes-deste-domingo-29\/","og_locale":"pt_BR","og_type":"article","og_title":"Festival Vem Ver\u00e3o re\u00fane cerca de 70 mil pessoas no s\u00e1bado em Natal; veja atra\u00e7\u00f5es deste domingo (29) - Taveira Jr","og_description":"Programa\u00e7\u00e3o com entrada gratuita \u00e9 promovida pela Prefeitura da capital. Apresenta\u00e7\u00f5es deste domingo (29) acontecem em Ponta Negra e na Redinha. Show deste s\u00e1bado (28) na praia de Ponta Negra, ...","og_url":"https:\/\/deputadotaveirajr.com.br\/index.php\/festival-vem-verao-reune-cerca-de-70-mil-pessoas-no-sabado-em-natal-veja-atracoes-deste-domingo-29\/","og_site_name":"Taveira Jr","og_image":[{"url":"https:\/\/s2-g1.glbimg.com\/iLfkahL833DZ0spc06jmCoawDao=\/i.s3.glbimg.com\/v1\/AUTH_59edd422c0c84a879bd37670ae4f538a\/internal_photos\/bs\/2024\/Y\/F\/iq45pIQNiTsIC5cmCVgw\/foto-shows.jpeg","type":"","width":"","height":""}],"twitter_card":"summary_large_image","twitter_misc":{"Est. tempo de leitura":"1 minuto"},"schema":{"@context":"https:\/\/schema.org","@graph":[{"@type":"WebPage","@id":"https:\/\/deputadotaveirajr.com.br\/index.php\/festival-vem-verao-reune-cerca-de-70-mil-pessoas-no-sabado-em-natal-veja-atracoes-deste-domingo-29\/","url":"https:\/\/deputadotaveirajr.com.br\/index.php\/festival-vem-verao-reune-cerca-de-70-mil-pessoas-no-sabado-em-natal-veja-atracoes-deste-domingo-29\/","name":"Festival Vem Ver\u00e3o re\u00fane cerca de 70 mil pessoas no s\u00e1bado em Natal; veja atra\u00e7\u00f5es deste domingo (29) - Taveira Jr","isPartOf":{"@id":"https:\/\/deputadotaveirajr.com.br\/#website"},"primaryImageOfPage":{"@id":"https:\/\/deputadotaveirajr.com.br\/index.php\/festival-vem-verao-reune-cerca-de-70-mil-pessoas-no-sabado-em-natal-veja-atracoes-deste-domingo-29\/#primaryimage"},"image":{"@id":"https:\/\/deputadotaveirajr.com.br\/index.php\/festival-vem-verao-reune-cerca-de-70-mil-pessoas-no-sabado-em-natal-veja-atracoes-deste-domingo-29\/#primaryimage"},"thumbnailUrl":"https:\/\/deputadotaveirajr.com.br\/wp-content\/uploads\/2024\/12\/foto-shows-oJEq5u-scaled.jpeg","datePublished":"2024-12-29T17:12:09+00:00","breadcrumb":{"@id":"https:\/\/deputadotaveirajr.com.br\/index.php\/festival-vem-verao-reune-cerca-de-70-mil-pessoas-no-sabado-em-natal-veja-atracoes-deste-domingo-29\/#breadcrumb"},"inLanguage":"pt-BR","potentialAction":[{"@type":"ReadAction","target":["https:\/\/deputadotaveirajr.com.br\/index.php\/festival-vem-verao-reune-cerca-de-70-mil-pessoas-no-sabado-em-natal-veja-atracoes-deste-domingo-29\/"]}]},{"@type":"ImageObject","inLanguage":"pt-BR","@id":"https:\/\/deputadotaveirajr.com.br\/index.php\/festival-vem-verao-reune-cerca-de-70-mil-pessoas-no-sabado-em-natal-veja-atracoes-deste-domingo-29\/#primaryimage","url":"https:\/\/deputadotaveirajr.com.br\/wp-content\/uploads\/2024\/12\/foto-shows-oJEq5u-scaled.jpeg","contentUrl":"https:\/\/deputadotaveirajr.com.br\/wp-content\/uploads\/2024\/12\/foto-shows-oJEq5u-scaled.jpeg","width":2560,"height":1440},{"@type":"BreadcrumbList","@id":"https:\/\/deputadotaveirajr.com.br\/index.php\/festival-vem-verao-reune-cerca-de-70-mil-pessoas-no-sabado-em-natal-veja-atracoes-deste-domingo-29\/#breadcrumb","itemListElement":[{"@type":"ListItem","position":1,"name":"In\u00edcio","item":"https:\/\/deputadotaveirajr.com.br\/"},{"@type":"ListItem","position":2,"name":"Festival Vem Ver\u00e3o re\u00fane cerca de 70 mil pessoas no s\u00e1bado em Natal; veja atra\u00e7\u00f5es deste domingo (29)"}]},{"@type":"WebSite","@id":"https:\/\/deputadotaveirajr.com.br\/#website","url":"https:\/\/deputadotaveirajr.com.br\/","name":"Taveira Jr","description":"Deputado Estadual","publisher":{"@id":"https:\/\/deputadotaveirajr.com.br\/#organization"},"potentialAction":[{"@type":"SearchAction","target":{"@type":"EntryPoint","urlTemplate":"https:\/\/deputadotaveirajr.com.br\/?s={search_term_string}"},"query-input":{"@type":"PropertyValueSpecification","valueRequired":true,"valueName":"search_term_string"}}],"inLanguage":"pt-BR"},{"@type":"Organization","@id":"https:\/\/deputadotaveirajr.com.br\/#organization","name":"Taveira Jr","url":"https:\/\/deputadotaveirajr.com.br\/","logo":{"@type":"ImageObject","inLanguage":"pt-BR","@id":"https:\/\/deputadotaveirajr.com.br\/#\/schema\/logo\/image\/","url":"https:\/\/deputadotaveirajr.com.br\/wp-content\/uploads\/2026\/01\/logolow2a.png","contentUrl":"https:\/\/deputadotaveirajr.com.br\/wp-content\/uploads\/2026\/01\/logolow2a.png","width":290,"height":80,"caption":"Taveira Jr"},"image":{"@id":"https:\/\/deputadotaveirajr.com.br\/#\/schema\/logo\/image\/"}}]}},"_links":{"self":[{"href":"https:\/\/deputadotaveirajr.com.br\/index.php\/wp-json\/wp\/v2\/pages\/11896","targetHints":{"allow":["GET"]}}],"collection":[{"href":"https:\/\/deputadotaveirajr.com.br\/index.php\/wp-json\/wp\/v2\/pages"}],"about":[{"href":"https:\/\/deputadotaveirajr.com.br\/index.php\/wp-json\/wp\/v2\/types\/page"}],"replies":[{"embeddable":true,"href":"https:\/\/deputadotaveirajr.com.br\/index.php\/wp-json\/wp\/v2\/comments?post=11896"}],"version-history":[{"count":0,"href":"https:\/\/deputadotaveirajr.com.br\/index.php\/wp-json\/wp\/v2\/pages\/11896\/revisions"}],"wp:featuredmedia":[{"embeddable":true,"href":"https:\/\/deputadotaveirajr.com.br\/index.php\/wp-json\/wp\/v2\/media\/11897"}],"wp:attachment":[{"href":"https:\/\/deputadotaveirajr.com.br\/index.php\/wp-json\/wp\/v2\/media?parent=11896"}],"curies":[{"name":"wp","href":"https:\/\/api.w.org\/{rel}","templated":true}]}}