{"id":11904,"date":"2024-12-28T12:36:48","date_gmt":"2024-12-28T15:36:48","guid":{"rendered":"https:\/\/deputadotaveirajr.com.br\/index.php\/litoral-da-grande-natal-tem-5-pontos-improprios-para-banho-na-ultima-semana-do-ano\/"},"modified":"2024-12-28T12:36:48","modified_gmt":"2024-12-28T15:36:48","slug":"litoral-da-grande-natal-tem-5-pontos-improprios-para-banho-na-ultima-semana-do-ano","status":"publish","type":"page","link":"https:\/\/deputadotaveirajr.com.br\/index.php\/litoral-da-grande-natal-tem-5-pontos-improprios-para-banho-na-ultima-semana-do-ano\/","title":{"rendered":"Litoral da Grande Natal tem 5 pontos impr\u00f3prios para banho na \u00faltima semana do ano"},"content":{"rendered":"<p><img decoding=\"async\" src=\"https:\/\/s2-g1.glbimg.com\/E5mm5DYZhRqZ6jrofmswOT4HYMU=\/i.s3.glbimg.com\/v1\/AUTH_59edd422c0c84a879bd37670ae4f538a\/internal_photos\/bs\/2024\/E\/y\/m9IQ24Tb6iNZpTvoh3Aw\/whatsapp-image-2024-12-28-at-12.32.21.jpeg\" \/><br \/>     Informa\u00e7\u00e3o consta no boletim da balneabilidade divulgado nesta sexta (27), que analisa a quantidade de coliformes termotolerantes encontrados nas \u00e1guas. Praia de Ponta Negra, pr\u00f3ximo ao Morro do Careca, \u00e9 uma das impr\u00f3prias para banho<br \/>\nFernanda Zauli\/g1<br \/>\nO litoral da Grande Natal est\u00e1 com cinco trechos impr\u00f3prios para banho na \u00faltima semana do ano, segundo o boletim semanal de balneabilidade do Instituto de Desenvolvimento Sustent\u00e1vel e Meio Ambiente (Idema), divulgado na sexta-feira (27).<br \/>\nO boletim da balneabilidade analisa a quantidade de coliformes termotolerantes encontrados nas \u00e1guas, e a classifica\u00e7\u00e3o se d\u00e1 com base em normas estabelecidas pelo Conselho Nacional do Meio Ambiente (Conama).<br \/>\n\ud83d\udcf3Participe do canal do g1 RN no WhatsApp<br \/>\nVeja os trechos impr\u00f3prios:<br \/>\nN\u00edsia Floresta\/Foz do Rio Pirangi<br \/>\nParnamirim\/Rio Pirangi (Ponte Nova)<br \/>\nRio Pirangi-Pium (Balne\u00e1rio Pium)<br \/>\nNatal\/Ponta Negra (Morro do Careca)<br \/>\nAreia Preta (Escadaria de M\u00e3e Luiza)<br \/>\nA validade do boletim \u00e9 de uma semana, momento em que os trechos ser\u00e3o reavaliados e um novo boletim ser\u00e1 publicado.<br \/>\nAo todo, s\u00e3o analisados 51 trechos de banho que ficam nas cidades de Ba\u00eda Formosa, Tibau do Sul, Natal, Parnamirim, N\u00edsia Floresta, Extremoz, Cear\u00e1-Mirim, Maxaranguape, Touros, Areia Branca, Grossos e Tibau.<br \/>\nProjeto de lei para reconhecer Morro do Careca como patrimo\u0302nio do RN<br \/>\nVeja os v\u00eddeos mais assistidos do g1 RN<\/p>","protected":false},"excerpt":{"rendered":"<p>Informa\u00e7\u00e3o consta no boletim da balneabilidade divulgado nesta sexta (27), que analisa a quantidade de coliformes termotolerantes encontrados nas \u00e1guas. Praia de Ponta Negra, pr\u00f3ximo ao Morro do Careca, \u00e9 &#8230;<\/p>\n","protected":false},"author":0,"featured_media":11905,"parent":0,"menu_order":0,"comment_status":"closed","ping_status":"closed","template":"","meta":{"footnotes":""},"class_list":["post-11904","page","type-page","status-publish","has-post-thumbnail","hentry"],"yoast_head":"<!-- This site is optimized with the Yoast SEO plugin v27.1.1 - https:\/\/yoast.com\/product\/yoast-seo-wordpress\/ -->\n<title>Litoral da Grande Natal tem 5 pontos impr\u00f3prios para banho na \u00faltima semana do ano - Taveira Jr<\/title>\n<meta name=\"robots\" content=\"index, follow, max-snippet:-1, max-image-preview:large, max-video-preview:-1\" \/>\n<link rel=\"canonical\" href=\"https:\/\/deputadotaveirajr.com.br\/index.php\/litoral-da-grande-natal-tem-5-pontos-improprios-para-banho-na-ultima-semana-do-ano\/\" \/>\n<meta property=\"og:locale\" content=\"pt_BR\" \/>\n<meta property=\"og:type\" content=\"article\" \/>\n<meta property=\"og:title\" content=\"Litoral da Grande Natal tem 5 pontos impr\u00f3prios para banho na \u00faltima semana do ano - Taveira Jr\" \/>\n<meta property=\"og:description\" content=\"Informa\u00e7\u00e3o consta no boletim da balneabilidade divulgado nesta sexta (27), que analisa a quantidade de coliformes termotolerantes encontrados nas \u00e1guas. Praia de Ponta Negra, pr\u00f3ximo ao Morro do Careca, \u00e9 ...\" \/>\n<meta property=\"og:url\" content=\"https:\/\/deputadotaveirajr.com.br\/index.php\/litoral-da-grande-natal-tem-5-pontos-improprios-para-banho-na-ultima-semana-do-ano\/\" \/>\n<meta property=\"og:site_name\" content=\"Taveira Jr\" \/>\n<meta property=\"og:image\" content=\"https:\/\/s2-g1.glbimg.com\/E5mm5DYZhRqZ6jrofmswOT4HYMU=\/i.s3.glbimg.com\/v1\/AUTH_59edd422c0c84a879bd37670ae4f538a\/internal_photos\/bs\/2024\/E\/y\/m9IQ24Tb6iNZpTvoh3Aw\/whatsapp-image-2024-12-28-at-12.32.21.jpeg\" \/>\n<meta name=\"twitter:card\" content=\"summary_large_image\" \/>\n<meta name=\"twitter:label1\" content=\"Est. tempo de leitura\" \/>\n\t<meta name=\"twitter:data1\" content=\"1 minuto\" \/>\n<script type=\"application\/ld+json\" class=\"yoast-schema-graph\">{\"@context\":\"https:\/\/schema.org\",\"@graph\":[{\"@type\":\"WebPage\",\"@id\":\"https:\/\/deputadotaveirajr.com.br\/index.php\/litoral-da-grande-natal-tem-5-pontos-improprios-para-banho-na-ultima-semana-do-ano\/\",\"url\":\"https:\/\/deputadotaveirajr.com.br\/index.php\/litoral-da-grande-natal-tem-5-pontos-improprios-para-banho-na-ultima-semana-do-ano\/\",\"name\":\"Litoral da Grande Natal tem 5 pontos impr\u00f3prios para banho na \u00faltima semana do ano - Taveira Jr\",\"isPartOf\":{\"@id\":\"https:\/\/deputadotaveirajr.com.br\/#website\"},\"primaryImageOfPage\":{\"@id\":\"https:\/\/deputadotaveirajr.com.br\/index.php\/litoral-da-grande-natal-tem-5-pontos-improprios-para-banho-na-ultima-semana-do-ano\/#primaryimage\"},\"image\":{\"@id\":\"https:\/\/deputadotaveirajr.com.br\/index.php\/litoral-da-grande-natal-tem-5-pontos-improprios-para-banho-na-ultima-semana-do-ano\/#primaryimage\"},\"thumbnailUrl\":\"https:\/\/deputadotaveirajr.com.br\/wp-content\/uploads\/2024\/12\/whatsapp-image-2024-12-28-at-12.32.21-BuafY5.jpeg\",\"datePublished\":\"2024-12-28T15:36:48+00:00\",\"breadcrumb\":{\"@id\":\"https:\/\/deputadotaveirajr.com.br\/index.php\/litoral-da-grande-natal-tem-5-pontos-improprios-para-banho-na-ultima-semana-do-ano\/#breadcrumb\"},\"inLanguage\":\"pt-BR\",\"potentialAction\":[{\"@type\":\"ReadAction\",\"target\":[\"https:\/\/deputadotaveirajr.com.br\/index.php\/litoral-da-grande-natal-tem-5-pontos-improprios-para-banho-na-ultima-semana-do-ano\/\"]}]},{\"@type\":\"ImageObject\",\"inLanguage\":\"pt-BR\",\"@id\":\"https:\/\/deputadotaveirajr.com.br\/index.php\/litoral-da-grande-natal-tem-5-pontos-improprios-para-banho-na-ultima-semana-do-ano\/#primaryimage\",\"url\":\"https:\/\/deputadotaveirajr.com.br\/wp-content\/uploads\/2024\/12\/whatsapp-image-2024-12-28-at-12.32.21-BuafY5.jpeg\",\"contentUrl\":\"https:\/\/deputadotaveirajr.com.br\/wp-content\/uploads\/2024\/12\/whatsapp-image-2024-12-28-at-12.32.21-BuafY5.jpeg\",\"width\":1599,\"height\":1200},{\"@type\":\"BreadcrumbList\",\"@id\":\"https:\/\/deputadotaveirajr.com.br\/index.php\/litoral-da-grande-natal-tem-5-pontos-improprios-para-banho-na-ultima-semana-do-ano\/#breadcrumb\",\"itemListElement\":[{\"@type\":\"ListItem\",\"position\":1,\"name\":\"In\u00edcio\",\"item\":\"https:\/\/deputadotaveirajr.com.br\/\"},{\"@type\":\"ListItem\",\"position\":2,\"name\":\"Litoral da Grande Natal tem 5 pontos impr\u00f3prios para banho na \u00faltima semana do ano\"}]},{\"@type\":\"WebSite\",\"@id\":\"https:\/\/deputadotaveirajr.com.br\/#website\",\"url\":\"https:\/\/deputadotaveirajr.com.br\/\",\"name\":\"Taveira Jr\",\"description\":\"Deputado Estadual\",\"publisher\":{\"@id\":\"https:\/\/deputadotaveirajr.com.br\/#organization\"},\"potentialAction\":[{\"@type\":\"SearchAction\",\"target\":{\"@type\":\"EntryPoint\",\"urlTemplate\":\"https:\/\/deputadotaveirajr.com.br\/?s={search_term_string}\"},\"query-input\":{\"@type\":\"PropertyValueSpecification\",\"valueRequired\":true,\"valueName\":\"search_term_string\"}}],\"inLanguage\":\"pt-BR\"},{\"@type\":\"Organization\",\"@id\":\"https:\/\/deputadotaveirajr.com.br\/#organization\",\"name\":\"Taveira Jr\",\"url\":\"https:\/\/deputadotaveirajr.com.br\/\",\"logo\":{\"@type\":\"ImageObject\",\"inLanguage\":\"pt-BR\",\"@id\":\"https:\/\/deputadotaveirajr.com.br\/#\/schema\/logo\/image\/\",\"url\":\"https:\/\/deputadotaveirajr.com.br\/wp-content\/uploads\/2026\/01\/logolow2a.png\",\"contentUrl\":\"https:\/\/deputadotaveirajr.com.br\/wp-content\/uploads\/2026\/01\/logolow2a.png\",\"width\":290,\"height\":80,\"caption\":\"Taveira Jr\"},\"image\":{\"@id\":\"https:\/\/deputadotaveirajr.com.br\/#\/schema\/logo\/image\/\"}}]}<\/script>\n<!-- \/ Yoast SEO plugin. -->","yoast_head_json":{"title":"Litoral da Grande Natal tem 5 pontos impr\u00f3prios para banho na \u00faltima semana do ano - Taveira Jr","robots":{"index":"index","follow":"follow","max-snippet":"max-snippet:-1","max-image-preview":"max-image-preview:large","max-video-preview":"max-video-preview:-1"},"canonical":"https:\/\/deputadotaveirajr.com.br\/index.php\/litoral-da-grande-natal-tem-5-pontos-improprios-para-banho-na-ultima-semana-do-ano\/","og_locale":"pt_BR","og_type":"article","og_title":"Litoral da Grande Natal tem 5 pontos impr\u00f3prios para banho na \u00faltima semana do ano - Taveira Jr","og_description":"Informa\u00e7\u00e3o consta no boletim da balneabilidade divulgado nesta sexta (27), que analisa a quantidade de coliformes termotolerantes encontrados nas \u00e1guas. Praia de Ponta Negra, pr\u00f3ximo ao Morro do Careca, \u00e9 ...","og_url":"https:\/\/deputadotaveirajr.com.br\/index.php\/litoral-da-grande-natal-tem-5-pontos-improprios-para-banho-na-ultima-semana-do-ano\/","og_site_name":"Taveira Jr","og_image":[{"url":"https:\/\/s2-g1.glbimg.com\/E5mm5DYZhRqZ6jrofmswOT4HYMU=\/i.s3.glbimg.com\/v1\/AUTH_59edd422c0c84a879bd37670ae4f538a\/internal_photos\/bs\/2024\/E\/y\/m9IQ24Tb6iNZpTvoh3Aw\/whatsapp-image-2024-12-28-at-12.32.21.jpeg","type":"","width":"","height":""}],"twitter_card":"summary_large_image","twitter_misc":{"Est. tempo de leitura":"1 minuto"},"schema":{"@context":"https:\/\/schema.org","@graph":[{"@type":"WebPage","@id":"https:\/\/deputadotaveirajr.com.br\/index.php\/litoral-da-grande-natal-tem-5-pontos-improprios-para-banho-na-ultima-semana-do-ano\/","url":"https:\/\/deputadotaveirajr.com.br\/index.php\/litoral-da-grande-natal-tem-5-pontos-improprios-para-banho-na-ultima-semana-do-ano\/","name":"Litoral da Grande Natal tem 5 pontos impr\u00f3prios para banho na \u00faltima semana do ano - Taveira Jr","isPartOf":{"@id":"https:\/\/deputadotaveirajr.com.br\/#website"},"primaryImageOfPage":{"@id":"https:\/\/deputadotaveirajr.com.br\/index.php\/litoral-da-grande-natal-tem-5-pontos-improprios-para-banho-na-ultima-semana-do-ano\/#primaryimage"},"image":{"@id":"https:\/\/deputadotaveirajr.com.br\/index.php\/litoral-da-grande-natal-tem-5-pontos-improprios-para-banho-na-ultima-semana-do-ano\/#primaryimage"},"thumbnailUrl":"https:\/\/deputadotaveirajr.com.br\/wp-content\/uploads\/2024\/12\/whatsapp-image-2024-12-28-at-12.32.21-BuafY5.jpeg","datePublished":"2024-12-28T15:36:48+00:00","breadcrumb":{"@id":"https:\/\/deputadotaveirajr.com.br\/index.php\/litoral-da-grande-natal-tem-5-pontos-improprios-para-banho-na-ultima-semana-do-ano\/#breadcrumb"},"inLanguage":"pt-BR","potentialAction":[{"@type":"ReadAction","target":["https:\/\/deputadotaveirajr.com.br\/index.php\/litoral-da-grande-natal-tem-5-pontos-improprios-para-banho-na-ultima-semana-do-ano\/"]}]},{"@type":"ImageObject","inLanguage":"pt-BR","@id":"https:\/\/deputadotaveirajr.com.br\/index.php\/litoral-da-grande-natal-tem-5-pontos-improprios-para-banho-na-ultima-semana-do-ano\/#primaryimage","url":"https:\/\/deputadotaveirajr.com.br\/wp-content\/uploads\/2024\/12\/whatsapp-image-2024-12-28-at-12.32.21-BuafY5.jpeg","contentUrl":"https:\/\/deputadotaveirajr.com.br\/wp-content\/uploads\/2024\/12\/whatsapp-image-2024-12-28-at-12.32.21-BuafY5.jpeg","width":1599,"height":1200},{"@type":"BreadcrumbList","@id":"https:\/\/deputadotaveirajr.com.br\/index.php\/litoral-da-grande-natal-tem-5-pontos-improprios-para-banho-na-ultima-semana-do-ano\/#breadcrumb","itemListElement":[{"@type":"ListItem","position":1,"name":"In\u00edcio","item":"https:\/\/deputadotaveirajr.com.br\/"},{"@type":"ListItem","position":2,"name":"Litoral da Grande Natal tem 5 pontos impr\u00f3prios para banho na \u00faltima semana do ano"}]},{"@type":"WebSite","@id":"https:\/\/deputadotaveirajr.com.br\/#website","url":"https:\/\/deputadotaveirajr.com.br\/","name":"Taveira Jr","description":"Deputado Estadual","publisher":{"@id":"https:\/\/deputadotaveirajr.com.br\/#organization"},"potentialAction":[{"@type":"SearchAction","target":{"@type":"EntryPoint","urlTemplate":"https:\/\/deputadotaveirajr.com.br\/?s={search_term_string}"},"query-input":{"@type":"PropertyValueSpecification","valueRequired":true,"valueName":"search_term_string"}}],"inLanguage":"pt-BR"},{"@type":"Organization","@id":"https:\/\/deputadotaveirajr.com.br\/#organization","name":"Taveira Jr","url":"https:\/\/deputadotaveirajr.com.br\/","logo":{"@type":"ImageObject","inLanguage":"pt-BR","@id":"https:\/\/deputadotaveirajr.com.br\/#\/schema\/logo\/image\/","url":"https:\/\/deputadotaveirajr.com.br\/wp-content\/uploads\/2026\/01\/logolow2a.png","contentUrl":"https:\/\/deputadotaveirajr.com.br\/wp-content\/uploads\/2026\/01\/logolow2a.png","width":290,"height":80,"caption":"Taveira Jr"},"image":{"@id":"https:\/\/deputadotaveirajr.com.br\/#\/schema\/logo\/image\/"}}]}},"_links":{"self":[{"href":"https:\/\/deputadotaveirajr.com.br\/index.php\/wp-json\/wp\/v2\/pages\/11904","targetHints":{"allow":["GET"]}}],"collection":[{"href":"https:\/\/deputadotaveirajr.com.br\/index.php\/wp-json\/wp\/v2\/pages"}],"about":[{"href":"https:\/\/deputadotaveirajr.com.br\/index.php\/wp-json\/wp\/v2\/types\/page"}],"replies":[{"embeddable":true,"href":"https:\/\/deputadotaveirajr.com.br\/index.php\/wp-json\/wp\/v2\/comments?post=11904"}],"version-history":[{"count":0,"href":"https:\/\/deputadotaveirajr.com.br\/index.php\/wp-json\/wp\/v2\/pages\/11904\/revisions"}],"wp:featuredmedia":[{"embeddable":true,"href":"https:\/\/deputadotaveirajr.com.br\/index.php\/wp-json\/wp\/v2\/media\/11905"}],"wp:attachment":[{"href":"https:\/\/deputadotaveirajr.com.br\/index.php\/wp-json\/wp\/v2\/media?parent=11904"}],"curies":[{"name":"wp","href":"https:\/\/api.w.org\/{rel}","templated":true}]}}