{"id":11908,"date":"2025-01-01T18:01:16","date_gmt":"2025-01-01T21:01:16","guid":{"rendered":"https:\/\/deputadotaveirajr.com.br\/index.php\/vereadores-de-natal-tomam-posse-dos-cargos-e-elegem-mesa-diretora-eriko-jacome-continua-presidente\/"},"modified":"2025-01-01T18:01:16","modified_gmt":"2025-01-01T21:01:16","slug":"vereadores-de-natal-tomam-posse-dos-cargos-e-elegem-mesa-diretora-eriko-jacome-continua-presidente","status":"publish","type":"page","link":"https:\/\/deputadotaveirajr.com.br\/index.php\/vereadores-de-natal-tomam-posse-dos-cargos-e-elegem-mesa-diretora-eriko-jacome-continua-presidente\/","title":{"rendered":"Vereadores de Natal tomam posse dos cargos e elegem mesa diretora; Eriko J\u00e1come continua presidente"},"content":{"rendered":"<p><img decoding=\"async\" src=\"https:\/\/s2-g1.glbimg.com\/MazLpt_oatktO1cZdHvx6R92eSQ=\/i.s3.glbimg.com\/v1\/AUTH_59edd422c0c84a879bd37670ae4f538a\/internal_photos\/bs\/2025\/5\/f\/SDqiIgRW6vm28tzpSB3g\/whatsapp-image-2025-01-01-at-17.39.54.jpeg\" \/><br \/>     Posse dos parlamentares eleitos em outubro aconteceu na tarde desta quarta-feira (1).  Mesa diretora eleita para a C\u00e2mara Municipal de Natal nesta quarta-feira (1)<br \/>\nB\u00e1rbara Hanna<br \/>\nOs 29 vereadores eleitos em outubro de 2024 em Natal e diplomados em dezembro tomaram posse dos cargos na tarde desta quarta-feira (1), em sess\u00e3o realizada na sede da C\u00e2mara Municipal da capital potiguar.<br \/>\nA primeira reuni\u00e3o do ano foi presidida pelo vereador Subtenente Eliabe (PL), que era o mais velho entre os parlamentares e conduziu a elei\u00e7\u00e3o da mesa diretora para o bi\u00eanio 2025-2026.<br \/>\n\ud83d\udcf3 Participe do canal do g1 RN no WhatsApp<br \/>\nApenas uma chapa foi apresentada, com o vereador Eriko J\u00e1come (PP) como candidato a presidente. Eriko est\u00e1 na presid\u00eancia do Legislativo desde janeiro de 2023.<br \/>\nJ\u00e1come era vice-presidente da mesa ent\u00e3o presidida por Paulinho Freire (Uni\u00e3o Brasil), que deixou o cargo na ocasi\u00e3o para assumir o mandato de deputado federal. Paulinho foi eleito e prefeito de Natal e toma posse do cargo nesta quarta (1).<br \/>\nA chapa foi aprovada com 25 votos favor\u00e1veis, tr\u00eas contr\u00e1rios e uma absten\u00e7\u00e3o.<br \/>\nVeja a nova mesa diretora<br \/>\nPresidente: Eriko J\u00e1come (PP)<br \/>\n1\u00ba vice-presidente &#8211; Robson Carvalho (Uni\u00e3o Brasil)<br \/>\n2\u00ba vice &#8211; Daniel Santiago (PP)<br \/>\n3\u00ba vice &#8211; Tony Henrique (PL)<br \/>\n1\u00ba secret\u00e1rio &#8211; Kl\u00e9ber Fernandes (Republicanos)<br \/>\n2\u00ba secret\u00e1rio &#8211; Camila Ara\u00fajo (Uni\u00e3o Brasil)<br \/>\n3\u00ba secret\u00e1rio &#8211; Anne Lagartixa (Solidariedade)<br \/>\n4\u00ba secret\u00e1rio &#8211; Herberth Sena (PV)<br \/>\nRenova\u00e7\u00e3o<br \/>\nDos 29 vereadores de Natal, mais da metade s\u00e3o novos &#8211; uma renova\u00e7\u00e3o foi de 51,72%. 15 vereadores assumem os cargos pela primeira vez.<br \/>\nAlguns vereadores que tomaram posse nesta quarta-feira (1) dever\u00e3o se licenciar dos cargos nos pr\u00f3ximos dias, porque foram escolhidos para compor o secretariado do prefeito Paulinho Freire. Hermes C\u00e2mara vai ser secret\u00e1rio de Esportes e Nina Souza vai assumir a Assist\u00eancia Social do munic\u00edpio.<br \/>\nO l\u00edder do Executivo na C\u00e2mara ser\u00e1 o vereador Aldo Clemente.<br \/>\nVereadores empossados<br \/>\n*Em negrito, os novos vereadores.<br \/>\nAldo Clemente (PSDB)<br \/>\nAnne Lagartixa (Solidariedade)<br \/>\nBrisa (PT)<br \/>\nCamila Ara\u00fajo (Uni\u00e3o Brasil)<br \/>\nCl\u00e1udio Cust\u00f3dio (PP)<br \/>\nDaniel Rendall (Republicanos)<br \/>\nDaniel Santiago (PP)<br \/>\nDaniel Valen\u00e7a (PT)<br \/>\nEribaldo Medeiros (Rede)<br \/>\nEriko J\u00e1come (PP)<br \/>\nFulvio (Solidariedade)<br \/>\nHerberth Sena (PV)<br \/>\nHermes C\u00e2mara (Cidadania)<br \/>\nIrapo\u00e3 (Republicanos)<br \/>\nJo\u00e3o Batista Torres (DC)<br \/>\nKleber Fernandes (Republicanos)<br \/>\nL\u00e9o Souza (Republicanos)<br \/>\nLuciano Nascimento (PSD)<br \/>\nMatheus Faustino (Uni\u00e3o Brasil)<br \/>\nNina Souza (Uni\u00e3o Brasil)<br \/>\nPedro Henrique (PP)<br \/>\nPreto Aquino (Podemos)<br \/>\nRobson Carvalho (Uni\u00e3o Brasil)<br \/>\nSamanda (PT)<br \/>\nSubtenente Eliabe (PL)<br \/>\nT\u00e1rcio de Eudiane (Uni\u00e3o Brasil)<br \/>\nT\u00e9rcio Tin\u00f4co (Uni\u00e3o Brasil)<br \/>\nThabatta Pimenta (PSOL)<br \/>\nTony Costa (PL)<br \/>\nVeja os v\u00eddeos mais assistidos no g1 RN<\/p>","protected":false},"excerpt":{"rendered":"<p>Posse dos parlamentares eleitos em outubro aconteceu na tarde desta quarta-feira (1). Mesa diretora eleita para a C\u00e2mara Municipal de Natal nesta quarta-feira (1) B\u00e1rbara Hanna Os 29 vereadores eleitos &#8230;<\/p>\n","protected":false},"author":0,"featured_media":11909,"parent":0,"menu_order":0,"comment_status":"closed","ping_status":"closed","template":"","meta":{"footnotes":""},"class_list":["post-11908","page","type-page","status-publish","has-post-thumbnail","hentry"],"yoast_head":"<!-- This site is optimized with the Yoast SEO plugin v27.1.1 - https:\/\/yoast.com\/product\/yoast-seo-wordpress\/ -->\n<title>Vereadores de Natal tomam posse dos cargos e elegem mesa diretora; Eriko J\u00e1come continua presidente - Taveira Jr<\/title>\n<meta name=\"robots\" content=\"index, follow, max-snippet:-1, max-image-preview:large, max-video-preview:-1\" \/>\n<link rel=\"canonical\" href=\"https:\/\/deputadotaveirajr.com.br\/index.php\/vereadores-de-natal-tomam-posse-dos-cargos-e-elegem-mesa-diretora-eriko-jacome-continua-presidente\/\" \/>\n<meta property=\"og:locale\" content=\"pt_BR\" \/>\n<meta property=\"og:type\" content=\"article\" \/>\n<meta property=\"og:title\" content=\"Vereadores de Natal tomam posse dos cargos e elegem mesa diretora; Eriko J\u00e1come continua presidente - Taveira Jr\" \/>\n<meta property=\"og:description\" content=\"Posse dos parlamentares eleitos em outubro aconteceu na tarde desta quarta-feira (1). Mesa diretora eleita para a C\u00e2mara Municipal de Natal nesta quarta-feira (1) B\u00e1rbara Hanna Os 29 vereadores eleitos ...\" \/>\n<meta property=\"og:url\" content=\"https:\/\/deputadotaveirajr.com.br\/index.php\/vereadores-de-natal-tomam-posse-dos-cargos-e-elegem-mesa-diretora-eriko-jacome-continua-presidente\/\" \/>\n<meta property=\"og:site_name\" content=\"Taveira Jr\" \/>\n<meta property=\"og:image\" content=\"https:\/\/s2-g1.glbimg.com\/MazLpt_oatktO1cZdHvx6R92eSQ=\/i.s3.glbimg.com\/v1\/AUTH_59edd422c0c84a879bd37670ae4f538a\/internal_photos\/bs\/2025\/5\/f\/SDqiIgRW6vm28tzpSB3g\/whatsapp-image-2025-01-01-at-17.39.54.jpeg\" \/>\n<meta name=\"twitter:card\" content=\"summary_large_image\" \/>\n<meta name=\"twitter:label1\" content=\"Est. tempo de leitura\" \/>\n\t<meta name=\"twitter:data1\" content=\"2 minutos\" \/>\n<script type=\"application\/ld+json\" class=\"yoast-schema-graph\">{\"@context\":\"https:\/\/schema.org\",\"@graph\":[{\"@type\":\"WebPage\",\"@id\":\"https:\/\/deputadotaveirajr.com.br\/index.php\/vereadores-de-natal-tomam-posse-dos-cargos-e-elegem-mesa-diretora-eriko-jacome-continua-presidente\/\",\"url\":\"https:\/\/deputadotaveirajr.com.br\/index.php\/vereadores-de-natal-tomam-posse-dos-cargos-e-elegem-mesa-diretora-eriko-jacome-continua-presidente\/\",\"name\":\"Vereadores de Natal tomam posse dos cargos e elegem mesa diretora; Eriko J\u00e1come continua presidente - Taveira Jr\",\"isPartOf\":{\"@id\":\"https:\/\/deputadotaveirajr.com.br\/#website\"},\"primaryImageOfPage\":{\"@id\":\"https:\/\/deputadotaveirajr.com.br\/index.php\/vereadores-de-natal-tomam-posse-dos-cargos-e-elegem-mesa-diretora-eriko-jacome-continua-presidente\/#primaryimage\"},\"image\":{\"@id\":\"https:\/\/deputadotaveirajr.com.br\/index.php\/vereadores-de-natal-tomam-posse-dos-cargos-e-elegem-mesa-diretora-eriko-jacome-continua-presidente\/#primaryimage\"},\"thumbnailUrl\":\"https:\/\/deputadotaveirajr.com.br\/wp-content\/uploads\/2025\/01\/whatsapp-image-2025-01-01-at-17.39.54-22CaQc-scaled.jpeg\",\"datePublished\":\"2025-01-01T21:01:16+00:00\",\"breadcrumb\":{\"@id\":\"https:\/\/deputadotaveirajr.com.br\/index.php\/vereadores-de-natal-tomam-posse-dos-cargos-e-elegem-mesa-diretora-eriko-jacome-continua-presidente\/#breadcrumb\"},\"inLanguage\":\"pt-BR\",\"potentialAction\":[{\"@type\":\"ReadAction\",\"target\":[\"https:\/\/deputadotaveirajr.com.br\/index.php\/vereadores-de-natal-tomam-posse-dos-cargos-e-elegem-mesa-diretora-eriko-jacome-continua-presidente\/\"]}]},{\"@type\":\"ImageObject\",\"inLanguage\":\"pt-BR\",\"@id\":\"https:\/\/deputadotaveirajr.com.br\/index.php\/vereadores-de-natal-tomam-posse-dos-cargos-e-elegem-mesa-diretora-eriko-jacome-continua-presidente\/#primaryimage\",\"url\":\"https:\/\/deputadotaveirajr.com.br\/wp-content\/uploads\/2025\/01\/whatsapp-image-2025-01-01-at-17.39.54-22CaQc-scaled.jpeg\",\"contentUrl\":\"https:\/\/deputadotaveirajr.com.br\/wp-content\/uploads\/2025\/01\/whatsapp-image-2025-01-01-at-17.39.54-22CaQc-scaled.jpeg\",\"width\":2560,\"height\":1848},{\"@type\":\"BreadcrumbList\",\"@id\":\"https:\/\/deputadotaveirajr.com.br\/index.php\/vereadores-de-natal-tomam-posse-dos-cargos-e-elegem-mesa-diretora-eriko-jacome-continua-presidente\/#breadcrumb\",\"itemListElement\":[{\"@type\":\"ListItem\",\"position\":1,\"name\":\"In\u00edcio\",\"item\":\"https:\/\/deputadotaveirajr.com.br\/\"},{\"@type\":\"ListItem\",\"position\":2,\"name\":\"Vereadores de Natal tomam posse dos cargos e elegem mesa diretora; Eriko J\u00e1come continua presidente\"}]},{\"@type\":\"WebSite\",\"@id\":\"https:\/\/deputadotaveirajr.com.br\/#website\",\"url\":\"https:\/\/deputadotaveirajr.com.br\/\",\"name\":\"Taveira Jr\",\"description\":\"Deputado Estadual\",\"publisher\":{\"@id\":\"https:\/\/deputadotaveirajr.com.br\/#organization\"},\"potentialAction\":[{\"@type\":\"SearchAction\",\"target\":{\"@type\":\"EntryPoint\",\"urlTemplate\":\"https:\/\/deputadotaveirajr.com.br\/?s={search_term_string}\"},\"query-input\":{\"@type\":\"PropertyValueSpecification\",\"valueRequired\":true,\"valueName\":\"search_term_string\"}}],\"inLanguage\":\"pt-BR\"},{\"@type\":\"Organization\",\"@id\":\"https:\/\/deputadotaveirajr.com.br\/#organization\",\"name\":\"Taveira Jr\",\"url\":\"https:\/\/deputadotaveirajr.com.br\/\",\"logo\":{\"@type\":\"ImageObject\",\"inLanguage\":\"pt-BR\",\"@id\":\"https:\/\/deputadotaveirajr.com.br\/#\/schema\/logo\/image\/\",\"url\":\"https:\/\/deputadotaveirajr.com.br\/wp-content\/uploads\/2026\/01\/logolow2a.png\",\"contentUrl\":\"https:\/\/deputadotaveirajr.com.br\/wp-content\/uploads\/2026\/01\/logolow2a.png\",\"width\":290,\"height\":80,\"caption\":\"Taveira Jr\"},\"image\":{\"@id\":\"https:\/\/deputadotaveirajr.com.br\/#\/schema\/logo\/image\/\"}}]}<\/script>\n<!-- \/ Yoast SEO plugin. -->","yoast_head_json":{"title":"Vereadores de Natal tomam posse dos cargos e elegem mesa diretora; Eriko J\u00e1come continua presidente - Taveira Jr","robots":{"index":"index","follow":"follow","max-snippet":"max-snippet:-1","max-image-preview":"max-image-preview:large","max-video-preview":"max-video-preview:-1"},"canonical":"https:\/\/deputadotaveirajr.com.br\/index.php\/vereadores-de-natal-tomam-posse-dos-cargos-e-elegem-mesa-diretora-eriko-jacome-continua-presidente\/","og_locale":"pt_BR","og_type":"article","og_title":"Vereadores de Natal tomam posse dos cargos e elegem mesa diretora; Eriko J\u00e1come continua presidente - Taveira Jr","og_description":"Posse dos parlamentares eleitos em outubro aconteceu na tarde desta quarta-feira (1). Mesa diretora eleita para a C\u00e2mara Municipal de Natal nesta quarta-feira (1) B\u00e1rbara Hanna Os 29 vereadores eleitos ...","og_url":"https:\/\/deputadotaveirajr.com.br\/index.php\/vereadores-de-natal-tomam-posse-dos-cargos-e-elegem-mesa-diretora-eriko-jacome-continua-presidente\/","og_site_name":"Taveira Jr","og_image":[{"url":"https:\/\/s2-g1.glbimg.com\/MazLpt_oatktO1cZdHvx6R92eSQ=\/i.s3.glbimg.com\/v1\/AUTH_59edd422c0c84a879bd37670ae4f538a\/internal_photos\/bs\/2025\/5\/f\/SDqiIgRW6vm28tzpSB3g\/whatsapp-image-2025-01-01-at-17.39.54.jpeg","type":"","width":"","height":""}],"twitter_card":"summary_large_image","twitter_misc":{"Est. tempo de leitura":"2 minutos"},"schema":{"@context":"https:\/\/schema.org","@graph":[{"@type":"WebPage","@id":"https:\/\/deputadotaveirajr.com.br\/index.php\/vereadores-de-natal-tomam-posse-dos-cargos-e-elegem-mesa-diretora-eriko-jacome-continua-presidente\/","url":"https:\/\/deputadotaveirajr.com.br\/index.php\/vereadores-de-natal-tomam-posse-dos-cargos-e-elegem-mesa-diretora-eriko-jacome-continua-presidente\/","name":"Vereadores de Natal tomam posse dos cargos e elegem mesa diretora; Eriko J\u00e1come continua presidente - Taveira Jr","isPartOf":{"@id":"https:\/\/deputadotaveirajr.com.br\/#website"},"primaryImageOfPage":{"@id":"https:\/\/deputadotaveirajr.com.br\/index.php\/vereadores-de-natal-tomam-posse-dos-cargos-e-elegem-mesa-diretora-eriko-jacome-continua-presidente\/#primaryimage"},"image":{"@id":"https:\/\/deputadotaveirajr.com.br\/index.php\/vereadores-de-natal-tomam-posse-dos-cargos-e-elegem-mesa-diretora-eriko-jacome-continua-presidente\/#primaryimage"},"thumbnailUrl":"https:\/\/deputadotaveirajr.com.br\/wp-content\/uploads\/2025\/01\/whatsapp-image-2025-01-01-at-17.39.54-22CaQc-scaled.jpeg","datePublished":"2025-01-01T21:01:16+00:00","breadcrumb":{"@id":"https:\/\/deputadotaveirajr.com.br\/index.php\/vereadores-de-natal-tomam-posse-dos-cargos-e-elegem-mesa-diretora-eriko-jacome-continua-presidente\/#breadcrumb"},"inLanguage":"pt-BR","potentialAction":[{"@type":"ReadAction","target":["https:\/\/deputadotaveirajr.com.br\/index.php\/vereadores-de-natal-tomam-posse-dos-cargos-e-elegem-mesa-diretora-eriko-jacome-continua-presidente\/"]}]},{"@type":"ImageObject","inLanguage":"pt-BR","@id":"https:\/\/deputadotaveirajr.com.br\/index.php\/vereadores-de-natal-tomam-posse-dos-cargos-e-elegem-mesa-diretora-eriko-jacome-continua-presidente\/#primaryimage","url":"https:\/\/deputadotaveirajr.com.br\/wp-content\/uploads\/2025\/01\/whatsapp-image-2025-01-01-at-17.39.54-22CaQc-scaled.jpeg","contentUrl":"https:\/\/deputadotaveirajr.com.br\/wp-content\/uploads\/2025\/01\/whatsapp-image-2025-01-01-at-17.39.54-22CaQc-scaled.jpeg","width":2560,"height":1848},{"@type":"BreadcrumbList","@id":"https:\/\/deputadotaveirajr.com.br\/index.php\/vereadores-de-natal-tomam-posse-dos-cargos-e-elegem-mesa-diretora-eriko-jacome-continua-presidente\/#breadcrumb","itemListElement":[{"@type":"ListItem","position":1,"name":"In\u00edcio","item":"https:\/\/deputadotaveirajr.com.br\/"},{"@type":"ListItem","position":2,"name":"Vereadores de Natal tomam posse dos cargos e elegem mesa diretora; Eriko J\u00e1come continua presidente"}]},{"@type":"WebSite","@id":"https:\/\/deputadotaveirajr.com.br\/#website","url":"https:\/\/deputadotaveirajr.com.br\/","name":"Taveira Jr","description":"Deputado Estadual","publisher":{"@id":"https:\/\/deputadotaveirajr.com.br\/#organization"},"potentialAction":[{"@type":"SearchAction","target":{"@type":"EntryPoint","urlTemplate":"https:\/\/deputadotaveirajr.com.br\/?s={search_term_string}"},"query-input":{"@type":"PropertyValueSpecification","valueRequired":true,"valueName":"search_term_string"}}],"inLanguage":"pt-BR"},{"@type":"Organization","@id":"https:\/\/deputadotaveirajr.com.br\/#organization","name":"Taveira Jr","url":"https:\/\/deputadotaveirajr.com.br\/","logo":{"@type":"ImageObject","inLanguage":"pt-BR","@id":"https:\/\/deputadotaveirajr.com.br\/#\/schema\/logo\/image\/","url":"https:\/\/deputadotaveirajr.com.br\/wp-content\/uploads\/2026\/01\/logolow2a.png","contentUrl":"https:\/\/deputadotaveirajr.com.br\/wp-content\/uploads\/2026\/01\/logolow2a.png","width":290,"height":80,"caption":"Taveira Jr"},"image":{"@id":"https:\/\/deputadotaveirajr.com.br\/#\/schema\/logo\/image\/"}}]}},"_links":{"self":[{"href":"https:\/\/deputadotaveirajr.com.br\/index.php\/wp-json\/wp\/v2\/pages\/11908","targetHints":{"allow":["GET"]}}],"collection":[{"href":"https:\/\/deputadotaveirajr.com.br\/index.php\/wp-json\/wp\/v2\/pages"}],"about":[{"href":"https:\/\/deputadotaveirajr.com.br\/index.php\/wp-json\/wp\/v2\/types\/page"}],"replies":[{"embeddable":true,"href":"https:\/\/deputadotaveirajr.com.br\/index.php\/wp-json\/wp\/v2\/comments?post=11908"}],"version-history":[{"count":0,"href":"https:\/\/deputadotaveirajr.com.br\/index.php\/wp-json\/wp\/v2\/pages\/11908\/revisions"}],"wp:featuredmedia":[{"embeddable":true,"href":"https:\/\/deputadotaveirajr.com.br\/index.php\/wp-json\/wp\/v2\/media\/11909"}],"wp:attachment":[{"href":"https:\/\/deputadotaveirajr.com.br\/index.php\/wp-json\/wp\/v2\/media?parent=11908"}],"curies":[{"name":"wp","href":"https:\/\/api.w.org\/{rel}","templated":true}]}}