{"id":11910,"date":"2025-01-01T16:00:59","date_gmt":"2025-01-01T19:00:59","guid":{"rendered":"https:\/\/deputadotaveirajr.com.br\/index.php\/rn-viuva-de-prefeito-assassinado-toma-posse-em-sessao-virtual-e-dedica-vitoria-ao-marido\/"},"modified":"2025-01-01T16:00:59","modified_gmt":"2025-01-01T19:00:59","slug":"rn-viuva-de-prefeito-assassinado-toma-posse-em-sessao-virtual-e-dedica-vitoria-ao-marido","status":"publish","type":"page","link":"https:\/\/deputadotaveirajr.com.br\/index.php\/rn-viuva-de-prefeito-assassinado-toma-posse-em-sessao-virtual-e-dedica-vitoria-ao-marido\/","title":{"rendered":"RN: Vi\u00fava de prefeito assassinado toma posse em sess\u00e3o virtual e dedica vit\u00f3ria ao marido"},"content":{"rendered":"<p><img decoding=\"async\" src=\"https:\/\/s2-g1.glbimg.com\/IzdgTsNU6rjq6uZ5naG8LkhYJpo=\/i.s3.glbimg.com\/v1\/AUTH_59edd422c0c84a879bd37670ae4f538a\/internal_photos\/bs\/2025\/6\/u\/p64KEeRAiULFDxWI01oQ\/fatinha-empossada.jpg\" \/><br \/>     Fatinha de Marcelo (Uni\u00e3o Brasil) assumiu o cargo de prefeita nesta quarta-feira (1\u00ba) ap\u00f3s ter sido eleita em outubro. Marido foi morto durante campanha eleitoral.  Vi\u00fava de prefeito morto em Jo\u00e3o Dias toma posse e dedica vit\u00f3ria ao marido<br \/>\nVi\u00fava do prefeito Marcelo Oliveira (Uni\u00e3o), assassinado junto com o pai Sandi Oliveira durante a campanha eleitoral de 2024, Fatinha de Marcelo (Uni\u00e3o) tomou posse do cargo de prefeita de Jo\u00e3o Dias nesta quarta-feira (1\u00ba). A cidade de pouco mais de 2 mil habitantes fica na regi\u00e3o Oeste do Rio Grande do Norte.<br \/>\nA prefeita participou da cerim\u00f4nia de forma virtual, ao lado do vice-prefeito Jo\u00e3o Pedro, do mesmo partido. No discurso, ela dedicou a vit\u00f3ria ao marido morto e ao sogro.<br \/>\n\ud83d\udcf3 Participe do canal do g1 RN no WhatsApp<br \/>\n&#8220;Essa vit\u00f3ria n\u00e3o \u00e9 s\u00f3 minha. Essa vit\u00f3ria \u00e9 de Marcelo Oliveira, \u00e9 de Sandi Oliveira, e de cada um de voc\u00eas que sonham com uma Jo\u00e3o Dias mais justa, desenvolvida e cheia de oportunidades&#8221;, declarou.<br \/>\nVeja o discurso completo no v\u00eddeo que abre esta reportagem.<br \/>\nFatinha de Marcelo mostra termo de posse de prefeita, ao lado do vice<br \/>\nRedes sociais<br \/>\nMaria de F\u00e1tima Mesquita da Silva tem 33 anos e foi indicada pelo Uni\u00e3o Brasil como candidata, em substitui\u00e7\u00e3o ao marido. Marcelo e o pai, Sandi Oliveira, foram mortos no dia 27 de agosto, durante a corrida eleitoral, enquanto faziam visitas a eleitores.<br \/>\nNo dia 6 de outubro, Fatinha foi eleita com 66,8% dos votos v\u00e1lidos no munic\u00edpio.<br \/>\nA assessoria da prefeita eleita informou que ela solicitou participa\u00e7\u00e3o na sess\u00e3o de forma virtual por motivo de seguran\u00e7a.<br \/>\nEx-vice-prefeita foragida<br \/>\nDam\u00e1ria e Leidiane J\u00e1come s\u00e3o suspeitas de mandar matar prefeito de Jo\u00e3o Dias, no RN<br \/>\nReprodu\u00e7\u00e3o<br \/>\nSegundo a Pol\u00edcia Civil, a ex-vice-prefeita da cidade de Jo\u00e3o Dias, Dam\u00e1ria J\u00e1come (Republicanos), e a vereadora Leidiane J\u00e1come, irm\u00e3 dela, s\u00e3o suspeitas de mandar matar o prefeito Marcelo Oliveira (Uni\u00e3o Brasil). As duas s\u00e3o consideradas foragidas.<br \/>\nDam\u00e1ria tamb\u00e9m disputou a elei\u00e7\u00e3o para prefeita de Jo\u00e3o Dias em 2024 e ficou em segundo lugar, atr\u00e1s de Fatinha, com 20,8% dos votos.<br \/>\nNo dia 27 de dezembro, a Pol\u00edcia Civil prendeu um pastor evang\u00e9lico apontado como um dos  mandantes, que teria ajudado a planejar o crime. No mesmo dia, a pol\u00edcia tentou cumprir mandados de pris\u00e3o contra as irm\u00e3s, mas n\u00e3o as localizou. Outras tr\u00eas pessoas tamb\u00e9m seguem foragidas.<br \/>\nSegundo o delegado Alex Wagner, da Divis\u00e3o de Pol\u00edcia do Oeste, o assassinato foi motivado por uma disputa pol\u00edtica e familiar no munic\u00edpio.<br \/>\nRN2 &#8211; Edi\u00e7\u00e3o de sexta-feira, 27\/12\/2024<br \/>\nVeja abaixo o que j\u00e1 se sabe sobre a investiga\u00e7\u00e3o.<br \/>\nHist\u00f3rico<br \/>\nMarcelo e Dam\u00e1ria disputaram juntos a campanha eleitoral de 2020 e foram vitoriosos, ele como candidato a prefeito e ela, vice-prefeita. Ambos representavam fam\u00edlias tradicionais na cidade, lideradas por Sandi Oliveira (pai de Marcelo) e Laete J\u00e1come (pai de Dam\u00e1ria e vereador).<br \/>\nA fam\u00edlia de Laete j\u00e1 era investigada por crimes como o de mil\u00edcia privada. Durante a campanha eleitoral de 2020, ele foi preso em flagrante por posse ilegal e recepta\u00e7\u00e3o de armas. Dam\u00e1ria tamb\u00e9m foi considerada foragida da pol\u00edcia, na \u00e9poca.<br \/>\nCerca de 7 meses ap\u00f3s tomar posse do cargo, Marcelo pediu afastamento da prefeitura e Dam\u00e1ria assumiu a gest\u00e3o municipal em julho de 2021.<br \/>\nEm 2022, o prefeito afastado afirmou \u00e0 Justi\u00e7a que foi coagido pela vice-prefeita, al\u00e9m do pai e irm\u00e3os dela, para deixar o cargo. Em outubro daquele ano, uma decis\u00e3o da desembargadora Maria Zeneide Bezerra, do Tribunal de Justi\u00e7a do RN, determinou o retorno imediato de Marcelo Oliveira \u00e0 prefeitura.<br \/>\nEm dezembro de 2022, Dam\u00e1ria e Laete J\u00e1come foram afastados dos cargos e tiveram mandados de pris\u00e3o expedidos pela Justi\u00e7a. \u00c0 \u00e9poca, os dois negaram qualquer tipo de extors\u00e3o contra o ent\u00e3o prefeito da cidade e alegaram que ele teria renunciado por motiva\u00e7\u00e3o pr\u00f3pria.<br \/>\nSegundo a pol\u00edcia, a acusa\u00e7\u00e3o de Marcelo e o retorno dele ao cargo gerou uma cis\u00e3o pol\u00edtica e pessoal entre as fam\u00edlias.<br \/>\nAinda de acordo com o delegado Alex Wagner, a fam\u00edlia da vice-prefeita e da vereadora atribu\u00eda ao prefeito a morte de dois irm\u00e3os em confronto com a pol\u00edcia na Bahia e a pris\u00e3o de um terceiro em 2022. Eles tinham mandados de pris\u00e3o abertos por tr\u00e1fico de drogas.<br \/>\nMarcelo Oliveira e Dam\u00e1ria J\u00e1come na campanha eleitoral de 2020<br \/>\nDivulga\u00e7\u00e3o<br \/>\n&#8220;Eles come\u00e7aram a imputar a Marcelo, que estava entregando a localiza\u00e7\u00e3o dessas pessoas. Al\u00e9m de que houve a apreens\u00e3o de um fuzil na cidade, que tamb\u00e9m se imputava que Marcelo teria entregue (a localiza\u00e7\u00e3o)&#8221;, disse o delegado.<br \/>\nPatriarca da fam\u00edlia da vice-prefeita, Laete morreu de causas naturais no primeiro semestre de 2024.<br \/>\nPlano<br \/>\nSegundo a pol\u00edcia, um pastor de 27 anos de idade ajudou no planejamento do assassinato do prefeito de Jo\u00e3o Dias, Marcelo Oliveira, e o pai dele, Sandi Oliveira, segundo a Pol\u00edcia Civil.  Uma opera\u00e7\u00e3o realizada na sexta-feira (27) buscava cumprir seis mandados de pris\u00e3o e outros seis de busca e apreens\u00e3o domiciliar nas cidades de Jo\u00e3o Dias, Patu e Marcelino Vieira. O pastor foi preso na ocasi\u00e3o.<br \/>\nDe acordo com o delegado Alex Wagner, o pastor teria auxiliado o grupo de mandantes a tentar encontrar um lugar ideal para o crime ser cometido. A igreja evang\u00e9lica, inclusive, chegou a ser pensada como possibilidade.<br \/>\n&#8220;A quest\u00e3o do pastor \u00e9 que ele ajudava na log\u00edstica do crime, de encontrar o melhor local pra cometer o crime, o momento mais adequado&#8221;, explicou o delegado.<br \/>\n&#8220;Foi cogitado, inclusive, cometer durante o culto onde o Marcelo [prefeito] visitava, porque era  o momento que ele estava vulner\u00e1vel, exposto&#8221;.<br \/>\nO que a defesa da vice-prefeita e da vereadora diz sobre a suspeita da pol\u00edcia<br \/>\nEm nota, a defesa das irm\u00e3s informou que &#8220;reafirma a inoc\u00eancia de ambas e a aus\u00eancia de qualquer rela\u00e7\u00e3o com esses crimes&#8221;. Al\u00e9m disso, garantiu que Dam\u00e1ria e a irm\u00e3 n\u00e3o est\u00e3o foragidas.<br \/>\n&#8220;Sequer sabiam dessa opera\u00e7\u00e3o ou de qualquer mandado de pris\u00e3o contra elas. Como \u00e9 comum nesse per\u00edodo, a fam\u00edlia viajou&#8221;, informou a nota.<br \/>\nSegundo o advogado, &#8220;devido ao clima de inseguran\u00e7a na cidade, Dam\u00e1ria achou por bem ficar longe durante esses dias que antecedem a posse da prefeita eleita, evitando com isso qualquer tipo de problema&#8221;.<br \/>\nO advogado disse ainda que Dam\u00e1ria enviou para todas as autoridades &#8220;den\u00fancias de amea\u00e7as que ela e sua fam\u00edlia est\u00e3o sofrendo e, por seguran\u00e7a, todos sa\u00edram da cidade&#8221;.<br \/>\nLEIA MAIS<br \/>\nRN j\u00e1 teve pelo menos 9 prefeitos assassinados durante o mandato<br \/>\nPrefeito morto com o pai no RN o tinha como inspira\u00e7\u00e3o na carreira pol\u00edtica: &#8216;Meu bra\u00e7o direito&#8217;<br \/>\nPrefeito morto no RN renunciou meses depois da posse e voltou ao cargo ap\u00f3s denunciar ter sofrido amea\u00e7as<br \/>\nIrm\u00e3o de prefeito assassinado toma posse da gest\u00e3o de Jo\u00e3o Dias: &#8216;N\u00e3o era o caminho que eu esperava trilhar&#8217;<br \/>\nPartido define vi\u00fava de prefeito assassinado como nova candidata \u00e0 prefeitura de Jo\u00e3o Dias<br \/>\nVi\u00fava de prefeito assassinado \u00e9 eleita no interior do RN<br \/>\nO crime<br \/>\nEmbora fosse conhecido como Marcelo, o nome do prefeito de Jo\u00e3o Dias era Francisco Dami\u00e3o de Oliveira, de 38 anos.<br \/>\nEle era candidato \u00e0 reelei\u00e7\u00e3o e, junto do pai, estava visitando casas de apoiadores no fim da manh\u00e3 do dia 27 de agosto, por volta das 11h, no conjunto S\u00e3o Geraldo, em Jo\u00e3o Dias, quando criminosos distribu\u00eddos em dois ve\u00edculos chegaram repentinamente ao local e atiraram contra os dois. Um seguran\u00e7a do gestor tamb\u00e9m foi baleado.<br \/>\nO pai do prefeito, Sandi Alves de Oliveira, de 58 anos, morreu na hora. Marcelo chegou a ser socorrido e deu entrada com vida em um hospital de Catol\u00e9 do Rocha, na Para\u00edba, mas n\u00e3o resistiu aos ferimentos. Segundo a pol\u00edcia, ele foi atingido por 11 disparos de arma de fogo.<br \/>\nExecutores presos<br \/>\nNo mesmo dia do crime, as for\u00e7as de seguran\u00e7a do Rio Grande do Norte come\u00e7aram uma for\u00e7a tarefa para prender os assassinos. Al\u00e9m de quatro suspeitos de envolvimento na execu\u00e7\u00e3o, outras 10 pessoas foram presas suspeitas de montar um plano de vingan\u00e7a pelo assassinato do gestor, na ocasi\u00e3o.<br \/>\nDurante a investiga\u00e7\u00e3o outros dois suspeitos de serem executores foram presos. Um homem encontrado morto em uma \u00e1rea de mata tamb\u00e9m foi apontado como um dos envolvidos no crime. A pol\u00edcia acredita que ele foi baleado durante o assassinato do prefeito.<br \/>\nSegundo a Secretaria de Seguran\u00e7a P\u00fablica e Defesa Social do Rio Grande do Norte, o inqu\u00e9rito foi conclu\u00eddo com o indiciamento de oito pessoas como executores e outras cinco como mentores intelectuais do duplo homic\u00eddio, &#8220;al\u00e9m de 10 pessoas j\u00e1 indiciadas por forma\u00e7\u00e3o de mil\u00edcia&#8221;. Dos cinco apontados como mentores intelectuais, apenas o pastor est\u00e1 preso. Os outros s\u00e3o considerados foragidos.<br \/>\nGest\u00e3o municipal<br \/>\nAp\u00f3s o crime, o irm\u00e3o de Marcelo e filho de Sandi Oliveira, Jess\u00e9 Oliveira, ent\u00e3o presidente da C\u00e2mara Municipal, assumiu a gest\u00e3o do munic\u00edpio, porque a vice-prefeita Dam\u00e1ria J\u00e1come estava impedida pela Justi\u00e7a. Ele abriu m\u00e3o da candidatura \u00e0 reelei\u00e7\u00e3o ao cargo de vereador.<br \/>\nPoliciais cumprem mandados contra mandantes de assassinato do prefeito de Jo\u00e3o Dias, RN<br \/>\nReprodu\u00e7\u00e3o<br \/>\nQuem eram as v\u00edtimas<br \/>\nEleito pela primeira vez em 2020, Marcelo renunciou ao mandato em julho de 2021, mas voltou \u00e0 Prefeitura em outubro de 2022, depois que alegou na Justi\u00e7a que tinha sido coagido a abrir m\u00e3o do cargo sob amea\u00e7as da fam\u00edlia da sua ent\u00e3o vice-prefeita, Dam\u00e1ria J\u00e1come.<br \/>\nMarcelo j\u00e1 tinha uma carreira pol\u00edtica no munic\u00edpio. Ele foi eleito vereador em 2008 e 2012 e foi candidato a prefeito pela primeira vez em 2016, mas n\u00e3o conseguiu se eleger naquela ocasi\u00e3o.<br \/>\nMarcelo Oliveira, prefeito de Jo\u00e3o Dias, foi assassinado em agosto<br \/>\nRedes sociais<br \/>\nPai de Marcelo, Sandi Alves de Oliveira, de 58 anos, tamb\u00e9m j\u00e1 tinha sido vereador do munic\u00edpio e era apontado pelo filho como sua inspira\u00e7\u00e3o na pol\u00edtica.<br \/>\nJo\u00e3o Dias \u00e9 o terceiro menor munic\u00edpio do Rio Grande do Norte, com pouco mais de 2 mil habitantes, segundo o IBGE. Ainda de acordo com o instituto, a cidade localizada na regi\u00e3o do Alto Oeste, na divisa com a Para\u00edba, contava com apenas 294 pessoas ocupadas em 2022, com rendimento m\u00e9dio de 1,5 sal\u00e1rio m\u00ednimo.<br \/>\nVeja os v\u00eddeos mais assistidos no g1 RN<\/p>","protected":false},"excerpt":{"rendered":"<p>Fatinha de Marcelo (Uni\u00e3o Brasil) assumiu o cargo de prefeita nesta quarta-feira (1\u00ba) ap\u00f3s ter sido eleita em outubro. Marido foi morto durante campanha eleitoral. Vi\u00fava de prefeito morto em &#8230;<\/p>\n","protected":false},"author":0,"featured_media":11911,"parent":0,"menu_order":0,"comment_status":"closed","ping_status":"closed","template":"","meta":{"footnotes":""},"class_list":["post-11910","page","type-page","status-publish","has-post-thumbnail","hentry"],"yoast_head":"<!-- This site is optimized with the Yoast SEO plugin v27.1.1 - https:\/\/yoast.com\/product\/yoast-seo-wordpress\/ -->\n<title>RN: Vi\u00fava de prefeito assassinado toma posse em sess\u00e3o virtual e dedica vit\u00f3ria ao marido - Taveira Jr<\/title>\n<meta name=\"robots\" content=\"index, follow, max-snippet:-1, max-image-preview:large, max-video-preview:-1\" \/>\n<link rel=\"canonical\" href=\"https:\/\/deputadotaveirajr.com.br\/index.php\/rn-viuva-de-prefeito-assassinado-toma-posse-em-sessao-virtual-e-dedica-vitoria-ao-marido\/\" \/>\n<meta property=\"og:locale\" content=\"pt_BR\" \/>\n<meta property=\"og:type\" content=\"article\" \/>\n<meta property=\"og:title\" content=\"RN: Vi\u00fava de prefeito assassinado toma posse em sess\u00e3o virtual e dedica vit\u00f3ria ao marido - Taveira Jr\" \/>\n<meta property=\"og:description\" content=\"Fatinha de Marcelo (Uni\u00e3o Brasil) assumiu o cargo de prefeita nesta quarta-feira (1\u00ba) ap\u00f3s ter sido eleita em outubro. Marido foi morto durante campanha eleitoral. Vi\u00fava de prefeito morto em ...\" \/>\n<meta property=\"og:url\" content=\"https:\/\/deputadotaveirajr.com.br\/index.php\/rn-viuva-de-prefeito-assassinado-toma-posse-em-sessao-virtual-e-dedica-vitoria-ao-marido\/\" \/>\n<meta property=\"og:site_name\" content=\"Taveira Jr\" \/>\n<meta property=\"og:image\" content=\"https:\/\/s2-g1.glbimg.com\/IzdgTsNU6rjq6uZ5naG8LkhYJpo=\/i.s3.glbimg.com\/v1\/AUTH_59edd422c0c84a879bd37670ae4f538a\/internal_photos\/bs\/2025\/6\/u\/p64KEeRAiULFDxWI01oQ\/fatinha-empossada.jpg\" \/>\n<meta name=\"twitter:card\" content=\"summary_large_image\" \/>\n<meta name=\"twitter:label1\" content=\"Est. tempo de leitura\" \/>\n\t<meta name=\"twitter:data1\" content=\"9 minutos\" \/>\n<script type=\"application\/ld+json\" class=\"yoast-schema-graph\">{\"@context\":\"https:\/\/schema.org\",\"@graph\":[{\"@type\":\"WebPage\",\"@id\":\"https:\/\/deputadotaveirajr.com.br\/index.php\/rn-viuva-de-prefeito-assassinado-toma-posse-em-sessao-virtual-e-dedica-vitoria-ao-marido\/\",\"url\":\"https:\/\/deputadotaveirajr.com.br\/index.php\/rn-viuva-de-prefeito-assassinado-toma-posse-em-sessao-virtual-e-dedica-vitoria-ao-marido\/\",\"name\":\"RN: Vi\u00fava de prefeito assassinado toma posse em sess\u00e3o virtual e dedica vit\u00f3ria ao marido - Taveira Jr\",\"isPartOf\":{\"@id\":\"https:\/\/deputadotaveirajr.com.br\/#website\"},\"primaryImageOfPage\":{\"@id\":\"https:\/\/deputadotaveirajr.com.br\/index.php\/rn-viuva-de-prefeito-assassinado-toma-posse-em-sessao-virtual-e-dedica-vitoria-ao-marido\/#primaryimage\"},\"image\":{\"@id\":\"https:\/\/deputadotaveirajr.com.br\/index.php\/rn-viuva-de-prefeito-assassinado-toma-posse-em-sessao-virtual-e-dedica-vitoria-ao-marido\/#primaryimage\"},\"thumbnailUrl\":\"https:\/\/deputadotaveirajr.com.br\/wp-content\/uploads\/2025\/01\/fatinha-empossada-aREUHZ.jpeg\",\"datePublished\":\"2025-01-01T19:00:59+00:00\",\"breadcrumb\":{\"@id\":\"https:\/\/deputadotaveirajr.com.br\/index.php\/rn-viuva-de-prefeito-assassinado-toma-posse-em-sessao-virtual-e-dedica-vitoria-ao-marido\/#breadcrumb\"},\"inLanguage\":\"pt-BR\",\"potentialAction\":[{\"@type\":\"ReadAction\",\"target\":[\"https:\/\/deputadotaveirajr.com.br\/index.php\/rn-viuva-de-prefeito-assassinado-toma-posse-em-sessao-virtual-e-dedica-vitoria-ao-marido\/\"]}]},{\"@type\":\"ImageObject\",\"inLanguage\":\"pt-BR\",\"@id\":\"https:\/\/deputadotaveirajr.com.br\/index.php\/rn-viuva-de-prefeito-assassinado-toma-posse-em-sessao-virtual-e-dedica-vitoria-ao-marido\/#primaryimage\",\"url\":\"https:\/\/deputadotaveirajr.com.br\/wp-content\/uploads\/2025\/01\/fatinha-empossada-aREUHZ.jpeg\",\"contentUrl\":\"https:\/\/deputadotaveirajr.com.br\/wp-content\/uploads\/2025\/01\/fatinha-empossada-aREUHZ.jpeg\",\"width\":1080,\"height\":1080},{\"@type\":\"BreadcrumbList\",\"@id\":\"https:\/\/deputadotaveirajr.com.br\/index.php\/rn-viuva-de-prefeito-assassinado-toma-posse-em-sessao-virtual-e-dedica-vitoria-ao-marido\/#breadcrumb\",\"itemListElement\":[{\"@type\":\"ListItem\",\"position\":1,\"name\":\"In\u00edcio\",\"item\":\"https:\/\/deputadotaveirajr.com.br\/\"},{\"@type\":\"ListItem\",\"position\":2,\"name\":\"RN: Vi\u00fava de prefeito assassinado toma posse em sess\u00e3o virtual e dedica vit\u00f3ria ao marido\"}]},{\"@type\":\"WebSite\",\"@id\":\"https:\/\/deputadotaveirajr.com.br\/#website\",\"url\":\"https:\/\/deputadotaveirajr.com.br\/\",\"name\":\"Taveira Jr\",\"description\":\"Deputado Estadual\",\"publisher\":{\"@id\":\"https:\/\/deputadotaveirajr.com.br\/#organization\"},\"potentialAction\":[{\"@type\":\"SearchAction\",\"target\":{\"@type\":\"EntryPoint\",\"urlTemplate\":\"https:\/\/deputadotaveirajr.com.br\/?s={search_term_string}\"},\"query-input\":{\"@type\":\"PropertyValueSpecification\",\"valueRequired\":true,\"valueName\":\"search_term_string\"}}],\"inLanguage\":\"pt-BR\"},{\"@type\":\"Organization\",\"@id\":\"https:\/\/deputadotaveirajr.com.br\/#organization\",\"name\":\"Taveira Jr\",\"url\":\"https:\/\/deputadotaveirajr.com.br\/\",\"logo\":{\"@type\":\"ImageObject\",\"inLanguage\":\"pt-BR\",\"@id\":\"https:\/\/deputadotaveirajr.com.br\/#\/schema\/logo\/image\/\",\"url\":\"https:\/\/deputadotaveirajr.com.br\/wp-content\/uploads\/2026\/01\/logolow2a.png\",\"contentUrl\":\"https:\/\/deputadotaveirajr.com.br\/wp-content\/uploads\/2026\/01\/logolow2a.png\",\"width\":290,\"height\":80,\"caption\":\"Taveira Jr\"},\"image\":{\"@id\":\"https:\/\/deputadotaveirajr.com.br\/#\/schema\/logo\/image\/\"}}]}<\/script>\n<!-- \/ Yoast SEO plugin. -->","yoast_head_json":{"title":"RN: Vi\u00fava de prefeito assassinado toma posse em sess\u00e3o virtual e dedica vit\u00f3ria ao marido - Taveira Jr","robots":{"index":"index","follow":"follow","max-snippet":"max-snippet:-1","max-image-preview":"max-image-preview:large","max-video-preview":"max-video-preview:-1"},"canonical":"https:\/\/deputadotaveirajr.com.br\/index.php\/rn-viuva-de-prefeito-assassinado-toma-posse-em-sessao-virtual-e-dedica-vitoria-ao-marido\/","og_locale":"pt_BR","og_type":"article","og_title":"RN: Vi\u00fava de prefeito assassinado toma posse em sess\u00e3o virtual e dedica vit\u00f3ria ao marido - Taveira Jr","og_description":"Fatinha de Marcelo (Uni\u00e3o Brasil) assumiu o cargo de prefeita nesta quarta-feira (1\u00ba) ap\u00f3s ter sido eleita em outubro. Marido foi morto durante campanha eleitoral. Vi\u00fava de prefeito morto em ...","og_url":"https:\/\/deputadotaveirajr.com.br\/index.php\/rn-viuva-de-prefeito-assassinado-toma-posse-em-sessao-virtual-e-dedica-vitoria-ao-marido\/","og_site_name":"Taveira Jr","og_image":[{"url":"https:\/\/s2-g1.glbimg.com\/IzdgTsNU6rjq6uZ5naG8LkhYJpo=\/i.s3.glbimg.com\/v1\/AUTH_59edd422c0c84a879bd37670ae4f538a\/internal_photos\/bs\/2025\/6\/u\/p64KEeRAiULFDxWI01oQ\/fatinha-empossada.jpg","type":"","width":"","height":""}],"twitter_card":"summary_large_image","twitter_misc":{"Est. tempo de leitura":"9 minutos"},"schema":{"@context":"https:\/\/schema.org","@graph":[{"@type":"WebPage","@id":"https:\/\/deputadotaveirajr.com.br\/index.php\/rn-viuva-de-prefeito-assassinado-toma-posse-em-sessao-virtual-e-dedica-vitoria-ao-marido\/","url":"https:\/\/deputadotaveirajr.com.br\/index.php\/rn-viuva-de-prefeito-assassinado-toma-posse-em-sessao-virtual-e-dedica-vitoria-ao-marido\/","name":"RN: Vi\u00fava de prefeito assassinado toma posse em sess\u00e3o virtual e dedica vit\u00f3ria ao marido - Taveira Jr","isPartOf":{"@id":"https:\/\/deputadotaveirajr.com.br\/#website"},"primaryImageOfPage":{"@id":"https:\/\/deputadotaveirajr.com.br\/index.php\/rn-viuva-de-prefeito-assassinado-toma-posse-em-sessao-virtual-e-dedica-vitoria-ao-marido\/#primaryimage"},"image":{"@id":"https:\/\/deputadotaveirajr.com.br\/index.php\/rn-viuva-de-prefeito-assassinado-toma-posse-em-sessao-virtual-e-dedica-vitoria-ao-marido\/#primaryimage"},"thumbnailUrl":"https:\/\/deputadotaveirajr.com.br\/wp-content\/uploads\/2025\/01\/fatinha-empossada-aREUHZ.jpeg","datePublished":"2025-01-01T19:00:59+00:00","breadcrumb":{"@id":"https:\/\/deputadotaveirajr.com.br\/index.php\/rn-viuva-de-prefeito-assassinado-toma-posse-em-sessao-virtual-e-dedica-vitoria-ao-marido\/#breadcrumb"},"inLanguage":"pt-BR","potentialAction":[{"@type":"ReadAction","target":["https:\/\/deputadotaveirajr.com.br\/index.php\/rn-viuva-de-prefeito-assassinado-toma-posse-em-sessao-virtual-e-dedica-vitoria-ao-marido\/"]}]},{"@type":"ImageObject","inLanguage":"pt-BR","@id":"https:\/\/deputadotaveirajr.com.br\/index.php\/rn-viuva-de-prefeito-assassinado-toma-posse-em-sessao-virtual-e-dedica-vitoria-ao-marido\/#primaryimage","url":"https:\/\/deputadotaveirajr.com.br\/wp-content\/uploads\/2025\/01\/fatinha-empossada-aREUHZ.jpeg","contentUrl":"https:\/\/deputadotaveirajr.com.br\/wp-content\/uploads\/2025\/01\/fatinha-empossada-aREUHZ.jpeg","width":1080,"height":1080},{"@type":"BreadcrumbList","@id":"https:\/\/deputadotaveirajr.com.br\/index.php\/rn-viuva-de-prefeito-assassinado-toma-posse-em-sessao-virtual-e-dedica-vitoria-ao-marido\/#breadcrumb","itemListElement":[{"@type":"ListItem","position":1,"name":"In\u00edcio","item":"https:\/\/deputadotaveirajr.com.br\/"},{"@type":"ListItem","position":2,"name":"RN: Vi\u00fava de prefeito assassinado toma posse em sess\u00e3o virtual e dedica vit\u00f3ria ao marido"}]},{"@type":"WebSite","@id":"https:\/\/deputadotaveirajr.com.br\/#website","url":"https:\/\/deputadotaveirajr.com.br\/","name":"Taveira Jr","description":"Deputado Estadual","publisher":{"@id":"https:\/\/deputadotaveirajr.com.br\/#organization"},"potentialAction":[{"@type":"SearchAction","target":{"@type":"EntryPoint","urlTemplate":"https:\/\/deputadotaveirajr.com.br\/?s={search_term_string}"},"query-input":{"@type":"PropertyValueSpecification","valueRequired":true,"valueName":"search_term_string"}}],"inLanguage":"pt-BR"},{"@type":"Organization","@id":"https:\/\/deputadotaveirajr.com.br\/#organization","name":"Taveira Jr","url":"https:\/\/deputadotaveirajr.com.br\/","logo":{"@type":"ImageObject","inLanguage":"pt-BR","@id":"https:\/\/deputadotaveirajr.com.br\/#\/schema\/logo\/image\/","url":"https:\/\/deputadotaveirajr.com.br\/wp-content\/uploads\/2026\/01\/logolow2a.png","contentUrl":"https:\/\/deputadotaveirajr.com.br\/wp-content\/uploads\/2026\/01\/logolow2a.png","width":290,"height":80,"caption":"Taveira Jr"},"image":{"@id":"https:\/\/deputadotaveirajr.com.br\/#\/schema\/logo\/image\/"}}]}},"_links":{"self":[{"href":"https:\/\/deputadotaveirajr.com.br\/index.php\/wp-json\/wp\/v2\/pages\/11910","targetHints":{"allow":["GET"]}}],"collection":[{"href":"https:\/\/deputadotaveirajr.com.br\/index.php\/wp-json\/wp\/v2\/pages"}],"about":[{"href":"https:\/\/deputadotaveirajr.com.br\/index.php\/wp-json\/wp\/v2\/types\/page"}],"replies":[{"embeddable":true,"href":"https:\/\/deputadotaveirajr.com.br\/index.php\/wp-json\/wp\/v2\/comments?post=11910"}],"version-history":[{"count":0,"href":"https:\/\/deputadotaveirajr.com.br\/index.php\/wp-json\/wp\/v2\/pages\/11910\/revisions"}],"wp:featuredmedia":[{"embeddable":true,"href":"https:\/\/deputadotaveirajr.com.br\/index.php\/wp-json\/wp\/v2\/media\/11911"}],"wp:attachment":[{"href":"https:\/\/deputadotaveirajr.com.br\/index.php\/wp-json\/wp\/v2\/media?parent=11910"}],"curies":[{"name":"wp","href":"https:\/\/api.w.org\/{rel}","templated":true}]}}