{"id":11912,"date":"2025-01-01T12:06:36","date_gmt":"2025-01-01T15:06:36","guid":{"rendered":"https:\/\/deputadotaveirajr.com.br\/index.php\/mega-da-virada-10-apostas-do-rn-acertam-cinco-numeros-e-levam-premios-de-ate-r-988-mil\/"},"modified":"2025-01-01T12:06:36","modified_gmt":"2025-01-01T15:06:36","slug":"mega-da-virada-10-apostas-do-rn-acertam-cinco-numeros-e-levam-premios-de-ate-r-988-mil","status":"publish","type":"page","link":"https:\/\/deputadotaveirajr.com.br\/index.php\/mega-da-virada-10-apostas-do-rn-acertam-cinco-numeros-e-levam-premios-de-ate-r-988-mil\/","title":{"rendered":"Mega da Virada: 10 apostas do RN acertam cinco n\u00fameros e levam pr\u00eamios de at\u00e9 R$ 988 mil"},"content":{"rendered":"<p><img decoding=\"async\" src=\"https:\/\/s2-g1.glbimg.com\/lmx_Z8ng4b5QlL7j8kAp4ldHlag=\/i.s3.glbimg.com\/v1\/AUTH_59edd422c0c84a879bd37670ae4f538a\/internal_photos\/bs\/2024\/m\/R\/03EakJRBCvhXGnjYA6xQ\/fta20241227007.jpg\" \/><br \/>     O \u00faltimo sorteio da Mega-Sena de 2024 teve o maior pr\u00eamio da hist\u00f3ria. Oito apostas acertaram as seis dezenas e dividiram os R$ 635.486.165,38.  Mega Sena da Virada<br \/>\nAntonio Machado\/FOTOARENA\/Estad\u00e3o Conte\u00fado<br \/>\nDez apostas feitas no Rio Grande do Norte acertaram cinco n\u00fameros na Mega-Sena da Virada, \u00faltimo concurso de 2024, cujo sorteio foi realizado na noite desta ter\u00e7a-feira (31), em S\u00e3o Paulo. Com o resultado, as apostas potiguares que acertaram a quina levaram pr\u00eamios de at\u00e9 R$ 988 mil.<br \/>\n\ud83d\udc49 Os n\u00fameros sorteados foram: 01 &#8211; 17 &#8211; 19 &#8211; 29 &#8211; 50 &#8211; 57<br \/>\nOito apostas acertaram as seis dezenas e v\u00e3o dividir o pr\u00eamio de R$ 635.486.165,38, o maior valor da hist\u00f3ria do concurso especial. As vencedoras s\u00e3o do pr\u00eamio m\u00e1ximo s\u00e3o de Bras\u00edlia (DF), com 2 apostas vencedoras; Nova Lima (MG), com 1 aposta vencedora; Curitiba (PR), com 2 apostas vencedoras; Pinhais (PR), com 1 aposta vencedora; Osasco (SP), com 1 aposta vencedora; e Tup\u00e3 (SP), com 1 aposta vencedora.<br \/>\nPara quem acertou a quina, ou seja, cinco n\u00fameros, o valor do pr\u00eamio foi de R$ 65.895,79. Dependendo da quantidade de n\u00fameros apostados no bol\u00e3o, o valor pode aumentar. As apostas potiguares com 6 n\u00fameros ganharam R$ 65.895,79. J\u00e1 um bol\u00e3o feito em uma lot\u00e9rica de Parnamirim com 20 n\u00fameros ganhou R$ 988.436,00.<br \/>\nConfira os locais das apostas potiguares que acertaram a quina:<br \/>\nAnt\u00f4nio Martins &#8211; R$ 65.895,79<br \/>\nExtremoz &#8211; R$ 65.895,79<br \/>\nJo\u00e3o C\u00e2mara &#8211; R$ 65.895,79<br \/>\nNatal &#8211; R$ 263.583,00<br \/>\nNatal &#8211; R$ 65.895,79<br \/>\nNatal &#8211; R$ 65.895,79<br \/>\nNatal &#8211; R$ 65.895,76<br \/>\nNatal &#8211; R$ 65.895,78<br \/>\nNatal &#8211; R$ 65.895,79<br \/>\nParnamirim &#8211; R$ 988.436,00<br \/>\nO pr\u00f3ximo sorteio da Mega-Sena est\u00e1 marcado para s\u00e1bado (10), com pr\u00eamio estimado em R$ 3,5 milh\u00f5es.<br \/>\nConfira os n\u00fameros sorteados na Mega da Virada 2024<br \/>\nV\u00eddeos: Mais vistos do RN<\/p>","protected":false},"excerpt":{"rendered":"<p>O \u00faltimo sorteio da Mega-Sena de 2024 teve o maior pr\u00eamio da hist\u00f3ria. Oito apostas acertaram as seis dezenas e dividiram os R$ 635.486.165,38. Mega Sena da Virada Antonio Machado\/FOTOARENA\/Estad\u00e3o &#8230;<\/p>\n","protected":false},"author":0,"featured_media":11913,"parent":0,"menu_order":0,"comment_status":"closed","ping_status":"closed","template":"","meta":{"footnotes":""},"class_list":["post-11912","page","type-page","status-publish","has-post-thumbnail","hentry"],"yoast_head":"<!-- This site is optimized with the Yoast SEO plugin v27.1.1 - https:\/\/yoast.com\/product\/yoast-seo-wordpress\/ -->\n<title>Mega da Virada: 10 apostas do RN acertam cinco n\u00fameros e levam pr\u00eamios de at\u00e9 R$ 988 mil - Taveira Jr<\/title>\n<meta name=\"robots\" content=\"index, follow, max-snippet:-1, max-image-preview:large, max-video-preview:-1\" \/>\n<link rel=\"canonical\" href=\"https:\/\/deputadotaveirajr.com.br\/index.php\/mega-da-virada-10-apostas-do-rn-acertam-cinco-numeros-e-levam-premios-de-ate-r-988-mil\/\" \/>\n<meta property=\"og:locale\" content=\"pt_BR\" \/>\n<meta property=\"og:type\" content=\"article\" \/>\n<meta property=\"og:title\" content=\"Mega da Virada: 10 apostas do RN acertam cinco n\u00fameros e levam pr\u00eamios de at\u00e9 R$ 988 mil - Taveira Jr\" \/>\n<meta property=\"og:description\" content=\"O \u00faltimo sorteio da Mega-Sena de 2024 teve o maior pr\u00eamio da hist\u00f3ria. Oito apostas acertaram as seis dezenas e dividiram os R$ 635.486.165,38. Mega Sena da Virada Antonio Machado\/FOTOARENA\/Estad\u00e3o ...\" \/>\n<meta property=\"og:url\" content=\"https:\/\/deputadotaveirajr.com.br\/index.php\/mega-da-virada-10-apostas-do-rn-acertam-cinco-numeros-e-levam-premios-de-ate-r-988-mil\/\" \/>\n<meta property=\"og:site_name\" content=\"Taveira Jr\" \/>\n<meta property=\"og:image\" content=\"https:\/\/s2-g1.glbimg.com\/lmx_Z8ng4b5QlL7j8kAp4ldHlag=\/i.s3.glbimg.com\/v1\/AUTH_59edd422c0c84a879bd37670ae4f538a\/internal_photos\/bs\/2024\/m\/R\/03EakJRBCvhXGnjYA6xQ\/fta20241227007.jpg\" \/>\n<meta name=\"twitter:card\" content=\"summary_large_image\" \/>\n<meta name=\"twitter:label1\" content=\"Est. tempo de leitura\" \/>\n\t<meta name=\"twitter:data1\" content=\"1 minuto\" \/>\n<script type=\"application\/ld+json\" class=\"yoast-schema-graph\">{\"@context\":\"https:\/\/schema.org\",\"@graph\":[{\"@type\":\"WebPage\",\"@id\":\"https:\/\/deputadotaveirajr.com.br\/index.php\/mega-da-virada-10-apostas-do-rn-acertam-cinco-numeros-e-levam-premios-de-ate-r-988-mil\/\",\"url\":\"https:\/\/deputadotaveirajr.com.br\/index.php\/mega-da-virada-10-apostas-do-rn-acertam-cinco-numeros-e-levam-premios-de-ate-r-988-mil\/\",\"name\":\"Mega da Virada: 10 apostas do RN acertam cinco n\u00fameros e levam pr\u00eamios de at\u00e9 R$ 988 mil - Taveira Jr\",\"isPartOf\":{\"@id\":\"https:\/\/deputadotaveirajr.com.br\/#website\"},\"primaryImageOfPage\":{\"@id\":\"https:\/\/deputadotaveirajr.com.br\/index.php\/mega-da-virada-10-apostas-do-rn-acertam-cinco-numeros-e-levam-premios-de-ate-r-988-mil\/#primaryimage\"},\"image\":{\"@id\":\"https:\/\/deputadotaveirajr.com.br\/index.php\/mega-da-virada-10-apostas-do-rn-acertam-cinco-numeros-e-levam-premios-de-ate-r-988-mil\/#primaryimage\"},\"thumbnailUrl\":\"https:\/\/deputadotaveirajr.com.br\/wp-content\/uploads\/2025\/01\/fta20241227007-4CCnaa-scaled.jpeg\",\"datePublished\":\"2025-01-01T15:06:36+00:00\",\"breadcrumb\":{\"@id\":\"https:\/\/deputadotaveirajr.com.br\/index.php\/mega-da-virada-10-apostas-do-rn-acertam-cinco-numeros-e-levam-premios-de-ate-r-988-mil\/#breadcrumb\"},\"inLanguage\":\"pt-BR\",\"potentialAction\":[{\"@type\":\"ReadAction\",\"target\":[\"https:\/\/deputadotaveirajr.com.br\/index.php\/mega-da-virada-10-apostas-do-rn-acertam-cinco-numeros-e-levam-premios-de-ate-r-988-mil\/\"]}]},{\"@type\":\"ImageObject\",\"inLanguage\":\"pt-BR\",\"@id\":\"https:\/\/deputadotaveirajr.com.br\/index.php\/mega-da-virada-10-apostas-do-rn-acertam-cinco-numeros-e-levam-premios-de-ate-r-988-mil\/#primaryimage\",\"url\":\"https:\/\/deputadotaveirajr.com.br\/wp-content\/uploads\/2025\/01\/fta20241227007-4CCnaa-scaled.jpeg\",\"contentUrl\":\"https:\/\/deputadotaveirajr.com.br\/wp-content\/uploads\/2025\/01\/fta20241227007-4CCnaa-scaled.jpeg\",\"width\":2560,\"height\":1707},{\"@type\":\"BreadcrumbList\",\"@id\":\"https:\/\/deputadotaveirajr.com.br\/index.php\/mega-da-virada-10-apostas-do-rn-acertam-cinco-numeros-e-levam-premios-de-ate-r-988-mil\/#breadcrumb\",\"itemListElement\":[{\"@type\":\"ListItem\",\"position\":1,\"name\":\"In\u00edcio\",\"item\":\"https:\/\/deputadotaveirajr.com.br\/\"},{\"@type\":\"ListItem\",\"position\":2,\"name\":\"Mega da Virada: 10 apostas do RN acertam cinco n\u00fameros e levam pr\u00eamios de at\u00e9 R$ 988 mil\"}]},{\"@type\":\"WebSite\",\"@id\":\"https:\/\/deputadotaveirajr.com.br\/#website\",\"url\":\"https:\/\/deputadotaveirajr.com.br\/\",\"name\":\"Taveira Jr\",\"description\":\"Deputado Estadual\",\"publisher\":{\"@id\":\"https:\/\/deputadotaveirajr.com.br\/#organization\"},\"potentialAction\":[{\"@type\":\"SearchAction\",\"target\":{\"@type\":\"EntryPoint\",\"urlTemplate\":\"https:\/\/deputadotaveirajr.com.br\/?s={search_term_string}\"},\"query-input\":{\"@type\":\"PropertyValueSpecification\",\"valueRequired\":true,\"valueName\":\"search_term_string\"}}],\"inLanguage\":\"pt-BR\"},{\"@type\":\"Organization\",\"@id\":\"https:\/\/deputadotaveirajr.com.br\/#organization\",\"name\":\"Taveira Jr\",\"url\":\"https:\/\/deputadotaveirajr.com.br\/\",\"logo\":{\"@type\":\"ImageObject\",\"inLanguage\":\"pt-BR\",\"@id\":\"https:\/\/deputadotaveirajr.com.br\/#\/schema\/logo\/image\/\",\"url\":\"https:\/\/deputadotaveirajr.com.br\/wp-content\/uploads\/2026\/01\/logolow2a.png\",\"contentUrl\":\"https:\/\/deputadotaveirajr.com.br\/wp-content\/uploads\/2026\/01\/logolow2a.png\",\"width\":290,\"height\":80,\"caption\":\"Taveira Jr\"},\"image\":{\"@id\":\"https:\/\/deputadotaveirajr.com.br\/#\/schema\/logo\/image\/\"}}]}<\/script>\n<!-- \/ Yoast SEO plugin. -->","yoast_head_json":{"title":"Mega da Virada: 10 apostas do RN acertam cinco n\u00fameros e levam pr\u00eamios de at\u00e9 R$ 988 mil - Taveira Jr","robots":{"index":"index","follow":"follow","max-snippet":"max-snippet:-1","max-image-preview":"max-image-preview:large","max-video-preview":"max-video-preview:-1"},"canonical":"https:\/\/deputadotaveirajr.com.br\/index.php\/mega-da-virada-10-apostas-do-rn-acertam-cinco-numeros-e-levam-premios-de-ate-r-988-mil\/","og_locale":"pt_BR","og_type":"article","og_title":"Mega da Virada: 10 apostas do RN acertam cinco n\u00fameros e levam pr\u00eamios de at\u00e9 R$ 988 mil - Taveira Jr","og_description":"O \u00faltimo sorteio da Mega-Sena de 2024 teve o maior pr\u00eamio da hist\u00f3ria. Oito apostas acertaram as seis dezenas e dividiram os R$ 635.486.165,38. Mega Sena da Virada Antonio Machado\/FOTOARENA\/Estad\u00e3o ...","og_url":"https:\/\/deputadotaveirajr.com.br\/index.php\/mega-da-virada-10-apostas-do-rn-acertam-cinco-numeros-e-levam-premios-de-ate-r-988-mil\/","og_site_name":"Taveira Jr","og_image":[{"url":"https:\/\/s2-g1.glbimg.com\/lmx_Z8ng4b5QlL7j8kAp4ldHlag=\/i.s3.glbimg.com\/v1\/AUTH_59edd422c0c84a879bd37670ae4f538a\/internal_photos\/bs\/2024\/m\/R\/03EakJRBCvhXGnjYA6xQ\/fta20241227007.jpg","type":"","width":"","height":""}],"twitter_card":"summary_large_image","twitter_misc":{"Est. tempo de leitura":"1 minuto"},"schema":{"@context":"https:\/\/schema.org","@graph":[{"@type":"WebPage","@id":"https:\/\/deputadotaveirajr.com.br\/index.php\/mega-da-virada-10-apostas-do-rn-acertam-cinco-numeros-e-levam-premios-de-ate-r-988-mil\/","url":"https:\/\/deputadotaveirajr.com.br\/index.php\/mega-da-virada-10-apostas-do-rn-acertam-cinco-numeros-e-levam-premios-de-ate-r-988-mil\/","name":"Mega da Virada: 10 apostas do RN acertam cinco n\u00fameros e levam pr\u00eamios de at\u00e9 R$ 988 mil - Taveira Jr","isPartOf":{"@id":"https:\/\/deputadotaveirajr.com.br\/#website"},"primaryImageOfPage":{"@id":"https:\/\/deputadotaveirajr.com.br\/index.php\/mega-da-virada-10-apostas-do-rn-acertam-cinco-numeros-e-levam-premios-de-ate-r-988-mil\/#primaryimage"},"image":{"@id":"https:\/\/deputadotaveirajr.com.br\/index.php\/mega-da-virada-10-apostas-do-rn-acertam-cinco-numeros-e-levam-premios-de-ate-r-988-mil\/#primaryimage"},"thumbnailUrl":"https:\/\/deputadotaveirajr.com.br\/wp-content\/uploads\/2025\/01\/fta20241227007-4CCnaa-scaled.jpeg","datePublished":"2025-01-01T15:06:36+00:00","breadcrumb":{"@id":"https:\/\/deputadotaveirajr.com.br\/index.php\/mega-da-virada-10-apostas-do-rn-acertam-cinco-numeros-e-levam-premios-de-ate-r-988-mil\/#breadcrumb"},"inLanguage":"pt-BR","potentialAction":[{"@type":"ReadAction","target":["https:\/\/deputadotaveirajr.com.br\/index.php\/mega-da-virada-10-apostas-do-rn-acertam-cinco-numeros-e-levam-premios-de-ate-r-988-mil\/"]}]},{"@type":"ImageObject","inLanguage":"pt-BR","@id":"https:\/\/deputadotaveirajr.com.br\/index.php\/mega-da-virada-10-apostas-do-rn-acertam-cinco-numeros-e-levam-premios-de-ate-r-988-mil\/#primaryimage","url":"https:\/\/deputadotaveirajr.com.br\/wp-content\/uploads\/2025\/01\/fta20241227007-4CCnaa-scaled.jpeg","contentUrl":"https:\/\/deputadotaveirajr.com.br\/wp-content\/uploads\/2025\/01\/fta20241227007-4CCnaa-scaled.jpeg","width":2560,"height":1707},{"@type":"BreadcrumbList","@id":"https:\/\/deputadotaveirajr.com.br\/index.php\/mega-da-virada-10-apostas-do-rn-acertam-cinco-numeros-e-levam-premios-de-ate-r-988-mil\/#breadcrumb","itemListElement":[{"@type":"ListItem","position":1,"name":"In\u00edcio","item":"https:\/\/deputadotaveirajr.com.br\/"},{"@type":"ListItem","position":2,"name":"Mega da Virada: 10 apostas do RN acertam cinco n\u00fameros e levam pr\u00eamios de at\u00e9 R$ 988 mil"}]},{"@type":"WebSite","@id":"https:\/\/deputadotaveirajr.com.br\/#website","url":"https:\/\/deputadotaveirajr.com.br\/","name":"Taveira Jr","description":"Deputado Estadual","publisher":{"@id":"https:\/\/deputadotaveirajr.com.br\/#organization"},"potentialAction":[{"@type":"SearchAction","target":{"@type":"EntryPoint","urlTemplate":"https:\/\/deputadotaveirajr.com.br\/?s={search_term_string}"},"query-input":{"@type":"PropertyValueSpecification","valueRequired":true,"valueName":"search_term_string"}}],"inLanguage":"pt-BR"},{"@type":"Organization","@id":"https:\/\/deputadotaveirajr.com.br\/#organization","name":"Taveira Jr","url":"https:\/\/deputadotaveirajr.com.br\/","logo":{"@type":"ImageObject","inLanguage":"pt-BR","@id":"https:\/\/deputadotaveirajr.com.br\/#\/schema\/logo\/image\/","url":"https:\/\/deputadotaveirajr.com.br\/wp-content\/uploads\/2026\/01\/logolow2a.png","contentUrl":"https:\/\/deputadotaveirajr.com.br\/wp-content\/uploads\/2026\/01\/logolow2a.png","width":290,"height":80,"caption":"Taveira Jr"},"image":{"@id":"https:\/\/deputadotaveirajr.com.br\/#\/schema\/logo\/image\/"}}]}},"_links":{"self":[{"href":"https:\/\/deputadotaveirajr.com.br\/index.php\/wp-json\/wp\/v2\/pages\/11912","targetHints":{"allow":["GET"]}}],"collection":[{"href":"https:\/\/deputadotaveirajr.com.br\/index.php\/wp-json\/wp\/v2\/pages"}],"about":[{"href":"https:\/\/deputadotaveirajr.com.br\/index.php\/wp-json\/wp\/v2\/types\/page"}],"replies":[{"embeddable":true,"href":"https:\/\/deputadotaveirajr.com.br\/index.php\/wp-json\/wp\/v2\/comments?post=11912"}],"version-history":[{"count":0,"href":"https:\/\/deputadotaveirajr.com.br\/index.php\/wp-json\/wp\/v2\/pages\/11912\/revisions"}],"wp:featuredmedia":[{"embeddable":true,"href":"https:\/\/deputadotaveirajr.com.br\/index.php\/wp-json\/wp\/v2\/media\/11913"}],"wp:attachment":[{"href":"https:\/\/deputadotaveirajr.com.br\/index.php\/wp-json\/wp\/v2\/media?parent=11912"}],"curies":[{"name":"wp","href":"https:\/\/api.w.org\/{rel}","templated":true}]}}