{"id":11924,"date":"2025-01-04T12:54:53","date_gmt":"2025-01-04T15:54:53","guid":{"rendered":"https:\/\/deputadotaveirajr.com.br\/index.php\/litoral-potiguar-tem-tres-pontos-improprios-para-o-banho-no-primeiro-fim-de-semana-de-2025\/"},"modified":"2025-01-04T12:54:53","modified_gmt":"2025-01-04T15:54:53","slug":"litoral-potiguar-tem-tres-pontos-improprios-para-o-banho-no-primeiro-fim-de-semana-de-2025","status":"publish","type":"page","link":"https:\/\/deputadotaveirajr.com.br\/index.php\/litoral-potiguar-tem-tres-pontos-improprios-para-o-banho-no-primeiro-fim-de-semana-de-2025\/","title":{"rendered":"Litoral potiguar tem tr\u00eas pontos impr\u00f3prios para o banho no primeiro fim de semana de 2025"},"content":{"rendered":"<p><img decoding=\"async\" src=\"https:\/\/s2-g1.glbimg.com\/1m94d5VzKAdYBR6pl-mi4oNm2UQ=\/i.s3.glbimg.com\/v1\/AUTH_59edd422c0c84a879bd37670ae4f538a\/internal_photos\/bs\/2025\/H\/A\/bvumSwRIaNbBC2hzYMuQ\/primeiro-boletim-de-banealidade-de-2025-foto-caroline-macedo.jpg\" \/><br \/>     Praias de Natal e regi\u00e3o metropolitana est\u00e3o com boa qualidade da \u00e1gua, segundo boletim publicado na sexta-feira (3). Trechos impr\u00f3prios ficam em rios.  Praias est\u00e3o pr\u00f3prias para banho, mas boletim aponta trechos de rios impr\u00f3prios no primeiro fim de semana de 2025 no RN<br \/>\nCaroline Macedo\/Idema<br \/>\nO litoral potiguar tem tr\u00eas pontos impr\u00f3prios para banho no primeiro fim de semana de 2025, segundo o boletim da balneabilidade das praias do Rio Grande do Norte emitido nesta sexta-feira (3) pelo Instituto de Desenvolvimento Sustent\u00e1vel e Meio Ambiente (Idema).<br \/>\n\ud83d\udcf3Participe do canal do g1 RN no WhatsApp<br \/>\nOs pontos identificados como impr\u00f3prios s\u00e3o todos ligados aos Rios Pirangi e Pium, na Grande Natal:<br \/>\nRio Pirangi-Pium (Balne\u00e1rio Pium), em Parnamirim<br \/>\nRio Pirangi (Ponte Nova), em Parnamirim<br \/>\nFoz do Rio Pirangi, em N\u00edsia Floresta.<br \/>\nOutros 48 trechos analisados em praias de Natal e da regi\u00e3o metropolitana, est\u00e3o pr\u00f3prios para banho.<br \/>\nNo per\u00edodo do ver\u00e3o, o programa de balneabilidade amplia o rol de \u00e1reas analisadas. Ao longo do ano, s\u00e3o 33 pontos de coleta, mas, no veraneio s\u00e3o coletadas e classificadas 51 amostras de \u00e1gua em pontos distribu\u00eddos em toda a faixa costeira potiguar, de Ba\u00eda Formosa a Tibau.<br \/>\nA base dos dados analisa a quantidade de coliformes encontrados nas \u00e1guas, de acordo com a classifica\u00e7\u00e3o estabelecida na Resolu\u00e7\u00e3o n.\u00ba 274\/2000 do Conselho Nacional do Meio Ambiente &#8211; Conama.<br \/>\nO estudo \u00e9 uma parceria entre o Idema, o Instituto Federal de Educa\u00e7\u00e3o, Ci\u00eancia e Tecnologia do Rio Grande do Norte (IFRN) e a Funda\u00e7\u00e3o de Apoio \u00e0 Educa\u00e7\u00e3o e ao Desenvolvimento Tecnol\u00f3gico do RN (Funcern), e faz parte do Programa \u00c1gua Azul.<br \/>\nVeja os v\u00eddeos mais assistidos no g1 RN<\/p>","protected":false},"excerpt":{"rendered":"<p>Praias de Natal e regi\u00e3o metropolitana est\u00e3o com boa qualidade da \u00e1gua, segundo boletim publicado na sexta-feira (3). Trechos impr\u00f3prios ficam em rios. Praias est\u00e3o pr\u00f3prias para banho, mas boletim &#8230;<\/p>\n","protected":false},"author":0,"featured_media":11925,"parent":0,"menu_order":0,"comment_status":"closed","ping_status":"closed","template":"","meta":{"footnotes":""},"class_list":["post-11924","page","type-page","status-publish","has-post-thumbnail","hentry"],"yoast_head":"<!-- This site is optimized with the Yoast SEO plugin v27.1.1 - https:\/\/yoast.com\/product\/yoast-seo-wordpress\/ -->\n<title>Litoral potiguar tem tr\u00eas pontos impr\u00f3prios para o banho no primeiro fim de semana de 2025 - Taveira Jr<\/title>\n<meta name=\"robots\" content=\"index, follow, max-snippet:-1, max-image-preview:large, max-video-preview:-1\" \/>\n<link rel=\"canonical\" href=\"https:\/\/deputadotaveirajr.com.br\/index.php\/litoral-potiguar-tem-tres-pontos-improprios-para-o-banho-no-primeiro-fim-de-semana-de-2025\/\" \/>\n<meta property=\"og:locale\" content=\"pt_BR\" \/>\n<meta property=\"og:type\" content=\"article\" \/>\n<meta property=\"og:title\" content=\"Litoral potiguar tem tr\u00eas pontos impr\u00f3prios para o banho no primeiro fim de semana de 2025 - Taveira Jr\" \/>\n<meta property=\"og:description\" content=\"Praias de Natal e regi\u00e3o metropolitana est\u00e3o com boa qualidade da \u00e1gua, segundo boletim publicado na sexta-feira (3). Trechos impr\u00f3prios ficam em rios. Praias est\u00e3o pr\u00f3prias para banho, mas boletim ...\" \/>\n<meta property=\"og:url\" content=\"https:\/\/deputadotaveirajr.com.br\/index.php\/litoral-potiguar-tem-tres-pontos-improprios-para-o-banho-no-primeiro-fim-de-semana-de-2025\/\" \/>\n<meta property=\"og:site_name\" content=\"Taveira Jr\" \/>\n<meta property=\"og:image\" content=\"https:\/\/s2-g1.glbimg.com\/1m94d5VzKAdYBR6pl-mi4oNm2UQ=\/i.s3.glbimg.com\/v1\/AUTH_59edd422c0c84a879bd37670ae4f538a\/internal_photos\/bs\/2025\/H\/A\/bvumSwRIaNbBC2hzYMuQ\/primeiro-boletim-de-banealidade-de-2025-foto-caroline-macedo.jpg\" \/>\n<meta name=\"twitter:card\" content=\"summary_large_image\" \/>\n<meta name=\"twitter:label1\" content=\"Est. tempo de leitura\" \/>\n\t<meta name=\"twitter:data1\" content=\"1 minuto\" \/>\n<script type=\"application\/ld+json\" class=\"yoast-schema-graph\">{\"@context\":\"https:\/\/schema.org\",\"@graph\":[{\"@type\":\"WebPage\",\"@id\":\"https:\/\/deputadotaveirajr.com.br\/index.php\/litoral-potiguar-tem-tres-pontos-improprios-para-o-banho-no-primeiro-fim-de-semana-de-2025\/\",\"url\":\"https:\/\/deputadotaveirajr.com.br\/index.php\/litoral-potiguar-tem-tres-pontos-improprios-para-o-banho-no-primeiro-fim-de-semana-de-2025\/\",\"name\":\"Litoral potiguar tem tr\u00eas pontos impr\u00f3prios para o banho no primeiro fim de semana de 2025 - Taveira Jr\",\"isPartOf\":{\"@id\":\"https:\/\/deputadotaveirajr.com.br\/#website\"},\"primaryImageOfPage\":{\"@id\":\"https:\/\/deputadotaveirajr.com.br\/index.php\/litoral-potiguar-tem-tres-pontos-improprios-para-o-banho-no-primeiro-fim-de-semana-de-2025\/#primaryimage\"},\"image\":{\"@id\":\"https:\/\/deputadotaveirajr.com.br\/index.php\/litoral-potiguar-tem-tres-pontos-improprios-para-o-banho-no-primeiro-fim-de-semana-de-2025\/#primaryimage\"},\"thumbnailUrl\":\"https:\/\/deputadotaveirajr.com.br\/wp-content\/uploads\/2025\/01\/primeiro-boletim-de-banealidade-de-2025-foto-caroline-macedo-oOrKms-scaled.jpeg\",\"datePublished\":\"2025-01-04T15:54:53+00:00\",\"breadcrumb\":{\"@id\":\"https:\/\/deputadotaveirajr.com.br\/index.php\/litoral-potiguar-tem-tres-pontos-improprios-para-o-banho-no-primeiro-fim-de-semana-de-2025\/#breadcrumb\"},\"inLanguage\":\"pt-BR\",\"potentialAction\":[{\"@type\":\"ReadAction\",\"target\":[\"https:\/\/deputadotaveirajr.com.br\/index.php\/litoral-potiguar-tem-tres-pontos-improprios-para-o-banho-no-primeiro-fim-de-semana-de-2025\/\"]}]},{\"@type\":\"ImageObject\",\"inLanguage\":\"pt-BR\",\"@id\":\"https:\/\/deputadotaveirajr.com.br\/index.php\/litoral-potiguar-tem-tres-pontos-improprios-para-o-banho-no-primeiro-fim-de-semana-de-2025\/#primaryimage\",\"url\":\"https:\/\/deputadotaveirajr.com.br\/wp-content\/uploads\/2025\/01\/primeiro-boletim-de-banealidade-de-2025-foto-caroline-macedo-oOrKms-scaled.jpeg\",\"contentUrl\":\"https:\/\/deputadotaveirajr.com.br\/wp-content\/uploads\/2025\/01\/primeiro-boletim-de-banealidade-de-2025-foto-caroline-macedo-oOrKms-scaled.jpeg\",\"width\":2560,\"height\":1920},{\"@type\":\"BreadcrumbList\",\"@id\":\"https:\/\/deputadotaveirajr.com.br\/index.php\/litoral-potiguar-tem-tres-pontos-improprios-para-o-banho-no-primeiro-fim-de-semana-de-2025\/#breadcrumb\",\"itemListElement\":[{\"@type\":\"ListItem\",\"position\":1,\"name\":\"In\u00edcio\",\"item\":\"https:\/\/deputadotaveirajr.com.br\/\"},{\"@type\":\"ListItem\",\"position\":2,\"name\":\"Litoral potiguar tem tr\u00eas pontos impr\u00f3prios para o banho no primeiro fim de semana de 2025\"}]},{\"@type\":\"WebSite\",\"@id\":\"https:\/\/deputadotaveirajr.com.br\/#website\",\"url\":\"https:\/\/deputadotaveirajr.com.br\/\",\"name\":\"Taveira Jr\",\"description\":\"Deputado Estadual\",\"publisher\":{\"@id\":\"https:\/\/deputadotaveirajr.com.br\/#organization\"},\"potentialAction\":[{\"@type\":\"SearchAction\",\"target\":{\"@type\":\"EntryPoint\",\"urlTemplate\":\"https:\/\/deputadotaveirajr.com.br\/?s={search_term_string}\"},\"query-input\":{\"@type\":\"PropertyValueSpecification\",\"valueRequired\":true,\"valueName\":\"search_term_string\"}}],\"inLanguage\":\"pt-BR\"},{\"@type\":\"Organization\",\"@id\":\"https:\/\/deputadotaveirajr.com.br\/#organization\",\"name\":\"Taveira Jr\",\"url\":\"https:\/\/deputadotaveirajr.com.br\/\",\"logo\":{\"@type\":\"ImageObject\",\"inLanguage\":\"pt-BR\",\"@id\":\"https:\/\/deputadotaveirajr.com.br\/#\/schema\/logo\/image\/\",\"url\":\"https:\/\/deputadotaveirajr.com.br\/wp-content\/uploads\/2026\/01\/logolow2a.png\",\"contentUrl\":\"https:\/\/deputadotaveirajr.com.br\/wp-content\/uploads\/2026\/01\/logolow2a.png\",\"width\":290,\"height\":80,\"caption\":\"Taveira Jr\"},\"image\":{\"@id\":\"https:\/\/deputadotaveirajr.com.br\/#\/schema\/logo\/image\/\"}}]}<\/script>\n<!-- \/ Yoast SEO plugin. -->","yoast_head_json":{"title":"Litoral potiguar tem tr\u00eas pontos impr\u00f3prios para o banho no primeiro fim de semana de 2025 - Taveira Jr","robots":{"index":"index","follow":"follow","max-snippet":"max-snippet:-1","max-image-preview":"max-image-preview:large","max-video-preview":"max-video-preview:-1"},"canonical":"https:\/\/deputadotaveirajr.com.br\/index.php\/litoral-potiguar-tem-tres-pontos-improprios-para-o-banho-no-primeiro-fim-de-semana-de-2025\/","og_locale":"pt_BR","og_type":"article","og_title":"Litoral potiguar tem tr\u00eas pontos impr\u00f3prios para o banho no primeiro fim de semana de 2025 - Taveira Jr","og_description":"Praias de Natal e regi\u00e3o metropolitana est\u00e3o com boa qualidade da \u00e1gua, segundo boletim publicado na sexta-feira (3). Trechos impr\u00f3prios ficam em rios. Praias est\u00e3o pr\u00f3prias para banho, mas boletim ...","og_url":"https:\/\/deputadotaveirajr.com.br\/index.php\/litoral-potiguar-tem-tres-pontos-improprios-para-o-banho-no-primeiro-fim-de-semana-de-2025\/","og_site_name":"Taveira Jr","og_image":[{"url":"https:\/\/s2-g1.glbimg.com\/1m94d5VzKAdYBR6pl-mi4oNm2UQ=\/i.s3.glbimg.com\/v1\/AUTH_59edd422c0c84a879bd37670ae4f538a\/internal_photos\/bs\/2025\/H\/A\/bvumSwRIaNbBC2hzYMuQ\/primeiro-boletim-de-banealidade-de-2025-foto-caroline-macedo.jpg","type":"","width":"","height":""}],"twitter_card":"summary_large_image","twitter_misc":{"Est. tempo de leitura":"1 minuto"},"schema":{"@context":"https:\/\/schema.org","@graph":[{"@type":"WebPage","@id":"https:\/\/deputadotaveirajr.com.br\/index.php\/litoral-potiguar-tem-tres-pontos-improprios-para-o-banho-no-primeiro-fim-de-semana-de-2025\/","url":"https:\/\/deputadotaveirajr.com.br\/index.php\/litoral-potiguar-tem-tres-pontos-improprios-para-o-banho-no-primeiro-fim-de-semana-de-2025\/","name":"Litoral potiguar tem tr\u00eas pontos impr\u00f3prios para o banho no primeiro fim de semana de 2025 - Taveira Jr","isPartOf":{"@id":"https:\/\/deputadotaveirajr.com.br\/#website"},"primaryImageOfPage":{"@id":"https:\/\/deputadotaveirajr.com.br\/index.php\/litoral-potiguar-tem-tres-pontos-improprios-para-o-banho-no-primeiro-fim-de-semana-de-2025\/#primaryimage"},"image":{"@id":"https:\/\/deputadotaveirajr.com.br\/index.php\/litoral-potiguar-tem-tres-pontos-improprios-para-o-banho-no-primeiro-fim-de-semana-de-2025\/#primaryimage"},"thumbnailUrl":"https:\/\/deputadotaveirajr.com.br\/wp-content\/uploads\/2025\/01\/primeiro-boletim-de-banealidade-de-2025-foto-caroline-macedo-oOrKms-scaled.jpeg","datePublished":"2025-01-04T15:54:53+00:00","breadcrumb":{"@id":"https:\/\/deputadotaveirajr.com.br\/index.php\/litoral-potiguar-tem-tres-pontos-improprios-para-o-banho-no-primeiro-fim-de-semana-de-2025\/#breadcrumb"},"inLanguage":"pt-BR","potentialAction":[{"@type":"ReadAction","target":["https:\/\/deputadotaveirajr.com.br\/index.php\/litoral-potiguar-tem-tres-pontos-improprios-para-o-banho-no-primeiro-fim-de-semana-de-2025\/"]}]},{"@type":"ImageObject","inLanguage":"pt-BR","@id":"https:\/\/deputadotaveirajr.com.br\/index.php\/litoral-potiguar-tem-tres-pontos-improprios-para-o-banho-no-primeiro-fim-de-semana-de-2025\/#primaryimage","url":"https:\/\/deputadotaveirajr.com.br\/wp-content\/uploads\/2025\/01\/primeiro-boletim-de-banealidade-de-2025-foto-caroline-macedo-oOrKms-scaled.jpeg","contentUrl":"https:\/\/deputadotaveirajr.com.br\/wp-content\/uploads\/2025\/01\/primeiro-boletim-de-banealidade-de-2025-foto-caroline-macedo-oOrKms-scaled.jpeg","width":2560,"height":1920},{"@type":"BreadcrumbList","@id":"https:\/\/deputadotaveirajr.com.br\/index.php\/litoral-potiguar-tem-tres-pontos-improprios-para-o-banho-no-primeiro-fim-de-semana-de-2025\/#breadcrumb","itemListElement":[{"@type":"ListItem","position":1,"name":"In\u00edcio","item":"https:\/\/deputadotaveirajr.com.br\/"},{"@type":"ListItem","position":2,"name":"Litoral potiguar tem tr\u00eas pontos impr\u00f3prios para o banho no primeiro fim de semana de 2025"}]},{"@type":"WebSite","@id":"https:\/\/deputadotaveirajr.com.br\/#website","url":"https:\/\/deputadotaveirajr.com.br\/","name":"Taveira Jr","description":"Deputado Estadual","publisher":{"@id":"https:\/\/deputadotaveirajr.com.br\/#organization"},"potentialAction":[{"@type":"SearchAction","target":{"@type":"EntryPoint","urlTemplate":"https:\/\/deputadotaveirajr.com.br\/?s={search_term_string}"},"query-input":{"@type":"PropertyValueSpecification","valueRequired":true,"valueName":"search_term_string"}}],"inLanguage":"pt-BR"},{"@type":"Organization","@id":"https:\/\/deputadotaveirajr.com.br\/#organization","name":"Taveira Jr","url":"https:\/\/deputadotaveirajr.com.br\/","logo":{"@type":"ImageObject","inLanguage":"pt-BR","@id":"https:\/\/deputadotaveirajr.com.br\/#\/schema\/logo\/image\/","url":"https:\/\/deputadotaveirajr.com.br\/wp-content\/uploads\/2026\/01\/logolow2a.png","contentUrl":"https:\/\/deputadotaveirajr.com.br\/wp-content\/uploads\/2026\/01\/logolow2a.png","width":290,"height":80,"caption":"Taveira Jr"},"image":{"@id":"https:\/\/deputadotaveirajr.com.br\/#\/schema\/logo\/image\/"}}]}},"_links":{"self":[{"href":"https:\/\/deputadotaveirajr.com.br\/index.php\/wp-json\/wp\/v2\/pages\/11924","targetHints":{"allow":["GET"]}}],"collection":[{"href":"https:\/\/deputadotaveirajr.com.br\/index.php\/wp-json\/wp\/v2\/pages"}],"about":[{"href":"https:\/\/deputadotaveirajr.com.br\/index.php\/wp-json\/wp\/v2\/types\/page"}],"replies":[{"embeddable":true,"href":"https:\/\/deputadotaveirajr.com.br\/index.php\/wp-json\/wp\/v2\/comments?post=11924"}],"version-history":[{"count":0,"href":"https:\/\/deputadotaveirajr.com.br\/index.php\/wp-json\/wp\/v2\/pages\/11924\/revisions"}],"wp:featuredmedia":[{"embeddable":true,"href":"https:\/\/deputadotaveirajr.com.br\/index.php\/wp-json\/wp\/v2\/media\/11925"}],"wp:attachment":[{"href":"https:\/\/deputadotaveirajr.com.br\/index.php\/wp-json\/wp\/v2\/media?parent=11924"}],"curies":[{"name":"wp","href":"https:\/\/api.w.org\/{rel}","templated":true}]}}