{"id":11930,"date":"2025-01-04T09:47:57","date_gmt":"2025-01-04T12:47:57","guid":{"rendered":"https:\/\/deputadotaveirajr.com.br\/index.php\/suspeito-em-fuga-perde-controle-de-carro-e-bate-em-casas-na-zona-oeste-de-natal\/"},"modified":"2025-01-04T09:47:57","modified_gmt":"2025-01-04T12:47:57","slug":"suspeito-em-fuga-perde-controle-de-carro-e-bate-em-casas-na-zona-oeste-de-natal","status":"publish","type":"page","link":"https:\/\/deputadotaveirajr.com.br\/index.php\/suspeito-em-fuga-perde-controle-de-carro-e-bate-em-casas-na-zona-oeste-de-natal\/","title":{"rendered":"Suspeito em fuga perde controle de carro e bate em casas na Zona Oeste de Natal"},"content":{"rendered":"<p><img decoding=\"async\" src=\"https:\/\/s2-g1.glbimg.com\/yrh2TN5iuxun0VXR2VoIpjLJhbE=\/i.s3.glbimg.com\/v1\/AUTH_59edd422c0c84a879bd37670ae4f538a\/internal_photos\/bs\/2025\/X\/C\/6agd2sT1Awrc5YnVSn0A\/whatsapp-image-2025-01-04-at-08.56.24.jpeg\" \/><br \/>     Caso aconteceu na madrugada deste s\u00e1bado (4) em Felipe Camar\u00e3o. Homem foi preso.  Casas atingidas por carro no bairro Felipe Camar\u00e3o, em Natal<br \/>\nVin\u00edcius Marinho\/Inter TV Cabugi<br \/>\nUm homem que fugia da pol\u00edcia perdeu controle do carro que estava conduzindo e bateu em duas casas no bairro Felipe Camar\u00e3o, na Zona Oeste de Natal, no in\u00edcio da madrugada deste s\u00e1bado (4).<br \/>\nO caso aconteceu na Rua Potiguares. Segundo testemunhas, o homem o perdeu o controle do ve\u00edculo ao passar por um quebra-molas.<br \/>\n\ud83d\udcf3Participe do canal do g1 RN no WhatsApp<br \/>\nNa primeira casa, mora uma idosa com cerca de 80 anos e, na outra, mais atingida, um casal e uma crian\u00e7a. Ningu\u00e9m ficou ferido.<br \/>\nDe acordo com o 9\u00ba Batalh\u00e3o da PM, o homem tinha agredindo a esposa em Cidade Nova e estava fugindo da pol\u00edcia. Ele estava s\u00f3 no carro.<br \/>\nO condutor foi preso e levado para a Delegacia da Mulher na Zona Norte da capital. Ele deve passar por audi\u00eancia de cust\u00f3dia na tarde deste s\u00e1bado (4).<br \/>\nPropriet\u00e1rio dos dois im\u00f3veis atingidos, o aposentado Lauro Ribeiro mora de frente ao local do acidente e disse que ouviu o barulho de uma forte pancada.<br \/>\n&#8220;Quando eu abri o port\u00e3o, a pol\u00edcia j\u00e1 estava aqui e ele j\u00e1 estava at\u00e9 na mala do carro. Est\u00e1 ai o preju\u00edzo. Ele foi preso, o tenente disse que eu fosse na delegacia prestar queixa, mas eu n\u00e3o fui porque j\u00e1 era mais de meia-noite. Gra\u00e7as a Deus n\u00e3o teve v\u00edtima&#8221;, disse.<br \/>\nVeja os v\u00eddeos mais assistidos no g1 RN<\/p>","protected":false},"excerpt":{"rendered":"<p>Caso aconteceu na madrugada deste s\u00e1bado (4) em Felipe Camar\u00e3o. Homem foi preso. Casas atingidas por carro no bairro Felipe Camar\u00e3o, em Natal Vin\u00edcius Marinho\/Inter TV Cabugi Um homem que &#8230;<\/p>\n","protected":false},"author":0,"featured_media":11931,"parent":0,"menu_order":0,"comment_status":"closed","ping_status":"closed","template":"","meta":{"footnotes":""},"class_list":["post-11930","page","type-page","status-publish","has-post-thumbnail","hentry"],"yoast_head":"<!-- This site is optimized with the Yoast SEO plugin v27.1.1 - https:\/\/yoast.com\/product\/yoast-seo-wordpress\/ -->\n<title>Suspeito em fuga perde controle de carro e bate em casas na Zona Oeste de Natal - Taveira Jr<\/title>\n<meta name=\"robots\" content=\"index, follow, max-snippet:-1, max-image-preview:large, max-video-preview:-1\" \/>\n<link rel=\"canonical\" href=\"https:\/\/deputadotaveirajr.com.br\/index.php\/suspeito-em-fuga-perde-controle-de-carro-e-bate-em-casas-na-zona-oeste-de-natal\/\" \/>\n<meta property=\"og:locale\" content=\"pt_BR\" \/>\n<meta property=\"og:type\" content=\"article\" \/>\n<meta property=\"og:title\" content=\"Suspeito em fuga perde controle de carro e bate em casas na Zona Oeste de Natal - Taveira Jr\" \/>\n<meta property=\"og:description\" content=\"Caso aconteceu na madrugada deste s\u00e1bado (4) em Felipe Camar\u00e3o. Homem foi preso. Casas atingidas por carro no bairro Felipe Camar\u00e3o, em Natal Vin\u00edcius Marinho\/Inter TV Cabugi Um homem que ...\" \/>\n<meta property=\"og:url\" content=\"https:\/\/deputadotaveirajr.com.br\/index.php\/suspeito-em-fuga-perde-controle-de-carro-e-bate-em-casas-na-zona-oeste-de-natal\/\" \/>\n<meta property=\"og:site_name\" content=\"Taveira Jr\" \/>\n<meta property=\"og:image\" content=\"https:\/\/s2-g1.glbimg.com\/yrh2TN5iuxun0VXR2VoIpjLJhbE=\/i.s3.glbimg.com\/v1\/AUTH_59edd422c0c84a879bd37670ae4f538a\/internal_photos\/bs\/2025\/X\/C\/6agd2sT1Awrc5YnVSn0A\/whatsapp-image-2025-01-04-at-08.56.24.jpeg\" \/>\n<meta name=\"twitter:card\" content=\"summary_large_image\" \/>\n<meta name=\"twitter:label1\" content=\"Est. tempo de leitura\" \/>\n\t<meta name=\"twitter:data1\" content=\"1 minuto\" \/>\n<script type=\"application\/ld+json\" class=\"yoast-schema-graph\">{\"@context\":\"https:\/\/schema.org\",\"@graph\":[{\"@type\":\"WebPage\",\"@id\":\"https:\/\/deputadotaveirajr.com.br\/index.php\/suspeito-em-fuga-perde-controle-de-carro-e-bate-em-casas-na-zona-oeste-de-natal\/\",\"url\":\"https:\/\/deputadotaveirajr.com.br\/index.php\/suspeito-em-fuga-perde-controle-de-carro-e-bate-em-casas-na-zona-oeste-de-natal\/\",\"name\":\"Suspeito em fuga perde controle de carro e bate em casas na Zona Oeste de Natal - Taveira Jr\",\"isPartOf\":{\"@id\":\"https:\/\/deputadotaveirajr.com.br\/#website\"},\"primaryImageOfPage\":{\"@id\":\"https:\/\/deputadotaveirajr.com.br\/index.php\/suspeito-em-fuga-perde-controle-de-carro-e-bate-em-casas-na-zona-oeste-de-natal\/#primaryimage\"},\"image\":{\"@id\":\"https:\/\/deputadotaveirajr.com.br\/index.php\/suspeito-em-fuga-perde-controle-de-carro-e-bate-em-casas-na-zona-oeste-de-natal\/#primaryimage\"},\"thumbnailUrl\":\"https:\/\/deputadotaveirajr.com.br\/wp-content\/uploads\/2025\/01\/whatsapp-image-2025-01-04-at-08.56.24-g1q1Kt.jpeg\",\"datePublished\":\"2025-01-04T12:47:57+00:00\",\"breadcrumb\":{\"@id\":\"https:\/\/deputadotaveirajr.com.br\/index.php\/suspeito-em-fuga-perde-controle-de-carro-e-bate-em-casas-na-zona-oeste-de-natal\/#breadcrumb\"},\"inLanguage\":\"pt-BR\",\"potentialAction\":[{\"@type\":\"ReadAction\",\"target\":[\"https:\/\/deputadotaveirajr.com.br\/index.php\/suspeito-em-fuga-perde-controle-de-carro-e-bate-em-casas-na-zona-oeste-de-natal\/\"]}]},{\"@type\":\"ImageObject\",\"inLanguage\":\"pt-BR\",\"@id\":\"https:\/\/deputadotaveirajr.com.br\/index.php\/suspeito-em-fuga-perde-controle-de-carro-e-bate-em-casas-na-zona-oeste-de-natal\/#primaryimage\",\"url\":\"https:\/\/deputadotaveirajr.com.br\/wp-content\/uploads\/2025\/01\/whatsapp-image-2025-01-04-at-08.56.24-g1q1Kt.jpeg\",\"contentUrl\":\"https:\/\/deputadotaveirajr.com.br\/wp-content\/uploads\/2025\/01\/whatsapp-image-2025-01-04-at-08.56.24-g1q1Kt.jpeg\",\"width\":1600,\"height\":1200},{\"@type\":\"BreadcrumbList\",\"@id\":\"https:\/\/deputadotaveirajr.com.br\/index.php\/suspeito-em-fuga-perde-controle-de-carro-e-bate-em-casas-na-zona-oeste-de-natal\/#breadcrumb\",\"itemListElement\":[{\"@type\":\"ListItem\",\"position\":1,\"name\":\"In\u00edcio\",\"item\":\"https:\/\/deputadotaveirajr.com.br\/\"},{\"@type\":\"ListItem\",\"position\":2,\"name\":\"Suspeito em fuga perde controle de carro e bate em casas na Zona Oeste de Natal\"}]},{\"@type\":\"WebSite\",\"@id\":\"https:\/\/deputadotaveirajr.com.br\/#website\",\"url\":\"https:\/\/deputadotaveirajr.com.br\/\",\"name\":\"Taveira Jr\",\"description\":\"Deputado Estadual\",\"publisher\":{\"@id\":\"https:\/\/deputadotaveirajr.com.br\/#organization\"},\"potentialAction\":[{\"@type\":\"SearchAction\",\"target\":{\"@type\":\"EntryPoint\",\"urlTemplate\":\"https:\/\/deputadotaveirajr.com.br\/?s={search_term_string}\"},\"query-input\":{\"@type\":\"PropertyValueSpecification\",\"valueRequired\":true,\"valueName\":\"search_term_string\"}}],\"inLanguage\":\"pt-BR\"},{\"@type\":\"Organization\",\"@id\":\"https:\/\/deputadotaveirajr.com.br\/#organization\",\"name\":\"Taveira Jr\",\"url\":\"https:\/\/deputadotaveirajr.com.br\/\",\"logo\":{\"@type\":\"ImageObject\",\"inLanguage\":\"pt-BR\",\"@id\":\"https:\/\/deputadotaveirajr.com.br\/#\/schema\/logo\/image\/\",\"url\":\"https:\/\/deputadotaveirajr.com.br\/wp-content\/uploads\/2026\/01\/logolow2a.png\",\"contentUrl\":\"https:\/\/deputadotaveirajr.com.br\/wp-content\/uploads\/2026\/01\/logolow2a.png\",\"width\":290,\"height\":80,\"caption\":\"Taveira Jr\"},\"image\":{\"@id\":\"https:\/\/deputadotaveirajr.com.br\/#\/schema\/logo\/image\/\"}}]}<\/script>\n<!-- \/ Yoast SEO plugin. -->","yoast_head_json":{"title":"Suspeito em fuga perde controle de carro e bate em casas na Zona Oeste de Natal - Taveira Jr","robots":{"index":"index","follow":"follow","max-snippet":"max-snippet:-1","max-image-preview":"max-image-preview:large","max-video-preview":"max-video-preview:-1"},"canonical":"https:\/\/deputadotaveirajr.com.br\/index.php\/suspeito-em-fuga-perde-controle-de-carro-e-bate-em-casas-na-zona-oeste-de-natal\/","og_locale":"pt_BR","og_type":"article","og_title":"Suspeito em fuga perde controle de carro e bate em casas na Zona Oeste de Natal - Taveira Jr","og_description":"Caso aconteceu na madrugada deste s\u00e1bado (4) em Felipe Camar\u00e3o. Homem foi preso. Casas atingidas por carro no bairro Felipe Camar\u00e3o, em Natal Vin\u00edcius Marinho\/Inter TV Cabugi Um homem que ...","og_url":"https:\/\/deputadotaveirajr.com.br\/index.php\/suspeito-em-fuga-perde-controle-de-carro-e-bate-em-casas-na-zona-oeste-de-natal\/","og_site_name":"Taveira Jr","og_image":[{"url":"https:\/\/s2-g1.glbimg.com\/yrh2TN5iuxun0VXR2VoIpjLJhbE=\/i.s3.glbimg.com\/v1\/AUTH_59edd422c0c84a879bd37670ae4f538a\/internal_photos\/bs\/2025\/X\/C\/6agd2sT1Awrc5YnVSn0A\/whatsapp-image-2025-01-04-at-08.56.24.jpeg","type":"","width":"","height":""}],"twitter_card":"summary_large_image","twitter_misc":{"Est. tempo de leitura":"1 minuto"},"schema":{"@context":"https:\/\/schema.org","@graph":[{"@type":"WebPage","@id":"https:\/\/deputadotaveirajr.com.br\/index.php\/suspeito-em-fuga-perde-controle-de-carro-e-bate-em-casas-na-zona-oeste-de-natal\/","url":"https:\/\/deputadotaveirajr.com.br\/index.php\/suspeito-em-fuga-perde-controle-de-carro-e-bate-em-casas-na-zona-oeste-de-natal\/","name":"Suspeito em fuga perde controle de carro e bate em casas na Zona Oeste de Natal - Taveira Jr","isPartOf":{"@id":"https:\/\/deputadotaveirajr.com.br\/#website"},"primaryImageOfPage":{"@id":"https:\/\/deputadotaveirajr.com.br\/index.php\/suspeito-em-fuga-perde-controle-de-carro-e-bate-em-casas-na-zona-oeste-de-natal\/#primaryimage"},"image":{"@id":"https:\/\/deputadotaveirajr.com.br\/index.php\/suspeito-em-fuga-perde-controle-de-carro-e-bate-em-casas-na-zona-oeste-de-natal\/#primaryimage"},"thumbnailUrl":"https:\/\/deputadotaveirajr.com.br\/wp-content\/uploads\/2025\/01\/whatsapp-image-2025-01-04-at-08.56.24-g1q1Kt.jpeg","datePublished":"2025-01-04T12:47:57+00:00","breadcrumb":{"@id":"https:\/\/deputadotaveirajr.com.br\/index.php\/suspeito-em-fuga-perde-controle-de-carro-e-bate-em-casas-na-zona-oeste-de-natal\/#breadcrumb"},"inLanguage":"pt-BR","potentialAction":[{"@type":"ReadAction","target":["https:\/\/deputadotaveirajr.com.br\/index.php\/suspeito-em-fuga-perde-controle-de-carro-e-bate-em-casas-na-zona-oeste-de-natal\/"]}]},{"@type":"ImageObject","inLanguage":"pt-BR","@id":"https:\/\/deputadotaveirajr.com.br\/index.php\/suspeito-em-fuga-perde-controle-de-carro-e-bate-em-casas-na-zona-oeste-de-natal\/#primaryimage","url":"https:\/\/deputadotaveirajr.com.br\/wp-content\/uploads\/2025\/01\/whatsapp-image-2025-01-04-at-08.56.24-g1q1Kt.jpeg","contentUrl":"https:\/\/deputadotaveirajr.com.br\/wp-content\/uploads\/2025\/01\/whatsapp-image-2025-01-04-at-08.56.24-g1q1Kt.jpeg","width":1600,"height":1200},{"@type":"BreadcrumbList","@id":"https:\/\/deputadotaveirajr.com.br\/index.php\/suspeito-em-fuga-perde-controle-de-carro-e-bate-em-casas-na-zona-oeste-de-natal\/#breadcrumb","itemListElement":[{"@type":"ListItem","position":1,"name":"In\u00edcio","item":"https:\/\/deputadotaveirajr.com.br\/"},{"@type":"ListItem","position":2,"name":"Suspeito em fuga perde controle de carro e bate em casas na Zona Oeste de Natal"}]},{"@type":"WebSite","@id":"https:\/\/deputadotaveirajr.com.br\/#website","url":"https:\/\/deputadotaveirajr.com.br\/","name":"Taveira Jr","description":"Deputado Estadual","publisher":{"@id":"https:\/\/deputadotaveirajr.com.br\/#organization"},"potentialAction":[{"@type":"SearchAction","target":{"@type":"EntryPoint","urlTemplate":"https:\/\/deputadotaveirajr.com.br\/?s={search_term_string}"},"query-input":{"@type":"PropertyValueSpecification","valueRequired":true,"valueName":"search_term_string"}}],"inLanguage":"pt-BR"},{"@type":"Organization","@id":"https:\/\/deputadotaveirajr.com.br\/#organization","name":"Taveira Jr","url":"https:\/\/deputadotaveirajr.com.br\/","logo":{"@type":"ImageObject","inLanguage":"pt-BR","@id":"https:\/\/deputadotaveirajr.com.br\/#\/schema\/logo\/image\/","url":"https:\/\/deputadotaveirajr.com.br\/wp-content\/uploads\/2026\/01\/logolow2a.png","contentUrl":"https:\/\/deputadotaveirajr.com.br\/wp-content\/uploads\/2026\/01\/logolow2a.png","width":290,"height":80,"caption":"Taveira Jr"},"image":{"@id":"https:\/\/deputadotaveirajr.com.br\/#\/schema\/logo\/image\/"}}]}},"_links":{"self":[{"href":"https:\/\/deputadotaveirajr.com.br\/index.php\/wp-json\/wp\/v2\/pages\/11930","targetHints":{"allow":["GET"]}}],"collection":[{"href":"https:\/\/deputadotaveirajr.com.br\/index.php\/wp-json\/wp\/v2\/pages"}],"about":[{"href":"https:\/\/deputadotaveirajr.com.br\/index.php\/wp-json\/wp\/v2\/types\/page"}],"replies":[{"embeddable":true,"href":"https:\/\/deputadotaveirajr.com.br\/index.php\/wp-json\/wp\/v2\/comments?post=11930"}],"version-history":[{"count":0,"href":"https:\/\/deputadotaveirajr.com.br\/index.php\/wp-json\/wp\/v2\/pages\/11930\/revisions"}],"wp:featuredmedia":[{"embeddable":true,"href":"https:\/\/deputadotaveirajr.com.br\/index.php\/wp-json\/wp\/v2\/media\/11931"}],"wp:attachment":[{"href":"https:\/\/deputadotaveirajr.com.br\/index.php\/wp-json\/wp\/v2\/media?parent=11930"}],"curies":[{"name":"wp","href":"https:\/\/api.w.org\/{rel}","templated":true}]}}