{"id":11932,"date":"2025-01-05T09:55:34","date_gmt":"2025-01-05T12:55:34","guid":{"rendered":"https:\/\/deputadotaveirajr.com.br\/index.php\/novo-voo-direto-da-argentina-para-natal-pousa-com-174-passageiros\/"},"modified":"2025-01-05T09:55:34","modified_gmt":"2025-01-05T12:55:34","slug":"novo-voo-direto-da-argentina-para-natal-pousa-com-174-passageiros","status":"publish","type":"page","link":"https:\/\/deputadotaveirajr.com.br\/index.php\/novo-voo-direto-da-argentina-para-natal-pousa-com-174-passageiros\/","title":{"rendered":"Novo voo direto da Argentina para Natal pousa com 174 passageiros"},"content":{"rendered":"<p><img decoding=\"async\" src=\"https:\/\/s2-g1.glbimg.com\/J_9y2AgFfhDyuow3HgkT6MAjwak=\/i.s3.glbimg.com\/v1\/AUTH_59edd422c0c84a879bd37670ae4f538a\/internal_photos\/bs\/2024\/3\/B\/5MB059Ty6V6Hpn5qeaLA\/whatsapp-image-2024-12-13-at-12.42.35.jpeg\" \/><br \/>     Nova rota amplia conex\u00f5es entre Argentina e Rio Grande do Norte, com tr\u00eas frequ\u00eancias semanais.  Aeroporto de Natal<br \/>\nS\u00e9rgio Henrique Santos\/Inter TV<br \/>\nO primeiro voo direto entre o Aeroparque Jorge Newbery, em Buenos Aires, e o Aeroporto de Natal pousou \u00e0s 2h15 deste domingo (5). Operado pela Gol, o voo G37465 trouxe 174 passageiros e inaugura uma nova rota sazonal entre a Argentina e o Rio Grande do Norte.<br \/>\nDe acordo com o Governo do Estado, a rota foi viabilizada por meio de a\u00e7\u00f5es de promo\u00e7\u00e3o tur\u00edstica realizadas atrav\u00e9s da Empresa Potiguar de Promo\u00e7\u00e3o Tur\u00edstica (Emprotur).<br \/>\n\ud83d\udcf3Participe do canal do g1 RN no WhatsApp<br \/>\nO Rio Grande do Norte j\u00e1 possui uma liga\u00e7\u00e3o direta com Buenos Aires pelo Aeroporto de Ezeiza, com duas frequ\u00eancias semanais na alta temporada, entre dezembro e mar\u00e7o.<br \/>\nA nova opera\u00e7\u00e3o amplia as op\u00e7\u00f5es de viagem para turistas argentinos, com partidas do Aeroparque aos s\u00e1bados e pousos em Natal nas madrugadas de domingo. O aeroporto, localizado na regi\u00e3o central de Buenos Aires, \u00e9 considerado estrat\u00e9gico por sua proximidade com a cidade.<br \/>\nO diretor-presidente da Emprotur, Raoni Fernandes, destacou a relev\u00e2ncia estrat\u00e9gica da nova rota. Segundo ele, o Aeroparque \u00e9 o aeroporto preferido por agentes de viagens de Buenos Aires, e a expectativa \u00e9 de que o sucesso de vendas possa transformar a opera\u00e7\u00e3o sazonal em regular.<br \/>\n&#8220;O acr\u00e9scimo de oferta no mercado argentino nesse momento \u00e9 muito estrat\u00e9gico, principalmente porque tem crescido muito o interesse deles pelo nordeste brasileiro\u201d, explica o diretor.<br \/>\nO lan\u00e7amento da rota foi anunciado em setembro de 2024 durante a Feira Internacional de Turismo, em Buenos Aires. A opera\u00e7\u00e3o \u00e9 resultado de uma parceria entre o governo estadual, a Gol e a Zurich Airport Brasil, administradora do Aeroporto de Natal.<br \/>\nAnunciado novos investimentos para o Aeroporto de Natal<br \/>\nVeja os v\u00eddeos mais assistidos do g1 RN<br \/>\nV<\/p>","protected":false},"excerpt":{"rendered":"<p>Nova rota amplia conex\u00f5es entre Argentina e Rio Grande do Norte, com tr\u00eas frequ\u00eancias semanais. Aeroporto de Natal S\u00e9rgio Henrique Santos\/Inter TV O primeiro voo direto entre o Aeroparque Jorge &#8230;<\/p>\n","protected":false},"author":0,"featured_media":11933,"parent":0,"menu_order":0,"comment_status":"closed","ping_status":"closed","template":"","meta":{"footnotes":""},"class_list":["post-11932","page","type-page","status-publish","has-post-thumbnail","hentry"],"yoast_head":"<!-- This site is optimized with the Yoast SEO plugin v27.1.1 - https:\/\/yoast.com\/product\/yoast-seo-wordpress\/ -->\n<title>Novo voo direto da Argentina para Natal pousa com 174 passageiros - Taveira Jr<\/title>\n<meta name=\"robots\" content=\"index, follow, max-snippet:-1, max-image-preview:large, max-video-preview:-1\" \/>\n<link rel=\"canonical\" href=\"https:\/\/deputadotaveirajr.com.br\/index.php\/novo-voo-direto-da-argentina-para-natal-pousa-com-174-passageiros\/\" \/>\n<meta property=\"og:locale\" content=\"pt_BR\" \/>\n<meta property=\"og:type\" content=\"article\" \/>\n<meta property=\"og:title\" content=\"Novo voo direto da Argentina para Natal pousa com 174 passageiros - Taveira Jr\" \/>\n<meta property=\"og:description\" content=\"Nova rota amplia conex\u00f5es entre Argentina e Rio Grande do Norte, com tr\u00eas frequ\u00eancias semanais. Aeroporto de Natal S\u00e9rgio Henrique Santos\/Inter TV O primeiro voo direto entre o Aeroparque Jorge ...\" \/>\n<meta property=\"og:url\" content=\"https:\/\/deputadotaveirajr.com.br\/index.php\/novo-voo-direto-da-argentina-para-natal-pousa-com-174-passageiros\/\" \/>\n<meta property=\"og:site_name\" content=\"Taveira Jr\" \/>\n<meta property=\"og:image\" content=\"https:\/\/s2-g1.glbimg.com\/J_9y2AgFfhDyuow3HgkT6MAjwak=\/i.s3.glbimg.com\/v1\/AUTH_59edd422c0c84a879bd37670ae4f538a\/internal_photos\/bs\/2024\/3\/B\/5MB059Ty6V6Hpn5qeaLA\/whatsapp-image-2024-12-13-at-12.42.35.jpeg\" \/>\n<meta name=\"twitter:card\" content=\"summary_large_image\" \/>\n<meta name=\"twitter:label1\" content=\"Est. tempo de leitura\" \/>\n\t<meta name=\"twitter:data1\" content=\"2 minutos\" \/>\n<script type=\"application\/ld+json\" class=\"yoast-schema-graph\">{\"@context\":\"https:\/\/schema.org\",\"@graph\":[{\"@type\":\"WebPage\",\"@id\":\"https:\/\/deputadotaveirajr.com.br\/index.php\/novo-voo-direto-da-argentina-para-natal-pousa-com-174-passageiros\/\",\"url\":\"https:\/\/deputadotaveirajr.com.br\/index.php\/novo-voo-direto-da-argentina-para-natal-pousa-com-174-passageiros\/\",\"name\":\"Novo voo direto da Argentina para Natal pousa com 174 passageiros - Taveira Jr\",\"isPartOf\":{\"@id\":\"https:\/\/deputadotaveirajr.com.br\/#website\"},\"primaryImageOfPage\":{\"@id\":\"https:\/\/deputadotaveirajr.com.br\/index.php\/novo-voo-direto-da-argentina-para-natal-pousa-com-174-passageiros\/#primaryimage\"},\"image\":{\"@id\":\"https:\/\/deputadotaveirajr.com.br\/index.php\/novo-voo-direto-da-argentina-para-natal-pousa-com-174-passageiros\/#primaryimage\"},\"thumbnailUrl\":\"https:\/\/deputadotaveirajr.com.br\/wp-content\/uploads\/2025\/01\/whatsapp-image-2024-12-13-at-12.42.35-zdZjEE-scaled.jpeg\",\"datePublished\":\"2025-01-05T12:55:34+00:00\",\"breadcrumb\":{\"@id\":\"https:\/\/deputadotaveirajr.com.br\/index.php\/novo-voo-direto-da-argentina-para-natal-pousa-com-174-passageiros\/#breadcrumb\"},\"inLanguage\":\"pt-BR\",\"potentialAction\":[{\"@type\":\"ReadAction\",\"target\":[\"https:\/\/deputadotaveirajr.com.br\/index.php\/novo-voo-direto-da-argentina-para-natal-pousa-com-174-passageiros\/\"]}]},{\"@type\":\"ImageObject\",\"inLanguage\":\"pt-BR\",\"@id\":\"https:\/\/deputadotaveirajr.com.br\/index.php\/novo-voo-direto-da-argentina-para-natal-pousa-com-174-passageiros\/#primaryimage\",\"url\":\"https:\/\/deputadotaveirajr.com.br\/wp-content\/uploads\/2025\/01\/whatsapp-image-2024-12-13-at-12.42.35-zdZjEE-scaled.jpeg\",\"contentUrl\":\"https:\/\/deputadotaveirajr.com.br\/wp-content\/uploads\/2025\/01\/whatsapp-image-2024-12-13-at-12.42.35-zdZjEE-scaled.jpeg\",\"width\":2560,\"height\":1920},{\"@type\":\"BreadcrumbList\",\"@id\":\"https:\/\/deputadotaveirajr.com.br\/index.php\/novo-voo-direto-da-argentina-para-natal-pousa-com-174-passageiros\/#breadcrumb\",\"itemListElement\":[{\"@type\":\"ListItem\",\"position\":1,\"name\":\"In\u00edcio\",\"item\":\"https:\/\/deputadotaveirajr.com.br\/\"},{\"@type\":\"ListItem\",\"position\":2,\"name\":\"Novo voo direto da Argentina para Natal pousa com 174 passageiros\"}]},{\"@type\":\"WebSite\",\"@id\":\"https:\/\/deputadotaveirajr.com.br\/#website\",\"url\":\"https:\/\/deputadotaveirajr.com.br\/\",\"name\":\"Taveira Jr\",\"description\":\"Deputado Estadual\",\"publisher\":{\"@id\":\"https:\/\/deputadotaveirajr.com.br\/#organization\"},\"potentialAction\":[{\"@type\":\"SearchAction\",\"target\":{\"@type\":\"EntryPoint\",\"urlTemplate\":\"https:\/\/deputadotaveirajr.com.br\/?s={search_term_string}\"},\"query-input\":{\"@type\":\"PropertyValueSpecification\",\"valueRequired\":true,\"valueName\":\"search_term_string\"}}],\"inLanguage\":\"pt-BR\"},{\"@type\":\"Organization\",\"@id\":\"https:\/\/deputadotaveirajr.com.br\/#organization\",\"name\":\"Taveira Jr\",\"url\":\"https:\/\/deputadotaveirajr.com.br\/\",\"logo\":{\"@type\":\"ImageObject\",\"inLanguage\":\"pt-BR\",\"@id\":\"https:\/\/deputadotaveirajr.com.br\/#\/schema\/logo\/image\/\",\"url\":\"https:\/\/deputadotaveirajr.com.br\/wp-content\/uploads\/2026\/01\/logolow2a.png\",\"contentUrl\":\"https:\/\/deputadotaveirajr.com.br\/wp-content\/uploads\/2026\/01\/logolow2a.png\",\"width\":290,\"height\":80,\"caption\":\"Taveira Jr\"},\"image\":{\"@id\":\"https:\/\/deputadotaveirajr.com.br\/#\/schema\/logo\/image\/\"}}]}<\/script>\n<!-- \/ Yoast SEO plugin. -->","yoast_head_json":{"title":"Novo voo direto da Argentina para Natal pousa com 174 passageiros - Taveira Jr","robots":{"index":"index","follow":"follow","max-snippet":"max-snippet:-1","max-image-preview":"max-image-preview:large","max-video-preview":"max-video-preview:-1"},"canonical":"https:\/\/deputadotaveirajr.com.br\/index.php\/novo-voo-direto-da-argentina-para-natal-pousa-com-174-passageiros\/","og_locale":"pt_BR","og_type":"article","og_title":"Novo voo direto da Argentina para Natal pousa com 174 passageiros - Taveira Jr","og_description":"Nova rota amplia conex\u00f5es entre Argentina e Rio Grande do Norte, com tr\u00eas frequ\u00eancias semanais. Aeroporto de Natal S\u00e9rgio Henrique Santos\/Inter TV O primeiro voo direto entre o Aeroparque Jorge ...","og_url":"https:\/\/deputadotaveirajr.com.br\/index.php\/novo-voo-direto-da-argentina-para-natal-pousa-com-174-passageiros\/","og_site_name":"Taveira Jr","og_image":[{"url":"https:\/\/s2-g1.glbimg.com\/J_9y2AgFfhDyuow3HgkT6MAjwak=\/i.s3.glbimg.com\/v1\/AUTH_59edd422c0c84a879bd37670ae4f538a\/internal_photos\/bs\/2024\/3\/B\/5MB059Ty6V6Hpn5qeaLA\/whatsapp-image-2024-12-13-at-12.42.35.jpeg","type":"","width":"","height":""}],"twitter_card":"summary_large_image","twitter_misc":{"Est. tempo de leitura":"2 minutos"},"schema":{"@context":"https:\/\/schema.org","@graph":[{"@type":"WebPage","@id":"https:\/\/deputadotaveirajr.com.br\/index.php\/novo-voo-direto-da-argentina-para-natal-pousa-com-174-passageiros\/","url":"https:\/\/deputadotaveirajr.com.br\/index.php\/novo-voo-direto-da-argentina-para-natal-pousa-com-174-passageiros\/","name":"Novo voo direto da Argentina para Natal pousa com 174 passageiros - Taveira Jr","isPartOf":{"@id":"https:\/\/deputadotaveirajr.com.br\/#website"},"primaryImageOfPage":{"@id":"https:\/\/deputadotaveirajr.com.br\/index.php\/novo-voo-direto-da-argentina-para-natal-pousa-com-174-passageiros\/#primaryimage"},"image":{"@id":"https:\/\/deputadotaveirajr.com.br\/index.php\/novo-voo-direto-da-argentina-para-natal-pousa-com-174-passageiros\/#primaryimage"},"thumbnailUrl":"https:\/\/deputadotaveirajr.com.br\/wp-content\/uploads\/2025\/01\/whatsapp-image-2024-12-13-at-12.42.35-zdZjEE-scaled.jpeg","datePublished":"2025-01-05T12:55:34+00:00","breadcrumb":{"@id":"https:\/\/deputadotaveirajr.com.br\/index.php\/novo-voo-direto-da-argentina-para-natal-pousa-com-174-passageiros\/#breadcrumb"},"inLanguage":"pt-BR","potentialAction":[{"@type":"ReadAction","target":["https:\/\/deputadotaveirajr.com.br\/index.php\/novo-voo-direto-da-argentina-para-natal-pousa-com-174-passageiros\/"]}]},{"@type":"ImageObject","inLanguage":"pt-BR","@id":"https:\/\/deputadotaveirajr.com.br\/index.php\/novo-voo-direto-da-argentina-para-natal-pousa-com-174-passageiros\/#primaryimage","url":"https:\/\/deputadotaveirajr.com.br\/wp-content\/uploads\/2025\/01\/whatsapp-image-2024-12-13-at-12.42.35-zdZjEE-scaled.jpeg","contentUrl":"https:\/\/deputadotaveirajr.com.br\/wp-content\/uploads\/2025\/01\/whatsapp-image-2024-12-13-at-12.42.35-zdZjEE-scaled.jpeg","width":2560,"height":1920},{"@type":"BreadcrumbList","@id":"https:\/\/deputadotaveirajr.com.br\/index.php\/novo-voo-direto-da-argentina-para-natal-pousa-com-174-passageiros\/#breadcrumb","itemListElement":[{"@type":"ListItem","position":1,"name":"In\u00edcio","item":"https:\/\/deputadotaveirajr.com.br\/"},{"@type":"ListItem","position":2,"name":"Novo voo direto da Argentina para Natal pousa com 174 passageiros"}]},{"@type":"WebSite","@id":"https:\/\/deputadotaveirajr.com.br\/#website","url":"https:\/\/deputadotaveirajr.com.br\/","name":"Taveira Jr","description":"Deputado Estadual","publisher":{"@id":"https:\/\/deputadotaveirajr.com.br\/#organization"},"potentialAction":[{"@type":"SearchAction","target":{"@type":"EntryPoint","urlTemplate":"https:\/\/deputadotaveirajr.com.br\/?s={search_term_string}"},"query-input":{"@type":"PropertyValueSpecification","valueRequired":true,"valueName":"search_term_string"}}],"inLanguage":"pt-BR"},{"@type":"Organization","@id":"https:\/\/deputadotaveirajr.com.br\/#organization","name":"Taveira Jr","url":"https:\/\/deputadotaveirajr.com.br\/","logo":{"@type":"ImageObject","inLanguage":"pt-BR","@id":"https:\/\/deputadotaveirajr.com.br\/#\/schema\/logo\/image\/","url":"https:\/\/deputadotaveirajr.com.br\/wp-content\/uploads\/2026\/01\/logolow2a.png","contentUrl":"https:\/\/deputadotaveirajr.com.br\/wp-content\/uploads\/2026\/01\/logolow2a.png","width":290,"height":80,"caption":"Taveira Jr"},"image":{"@id":"https:\/\/deputadotaveirajr.com.br\/#\/schema\/logo\/image\/"}}]}},"_links":{"self":[{"href":"https:\/\/deputadotaveirajr.com.br\/index.php\/wp-json\/wp\/v2\/pages\/11932","targetHints":{"allow":["GET"]}}],"collection":[{"href":"https:\/\/deputadotaveirajr.com.br\/index.php\/wp-json\/wp\/v2\/pages"}],"about":[{"href":"https:\/\/deputadotaveirajr.com.br\/index.php\/wp-json\/wp\/v2\/types\/page"}],"replies":[{"embeddable":true,"href":"https:\/\/deputadotaveirajr.com.br\/index.php\/wp-json\/wp\/v2\/comments?post=11932"}],"version-history":[{"count":0,"href":"https:\/\/deputadotaveirajr.com.br\/index.php\/wp-json\/wp\/v2\/pages\/11932\/revisions"}],"wp:featuredmedia":[{"embeddable":true,"href":"https:\/\/deputadotaveirajr.com.br\/index.php\/wp-json\/wp\/v2\/media\/11933"}],"wp:attachment":[{"href":"https:\/\/deputadotaveirajr.com.br\/index.php\/wp-json\/wp\/v2\/media?parent=11932"}],"curies":[{"name":"wp","href":"https:\/\/api.w.org\/{rel}","templated":true}]}}