{"id":11934,"date":"2025-01-05T08:58:06","date_gmt":"2025-01-05T11:58:06","guid":{"rendered":"https:\/\/deputadotaveirajr.com.br\/index.php\/superlotacao-em-hospitais-de-natal-deixa-pacientes-aguardando-atendimento-nos-corredores\/"},"modified":"2025-01-05T08:58:06","modified_gmt":"2025-01-05T11:58:06","slug":"superlotacao-em-hospitais-de-natal-deixa-pacientes-aguardando-atendimento-nos-corredores","status":"publish","type":"page","link":"https:\/\/deputadotaveirajr.com.br\/index.php\/superlotacao-em-hospitais-de-natal-deixa-pacientes-aguardando-atendimento-nos-corredores\/","title":{"rendered":"Superlota\u00e7\u00e3o em hospitais de Natal deixa pacientes aguardando atendimento nos corredores"},"content":{"rendered":"<p><img decoding=\"async\" src=\"https:\/\/s2-g1.glbimg.com\/rXoaDDPl6L8UkSn9WPfPfsQ7TdM=\/i.s3.glbimg.com\/v1\/AUTH_59edd422c0c84a879bd37670ae4f538a\/internal_photos\/bs\/2021\/k\/L\/v0PCMxReSIdkMDHzJOQg\/hospesc.jpeg\" \/><br \/>     Walfredo Gurgel e Hospital dos Pescadores enfrentam alta demanda de pacientes. Superlota\u00e7\u00e3o em hospitais de Natal<br \/>\nO Hospital Walfredo Gurgel e o Hospital dos Pescadores, em Natal, registraram superlota\u00e7\u00e3o no \u00faltimo s\u00e1bado (4). Segundo o Sindicato dos Trabalhadores da Sa\u00fade do Rio Grande do Norte (Sindsa\u00fade), pela manh\u00e3, 102 pacientes estavam sendo atendidos no Walfredo Gurgel, sendo 42 deles nos corredores.<br \/>\nDe acordo com o sindicato, um relat\u00f3rio emitido \u00e0s 16h apontou uma redu\u00e7\u00e3o no n\u00famero total de pacientes para 91, mas quase metade continuava aguardando atendimento nos corredores.<br \/>\n\ud83d\udcf3Participe do canal do g1 RN no WhatsApp<br \/>\nNo Hospital dos Pescadores (HOSPESC), a situa\u00e7\u00e3o era semelhante. Em v\u00eddeos divulgados pelo sindicato, pessoas aparecem aguardando no centro cir\u00fargico para a realiza\u00e7\u00e3o de procedimentos.<br \/>\nEm nota, a Secretaria Municipal de Sa\u00fade (SMS) de Natal informou que o HOSPESC registrou uma demanda acima da esperada, o que provocou aumento no tempo de espera para pacientes com casos menos graves.<br \/>\nA SMS afirmou que est\u00e1 atuando para controlar a situa\u00e7\u00e3o com altas de pacientes que n\u00e3o necessitam de interna\u00e7\u00e3o e que 20 pacientes foram transferidos.<br \/>\nPronto-atendimento do Hospital dos Pescadores<br \/>\nSMS\/Divulga\u00e7\u00e3o<br \/>\nVeja os v\u00eddeos mais assistidos do g1 RN<\/p>","protected":false},"excerpt":{"rendered":"<p>Walfredo Gurgel e Hospital dos Pescadores enfrentam alta demanda de pacientes. Superlota\u00e7\u00e3o em hospitais de Natal O Hospital Walfredo Gurgel e o Hospital dos Pescadores, em Natal, registraram superlota\u00e7\u00e3o no &#8230;<\/p>\n","protected":false},"author":0,"featured_media":11935,"parent":0,"menu_order":0,"comment_status":"closed","ping_status":"closed","template":"","meta":{"footnotes":""},"class_list":["post-11934","page","type-page","status-publish","has-post-thumbnail","hentry"],"yoast_head":"<!-- This site is optimized with the Yoast SEO plugin v27.1.1 - https:\/\/yoast.com\/product\/yoast-seo-wordpress\/ -->\n<title>Superlota\u00e7\u00e3o em hospitais de Natal deixa pacientes aguardando atendimento nos corredores - Taveira Jr<\/title>\n<meta name=\"robots\" content=\"index, follow, max-snippet:-1, max-image-preview:large, max-video-preview:-1\" \/>\n<link rel=\"canonical\" href=\"https:\/\/deputadotaveirajr.com.br\/index.php\/superlotacao-em-hospitais-de-natal-deixa-pacientes-aguardando-atendimento-nos-corredores\/\" \/>\n<meta property=\"og:locale\" content=\"pt_BR\" \/>\n<meta property=\"og:type\" content=\"article\" \/>\n<meta property=\"og:title\" content=\"Superlota\u00e7\u00e3o em hospitais de Natal deixa pacientes aguardando atendimento nos corredores - Taveira Jr\" \/>\n<meta property=\"og:description\" content=\"Walfredo Gurgel e Hospital dos Pescadores enfrentam alta demanda de pacientes. Superlota\u00e7\u00e3o em hospitais de Natal O Hospital Walfredo Gurgel e o Hospital dos Pescadores, em Natal, registraram superlota\u00e7\u00e3o no ...\" \/>\n<meta property=\"og:url\" content=\"https:\/\/deputadotaveirajr.com.br\/index.php\/superlotacao-em-hospitais-de-natal-deixa-pacientes-aguardando-atendimento-nos-corredores\/\" \/>\n<meta property=\"og:site_name\" content=\"Taveira Jr\" \/>\n<meta property=\"og:image\" content=\"https:\/\/s2-g1.glbimg.com\/rXoaDDPl6L8UkSn9WPfPfsQ7TdM=\/i.s3.glbimg.com\/v1\/AUTH_59edd422c0c84a879bd37670ae4f538a\/internal_photos\/bs\/2021\/k\/L\/v0PCMxReSIdkMDHzJOQg\/hospesc.jpeg\" \/>\n<meta name=\"twitter:card\" content=\"summary_large_image\" \/>\n<meta name=\"twitter:label1\" content=\"Est. tempo de leitura\" \/>\n\t<meta name=\"twitter:data1\" content=\"1 minuto\" \/>\n<script type=\"application\/ld+json\" class=\"yoast-schema-graph\">{\"@context\":\"https:\/\/schema.org\",\"@graph\":[{\"@type\":\"WebPage\",\"@id\":\"https:\/\/deputadotaveirajr.com.br\/index.php\/superlotacao-em-hospitais-de-natal-deixa-pacientes-aguardando-atendimento-nos-corredores\/\",\"url\":\"https:\/\/deputadotaveirajr.com.br\/index.php\/superlotacao-em-hospitais-de-natal-deixa-pacientes-aguardando-atendimento-nos-corredores\/\",\"name\":\"Superlota\u00e7\u00e3o em hospitais de Natal deixa pacientes aguardando atendimento nos corredores - Taveira Jr\",\"isPartOf\":{\"@id\":\"https:\/\/deputadotaveirajr.com.br\/#website\"},\"primaryImageOfPage\":{\"@id\":\"https:\/\/deputadotaveirajr.com.br\/index.php\/superlotacao-em-hospitais-de-natal-deixa-pacientes-aguardando-atendimento-nos-corredores\/#primaryimage\"},\"image\":{\"@id\":\"https:\/\/deputadotaveirajr.com.br\/index.php\/superlotacao-em-hospitais-de-natal-deixa-pacientes-aguardando-atendimento-nos-corredores\/#primaryimage\"},\"thumbnailUrl\":\"https:\/\/deputadotaveirajr.com.br\/wp-content\/uploads\/2025\/01\/hospesc-2uaBpX.jpeg\",\"datePublished\":\"2025-01-05T11:58:06+00:00\",\"breadcrumb\":{\"@id\":\"https:\/\/deputadotaveirajr.com.br\/index.php\/superlotacao-em-hospitais-de-natal-deixa-pacientes-aguardando-atendimento-nos-corredores\/#breadcrumb\"},\"inLanguage\":\"pt-BR\",\"potentialAction\":[{\"@type\":\"ReadAction\",\"target\":[\"https:\/\/deputadotaveirajr.com.br\/index.php\/superlotacao-em-hospitais-de-natal-deixa-pacientes-aguardando-atendimento-nos-corredores\/\"]}]},{\"@type\":\"ImageObject\",\"inLanguage\":\"pt-BR\",\"@id\":\"https:\/\/deputadotaveirajr.com.br\/index.php\/superlotacao-em-hospitais-de-natal-deixa-pacientes-aguardando-atendimento-nos-corredores\/#primaryimage\",\"url\":\"https:\/\/deputadotaveirajr.com.br\/wp-content\/uploads\/2025\/01\/hospesc-2uaBpX.jpeg\",\"contentUrl\":\"https:\/\/deputadotaveirajr.com.br\/wp-content\/uploads\/2025\/01\/hospesc-2uaBpX.jpeg\",\"width\":570,\"height\":380},{\"@type\":\"BreadcrumbList\",\"@id\":\"https:\/\/deputadotaveirajr.com.br\/index.php\/superlotacao-em-hospitais-de-natal-deixa-pacientes-aguardando-atendimento-nos-corredores\/#breadcrumb\",\"itemListElement\":[{\"@type\":\"ListItem\",\"position\":1,\"name\":\"In\u00edcio\",\"item\":\"https:\/\/deputadotaveirajr.com.br\/\"},{\"@type\":\"ListItem\",\"position\":2,\"name\":\"Superlota\u00e7\u00e3o em hospitais de Natal deixa pacientes aguardando atendimento nos corredores\"}]},{\"@type\":\"WebSite\",\"@id\":\"https:\/\/deputadotaveirajr.com.br\/#website\",\"url\":\"https:\/\/deputadotaveirajr.com.br\/\",\"name\":\"Taveira Jr\",\"description\":\"Deputado Estadual\",\"publisher\":{\"@id\":\"https:\/\/deputadotaveirajr.com.br\/#organization\"},\"potentialAction\":[{\"@type\":\"SearchAction\",\"target\":{\"@type\":\"EntryPoint\",\"urlTemplate\":\"https:\/\/deputadotaveirajr.com.br\/?s={search_term_string}\"},\"query-input\":{\"@type\":\"PropertyValueSpecification\",\"valueRequired\":true,\"valueName\":\"search_term_string\"}}],\"inLanguage\":\"pt-BR\"},{\"@type\":\"Organization\",\"@id\":\"https:\/\/deputadotaveirajr.com.br\/#organization\",\"name\":\"Taveira Jr\",\"url\":\"https:\/\/deputadotaveirajr.com.br\/\",\"logo\":{\"@type\":\"ImageObject\",\"inLanguage\":\"pt-BR\",\"@id\":\"https:\/\/deputadotaveirajr.com.br\/#\/schema\/logo\/image\/\",\"url\":\"https:\/\/deputadotaveirajr.com.br\/wp-content\/uploads\/2026\/01\/logolow2a.png\",\"contentUrl\":\"https:\/\/deputadotaveirajr.com.br\/wp-content\/uploads\/2026\/01\/logolow2a.png\",\"width\":290,\"height\":80,\"caption\":\"Taveira Jr\"},\"image\":{\"@id\":\"https:\/\/deputadotaveirajr.com.br\/#\/schema\/logo\/image\/\"}}]}<\/script>\n<!-- \/ Yoast SEO plugin. -->","yoast_head_json":{"title":"Superlota\u00e7\u00e3o em hospitais de Natal deixa pacientes aguardando atendimento nos corredores - Taveira Jr","robots":{"index":"index","follow":"follow","max-snippet":"max-snippet:-1","max-image-preview":"max-image-preview:large","max-video-preview":"max-video-preview:-1"},"canonical":"https:\/\/deputadotaveirajr.com.br\/index.php\/superlotacao-em-hospitais-de-natal-deixa-pacientes-aguardando-atendimento-nos-corredores\/","og_locale":"pt_BR","og_type":"article","og_title":"Superlota\u00e7\u00e3o em hospitais de Natal deixa pacientes aguardando atendimento nos corredores - Taveira Jr","og_description":"Walfredo Gurgel e Hospital dos Pescadores enfrentam alta demanda de pacientes. Superlota\u00e7\u00e3o em hospitais de Natal O Hospital Walfredo Gurgel e o Hospital dos Pescadores, em Natal, registraram superlota\u00e7\u00e3o no ...","og_url":"https:\/\/deputadotaveirajr.com.br\/index.php\/superlotacao-em-hospitais-de-natal-deixa-pacientes-aguardando-atendimento-nos-corredores\/","og_site_name":"Taveira Jr","og_image":[{"url":"https:\/\/s2-g1.glbimg.com\/rXoaDDPl6L8UkSn9WPfPfsQ7TdM=\/i.s3.glbimg.com\/v1\/AUTH_59edd422c0c84a879bd37670ae4f538a\/internal_photos\/bs\/2021\/k\/L\/v0PCMxReSIdkMDHzJOQg\/hospesc.jpeg","type":"","width":"","height":""}],"twitter_card":"summary_large_image","twitter_misc":{"Est. tempo de leitura":"1 minuto"},"schema":{"@context":"https:\/\/schema.org","@graph":[{"@type":"WebPage","@id":"https:\/\/deputadotaveirajr.com.br\/index.php\/superlotacao-em-hospitais-de-natal-deixa-pacientes-aguardando-atendimento-nos-corredores\/","url":"https:\/\/deputadotaveirajr.com.br\/index.php\/superlotacao-em-hospitais-de-natal-deixa-pacientes-aguardando-atendimento-nos-corredores\/","name":"Superlota\u00e7\u00e3o em hospitais de Natal deixa pacientes aguardando atendimento nos corredores - Taveira Jr","isPartOf":{"@id":"https:\/\/deputadotaveirajr.com.br\/#website"},"primaryImageOfPage":{"@id":"https:\/\/deputadotaveirajr.com.br\/index.php\/superlotacao-em-hospitais-de-natal-deixa-pacientes-aguardando-atendimento-nos-corredores\/#primaryimage"},"image":{"@id":"https:\/\/deputadotaveirajr.com.br\/index.php\/superlotacao-em-hospitais-de-natal-deixa-pacientes-aguardando-atendimento-nos-corredores\/#primaryimage"},"thumbnailUrl":"https:\/\/deputadotaveirajr.com.br\/wp-content\/uploads\/2025\/01\/hospesc-2uaBpX.jpeg","datePublished":"2025-01-05T11:58:06+00:00","breadcrumb":{"@id":"https:\/\/deputadotaveirajr.com.br\/index.php\/superlotacao-em-hospitais-de-natal-deixa-pacientes-aguardando-atendimento-nos-corredores\/#breadcrumb"},"inLanguage":"pt-BR","potentialAction":[{"@type":"ReadAction","target":["https:\/\/deputadotaveirajr.com.br\/index.php\/superlotacao-em-hospitais-de-natal-deixa-pacientes-aguardando-atendimento-nos-corredores\/"]}]},{"@type":"ImageObject","inLanguage":"pt-BR","@id":"https:\/\/deputadotaveirajr.com.br\/index.php\/superlotacao-em-hospitais-de-natal-deixa-pacientes-aguardando-atendimento-nos-corredores\/#primaryimage","url":"https:\/\/deputadotaveirajr.com.br\/wp-content\/uploads\/2025\/01\/hospesc-2uaBpX.jpeg","contentUrl":"https:\/\/deputadotaveirajr.com.br\/wp-content\/uploads\/2025\/01\/hospesc-2uaBpX.jpeg","width":570,"height":380},{"@type":"BreadcrumbList","@id":"https:\/\/deputadotaveirajr.com.br\/index.php\/superlotacao-em-hospitais-de-natal-deixa-pacientes-aguardando-atendimento-nos-corredores\/#breadcrumb","itemListElement":[{"@type":"ListItem","position":1,"name":"In\u00edcio","item":"https:\/\/deputadotaveirajr.com.br\/"},{"@type":"ListItem","position":2,"name":"Superlota\u00e7\u00e3o em hospitais de Natal deixa pacientes aguardando atendimento nos corredores"}]},{"@type":"WebSite","@id":"https:\/\/deputadotaveirajr.com.br\/#website","url":"https:\/\/deputadotaveirajr.com.br\/","name":"Taveira Jr","description":"Deputado Estadual","publisher":{"@id":"https:\/\/deputadotaveirajr.com.br\/#organization"},"potentialAction":[{"@type":"SearchAction","target":{"@type":"EntryPoint","urlTemplate":"https:\/\/deputadotaveirajr.com.br\/?s={search_term_string}"},"query-input":{"@type":"PropertyValueSpecification","valueRequired":true,"valueName":"search_term_string"}}],"inLanguage":"pt-BR"},{"@type":"Organization","@id":"https:\/\/deputadotaveirajr.com.br\/#organization","name":"Taveira Jr","url":"https:\/\/deputadotaveirajr.com.br\/","logo":{"@type":"ImageObject","inLanguage":"pt-BR","@id":"https:\/\/deputadotaveirajr.com.br\/#\/schema\/logo\/image\/","url":"https:\/\/deputadotaveirajr.com.br\/wp-content\/uploads\/2026\/01\/logolow2a.png","contentUrl":"https:\/\/deputadotaveirajr.com.br\/wp-content\/uploads\/2026\/01\/logolow2a.png","width":290,"height":80,"caption":"Taveira Jr"},"image":{"@id":"https:\/\/deputadotaveirajr.com.br\/#\/schema\/logo\/image\/"}}]}},"_links":{"self":[{"href":"https:\/\/deputadotaveirajr.com.br\/index.php\/wp-json\/wp\/v2\/pages\/11934","targetHints":{"allow":["GET"]}}],"collection":[{"href":"https:\/\/deputadotaveirajr.com.br\/index.php\/wp-json\/wp\/v2\/pages"}],"about":[{"href":"https:\/\/deputadotaveirajr.com.br\/index.php\/wp-json\/wp\/v2\/types\/page"}],"replies":[{"embeddable":true,"href":"https:\/\/deputadotaveirajr.com.br\/index.php\/wp-json\/wp\/v2\/comments?post=11934"}],"version-history":[{"count":0,"href":"https:\/\/deputadotaveirajr.com.br\/index.php\/wp-json\/wp\/v2\/pages\/11934\/revisions"}],"wp:featuredmedia":[{"embeddable":true,"href":"https:\/\/deputadotaveirajr.com.br\/index.php\/wp-json\/wp\/v2\/media\/11935"}],"wp:attachment":[{"href":"https:\/\/deputadotaveirajr.com.br\/index.php\/wp-json\/wp\/v2\/media?parent=11934"}],"curies":[{"name":"wp","href":"https:\/\/api.w.org\/{rel}","templated":true}]}}