{"id":11936,"date":"2025-01-05T12:20:25","date_gmt":"2025-01-05T15:20:25","guid":{"rendered":"https:\/\/deputadotaveirajr.com.br\/index.php\/feriado-de-santos-reis-altera-funcionamento-de-servicos-publicos-em-natal-nesta-segunda-6-confira\/"},"modified":"2025-01-05T12:20:25","modified_gmt":"2025-01-05T15:20:25","slug":"feriado-de-santos-reis-altera-funcionamento-de-servicos-publicos-em-natal-nesta-segunda-6-confira","status":"publish","type":"page","link":"https:\/\/deputadotaveirajr.com.br\/index.php\/feriado-de-santos-reis-altera-funcionamento-de-servicos-publicos-em-natal-nesta-segunda-6-confira\/","title":{"rendered":"Feriado de Santos Reis altera funcionamento de servi\u00e7os p\u00fablicos em Natal nesta segunda (6); confira"},"content":{"rendered":"<p><img decoding=\"async\" src=\"https:\/\/s2-g1.glbimg.com\/enC6jpNFg-832yBbOxzMpZctdzc=\/i.s3.glbimg.com\/v1\/AUTH_59edd422c0c84a879bd37670ae4f538a\/internal_photos\/bs\/2024\/g\/d\/kBBZ2ZSRei0C0QL3wEuQ\/whatsapp-image-2024-12-20-at-07.39.05.jpeg\" \/><br \/>     Confira os hor\u00e1rios de funcionamento dos servi\u00e7os p\u00fablicos em Natal na segunda-feira (6). Cajueiro de Pirangi estar\u00e1 aberto no feriado<br \/>\nPedro Trindade\/Inter TV Cabugi<br \/>\nEm raz\u00e3o do feriado municipal do Dia de Santos Reis, celebrado nesta segunda-feira (6), alguns servi\u00e7os do Executivo Estadual ter\u00e3o altera\u00e7\u00f5es em seu funcionamento.<br \/>\nO servi\u00e7os ter\u00e3o altera\u00e7\u00e3o apenas na capital potiguar, Natal, local onde a data \u00e9 comemorada. A seguir, veja os hor\u00e1rios de atendimento de diversos \u00f3rg\u00e3os e unidades na cidade.<br \/>\n\ud83d\udcf3Participe do canal do g1 RN no WhatsApp<br \/>\nConfira hor\u00e1rios:<br \/>\nCaern<br \/>\nOs canais de atendimento da Caern, como o teleatendimento 115, o app Caern Mobile, a Ag\u00eancia Virtual e o WhatsApp (84 98118-8400), seguir\u00e3o operando 24h. Equipes de plant\u00e3o estar\u00e3o dispon\u00edveis para servi\u00e7os de opera\u00e7\u00e3o e manuten\u00e7\u00e3o. O atendimento presencial nos escrit\u00f3rios estar\u00e1 suspenso, retornando na ter\u00e7a-feira (7).<br \/>\nDetran<br \/>\nEm Natal, as unidades da sede, Zona Sul e Zona Norte (nas Centrais do Cidad\u00e3o) estar\u00e3o fechadas. Os atendimentos agendados para o dia 6 dever\u00e3o ser remarcados para a ter\u00e7a-feira (7). Nas demais unidades, o funcionamento ser\u00e1 normal.<br \/>\nHemonorte<br \/>\nO Hemocentro funcionar\u00e1 das 7h \u00e0s 12h, normalmente.<br \/>\nEspa\u00e7o Hemocentro Partage Shopping<br \/>\nFechado na segunda-feira (6), com retorno na ter\u00e7a-feira (7).<br \/>\nUnicat<br \/>\nEstar\u00e1 fechada e retorna com atendimento na ter\u00e7a-feira (7).<br \/>\nCeasa<br \/>\nO funcionamento da Central de Abastecimento ser\u00e1 normal, das 3h \u00e0s 13h.<br \/>\nSeguran\u00e7a<br \/>\nAs delegacias especializadas em Natal estar\u00e3o fechadas. Ocorr\u00eancias devem ser registradas nas delegacias de plant\u00e3o, que estar\u00e3o funcionando normalmente. O atendimento nas delegacias especializadas ser\u00e1 retomado na ter\u00e7a-feira (7).<br \/>\nRestaurantes populares<br \/>\nAs unidades de Restaurante Popular em Natal estar\u00e3o fechadas. As demais unidades funcionar\u00e3o normalmente.<br \/>\nPrograma do leite<br \/>\nA entrega ocorrer\u00e1 sem altera\u00e7\u00f5es.<br \/>\nParque das Dunas e Cajueiro de Pirangi<br \/>\nA sede administrativa do Idema estar\u00e1 fechada. As unidades de conserva\u00e7\u00e3o, incluindo o Parque das Dunas e o Cajueiro de Pirangi, funcionar\u00e3o normalmente, com hor\u00e1rios habituais.<br \/>\nCentral do Cidad\u00e3o<br \/>\nAs unidades de Natal, Lajes e Canguaretama estar\u00e3o fechadas. As demais unidades funcionar\u00e3o normalmente.<br \/>\nSINE<br \/>\nO SINE estar\u00e1 fechado no feriado.<br \/>\nItep<br \/>\nAs unidades do Itep nas Centrais do Cidad\u00e3o e na unidade Central, na Ribeira, estar\u00e3o fechadas.<br \/>\nCultura<br \/>\nOs espa\u00e7os culturais, como a Biblioteca Estadual C\u00e2mara Cascudo e o Forte dos Reis Magos, estar\u00e3o fechados na segunda-feira (6), retornando na ter\u00e7a-feira (7). As Casas de Cultura Popular ter\u00e3o funcionamento normal.<br \/>\nVeja os v\u00eddeos mais assistidos do g1 RN<\/p>","protected":false},"excerpt":{"rendered":"<p>Confira os hor\u00e1rios de funcionamento dos servi\u00e7os p\u00fablicos em Natal na segunda-feira (6). Cajueiro de Pirangi estar\u00e1 aberto no feriado Pedro Trindade\/Inter TV Cabugi Em raz\u00e3o do feriado municipal do &#8230;<\/p>\n","protected":false},"author":0,"featured_media":11937,"parent":0,"menu_order":0,"comment_status":"closed","ping_status":"closed","template":"","meta":{"footnotes":""},"class_list":["post-11936","page","type-page","status-publish","has-post-thumbnail","hentry"],"yoast_head":"<!-- This site is optimized with the Yoast SEO plugin v27.1.1 - https:\/\/yoast.com\/product\/yoast-seo-wordpress\/ -->\n<title>Feriado de Santos Reis altera funcionamento de servi\u00e7os p\u00fablicos em Natal nesta segunda (6); confira - Taveira Jr<\/title>\n<meta name=\"robots\" content=\"index, follow, max-snippet:-1, max-image-preview:large, max-video-preview:-1\" \/>\n<link rel=\"canonical\" href=\"https:\/\/deputadotaveirajr.com.br\/index.php\/feriado-de-santos-reis-altera-funcionamento-de-servicos-publicos-em-natal-nesta-segunda-6-confira\/\" \/>\n<meta property=\"og:locale\" content=\"pt_BR\" \/>\n<meta property=\"og:type\" content=\"article\" \/>\n<meta property=\"og:title\" content=\"Feriado de Santos Reis altera funcionamento de servi\u00e7os p\u00fablicos em Natal nesta segunda (6); confira - Taveira Jr\" \/>\n<meta property=\"og:description\" content=\"Confira os hor\u00e1rios de funcionamento dos servi\u00e7os p\u00fablicos em Natal na segunda-feira (6). Cajueiro de Pirangi estar\u00e1 aberto no feriado Pedro Trindade\/Inter TV Cabugi Em raz\u00e3o do feriado municipal do ...\" \/>\n<meta property=\"og:url\" content=\"https:\/\/deputadotaveirajr.com.br\/index.php\/feriado-de-santos-reis-altera-funcionamento-de-servicos-publicos-em-natal-nesta-segunda-6-confira\/\" \/>\n<meta property=\"og:site_name\" content=\"Taveira Jr\" \/>\n<meta property=\"og:image\" content=\"https:\/\/s2-g1.glbimg.com\/enC6jpNFg-832yBbOxzMpZctdzc=\/i.s3.glbimg.com\/v1\/AUTH_59edd422c0c84a879bd37670ae4f538a\/internal_photos\/bs\/2024\/g\/d\/kBBZ2ZSRei0C0QL3wEuQ\/whatsapp-image-2024-12-20-at-07.39.05.jpeg\" \/>\n<meta name=\"twitter:card\" content=\"summary_large_image\" \/>\n<meta name=\"twitter:label1\" content=\"Est. tempo de leitura\" \/>\n\t<meta name=\"twitter:data1\" content=\"2 minutos\" \/>\n<script type=\"application\/ld+json\" class=\"yoast-schema-graph\">{\"@context\":\"https:\/\/schema.org\",\"@graph\":[{\"@type\":\"WebPage\",\"@id\":\"https:\/\/deputadotaveirajr.com.br\/index.php\/feriado-de-santos-reis-altera-funcionamento-de-servicos-publicos-em-natal-nesta-segunda-6-confira\/\",\"url\":\"https:\/\/deputadotaveirajr.com.br\/index.php\/feriado-de-santos-reis-altera-funcionamento-de-servicos-publicos-em-natal-nesta-segunda-6-confira\/\",\"name\":\"Feriado de Santos Reis altera funcionamento de servi\u00e7os p\u00fablicos em Natal nesta segunda (6); confira - Taveira Jr\",\"isPartOf\":{\"@id\":\"https:\/\/deputadotaveirajr.com.br\/#website\"},\"primaryImageOfPage\":{\"@id\":\"https:\/\/deputadotaveirajr.com.br\/index.php\/feriado-de-santos-reis-altera-funcionamento-de-servicos-publicos-em-natal-nesta-segunda-6-confira\/#primaryimage\"},\"image\":{\"@id\":\"https:\/\/deputadotaveirajr.com.br\/index.php\/feriado-de-santos-reis-altera-funcionamento-de-servicos-publicos-em-natal-nesta-segunda-6-confira\/#primaryimage\"},\"thumbnailUrl\":\"https:\/\/deputadotaveirajr.com.br\/wp-content\/uploads\/2025\/01\/whatsapp-image-2024-12-20-at-07.39.05-vAHEFh.jpeg\",\"datePublished\":\"2025-01-05T15:20:25+00:00\",\"breadcrumb\":{\"@id\":\"https:\/\/deputadotaveirajr.com.br\/index.php\/feriado-de-santos-reis-altera-funcionamento-de-servicos-publicos-em-natal-nesta-segunda-6-confira\/#breadcrumb\"},\"inLanguage\":\"pt-BR\",\"potentialAction\":[{\"@type\":\"ReadAction\",\"target\":[\"https:\/\/deputadotaveirajr.com.br\/index.php\/feriado-de-santos-reis-altera-funcionamento-de-servicos-publicos-em-natal-nesta-segunda-6-confira\/\"]}]},{\"@type\":\"ImageObject\",\"inLanguage\":\"pt-BR\",\"@id\":\"https:\/\/deputadotaveirajr.com.br\/index.php\/feriado-de-santos-reis-altera-funcionamento-de-servicos-publicos-em-natal-nesta-segunda-6-confira\/#primaryimage\",\"url\":\"https:\/\/deputadotaveirajr.com.br\/wp-content\/uploads\/2025\/01\/whatsapp-image-2024-12-20-at-07.39.05-vAHEFh.jpeg\",\"contentUrl\":\"https:\/\/deputadotaveirajr.com.br\/wp-content\/uploads\/2025\/01\/whatsapp-image-2024-12-20-at-07.39.05-vAHEFh.jpeg\",\"width\":1600,\"height\":900},{\"@type\":\"BreadcrumbList\",\"@id\":\"https:\/\/deputadotaveirajr.com.br\/index.php\/feriado-de-santos-reis-altera-funcionamento-de-servicos-publicos-em-natal-nesta-segunda-6-confira\/#breadcrumb\",\"itemListElement\":[{\"@type\":\"ListItem\",\"position\":1,\"name\":\"In\u00edcio\",\"item\":\"https:\/\/deputadotaveirajr.com.br\/\"},{\"@type\":\"ListItem\",\"position\":2,\"name\":\"Feriado de Santos Reis altera funcionamento de servi\u00e7os p\u00fablicos em Natal nesta segunda (6); confira\"}]},{\"@type\":\"WebSite\",\"@id\":\"https:\/\/deputadotaveirajr.com.br\/#website\",\"url\":\"https:\/\/deputadotaveirajr.com.br\/\",\"name\":\"Taveira Jr\",\"description\":\"Deputado Estadual\",\"publisher\":{\"@id\":\"https:\/\/deputadotaveirajr.com.br\/#organization\"},\"potentialAction\":[{\"@type\":\"SearchAction\",\"target\":{\"@type\":\"EntryPoint\",\"urlTemplate\":\"https:\/\/deputadotaveirajr.com.br\/?s={search_term_string}\"},\"query-input\":{\"@type\":\"PropertyValueSpecification\",\"valueRequired\":true,\"valueName\":\"search_term_string\"}}],\"inLanguage\":\"pt-BR\"},{\"@type\":\"Organization\",\"@id\":\"https:\/\/deputadotaveirajr.com.br\/#organization\",\"name\":\"Taveira Jr\",\"url\":\"https:\/\/deputadotaveirajr.com.br\/\",\"logo\":{\"@type\":\"ImageObject\",\"inLanguage\":\"pt-BR\",\"@id\":\"https:\/\/deputadotaveirajr.com.br\/#\/schema\/logo\/image\/\",\"url\":\"https:\/\/deputadotaveirajr.com.br\/wp-content\/uploads\/2026\/01\/logolow2a.png\",\"contentUrl\":\"https:\/\/deputadotaveirajr.com.br\/wp-content\/uploads\/2026\/01\/logolow2a.png\",\"width\":290,\"height\":80,\"caption\":\"Taveira Jr\"},\"image\":{\"@id\":\"https:\/\/deputadotaveirajr.com.br\/#\/schema\/logo\/image\/\"}}]}<\/script>\n<!-- \/ Yoast SEO plugin. -->","yoast_head_json":{"title":"Feriado de Santos Reis altera funcionamento de servi\u00e7os p\u00fablicos em Natal nesta segunda (6); confira - Taveira Jr","robots":{"index":"index","follow":"follow","max-snippet":"max-snippet:-1","max-image-preview":"max-image-preview:large","max-video-preview":"max-video-preview:-1"},"canonical":"https:\/\/deputadotaveirajr.com.br\/index.php\/feriado-de-santos-reis-altera-funcionamento-de-servicos-publicos-em-natal-nesta-segunda-6-confira\/","og_locale":"pt_BR","og_type":"article","og_title":"Feriado de Santos Reis altera funcionamento de servi\u00e7os p\u00fablicos em Natal nesta segunda (6); confira - Taveira Jr","og_description":"Confira os hor\u00e1rios de funcionamento dos servi\u00e7os p\u00fablicos em Natal na segunda-feira (6). Cajueiro de Pirangi estar\u00e1 aberto no feriado Pedro Trindade\/Inter TV Cabugi Em raz\u00e3o do feriado municipal do ...","og_url":"https:\/\/deputadotaveirajr.com.br\/index.php\/feriado-de-santos-reis-altera-funcionamento-de-servicos-publicos-em-natal-nesta-segunda-6-confira\/","og_site_name":"Taveira Jr","og_image":[{"url":"https:\/\/s2-g1.glbimg.com\/enC6jpNFg-832yBbOxzMpZctdzc=\/i.s3.glbimg.com\/v1\/AUTH_59edd422c0c84a879bd37670ae4f538a\/internal_photos\/bs\/2024\/g\/d\/kBBZ2ZSRei0C0QL3wEuQ\/whatsapp-image-2024-12-20-at-07.39.05.jpeg","type":"","width":"","height":""}],"twitter_card":"summary_large_image","twitter_misc":{"Est. tempo de leitura":"2 minutos"},"schema":{"@context":"https:\/\/schema.org","@graph":[{"@type":"WebPage","@id":"https:\/\/deputadotaveirajr.com.br\/index.php\/feriado-de-santos-reis-altera-funcionamento-de-servicos-publicos-em-natal-nesta-segunda-6-confira\/","url":"https:\/\/deputadotaveirajr.com.br\/index.php\/feriado-de-santos-reis-altera-funcionamento-de-servicos-publicos-em-natal-nesta-segunda-6-confira\/","name":"Feriado de Santos Reis altera funcionamento de servi\u00e7os p\u00fablicos em Natal nesta segunda (6); confira - Taveira Jr","isPartOf":{"@id":"https:\/\/deputadotaveirajr.com.br\/#website"},"primaryImageOfPage":{"@id":"https:\/\/deputadotaveirajr.com.br\/index.php\/feriado-de-santos-reis-altera-funcionamento-de-servicos-publicos-em-natal-nesta-segunda-6-confira\/#primaryimage"},"image":{"@id":"https:\/\/deputadotaveirajr.com.br\/index.php\/feriado-de-santos-reis-altera-funcionamento-de-servicos-publicos-em-natal-nesta-segunda-6-confira\/#primaryimage"},"thumbnailUrl":"https:\/\/deputadotaveirajr.com.br\/wp-content\/uploads\/2025\/01\/whatsapp-image-2024-12-20-at-07.39.05-vAHEFh.jpeg","datePublished":"2025-01-05T15:20:25+00:00","breadcrumb":{"@id":"https:\/\/deputadotaveirajr.com.br\/index.php\/feriado-de-santos-reis-altera-funcionamento-de-servicos-publicos-em-natal-nesta-segunda-6-confira\/#breadcrumb"},"inLanguage":"pt-BR","potentialAction":[{"@type":"ReadAction","target":["https:\/\/deputadotaveirajr.com.br\/index.php\/feriado-de-santos-reis-altera-funcionamento-de-servicos-publicos-em-natal-nesta-segunda-6-confira\/"]}]},{"@type":"ImageObject","inLanguage":"pt-BR","@id":"https:\/\/deputadotaveirajr.com.br\/index.php\/feriado-de-santos-reis-altera-funcionamento-de-servicos-publicos-em-natal-nesta-segunda-6-confira\/#primaryimage","url":"https:\/\/deputadotaveirajr.com.br\/wp-content\/uploads\/2025\/01\/whatsapp-image-2024-12-20-at-07.39.05-vAHEFh.jpeg","contentUrl":"https:\/\/deputadotaveirajr.com.br\/wp-content\/uploads\/2025\/01\/whatsapp-image-2024-12-20-at-07.39.05-vAHEFh.jpeg","width":1600,"height":900},{"@type":"BreadcrumbList","@id":"https:\/\/deputadotaveirajr.com.br\/index.php\/feriado-de-santos-reis-altera-funcionamento-de-servicos-publicos-em-natal-nesta-segunda-6-confira\/#breadcrumb","itemListElement":[{"@type":"ListItem","position":1,"name":"In\u00edcio","item":"https:\/\/deputadotaveirajr.com.br\/"},{"@type":"ListItem","position":2,"name":"Feriado de Santos Reis altera funcionamento de servi\u00e7os p\u00fablicos em Natal nesta segunda (6); confira"}]},{"@type":"WebSite","@id":"https:\/\/deputadotaveirajr.com.br\/#website","url":"https:\/\/deputadotaveirajr.com.br\/","name":"Taveira Jr","description":"Deputado Estadual","publisher":{"@id":"https:\/\/deputadotaveirajr.com.br\/#organization"},"potentialAction":[{"@type":"SearchAction","target":{"@type":"EntryPoint","urlTemplate":"https:\/\/deputadotaveirajr.com.br\/?s={search_term_string}"},"query-input":{"@type":"PropertyValueSpecification","valueRequired":true,"valueName":"search_term_string"}}],"inLanguage":"pt-BR"},{"@type":"Organization","@id":"https:\/\/deputadotaveirajr.com.br\/#organization","name":"Taveira Jr","url":"https:\/\/deputadotaveirajr.com.br\/","logo":{"@type":"ImageObject","inLanguage":"pt-BR","@id":"https:\/\/deputadotaveirajr.com.br\/#\/schema\/logo\/image\/","url":"https:\/\/deputadotaveirajr.com.br\/wp-content\/uploads\/2026\/01\/logolow2a.png","contentUrl":"https:\/\/deputadotaveirajr.com.br\/wp-content\/uploads\/2026\/01\/logolow2a.png","width":290,"height":80,"caption":"Taveira Jr"},"image":{"@id":"https:\/\/deputadotaveirajr.com.br\/#\/schema\/logo\/image\/"}}]}},"_links":{"self":[{"href":"https:\/\/deputadotaveirajr.com.br\/index.php\/wp-json\/wp\/v2\/pages\/11936","targetHints":{"allow":["GET"]}}],"collection":[{"href":"https:\/\/deputadotaveirajr.com.br\/index.php\/wp-json\/wp\/v2\/pages"}],"about":[{"href":"https:\/\/deputadotaveirajr.com.br\/index.php\/wp-json\/wp\/v2\/types\/page"}],"replies":[{"embeddable":true,"href":"https:\/\/deputadotaveirajr.com.br\/index.php\/wp-json\/wp\/v2\/comments?post=11936"}],"version-history":[{"count":0,"href":"https:\/\/deputadotaveirajr.com.br\/index.php\/wp-json\/wp\/v2\/pages\/11936\/revisions"}],"wp:featuredmedia":[{"embeddable":true,"href":"https:\/\/deputadotaveirajr.com.br\/index.php\/wp-json\/wp\/v2\/media\/11937"}],"wp:attachment":[{"href":"https:\/\/deputadotaveirajr.com.br\/index.php\/wp-json\/wp\/v2\/media?parent=11936"}],"curies":[{"name":"wp","href":"https:\/\/api.w.org\/{rel}","templated":true}]}}