{"id":11938,"date":"2025-01-05T10:47:26","date_gmt":"2025-01-05T13:47:26","guid":{"rendered":"https:\/\/deputadotaveirajr.com.br\/index.php\/motociclista-morre-em-acidente-na-br-101-na-grande-natal\/"},"modified":"2025-01-05T10:47:26","modified_gmt":"2025-01-05T13:47:26","slug":"motociclista-morre-em-acidente-na-br-101-na-grande-natal","status":"publish","type":"page","link":"https:\/\/deputadotaveirajr.com.br\/index.php\/motociclista-morre-em-acidente-na-br-101-na-grande-natal\/","title":{"rendered":"Motociclista morre em acidente na BR-101 na Grande Natal"},"content":{"rendered":"<p><img decoding=\"async\" src=\"https:\/\/s2-g1.glbimg.com\/95kicWdcwcZgwdSLay_CJ8eMpqY=\/i.s3.glbimg.com\/v1\/AUTH_59edd422c0c84a879bd37670ae4f538a\/internal_photos\/bs\/2025\/8\/j\/EFBWkNSqibnaX1BLnMOQ\/captura-de-tela-2025-01-05-103737.png\" \/><br \/>     Acidente aconteceu em Parnamirm na manh\u00e3 deste domingo (5); passageira sofreu les\u00f5es leves. Acidente aconteceu em Parnamirim na manh\u00e3 deste domingo (5)<br \/>\nReprodu\u00e7\u00e3o\/Redes Sociais<br \/>\nUm homem de 31 anos morreu em um acidente de tr\u00e2nsito ocorrido na manh\u00e3 deste domingo (5), no km 103 da BR-101, em Parnamirim, na Grande Natal.<br \/>\nO acidente aconteceu por volta das 7h e envolveu uma motocicleta modelo MOTTU\/SPORT 110I.<br \/>\n\ud83d\udcf3Participe do canal do g1 RN no WhatsApp<br \/>\nDe acordo com a Pol\u00edcia Rodovi\u00e1ria Federal (PRF), o sinistro foi do tipo sa\u00edda de pista, seguido de colis\u00e3o com objeto fixo. A passageira da motocicleta, uma mulher de 44 anos, sofreu les\u00f5es leves e recebeu atendimento m\u00e9dico.<br \/>\nA PRF confirmou que a v\u00edtima foi identificada como o motorista de aplicativo Pedro Enrique, que criava conte\u00fados nas redes sociais, e era conhecido como Rei do Uber.<br \/>\nEquipes do Servi\u00e7o de Atendimento M\u00f3vel de Urg\u00eancia (SAMU), Instituto T\u00e9cnico-Cient\u00edfico de Per\u00edcia (ITEP) e Pol\u00edcia Civil tamb\u00e9m estiveram no local para os procedimentos necess\u00e1rios.<br \/>\nAs circunst\u00e2ncias do acidente est\u00e3o sendo investigadas.<br \/>\nVeja os v\u00eddeos mais assistidos do g1 RN<\/p>","protected":false},"excerpt":{"rendered":"<p>Acidente aconteceu em Parnamirm na manh\u00e3 deste domingo (5); passageira sofreu les\u00f5es leves. Acidente aconteceu em Parnamirim na manh\u00e3 deste domingo (5) Reprodu\u00e7\u00e3o\/Redes Sociais Um homem de 31 anos morreu &#8230;<\/p>\n","protected":false},"author":0,"featured_media":11939,"parent":0,"menu_order":0,"comment_status":"closed","ping_status":"closed","template":"","meta":{"footnotes":""},"class_list":["post-11938","page","type-page","status-publish","has-post-thumbnail","hentry"],"yoast_head":"<!-- This site is optimized with the Yoast SEO plugin v27.1.1 - https:\/\/yoast.com\/product\/yoast-seo-wordpress\/ -->\n<title>Motociclista morre em acidente na BR-101 na Grande Natal - Taveira Jr<\/title>\n<meta name=\"robots\" content=\"index, follow, max-snippet:-1, max-image-preview:large, max-video-preview:-1\" \/>\n<link rel=\"canonical\" href=\"https:\/\/deputadotaveirajr.com.br\/index.php\/motociclista-morre-em-acidente-na-br-101-na-grande-natal\/\" \/>\n<meta property=\"og:locale\" content=\"pt_BR\" \/>\n<meta property=\"og:type\" content=\"article\" \/>\n<meta property=\"og:title\" content=\"Motociclista morre em acidente na BR-101 na Grande Natal - Taveira Jr\" \/>\n<meta property=\"og:description\" content=\"Acidente aconteceu em Parnamirm na manh\u00e3 deste domingo (5); passageira sofreu les\u00f5es leves. Acidente aconteceu em Parnamirim na manh\u00e3 deste domingo (5) Reprodu\u00e7\u00e3o\/Redes Sociais Um homem de 31 anos morreu ...\" \/>\n<meta property=\"og:url\" content=\"https:\/\/deputadotaveirajr.com.br\/index.php\/motociclista-morre-em-acidente-na-br-101-na-grande-natal\/\" \/>\n<meta property=\"og:site_name\" content=\"Taveira Jr\" \/>\n<meta property=\"og:image\" content=\"https:\/\/s2-g1.glbimg.com\/95kicWdcwcZgwdSLay_CJ8eMpqY=\/i.s3.glbimg.com\/v1\/AUTH_59edd422c0c84a879bd37670ae4f538a\/internal_photos\/bs\/2025\/8\/j\/EFBWkNSqibnaX1BLnMOQ\/captura-de-tela-2025-01-05-103737.png\" \/>\n<meta name=\"twitter:card\" content=\"summary_large_image\" \/>\n<meta name=\"twitter:label1\" content=\"Est. tempo de leitura\" \/>\n\t<meta name=\"twitter:data1\" content=\"1 minuto\" \/>\n<script type=\"application\/ld+json\" class=\"yoast-schema-graph\">{\"@context\":\"https:\/\/schema.org\",\"@graph\":[{\"@type\":\"WebPage\",\"@id\":\"https:\/\/deputadotaveirajr.com.br\/index.php\/motociclista-morre-em-acidente-na-br-101-na-grande-natal\/\",\"url\":\"https:\/\/deputadotaveirajr.com.br\/index.php\/motociclista-morre-em-acidente-na-br-101-na-grande-natal\/\",\"name\":\"Motociclista morre em acidente na BR-101 na Grande Natal - Taveira Jr\",\"isPartOf\":{\"@id\":\"https:\/\/deputadotaveirajr.com.br\/#website\"},\"primaryImageOfPage\":{\"@id\":\"https:\/\/deputadotaveirajr.com.br\/index.php\/motociclista-morre-em-acidente-na-br-101-na-grande-natal\/#primaryimage\"},\"image\":{\"@id\":\"https:\/\/deputadotaveirajr.com.br\/index.php\/motociclista-morre-em-acidente-na-br-101-na-grande-natal\/#primaryimage\"},\"thumbnailUrl\":\"https:\/\/deputadotaveirajr.com.br\/wp-content\/uploads\/2025\/01\/captura-de-tela-2025-01-05-103737-XbPVQd.jpeg\",\"datePublished\":\"2025-01-05T13:47:26+00:00\",\"breadcrumb\":{\"@id\":\"https:\/\/deputadotaveirajr.com.br\/index.php\/motociclista-morre-em-acidente-na-br-101-na-grande-natal\/#breadcrumb\"},\"inLanguage\":\"pt-BR\",\"potentialAction\":[{\"@type\":\"ReadAction\",\"target\":[\"https:\/\/deputadotaveirajr.com.br\/index.php\/motociclista-morre-em-acidente-na-br-101-na-grande-natal\/\"]}]},{\"@type\":\"ImageObject\",\"inLanguage\":\"pt-BR\",\"@id\":\"https:\/\/deputadotaveirajr.com.br\/index.php\/motociclista-morre-em-acidente-na-br-101-na-grande-natal\/#primaryimage\",\"url\":\"https:\/\/deputadotaveirajr.com.br\/wp-content\/uploads\/2025\/01\/captura-de-tela-2025-01-05-103737-XbPVQd.jpeg\",\"contentUrl\":\"https:\/\/deputadotaveirajr.com.br\/wp-content\/uploads\/2025\/01\/captura-de-tela-2025-01-05-103737-XbPVQd.jpeg\",\"width\":428,\"height\":689},{\"@type\":\"BreadcrumbList\",\"@id\":\"https:\/\/deputadotaveirajr.com.br\/index.php\/motociclista-morre-em-acidente-na-br-101-na-grande-natal\/#breadcrumb\",\"itemListElement\":[{\"@type\":\"ListItem\",\"position\":1,\"name\":\"In\u00edcio\",\"item\":\"https:\/\/deputadotaveirajr.com.br\/\"},{\"@type\":\"ListItem\",\"position\":2,\"name\":\"Motociclista morre em acidente na BR-101 na Grande Natal\"}]},{\"@type\":\"WebSite\",\"@id\":\"https:\/\/deputadotaveirajr.com.br\/#website\",\"url\":\"https:\/\/deputadotaveirajr.com.br\/\",\"name\":\"Taveira Jr\",\"description\":\"Deputado Estadual\",\"publisher\":{\"@id\":\"https:\/\/deputadotaveirajr.com.br\/#organization\"},\"potentialAction\":[{\"@type\":\"SearchAction\",\"target\":{\"@type\":\"EntryPoint\",\"urlTemplate\":\"https:\/\/deputadotaveirajr.com.br\/?s={search_term_string}\"},\"query-input\":{\"@type\":\"PropertyValueSpecification\",\"valueRequired\":true,\"valueName\":\"search_term_string\"}}],\"inLanguage\":\"pt-BR\"},{\"@type\":\"Organization\",\"@id\":\"https:\/\/deputadotaveirajr.com.br\/#organization\",\"name\":\"Taveira Jr\",\"url\":\"https:\/\/deputadotaveirajr.com.br\/\",\"logo\":{\"@type\":\"ImageObject\",\"inLanguage\":\"pt-BR\",\"@id\":\"https:\/\/deputadotaveirajr.com.br\/#\/schema\/logo\/image\/\",\"url\":\"https:\/\/deputadotaveirajr.com.br\/wp-content\/uploads\/2026\/01\/logolow2a.png\",\"contentUrl\":\"https:\/\/deputadotaveirajr.com.br\/wp-content\/uploads\/2026\/01\/logolow2a.png\",\"width\":290,\"height\":80,\"caption\":\"Taveira Jr\"},\"image\":{\"@id\":\"https:\/\/deputadotaveirajr.com.br\/#\/schema\/logo\/image\/\"}}]}<\/script>\n<!-- \/ Yoast SEO plugin. -->","yoast_head_json":{"title":"Motociclista morre em acidente na BR-101 na Grande Natal - Taveira Jr","robots":{"index":"index","follow":"follow","max-snippet":"max-snippet:-1","max-image-preview":"max-image-preview:large","max-video-preview":"max-video-preview:-1"},"canonical":"https:\/\/deputadotaveirajr.com.br\/index.php\/motociclista-morre-em-acidente-na-br-101-na-grande-natal\/","og_locale":"pt_BR","og_type":"article","og_title":"Motociclista morre em acidente na BR-101 na Grande Natal - Taveira Jr","og_description":"Acidente aconteceu em Parnamirm na manh\u00e3 deste domingo (5); passageira sofreu les\u00f5es leves. Acidente aconteceu em Parnamirim na manh\u00e3 deste domingo (5) Reprodu\u00e7\u00e3o\/Redes Sociais Um homem de 31 anos morreu ...","og_url":"https:\/\/deputadotaveirajr.com.br\/index.php\/motociclista-morre-em-acidente-na-br-101-na-grande-natal\/","og_site_name":"Taveira Jr","og_image":[{"url":"https:\/\/s2-g1.glbimg.com\/95kicWdcwcZgwdSLay_CJ8eMpqY=\/i.s3.glbimg.com\/v1\/AUTH_59edd422c0c84a879bd37670ae4f538a\/internal_photos\/bs\/2025\/8\/j\/EFBWkNSqibnaX1BLnMOQ\/captura-de-tela-2025-01-05-103737.png","type":"","width":"","height":""}],"twitter_card":"summary_large_image","twitter_misc":{"Est. tempo de leitura":"1 minuto"},"schema":{"@context":"https:\/\/schema.org","@graph":[{"@type":"WebPage","@id":"https:\/\/deputadotaveirajr.com.br\/index.php\/motociclista-morre-em-acidente-na-br-101-na-grande-natal\/","url":"https:\/\/deputadotaveirajr.com.br\/index.php\/motociclista-morre-em-acidente-na-br-101-na-grande-natal\/","name":"Motociclista morre em acidente na BR-101 na Grande Natal - Taveira Jr","isPartOf":{"@id":"https:\/\/deputadotaveirajr.com.br\/#website"},"primaryImageOfPage":{"@id":"https:\/\/deputadotaveirajr.com.br\/index.php\/motociclista-morre-em-acidente-na-br-101-na-grande-natal\/#primaryimage"},"image":{"@id":"https:\/\/deputadotaveirajr.com.br\/index.php\/motociclista-morre-em-acidente-na-br-101-na-grande-natal\/#primaryimage"},"thumbnailUrl":"https:\/\/deputadotaveirajr.com.br\/wp-content\/uploads\/2025\/01\/captura-de-tela-2025-01-05-103737-XbPVQd.jpeg","datePublished":"2025-01-05T13:47:26+00:00","breadcrumb":{"@id":"https:\/\/deputadotaveirajr.com.br\/index.php\/motociclista-morre-em-acidente-na-br-101-na-grande-natal\/#breadcrumb"},"inLanguage":"pt-BR","potentialAction":[{"@type":"ReadAction","target":["https:\/\/deputadotaveirajr.com.br\/index.php\/motociclista-morre-em-acidente-na-br-101-na-grande-natal\/"]}]},{"@type":"ImageObject","inLanguage":"pt-BR","@id":"https:\/\/deputadotaveirajr.com.br\/index.php\/motociclista-morre-em-acidente-na-br-101-na-grande-natal\/#primaryimage","url":"https:\/\/deputadotaveirajr.com.br\/wp-content\/uploads\/2025\/01\/captura-de-tela-2025-01-05-103737-XbPVQd.jpeg","contentUrl":"https:\/\/deputadotaveirajr.com.br\/wp-content\/uploads\/2025\/01\/captura-de-tela-2025-01-05-103737-XbPVQd.jpeg","width":428,"height":689},{"@type":"BreadcrumbList","@id":"https:\/\/deputadotaveirajr.com.br\/index.php\/motociclista-morre-em-acidente-na-br-101-na-grande-natal\/#breadcrumb","itemListElement":[{"@type":"ListItem","position":1,"name":"In\u00edcio","item":"https:\/\/deputadotaveirajr.com.br\/"},{"@type":"ListItem","position":2,"name":"Motociclista morre em acidente na BR-101 na Grande Natal"}]},{"@type":"WebSite","@id":"https:\/\/deputadotaveirajr.com.br\/#website","url":"https:\/\/deputadotaveirajr.com.br\/","name":"Taveira Jr","description":"Deputado Estadual","publisher":{"@id":"https:\/\/deputadotaveirajr.com.br\/#organization"},"potentialAction":[{"@type":"SearchAction","target":{"@type":"EntryPoint","urlTemplate":"https:\/\/deputadotaveirajr.com.br\/?s={search_term_string}"},"query-input":{"@type":"PropertyValueSpecification","valueRequired":true,"valueName":"search_term_string"}}],"inLanguage":"pt-BR"},{"@type":"Organization","@id":"https:\/\/deputadotaveirajr.com.br\/#organization","name":"Taveira Jr","url":"https:\/\/deputadotaveirajr.com.br\/","logo":{"@type":"ImageObject","inLanguage":"pt-BR","@id":"https:\/\/deputadotaveirajr.com.br\/#\/schema\/logo\/image\/","url":"https:\/\/deputadotaveirajr.com.br\/wp-content\/uploads\/2026\/01\/logolow2a.png","contentUrl":"https:\/\/deputadotaveirajr.com.br\/wp-content\/uploads\/2026\/01\/logolow2a.png","width":290,"height":80,"caption":"Taveira Jr"},"image":{"@id":"https:\/\/deputadotaveirajr.com.br\/#\/schema\/logo\/image\/"}}]}},"_links":{"self":[{"href":"https:\/\/deputadotaveirajr.com.br\/index.php\/wp-json\/wp\/v2\/pages\/11938","targetHints":{"allow":["GET"]}}],"collection":[{"href":"https:\/\/deputadotaveirajr.com.br\/index.php\/wp-json\/wp\/v2\/pages"}],"about":[{"href":"https:\/\/deputadotaveirajr.com.br\/index.php\/wp-json\/wp\/v2\/types\/page"}],"replies":[{"embeddable":true,"href":"https:\/\/deputadotaveirajr.com.br\/index.php\/wp-json\/wp\/v2\/comments?post=11938"}],"version-history":[{"count":0,"href":"https:\/\/deputadotaveirajr.com.br\/index.php\/wp-json\/wp\/v2\/pages\/11938\/revisions"}],"wp:featuredmedia":[{"embeddable":true,"href":"https:\/\/deputadotaveirajr.com.br\/index.php\/wp-json\/wp\/v2\/media\/11939"}],"wp:attachment":[{"href":"https:\/\/deputadotaveirajr.com.br\/index.php\/wp-json\/wp\/v2\/media?parent=11938"}],"curies":[{"name":"wp","href":"https:\/\/api.w.org\/{rel}","templated":true}]}}