{"id":11940,"date":"2025-01-05T13:52:36","date_gmt":"2025-01-05T16:52:36","guid":{"rendered":"https:\/\/deputadotaveirajr.com.br\/index.php\/video-motociclista-colide-com-poste-em-mossoro\/"},"modified":"2025-01-05T13:52:36","modified_gmt":"2025-01-05T16:52:36","slug":"video-motociclista-colide-com-poste-em-mossoro","status":"publish","type":"page","link":"https:\/\/deputadotaveirajr.com.br\/index.php\/video-motociclista-colide-com-poste-em-mossoro\/","title":{"rendered":"V\u00cdDEO: Motociclista colide com poste em Mossor\u00f3"},"content":{"rendered":"<p><img decoding=\"async\" src=\"https:\/\/s2-g1.glbimg.com\/W8h5RnEbF4X7d9or829Aa1X1pKM=\/i.s3.glbimg.com\/v1\/AUTH_59edd422c0c84a879bd37670ae4f538a\/internal_photos\/bs\/2025\/O\/S\/5uUploSzSQ6kGinAQnUg\/captura-de-tela-2025-01-05-134827.png\" \/><br \/>     Acidente no bairro Nova Bet\u00e2nia foi registrado por c\u00e2meras; relat\u00f3rio aponta aumento de ocorr\u00eancias envolvendo motos aos domingos. Motociclista colide com poste em Mossor\u00f3<br \/>\nUm acidente envolvendo um motociclista foi registrado por volta das 10h15 da manh\u00e3 deste domingo (5), na Rua Ant\u00f4nio Vieira de S\u00e1, no bairro Nova Bet\u00e2nia, em Mossor\u00f3, regi\u00e3o Oeste do Rio Grande do Norte.<br \/>\nO motociclista perdeu o controle da moto e colidiu contra um poste. O incidente foi captado por c\u00e2meras de seguran\u00e7a da \u00e1rea.<br \/>\n\ud83d\udcf3Participe do canal do g1 RN no WhatsApp<br \/>\nNas imagens, \u00e9 poss\u00edvel ver o homem, que usava capacete no momento da colis\u00e3o, retirando o equipamento ap\u00f3s o impacto. Ele foi atendido por uma equipe do SAMU e encaminhado ao Hospital Regional Tarc\u00edsio Maia. O estado de sa\u00fade da v\u00edtima ainda n\u00e3o foi divulgado pelo hospital.<br \/>\nAs imagens que circulam nas redes sociais gerou indigna\u00e7\u00e3o de alguns usu\u00e1rios, devido ao fato que ap\u00f3s o acidente, um ve\u00edculo passou pelo local e n\u00e3o prestou qualquer aux\u00edlio ao motociclista.<br \/>\nNo final de dezembro, a Secretaria Municipal de Mobilidade Urbana e Tr\u00e2nsito de Mossor\u00f3 divulgou um relat\u00f3rio com o n\u00famero de acidentes de tr\u00e2nsito na cidade.<br \/>\nEntre agosto e dezembro, foram registrados 2.340 acidentes, dos quais 1.884 pessoas ficaram feridas. O levantamento tamb\u00e9m mostrou que 69% das v\u00edtimas s\u00e3o homens. A maioria dos acidentes envolveu motocicletas e aconteceu aos domingo.<br \/>\nMotociclista colide com poste em Mossor\u00f3<br \/>\nReprodu\u00e7\u00e3o<br \/>\nVeja os v\u00eddeos mais assistidos do g1 RN<\/p>","protected":false},"excerpt":{"rendered":"<p>Acidente no bairro Nova Bet\u00e2nia foi registrado por c\u00e2meras; relat\u00f3rio aponta aumento de ocorr\u00eancias envolvendo motos aos domingos. Motociclista colide com poste em Mossor\u00f3 Um acidente envolvendo um motociclista foi &#8230;<\/p>\n","protected":false},"author":0,"featured_media":11941,"parent":0,"menu_order":0,"comment_status":"closed","ping_status":"closed","template":"","meta":{"footnotes":""},"class_list":["post-11940","page","type-page","status-publish","has-post-thumbnail","hentry"],"yoast_head":"<!-- This site is optimized with the Yoast SEO plugin v27.1.1 - https:\/\/yoast.com\/product\/yoast-seo-wordpress\/ -->\n<title>V\u00cdDEO: Motociclista colide com poste em Mossor\u00f3 - Taveira Jr<\/title>\n<meta name=\"robots\" content=\"index, follow, max-snippet:-1, max-image-preview:large, max-video-preview:-1\" \/>\n<link rel=\"canonical\" href=\"https:\/\/deputadotaveirajr.com.br\/index.php\/video-motociclista-colide-com-poste-em-mossoro\/\" \/>\n<meta property=\"og:locale\" content=\"pt_BR\" \/>\n<meta property=\"og:type\" content=\"article\" \/>\n<meta property=\"og:title\" content=\"V\u00cdDEO: Motociclista colide com poste em Mossor\u00f3 - Taveira Jr\" \/>\n<meta property=\"og:description\" content=\"Acidente no bairro Nova Bet\u00e2nia foi registrado por c\u00e2meras; relat\u00f3rio aponta aumento de ocorr\u00eancias envolvendo motos aos domingos. Motociclista colide com poste em Mossor\u00f3 Um acidente envolvendo um motociclista foi ...\" \/>\n<meta property=\"og:url\" content=\"https:\/\/deputadotaveirajr.com.br\/index.php\/video-motociclista-colide-com-poste-em-mossoro\/\" \/>\n<meta property=\"og:site_name\" content=\"Taveira Jr\" \/>\n<meta property=\"og:image\" content=\"https:\/\/s2-g1.glbimg.com\/W8h5RnEbF4X7d9or829Aa1X1pKM=\/i.s3.glbimg.com\/v1\/AUTH_59edd422c0c84a879bd37670ae4f538a\/internal_photos\/bs\/2025\/O\/S\/5uUploSzSQ6kGinAQnUg\/captura-de-tela-2025-01-05-134827.png\" \/>\n<meta name=\"twitter:card\" content=\"summary_large_image\" \/>\n<meta name=\"twitter:label1\" content=\"Est. tempo de leitura\" \/>\n\t<meta name=\"twitter:data1\" content=\"1 minuto\" \/>\n<script type=\"application\/ld+json\" class=\"yoast-schema-graph\">{\"@context\":\"https:\/\/schema.org\",\"@graph\":[{\"@type\":\"WebPage\",\"@id\":\"https:\/\/deputadotaveirajr.com.br\/index.php\/video-motociclista-colide-com-poste-em-mossoro\/\",\"url\":\"https:\/\/deputadotaveirajr.com.br\/index.php\/video-motociclista-colide-com-poste-em-mossoro\/\",\"name\":\"V\u00cdDEO: Motociclista colide com poste em Mossor\u00f3 - Taveira Jr\",\"isPartOf\":{\"@id\":\"https:\/\/deputadotaveirajr.com.br\/#website\"},\"primaryImageOfPage\":{\"@id\":\"https:\/\/deputadotaveirajr.com.br\/index.php\/video-motociclista-colide-com-poste-em-mossoro\/#primaryimage\"},\"image\":{\"@id\":\"https:\/\/deputadotaveirajr.com.br\/index.php\/video-motociclista-colide-com-poste-em-mossoro\/#primaryimage\"},\"thumbnailUrl\":\"https:\/\/deputadotaveirajr.com.br\/wp-content\/uploads\/2025\/01\/captura-de-tela-2025-01-05-134827-iPHpaJ.jpeg\",\"datePublished\":\"2025-01-05T16:52:36+00:00\",\"breadcrumb\":{\"@id\":\"https:\/\/deputadotaveirajr.com.br\/index.php\/video-motociclista-colide-com-poste-em-mossoro\/#breadcrumb\"},\"inLanguage\":\"pt-BR\",\"potentialAction\":[{\"@type\":\"ReadAction\",\"target\":[\"https:\/\/deputadotaveirajr.com.br\/index.php\/video-motociclista-colide-com-poste-em-mossoro\/\"]}]},{\"@type\":\"ImageObject\",\"inLanguage\":\"pt-BR\",\"@id\":\"https:\/\/deputadotaveirajr.com.br\/index.php\/video-motociclista-colide-com-poste-em-mossoro\/#primaryimage\",\"url\":\"https:\/\/deputadotaveirajr.com.br\/wp-content\/uploads\/2025\/01\/captura-de-tela-2025-01-05-134827-iPHpaJ.jpeg\",\"contentUrl\":\"https:\/\/deputadotaveirajr.com.br\/wp-content\/uploads\/2025\/01\/captura-de-tela-2025-01-05-134827-iPHpaJ.jpeg\",\"width\":840,\"height\":473},{\"@type\":\"BreadcrumbList\",\"@id\":\"https:\/\/deputadotaveirajr.com.br\/index.php\/video-motociclista-colide-com-poste-em-mossoro\/#breadcrumb\",\"itemListElement\":[{\"@type\":\"ListItem\",\"position\":1,\"name\":\"In\u00edcio\",\"item\":\"https:\/\/deputadotaveirajr.com.br\/\"},{\"@type\":\"ListItem\",\"position\":2,\"name\":\"V\u00cdDEO: Motociclista colide com poste em Mossor\u00f3\"}]},{\"@type\":\"WebSite\",\"@id\":\"https:\/\/deputadotaveirajr.com.br\/#website\",\"url\":\"https:\/\/deputadotaveirajr.com.br\/\",\"name\":\"Taveira Jr\",\"description\":\"Deputado Estadual\",\"publisher\":{\"@id\":\"https:\/\/deputadotaveirajr.com.br\/#organization\"},\"potentialAction\":[{\"@type\":\"SearchAction\",\"target\":{\"@type\":\"EntryPoint\",\"urlTemplate\":\"https:\/\/deputadotaveirajr.com.br\/?s={search_term_string}\"},\"query-input\":{\"@type\":\"PropertyValueSpecification\",\"valueRequired\":true,\"valueName\":\"search_term_string\"}}],\"inLanguage\":\"pt-BR\"},{\"@type\":\"Organization\",\"@id\":\"https:\/\/deputadotaveirajr.com.br\/#organization\",\"name\":\"Taveira Jr\",\"url\":\"https:\/\/deputadotaveirajr.com.br\/\",\"logo\":{\"@type\":\"ImageObject\",\"inLanguage\":\"pt-BR\",\"@id\":\"https:\/\/deputadotaveirajr.com.br\/#\/schema\/logo\/image\/\",\"url\":\"https:\/\/deputadotaveirajr.com.br\/wp-content\/uploads\/2026\/01\/logolow2a.png\",\"contentUrl\":\"https:\/\/deputadotaveirajr.com.br\/wp-content\/uploads\/2026\/01\/logolow2a.png\",\"width\":290,\"height\":80,\"caption\":\"Taveira Jr\"},\"image\":{\"@id\":\"https:\/\/deputadotaveirajr.com.br\/#\/schema\/logo\/image\/\"}}]}<\/script>\n<!-- \/ Yoast SEO plugin. -->","yoast_head_json":{"title":"V\u00cdDEO: Motociclista colide com poste em Mossor\u00f3 - Taveira Jr","robots":{"index":"index","follow":"follow","max-snippet":"max-snippet:-1","max-image-preview":"max-image-preview:large","max-video-preview":"max-video-preview:-1"},"canonical":"https:\/\/deputadotaveirajr.com.br\/index.php\/video-motociclista-colide-com-poste-em-mossoro\/","og_locale":"pt_BR","og_type":"article","og_title":"V\u00cdDEO: Motociclista colide com poste em Mossor\u00f3 - Taveira Jr","og_description":"Acidente no bairro Nova Bet\u00e2nia foi registrado por c\u00e2meras; relat\u00f3rio aponta aumento de ocorr\u00eancias envolvendo motos aos domingos. Motociclista colide com poste em Mossor\u00f3 Um acidente envolvendo um motociclista foi ...","og_url":"https:\/\/deputadotaveirajr.com.br\/index.php\/video-motociclista-colide-com-poste-em-mossoro\/","og_site_name":"Taveira Jr","og_image":[{"url":"https:\/\/s2-g1.glbimg.com\/W8h5RnEbF4X7d9or829Aa1X1pKM=\/i.s3.glbimg.com\/v1\/AUTH_59edd422c0c84a879bd37670ae4f538a\/internal_photos\/bs\/2025\/O\/S\/5uUploSzSQ6kGinAQnUg\/captura-de-tela-2025-01-05-134827.png","type":"","width":"","height":""}],"twitter_card":"summary_large_image","twitter_misc":{"Est. tempo de leitura":"1 minuto"},"schema":{"@context":"https:\/\/schema.org","@graph":[{"@type":"WebPage","@id":"https:\/\/deputadotaveirajr.com.br\/index.php\/video-motociclista-colide-com-poste-em-mossoro\/","url":"https:\/\/deputadotaveirajr.com.br\/index.php\/video-motociclista-colide-com-poste-em-mossoro\/","name":"V\u00cdDEO: Motociclista colide com poste em Mossor\u00f3 - Taveira Jr","isPartOf":{"@id":"https:\/\/deputadotaveirajr.com.br\/#website"},"primaryImageOfPage":{"@id":"https:\/\/deputadotaveirajr.com.br\/index.php\/video-motociclista-colide-com-poste-em-mossoro\/#primaryimage"},"image":{"@id":"https:\/\/deputadotaveirajr.com.br\/index.php\/video-motociclista-colide-com-poste-em-mossoro\/#primaryimage"},"thumbnailUrl":"https:\/\/deputadotaveirajr.com.br\/wp-content\/uploads\/2025\/01\/captura-de-tela-2025-01-05-134827-iPHpaJ.jpeg","datePublished":"2025-01-05T16:52:36+00:00","breadcrumb":{"@id":"https:\/\/deputadotaveirajr.com.br\/index.php\/video-motociclista-colide-com-poste-em-mossoro\/#breadcrumb"},"inLanguage":"pt-BR","potentialAction":[{"@type":"ReadAction","target":["https:\/\/deputadotaveirajr.com.br\/index.php\/video-motociclista-colide-com-poste-em-mossoro\/"]}]},{"@type":"ImageObject","inLanguage":"pt-BR","@id":"https:\/\/deputadotaveirajr.com.br\/index.php\/video-motociclista-colide-com-poste-em-mossoro\/#primaryimage","url":"https:\/\/deputadotaveirajr.com.br\/wp-content\/uploads\/2025\/01\/captura-de-tela-2025-01-05-134827-iPHpaJ.jpeg","contentUrl":"https:\/\/deputadotaveirajr.com.br\/wp-content\/uploads\/2025\/01\/captura-de-tela-2025-01-05-134827-iPHpaJ.jpeg","width":840,"height":473},{"@type":"BreadcrumbList","@id":"https:\/\/deputadotaveirajr.com.br\/index.php\/video-motociclista-colide-com-poste-em-mossoro\/#breadcrumb","itemListElement":[{"@type":"ListItem","position":1,"name":"In\u00edcio","item":"https:\/\/deputadotaveirajr.com.br\/"},{"@type":"ListItem","position":2,"name":"V\u00cdDEO: Motociclista colide com poste em Mossor\u00f3"}]},{"@type":"WebSite","@id":"https:\/\/deputadotaveirajr.com.br\/#website","url":"https:\/\/deputadotaveirajr.com.br\/","name":"Taveira Jr","description":"Deputado Estadual","publisher":{"@id":"https:\/\/deputadotaveirajr.com.br\/#organization"},"potentialAction":[{"@type":"SearchAction","target":{"@type":"EntryPoint","urlTemplate":"https:\/\/deputadotaveirajr.com.br\/?s={search_term_string}"},"query-input":{"@type":"PropertyValueSpecification","valueRequired":true,"valueName":"search_term_string"}}],"inLanguage":"pt-BR"},{"@type":"Organization","@id":"https:\/\/deputadotaveirajr.com.br\/#organization","name":"Taveira Jr","url":"https:\/\/deputadotaveirajr.com.br\/","logo":{"@type":"ImageObject","inLanguage":"pt-BR","@id":"https:\/\/deputadotaveirajr.com.br\/#\/schema\/logo\/image\/","url":"https:\/\/deputadotaveirajr.com.br\/wp-content\/uploads\/2026\/01\/logolow2a.png","contentUrl":"https:\/\/deputadotaveirajr.com.br\/wp-content\/uploads\/2026\/01\/logolow2a.png","width":290,"height":80,"caption":"Taveira Jr"},"image":{"@id":"https:\/\/deputadotaveirajr.com.br\/#\/schema\/logo\/image\/"}}]}},"_links":{"self":[{"href":"https:\/\/deputadotaveirajr.com.br\/index.php\/wp-json\/wp\/v2\/pages\/11940","targetHints":{"allow":["GET"]}}],"collection":[{"href":"https:\/\/deputadotaveirajr.com.br\/index.php\/wp-json\/wp\/v2\/pages"}],"about":[{"href":"https:\/\/deputadotaveirajr.com.br\/index.php\/wp-json\/wp\/v2\/types\/page"}],"replies":[{"embeddable":true,"href":"https:\/\/deputadotaveirajr.com.br\/index.php\/wp-json\/wp\/v2\/comments?post=11940"}],"version-history":[{"count":0,"href":"https:\/\/deputadotaveirajr.com.br\/index.php\/wp-json\/wp\/v2\/pages\/11940\/revisions"}],"wp:featuredmedia":[{"embeddable":true,"href":"https:\/\/deputadotaveirajr.com.br\/index.php\/wp-json\/wp\/v2\/media\/11941"}],"wp:attachment":[{"href":"https:\/\/deputadotaveirajr.com.br\/index.php\/wp-json\/wp\/v2\/media?parent=11940"}],"curies":[{"name":"wp","href":"https:\/\/api.w.org\/{rel}","templated":true}]}}