{"id":11942,"date":"2025-01-08T20:06:03","date_gmt":"2025-01-08T23:06:03","guid":{"rendered":"https:\/\/deputadotaveirajr.com.br\/index.php\/motorista-perde-controle-do-carro-e-bate-em-muro-na-br-101-na-zona-sul-de-natal\/"},"modified":"2025-01-08T20:06:03","modified_gmt":"2025-01-08T23:06:03","slug":"motorista-perde-controle-do-carro-e-bate-em-muro-na-br-101-na-zona-sul-de-natal","status":"publish","type":"page","link":"https:\/\/deputadotaveirajr.com.br\/index.php\/motorista-perde-controle-do-carro-e-bate-em-muro-na-br-101-na-zona-sul-de-natal\/","title":{"rendered":"Motorista perde controle do carro e bate em muro na BR-101 na Zona Sul de Natal"},"content":{"rendered":"<p><img decoding=\"async\" src=\"https:\/\/s2-g1.glbimg.com\/W6lgH1mP7Oxo41F50Zi3OOpghUU=\/i.s3.glbimg.com\/v1\/AUTH_59edd422c0c84a879bd37670ae4f538a\/internal_photos\/bs\/2025\/g\/t\/yCH5KmTK24PwwsH7b5dg\/whatsapp-image-2025-01-08-at-19.56.02.jpeg\" \/><br \/>     Frente do ve\u00edculo ficou destru\u00edda. Mulher foi retirada do carro pelo Samu consciente e alegando dores nas pernas. Tr\u00e2nsito na regi\u00e3o ficou mais lento no in\u00edcio da noite. Carro atingiu o muro na margem da BR-101, na Zona Sul de Natal<br \/>\nKleber Teixeira\/Inter TV Cabugi<br \/>\nUma motorista perdeu o controle do carro e bateu em um muro nas margens da BR-101, em Natal, no in\u00edcio da noite desta quarta-feira (8). O acidente aconteceu no bairro Candel\u00e1ria, na Zona Sul da cidade.<br \/>\nA motorista, uma idosa de 70 anos, precisou ser retirada do carro pela mala pela equipe do Servi\u00e7o de Atendimento M\u00f3vel de Urg\u00eancia (Samu). Ela estava consciente e alegava dores nas pernas.<br \/>\n\ud83d\udcf3Participe do canal do g1 RN no WhatsApp<br \/>\nA frente do ve\u00edculo ficou destru\u00edda com o acidente, que aconteceu na faixa marginal da BR-101 no sentido de Natal para Parnamirim, logo depois de um posto de combust\u00edveis, na esquina com a Rua Miguel Rocha.<br \/>\nSegundo a Pol\u00edcia Rodovi\u00e1ria Federal, a mulher teria passado mal no volante e acelerado o ve\u00edculo, perdendo o controle e atingindo o muro.<br \/>\nPor conta do acidente, o tr\u00e2nsito na regi\u00e3o ficou mais lento no in\u00edcio da noite, j\u00e1 que a PRF tamb\u00e9m isolou a \u00e1rea pr\u00f3xima \u00e0 ocorr\u00eancia.<br \/>\nVEJA TAMB\u00c9M<br \/>\nV\u00cdDEO: Pedestre morre ap\u00f3s colis\u00e3o entre carros e moto na Prudente de Morais em Natal<br \/>\nV\u00eddeos mais assistidos do g1 RN<\/p>","protected":false},"excerpt":{"rendered":"<p>Frente do ve\u00edculo ficou destru\u00edda. Mulher foi retirada do carro pelo Samu consciente e alegando dores nas pernas. Tr\u00e2nsito na regi\u00e3o ficou mais lento no in\u00edcio da noite. Carro atingiu &#8230;<\/p>\n","protected":false},"author":0,"featured_media":11943,"parent":0,"menu_order":0,"comment_status":"closed","ping_status":"closed","template":"","meta":{"footnotes":""},"class_list":["post-11942","page","type-page","status-publish","has-post-thumbnail","hentry"],"yoast_head":"<!-- This site is optimized with the Yoast SEO plugin v27.1.1 - https:\/\/yoast.com\/product\/yoast-seo-wordpress\/ -->\n<title>Motorista perde controle do carro e bate em muro na BR-101 na Zona Sul de Natal - Taveira Jr<\/title>\n<meta name=\"robots\" content=\"index, follow, max-snippet:-1, max-image-preview:large, max-video-preview:-1\" \/>\n<link rel=\"canonical\" href=\"https:\/\/deputadotaveirajr.com.br\/index.php\/motorista-perde-controle-do-carro-e-bate-em-muro-na-br-101-na-zona-sul-de-natal\/\" \/>\n<meta property=\"og:locale\" content=\"pt_BR\" \/>\n<meta property=\"og:type\" content=\"article\" \/>\n<meta property=\"og:title\" content=\"Motorista perde controle do carro e bate em muro na BR-101 na Zona Sul de Natal - Taveira Jr\" \/>\n<meta property=\"og:description\" content=\"Frente do ve\u00edculo ficou destru\u00edda. Mulher foi retirada do carro pelo Samu consciente e alegando dores nas pernas. Tr\u00e2nsito na regi\u00e3o ficou mais lento no in\u00edcio da noite. Carro atingiu ...\" \/>\n<meta property=\"og:url\" content=\"https:\/\/deputadotaveirajr.com.br\/index.php\/motorista-perde-controle-do-carro-e-bate-em-muro-na-br-101-na-zona-sul-de-natal\/\" \/>\n<meta property=\"og:site_name\" content=\"Taveira Jr\" \/>\n<meta property=\"og:image\" content=\"https:\/\/s2-g1.glbimg.com\/W6lgH1mP7Oxo41F50Zi3OOpghUU=\/i.s3.glbimg.com\/v1\/AUTH_59edd422c0c84a879bd37670ae4f538a\/internal_photos\/bs\/2025\/g\/t\/yCH5KmTK24PwwsH7b5dg\/whatsapp-image-2025-01-08-at-19.56.02.jpeg\" \/>\n<meta name=\"twitter:card\" content=\"summary_large_image\" \/>\n<meta name=\"twitter:label1\" content=\"Est. tempo de leitura\" \/>\n\t<meta name=\"twitter:data1\" content=\"1 minuto\" \/>\n<script type=\"application\/ld+json\" class=\"yoast-schema-graph\">{\"@context\":\"https:\/\/schema.org\",\"@graph\":[{\"@type\":\"WebPage\",\"@id\":\"https:\/\/deputadotaveirajr.com.br\/index.php\/motorista-perde-controle-do-carro-e-bate-em-muro-na-br-101-na-zona-sul-de-natal\/\",\"url\":\"https:\/\/deputadotaveirajr.com.br\/index.php\/motorista-perde-controle-do-carro-e-bate-em-muro-na-br-101-na-zona-sul-de-natal\/\",\"name\":\"Motorista perde controle do carro e bate em muro na BR-101 na Zona Sul de Natal - Taveira Jr\",\"isPartOf\":{\"@id\":\"https:\/\/deputadotaveirajr.com.br\/#website\"},\"primaryImageOfPage\":{\"@id\":\"https:\/\/deputadotaveirajr.com.br\/index.php\/motorista-perde-controle-do-carro-e-bate-em-muro-na-br-101-na-zona-sul-de-natal\/#primaryimage\"},\"image\":{\"@id\":\"https:\/\/deputadotaveirajr.com.br\/index.php\/motorista-perde-controle-do-carro-e-bate-em-muro-na-br-101-na-zona-sul-de-natal\/#primaryimage\"},\"thumbnailUrl\":\"https:\/\/deputadotaveirajr.com.br\/wp-content\/uploads\/2025\/01\/whatsapp-image-2025-01-08-at-19.56.02-0wMgx8.png\",\"datePublished\":\"2025-01-08T23:06:03+00:00\",\"breadcrumb\":{\"@id\":\"https:\/\/deputadotaveirajr.com.br\/index.php\/motorista-perde-controle-do-carro-e-bate-em-muro-na-br-101-na-zona-sul-de-natal\/#breadcrumb\"},\"inLanguage\":\"pt-BR\",\"potentialAction\":[{\"@type\":\"ReadAction\",\"target\":[\"https:\/\/deputadotaveirajr.com.br\/index.php\/motorista-perde-controle-do-carro-e-bate-em-muro-na-br-101-na-zona-sul-de-natal\/\"]}]},{\"@type\":\"ImageObject\",\"inLanguage\":\"pt-BR\",\"@id\":\"https:\/\/deputadotaveirajr.com.br\/index.php\/motorista-perde-controle-do-carro-e-bate-em-muro-na-br-101-na-zona-sul-de-natal\/#primaryimage\",\"url\":\"https:\/\/deputadotaveirajr.com.br\/wp-content\/uploads\/2025\/01\/whatsapp-image-2025-01-08-at-19.56.02-0wMgx8.png\",\"contentUrl\":\"https:\/\/deputadotaveirajr.com.br\/wp-content\/uploads\/2025\/01\/whatsapp-image-2025-01-08-at-19.56.02-0wMgx8.png\",\"width\":1600,\"height\":900},{\"@type\":\"BreadcrumbList\",\"@id\":\"https:\/\/deputadotaveirajr.com.br\/index.php\/motorista-perde-controle-do-carro-e-bate-em-muro-na-br-101-na-zona-sul-de-natal\/#breadcrumb\",\"itemListElement\":[{\"@type\":\"ListItem\",\"position\":1,\"name\":\"In\u00edcio\",\"item\":\"https:\/\/deputadotaveirajr.com.br\/\"},{\"@type\":\"ListItem\",\"position\":2,\"name\":\"Motorista perde controle do carro e bate em muro na BR-101 na Zona Sul de Natal\"}]},{\"@type\":\"WebSite\",\"@id\":\"https:\/\/deputadotaveirajr.com.br\/#website\",\"url\":\"https:\/\/deputadotaveirajr.com.br\/\",\"name\":\"Taveira Jr\",\"description\":\"Deputado Estadual\",\"publisher\":{\"@id\":\"https:\/\/deputadotaveirajr.com.br\/#organization\"},\"potentialAction\":[{\"@type\":\"SearchAction\",\"target\":{\"@type\":\"EntryPoint\",\"urlTemplate\":\"https:\/\/deputadotaveirajr.com.br\/?s={search_term_string}\"},\"query-input\":{\"@type\":\"PropertyValueSpecification\",\"valueRequired\":true,\"valueName\":\"search_term_string\"}}],\"inLanguage\":\"pt-BR\"},{\"@type\":\"Organization\",\"@id\":\"https:\/\/deputadotaveirajr.com.br\/#organization\",\"name\":\"Taveira Jr\",\"url\":\"https:\/\/deputadotaveirajr.com.br\/\",\"logo\":{\"@type\":\"ImageObject\",\"inLanguage\":\"pt-BR\",\"@id\":\"https:\/\/deputadotaveirajr.com.br\/#\/schema\/logo\/image\/\",\"url\":\"https:\/\/deputadotaveirajr.com.br\/wp-content\/uploads\/2026\/01\/logolow2a.png\",\"contentUrl\":\"https:\/\/deputadotaveirajr.com.br\/wp-content\/uploads\/2026\/01\/logolow2a.png\",\"width\":290,\"height\":80,\"caption\":\"Taveira Jr\"},\"image\":{\"@id\":\"https:\/\/deputadotaveirajr.com.br\/#\/schema\/logo\/image\/\"}}]}<\/script>\n<!-- \/ Yoast SEO plugin. -->","yoast_head_json":{"title":"Motorista perde controle do carro e bate em muro na BR-101 na Zona Sul de Natal - Taveira Jr","robots":{"index":"index","follow":"follow","max-snippet":"max-snippet:-1","max-image-preview":"max-image-preview:large","max-video-preview":"max-video-preview:-1"},"canonical":"https:\/\/deputadotaveirajr.com.br\/index.php\/motorista-perde-controle-do-carro-e-bate-em-muro-na-br-101-na-zona-sul-de-natal\/","og_locale":"pt_BR","og_type":"article","og_title":"Motorista perde controle do carro e bate em muro na BR-101 na Zona Sul de Natal - Taveira Jr","og_description":"Frente do ve\u00edculo ficou destru\u00edda. Mulher foi retirada do carro pelo Samu consciente e alegando dores nas pernas. Tr\u00e2nsito na regi\u00e3o ficou mais lento no in\u00edcio da noite. Carro atingiu ...","og_url":"https:\/\/deputadotaveirajr.com.br\/index.php\/motorista-perde-controle-do-carro-e-bate-em-muro-na-br-101-na-zona-sul-de-natal\/","og_site_name":"Taveira Jr","og_image":[{"url":"https:\/\/s2-g1.glbimg.com\/W6lgH1mP7Oxo41F50Zi3OOpghUU=\/i.s3.glbimg.com\/v1\/AUTH_59edd422c0c84a879bd37670ae4f538a\/internal_photos\/bs\/2025\/g\/t\/yCH5KmTK24PwwsH7b5dg\/whatsapp-image-2025-01-08-at-19.56.02.jpeg","type":"","width":"","height":""}],"twitter_card":"summary_large_image","twitter_misc":{"Est. tempo de leitura":"1 minuto"},"schema":{"@context":"https:\/\/schema.org","@graph":[{"@type":"WebPage","@id":"https:\/\/deputadotaveirajr.com.br\/index.php\/motorista-perde-controle-do-carro-e-bate-em-muro-na-br-101-na-zona-sul-de-natal\/","url":"https:\/\/deputadotaveirajr.com.br\/index.php\/motorista-perde-controle-do-carro-e-bate-em-muro-na-br-101-na-zona-sul-de-natal\/","name":"Motorista perde controle do carro e bate em muro na BR-101 na Zona Sul de Natal - Taveira Jr","isPartOf":{"@id":"https:\/\/deputadotaveirajr.com.br\/#website"},"primaryImageOfPage":{"@id":"https:\/\/deputadotaveirajr.com.br\/index.php\/motorista-perde-controle-do-carro-e-bate-em-muro-na-br-101-na-zona-sul-de-natal\/#primaryimage"},"image":{"@id":"https:\/\/deputadotaveirajr.com.br\/index.php\/motorista-perde-controle-do-carro-e-bate-em-muro-na-br-101-na-zona-sul-de-natal\/#primaryimage"},"thumbnailUrl":"https:\/\/deputadotaveirajr.com.br\/wp-content\/uploads\/2025\/01\/whatsapp-image-2025-01-08-at-19.56.02-0wMgx8.png","datePublished":"2025-01-08T23:06:03+00:00","breadcrumb":{"@id":"https:\/\/deputadotaveirajr.com.br\/index.php\/motorista-perde-controle-do-carro-e-bate-em-muro-na-br-101-na-zona-sul-de-natal\/#breadcrumb"},"inLanguage":"pt-BR","potentialAction":[{"@type":"ReadAction","target":["https:\/\/deputadotaveirajr.com.br\/index.php\/motorista-perde-controle-do-carro-e-bate-em-muro-na-br-101-na-zona-sul-de-natal\/"]}]},{"@type":"ImageObject","inLanguage":"pt-BR","@id":"https:\/\/deputadotaveirajr.com.br\/index.php\/motorista-perde-controle-do-carro-e-bate-em-muro-na-br-101-na-zona-sul-de-natal\/#primaryimage","url":"https:\/\/deputadotaveirajr.com.br\/wp-content\/uploads\/2025\/01\/whatsapp-image-2025-01-08-at-19.56.02-0wMgx8.png","contentUrl":"https:\/\/deputadotaveirajr.com.br\/wp-content\/uploads\/2025\/01\/whatsapp-image-2025-01-08-at-19.56.02-0wMgx8.png","width":1600,"height":900},{"@type":"BreadcrumbList","@id":"https:\/\/deputadotaveirajr.com.br\/index.php\/motorista-perde-controle-do-carro-e-bate-em-muro-na-br-101-na-zona-sul-de-natal\/#breadcrumb","itemListElement":[{"@type":"ListItem","position":1,"name":"In\u00edcio","item":"https:\/\/deputadotaveirajr.com.br\/"},{"@type":"ListItem","position":2,"name":"Motorista perde controle do carro e bate em muro na BR-101 na Zona Sul de Natal"}]},{"@type":"WebSite","@id":"https:\/\/deputadotaveirajr.com.br\/#website","url":"https:\/\/deputadotaveirajr.com.br\/","name":"Taveira Jr","description":"Deputado Estadual","publisher":{"@id":"https:\/\/deputadotaveirajr.com.br\/#organization"},"potentialAction":[{"@type":"SearchAction","target":{"@type":"EntryPoint","urlTemplate":"https:\/\/deputadotaveirajr.com.br\/?s={search_term_string}"},"query-input":{"@type":"PropertyValueSpecification","valueRequired":true,"valueName":"search_term_string"}}],"inLanguage":"pt-BR"},{"@type":"Organization","@id":"https:\/\/deputadotaveirajr.com.br\/#organization","name":"Taveira Jr","url":"https:\/\/deputadotaveirajr.com.br\/","logo":{"@type":"ImageObject","inLanguage":"pt-BR","@id":"https:\/\/deputadotaveirajr.com.br\/#\/schema\/logo\/image\/","url":"https:\/\/deputadotaveirajr.com.br\/wp-content\/uploads\/2026\/01\/logolow2a.png","contentUrl":"https:\/\/deputadotaveirajr.com.br\/wp-content\/uploads\/2026\/01\/logolow2a.png","width":290,"height":80,"caption":"Taveira Jr"},"image":{"@id":"https:\/\/deputadotaveirajr.com.br\/#\/schema\/logo\/image\/"}}]}},"_links":{"self":[{"href":"https:\/\/deputadotaveirajr.com.br\/index.php\/wp-json\/wp\/v2\/pages\/11942","targetHints":{"allow":["GET"]}}],"collection":[{"href":"https:\/\/deputadotaveirajr.com.br\/index.php\/wp-json\/wp\/v2\/pages"}],"about":[{"href":"https:\/\/deputadotaveirajr.com.br\/index.php\/wp-json\/wp\/v2\/types\/page"}],"replies":[{"embeddable":true,"href":"https:\/\/deputadotaveirajr.com.br\/index.php\/wp-json\/wp\/v2\/comments?post=11942"}],"version-history":[{"count":0,"href":"https:\/\/deputadotaveirajr.com.br\/index.php\/wp-json\/wp\/v2\/pages\/11942\/revisions"}],"wp:featuredmedia":[{"embeddable":true,"href":"https:\/\/deputadotaveirajr.com.br\/index.php\/wp-json\/wp\/v2\/media\/11943"}],"wp:attachment":[{"href":"https:\/\/deputadotaveirajr.com.br\/index.php\/wp-json\/wp\/v2\/media?parent=11942"}],"curies":[{"name":"wp","href":"https:\/\/api.w.org\/{rel}","templated":true}]}}