{"id":11944,"date":"2025-01-08T19:26:07","date_gmt":"2025-01-08T22:26:07","guid":{"rendered":"https:\/\/deputadotaveirajr.com.br\/index.php\/desembargador-ibanez-monteiro-e-empossado-presidente-do-tribunal-de-justica-do-rn\/"},"modified":"2025-01-08T19:26:07","modified_gmt":"2025-01-08T22:26:07","slug":"desembargador-ibanez-monteiro-e-empossado-presidente-do-tribunal-de-justica-do-rn","status":"publish","type":"page","link":"https:\/\/deputadotaveirajr.com.br\/index.php\/desembargador-ibanez-monteiro-e-empossado-presidente-do-tribunal-de-justica-do-rn\/","title":{"rendered":"Desembargador Ibanez Monteiro \u00e9 empossado presidente do Tribunal de Justi\u00e7a do RN"},"content":{"rendered":"<p><img decoding=\"async\" src=\"https:\/\/s2-g1.glbimg.com\/XGSyrxo-A0WYfeK-f7PtT0dbJ9s=\/i.s3.glbimg.com\/v1\/AUTH_59edd422c0c84a879bd37670ae4f538a\/internal_photos\/bs\/2025\/E\/s\/BUJYKpTmClRnezzvAonQ\/presidente.jpg\" \/><br \/>     Eleito em novembro, ele assume para o bi\u00eanio 2025\/2026 no lugar do desembargador Am\u00edlcar Maia. A vice dele \u00e9 Berenice Capuxu. Tribunal de Justi\u00e7a do RN empossa novo presidente<br \/>\nO desembargador Ibanez Monteiro foi empossado nesta ter\u00e7a-feira (7) como presidente do Tribunal de Justi\u00e7a do Rio Grande do Norte. A gest\u00e3o \u00e9 v\u00e1lida para os anos 2025 e 2026. Ibanez assumiu o lugar de Am\u00edlcar Maia, que estava como presidente desde 2022.<br \/>\nA nova diretoria tem ainda a desembargadora Berenice Capuxu como vice-presidente e a desembargadora Sandra Elali como corregedora-geral de Justi\u00e7a.<br \/>\n\ud83d\udcf3Participe do canal do g1 RN no WhatsApp<br \/>\nNo pronunciamento, o novo presidente disse que a Justi\u00e7a tem como miss\u00e3o solucionar conflitos sociais por meio de decis\u00f5es.<br \/>\n\u201cS\u00e3o os julgamentos r\u00e1pidos e justos que nos dar\u00e3o credibilidade, n\u00e3o s\u00e3o as redes sociais. N\u00e3o precisamos estar em evid\u00eancia, como pessoa ou como autoridade, nas m\u00eddias nem nas redes sociais. Nosso cargo \u00e9 o importante e n\u00e3o n\u00f3s. Basta o exercermos como deve ser, que seremos reconhecidos\u201d, disse.<br \/>\nIbanez foi eleito em novembro para a presid\u00eancia do TJRN.<br \/>\nAl\u00e9m dele, tamb\u00e9m foram eleitos o desembargador Saraiva Sobrinho como ouvidor do TJ, e Am\u00edlcar Maia, Corn\u00e9lio Alves e Jo\u00e3o Rebou\u00e7as para a dire\u00e7\u00e3o da Escola de Magistratura, a Coordena\u00e7\u00e3o dos Juizados Especiais e Turmas de Uniformiza\u00e7\u00e3o e Jurisprud\u00eancia, e a dire\u00e7\u00e3o da Revista do Poder Judici\u00e1rio.<br \/>\nCom a governadora F\u00e1tima Bezerra presente, o novo presidente tamb\u00e9m garantiu di\u00e1logo com o governo do RN e com a Assembleia Legislativa do RN em prol do estado.<br \/>\n\u201cFiquem certos os senhores de que o di\u00e1logo estar\u00e1 presente e ser\u00e1 a forma de construir solu\u00e7\u00f5es inovadoras a atender aos interesses institucionais de todos: a pol\u00edtica aos pol\u00edticos; o jur\u00eddico ao Judici\u00e1rio\u201d. disse<br \/>\nIbanez Monteiro foi empossado como presidente do TJRN<br \/>\nKleber Teixeira\/Inter TV Cabugi<br \/>\nQuem \u00e9 o novo presidente do TJRN<br \/>\nO desembargador Ibanez Monteiro \u00e9 natural de Santana do Matos, sendo juiz de Direito desde 5 de janeiro de 1985.<br \/>\nAtuou como juiz do TRE\/RN em entre 2002 e 2004. Foi corregedor regional eleitoral nos anos de 2016 a 2018 e vice-diretor da Escola de Magistratura \u2013 ESMARN em diversos per\u00edodos.<br \/>\nPublicou o livro \u201cSenten\u00e7a Transitada em julgado que Contraria Dispositivo Constitucional \u2013 Validade e Efic\u00e1cia (Trabalho de conclus\u00e3o do Curso de Especializa\u00e7\u00e3o)\u201d.<br \/>\nO novo gestor \u00e9 graduado em Direito pela Universidade Federal do Rio Grande do Norte \u2013 (1978-1982), com Especializa\u00e7\u00e3o em Direito e Cidadania pela mesma institui\u00e7\u00e3o (1997-1998).<br \/>\nNo atual bi\u00eanio, ocupa a fun\u00e7\u00e3o de presidente da 2\u00aa C\u00e2mara C\u00edvel do Tribunal de Justi\u00e7a do Rio Grande do Norte.<br \/>\nDesembargador Ibanez Monteiro ao lado da governadora F\u00e1tima Bezerra (PT)<br \/>\nDivulga\u00e7\u00e3o\/TJRN<br \/>\nV\u00eddeos mais assistidos do g1 RN<\/p>","protected":false},"excerpt":{"rendered":"<p>Eleito em novembro, ele assume para o bi\u00eanio 2025\/2026 no lugar do desembargador Am\u00edlcar Maia. A vice dele \u00e9 Berenice Capuxu. Tribunal de Justi\u00e7a do RN empossa novo presidente O &#8230;<\/p>\n","protected":false},"author":0,"featured_media":11945,"parent":0,"menu_order":0,"comment_status":"closed","ping_status":"closed","template":"","meta":{"footnotes":""},"class_list":["post-11944","page","type-page","status-publish","has-post-thumbnail","hentry"],"yoast_head":"<!-- This site is optimized with the Yoast SEO plugin v27.1.1 - https:\/\/yoast.com\/product\/yoast-seo-wordpress\/ -->\n<title>Desembargador Ibanez Monteiro \u00e9 empossado presidente do Tribunal de Justi\u00e7a do RN - Taveira Jr<\/title>\n<meta name=\"robots\" content=\"index, follow, max-snippet:-1, max-image-preview:large, max-video-preview:-1\" \/>\n<link rel=\"canonical\" href=\"https:\/\/deputadotaveirajr.com.br\/index.php\/desembargador-ibanez-monteiro-e-empossado-presidente-do-tribunal-de-justica-do-rn\/\" \/>\n<meta property=\"og:locale\" content=\"pt_BR\" \/>\n<meta property=\"og:type\" content=\"article\" \/>\n<meta property=\"og:title\" content=\"Desembargador Ibanez Monteiro \u00e9 empossado presidente do Tribunal de Justi\u00e7a do RN - Taveira Jr\" \/>\n<meta property=\"og:description\" content=\"Eleito em novembro, ele assume para o bi\u00eanio 2025\/2026 no lugar do desembargador Am\u00edlcar Maia. A vice dele \u00e9 Berenice Capuxu. Tribunal de Justi\u00e7a do RN empossa novo presidente O ...\" \/>\n<meta property=\"og:url\" content=\"https:\/\/deputadotaveirajr.com.br\/index.php\/desembargador-ibanez-monteiro-e-empossado-presidente-do-tribunal-de-justica-do-rn\/\" \/>\n<meta property=\"og:site_name\" content=\"Taveira Jr\" \/>\n<meta property=\"og:image\" content=\"https:\/\/s2-g1.glbimg.com\/XGSyrxo-A0WYfeK-f7PtT0dbJ9s=\/i.s3.glbimg.com\/v1\/AUTH_59edd422c0c84a879bd37670ae4f538a\/internal_photos\/bs\/2025\/E\/s\/BUJYKpTmClRnezzvAonQ\/presidente.jpg\" \/>\n<meta name=\"twitter:card\" content=\"summary_large_image\" \/>\n<meta name=\"twitter:label1\" content=\"Est. tempo de leitura\" \/>\n\t<meta name=\"twitter:data1\" content=\"2 minutos\" \/>\n<script type=\"application\/ld+json\" class=\"yoast-schema-graph\">{\"@context\":\"https:\/\/schema.org\",\"@graph\":[{\"@type\":\"WebPage\",\"@id\":\"https:\/\/deputadotaveirajr.com.br\/index.php\/desembargador-ibanez-monteiro-e-empossado-presidente-do-tribunal-de-justica-do-rn\/\",\"url\":\"https:\/\/deputadotaveirajr.com.br\/index.php\/desembargador-ibanez-monteiro-e-empossado-presidente-do-tribunal-de-justica-do-rn\/\",\"name\":\"Desembargador Ibanez Monteiro \u00e9 empossado presidente do Tribunal de Justi\u00e7a do RN - Taveira Jr\",\"isPartOf\":{\"@id\":\"https:\/\/deputadotaveirajr.com.br\/#website\"},\"primaryImageOfPage\":{\"@id\":\"https:\/\/deputadotaveirajr.com.br\/index.php\/desembargador-ibanez-monteiro-e-empossado-presidente-do-tribunal-de-justica-do-rn\/#primaryimage\"},\"image\":{\"@id\":\"https:\/\/deputadotaveirajr.com.br\/index.php\/desembargador-ibanez-monteiro-e-empossado-presidente-do-tribunal-de-justica-do-rn\/#primaryimage\"},\"thumbnailUrl\":\"https:\/\/deputadotaveirajr.com.br\/wp-content\/uploads\/2025\/01\/presidente-m3Dz5B.jpeg\",\"datePublished\":\"2025-01-08T22:26:07+00:00\",\"breadcrumb\":{\"@id\":\"https:\/\/deputadotaveirajr.com.br\/index.php\/desembargador-ibanez-monteiro-e-empossado-presidente-do-tribunal-de-justica-do-rn\/#breadcrumb\"},\"inLanguage\":\"pt-BR\",\"potentialAction\":[{\"@type\":\"ReadAction\",\"target\":[\"https:\/\/deputadotaveirajr.com.br\/index.php\/desembargador-ibanez-monteiro-e-empossado-presidente-do-tribunal-de-justica-do-rn\/\"]}]},{\"@type\":\"ImageObject\",\"inLanguage\":\"pt-BR\",\"@id\":\"https:\/\/deputadotaveirajr.com.br\/index.php\/desembargador-ibanez-monteiro-e-empossado-presidente-do-tribunal-de-justica-do-rn\/#primaryimage\",\"url\":\"https:\/\/deputadotaveirajr.com.br\/wp-content\/uploads\/2025\/01\/presidente-m3Dz5B.jpeg\",\"contentUrl\":\"https:\/\/deputadotaveirajr.com.br\/wp-content\/uploads\/2025\/01\/presidente-m3Dz5B.jpeg\",\"width\":2048,\"height\":1365},{\"@type\":\"BreadcrumbList\",\"@id\":\"https:\/\/deputadotaveirajr.com.br\/index.php\/desembargador-ibanez-monteiro-e-empossado-presidente-do-tribunal-de-justica-do-rn\/#breadcrumb\",\"itemListElement\":[{\"@type\":\"ListItem\",\"position\":1,\"name\":\"In\u00edcio\",\"item\":\"https:\/\/deputadotaveirajr.com.br\/\"},{\"@type\":\"ListItem\",\"position\":2,\"name\":\"Desembargador Ibanez Monteiro \u00e9 empossado presidente do Tribunal de Justi\u00e7a do RN\"}]},{\"@type\":\"WebSite\",\"@id\":\"https:\/\/deputadotaveirajr.com.br\/#website\",\"url\":\"https:\/\/deputadotaveirajr.com.br\/\",\"name\":\"Taveira Jr\",\"description\":\"Deputado Estadual\",\"publisher\":{\"@id\":\"https:\/\/deputadotaveirajr.com.br\/#organization\"},\"potentialAction\":[{\"@type\":\"SearchAction\",\"target\":{\"@type\":\"EntryPoint\",\"urlTemplate\":\"https:\/\/deputadotaveirajr.com.br\/?s={search_term_string}\"},\"query-input\":{\"@type\":\"PropertyValueSpecification\",\"valueRequired\":true,\"valueName\":\"search_term_string\"}}],\"inLanguage\":\"pt-BR\"},{\"@type\":\"Organization\",\"@id\":\"https:\/\/deputadotaveirajr.com.br\/#organization\",\"name\":\"Taveira Jr\",\"url\":\"https:\/\/deputadotaveirajr.com.br\/\",\"logo\":{\"@type\":\"ImageObject\",\"inLanguage\":\"pt-BR\",\"@id\":\"https:\/\/deputadotaveirajr.com.br\/#\/schema\/logo\/image\/\",\"url\":\"https:\/\/deputadotaveirajr.com.br\/wp-content\/uploads\/2026\/01\/logolow2a.png\",\"contentUrl\":\"https:\/\/deputadotaveirajr.com.br\/wp-content\/uploads\/2026\/01\/logolow2a.png\",\"width\":290,\"height\":80,\"caption\":\"Taveira Jr\"},\"image\":{\"@id\":\"https:\/\/deputadotaveirajr.com.br\/#\/schema\/logo\/image\/\"}}]}<\/script>\n<!-- \/ Yoast SEO plugin. -->","yoast_head_json":{"title":"Desembargador Ibanez Monteiro \u00e9 empossado presidente do Tribunal de Justi\u00e7a do RN - Taveira Jr","robots":{"index":"index","follow":"follow","max-snippet":"max-snippet:-1","max-image-preview":"max-image-preview:large","max-video-preview":"max-video-preview:-1"},"canonical":"https:\/\/deputadotaveirajr.com.br\/index.php\/desembargador-ibanez-monteiro-e-empossado-presidente-do-tribunal-de-justica-do-rn\/","og_locale":"pt_BR","og_type":"article","og_title":"Desembargador Ibanez Monteiro \u00e9 empossado presidente do Tribunal de Justi\u00e7a do RN - Taveira Jr","og_description":"Eleito em novembro, ele assume para o bi\u00eanio 2025\/2026 no lugar do desembargador Am\u00edlcar Maia. A vice dele \u00e9 Berenice Capuxu. Tribunal de Justi\u00e7a do RN empossa novo presidente O ...","og_url":"https:\/\/deputadotaveirajr.com.br\/index.php\/desembargador-ibanez-monteiro-e-empossado-presidente-do-tribunal-de-justica-do-rn\/","og_site_name":"Taveira Jr","og_image":[{"url":"https:\/\/s2-g1.glbimg.com\/XGSyrxo-A0WYfeK-f7PtT0dbJ9s=\/i.s3.glbimg.com\/v1\/AUTH_59edd422c0c84a879bd37670ae4f538a\/internal_photos\/bs\/2025\/E\/s\/BUJYKpTmClRnezzvAonQ\/presidente.jpg","type":"","width":"","height":""}],"twitter_card":"summary_large_image","twitter_misc":{"Est. tempo de leitura":"2 minutos"},"schema":{"@context":"https:\/\/schema.org","@graph":[{"@type":"WebPage","@id":"https:\/\/deputadotaveirajr.com.br\/index.php\/desembargador-ibanez-monteiro-e-empossado-presidente-do-tribunal-de-justica-do-rn\/","url":"https:\/\/deputadotaveirajr.com.br\/index.php\/desembargador-ibanez-monteiro-e-empossado-presidente-do-tribunal-de-justica-do-rn\/","name":"Desembargador Ibanez Monteiro \u00e9 empossado presidente do Tribunal de Justi\u00e7a do RN - Taveira Jr","isPartOf":{"@id":"https:\/\/deputadotaveirajr.com.br\/#website"},"primaryImageOfPage":{"@id":"https:\/\/deputadotaveirajr.com.br\/index.php\/desembargador-ibanez-monteiro-e-empossado-presidente-do-tribunal-de-justica-do-rn\/#primaryimage"},"image":{"@id":"https:\/\/deputadotaveirajr.com.br\/index.php\/desembargador-ibanez-monteiro-e-empossado-presidente-do-tribunal-de-justica-do-rn\/#primaryimage"},"thumbnailUrl":"https:\/\/deputadotaveirajr.com.br\/wp-content\/uploads\/2025\/01\/presidente-m3Dz5B.jpeg","datePublished":"2025-01-08T22:26:07+00:00","breadcrumb":{"@id":"https:\/\/deputadotaveirajr.com.br\/index.php\/desembargador-ibanez-monteiro-e-empossado-presidente-do-tribunal-de-justica-do-rn\/#breadcrumb"},"inLanguage":"pt-BR","potentialAction":[{"@type":"ReadAction","target":["https:\/\/deputadotaveirajr.com.br\/index.php\/desembargador-ibanez-monteiro-e-empossado-presidente-do-tribunal-de-justica-do-rn\/"]}]},{"@type":"ImageObject","inLanguage":"pt-BR","@id":"https:\/\/deputadotaveirajr.com.br\/index.php\/desembargador-ibanez-monteiro-e-empossado-presidente-do-tribunal-de-justica-do-rn\/#primaryimage","url":"https:\/\/deputadotaveirajr.com.br\/wp-content\/uploads\/2025\/01\/presidente-m3Dz5B.jpeg","contentUrl":"https:\/\/deputadotaveirajr.com.br\/wp-content\/uploads\/2025\/01\/presidente-m3Dz5B.jpeg","width":2048,"height":1365},{"@type":"BreadcrumbList","@id":"https:\/\/deputadotaveirajr.com.br\/index.php\/desembargador-ibanez-monteiro-e-empossado-presidente-do-tribunal-de-justica-do-rn\/#breadcrumb","itemListElement":[{"@type":"ListItem","position":1,"name":"In\u00edcio","item":"https:\/\/deputadotaveirajr.com.br\/"},{"@type":"ListItem","position":2,"name":"Desembargador Ibanez Monteiro \u00e9 empossado presidente do Tribunal de Justi\u00e7a do RN"}]},{"@type":"WebSite","@id":"https:\/\/deputadotaveirajr.com.br\/#website","url":"https:\/\/deputadotaveirajr.com.br\/","name":"Taveira Jr","description":"Deputado Estadual","publisher":{"@id":"https:\/\/deputadotaveirajr.com.br\/#organization"},"potentialAction":[{"@type":"SearchAction","target":{"@type":"EntryPoint","urlTemplate":"https:\/\/deputadotaveirajr.com.br\/?s={search_term_string}"},"query-input":{"@type":"PropertyValueSpecification","valueRequired":true,"valueName":"search_term_string"}}],"inLanguage":"pt-BR"},{"@type":"Organization","@id":"https:\/\/deputadotaveirajr.com.br\/#organization","name":"Taveira Jr","url":"https:\/\/deputadotaveirajr.com.br\/","logo":{"@type":"ImageObject","inLanguage":"pt-BR","@id":"https:\/\/deputadotaveirajr.com.br\/#\/schema\/logo\/image\/","url":"https:\/\/deputadotaveirajr.com.br\/wp-content\/uploads\/2026\/01\/logolow2a.png","contentUrl":"https:\/\/deputadotaveirajr.com.br\/wp-content\/uploads\/2026\/01\/logolow2a.png","width":290,"height":80,"caption":"Taveira Jr"},"image":{"@id":"https:\/\/deputadotaveirajr.com.br\/#\/schema\/logo\/image\/"}}]}},"_links":{"self":[{"href":"https:\/\/deputadotaveirajr.com.br\/index.php\/wp-json\/wp\/v2\/pages\/11944","targetHints":{"allow":["GET"]}}],"collection":[{"href":"https:\/\/deputadotaveirajr.com.br\/index.php\/wp-json\/wp\/v2\/pages"}],"about":[{"href":"https:\/\/deputadotaveirajr.com.br\/index.php\/wp-json\/wp\/v2\/types\/page"}],"replies":[{"embeddable":true,"href":"https:\/\/deputadotaveirajr.com.br\/index.php\/wp-json\/wp\/v2\/comments?post=11944"}],"version-history":[{"count":0,"href":"https:\/\/deputadotaveirajr.com.br\/index.php\/wp-json\/wp\/v2\/pages\/11944\/revisions"}],"wp:featuredmedia":[{"embeddable":true,"href":"https:\/\/deputadotaveirajr.com.br\/index.php\/wp-json\/wp\/v2\/media\/11945"}],"wp:attachment":[{"href":"https:\/\/deputadotaveirajr.com.br\/index.php\/wp-json\/wp\/v2\/media?parent=11944"}],"curies":[{"name":"wp","href":"https:\/\/api.w.org\/{rel}","templated":true}]}}