{"id":11950,"date":"2025-01-08T16:28:41","date_gmt":"2025-01-08T19:28:41","guid":{"rendered":"https:\/\/deputadotaveirajr.com.br\/index.php\/natal-prorroga-ate-quinta-9-prazo-para-regularizar-iptu-de-quem-deseja-pagar-tributo-com-desconto-de-16-em-2025\/"},"modified":"2025-01-08T16:28:41","modified_gmt":"2025-01-08T19:28:41","slug":"natal-prorroga-ate-quinta-9-prazo-para-regularizar-iptu-de-quem-deseja-pagar-tributo-com-desconto-de-16-em-2025","status":"publish","type":"page","link":"https:\/\/deputadotaveirajr.com.br\/index.php\/natal-prorroga-ate-quinta-9-prazo-para-regularizar-iptu-de-quem-deseja-pagar-tributo-com-desconto-de-16-em-2025\/","title":{"rendered":"Natal prorroga at\u00e9 quinta (9) prazo para regularizar IPTU de quem deseja pagar tributo com desconto de 16% em 2025"},"content":{"rendered":"<p><img decoding=\"async\" src=\"https:\/\/s2-g1.glbimg.com\/mUDq8EnGoTfTKUnbHGJzMMrn51E=\/i.s3.glbimg.com\/v1\/AUTH_59edd422c0c84a879bd37670ae4f538a\/internal_photos\/bs\/2018\/B\/6\/PCJv4RShCYLdXdjanxuw\/foto-1-secretaria-de-tributacao-semut-f-alex-regis-secom-8-.jpg\" \/><br \/>     Desconto para pagamento antecipado termina na sexta-feira (10). \u00c9 necess\u00e1rio regularizar pend\u00eancias com o tributo municipal at\u00e9 esta quinta. Mudan\u00e7as no calend\u00e1rio do IPTU de Natal<br \/>\nA prefeitura de Natal prorrogou at\u00e9 esta quinta-feira (9) o prazo para quem tem alguma pend\u00eancia com o IPTU at\u00e9 o ano de 2024 e queira negociar a regulariza\u00e7\u00e3o.<br \/>\nA prorroga\u00e7\u00e3o ocorre porque o Munic\u00edpio est\u00e1 oferecendo um desconto de 16% at\u00e9 sexta-feira (10) para quem quiser pagar o IPTU de forma antecipada (e integralmente, sem parcelas). Esse benef\u00edcio s\u00f3 vale para quem estiver em dia com o tributo na capital potiguar.<br \/>\n\ud83d\udcf3Participe do canal do g1 RN no WhatsApp<br \/>\nAssim, com essa prorroga\u00e7\u00e3o, a quita\u00e7\u00e3o de d\u00e9bitos anteriores pode ser feita em parcela \u00fanica at\u00e9 esta quinta (9), para que o pagamento entre no sistema e possibilite a emiss\u00e3o do boleto com o desconto especial que vence na sexta (10).<br \/>\nOs contribuintes que tenham d\u00favidas ou necessitem de mais informa\u00e7\u00f5es sobre o IPTU podem procurar os canais oficiais da Secretaria de Finan\u00e7as de Natal (Sefin), antiga Secretaria de Tributa\u00e7\u00e3o, ou atendimento presencial na sede da Secretaria, na Rua A\u00e7u, 394, no bairro do Tirol.<br \/>\n\u2757 \u00c9 importante lembrar que esse \u00e9 um desconto oferecido pela prefeitura para o pagamento integral do IPTU 2025 e n\u00e3o significa que todos os contribuintes tem obriga\u00e7\u00e3o de pagar o imposto integralmente at\u00e9 esta data.<br \/>\nOs carn\u00eas de parcelamento sem o desconto passam a ser disponibilizados, via online ou pelos Correios, ap\u00f3s esse per\u00edodo.<br \/>\nSecretaria de Tributa\u00e7\u00e3o do Munic\u00edpio (Semut)<br \/>\nAlex R\u00e9gis<br \/>\nOnde pegar o boleto?<br \/>\nOs interessados podem acessar o portal Directa para gerar o boleto de pagamento ou ainda entrar em contato com a Secretaria Municipal de Finan\u00e7as, a antiga Secretaria de Tributa\u00e7\u00e3o.<br \/>\nOs carn\u00eas para o pagamento antecipado do imposto est\u00e3o dispon\u00edveis no site da Secretaria.<br \/>\nFormas de pagamento<br \/>\nOs pagamentos podem ser efetuados em qualquer institui\u00e7\u00e3o financeira autorizada pelo Banco Central. As formas s\u00e3o:<br \/>\npor PIX &#8211; atrav\u00e9s de leitura do QR Code presente nos Documentos de Arrecada\u00e7\u00e3o Municipal;<br \/>\nc\u00f3digo de barras convencional, nos canais eletr\u00f4nicos do Banco do Brasil, Caixa Econ\u00f4mica Federal, Lot\u00e9ricas e Correspondentes Banc\u00e1rios desses bancos.<br \/>\nPara clientes do Banco do Brasil, h\u00e1 op\u00e7\u00e3o de pagamento pelo aplicativo tamb\u00e9m, atrav\u00e9s da sequ\u00eancia: \u201cPix\u201d &gt; \u201cMenu\u201d (no canto superior direito) &gt; \u201cCobran\u00e7as recebidas\u201d &gt; \u201cD\u00e9bitos\u201d.<br \/>\nH\u00e1 ainda a possibilidade de pagar os tributos diretamente nos Terminais de Autoatendimento e Internet Banking.<br \/>\n\ud83d\udcf1 Contribuintes que tenham d\u00favidas ou necessitem de mais informa\u00e7\u00f5es sobre o IPTU 2025 podem procurar os canais de atendimento da Sefin, dispon\u00edveis presencialmente na sede da Secretaria, ou pelo WhatsApp da Secretaria, dispon\u00edvel no site da pasta.<br \/>\nV\u00eddeos mais assistidos do g1 RN<\/p>","protected":false},"excerpt":{"rendered":"<p>Desconto para pagamento antecipado termina na sexta-feira (10). \u00c9 necess\u00e1rio regularizar pend\u00eancias com o tributo municipal at\u00e9 esta quinta. Mudan\u00e7as no calend\u00e1rio do IPTU de Natal A prefeitura de Natal &#8230;<\/p>\n","protected":false},"author":0,"featured_media":11951,"parent":0,"menu_order":0,"comment_status":"closed","ping_status":"closed","template":"","meta":{"footnotes":""},"class_list":["post-11950","page","type-page","status-publish","has-post-thumbnail","hentry"],"yoast_head":"<!-- This site is optimized with the Yoast SEO plugin v27.1.1 - https:\/\/yoast.com\/product\/yoast-seo-wordpress\/ -->\n<title>Natal prorroga at\u00e9 quinta (9) prazo para regularizar IPTU de quem deseja pagar tributo com desconto de 16% em 2025 - Taveira Jr<\/title>\n<meta name=\"robots\" content=\"index, follow, max-snippet:-1, max-image-preview:large, max-video-preview:-1\" \/>\n<link rel=\"canonical\" href=\"https:\/\/deputadotaveirajr.com.br\/index.php\/natal-prorroga-ate-quinta-9-prazo-para-regularizar-iptu-de-quem-deseja-pagar-tributo-com-desconto-de-16-em-2025\/\" \/>\n<meta property=\"og:locale\" content=\"pt_BR\" \/>\n<meta property=\"og:type\" content=\"article\" \/>\n<meta property=\"og:title\" content=\"Natal prorroga at\u00e9 quinta (9) prazo para regularizar IPTU de quem deseja pagar tributo com desconto de 16% em 2025 - Taveira Jr\" \/>\n<meta property=\"og:description\" content=\"Desconto para pagamento antecipado termina na sexta-feira (10). \u00c9 necess\u00e1rio regularizar pend\u00eancias com o tributo municipal at\u00e9 esta quinta. Mudan\u00e7as no calend\u00e1rio do IPTU de Natal A prefeitura de Natal ...\" \/>\n<meta property=\"og:url\" content=\"https:\/\/deputadotaveirajr.com.br\/index.php\/natal-prorroga-ate-quinta-9-prazo-para-regularizar-iptu-de-quem-deseja-pagar-tributo-com-desconto-de-16-em-2025\/\" \/>\n<meta property=\"og:site_name\" content=\"Taveira Jr\" \/>\n<meta property=\"og:image\" content=\"https:\/\/s2-g1.glbimg.com\/mUDq8EnGoTfTKUnbHGJzMMrn51E=\/i.s3.glbimg.com\/v1\/AUTH_59edd422c0c84a879bd37670ae4f538a\/internal_photos\/bs\/2018\/B\/6\/PCJv4RShCYLdXdjanxuw\/foto-1-secretaria-de-tributacao-semut-f-alex-regis-secom-8-.jpg\" \/>\n<meta name=\"twitter:card\" content=\"summary_large_image\" \/>\n<meta name=\"twitter:label1\" content=\"Est. tempo de leitura\" \/>\n\t<meta name=\"twitter:data1\" content=\"2 minutos\" \/>\n<script type=\"application\/ld+json\" class=\"yoast-schema-graph\">{\"@context\":\"https:\/\/schema.org\",\"@graph\":[{\"@type\":\"WebPage\",\"@id\":\"https:\/\/deputadotaveirajr.com.br\/index.php\/natal-prorroga-ate-quinta-9-prazo-para-regularizar-iptu-de-quem-deseja-pagar-tributo-com-desconto-de-16-em-2025\/\",\"url\":\"https:\/\/deputadotaveirajr.com.br\/index.php\/natal-prorroga-ate-quinta-9-prazo-para-regularizar-iptu-de-quem-deseja-pagar-tributo-com-desconto-de-16-em-2025\/\",\"name\":\"Natal prorroga at\u00e9 quinta (9) prazo para regularizar IPTU de quem deseja pagar tributo com desconto de 16% em 2025 - Taveira Jr\",\"isPartOf\":{\"@id\":\"https:\/\/deputadotaveirajr.com.br\/#website\"},\"primaryImageOfPage\":{\"@id\":\"https:\/\/deputadotaveirajr.com.br\/index.php\/natal-prorroga-ate-quinta-9-prazo-para-regularizar-iptu-de-quem-deseja-pagar-tributo-com-desconto-de-16-em-2025\/#primaryimage\"},\"image\":{\"@id\":\"https:\/\/deputadotaveirajr.com.br\/index.php\/natal-prorroga-ate-quinta-9-prazo-para-regularizar-iptu-de-quem-deseja-pagar-tributo-com-desconto-de-16-em-2025\/#primaryimage\"},\"thumbnailUrl\":\"https:\/\/deputadotaveirajr.com.br\/wp-content\/uploads\/2025\/01\/foto-1-secretaria-de-tributacao-semut-f-alex-regis-secom-8-K5cqDi.jpeg\",\"datePublished\":\"2025-01-08T19:28:41+00:00\",\"breadcrumb\":{\"@id\":\"https:\/\/deputadotaveirajr.com.br\/index.php\/natal-prorroga-ate-quinta-9-prazo-para-regularizar-iptu-de-quem-deseja-pagar-tributo-com-desconto-de-16-em-2025\/#breadcrumb\"},\"inLanguage\":\"pt-BR\",\"potentialAction\":[{\"@type\":\"ReadAction\",\"target\":[\"https:\/\/deputadotaveirajr.com.br\/index.php\/natal-prorroga-ate-quinta-9-prazo-para-regularizar-iptu-de-quem-deseja-pagar-tributo-com-desconto-de-16-em-2025\/\"]}]},{\"@type\":\"ImageObject\",\"inLanguage\":\"pt-BR\",\"@id\":\"https:\/\/deputadotaveirajr.com.br\/index.php\/natal-prorroga-ate-quinta-9-prazo-para-regularizar-iptu-de-quem-deseja-pagar-tributo-com-desconto-de-16-em-2025\/#primaryimage\",\"url\":\"https:\/\/deputadotaveirajr.com.br\/wp-content\/uploads\/2025\/01\/foto-1-secretaria-de-tributacao-semut-f-alex-regis-secom-8-K5cqDi.jpeg\",\"contentUrl\":\"https:\/\/deputadotaveirajr.com.br\/wp-content\/uploads\/2025\/01\/foto-1-secretaria-de-tributacao-semut-f-alex-regis-secom-8-K5cqDi.jpeg\",\"width\":2074,\"height\":1382},{\"@type\":\"BreadcrumbList\",\"@id\":\"https:\/\/deputadotaveirajr.com.br\/index.php\/natal-prorroga-ate-quinta-9-prazo-para-regularizar-iptu-de-quem-deseja-pagar-tributo-com-desconto-de-16-em-2025\/#breadcrumb\",\"itemListElement\":[{\"@type\":\"ListItem\",\"position\":1,\"name\":\"In\u00edcio\",\"item\":\"https:\/\/deputadotaveirajr.com.br\/\"},{\"@type\":\"ListItem\",\"position\":2,\"name\":\"Natal prorroga at\u00e9 quinta (9) prazo para regularizar IPTU de quem deseja pagar tributo com desconto de 16% em 2025\"}]},{\"@type\":\"WebSite\",\"@id\":\"https:\/\/deputadotaveirajr.com.br\/#website\",\"url\":\"https:\/\/deputadotaveirajr.com.br\/\",\"name\":\"Taveira Jr\",\"description\":\"Deputado Estadual\",\"publisher\":{\"@id\":\"https:\/\/deputadotaveirajr.com.br\/#organization\"},\"potentialAction\":[{\"@type\":\"SearchAction\",\"target\":{\"@type\":\"EntryPoint\",\"urlTemplate\":\"https:\/\/deputadotaveirajr.com.br\/?s={search_term_string}\"},\"query-input\":{\"@type\":\"PropertyValueSpecification\",\"valueRequired\":true,\"valueName\":\"search_term_string\"}}],\"inLanguage\":\"pt-BR\"},{\"@type\":\"Organization\",\"@id\":\"https:\/\/deputadotaveirajr.com.br\/#organization\",\"name\":\"Taveira Jr\",\"url\":\"https:\/\/deputadotaveirajr.com.br\/\",\"logo\":{\"@type\":\"ImageObject\",\"inLanguage\":\"pt-BR\",\"@id\":\"https:\/\/deputadotaveirajr.com.br\/#\/schema\/logo\/image\/\",\"url\":\"https:\/\/deputadotaveirajr.com.br\/wp-content\/uploads\/2026\/01\/logolow2a.png\",\"contentUrl\":\"https:\/\/deputadotaveirajr.com.br\/wp-content\/uploads\/2026\/01\/logolow2a.png\",\"width\":290,\"height\":80,\"caption\":\"Taveira Jr\"},\"image\":{\"@id\":\"https:\/\/deputadotaveirajr.com.br\/#\/schema\/logo\/image\/\"}}]}<\/script>\n<!-- \/ Yoast SEO plugin. -->","yoast_head_json":{"title":"Natal prorroga at\u00e9 quinta (9) prazo para regularizar IPTU de quem deseja pagar tributo com desconto de 16% em 2025 - Taveira Jr","robots":{"index":"index","follow":"follow","max-snippet":"max-snippet:-1","max-image-preview":"max-image-preview:large","max-video-preview":"max-video-preview:-1"},"canonical":"https:\/\/deputadotaveirajr.com.br\/index.php\/natal-prorroga-ate-quinta-9-prazo-para-regularizar-iptu-de-quem-deseja-pagar-tributo-com-desconto-de-16-em-2025\/","og_locale":"pt_BR","og_type":"article","og_title":"Natal prorroga at\u00e9 quinta (9) prazo para regularizar IPTU de quem deseja pagar tributo com desconto de 16% em 2025 - Taveira Jr","og_description":"Desconto para pagamento antecipado termina na sexta-feira (10). \u00c9 necess\u00e1rio regularizar pend\u00eancias com o tributo municipal at\u00e9 esta quinta. Mudan\u00e7as no calend\u00e1rio do IPTU de Natal A prefeitura de Natal ...","og_url":"https:\/\/deputadotaveirajr.com.br\/index.php\/natal-prorroga-ate-quinta-9-prazo-para-regularizar-iptu-de-quem-deseja-pagar-tributo-com-desconto-de-16-em-2025\/","og_site_name":"Taveira Jr","og_image":[{"url":"https:\/\/s2-g1.glbimg.com\/mUDq8EnGoTfTKUnbHGJzMMrn51E=\/i.s3.glbimg.com\/v1\/AUTH_59edd422c0c84a879bd37670ae4f538a\/internal_photos\/bs\/2018\/B\/6\/PCJv4RShCYLdXdjanxuw\/foto-1-secretaria-de-tributacao-semut-f-alex-regis-secom-8-.jpg","type":"","width":"","height":""}],"twitter_card":"summary_large_image","twitter_misc":{"Est. tempo de leitura":"2 minutos"},"schema":{"@context":"https:\/\/schema.org","@graph":[{"@type":"WebPage","@id":"https:\/\/deputadotaveirajr.com.br\/index.php\/natal-prorroga-ate-quinta-9-prazo-para-regularizar-iptu-de-quem-deseja-pagar-tributo-com-desconto-de-16-em-2025\/","url":"https:\/\/deputadotaveirajr.com.br\/index.php\/natal-prorroga-ate-quinta-9-prazo-para-regularizar-iptu-de-quem-deseja-pagar-tributo-com-desconto-de-16-em-2025\/","name":"Natal prorroga at\u00e9 quinta (9) prazo para regularizar IPTU de quem deseja pagar tributo com desconto de 16% em 2025 - Taveira Jr","isPartOf":{"@id":"https:\/\/deputadotaveirajr.com.br\/#website"},"primaryImageOfPage":{"@id":"https:\/\/deputadotaveirajr.com.br\/index.php\/natal-prorroga-ate-quinta-9-prazo-para-regularizar-iptu-de-quem-deseja-pagar-tributo-com-desconto-de-16-em-2025\/#primaryimage"},"image":{"@id":"https:\/\/deputadotaveirajr.com.br\/index.php\/natal-prorroga-ate-quinta-9-prazo-para-regularizar-iptu-de-quem-deseja-pagar-tributo-com-desconto-de-16-em-2025\/#primaryimage"},"thumbnailUrl":"https:\/\/deputadotaveirajr.com.br\/wp-content\/uploads\/2025\/01\/foto-1-secretaria-de-tributacao-semut-f-alex-regis-secom-8-K5cqDi.jpeg","datePublished":"2025-01-08T19:28:41+00:00","breadcrumb":{"@id":"https:\/\/deputadotaveirajr.com.br\/index.php\/natal-prorroga-ate-quinta-9-prazo-para-regularizar-iptu-de-quem-deseja-pagar-tributo-com-desconto-de-16-em-2025\/#breadcrumb"},"inLanguage":"pt-BR","potentialAction":[{"@type":"ReadAction","target":["https:\/\/deputadotaveirajr.com.br\/index.php\/natal-prorroga-ate-quinta-9-prazo-para-regularizar-iptu-de-quem-deseja-pagar-tributo-com-desconto-de-16-em-2025\/"]}]},{"@type":"ImageObject","inLanguage":"pt-BR","@id":"https:\/\/deputadotaveirajr.com.br\/index.php\/natal-prorroga-ate-quinta-9-prazo-para-regularizar-iptu-de-quem-deseja-pagar-tributo-com-desconto-de-16-em-2025\/#primaryimage","url":"https:\/\/deputadotaveirajr.com.br\/wp-content\/uploads\/2025\/01\/foto-1-secretaria-de-tributacao-semut-f-alex-regis-secom-8-K5cqDi.jpeg","contentUrl":"https:\/\/deputadotaveirajr.com.br\/wp-content\/uploads\/2025\/01\/foto-1-secretaria-de-tributacao-semut-f-alex-regis-secom-8-K5cqDi.jpeg","width":2074,"height":1382},{"@type":"BreadcrumbList","@id":"https:\/\/deputadotaveirajr.com.br\/index.php\/natal-prorroga-ate-quinta-9-prazo-para-regularizar-iptu-de-quem-deseja-pagar-tributo-com-desconto-de-16-em-2025\/#breadcrumb","itemListElement":[{"@type":"ListItem","position":1,"name":"In\u00edcio","item":"https:\/\/deputadotaveirajr.com.br\/"},{"@type":"ListItem","position":2,"name":"Natal prorroga at\u00e9 quinta (9) prazo para regularizar IPTU de quem deseja pagar tributo com desconto de 16% em 2025"}]},{"@type":"WebSite","@id":"https:\/\/deputadotaveirajr.com.br\/#website","url":"https:\/\/deputadotaveirajr.com.br\/","name":"Taveira Jr","description":"Deputado Estadual","publisher":{"@id":"https:\/\/deputadotaveirajr.com.br\/#organization"},"potentialAction":[{"@type":"SearchAction","target":{"@type":"EntryPoint","urlTemplate":"https:\/\/deputadotaveirajr.com.br\/?s={search_term_string}"},"query-input":{"@type":"PropertyValueSpecification","valueRequired":true,"valueName":"search_term_string"}}],"inLanguage":"pt-BR"},{"@type":"Organization","@id":"https:\/\/deputadotaveirajr.com.br\/#organization","name":"Taveira Jr","url":"https:\/\/deputadotaveirajr.com.br\/","logo":{"@type":"ImageObject","inLanguage":"pt-BR","@id":"https:\/\/deputadotaveirajr.com.br\/#\/schema\/logo\/image\/","url":"https:\/\/deputadotaveirajr.com.br\/wp-content\/uploads\/2026\/01\/logolow2a.png","contentUrl":"https:\/\/deputadotaveirajr.com.br\/wp-content\/uploads\/2026\/01\/logolow2a.png","width":290,"height":80,"caption":"Taveira Jr"},"image":{"@id":"https:\/\/deputadotaveirajr.com.br\/#\/schema\/logo\/image\/"}}]}},"_links":{"self":[{"href":"https:\/\/deputadotaveirajr.com.br\/index.php\/wp-json\/wp\/v2\/pages\/11950","targetHints":{"allow":["GET"]}}],"collection":[{"href":"https:\/\/deputadotaveirajr.com.br\/index.php\/wp-json\/wp\/v2\/pages"}],"about":[{"href":"https:\/\/deputadotaveirajr.com.br\/index.php\/wp-json\/wp\/v2\/types\/page"}],"replies":[{"embeddable":true,"href":"https:\/\/deputadotaveirajr.com.br\/index.php\/wp-json\/wp\/v2\/comments?post=11950"}],"version-history":[{"count":0,"href":"https:\/\/deputadotaveirajr.com.br\/index.php\/wp-json\/wp\/v2\/pages\/11950\/revisions"}],"wp:featuredmedia":[{"embeddable":true,"href":"https:\/\/deputadotaveirajr.com.br\/index.php\/wp-json\/wp\/v2\/media\/11951"}],"wp:attachment":[{"href":"https:\/\/deputadotaveirajr.com.br\/index.php\/wp-json\/wp\/v2\/media?parent=11950"}],"curies":[{"name":"wp","href":"https:\/\/api.w.org\/{rel}","templated":true}]}}