{"id":11952,"date":"2025-01-09T07:44:27","date_gmt":"2025-01-09T10:44:27","guid":{"rendered":"https:\/\/deputadotaveirajr.com.br\/index.php\/motoristas-de-onibus-fazem-paralisacao-de-linhas-metropolitanas-na-grande-natal\/"},"modified":"2025-01-09T07:44:27","modified_gmt":"2025-01-09T10:44:27","slug":"motoristas-de-onibus-fazem-paralisacao-de-linhas-metropolitanas-na-grande-natal","status":"publish","type":"page","link":"https:\/\/deputadotaveirajr.com.br\/index.php\/motoristas-de-onibus-fazem-paralisacao-de-linhas-metropolitanas-na-grande-natal\/","title":{"rendered":"Motoristas de \u00f4nibus fazem paralisa\u00e7\u00e3o de linhas metropolitanas na Grande Natal"},"content":{"rendered":"<p><img decoding=\"async\" src=\"https:\/\/s2-g1.glbimg.com\/ylttat_eVEWxg4ReHuYeCmCI7hs=\/i.s3.glbimg.com\/v1\/AUTH_59edd422c0c84a879bd37670ae4f538a\/internal_photos\/bs\/2025\/i\/b\/0t1y8PRAKghBVTLlrGrg\/paralisacao.jpeg\" \/><br \/>     Ato aconteceu na manh\u00e3 desta quinta-feira (9) em protesto contra descontos indevidos nos sal\u00e1rios, segundo sindicato.  Paralisa\u00e7\u00e3o de motoristas da Trampolim da Vit\u00f3ria na Grande Natal<br \/>\nVin\u00edcius Marinho\/Inter TV Cabugi<br \/>\nMotoristas de \u00f4nibus que trabalham na empresa Trampolim da Vit\u00f3ria, respons\u00e1vel por linhas que atendem cidades da regi\u00e3o metropolitana de Natal, como Parnamirim, Maca\u00edba e S\u00e3o Gon\u00e7alo do Amarante, fizeram uma paralisa\u00e7\u00e3o na manh\u00e3 desta quinta-feira (9).<br \/>\nNenhum \u00f4nibus saiu das garagens da empresa at\u00e9 por volta das 7h, quando a categoria encerrou uma reuni\u00e3o com a empresa e fez uma assembleia.<br \/>\n\ud83d\udcf3Participe do canal do g1 RN no WhatsApp<br \/>\nSegundo o representante do sindicato dos rodovi\u00e1rios, Arnaldo Dias, a paralisa\u00e7\u00e3o ocorreu porque cerca de 80% dos funcion\u00e1rios perceberam um desconto indevido no sal\u00e1rio.<br \/>\n&#8220;O trabalhador trabalhou no Natal, Ano Novo, feriado, normalmente, e teve os valores descontados como falta. A empresa n\u00e3o se pronunciou, nem se pronunciou de resolver at\u00e9 ontem. E isso gerou uma insatisfa\u00e7\u00e3o enorme nos trabalhadores&#8221;, disse.<br \/>\nEm nota, a empresa afirmou que o desconto foi causado por um erro e que o problema ser\u00e1 resolvido ao longo desta quinta (9).<br \/>\n&#8220;O desconto ocorrido nos sal\u00e1rios, que motivou a suspens\u00e3o dos servi\u00e7os, se deu por uma falha em um processo na folha de pagamento, por\u00e9m, como j\u00e1 esclarecido junto ao Sindicato dos Motoristas, o caso ser\u00e1 resolvido ao longo do dia&#8221;, informou.<br \/>\nDe acordo com o sindicato, cerca de 100 motoristas trabalham para a empresa.<br \/>\nVeja os v\u00eddeos mais assistidos no g1 RN<\/p>","protected":false},"excerpt":{"rendered":"<p>Ato aconteceu na manh\u00e3 desta quinta-feira (9) em protesto contra descontos indevidos nos sal\u00e1rios, segundo sindicato. Paralisa\u00e7\u00e3o de motoristas da Trampolim da Vit\u00f3ria na Grande Natal Vin\u00edcius Marinho\/Inter TV Cabugi &#8230;<\/p>\n","protected":false},"author":0,"featured_media":11953,"parent":0,"menu_order":0,"comment_status":"closed","ping_status":"closed","template":"","meta":{"footnotes":""},"class_list":["post-11952","page","type-page","status-publish","has-post-thumbnail","hentry"],"yoast_head":"<!-- This site is optimized with the Yoast SEO plugin v27.1.1 - https:\/\/yoast.com\/product\/yoast-seo-wordpress\/ -->\n<title>Motoristas de \u00f4nibus fazem paralisa\u00e7\u00e3o de linhas metropolitanas na Grande Natal - Taveira Jr<\/title>\n<meta name=\"robots\" content=\"index, follow, max-snippet:-1, max-image-preview:large, max-video-preview:-1\" \/>\n<link rel=\"canonical\" href=\"https:\/\/deputadotaveirajr.com.br\/index.php\/motoristas-de-onibus-fazem-paralisacao-de-linhas-metropolitanas-na-grande-natal\/\" \/>\n<meta property=\"og:locale\" content=\"pt_BR\" \/>\n<meta property=\"og:type\" content=\"article\" \/>\n<meta property=\"og:title\" content=\"Motoristas de \u00f4nibus fazem paralisa\u00e7\u00e3o de linhas metropolitanas na Grande Natal - Taveira Jr\" \/>\n<meta property=\"og:description\" content=\"Ato aconteceu na manh\u00e3 desta quinta-feira (9) em protesto contra descontos indevidos nos sal\u00e1rios, segundo sindicato. Paralisa\u00e7\u00e3o de motoristas da Trampolim da Vit\u00f3ria na Grande Natal Vin\u00edcius Marinho\/Inter TV Cabugi ...\" \/>\n<meta property=\"og:url\" content=\"https:\/\/deputadotaveirajr.com.br\/index.php\/motoristas-de-onibus-fazem-paralisacao-de-linhas-metropolitanas-na-grande-natal\/\" \/>\n<meta property=\"og:site_name\" content=\"Taveira Jr\" \/>\n<meta property=\"og:image\" content=\"https:\/\/s2-g1.glbimg.com\/ylttat_eVEWxg4ReHuYeCmCI7hs=\/i.s3.glbimg.com\/v1\/AUTH_59edd422c0c84a879bd37670ae4f538a\/internal_photos\/bs\/2025\/i\/b\/0t1y8PRAKghBVTLlrGrg\/paralisacao.jpeg\" \/>\n<meta name=\"twitter:card\" content=\"summary_large_image\" \/>\n<meta name=\"twitter:label1\" content=\"Est. tempo de leitura\" \/>\n\t<meta name=\"twitter:data1\" content=\"1 minuto\" \/>\n<script type=\"application\/ld+json\" class=\"yoast-schema-graph\">{\"@context\":\"https:\/\/schema.org\",\"@graph\":[{\"@type\":\"WebPage\",\"@id\":\"https:\/\/deputadotaveirajr.com.br\/index.php\/motoristas-de-onibus-fazem-paralisacao-de-linhas-metropolitanas-na-grande-natal\/\",\"url\":\"https:\/\/deputadotaveirajr.com.br\/index.php\/motoristas-de-onibus-fazem-paralisacao-de-linhas-metropolitanas-na-grande-natal\/\",\"name\":\"Motoristas de \u00f4nibus fazem paralisa\u00e7\u00e3o de linhas metropolitanas na Grande Natal - Taveira Jr\",\"isPartOf\":{\"@id\":\"https:\/\/deputadotaveirajr.com.br\/#website\"},\"primaryImageOfPage\":{\"@id\":\"https:\/\/deputadotaveirajr.com.br\/index.php\/motoristas-de-onibus-fazem-paralisacao-de-linhas-metropolitanas-na-grande-natal\/#primaryimage\"},\"image\":{\"@id\":\"https:\/\/deputadotaveirajr.com.br\/index.php\/motoristas-de-onibus-fazem-paralisacao-de-linhas-metropolitanas-na-grande-natal\/#primaryimage\"},\"thumbnailUrl\":\"https:\/\/deputadotaveirajr.com.br\/wp-content\/uploads\/2025\/01\/paralisacao-ZRYV6X.jpeg\",\"datePublished\":\"2025-01-09T10:44:27+00:00\",\"breadcrumb\":{\"@id\":\"https:\/\/deputadotaveirajr.com.br\/index.php\/motoristas-de-onibus-fazem-paralisacao-de-linhas-metropolitanas-na-grande-natal\/#breadcrumb\"},\"inLanguage\":\"pt-BR\",\"potentialAction\":[{\"@type\":\"ReadAction\",\"target\":[\"https:\/\/deputadotaveirajr.com.br\/index.php\/motoristas-de-onibus-fazem-paralisacao-de-linhas-metropolitanas-na-grande-natal\/\"]}]},{\"@type\":\"ImageObject\",\"inLanguage\":\"pt-BR\",\"@id\":\"https:\/\/deputadotaveirajr.com.br\/index.php\/motoristas-de-onibus-fazem-paralisacao-de-linhas-metropolitanas-na-grande-natal\/#primaryimage\",\"url\":\"https:\/\/deputadotaveirajr.com.br\/wp-content\/uploads\/2025\/01\/paralisacao-ZRYV6X.jpeg\",\"contentUrl\":\"https:\/\/deputadotaveirajr.com.br\/wp-content\/uploads\/2025\/01\/paralisacao-ZRYV6X.jpeg\",\"width\":1600,\"height\":1200},{\"@type\":\"BreadcrumbList\",\"@id\":\"https:\/\/deputadotaveirajr.com.br\/index.php\/motoristas-de-onibus-fazem-paralisacao-de-linhas-metropolitanas-na-grande-natal\/#breadcrumb\",\"itemListElement\":[{\"@type\":\"ListItem\",\"position\":1,\"name\":\"In\u00edcio\",\"item\":\"https:\/\/deputadotaveirajr.com.br\/\"},{\"@type\":\"ListItem\",\"position\":2,\"name\":\"Motoristas de \u00f4nibus fazem paralisa\u00e7\u00e3o de linhas metropolitanas na Grande Natal\"}]},{\"@type\":\"WebSite\",\"@id\":\"https:\/\/deputadotaveirajr.com.br\/#website\",\"url\":\"https:\/\/deputadotaveirajr.com.br\/\",\"name\":\"Taveira Jr\",\"description\":\"Deputado Estadual\",\"publisher\":{\"@id\":\"https:\/\/deputadotaveirajr.com.br\/#organization\"},\"potentialAction\":[{\"@type\":\"SearchAction\",\"target\":{\"@type\":\"EntryPoint\",\"urlTemplate\":\"https:\/\/deputadotaveirajr.com.br\/?s={search_term_string}\"},\"query-input\":{\"@type\":\"PropertyValueSpecification\",\"valueRequired\":true,\"valueName\":\"search_term_string\"}}],\"inLanguage\":\"pt-BR\"},{\"@type\":\"Organization\",\"@id\":\"https:\/\/deputadotaveirajr.com.br\/#organization\",\"name\":\"Taveira Jr\",\"url\":\"https:\/\/deputadotaveirajr.com.br\/\",\"logo\":{\"@type\":\"ImageObject\",\"inLanguage\":\"pt-BR\",\"@id\":\"https:\/\/deputadotaveirajr.com.br\/#\/schema\/logo\/image\/\",\"url\":\"https:\/\/deputadotaveirajr.com.br\/wp-content\/uploads\/2026\/01\/logolow2a.png\",\"contentUrl\":\"https:\/\/deputadotaveirajr.com.br\/wp-content\/uploads\/2026\/01\/logolow2a.png\",\"width\":290,\"height\":80,\"caption\":\"Taveira Jr\"},\"image\":{\"@id\":\"https:\/\/deputadotaveirajr.com.br\/#\/schema\/logo\/image\/\"}}]}<\/script>\n<!-- \/ Yoast SEO plugin. -->","yoast_head_json":{"title":"Motoristas de \u00f4nibus fazem paralisa\u00e7\u00e3o de linhas metropolitanas na Grande Natal - Taveira Jr","robots":{"index":"index","follow":"follow","max-snippet":"max-snippet:-1","max-image-preview":"max-image-preview:large","max-video-preview":"max-video-preview:-1"},"canonical":"https:\/\/deputadotaveirajr.com.br\/index.php\/motoristas-de-onibus-fazem-paralisacao-de-linhas-metropolitanas-na-grande-natal\/","og_locale":"pt_BR","og_type":"article","og_title":"Motoristas de \u00f4nibus fazem paralisa\u00e7\u00e3o de linhas metropolitanas na Grande Natal - Taveira Jr","og_description":"Ato aconteceu na manh\u00e3 desta quinta-feira (9) em protesto contra descontos indevidos nos sal\u00e1rios, segundo sindicato. Paralisa\u00e7\u00e3o de motoristas da Trampolim da Vit\u00f3ria na Grande Natal Vin\u00edcius Marinho\/Inter TV Cabugi ...","og_url":"https:\/\/deputadotaveirajr.com.br\/index.php\/motoristas-de-onibus-fazem-paralisacao-de-linhas-metropolitanas-na-grande-natal\/","og_site_name":"Taveira Jr","og_image":[{"url":"https:\/\/s2-g1.glbimg.com\/ylttat_eVEWxg4ReHuYeCmCI7hs=\/i.s3.glbimg.com\/v1\/AUTH_59edd422c0c84a879bd37670ae4f538a\/internal_photos\/bs\/2025\/i\/b\/0t1y8PRAKghBVTLlrGrg\/paralisacao.jpeg","type":"","width":"","height":""}],"twitter_card":"summary_large_image","twitter_misc":{"Est. tempo de leitura":"1 minuto"},"schema":{"@context":"https:\/\/schema.org","@graph":[{"@type":"WebPage","@id":"https:\/\/deputadotaveirajr.com.br\/index.php\/motoristas-de-onibus-fazem-paralisacao-de-linhas-metropolitanas-na-grande-natal\/","url":"https:\/\/deputadotaveirajr.com.br\/index.php\/motoristas-de-onibus-fazem-paralisacao-de-linhas-metropolitanas-na-grande-natal\/","name":"Motoristas de \u00f4nibus fazem paralisa\u00e7\u00e3o de linhas metropolitanas na Grande Natal - Taveira Jr","isPartOf":{"@id":"https:\/\/deputadotaveirajr.com.br\/#website"},"primaryImageOfPage":{"@id":"https:\/\/deputadotaveirajr.com.br\/index.php\/motoristas-de-onibus-fazem-paralisacao-de-linhas-metropolitanas-na-grande-natal\/#primaryimage"},"image":{"@id":"https:\/\/deputadotaveirajr.com.br\/index.php\/motoristas-de-onibus-fazem-paralisacao-de-linhas-metropolitanas-na-grande-natal\/#primaryimage"},"thumbnailUrl":"https:\/\/deputadotaveirajr.com.br\/wp-content\/uploads\/2025\/01\/paralisacao-ZRYV6X.jpeg","datePublished":"2025-01-09T10:44:27+00:00","breadcrumb":{"@id":"https:\/\/deputadotaveirajr.com.br\/index.php\/motoristas-de-onibus-fazem-paralisacao-de-linhas-metropolitanas-na-grande-natal\/#breadcrumb"},"inLanguage":"pt-BR","potentialAction":[{"@type":"ReadAction","target":["https:\/\/deputadotaveirajr.com.br\/index.php\/motoristas-de-onibus-fazem-paralisacao-de-linhas-metropolitanas-na-grande-natal\/"]}]},{"@type":"ImageObject","inLanguage":"pt-BR","@id":"https:\/\/deputadotaveirajr.com.br\/index.php\/motoristas-de-onibus-fazem-paralisacao-de-linhas-metropolitanas-na-grande-natal\/#primaryimage","url":"https:\/\/deputadotaveirajr.com.br\/wp-content\/uploads\/2025\/01\/paralisacao-ZRYV6X.jpeg","contentUrl":"https:\/\/deputadotaveirajr.com.br\/wp-content\/uploads\/2025\/01\/paralisacao-ZRYV6X.jpeg","width":1600,"height":1200},{"@type":"BreadcrumbList","@id":"https:\/\/deputadotaveirajr.com.br\/index.php\/motoristas-de-onibus-fazem-paralisacao-de-linhas-metropolitanas-na-grande-natal\/#breadcrumb","itemListElement":[{"@type":"ListItem","position":1,"name":"In\u00edcio","item":"https:\/\/deputadotaveirajr.com.br\/"},{"@type":"ListItem","position":2,"name":"Motoristas de \u00f4nibus fazem paralisa\u00e7\u00e3o de linhas metropolitanas na Grande Natal"}]},{"@type":"WebSite","@id":"https:\/\/deputadotaveirajr.com.br\/#website","url":"https:\/\/deputadotaveirajr.com.br\/","name":"Taveira Jr","description":"Deputado Estadual","publisher":{"@id":"https:\/\/deputadotaveirajr.com.br\/#organization"},"potentialAction":[{"@type":"SearchAction","target":{"@type":"EntryPoint","urlTemplate":"https:\/\/deputadotaveirajr.com.br\/?s={search_term_string}"},"query-input":{"@type":"PropertyValueSpecification","valueRequired":true,"valueName":"search_term_string"}}],"inLanguage":"pt-BR"},{"@type":"Organization","@id":"https:\/\/deputadotaveirajr.com.br\/#organization","name":"Taveira Jr","url":"https:\/\/deputadotaveirajr.com.br\/","logo":{"@type":"ImageObject","inLanguage":"pt-BR","@id":"https:\/\/deputadotaveirajr.com.br\/#\/schema\/logo\/image\/","url":"https:\/\/deputadotaveirajr.com.br\/wp-content\/uploads\/2026\/01\/logolow2a.png","contentUrl":"https:\/\/deputadotaveirajr.com.br\/wp-content\/uploads\/2026\/01\/logolow2a.png","width":290,"height":80,"caption":"Taveira Jr"},"image":{"@id":"https:\/\/deputadotaveirajr.com.br\/#\/schema\/logo\/image\/"}}]}},"_links":{"self":[{"href":"https:\/\/deputadotaveirajr.com.br\/index.php\/wp-json\/wp\/v2\/pages\/11952","targetHints":{"allow":["GET"]}}],"collection":[{"href":"https:\/\/deputadotaveirajr.com.br\/index.php\/wp-json\/wp\/v2\/pages"}],"about":[{"href":"https:\/\/deputadotaveirajr.com.br\/index.php\/wp-json\/wp\/v2\/types\/page"}],"replies":[{"embeddable":true,"href":"https:\/\/deputadotaveirajr.com.br\/index.php\/wp-json\/wp\/v2\/comments?post=11952"}],"version-history":[{"count":0,"href":"https:\/\/deputadotaveirajr.com.br\/index.php\/wp-json\/wp\/v2\/pages\/11952\/revisions"}],"wp:featuredmedia":[{"embeddable":true,"href":"https:\/\/deputadotaveirajr.com.br\/index.php\/wp-json\/wp\/v2\/media\/11953"}],"wp:attachment":[{"href":"https:\/\/deputadotaveirajr.com.br\/index.php\/wp-json\/wp\/v2\/media?parent=11952"}],"curies":[{"name":"wp","href":"https:\/\/api.w.org\/{rel}","templated":true}]}}