{"id":11956,"date":"2025-01-09T08:51:33","date_gmt":"2025-01-09T11:51:33","guid":{"rendered":"https:\/\/deputadotaveirajr.com.br\/index.php\/mae-e-dois-filhos-morrem-apos-carro-capotar-no-interior-do-rn\/"},"modified":"2025-01-09T08:51:33","modified_gmt":"2025-01-09T11:51:33","slug":"mae-e-dois-filhos-morrem-apos-carro-capotar-no-interior-do-rn","status":"publish","type":"page","link":"https:\/\/deputadotaveirajr.com.br\/index.php\/mae-e-dois-filhos-morrem-apos-carro-capotar-no-interior-do-rn\/","title":{"rendered":"M\u00e3e e dois filhos morrem ap\u00f3s carro capotar no interior do RN"},"content":{"rendered":"<p><img decoding=\"async\" src=\"https:\/\/s2-g1.glbimg.com\/tYIV4XbMYF2GXztTXpZU5_KrL9w=\/i.s3.glbimg.com\/v1\/AUTH_59edd422c0c84a879bd37670ae4f538a\/internal_photos\/bs\/2025\/L\/3\/uDdtkCR6a9ScOGtw5ODw\/mae-e-filhos.png\" \/><br \/>     Caso aconteceu na tarde de quarta-feira (8) em Timba\u00faba dos Batistas, na regi\u00e3o Serid\u00f3 potiguar.  M\u00e3e e filhos morreram em acidente no interior do RN<br \/>\nReprodu\u00e7\u00e3o<br \/>\nUma mulher e duas crian\u00e7as 6 e 4 anos de idade, filhos dela, morreram ap\u00f3s o capotamento de um carro na rodovia estadual RN-084 em Timba\u00faba dos Batistas, na regi\u00e3o Serid\u00f3 potiguar.<br \/>\nO caso aconteceu na tarde de ter\u00e7a-feira (8), por volta das 16h, no sentido \u00e0 BR-427.<br \/>\n\ud83d\udcf3Participe do canal do g1 RN no WhatsApp<br \/>\nO carro era conduzido pelo marido e pai das v\u00edtimas, que foi socorrido ao hospital. Segundo a Pol\u00edcia Rodovi\u00e1ria Estadual, a fam\u00edlia tinha ido visitar familiares e estava voltando para Jardim do Serid\u00f3.<br \/>\nA suspeita inicial \u00e9 de que o motorista tenha perdido controle do ve\u00edculo em uma curva. &#8220;Eles tinham acabado de sair de uma curva, mas a gente ainda n\u00e3o pode precisar se foi isso que causou o acidente&#8221;, disse o sub-tenente Fabiano Charles.<br \/>\nAs v\u00edtimas foram identificadas como:<br \/>\nMaria do Nascimento Lima, 43 anos<br \/>\nNicolau Arcanjo dos Santos, 6 anos<br \/>\nMaria Rita Lima dos Santos, 4 anos<br \/>\nAcidente no RN deixou m\u00e3e e dois filhos mortos<br \/>\nMaria do Nascimento Lima morreu ainda no local do acidente. O marido e os dois filhos foram socorridos ao Hospital Regional, por\u00e9m, a menina j\u00e1 chegou \u00e0 unidade sem vida e o menino n\u00e3o resistiu aos ferimentos.<br \/>\nOs corpos foram recolhidos para passar por exames no Instituto T\u00e9cnico-Cient\u00edfico de Per\u00edcia (Itep) e n\u00e3o tinham sido liberados at\u00e9 o in\u00edcio da manh\u00e3 desta quinta (9).<br \/>\nTamb\u00e9m n\u00e3o foram divulgadas informa\u00e7\u00f5es sobre vel\u00f3rio e sepultamento.<br \/>\nCarro capotou na RN-084 na regi\u00e3o Serid\u00f3 potiguar<br \/>\nCardoso Silva\/Inter TV Costa Branca<br \/>\nVeja os v\u00eddeos mais assistidos no g1 RN<\/p>","protected":false},"excerpt":{"rendered":"<p>Caso aconteceu na tarde de quarta-feira (8) em Timba\u00faba dos Batistas, na regi\u00e3o Serid\u00f3 potiguar. M\u00e3e e filhos morreram em acidente no interior do RN Reprodu\u00e7\u00e3o Uma mulher e duas &#8230;<\/p>\n","protected":false},"author":0,"featured_media":11957,"parent":0,"menu_order":0,"comment_status":"closed","ping_status":"closed","template":"","meta":{"footnotes":""},"class_list":["post-11956","page","type-page","status-publish","has-post-thumbnail","hentry"],"yoast_head":"<!-- This site is optimized with the Yoast SEO plugin v27.1.1 - https:\/\/yoast.com\/product\/yoast-seo-wordpress\/ -->\n<title>M\u00e3e e dois filhos morrem ap\u00f3s carro capotar no interior do RN - Taveira Jr<\/title>\n<meta name=\"robots\" content=\"index, follow, max-snippet:-1, max-image-preview:large, max-video-preview:-1\" \/>\n<link rel=\"canonical\" href=\"https:\/\/deputadotaveirajr.com.br\/index.php\/mae-e-dois-filhos-morrem-apos-carro-capotar-no-interior-do-rn\/\" \/>\n<meta property=\"og:locale\" content=\"pt_BR\" \/>\n<meta property=\"og:type\" content=\"article\" \/>\n<meta property=\"og:title\" content=\"M\u00e3e e dois filhos morrem ap\u00f3s carro capotar no interior do RN - Taveira Jr\" \/>\n<meta property=\"og:description\" content=\"Caso aconteceu na tarde de quarta-feira (8) em Timba\u00faba dos Batistas, na regi\u00e3o Serid\u00f3 potiguar. M\u00e3e e filhos morreram em acidente no interior do RN Reprodu\u00e7\u00e3o Uma mulher e duas ...\" \/>\n<meta property=\"og:url\" content=\"https:\/\/deputadotaveirajr.com.br\/index.php\/mae-e-dois-filhos-morrem-apos-carro-capotar-no-interior-do-rn\/\" \/>\n<meta property=\"og:site_name\" content=\"Taveira Jr\" \/>\n<meta property=\"og:image\" content=\"https:\/\/s2-g1.glbimg.com\/tYIV4XbMYF2GXztTXpZU5_KrL9w=\/i.s3.glbimg.com\/v1\/AUTH_59edd422c0c84a879bd37670ae4f538a\/internal_photos\/bs\/2025\/L\/3\/uDdtkCR6a9ScOGtw5ODw\/mae-e-filhos.png\" \/>\n<meta name=\"twitter:card\" content=\"summary_large_image\" \/>\n<meta name=\"twitter:label1\" content=\"Est. tempo de leitura\" \/>\n\t<meta name=\"twitter:data1\" content=\"2 minutos\" \/>\n<script type=\"application\/ld+json\" class=\"yoast-schema-graph\">{\"@context\":\"https:\/\/schema.org\",\"@graph\":[{\"@type\":\"WebPage\",\"@id\":\"https:\/\/deputadotaveirajr.com.br\/index.php\/mae-e-dois-filhos-morrem-apos-carro-capotar-no-interior-do-rn\/\",\"url\":\"https:\/\/deputadotaveirajr.com.br\/index.php\/mae-e-dois-filhos-morrem-apos-carro-capotar-no-interior-do-rn\/\",\"name\":\"M\u00e3e e dois filhos morrem ap\u00f3s carro capotar no interior do RN - Taveira Jr\",\"isPartOf\":{\"@id\":\"https:\/\/deputadotaveirajr.com.br\/#website\"},\"primaryImageOfPage\":{\"@id\":\"https:\/\/deputadotaveirajr.com.br\/index.php\/mae-e-dois-filhos-morrem-apos-carro-capotar-no-interior-do-rn\/#primaryimage\"},\"image\":{\"@id\":\"https:\/\/deputadotaveirajr.com.br\/index.php\/mae-e-dois-filhos-morrem-apos-carro-capotar-no-interior-do-rn\/#primaryimage\"},\"thumbnailUrl\":\"https:\/\/deputadotaveirajr.com.br\/wp-content\/uploads\/2025\/01\/mae-e-filhos-4BjHUG.jpeg\",\"datePublished\":\"2025-01-09T11:51:33+00:00\",\"breadcrumb\":{\"@id\":\"https:\/\/deputadotaveirajr.com.br\/index.php\/mae-e-dois-filhos-morrem-apos-carro-capotar-no-interior-do-rn\/#breadcrumb\"},\"inLanguage\":\"pt-BR\",\"potentialAction\":[{\"@type\":\"ReadAction\",\"target\":[\"https:\/\/deputadotaveirajr.com.br\/index.php\/mae-e-dois-filhos-morrem-apos-carro-capotar-no-interior-do-rn\/\"]}]},{\"@type\":\"ImageObject\",\"inLanguage\":\"pt-BR\",\"@id\":\"https:\/\/deputadotaveirajr.com.br\/index.php\/mae-e-dois-filhos-morrem-apos-carro-capotar-no-interior-do-rn\/#primaryimage\",\"url\":\"https:\/\/deputadotaveirajr.com.br\/wp-content\/uploads\/2025\/01\/mae-e-filhos-4BjHUG.jpeg\",\"contentUrl\":\"https:\/\/deputadotaveirajr.com.br\/wp-content\/uploads\/2025\/01\/mae-e-filhos-4BjHUG.jpeg\",\"width\":800,\"height\":569},{\"@type\":\"BreadcrumbList\",\"@id\":\"https:\/\/deputadotaveirajr.com.br\/index.php\/mae-e-dois-filhos-morrem-apos-carro-capotar-no-interior-do-rn\/#breadcrumb\",\"itemListElement\":[{\"@type\":\"ListItem\",\"position\":1,\"name\":\"In\u00edcio\",\"item\":\"https:\/\/deputadotaveirajr.com.br\/\"},{\"@type\":\"ListItem\",\"position\":2,\"name\":\"M\u00e3e e dois filhos morrem ap\u00f3s carro capotar no interior do RN\"}]},{\"@type\":\"WebSite\",\"@id\":\"https:\/\/deputadotaveirajr.com.br\/#website\",\"url\":\"https:\/\/deputadotaveirajr.com.br\/\",\"name\":\"Taveira Jr\",\"description\":\"Deputado Estadual\",\"publisher\":{\"@id\":\"https:\/\/deputadotaveirajr.com.br\/#organization\"},\"potentialAction\":[{\"@type\":\"SearchAction\",\"target\":{\"@type\":\"EntryPoint\",\"urlTemplate\":\"https:\/\/deputadotaveirajr.com.br\/?s={search_term_string}\"},\"query-input\":{\"@type\":\"PropertyValueSpecification\",\"valueRequired\":true,\"valueName\":\"search_term_string\"}}],\"inLanguage\":\"pt-BR\"},{\"@type\":\"Organization\",\"@id\":\"https:\/\/deputadotaveirajr.com.br\/#organization\",\"name\":\"Taveira Jr\",\"url\":\"https:\/\/deputadotaveirajr.com.br\/\",\"logo\":{\"@type\":\"ImageObject\",\"inLanguage\":\"pt-BR\",\"@id\":\"https:\/\/deputadotaveirajr.com.br\/#\/schema\/logo\/image\/\",\"url\":\"https:\/\/deputadotaveirajr.com.br\/wp-content\/uploads\/2026\/01\/logolow2a.png\",\"contentUrl\":\"https:\/\/deputadotaveirajr.com.br\/wp-content\/uploads\/2026\/01\/logolow2a.png\",\"width\":290,\"height\":80,\"caption\":\"Taveira Jr\"},\"image\":{\"@id\":\"https:\/\/deputadotaveirajr.com.br\/#\/schema\/logo\/image\/\"}}]}<\/script>\n<!-- \/ Yoast SEO plugin. -->","yoast_head_json":{"title":"M\u00e3e e dois filhos morrem ap\u00f3s carro capotar no interior do RN - Taveira Jr","robots":{"index":"index","follow":"follow","max-snippet":"max-snippet:-1","max-image-preview":"max-image-preview:large","max-video-preview":"max-video-preview:-1"},"canonical":"https:\/\/deputadotaveirajr.com.br\/index.php\/mae-e-dois-filhos-morrem-apos-carro-capotar-no-interior-do-rn\/","og_locale":"pt_BR","og_type":"article","og_title":"M\u00e3e e dois filhos morrem ap\u00f3s carro capotar no interior do RN - Taveira Jr","og_description":"Caso aconteceu na tarde de quarta-feira (8) em Timba\u00faba dos Batistas, na regi\u00e3o Serid\u00f3 potiguar. M\u00e3e e filhos morreram em acidente no interior do RN Reprodu\u00e7\u00e3o Uma mulher e duas ...","og_url":"https:\/\/deputadotaveirajr.com.br\/index.php\/mae-e-dois-filhos-morrem-apos-carro-capotar-no-interior-do-rn\/","og_site_name":"Taveira Jr","og_image":[{"url":"https:\/\/s2-g1.glbimg.com\/tYIV4XbMYF2GXztTXpZU5_KrL9w=\/i.s3.glbimg.com\/v1\/AUTH_59edd422c0c84a879bd37670ae4f538a\/internal_photos\/bs\/2025\/L\/3\/uDdtkCR6a9ScOGtw5ODw\/mae-e-filhos.png","type":"","width":"","height":""}],"twitter_card":"summary_large_image","twitter_misc":{"Est. tempo de leitura":"2 minutos"},"schema":{"@context":"https:\/\/schema.org","@graph":[{"@type":"WebPage","@id":"https:\/\/deputadotaveirajr.com.br\/index.php\/mae-e-dois-filhos-morrem-apos-carro-capotar-no-interior-do-rn\/","url":"https:\/\/deputadotaveirajr.com.br\/index.php\/mae-e-dois-filhos-morrem-apos-carro-capotar-no-interior-do-rn\/","name":"M\u00e3e e dois filhos morrem ap\u00f3s carro capotar no interior do RN - Taveira Jr","isPartOf":{"@id":"https:\/\/deputadotaveirajr.com.br\/#website"},"primaryImageOfPage":{"@id":"https:\/\/deputadotaveirajr.com.br\/index.php\/mae-e-dois-filhos-morrem-apos-carro-capotar-no-interior-do-rn\/#primaryimage"},"image":{"@id":"https:\/\/deputadotaveirajr.com.br\/index.php\/mae-e-dois-filhos-morrem-apos-carro-capotar-no-interior-do-rn\/#primaryimage"},"thumbnailUrl":"https:\/\/deputadotaveirajr.com.br\/wp-content\/uploads\/2025\/01\/mae-e-filhos-4BjHUG.jpeg","datePublished":"2025-01-09T11:51:33+00:00","breadcrumb":{"@id":"https:\/\/deputadotaveirajr.com.br\/index.php\/mae-e-dois-filhos-morrem-apos-carro-capotar-no-interior-do-rn\/#breadcrumb"},"inLanguage":"pt-BR","potentialAction":[{"@type":"ReadAction","target":["https:\/\/deputadotaveirajr.com.br\/index.php\/mae-e-dois-filhos-morrem-apos-carro-capotar-no-interior-do-rn\/"]}]},{"@type":"ImageObject","inLanguage":"pt-BR","@id":"https:\/\/deputadotaveirajr.com.br\/index.php\/mae-e-dois-filhos-morrem-apos-carro-capotar-no-interior-do-rn\/#primaryimage","url":"https:\/\/deputadotaveirajr.com.br\/wp-content\/uploads\/2025\/01\/mae-e-filhos-4BjHUG.jpeg","contentUrl":"https:\/\/deputadotaveirajr.com.br\/wp-content\/uploads\/2025\/01\/mae-e-filhos-4BjHUG.jpeg","width":800,"height":569},{"@type":"BreadcrumbList","@id":"https:\/\/deputadotaveirajr.com.br\/index.php\/mae-e-dois-filhos-morrem-apos-carro-capotar-no-interior-do-rn\/#breadcrumb","itemListElement":[{"@type":"ListItem","position":1,"name":"In\u00edcio","item":"https:\/\/deputadotaveirajr.com.br\/"},{"@type":"ListItem","position":2,"name":"M\u00e3e e dois filhos morrem ap\u00f3s carro capotar no interior do RN"}]},{"@type":"WebSite","@id":"https:\/\/deputadotaveirajr.com.br\/#website","url":"https:\/\/deputadotaveirajr.com.br\/","name":"Taveira Jr","description":"Deputado Estadual","publisher":{"@id":"https:\/\/deputadotaveirajr.com.br\/#organization"},"potentialAction":[{"@type":"SearchAction","target":{"@type":"EntryPoint","urlTemplate":"https:\/\/deputadotaveirajr.com.br\/?s={search_term_string}"},"query-input":{"@type":"PropertyValueSpecification","valueRequired":true,"valueName":"search_term_string"}}],"inLanguage":"pt-BR"},{"@type":"Organization","@id":"https:\/\/deputadotaveirajr.com.br\/#organization","name":"Taveira Jr","url":"https:\/\/deputadotaveirajr.com.br\/","logo":{"@type":"ImageObject","inLanguage":"pt-BR","@id":"https:\/\/deputadotaveirajr.com.br\/#\/schema\/logo\/image\/","url":"https:\/\/deputadotaveirajr.com.br\/wp-content\/uploads\/2026\/01\/logolow2a.png","contentUrl":"https:\/\/deputadotaveirajr.com.br\/wp-content\/uploads\/2026\/01\/logolow2a.png","width":290,"height":80,"caption":"Taveira Jr"},"image":{"@id":"https:\/\/deputadotaveirajr.com.br\/#\/schema\/logo\/image\/"}}]}},"_links":{"self":[{"href":"https:\/\/deputadotaveirajr.com.br\/index.php\/wp-json\/wp\/v2\/pages\/11956","targetHints":{"allow":["GET"]}}],"collection":[{"href":"https:\/\/deputadotaveirajr.com.br\/index.php\/wp-json\/wp\/v2\/pages"}],"about":[{"href":"https:\/\/deputadotaveirajr.com.br\/index.php\/wp-json\/wp\/v2\/types\/page"}],"replies":[{"embeddable":true,"href":"https:\/\/deputadotaveirajr.com.br\/index.php\/wp-json\/wp\/v2\/comments?post=11956"}],"version-history":[{"count":0,"href":"https:\/\/deputadotaveirajr.com.br\/index.php\/wp-json\/wp\/v2\/pages\/11956\/revisions"}],"wp:featuredmedia":[{"embeddable":true,"href":"https:\/\/deputadotaveirajr.com.br\/index.php\/wp-json\/wp\/v2\/media\/11957"}],"wp:attachment":[{"href":"https:\/\/deputadotaveirajr.com.br\/index.php\/wp-json\/wp\/v2\/media?parent=11956"}],"curies":[{"name":"wp","href":"https:\/\/api.w.org\/{rel}","templated":true}]}}