{"id":11958,"date":"2025-01-09T10:22:22","date_gmt":"2025-01-09T13:22:22","guid":{"rendered":"https:\/\/deputadotaveirajr.com.br\/index.php\/prefeito-de-mossoro-faz-mudancas-em-secretarias-no-inicio-do-segundo-mandato\/"},"modified":"2025-01-09T10:22:22","modified_gmt":"2025-01-09T13:22:22","slug":"prefeito-de-mossoro-faz-mudancas-em-secretarias-no-inicio-do-segundo-mandato","status":"publish","type":"page","link":"https:\/\/deputadotaveirajr.com.br\/index.php\/prefeito-de-mossoro-faz-mudancas-em-secretarias-no-inicio-do-segundo-mandato\/","title":{"rendered":"Prefeito de Mossor\u00f3 faz mudan\u00e7as em secretarias no in\u00edcio do segundo mandato"},"content":{"rendered":"<p><img decoding=\"async\" src=\"https:\/\/s2-g1.glbimg.com\/ptlLnSbM31XjvMn5Hgb90E_kbLA=\/i.s3.glbimg.com\/v1\/AUTH_59edd422c0c84a879bd37670ae4f538a\/internal_photos\/bs\/2022\/m\/t\/nlf6l6TBO4mXlvQjqNaQ\/palacio-prefeitura-mossoro.jpeg\" \/><br \/>     Allyson Bezerra (Uni\u00e3o Brasil) tomou posse do segundo mandato \u00e0 frente do segundo maior munic\u00edpio do RN no dia 1\u00ba de janeiro.  Pal\u00e1cio da Resist\u00eancia, sede, pr\u00e9dio prefeitura de Mossor\u00f3<br \/>\nDivulga\u00e7\u00e3o\/Prefeitura de Mossor\u00f3<br \/>\nEmpossado no segundo mandato de prefeito no dia 1\u00ba de janeiro, Allyson Bezerra (Uni\u00e3o Brasil) anunciou nesta quinta-feira (8) mudan\u00e7as no primeiro escal\u00e3o da administra\u00e7\u00e3o de Mossor\u00f3.<br \/>\n\ud83d\udcf3Participe do canal do g1 RN no WhatsApp<br \/>\nPor meio das redes sociais, o gestor agradeceu aos auxiliares que o acompanham desde o primeiro mandato e publicou um breve curr\u00edculo dos novos integrantes das pastas.<br \/>\nAllyson anunciou a cria\u00e7\u00e3o da nova Secretaria de Planejamento, Or\u00e7amento e Finan\u00e7as &#8211; unificando \u00e1reas que eram separadas no munic\u00edpio. A pasta ser\u00e1 comandada por Tatiana de Paula.<br \/>\nJ\u00e1 a Secretaria de Comunica\u00e7\u00e3o ser\u00e1 liderada por Wilson Fernandes. Val\u00e9ria Lima, que era at\u00e9 ent\u00e3o era a respons\u00e1vel pela comunica\u00e7\u00e3o da prefeitura, vai assumir a Assessoria Institucional do munic\u00edpio.<br \/>\nMorgana Dantas, que era a secret\u00e1ria de Sa\u00fade de Mossor\u00f3, ser\u00e1 substitu\u00edda por Almir Mariano, professor da Ufersa. O prefeito disse que a ex-secret\u00e1ria continuar\u00e1 auxiliando a gest\u00e3o em outras \u00e1reas, mas n\u00e3o informou quais.<br \/>\nJ\u00e1 Luana Lorena continua na Secretaria de Administra\u00e7\u00e3o, conforme o an\u00fancio do prefeito.<br \/>\nReeleito em outubro, Allyson Bezerra j\u00e1 havia confirmado em entrevista \u00e0 Inter TV Cabugi que iria montar um &#8220;novo secretariado&#8221; a partir de 2025.<br \/>\n&#8220;Vamos ter sim a forma\u00e7\u00e3o de um novo secretariado. Eu escutei muito a popula\u00e7\u00e3o, ent\u00e3o a gente sabe onde a gente precisa melhorar, onde precisa avan\u00e7ar, onde precisa fortalecer. \u00c9 importante pontuar que n\u00f3s vamos ter um misto, uma base que j\u00e1 est\u00e1, porque \u00e9 uma base vitoriosa, nossos secret\u00e1rios, nossa equipe de gest\u00e3o diretamente, \u00e9 uma equipe muito vitoriosa&#8221;, disse o prefeito na ocasi\u00e3o.<br \/>\n&#8220;Entendendo tamb\u00e9m que alguns da nossa equipe t\u00eam outras metas, v\u00e3o ter outros objetivos e v\u00e3o ter outros afazeres a partir de janeiro tamb\u00e9m&#8221;, afirmou na \u00e9poca.<br \/>\nVeja entrevista em que prefeito disse que teria novo secretariado<br \/>\nBom dia RN entrevista Allyson Bezerra, prefeito reeleito de Mossor\u00f3<br \/>\nVeja os v\u00eddeos mais assistidos no g1 RN<\/p>","protected":false},"excerpt":{"rendered":"<p>Allyson Bezerra (Uni\u00e3o Brasil) tomou posse do segundo mandato \u00e0 frente do segundo maior munic\u00edpio do RN no dia 1\u00ba de janeiro. Pal\u00e1cio da Resist\u00eancia, sede, pr\u00e9dio prefeitura de Mossor\u00f3 &#8230;<\/p>\n","protected":false},"author":0,"featured_media":11959,"parent":0,"menu_order":0,"comment_status":"closed","ping_status":"closed","template":"","meta":{"footnotes":""},"class_list":["post-11958","page","type-page","status-publish","has-post-thumbnail","hentry"],"yoast_head":"<!-- This site is optimized with the Yoast SEO plugin v27.1.1 - https:\/\/yoast.com\/product\/yoast-seo-wordpress\/ -->\n<title>Prefeito de Mossor\u00f3 faz mudan\u00e7as em secretarias no in\u00edcio do segundo mandato - Taveira Jr<\/title>\n<meta name=\"robots\" content=\"index, follow, max-snippet:-1, max-image-preview:large, max-video-preview:-1\" \/>\n<link rel=\"canonical\" href=\"https:\/\/deputadotaveirajr.com.br\/index.php\/prefeito-de-mossoro-faz-mudancas-em-secretarias-no-inicio-do-segundo-mandato\/\" \/>\n<meta property=\"og:locale\" content=\"pt_BR\" \/>\n<meta property=\"og:type\" content=\"article\" \/>\n<meta property=\"og:title\" content=\"Prefeito de Mossor\u00f3 faz mudan\u00e7as em secretarias no in\u00edcio do segundo mandato - Taveira Jr\" \/>\n<meta property=\"og:description\" content=\"Allyson Bezerra (Uni\u00e3o Brasil) tomou posse do segundo mandato \u00e0 frente do segundo maior munic\u00edpio do RN no dia 1\u00ba de janeiro. Pal\u00e1cio da Resist\u00eancia, sede, pr\u00e9dio prefeitura de Mossor\u00f3 ...\" \/>\n<meta property=\"og:url\" content=\"https:\/\/deputadotaveirajr.com.br\/index.php\/prefeito-de-mossoro-faz-mudancas-em-secretarias-no-inicio-do-segundo-mandato\/\" \/>\n<meta property=\"og:site_name\" content=\"Taveira Jr\" \/>\n<meta property=\"og:image\" content=\"https:\/\/s2-g1.glbimg.com\/ptlLnSbM31XjvMn5Hgb90E_kbLA=\/i.s3.glbimg.com\/v1\/AUTH_59edd422c0c84a879bd37670ae4f538a\/internal_photos\/bs\/2022\/m\/t\/nlf6l6TBO4mXlvQjqNaQ\/palacio-prefeitura-mossoro.jpeg\" \/>\n<meta name=\"twitter:card\" content=\"summary_large_image\" \/>\n<meta name=\"twitter:label1\" content=\"Est. tempo de leitura\" \/>\n\t<meta name=\"twitter:data1\" content=\"2 minutos\" \/>\n<script type=\"application\/ld+json\" class=\"yoast-schema-graph\">{\"@context\":\"https:\/\/schema.org\",\"@graph\":[{\"@type\":\"WebPage\",\"@id\":\"https:\/\/deputadotaveirajr.com.br\/index.php\/prefeito-de-mossoro-faz-mudancas-em-secretarias-no-inicio-do-segundo-mandato\/\",\"url\":\"https:\/\/deputadotaveirajr.com.br\/index.php\/prefeito-de-mossoro-faz-mudancas-em-secretarias-no-inicio-do-segundo-mandato\/\",\"name\":\"Prefeito de Mossor\u00f3 faz mudan\u00e7as em secretarias no in\u00edcio do segundo mandato - Taveira Jr\",\"isPartOf\":{\"@id\":\"https:\/\/deputadotaveirajr.com.br\/#website\"},\"primaryImageOfPage\":{\"@id\":\"https:\/\/deputadotaveirajr.com.br\/index.php\/prefeito-de-mossoro-faz-mudancas-em-secretarias-no-inicio-do-segundo-mandato\/#primaryimage\"},\"image\":{\"@id\":\"https:\/\/deputadotaveirajr.com.br\/index.php\/prefeito-de-mossoro-faz-mudancas-em-secretarias-no-inicio-do-segundo-mandato\/#primaryimage\"},\"thumbnailUrl\":\"https:\/\/deputadotaveirajr.com.br\/wp-content\/uploads\/2025\/01\/palacio-prefeitura-mossoro-tu9qBD.jpeg\",\"datePublished\":\"2025-01-09T13:22:22+00:00\",\"breadcrumb\":{\"@id\":\"https:\/\/deputadotaveirajr.com.br\/index.php\/prefeito-de-mossoro-faz-mudancas-em-secretarias-no-inicio-do-segundo-mandato\/#breadcrumb\"},\"inLanguage\":\"pt-BR\",\"potentialAction\":[{\"@type\":\"ReadAction\",\"target\":[\"https:\/\/deputadotaveirajr.com.br\/index.php\/prefeito-de-mossoro-faz-mudancas-em-secretarias-no-inicio-do-segundo-mandato\/\"]}]},{\"@type\":\"ImageObject\",\"inLanguage\":\"pt-BR\",\"@id\":\"https:\/\/deputadotaveirajr.com.br\/index.php\/prefeito-de-mossoro-faz-mudancas-em-secretarias-no-inicio-do-segundo-mandato\/#primaryimage\",\"url\":\"https:\/\/deputadotaveirajr.com.br\/wp-content\/uploads\/2025\/01\/palacio-prefeitura-mossoro-tu9qBD.jpeg\",\"contentUrl\":\"https:\/\/deputadotaveirajr.com.br\/wp-content\/uploads\/2025\/01\/palacio-prefeitura-mossoro-tu9qBD.jpeg\",\"width\":2048,\"height\":1463},{\"@type\":\"BreadcrumbList\",\"@id\":\"https:\/\/deputadotaveirajr.com.br\/index.php\/prefeito-de-mossoro-faz-mudancas-em-secretarias-no-inicio-do-segundo-mandato\/#breadcrumb\",\"itemListElement\":[{\"@type\":\"ListItem\",\"position\":1,\"name\":\"In\u00edcio\",\"item\":\"https:\/\/deputadotaveirajr.com.br\/\"},{\"@type\":\"ListItem\",\"position\":2,\"name\":\"Prefeito de Mossor\u00f3 faz mudan\u00e7as em secretarias no in\u00edcio do segundo mandato\"}]},{\"@type\":\"WebSite\",\"@id\":\"https:\/\/deputadotaveirajr.com.br\/#website\",\"url\":\"https:\/\/deputadotaveirajr.com.br\/\",\"name\":\"Taveira Jr\",\"description\":\"Deputado Estadual\",\"publisher\":{\"@id\":\"https:\/\/deputadotaveirajr.com.br\/#organization\"},\"potentialAction\":[{\"@type\":\"SearchAction\",\"target\":{\"@type\":\"EntryPoint\",\"urlTemplate\":\"https:\/\/deputadotaveirajr.com.br\/?s={search_term_string}\"},\"query-input\":{\"@type\":\"PropertyValueSpecification\",\"valueRequired\":true,\"valueName\":\"search_term_string\"}}],\"inLanguage\":\"pt-BR\"},{\"@type\":\"Organization\",\"@id\":\"https:\/\/deputadotaveirajr.com.br\/#organization\",\"name\":\"Taveira Jr\",\"url\":\"https:\/\/deputadotaveirajr.com.br\/\",\"logo\":{\"@type\":\"ImageObject\",\"inLanguage\":\"pt-BR\",\"@id\":\"https:\/\/deputadotaveirajr.com.br\/#\/schema\/logo\/image\/\",\"url\":\"https:\/\/deputadotaveirajr.com.br\/wp-content\/uploads\/2026\/01\/logolow2a.png\",\"contentUrl\":\"https:\/\/deputadotaveirajr.com.br\/wp-content\/uploads\/2026\/01\/logolow2a.png\",\"width\":290,\"height\":80,\"caption\":\"Taveira Jr\"},\"image\":{\"@id\":\"https:\/\/deputadotaveirajr.com.br\/#\/schema\/logo\/image\/\"}}]}<\/script>\n<!-- \/ Yoast SEO plugin. -->","yoast_head_json":{"title":"Prefeito de Mossor\u00f3 faz mudan\u00e7as em secretarias no in\u00edcio do segundo mandato - Taveira Jr","robots":{"index":"index","follow":"follow","max-snippet":"max-snippet:-1","max-image-preview":"max-image-preview:large","max-video-preview":"max-video-preview:-1"},"canonical":"https:\/\/deputadotaveirajr.com.br\/index.php\/prefeito-de-mossoro-faz-mudancas-em-secretarias-no-inicio-do-segundo-mandato\/","og_locale":"pt_BR","og_type":"article","og_title":"Prefeito de Mossor\u00f3 faz mudan\u00e7as em secretarias no in\u00edcio do segundo mandato - Taveira Jr","og_description":"Allyson Bezerra (Uni\u00e3o Brasil) tomou posse do segundo mandato \u00e0 frente do segundo maior munic\u00edpio do RN no dia 1\u00ba de janeiro. Pal\u00e1cio da Resist\u00eancia, sede, pr\u00e9dio prefeitura de Mossor\u00f3 ...","og_url":"https:\/\/deputadotaveirajr.com.br\/index.php\/prefeito-de-mossoro-faz-mudancas-em-secretarias-no-inicio-do-segundo-mandato\/","og_site_name":"Taveira Jr","og_image":[{"url":"https:\/\/s2-g1.glbimg.com\/ptlLnSbM31XjvMn5Hgb90E_kbLA=\/i.s3.glbimg.com\/v1\/AUTH_59edd422c0c84a879bd37670ae4f538a\/internal_photos\/bs\/2022\/m\/t\/nlf6l6TBO4mXlvQjqNaQ\/palacio-prefeitura-mossoro.jpeg","type":"","width":"","height":""}],"twitter_card":"summary_large_image","twitter_misc":{"Est. tempo de leitura":"2 minutos"},"schema":{"@context":"https:\/\/schema.org","@graph":[{"@type":"WebPage","@id":"https:\/\/deputadotaveirajr.com.br\/index.php\/prefeito-de-mossoro-faz-mudancas-em-secretarias-no-inicio-do-segundo-mandato\/","url":"https:\/\/deputadotaveirajr.com.br\/index.php\/prefeito-de-mossoro-faz-mudancas-em-secretarias-no-inicio-do-segundo-mandato\/","name":"Prefeito de Mossor\u00f3 faz mudan\u00e7as em secretarias no in\u00edcio do segundo mandato - Taveira Jr","isPartOf":{"@id":"https:\/\/deputadotaveirajr.com.br\/#website"},"primaryImageOfPage":{"@id":"https:\/\/deputadotaveirajr.com.br\/index.php\/prefeito-de-mossoro-faz-mudancas-em-secretarias-no-inicio-do-segundo-mandato\/#primaryimage"},"image":{"@id":"https:\/\/deputadotaveirajr.com.br\/index.php\/prefeito-de-mossoro-faz-mudancas-em-secretarias-no-inicio-do-segundo-mandato\/#primaryimage"},"thumbnailUrl":"https:\/\/deputadotaveirajr.com.br\/wp-content\/uploads\/2025\/01\/palacio-prefeitura-mossoro-tu9qBD.jpeg","datePublished":"2025-01-09T13:22:22+00:00","breadcrumb":{"@id":"https:\/\/deputadotaveirajr.com.br\/index.php\/prefeito-de-mossoro-faz-mudancas-em-secretarias-no-inicio-do-segundo-mandato\/#breadcrumb"},"inLanguage":"pt-BR","potentialAction":[{"@type":"ReadAction","target":["https:\/\/deputadotaveirajr.com.br\/index.php\/prefeito-de-mossoro-faz-mudancas-em-secretarias-no-inicio-do-segundo-mandato\/"]}]},{"@type":"ImageObject","inLanguage":"pt-BR","@id":"https:\/\/deputadotaveirajr.com.br\/index.php\/prefeito-de-mossoro-faz-mudancas-em-secretarias-no-inicio-do-segundo-mandato\/#primaryimage","url":"https:\/\/deputadotaveirajr.com.br\/wp-content\/uploads\/2025\/01\/palacio-prefeitura-mossoro-tu9qBD.jpeg","contentUrl":"https:\/\/deputadotaveirajr.com.br\/wp-content\/uploads\/2025\/01\/palacio-prefeitura-mossoro-tu9qBD.jpeg","width":2048,"height":1463},{"@type":"BreadcrumbList","@id":"https:\/\/deputadotaveirajr.com.br\/index.php\/prefeito-de-mossoro-faz-mudancas-em-secretarias-no-inicio-do-segundo-mandato\/#breadcrumb","itemListElement":[{"@type":"ListItem","position":1,"name":"In\u00edcio","item":"https:\/\/deputadotaveirajr.com.br\/"},{"@type":"ListItem","position":2,"name":"Prefeito de Mossor\u00f3 faz mudan\u00e7as em secretarias no in\u00edcio do segundo mandato"}]},{"@type":"WebSite","@id":"https:\/\/deputadotaveirajr.com.br\/#website","url":"https:\/\/deputadotaveirajr.com.br\/","name":"Taveira Jr","description":"Deputado Estadual","publisher":{"@id":"https:\/\/deputadotaveirajr.com.br\/#organization"},"potentialAction":[{"@type":"SearchAction","target":{"@type":"EntryPoint","urlTemplate":"https:\/\/deputadotaveirajr.com.br\/?s={search_term_string}"},"query-input":{"@type":"PropertyValueSpecification","valueRequired":true,"valueName":"search_term_string"}}],"inLanguage":"pt-BR"},{"@type":"Organization","@id":"https:\/\/deputadotaveirajr.com.br\/#organization","name":"Taveira Jr","url":"https:\/\/deputadotaveirajr.com.br\/","logo":{"@type":"ImageObject","inLanguage":"pt-BR","@id":"https:\/\/deputadotaveirajr.com.br\/#\/schema\/logo\/image\/","url":"https:\/\/deputadotaveirajr.com.br\/wp-content\/uploads\/2026\/01\/logolow2a.png","contentUrl":"https:\/\/deputadotaveirajr.com.br\/wp-content\/uploads\/2026\/01\/logolow2a.png","width":290,"height":80,"caption":"Taveira Jr"},"image":{"@id":"https:\/\/deputadotaveirajr.com.br\/#\/schema\/logo\/image\/"}}]}},"_links":{"self":[{"href":"https:\/\/deputadotaveirajr.com.br\/index.php\/wp-json\/wp\/v2\/pages\/11958","targetHints":{"allow":["GET"]}}],"collection":[{"href":"https:\/\/deputadotaveirajr.com.br\/index.php\/wp-json\/wp\/v2\/pages"}],"about":[{"href":"https:\/\/deputadotaveirajr.com.br\/index.php\/wp-json\/wp\/v2\/types\/page"}],"replies":[{"embeddable":true,"href":"https:\/\/deputadotaveirajr.com.br\/index.php\/wp-json\/wp\/v2\/comments?post=11958"}],"version-history":[{"count":0,"href":"https:\/\/deputadotaveirajr.com.br\/index.php\/wp-json\/wp\/v2\/pages\/11958\/revisions"}],"wp:featuredmedia":[{"embeddable":true,"href":"https:\/\/deputadotaveirajr.com.br\/index.php\/wp-json\/wp\/v2\/media\/11959"}],"wp:attachment":[{"href":"https:\/\/deputadotaveirajr.com.br\/index.php\/wp-json\/wp\/v2\/media?parent=11958"}],"curies":[{"name":"wp","href":"https:\/\/api.w.org\/{rel}","templated":true}]}}