{"id":11960,"date":"2025-01-09T11:16:31","date_gmt":"2025-01-09T14:16:31","guid":{"rendered":"https:\/\/deputadotaveirajr.com.br\/index.php\/prefeitura-de-parnamirim-oferece-desconto-de-20-para-quem-pagar-iptu-ate-31-de-janeiro\/"},"modified":"2025-01-09T11:16:31","modified_gmt":"2025-01-09T14:16:31","slug":"prefeitura-de-parnamirim-oferece-desconto-de-20-para-quem-pagar-iptu-ate-31-de-janeiro","status":"publish","type":"page","link":"https:\/\/deputadotaveirajr.com.br\/index.php\/prefeitura-de-parnamirim-oferece-desconto-de-20-para-quem-pagar-iptu-ate-31-de-janeiro\/","title":{"rendered":"Prefeitura de Parnamirim\u202c\u202d oferece\u202c\u202d desconto\u202c\u202d de\u202c\u202d 20%\u202c\u202d para quem pagar IPTU at\u00e9 31 de janeiro"},"content":{"rendered":"<p><img decoding=\"async\" src=\"https:\/\/s2-g1.glbimg.com\/B8zp_kj3pNn04RfqJtCy2SeLGSc=\/i.s3.glbimg.com\/v1\/AUTH_59edd422c0c84a879bd37670ae4f538a\/internal_photos\/bs\/2024\/5\/d\/ZfeKVqS0SY9evZAupVMA\/parnamirim.jpg\" \/><br \/>     Moradores da terceira maior cidade do RN tamb\u00e9m podem\u202c quitar\u202c\u202d o\u202c\u202d tributo\u202c\u202d com\u202c\u202d redu\u00e7\u00e3o\u202c\u202d de\u202c\u202d 10%\u202c\u202d at\u00e9\u202c\u202d 14\u202c\u202d de\u202c\u202d fevereiro.\u202c\u202d  Sede da Prefeitura Municipal de Parnamirim<br \/>\nDivulga\u00e7\u00e3o\/Prefeitura de Parnamirim<br \/>\nA\u202c\u202d Prefeitura\u202c\u202d de\u202c\u202d Parnamirim\u202c\u202d, na regi\u00e3o metropolitana de Natal, anunciou que est\u00e1\u202c\u202d oferecendo\u202c\u202d descontos\u202c\u202d de\u202c\u202d 20%\u202c\u202d para quem pagar o Imposto\u202c\u202d Predial\u202c\u202d e\u202c\u202d Territorial\u202c\u202d Urbano\u202c\u202d (IPTU\u202c\u202d 2025) at\u00e9 o dia 31 de janeiro.<br \/>\n\u202c\u202dSegundo a prefeitura, a\u202c\u202d prefeita\u202c Nilda\u202c\u202d Cruz\u202c\u202d (Solidariedade) sancionou\u202c\u202d uma\u202c\u202d lei\u202c\u202d que\u202c\u202d garante\u202c\u202d o\u202c\u202d desconto\u202c\u202d para\u202c\u202d pagamentos\u202c\u202d realizados\u202c\u202d de\u202c forma\u202c\u202d digital\u202c\u202d no\u202c\u202d Portal\u202c\u202d do\u202c\u202d Contribuinte ou\u202c\u202d pelo\u202c\u202d Whatsapp\u202c\u202d 3644-8313\u202c\u202d, sem a necessidade de deslocamento \u00e0s reparti\u00e7\u00f5es p\u00fablicas.\u202c<br \/>\n\ud83d\udcf3Participe do canal do g1 RN no WhatsApp<br \/>\nO\u202c\u202d cidad\u00e3o\u202c\u202d que\u202c\u202d n\u00e3o\u202c\u202d possui\u202c\u202d d\u00e9bitos\u202c\u202d em\u202c\u202d aberto\u202c\u202d tem\u202c\u202d acesso\u202c\u202d ao\u202c\u202d desconto\u202c normalmente,\u202c\u202d com\u202c\u202d possibilidade\u202c\u202d de\u202c\u202d pagamento\u202c\u202d at\u00e9\u202c\u202d o\u202c\u202d dia\u202c\u202d 31\u202c\u202d de\u202c\u202d janeiro.\u202c\u202d<br \/>\nA prefeitura ainda instituiu\u202c\u202d um\u202c\u202d Programa\u202c\u202d de\u202c\u202d Recupera\u00e7\u00e3o\u202c\u202d Fiscal\u202c\u202d (Refis) para\u202c\u202d regulariza\u00e7\u00e3o\u202c\u202d de\u202c d\u00e9bitos\u202c\u202d vencidos.\u202c\u202d Basta\u202c\u202d que\u202c\u202d o\u202c\u202d contribuinte\u202c\u202d entre\u202c\u202d em\u202c\u202d contato\u202c\u202d com\u202c\u202d a\u202c\u202d Secretaria\u202c\u202d de\u202c Tributa\u00e7\u00e3o\u202c\u202d de\u202c\u202d Parnamirim\u202c\u202d (Semut)\u202c\u202d ou\u202c\u202d se\u202c\u202d dirija\u202c\u202d \u00e0\u202c\u202d sede.<br \/>\nQuem\u202c\u202d n\u00e3o\u202c\u202d conseguir\u202c\u202d aproveitar\u202c\u202d o\u202c\u202d desconto\u202c\u202d de\u202c\u202d 20%\u202c\u202d at\u00e9\u202c\u202d o\u202c\u202d final\u202c\u202d de\u202c\u202d janeiro,\u202c\u202d pode\u202c quitar\u202c\u202d o\u202c\u202d tributo\u202c\u202d com\u202c\u202d redu\u00e7\u00e3o\u202c\u202d de\u202c\u202d 10%\u202c\u202d at\u00e9\u202c\u202d 14\u202c\u202d de\u202c\u202d fevereiro.\u202c\u202d<br \/>\nJ\u00e1\u202c\u202d o\u202c\u202d contribuinte\u202c\u202d que\u202c\u202d deseje\u202c\u202d regularizar\u202c\u202d sua\u202c\u202d situa\u00e7\u00e3o\u202c\u202d por\u202c\u202d meio\u202c\u202d do\u202c\u202d Refis,\u202c\u202d pode\u202c\u202d parcelar\u202c\u202d seus\u202c\u202d d\u00e9bitos\u202c\u202d em\u202c at\u00e9\u202c\u202d 12\u202c\u202d vezes\u202c\u202d (sem\u202c\u202d juros)\u202c\u202d ou\u202c\u202d em\u202c\u202d at\u00e9\u202c\u202d 60\u202c\u202d presta\u00e7\u00f5es\u202c\u202d mensais\u202c\u202d com\u202c\u202d descontos\u202c \u202d progressivos.<br \/>\nServi\u00e7o<br \/>\nSecretaria de Tributa\u00e7\u00e3o<br \/>\nRua\u202c\u202d C\u00edcero\u202c\u202d Fernandes\u202c\u202d Pimenta,\u202c\u202d 312, Santos Reis.<br \/>\nHor\u00e1rio: das 8h \u00e0s 14h<br \/>\nContato: 3644-8313<br \/>\nVeja os v\u00eddeos mais assistidos no g1 RN<\/p>","protected":false},"excerpt":{"rendered":"<p>Moradores da terceira maior cidade do RN tamb\u00e9m podem\u202c quitar\u202c\u202d o\u202c\u202d tributo\u202c\u202d com\u202c\u202d redu\u00e7\u00e3o\u202c\u202d de\u202c\u202d 10%\u202c\u202d at\u00e9\u202c\u202d 14\u202c\u202d de\u202c\u202d fevereiro.\u202c\u202d Sede da Prefeitura Municipal de Parnamirim Divulga\u00e7\u00e3o\/Prefeitura de Parnamirim A\u202c\u202d &#8230;<\/p>\n","protected":false},"author":0,"featured_media":11961,"parent":0,"menu_order":0,"comment_status":"closed","ping_status":"closed","template":"","meta":{"footnotes":""},"class_list":["post-11960","page","type-page","status-publish","has-post-thumbnail","hentry"],"yoast_head":"<!-- This site is optimized with the Yoast SEO plugin v27.1.1 - https:\/\/yoast.com\/product\/yoast-seo-wordpress\/ -->\n<title>Prefeitura de Parnamirim\u202c\u202d oferece\u202c\u202d desconto\u202c\u202d de\u202c\u202d 20%\u202c\u202d para quem pagar IPTU at\u00e9 31 de janeiro - Taveira Jr<\/title>\n<meta name=\"robots\" content=\"index, follow, max-snippet:-1, max-image-preview:large, max-video-preview:-1\" \/>\n<link rel=\"canonical\" href=\"https:\/\/deputadotaveirajr.com.br\/index.php\/prefeitura-de-parnamirim-oferece-desconto-de-20-para-quem-pagar-iptu-ate-31-de-janeiro\/\" \/>\n<meta property=\"og:locale\" content=\"pt_BR\" \/>\n<meta property=\"og:type\" content=\"article\" \/>\n<meta property=\"og:title\" content=\"Prefeitura de Parnamirim\u202c\u202d oferece\u202c\u202d desconto\u202c\u202d de\u202c\u202d 20%\u202c\u202d para quem pagar IPTU at\u00e9 31 de janeiro - Taveira Jr\" \/>\n<meta property=\"og:description\" content=\"Moradores da terceira maior cidade do RN tamb\u00e9m podem\u202c quitar\u202c\u202d o\u202c\u202d tributo\u202c\u202d com\u202c\u202d redu\u00e7\u00e3o\u202c\u202d de\u202c\u202d 10%\u202c\u202d at\u00e9\u202c\u202d 14\u202c\u202d de\u202c\u202d fevereiro.\u202c\u202d Sede da Prefeitura Municipal de Parnamirim Divulga\u00e7\u00e3o\/Prefeitura de Parnamirim A\u202c\u202d ...\" \/>\n<meta property=\"og:url\" content=\"https:\/\/deputadotaveirajr.com.br\/index.php\/prefeitura-de-parnamirim-oferece-desconto-de-20-para-quem-pagar-iptu-ate-31-de-janeiro\/\" \/>\n<meta property=\"og:site_name\" content=\"Taveira Jr\" \/>\n<meta property=\"og:image\" content=\"https:\/\/s2-g1.glbimg.com\/B8zp_kj3pNn04RfqJtCy2SeLGSc=\/i.s3.glbimg.com\/v1\/AUTH_59edd422c0c84a879bd37670ae4f538a\/internal_photos\/bs\/2024\/5\/d\/ZfeKVqS0SY9evZAupVMA\/parnamirim.jpg\" \/>\n<meta name=\"twitter:card\" content=\"summary_large_image\" \/>\n<meta name=\"twitter:label1\" content=\"Est. tempo de leitura\" \/>\n\t<meta name=\"twitter:data1\" content=\"1 minuto\" \/>\n<script type=\"application\/ld+json\" class=\"yoast-schema-graph\">{\"@context\":\"https:\/\/schema.org\",\"@graph\":[{\"@type\":\"WebPage\",\"@id\":\"https:\/\/deputadotaveirajr.com.br\/index.php\/prefeitura-de-parnamirim-oferece-desconto-de-20-para-quem-pagar-iptu-ate-31-de-janeiro\/\",\"url\":\"https:\/\/deputadotaveirajr.com.br\/index.php\/prefeitura-de-parnamirim-oferece-desconto-de-20-para-quem-pagar-iptu-ate-31-de-janeiro\/\",\"name\":\"Prefeitura de Parnamirim\u202c\u202d oferece\u202c\u202d desconto\u202c\u202d de\u202c\u202d 20%\u202c\u202d para quem pagar IPTU at\u00e9 31 de janeiro - Taveira Jr\",\"isPartOf\":{\"@id\":\"https:\/\/deputadotaveirajr.com.br\/#website\"},\"primaryImageOfPage\":{\"@id\":\"https:\/\/deputadotaveirajr.com.br\/index.php\/prefeitura-de-parnamirim-oferece-desconto-de-20-para-quem-pagar-iptu-ate-31-de-janeiro\/#primaryimage\"},\"image\":{\"@id\":\"https:\/\/deputadotaveirajr.com.br\/index.php\/prefeitura-de-parnamirim-oferece-desconto-de-20-para-quem-pagar-iptu-ate-31-de-janeiro\/#primaryimage\"},\"thumbnailUrl\":\"https:\/\/deputadotaveirajr.com.br\/wp-content\/uploads\/2025\/01\/parnamirim-cHGtDO.jpeg\",\"datePublished\":\"2025-01-09T14:16:31+00:00\",\"breadcrumb\":{\"@id\":\"https:\/\/deputadotaveirajr.com.br\/index.php\/prefeitura-de-parnamirim-oferece-desconto-de-20-para-quem-pagar-iptu-ate-31-de-janeiro\/#breadcrumb\"},\"inLanguage\":\"pt-BR\",\"potentialAction\":[{\"@type\":\"ReadAction\",\"target\":[\"https:\/\/deputadotaveirajr.com.br\/index.php\/prefeitura-de-parnamirim-oferece-desconto-de-20-para-quem-pagar-iptu-ate-31-de-janeiro\/\"]}]},{\"@type\":\"ImageObject\",\"inLanguage\":\"pt-BR\",\"@id\":\"https:\/\/deputadotaveirajr.com.br\/index.php\/prefeitura-de-parnamirim-oferece-desconto-de-20-para-quem-pagar-iptu-ate-31-de-janeiro\/#primaryimage\",\"url\":\"https:\/\/deputadotaveirajr.com.br\/wp-content\/uploads\/2025\/01\/parnamirim-cHGtDO.jpeg\",\"contentUrl\":\"https:\/\/deputadotaveirajr.com.br\/wp-content\/uploads\/2025\/01\/parnamirim-cHGtDO.jpeg\",\"width\":795,\"height\":522},{\"@type\":\"BreadcrumbList\",\"@id\":\"https:\/\/deputadotaveirajr.com.br\/index.php\/prefeitura-de-parnamirim-oferece-desconto-de-20-para-quem-pagar-iptu-ate-31-de-janeiro\/#breadcrumb\",\"itemListElement\":[{\"@type\":\"ListItem\",\"position\":1,\"name\":\"In\u00edcio\",\"item\":\"https:\/\/deputadotaveirajr.com.br\/\"},{\"@type\":\"ListItem\",\"position\":2,\"name\":\"Prefeitura de Parnamirim\u202c\u202d oferece\u202c\u202d desconto\u202c\u202d de\u202c\u202d 20%\u202c\u202d para quem pagar IPTU at\u00e9 31 de janeiro\"}]},{\"@type\":\"WebSite\",\"@id\":\"https:\/\/deputadotaveirajr.com.br\/#website\",\"url\":\"https:\/\/deputadotaveirajr.com.br\/\",\"name\":\"Taveira Jr\",\"description\":\"Deputado Estadual\",\"publisher\":{\"@id\":\"https:\/\/deputadotaveirajr.com.br\/#organization\"},\"potentialAction\":[{\"@type\":\"SearchAction\",\"target\":{\"@type\":\"EntryPoint\",\"urlTemplate\":\"https:\/\/deputadotaveirajr.com.br\/?s={search_term_string}\"},\"query-input\":{\"@type\":\"PropertyValueSpecification\",\"valueRequired\":true,\"valueName\":\"search_term_string\"}}],\"inLanguage\":\"pt-BR\"},{\"@type\":\"Organization\",\"@id\":\"https:\/\/deputadotaveirajr.com.br\/#organization\",\"name\":\"Taveira Jr\",\"url\":\"https:\/\/deputadotaveirajr.com.br\/\",\"logo\":{\"@type\":\"ImageObject\",\"inLanguage\":\"pt-BR\",\"@id\":\"https:\/\/deputadotaveirajr.com.br\/#\/schema\/logo\/image\/\",\"url\":\"https:\/\/deputadotaveirajr.com.br\/wp-content\/uploads\/2026\/01\/logolow2a.png\",\"contentUrl\":\"https:\/\/deputadotaveirajr.com.br\/wp-content\/uploads\/2026\/01\/logolow2a.png\",\"width\":290,\"height\":80,\"caption\":\"Taveira Jr\"},\"image\":{\"@id\":\"https:\/\/deputadotaveirajr.com.br\/#\/schema\/logo\/image\/\"}}]}<\/script>\n<!-- \/ Yoast SEO plugin. -->","yoast_head_json":{"title":"Prefeitura de Parnamirim\u202c\u202d oferece\u202c\u202d desconto\u202c\u202d de\u202c\u202d 20%\u202c\u202d para quem pagar IPTU at\u00e9 31 de janeiro - Taveira Jr","robots":{"index":"index","follow":"follow","max-snippet":"max-snippet:-1","max-image-preview":"max-image-preview:large","max-video-preview":"max-video-preview:-1"},"canonical":"https:\/\/deputadotaveirajr.com.br\/index.php\/prefeitura-de-parnamirim-oferece-desconto-de-20-para-quem-pagar-iptu-ate-31-de-janeiro\/","og_locale":"pt_BR","og_type":"article","og_title":"Prefeitura de Parnamirim\u202c\u202d oferece\u202c\u202d desconto\u202c\u202d de\u202c\u202d 20%\u202c\u202d para quem pagar IPTU at\u00e9 31 de janeiro - Taveira Jr","og_description":"Moradores da terceira maior cidade do RN tamb\u00e9m podem\u202c quitar\u202c\u202d o\u202c\u202d tributo\u202c\u202d com\u202c\u202d redu\u00e7\u00e3o\u202c\u202d de\u202c\u202d 10%\u202c\u202d at\u00e9\u202c\u202d 14\u202c\u202d de\u202c\u202d fevereiro.\u202c\u202d Sede da Prefeitura Municipal de Parnamirim Divulga\u00e7\u00e3o\/Prefeitura de Parnamirim A\u202c\u202d ...","og_url":"https:\/\/deputadotaveirajr.com.br\/index.php\/prefeitura-de-parnamirim-oferece-desconto-de-20-para-quem-pagar-iptu-ate-31-de-janeiro\/","og_site_name":"Taveira Jr","og_image":[{"url":"https:\/\/s2-g1.glbimg.com\/B8zp_kj3pNn04RfqJtCy2SeLGSc=\/i.s3.glbimg.com\/v1\/AUTH_59edd422c0c84a879bd37670ae4f538a\/internal_photos\/bs\/2024\/5\/d\/ZfeKVqS0SY9evZAupVMA\/parnamirim.jpg","type":"","width":"","height":""}],"twitter_card":"summary_large_image","twitter_misc":{"Est. tempo de leitura":"1 minuto"},"schema":{"@context":"https:\/\/schema.org","@graph":[{"@type":"WebPage","@id":"https:\/\/deputadotaveirajr.com.br\/index.php\/prefeitura-de-parnamirim-oferece-desconto-de-20-para-quem-pagar-iptu-ate-31-de-janeiro\/","url":"https:\/\/deputadotaveirajr.com.br\/index.php\/prefeitura-de-parnamirim-oferece-desconto-de-20-para-quem-pagar-iptu-ate-31-de-janeiro\/","name":"Prefeitura de Parnamirim\u202c\u202d oferece\u202c\u202d desconto\u202c\u202d de\u202c\u202d 20%\u202c\u202d para quem pagar IPTU at\u00e9 31 de janeiro - Taveira Jr","isPartOf":{"@id":"https:\/\/deputadotaveirajr.com.br\/#website"},"primaryImageOfPage":{"@id":"https:\/\/deputadotaveirajr.com.br\/index.php\/prefeitura-de-parnamirim-oferece-desconto-de-20-para-quem-pagar-iptu-ate-31-de-janeiro\/#primaryimage"},"image":{"@id":"https:\/\/deputadotaveirajr.com.br\/index.php\/prefeitura-de-parnamirim-oferece-desconto-de-20-para-quem-pagar-iptu-ate-31-de-janeiro\/#primaryimage"},"thumbnailUrl":"https:\/\/deputadotaveirajr.com.br\/wp-content\/uploads\/2025\/01\/parnamirim-cHGtDO.jpeg","datePublished":"2025-01-09T14:16:31+00:00","breadcrumb":{"@id":"https:\/\/deputadotaveirajr.com.br\/index.php\/prefeitura-de-parnamirim-oferece-desconto-de-20-para-quem-pagar-iptu-ate-31-de-janeiro\/#breadcrumb"},"inLanguage":"pt-BR","potentialAction":[{"@type":"ReadAction","target":["https:\/\/deputadotaveirajr.com.br\/index.php\/prefeitura-de-parnamirim-oferece-desconto-de-20-para-quem-pagar-iptu-ate-31-de-janeiro\/"]}]},{"@type":"ImageObject","inLanguage":"pt-BR","@id":"https:\/\/deputadotaveirajr.com.br\/index.php\/prefeitura-de-parnamirim-oferece-desconto-de-20-para-quem-pagar-iptu-ate-31-de-janeiro\/#primaryimage","url":"https:\/\/deputadotaveirajr.com.br\/wp-content\/uploads\/2025\/01\/parnamirim-cHGtDO.jpeg","contentUrl":"https:\/\/deputadotaveirajr.com.br\/wp-content\/uploads\/2025\/01\/parnamirim-cHGtDO.jpeg","width":795,"height":522},{"@type":"BreadcrumbList","@id":"https:\/\/deputadotaveirajr.com.br\/index.php\/prefeitura-de-parnamirim-oferece-desconto-de-20-para-quem-pagar-iptu-ate-31-de-janeiro\/#breadcrumb","itemListElement":[{"@type":"ListItem","position":1,"name":"In\u00edcio","item":"https:\/\/deputadotaveirajr.com.br\/"},{"@type":"ListItem","position":2,"name":"Prefeitura de Parnamirim\u202c\u202d oferece\u202c\u202d desconto\u202c\u202d de\u202c\u202d 20%\u202c\u202d para quem pagar IPTU at\u00e9 31 de janeiro"}]},{"@type":"WebSite","@id":"https:\/\/deputadotaveirajr.com.br\/#website","url":"https:\/\/deputadotaveirajr.com.br\/","name":"Taveira Jr","description":"Deputado Estadual","publisher":{"@id":"https:\/\/deputadotaveirajr.com.br\/#organization"},"potentialAction":[{"@type":"SearchAction","target":{"@type":"EntryPoint","urlTemplate":"https:\/\/deputadotaveirajr.com.br\/?s={search_term_string}"},"query-input":{"@type":"PropertyValueSpecification","valueRequired":true,"valueName":"search_term_string"}}],"inLanguage":"pt-BR"},{"@type":"Organization","@id":"https:\/\/deputadotaveirajr.com.br\/#organization","name":"Taveira Jr","url":"https:\/\/deputadotaveirajr.com.br\/","logo":{"@type":"ImageObject","inLanguage":"pt-BR","@id":"https:\/\/deputadotaveirajr.com.br\/#\/schema\/logo\/image\/","url":"https:\/\/deputadotaveirajr.com.br\/wp-content\/uploads\/2026\/01\/logolow2a.png","contentUrl":"https:\/\/deputadotaveirajr.com.br\/wp-content\/uploads\/2026\/01\/logolow2a.png","width":290,"height":80,"caption":"Taveira Jr"},"image":{"@id":"https:\/\/deputadotaveirajr.com.br\/#\/schema\/logo\/image\/"}}]}},"_links":{"self":[{"href":"https:\/\/deputadotaveirajr.com.br\/index.php\/wp-json\/wp\/v2\/pages\/11960","targetHints":{"allow":["GET"]}}],"collection":[{"href":"https:\/\/deputadotaveirajr.com.br\/index.php\/wp-json\/wp\/v2\/pages"}],"about":[{"href":"https:\/\/deputadotaveirajr.com.br\/index.php\/wp-json\/wp\/v2\/types\/page"}],"replies":[{"embeddable":true,"href":"https:\/\/deputadotaveirajr.com.br\/index.php\/wp-json\/wp\/v2\/comments?post=11960"}],"version-history":[{"count":0,"href":"https:\/\/deputadotaveirajr.com.br\/index.php\/wp-json\/wp\/v2\/pages\/11960\/revisions"}],"wp:featuredmedia":[{"embeddable":true,"href":"https:\/\/deputadotaveirajr.com.br\/index.php\/wp-json\/wp\/v2\/media\/11961"}],"wp:attachment":[{"href":"https:\/\/deputadotaveirajr.com.br\/index.php\/wp-json\/wp\/v2\/media?parent=11960"}],"curies":[{"name":"wp","href":"https:\/\/api.w.org\/{rel}","templated":true}]}}