{"id":11962,"date":"2025-01-09T11:46:20","date_gmt":"2025-01-09T14:46:20","guid":{"rendered":"https:\/\/deputadotaveirajr.com.br\/index.php\/preso-suspeito-de-furtos-e-roubos-foge-de-dentro-de-delegacia-em-natal\/"},"modified":"2025-01-09T11:46:20","modified_gmt":"2025-01-09T14:46:20","slug":"preso-suspeito-de-furtos-e-roubos-foge-de-dentro-de-delegacia-em-natal","status":"publish","type":"page","link":"https:\/\/deputadotaveirajr.com.br\/index.php\/preso-suspeito-de-furtos-e-roubos-foge-de-dentro-de-delegacia-em-natal\/","title":{"rendered":"Preso suspeito de furtos e roubos foge de dentro de delegacia em Natal"},"content":{"rendered":"<p><img decoding=\"async\" src=\"https:\/\/s2-g1.glbimg.com\/yeVkhmxmwQPiH7Bwo-Fn0MIGOs8=\/i.s3.glbimg.com\/v1\/AUTH_59edd422c0c84a879bd37670ae4f538a\/internal_photos\/bs\/2025\/k\/o\/CdxMAdQ8SGMN6nxy1rAA\/delegacia-de-felipe-camarao.png\" \/><br \/>     Caso aconteceu nesta quarta-feira (8) na Delegacia de Felipe Camar\u00e3o, na Zona Oeste da cidade, segundo a Pol\u00edcia Civil. Delegacia de Felipe Camar\u00e3o, na Zona Oeste de Natal<br \/>\nGoogle Street View\/Reprodu\u00e7\u00e3o<br \/>\nUm homem preso nesta quarta-feira (8) por suspeita de crimes como furto e roubo conseguiu fugir de dentro da delegacia em Natal.<br \/>\nA Pol\u00edcia Civil confirmou que o caso aconteceu na 14\u00aa Delegacia de Pol\u00edcia (DP) de Felipe Camar\u00e3o, bairro da Zona Oeste da cidade.<br \/>\n\ud83d\udcf3Participe do canal do g1 RN no WhatsApp<br \/>\nSegundo a Pol\u00edcia Civil, os policiais realizaram a pris\u00e3o de Lucas Oliveira da Silva de 24 anos, e conduziram ele at\u00e9 a delegacia para a realiza\u00e7\u00e3o dos procedimentos legais.<br \/>\n&#8220;Por\u00e9m, durante a realiza\u00e7\u00e3o dos registros, o suspeito conseguiu se evadir do local em que estava detido&#8221;, disse a corpora\u00e7\u00e3o.<br \/>\nA pol\u00edcia n\u00e3o detalhou como a fuga aconteceu at\u00e9 a \u00faltima atualiza\u00e7\u00e3o desta reportagem. Segundo a institui\u00e7\u00e3o, os policiais realizaram as buscas para recapturar o suspeito, mas ele conseguiu fugir por um matagal \u00e0s margens do KM 6.<br \/>\n&#8220;A Pol\u00edcia Civil pede que a popula\u00e7\u00e3o continue enviando informa\u00e7\u00f5es, de forma an\u00f4nima, por meio do Disque Den\u00fancia 181 para poder realizar a pris\u00e3o do homem&#8221;, disse a Pol\u00edcia Civil.<br \/>\nVeja os v\u00eddeos mais assistidos no g1 RN<\/p>","protected":false},"excerpt":{"rendered":"<p>Caso aconteceu nesta quarta-feira (8) na Delegacia de Felipe Camar\u00e3o, na Zona Oeste da cidade, segundo a Pol\u00edcia Civil. Delegacia de Felipe Camar\u00e3o, na Zona Oeste de Natal Google Street &#8230;<\/p>\n","protected":false},"author":0,"featured_media":11963,"parent":0,"menu_order":0,"comment_status":"closed","ping_status":"closed","template":"","meta":{"footnotes":""},"class_list":["post-11962","page","type-page","status-publish","has-post-thumbnail","hentry"],"yoast_head":"<!-- This site is optimized with the Yoast SEO plugin v27.1.1 - https:\/\/yoast.com\/product\/yoast-seo-wordpress\/ -->\n<title>Preso suspeito de furtos e roubos foge de dentro de delegacia em Natal - Taveira Jr<\/title>\n<meta name=\"robots\" content=\"index, follow, max-snippet:-1, max-image-preview:large, max-video-preview:-1\" \/>\n<link rel=\"canonical\" href=\"https:\/\/deputadotaveirajr.com.br\/index.php\/preso-suspeito-de-furtos-e-roubos-foge-de-dentro-de-delegacia-em-natal\/\" \/>\n<meta property=\"og:locale\" content=\"pt_BR\" \/>\n<meta property=\"og:type\" content=\"article\" \/>\n<meta property=\"og:title\" content=\"Preso suspeito de furtos e roubos foge de dentro de delegacia em Natal - Taveira Jr\" \/>\n<meta property=\"og:description\" content=\"Caso aconteceu nesta quarta-feira (8) na Delegacia de Felipe Camar\u00e3o, na Zona Oeste da cidade, segundo a Pol\u00edcia Civil. Delegacia de Felipe Camar\u00e3o, na Zona Oeste de Natal Google Street ...\" \/>\n<meta property=\"og:url\" content=\"https:\/\/deputadotaveirajr.com.br\/index.php\/preso-suspeito-de-furtos-e-roubos-foge-de-dentro-de-delegacia-em-natal\/\" \/>\n<meta property=\"og:site_name\" content=\"Taveira Jr\" \/>\n<meta property=\"og:image\" content=\"https:\/\/s2-g1.glbimg.com\/yeVkhmxmwQPiH7Bwo-Fn0MIGOs8=\/i.s3.glbimg.com\/v1\/AUTH_59edd422c0c84a879bd37670ae4f538a\/internal_photos\/bs\/2025\/k\/o\/CdxMAdQ8SGMN6nxy1rAA\/delegacia-de-felipe-camarao.png\" \/>\n<meta name=\"twitter:card\" content=\"summary_large_image\" \/>\n<meta name=\"twitter:label1\" content=\"Est. tempo de leitura\" \/>\n\t<meta name=\"twitter:data1\" content=\"1 minuto\" \/>\n<script type=\"application\/ld+json\" class=\"yoast-schema-graph\">{\"@context\":\"https:\/\/schema.org\",\"@graph\":[{\"@type\":\"WebPage\",\"@id\":\"https:\/\/deputadotaveirajr.com.br\/index.php\/preso-suspeito-de-furtos-e-roubos-foge-de-dentro-de-delegacia-em-natal\/\",\"url\":\"https:\/\/deputadotaveirajr.com.br\/index.php\/preso-suspeito-de-furtos-e-roubos-foge-de-dentro-de-delegacia-em-natal\/\",\"name\":\"Preso suspeito de furtos e roubos foge de dentro de delegacia em Natal - Taveira Jr\",\"isPartOf\":{\"@id\":\"https:\/\/deputadotaveirajr.com.br\/#website\"},\"primaryImageOfPage\":{\"@id\":\"https:\/\/deputadotaveirajr.com.br\/index.php\/preso-suspeito-de-furtos-e-roubos-foge-de-dentro-de-delegacia-em-natal\/#primaryimage\"},\"image\":{\"@id\":\"https:\/\/deputadotaveirajr.com.br\/index.php\/preso-suspeito-de-furtos-e-roubos-foge-de-dentro-de-delegacia-em-natal\/#primaryimage\"},\"thumbnailUrl\":\"https:\/\/deputadotaveirajr.com.br\/wp-content\/uploads\/2025\/01\/delegacia-de-felipe-camarao-IdVb9E.jpeg\",\"datePublished\":\"2025-01-09T14:46:20+00:00\",\"breadcrumb\":{\"@id\":\"https:\/\/deputadotaveirajr.com.br\/index.php\/preso-suspeito-de-furtos-e-roubos-foge-de-dentro-de-delegacia-em-natal\/#breadcrumb\"},\"inLanguage\":\"pt-BR\",\"potentialAction\":[{\"@type\":\"ReadAction\",\"target\":[\"https:\/\/deputadotaveirajr.com.br\/index.php\/preso-suspeito-de-furtos-e-roubos-foge-de-dentro-de-delegacia-em-natal\/\"]}]},{\"@type\":\"ImageObject\",\"inLanguage\":\"pt-BR\",\"@id\":\"https:\/\/deputadotaveirajr.com.br\/index.php\/preso-suspeito-de-furtos-e-roubos-foge-de-dentro-de-delegacia-em-natal\/#primaryimage\",\"url\":\"https:\/\/deputadotaveirajr.com.br\/wp-content\/uploads\/2025\/01\/delegacia-de-felipe-camarao-IdVb9E.jpeg\",\"contentUrl\":\"https:\/\/deputadotaveirajr.com.br\/wp-content\/uploads\/2025\/01\/delegacia-de-felipe-camarao-IdVb9E.jpeg\",\"width\":693,\"height\":388},{\"@type\":\"BreadcrumbList\",\"@id\":\"https:\/\/deputadotaveirajr.com.br\/index.php\/preso-suspeito-de-furtos-e-roubos-foge-de-dentro-de-delegacia-em-natal\/#breadcrumb\",\"itemListElement\":[{\"@type\":\"ListItem\",\"position\":1,\"name\":\"In\u00edcio\",\"item\":\"https:\/\/deputadotaveirajr.com.br\/\"},{\"@type\":\"ListItem\",\"position\":2,\"name\":\"Preso suspeito de furtos e roubos foge de dentro de delegacia em Natal\"}]},{\"@type\":\"WebSite\",\"@id\":\"https:\/\/deputadotaveirajr.com.br\/#website\",\"url\":\"https:\/\/deputadotaveirajr.com.br\/\",\"name\":\"Taveira Jr\",\"description\":\"Deputado Estadual\",\"publisher\":{\"@id\":\"https:\/\/deputadotaveirajr.com.br\/#organization\"},\"potentialAction\":[{\"@type\":\"SearchAction\",\"target\":{\"@type\":\"EntryPoint\",\"urlTemplate\":\"https:\/\/deputadotaveirajr.com.br\/?s={search_term_string}\"},\"query-input\":{\"@type\":\"PropertyValueSpecification\",\"valueRequired\":true,\"valueName\":\"search_term_string\"}}],\"inLanguage\":\"pt-BR\"},{\"@type\":\"Organization\",\"@id\":\"https:\/\/deputadotaveirajr.com.br\/#organization\",\"name\":\"Taveira Jr\",\"url\":\"https:\/\/deputadotaveirajr.com.br\/\",\"logo\":{\"@type\":\"ImageObject\",\"inLanguage\":\"pt-BR\",\"@id\":\"https:\/\/deputadotaveirajr.com.br\/#\/schema\/logo\/image\/\",\"url\":\"https:\/\/deputadotaveirajr.com.br\/wp-content\/uploads\/2026\/01\/logolow2a.png\",\"contentUrl\":\"https:\/\/deputadotaveirajr.com.br\/wp-content\/uploads\/2026\/01\/logolow2a.png\",\"width\":290,\"height\":80,\"caption\":\"Taveira Jr\"},\"image\":{\"@id\":\"https:\/\/deputadotaveirajr.com.br\/#\/schema\/logo\/image\/\"}}]}<\/script>\n<!-- \/ Yoast SEO plugin. -->","yoast_head_json":{"title":"Preso suspeito de furtos e roubos foge de dentro de delegacia em Natal - Taveira Jr","robots":{"index":"index","follow":"follow","max-snippet":"max-snippet:-1","max-image-preview":"max-image-preview:large","max-video-preview":"max-video-preview:-1"},"canonical":"https:\/\/deputadotaveirajr.com.br\/index.php\/preso-suspeito-de-furtos-e-roubos-foge-de-dentro-de-delegacia-em-natal\/","og_locale":"pt_BR","og_type":"article","og_title":"Preso suspeito de furtos e roubos foge de dentro de delegacia em Natal - Taveira Jr","og_description":"Caso aconteceu nesta quarta-feira (8) na Delegacia de Felipe Camar\u00e3o, na Zona Oeste da cidade, segundo a Pol\u00edcia Civil. Delegacia de Felipe Camar\u00e3o, na Zona Oeste de Natal Google Street ...","og_url":"https:\/\/deputadotaveirajr.com.br\/index.php\/preso-suspeito-de-furtos-e-roubos-foge-de-dentro-de-delegacia-em-natal\/","og_site_name":"Taveira Jr","og_image":[{"url":"https:\/\/s2-g1.glbimg.com\/yeVkhmxmwQPiH7Bwo-Fn0MIGOs8=\/i.s3.glbimg.com\/v1\/AUTH_59edd422c0c84a879bd37670ae4f538a\/internal_photos\/bs\/2025\/k\/o\/CdxMAdQ8SGMN6nxy1rAA\/delegacia-de-felipe-camarao.png","type":"","width":"","height":""}],"twitter_card":"summary_large_image","twitter_misc":{"Est. tempo de leitura":"1 minuto"},"schema":{"@context":"https:\/\/schema.org","@graph":[{"@type":"WebPage","@id":"https:\/\/deputadotaveirajr.com.br\/index.php\/preso-suspeito-de-furtos-e-roubos-foge-de-dentro-de-delegacia-em-natal\/","url":"https:\/\/deputadotaveirajr.com.br\/index.php\/preso-suspeito-de-furtos-e-roubos-foge-de-dentro-de-delegacia-em-natal\/","name":"Preso suspeito de furtos e roubos foge de dentro de delegacia em Natal - Taveira Jr","isPartOf":{"@id":"https:\/\/deputadotaveirajr.com.br\/#website"},"primaryImageOfPage":{"@id":"https:\/\/deputadotaveirajr.com.br\/index.php\/preso-suspeito-de-furtos-e-roubos-foge-de-dentro-de-delegacia-em-natal\/#primaryimage"},"image":{"@id":"https:\/\/deputadotaveirajr.com.br\/index.php\/preso-suspeito-de-furtos-e-roubos-foge-de-dentro-de-delegacia-em-natal\/#primaryimage"},"thumbnailUrl":"https:\/\/deputadotaveirajr.com.br\/wp-content\/uploads\/2025\/01\/delegacia-de-felipe-camarao-IdVb9E.jpeg","datePublished":"2025-01-09T14:46:20+00:00","breadcrumb":{"@id":"https:\/\/deputadotaveirajr.com.br\/index.php\/preso-suspeito-de-furtos-e-roubos-foge-de-dentro-de-delegacia-em-natal\/#breadcrumb"},"inLanguage":"pt-BR","potentialAction":[{"@type":"ReadAction","target":["https:\/\/deputadotaveirajr.com.br\/index.php\/preso-suspeito-de-furtos-e-roubos-foge-de-dentro-de-delegacia-em-natal\/"]}]},{"@type":"ImageObject","inLanguage":"pt-BR","@id":"https:\/\/deputadotaveirajr.com.br\/index.php\/preso-suspeito-de-furtos-e-roubos-foge-de-dentro-de-delegacia-em-natal\/#primaryimage","url":"https:\/\/deputadotaveirajr.com.br\/wp-content\/uploads\/2025\/01\/delegacia-de-felipe-camarao-IdVb9E.jpeg","contentUrl":"https:\/\/deputadotaveirajr.com.br\/wp-content\/uploads\/2025\/01\/delegacia-de-felipe-camarao-IdVb9E.jpeg","width":693,"height":388},{"@type":"BreadcrumbList","@id":"https:\/\/deputadotaveirajr.com.br\/index.php\/preso-suspeito-de-furtos-e-roubos-foge-de-dentro-de-delegacia-em-natal\/#breadcrumb","itemListElement":[{"@type":"ListItem","position":1,"name":"In\u00edcio","item":"https:\/\/deputadotaveirajr.com.br\/"},{"@type":"ListItem","position":2,"name":"Preso suspeito de furtos e roubos foge de dentro de delegacia em Natal"}]},{"@type":"WebSite","@id":"https:\/\/deputadotaveirajr.com.br\/#website","url":"https:\/\/deputadotaveirajr.com.br\/","name":"Taveira Jr","description":"Deputado Estadual","publisher":{"@id":"https:\/\/deputadotaveirajr.com.br\/#organization"},"potentialAction":[{"@type":"SearchAction","target":{"@type":"EntryPoint","urlTemplate":"https:\/\/deputadotaveirajr.com.br\/?s={search_term_string}"},"query-input":{"@type":"PropertyValueSpecification","valueRequired":true,"valueName":"search_term_string"}}],"inLanguage":"pt-BR"},{"@type":"Organization","@id":"https:\/\/deputadotaveirajr.com.br\/#organization","name":"Taveira Jr","url":"https:\/\/deputadotaveirajr.com.br\/","logo":{"@type":"ImageObject","inLanguage":"pt-BR","@id":"https:\/\/deputadotaveirajr.com.br\/#\/schema\/logo\/image\/","url":"https:\/\/deputadotaveirajr.com.br\/wp-content\/uploads\/2026\/01\/logolow2a.png","contentUrl":"https:\/\/deputadotaveirajr.com.br\/wp-content\/uploads\/2026\/01\/logolow2a.png","width":290,"height":80,"caption":"Taveira Jr"},"image":{"@id":"https:\/\/deputadotaveirajr.com.br\/#\/schema\/logo\/image\/"}}]}},"_links":{"self":[{"href":"https:\/\/deputadotaveirajr.com.br\/index.php\/wp-json\/wp\/v2\/pages\/11962","targetHints":{"allow":["GET"]}}],"collection":[{"href":"https:\/\/deputadotaveirajr.com.br\/index.php\/wp-json\/wp\/v2\/pages"}],"about":[{"href":"https:\/\/deputadotaveirajr.com.br\/index.php\/wp-json\/wp\/v2\/types\/page"}],"replies":[{"embeddable":true,"href":"https:\/\/deputadotaveirajr.com.br\/index.php\/wp-json\/wp\/v2\/comments?post=11962"}],"version-history":[{"count":0,"href":"https:\/\/deputadotaveirajr.com.br\/index.php\/wp-json\/wp\/v2\/pages\/11962\/revisions"}],"wp:featuredmedia":[{"embeddable":true,"href":"https:\/\/deputadotaveirajr.com.br\/index.php\/wp-json\/wp\/v2\/media\/11963"}],"wp:attachment":[{"href":"https:\/\/deputadotaveirajr.com.br\/index.php\/wp-json\/wp\/v2\/media?parent=11962"}],"curies":[{"name":"wp","href":"https:\/\/api.w.org\/{rel}","templated":true}]}}