{"id":11968,"date":"2025-01-09T16:11:12","date_gmt":"2025-01-09T19:11:12","guid":{"rendered":"https:\/\/deputadotaveirajr.com.br\/index.php\/musica-teatro-jogos-eletronicos-e-mais-rn-abre-inscricoes-para-projetos-culturais-na-lei-aldir-blanc\/"},"modified":"2025-01-09T16:11:12","modified_gmt":"2025-01-09T19:11:12","slug":"musica-teatro-jogos-eletronicos-e-mais-rn-abre-inscricoes-para-projetos-culturais-na-lei-aldir-blanc","status":"publish","type":"page","link":"https:\/\/deputadotaveirajr.com.br\/index.php\/musica-teatro-jogos-eletronicos-e-mais-rn-abre-inscricoes-para-projetos-culturais-na-lei-aldir-blanc\/","title":{"rendered":"M\u00fasica, teatro, jogos eletr\u00f4nicos e mais: RN abre inscri\u00e7\u00f5es para projetos culturais na Lei Aldir Blanc"},"content":{"rendered":"<p><img decoding=\"async\" src=\"https:\/\/s2-g1.glbimg.com\/E1ikhzleuI05biYuIPrgrWjXsr8=\/i.s3.glbimg.com\/v1\/AUTH_59edd422c0c84a879bd37670ae4f538a\/internal_photos\/bs\/2025\/H\/B\/iUXiBNQUWlOCgcUYP4fA\/mossoro.png\" \/><br \/>     Governo informou que mais de 300 projetos passam a ser contemplados nesta etapa, com investimento de quase R$ 10 milh\u00f5es. Inscri\u00e7\u00f5es seguem at\u00e9 27 de janeiro. Apresenta\u00e7\u00e3o cultural em Mossor\u00f3<br \/>\nRaiane Miranda\/governo do RN\/ARQUIVO<br \/>\nO governo do Rio Grande do Norte publicou nesta quarta-feira (8) um bloco com sete editais da Pol\u00edtica Nacional Aldir Blanc (PNAB). Ao todo, o edital contempla 339 propostas.<br \/>\n\ud83d\uddd3\ufe0f As inscri\u00e7\u00f5es foram abertas e seguem at\u00e9 o dia 27 de janeiro, atrav\u00e9s do portal Mais Cultura RN.<br \/>\nSegundo a Secretaria de Cultura do Estado, o investimento total \u00e9 de aproximadamente R$ 10 milh\u00f5es.<br \/>\n\ud83d\udcf3Participe do canal do g1 RN no WhatsApp<br \/>\nPodem se inscrever projetos que envolvam as liguagens de:<br \/>\nartes visuais;<br \/>\naudiovisual;<br \/>\njogos eletr\u00f4nicos;<br \/>\nm\u00fasica;<br \/>\ndan\u00e7a;<br \/>\nliteratura;<br \/>\ne teatro.<br \/>\n\u201cEste \u00e9 um dos blocos mais aguardados pelos fazedores de cultura do estado e \u00e9 tamb\u00e9m onde a gente vai distribuir o maior montante de recursos, seguido do Bloco de Apoio, que iremos divulgar nos pr\u00f3ximos dias\u201d, explicou a secret\u00e1ria de Cultura do Estado, Mary Land Brito.<br \/>\n\ud83c\udf99\ufe0f A Pol\u00edtica Nacional Aldir Blanc de Fomento \u00e0 Cultura (PNAB) foi institu\u00edda em julho de 2022 e visa fomentar a cultura com financiamento e manuten\u00e7\u00e3o de agentes, espa\u00e7os e a\u00e7\u00f5es art\u00edsticos-culturais, atuando em \u00e1reas perif\u00e9ricas, urbanas e rurais.<br \/>\nOutros dois blocos da Lei Aldir Blanc foram encerrados no m\u00eas de dezembro de 2024, somando o investimento de mais de R$ 8 milh\u00f5es.<br \/>\nComo se inscrever<br \/>\nDepois de acessar o site Mais Cultura RN, o interessado deve clicar em \u201cEditais\u201d  e em segiuda em  \u201cEditais PNAB\u201d. No site tamb\u00e9m h\u00e1 contato por telefone e por e-mail em caso de d\u00favidas.<br \/>\n\u00c9 poss\u00edvel ainda ter atendimento presencial na Secult, no Complexo da Rampa, em dias \u00fateis, das 9h \u00e0s 17h.<br \/>\nQuem pode se inscrever<br \/>\nSegundo o edital, pode se inscrever  qualquer agente cultural, maior de 18 anos, &#8220;com relevante contribui\u00e7\u00e3o art\u00edstica ou cultural&#8221; no RN, residente em qualquer munic\u00edpio potiguar e &#8220;com atua\u00e7\u00e3o cultural comprovada de pelo menos 2 anos&#8221; &#8211; consecutivas ou n\u00e3o.<br \/>\nMais informa\u00e7\u00f5es podem ser acessadas atrav\u00e9s do edital.<br \/>\nV\u00eddeos mais assistidos do g1 RN<\/p>","protected":false},"excerpt":{"rendered":"<p>Governo informou que mais de 300 projetos passam a ser contemplados nesta etapa, com investimento de quase R$ 10 milh\u00f5es. Inscri\u00e7\u00f5es seguem at\u00e9 27 de janeiro. Apresenta\u00e7\u00e3o cultural em Mossor\u00f3 &#8230;<\/p>\n","protected":false},"author":0,"featured_media":11969,"parent":0,"menu_order":0,"comment_status":"closed","ping_status":"closed","template":"","meta":{"footnotes":""},"class_list":["post-11968","page","type-page","status-publish","has-post-thumbnail","hentry"],"yoast_head":"<!-- This site is optimized with the Yoast SEO plugin v27.1.1 - https:\/\/yoast.com\/product\/yoast-seo-wordpress\/ -->\n<title>M\u00fasica, teatro, jogos eletr\u00f4nicos e mais: RN abre inscri\u00e7\u00f5es para projetos culturais na Lei Aldir Blanc - Taveira Jr<\/title>\n<meta name=\"robots\" content=\"index, follow, max-snippet:-1, max-image-preview:large, max-video-preview:-1\" \/>\n<link rel=\"canonical\" href=\"https:\/\/deputadotaveirajr.com.br\/index.php\/musica-teatro-jogos-eletronicos-e-mais-rn-abre-inscricoes-para-projetos-culturais-na-lei-aldir-blanc\/\" \/>\n<meta property=\"og:locale\" content=\"pt_BR\" \/>\n<meta property=\"og:type\" content=\"article\" \/>\n<meta property=\"og:title\" content=\"M\u00fasica, teatro, jogos eletr\u00f4nicos e mais: RN abre inscri\u00e7\u00f5es para projetos culturais na Lei Aldir Blanc - Taveira Jr\" \/>\n<meta property=\"og:description\" content=\"Governo informou que mais de 300 projetos passam a ser contemplados nesta etapa, com investimento de quase R$ 10 milh\u00f5es. Inscri\u00e7\u00f5es seguem at\u00e9 27 de janeiro. Apresenta\u00e7\u00e3o cultural em Mossor\u00f3 ...\" \/>\n<meta property=\"og:url\" content=\"https:\/\/deputadotaveirajr.com.br\/index.php\/musica-teatro-jogos-eletronicos-e-mais-rn-abre-inscricoes-para-projetos-culturais-na-lei-aldir-blanc\/\" \/>\n<meta property=\"og:site_name\" content=\"Taveira Jr\" \/>\n<meta property=\"og:image\" content=\"https:\/\/s2-g1.glbimg.com\/E1ikhzleuI05biYuIPrgrWjXsr8=\/i.s3.glbimg.com\/v1\/AUTH_59edd422c0c84a879bd37670ae4f538a\/internal_photos\/bs\/2025\/H\/B\/iUXiBNQUWlOCgcUYP4fA\/mossoro.png\" \/>\n<meta name=\"twitter:card\" content=\"summary_large_image\" \/>\n<meta name=\"twitter:label1\" content=\"Est. tempo de leitura\" \/>\n\t<meta name=\"twitter:data1\" content=\"2 minutos\" \/>\n<script type=\"application\/ld+json\" class=\"yoast-schema-graph\">{\"@context\":\"https:\/\/schema.org\",\"@graph\":[{\"@type\":\"WebPage\",\"@id\":\"https:\/\/deputadotaveirajr.com.br\/index.php\/musica-teatro-jogos-eletronicos-e-mais-rn-abre-inscricoes-para-projetos-culturais-na-lei-aldir-blanc\/\",\"url\":\"https:\/\/deputadotaveirajr.com.br\/index.php\/musica-teatro-jogos-eletronicos-e-mais-rn-abre-inscricoes-para-projetos-culturais-na-lei-aldir-blanc\/\",\"name\":\"M\u00fasica, teatro, jogos eletr\u00f4nicos e mais: RN abre inscri\u00e7\u00f5es para projetos culturais na Lei Aldir Blanc - Taveira Jr\",\"isPartOf\":{\"@id\":\"https:\/\/deputadotaveirajr.com.br\/#website\"},\"primaryImageOfPage\":{\"@id\":\"https:\/\/deputadotaveirajr.com.br\/index.php\/musica-teatro-jogos-eletronicos-e-mais-rn-abre-inscricoes-para-projetos-culturais-na-lei-aldir-blanc\/#primaryimage\"},\"image\":{\"@id\":\"https:\/\/deputadotaveirajr.com.br\/index.php\/musica-teatro-jogos-eletronicos-e-mais-rn-abre-inscricoes-para-projetos-culturais-na-lei-aldir-blanc\/#primaryimage\"},\"thumbnailUrl\":\"https:\/\/deputadotaveirajr.com.br\/wp-content\/uploads\/2025\/01\/mossoro-zCP3L8.jpeg\",\"datePublished\":\"2025-01-09T19:11:12+00:00\",\"breadcrumb\":{\"@id\":\"https:\/\/deputadotaveirajr.com.br\/index.php\/musica-teatro-jogos-eletronicos-e-mais-rn-abre-inscricoes-para-projetos-culturais-na-lei-aldir-blanc\/#breadcrumb\"},\"inLanguage\":\"pt-BR\",\"potentialAction\":[{\"@type\":\"ReadAction\",\"target\":[\"https:\/\/deputadotaveirajr.com.br\/index.php\/musica-teatro-jogos-eletronicos-e-mais-rn-abre-inscricoes-para-projetos-culturais-na-lei-aldir-blanc\/\"]}]},{\"@type\":\"ImageObject\",\"inLanguage\":\"pt-BR\",\"@id\":\"https:\/\/deputadotaveirajr.com.br\/index.php\/musica-teatro-jogos-eletronicos-e-mais-rn-abre-inscricoes-para-projetos-culturais-na-lei-aldir-blanc\/#primaryimage\",\"url\":\"https:\/\/deputadotaveirajr.com.br\/wp-content\/uploads\/2025\/01\/mossoro-zCP3L8.jpeg\",\"contentUrl\":\"https:\/\/deputadotaveirajr.com.br\/wp-content\/uploads\/2025\/01\/mossoro-zCP3L8.jpeg\",\"width\":1172,\"height\":790},{\"@type\":\"BreadcrumbList\",\"@id\":\"https:\/\/deputadotaveirajr.com.br\/index.php\/musica-teatro-jogos-eletronicos-e-mais-rn-abre-inscricoes-para-projetos-culturais-na-lei-aldir-blanc\/#breadcrumb\",\"itemListElement\":[{\"@type\":\"ListItem\",\"position\":1,\"name\":\"In\u00edcio\",\"item\":\"https:\/\/deputadotaveirajr.com.br\/\"},{\"@type\":\"ListItem\",\"position\":2,\"name\":\"M\u00fasica, teatro, jogos eletr\u00f4nicos e mais: RN abre inscri\u00e7\u00f5es para projetos culturais na Lei Aldir Blanc\"}]},{\"@type\":\"WebSite\",\"@id\":\"https:\/\/deputadotaveirajr.com.br\/#website\",\"url\":\"https:\/\/deputadotaveirajr.com.br\/\",\"name\":\"Taveira Jr\",\"description\":\"Deputado Estadual\",\"publisher\":{\"@id\":\"https:\/\/deputadotaveirajr.com.br\/#organization\"},\"potentialAction\":[{\"@type\":\"SearchAction\",\"target\":{\"@type\":\"EntryPoint\",\"urlTemplate\":\"https:\/\/deputadotaveirajr.com.br\/?s={search_term_string}\"},\"query-input\":{\"@type\":\"PropertyValueSpecification\",\"valueRequired\":true,\"valueName\":\"search_term_string\"}}],\"inLanguage\":\"pt-BR\"},{\"@type\":\"Organization\",\"@id\":\"https:\/\/deputadotaveirajr.com.br\/#organization\",\"name\":\"Taveira Jr\",\"url\":\"https:\/\/deputadotaveirajr.com.br\/\",\"logo\":{\"@type\":\"ImageObject\",\"inLanguage\":\"pt-BR\",\"@id\":\"https:\/\/deputadotaveirajr.com.br\/#\/schema\/logo\/image\/\",\"url\":\"https:\/\/deputadotaveirajr.com.br\/wp-content\/uploads\/2026\/01\/logolow2a.png\",\"contentUrl\":\"https:\/\/deputadotaveirajr.com.br\/wp-content\/uploads\/2026\/01\/logolow2a.png\",\"width\":290,\"height\":80,\"caption\":\"Taveira Jr\"},\"image\":{\"@id\":\"https:\/\/deputadotaveirajr.com.br\/#\/schema\/logo\/image\/\"}}]}<\/script>\n<!-- \/ Yoast SEO plugin. -->","yoast_head_json":{"title":"M\u00fasica, teatro, jogos eletr\u00f4nicos e mais: RN abre inscri\u00e7\u00f5es para projetos culturais na Lei Aldir Blanc - Taveira Jr","robots":{"index":"index","follow":"follow","max-snippet":"max-snippet:-1","max-image-preview":"max-image-preview:large","max-video-preview":"max-video-preview:-1"},"canonical":"https:\/\/deputadotaveirajr.com.br\/index.php\/musica-teatro-jogos-eletronicos-e-mais-rn-abre-inscricoes-para-projetos-culturais-na-lei-aldir-blanc\/","og_locale":"pt_BR","og_type":"article","og_title":"M\u00fasica, teatro, jogos eletr\u00f4nicos e mais: RN abre inscri\u00e7\u00f5es para projetos culturais na Lei Aldir Blanc - Taveira Jr","og_description":"Governo informou que mais de 300 projetos passam a ser contemplados nesta etapa, com investimento de quase R$ 10 milh\u00f5es. Inscri\u00e7\u00f5es seguem at\u00e9 27 de janeiro. Apresenta\u00e7\u00e3o cultural em Mossor\u00f3 ...","og_url":"https:\/\/deputadotaveirajr.com.br\/index.php\/musica-teatro-jogos-eletronicos-e-mais-rn-abre-inscricoes-para-projetos-culturais-na-lei-aldir-blanc\/","og_site_name":"Taveira Jr","og_image":[{"url":"https:\/\/s2-g1.glbimg.com\/E1ikhzleuI05biYuIPrgrWjXsr8=\/i.s3.glbimg.com\/v1\/AUTH_59edd422c0c84a879bd37670ae4f538a\/internal_photos\/bs\/2025\/H\/B\/iUXiBNQUWlOCgcUYP4fA\/mossoro.png","type":"","width":"","height":""}],"twitter_card":"summary_large_image","twitter_misc":{"Est. tempo de leitura":"2 minutos"},"schema":{"@context":"https:\/\/schema.org","@graph":[{"@type":"WebPage","@id":"https:\/\/deputadotaveirajr.com.br\/index.php\/musica-teatro-jogos-eletronicos-e-mais-rn-abre-inscricoes-para-projetos-culturais-na-lei-aldir-blanc\/","url":"https:\/\/deputadotaveirajr.com.br\/index.php\/musica-teatro-jogos-eletronicos-e-mais-rn-abre-inscricoes-para-projetos-culturais-na-lei-aldir-blanc\/","name":"M\u00fasica, teatro, jogos eletr\u00f4nicos e mais: RN abre inscri\u00e7\u00f5es para projetos culturais na Lei Aldir Blanc - Taveira Jr","isPartOf":{"@id":"https:\/\/deputadotaveirajr.com.br\/#website"},"primaryImageOfPage":{"@id":"https:\/\/deputadotaveirajr.com.br\/index.php\/musica-teatro-jogos-eletronicos-e-mais-rn-abre-inscricoes-para-projetos-culturais-na-lei-aldir-blanc\/#primaryimage"},"image":{"@id":"https:\/\/deputadotaveirajr.com.br\/index.php\/musica-teatro-jogos-eletronicos-e-mais-rn-abre-inscricoes-para-projetos-culturais-na-lei-aldir-blanc\/#primaryimage"},"thumbnailUrl":"https:\/\/deputadotaveirajr.com.br\/wp-content\/uploads\/2025\/01\/mossoro-zCP3L8.jpeg","datePublished":"2025-01-09T19:11:12+00:00","breadcrumb":{"@id":"https:\/\/deputadotaveirajr.com.br\/index.php\/musica-teatro-jogos-eletronicos-e-mais-rn-abre-inscricoes-para-projetos-culturais-na-lei-aldir-blanc\/#breadcrumb"},"inLanguage":"pt-BR","potentialAction":[{"@type":"ReadAction","target":["https:\/\/deputadotaveirajr.com.br\/index.php\/musica-teatro-jogos-eletronicos-e-mais-rn-abre-inscricoes-para-projetos-culturais-na-lei-aldir-blanc\/"]}]},{"@type":"ImageObject","inLanguage":"pt-BR","@id":"https:\/\/deputadotaveirajr.com.br\/index.php\/musica-teatro-jogos-eletronicos-e-mais-rn-abre-inscricoes-para-projetos-culturais-na-lei-aldir-blanc\/#primaryimage","url":"https:\/\/deputadotaveirajr.com.br\/wp-content\/uploads\/2025\/01\/mossoro-zCP3L8.jpeg","contentUrl":"https:\/\/deputadotaveirajr.com.br\/wp-content\/uploads\/2025\/01\/mossoro-zCP3L8.jpeg","width":1172,"height":790},{"@type":"BreadcrumbList","@id":"https:\/\/deputadotaveirajr.com.br\/index.php\/musica-teatro-jogos-eletronicos-e-mais-rn-abre-inscricoes-para-projetos-culturais-na-lei-aldir-blanc\/#breadcrumb","itemListElement":[{"@type":"ListItem","position":1,"name":"In\u00edcio","item":"https:\/\/deputadotaveirajr.com.br\/"},{"@type":"ListItem","position":2,"name":"M\u00fasica, teatro, jogos eletr\u00f4nicos e mais: RN abre inscri\u00e7\u00f5es para projetos culturais na Lei Aldir Blanc"}]},{"@type":"WebSite","@id":"https:\/\/deputadotaveirajr.com.br\/#website","url":"https:\/\/deputadotaveirajr.com.br\/","name":"Taveira Jr","description":"Deputado Estadual","publisher":{"@id":"https:\/\/deputadotaveirajr.com.br\/#organization"},"potentialAction":[{"@type":"SearchAction","target":{"@type":"EntryPoint","urlTemplate":"https:\/\/deputadotaveirajr.com.br\/?s={search_term_string}"},"query-input":{"@type":"PropertyValueSpecification","valueRequired":true,"valueName":"search_term_string"}}],"inLanguage":"pt-BR"},{"@type":"Organization","@id":"https:\/\/deputadotaveirajr.com.br\/#organization","name":"Taveira Jr","url":"https:\/\/deputadotaveirajr.com.br\/","logo":{"@type":"ImageObject","inLanguage":"pt-BR","@id":"https:\/\/deputadotaveirajr.com.br\/#\/schema\/logo\/image\/","url":"https:\/\/deputadotaveirajr.com.br\/wp-content\/uploads\/2026\/01\/logolow2a.png","contentUrl":"https:\/\/deputadotaveirajr.com.br\/wp-content\/uploads\/2026\/01\/logolow2a.png","width":290,"height":80,"caption":"Taveira Jr"},"image":{"@id":"https:\/\/deputadotaveirajr.com.br\/#\/schema\/logo\/image\/"}}]}},"_links":{"self":[{"href":"https:\/\/deputadotaveirajr.com.br\/index.php\/wp-json\/wp\/v2\/pages\/11968","targetHints":{"allow":["GET"]}}],"collection":[{"href":"https:\/\/deputadotaveirajr.com.br\/index.php\/wp-json\/wp\/v2\/pages"}],"about":[{"href":"https:\/\/deputadotaveirajr.com.br\/index.php\/wp-json\/wp\/v2\/types\/page"}],"replies":[{"embeddable":true,"href":"https:\/\/deputadotaveirajr.com.br\/index.php\/wp-json\/wp\/v2\/comments?post=11968"}],"version-history":[{"count":0,"href":"https:\/\/deputadotaveirajr.com.br\/index.php\/wp-json\/wp\/v2\/pages\/11968\/revisions"}],"wp:featuredmedia":[{"embeddable":true,"href":"https:\/\/deputadotaveirajr.com.br\/index.php\/wp-json\/wp\/v2\/media\/11969"}],"wp:attachment":[{"href":"https:\/\/deputadotaveirajr.com.br\/index.php\/wp-json\/wp\/v2\/media?parent=11968"}],"curies":[{"name":"wp","href":"https:\/\/api.w.org\/{rel}","templated":true}]}}