{"id":11970,"date":"2025-01-09T17:56:51","date_gmt":"2025-01-09T20:56:51","guid":{"rendered":"https:\/\/deputadotaveirajr.com.br\/index.php\/operacao-verao-2025-tem-inicio-com-efetivo-de-13-mil-policiais-por-dia-no-litoral-do-rn\/"},"modified":"2025-01-09T17:56:51","modified_gmt":"2025-01-09T20:56:51","slug":"operacao-verao-2025-tem-inicio-com-efetivo-de-13-mil-policiais-por-dia-no-litoral-do-rn","status":"publish","type":"page","link":"https:\/\/deputadotaveirajr.com.br\/index.php\/operacao-verao-2025-tem-inicio-com-efetivo-de-13-mil-policiais-por-dia-no-litoral-do-rn\/","title":{"rendered":"Opera\u00e7\u00e3o Ver\u00e3o 2025 tem in\u00edcio com efetivo de 1,3 mil policiais por dia no litoral do RN"},"content":{"rendered":"<p><img decoding=\"async\" src=\"https:\/\/s2-g1.glbimg.com\/GxnVXCcHenQK4vm0P9_XnLeTDoY=\/i.s3.glbimg.com\/v1\/AUTH_59edd422c0c84a879bd37670ae4f538a\/internal_photos\/bs\/2025\/4\/D\/3yDmavR5aoetSpZh1AGw\/whatsapp-image-2025-01-09-at-16.17.03.jpeg\" \/><br \/>     Opera\u00e7\u00e3o segue at\u00e9 o dia 27 de fevereiro no litoral potiguar. Investimento nesta edi\u00e7\u00e3o, segundo governo do Estado, \u00e9 de R$ 10 milh\u00f5es.  Policiais militares no litoral do Rio Grande do Norte para opera\u00e7\u00e3o Ver\u00e3o 2025<br \/>\nHumberto Sales\/governo do RN<br \/>\nA Opera\u00e7\u00e3o Ver\u00e3o 2025 teve in\u00edcio nesta quinta-feira (9) e segue at\u00e9 o dia 27 de fevereiro, com mais de 1,3 mil agentes de seguran\u00e7a por dia atuando no litoral do Rio Grande do Norte. A iniciativa envolve as pol\u00edcias Militar e Civil, Corpo de Bombeiros, Itep e Detran.<br \/>\n\ud83d\udcf3Participe do canal do g1 RN no WhatsApp<br \/>\nO objetivo da opera\u00e7\u00e3o \u00e9 manter a seguran\u00e7a no litoral nesse per\u00edodo de maior movimenta\u00e7\u00e3o. Por isso, o projeto visa combater, entre outros crimes:<br \/>\nporte ilegal de armas de fogo;<br \/>\nfurtos e roubos a turistas, veranistas, moradores e comerciantes;<br \/>\nfurtos e roubos de ve\u00edculos;<br \/>\ntr\u00e1fico de drogas;<br \/>\nexplora\u00e7\u00e3o sexual infanto-juvenil;<br \/>\ncrimes ambientais como polui\u00e7\u00e3o sonora;<br \/>\nembriaguez ao volante;<br \/>\nperturba\u00e7\u00e3o do sossego;<br \/>\ne outras modalidades de delitos.<br \/>\nSegundo o governo do RN, o investimento neste ano na opera\u00e7\u00e3o foi de R$ 10 milh\u00f5es.<br \/>\n&#8220;Estamos utilizando efetivo ordin\u00e1rio e extraordin\u00e1rio para prevenir, educar e dar mais tranquilidade \u00e0 popula\u00e7\u00e3o e aos visitantes\u201d, disse o secret\u00e1rio de estado da Seguran\u00e7a P\u00fablica e Defesa Social, coronel Francisco Ara\u00fajo.<br \/>\nEstrutura<br \/>\nA atua\u00e7\u00e3o dos agentes de seguran\u00e7a ocorre em pontos de interesse tur\u00edstico, com base fixas e m\u00f3veis dos \u00f3rg\u00e3os e atua\u00e7\u00f5es extras. Veja abaixo como foi dividida a estrutura:<br \/>\nPol\u00edcia Civil<br \/>\nPostos fixos: Pirangi do Norte, Camurupim e de Barra de Maxaranguape<br \/>\nPostos m\u00f3veis, em vans, em: Ponta Negra, Pirangi e em B\u00fazios (Litoral Sul), al\u00e9m de Muri\u00fa (Litoral Norte).<br \/>\nEquipes de apoio t\u00e1tico e educativas<br \/>\nPostos fixos: Tibau e Grossos, Praia da Pipa (em Tibau do Sul) e S\u00e3o Miguel do Gostoso (com atua\u00e7\u00e3o em S\u00e3o Miguel, Touros e Rio do Fogo).<br \/>\nEquipes de apoio t\u00e1tico operacional e educativas atuam compostas por 6 policiais civis e interagem com as equipes das delegacias fixas e m\u00f3veis, bem como podem ser acionadas por qualquer uma delas. Estas equipes v\u00e3o realizar o trabalho educativo em pontos estrat\u00e9gicos, bem como atuar de forma repressiva em caso de pr\u00e1tica de infra\u00e7\u00f5es penais contra crian\u00e7as e adolescentes.<br \/>\nCorpo de Bombeiros<br \/>\nSegundo o Corpo de Bombeiros, o efetivo foi ampliado com mais de 60 guarda-vidas em 18 postos neste ver\u00e3o.<br \/>\nPostos m\u00f3veis: na Redinha, Praia do Amor (Pipa), Praia das Emanuelas (Tibau) e S\u00e3o Miguel do Gostoso. E em Natal na Praia do Forte, Praia do Meio\/Artistas.<br \/>\nPostos fixos: Areia Preta (posto fixo), Miami e Ponta Negra. No Litoral Sul, em B\u00fazios (posto m\u00f3vel e fixo), Camurupim (posto fixo) e Pipa \u2013 Praia do Amor (posto m\u00f3vel). No Litoral Extremo Norte, na Praia do Cear\u00e1 (posto fixo).<br \/>\nItep<br \/>\nO Instituto T\u00e9cnico de Per\u00edcia (ITEP) funciona com equipes de plant\u00e3o do Laborat\u00f3rio Forense e da Identifica\u00e7\u00e3o Criminal nos finais de semana de 11 e 12, 18 e 19, 25 e 26.<br \/>\nOpera\u00e7\u00e3o Ver\u00e3o 2025 de seguran\u00e7a \u00e9 lan\u00e7ado<br \/>\nV\u00eddeos mais assistidos do g1 RN<\/p>","protected":false},"excerpt":{"rendered":"<p>Opera\u00e7\u00e3o segue at\u00e9 o dia 27 de fevereiro no litoral potiguar. Investimento nesta edi\u00e7\u00e3o, segundo governo do Estado, \u00e9 de R$ 10 milh\u00f5es. Policiais militares no litoral do Rio Grande &#8230;<\/p>\n","protected":false},"author":0,"featured_media":11971,"parent":0,"menu_order":0,"comment_status":"closed","ping_status":"closed","template":"","meta":{"footnotes":""},"class_list":["post-11970","page","type-page","status-publish","has-post-thumbnail","hentry"],"yoast_head":"<!-- This site is optimized with the Yoast SEO plugin v27.1.1 - https:\/\/yoast.com\/product\/yoast-seo-wordpress\/ -->\n<title>Opera\u00e7\u00e3o Ver\u00e3o 2025 tem in\u00edcio com efetivo de 1,3 mil policiais por dia no litoral do RN - Taveira Jr<\/title>\n<meta name=\"robots\" content=\"index, follow, max-snippet:-1, max-image-preview:large, max-video-preview:-1\" \/>\n<link rel=\"canonical\" href=\"https:\/\/deputadotaveirajr.com.br\/index.php\/operacao-verao-2025-tem-inicio-com-efetivo-de-13-mil-policiais-por-dia-no-litoral-do-rn\/\" \/>\n<meta property=\"og:locale\" content=\"pt_BR\" \/>\n<meta property=\"og:type\" content=\"article\" \/>\n<meta property=\"og:title\" content=\"Opera\u00e7\u00e3o Ver\u00e3o 2025 tem in\u00edcio com efetivo de 1,3 mil policiais por dia no litoral do RN - Taveira Jr\" \/>\n<meta property=\"og:description\" content=\"Opera\u00e7\u00e3o segue at\u00e9 o dia 27 de fevereiro no litoral potiguar. Investimento nesta edi\u00e7\u00e3o, segundo governo do Estado, \u00e9 de R$ 10 milh\u00f5es. Policiais militares no litoral do Rio Grande ...\" \/>\n<meta property=\"og:url\" content=\"https:\/\/deputadotaveirajr.com.br\/index.php\/operacao-verao-2025-tem-inicio-com-efetivo-de-13-mil-policiais-por-dia-no-litoral-do-rn\/\" \/>\n<meta property=\"og:site_name\" content=\"Taveira Jr\" \/>\n<meta property=\"og:image\" content=\"https:\/\/s2-g1.glbimg.com\/GxnVXCcHenQK4vm0P9_XnLeTDoY=\/i.s3.glbimg.com\/v1\/AUTH_59edd422c0c84a879bd37670ae4f538a\/internal_photos\/bs\/2025\/4\/D\/3yDmavR5aoetSpZh1AGw\/whatsapp-image-2025-01-09-at-16.17.03.jpeg\" \/>\n<meta name=\"twitter:card\" content=\"summary_large_image\" \/>\n<meta name=\"twitter:label1\" content=\"Est. tempo de leitura\" \/>\n\t<meta name=\"twitter:data1\" content=\"3 minutos\" \/>\n<script type=\"application\/ld+json\" class=\"yoast-schema-graph\">{\"@context\":\"https:\/\/schema.org\",\"@graph\":[{\"@type\":\"WebPage\",\"@id\":\"https:\/\/deputadotaveirajr.com.br\/index.php\/operacao-verao-2025-tem-inicio-com-efetivo-de-13-mil-policiais-por-dia-no-litoral-do-rn\/\",\"url\":\"https:\/\/deputadotaveirajr.com.br\/index.php\/operacao-verao-2025-tem-inicio-com-efetivo-de-13-mil-policiais-por-dia-no-litoral-do-rn\/\",\"name\":\"Opera\u00e7\u00e3o Ver\u00e3o 2025 tem in\u00edcio com efetivo de 1,3 mil policiais por dia no litoral do RN - Taveira Jr\",\"isPartOf\":{\"@id\":\"https:\/\/deputadotaveirajr.com.br\/#website\"},\"primaryImageOfPage\":{\"@id\":\"https:\/\/deputadotaveirajr.com.br\/index.php\/operacao-verao-2025-tem-inicio-com-efetivo-de-13-mil-policiais-por-dia-no-litoral-do-rn\/#primaryimage\"},\"image\":{\"@id\":\"https:\/\/deputadotaveirajr.com.br\/index.php\/operacao-verao-2025-tem-inicio-com-efetivo-de-13-mil-policiais-por-dia-no-litoral-do-rn\/#primaryimage\"},\"thumbnailUrl\":\"https:\/\/deputadotaveirajr.com.br\/wp-content\/uploads\/2025\/01\/whatsapp-image-2025-01-09-at-16.17.03-8mi91Q.jpeg\",\"datePublished\":\"2025-01-09T20:56:51+00:00\",\"breadcrumb\":{\"@id\":\"https:\/\/deputadotaveirajr.com.br\/index.php\/operacao-verao-2025-tem-inicio-com-efetivo-de-13-mil-policiais-por-dia-no-litoral-do-rn\/#breadcrumb\"},\"inLanguage\":\"pt-BR\",\"potentialAction\":[{\"@type\":\"ReadAction\",\"target\":[\"https:\/\/deputadotaveirajr.com.br\/index.php\/operacao-verao-2025-tem-inicio-com-efetivo-de-13-mil-policiais-por-dia-no-litoral-do-rn\/\"]}]},{\"@type\":\"ImageObject\",\"inLanguage\":\"pt-BR\",\"@id\":\"https:\/\/deputadotaveirajr.com.br\/index.php\/operacao-verao-2025-tem-inicio-com-efetivo-de-13-mil-policiais-por-dia-no-litoral-do-rn\/#primaryimage\",\"url\":\"https:\/\/deputadotaveirajr.com.br\/wp-content\/uploads\/2025\/01\/whatsapp-image-2025-01-09-at-16.17.03-8mi91Q.jpeg\",\"contentUrl\":\"https:\/\/deputadotaveirajr.com.br\/wp-content\/uploads\/2025\/01\/whatsapp-image-2025-01-09-at-16.17.03-8mi91Q.jpeg\",\"width\":1600,\"height\":1066},{\"@type\":\"BreadcrumbList\",\"@id\":\"https:\/\/deputadotaveirajr.com.br\/index.php\/operacao-verao-2025-tem-inicio-com-efetivo-de-13-mil-policiais-por-dia-no-litoral-do-rn\/#breadcrumb\",\"itemListElement\":[{\"@type\":\"ListItem\",\"position\":1,\"name\":\"In\u00edcio\",\"item\":\"https:\/\/deputadotaveirajr.com.br\/\"},{\"@type\":\"ListItem\",\"position\":2,\"name\":\"Opera\u00e7\u00e3o Ver\u00e3o 2025 tem in\u00edcio com efetivo de 1,3 mil policiais por dia no litoral do RN\"}]},{\"@type\":\"WebSite\",\"@id\":\"https:\/\/deputadotaveirajr.com.br\/#website\",\"url\":\"https:\/\/deputadotaveirajr.com.br\/\",\"name\":\"Taveira Jr\",\"description\":\"Deputado Estadual\",\"publisher\":{\"@id\":\"https:\/\/deputadotaveirajr.com.br\/#organization\"},\"potentialAction\":[{\"@type\":\"SearchAction\",\"target\":{\"@type\":\"EntryPoint\",\"urlTemplate\":\"https:\/\/deputadotaveirajr.com.br\/?s={search_term_string}\"},\"query-input\":{\"@type\":\"PropertyValueSpecification\",\"valueRequired\":true,\"valueName\":\"search_term_string\"}}],\"inLanguage\":\"pt-BR\"},{\"@type\":\"Organization\",\"@id\":\"https:\/\/deputadotaveirajr.com.br\/#organization\",\"name\":\"Taveira Jr\",\"url\":\"https:\/\/deputadotaveirajr.com.br\/\",\"logo\":{\"@type\":\"ImageObject\",\"inLanguage\":\"pt-BR\",\"@id\":\"https:\/\/deputadotaveirajr.com.br\/#\/schema\/logo\/image\/\",\"url\":\"https:\/\/deputadotaveirajr.com.br\/wp-content\/uploads\/2026\/01\/logolow2a.png\",\"contentUrl\":\"https:\/\/deputadotaveirajr.com.br\/wp-content\/uploads\/2026\/01\/logolow2a.png\",\"width\":290,\"height\":80,\"caption\":\"Taveira Jr\"},\"image\":{\"@id\":\"https:\/\/deputadotaveirajr.com.br\/#\/schema\/logo\/image\/\"}}]}<\/script>\n<!-- \/ Yoast SEO plugin. -->","yoast_head_json":{"title":"Opera\u00e7\u00e3o Ver\u00e3o 2025 tem in\u00edcio com efetivo de 1,3 mil policiais por dia no litoral do RN - Taveira Jr","robots":{"index":"index","follow":"follow","max-snippet":"max-snippet:-1","max-image-preview":"max-image-preview:large","max-video-preview":"max-video-preview:-1"},"canonical":"https:\/\/deputadotaveirajr.com.br\/index.php\/operacao-verao-2025-tem-inicio-com-efetivo-de-13-mil-policiais-por-dia-no-litoral-do-rn\/","og_locale":"pt_BR","og_type":"article","og_title":"Opera\u00e7\u00e3o Ver\u00e3o 2025 tem in\u00edcio com efetivo de 1,3 mil policiais por dia no litoral do RN - Taveira Jr","og_description":"Opera\u00e7\u00e3o segue at\u00e9 o dia 27 de fevereiro no litoral potiguar. Investimento nesta edi\u00e7\u00e3o, segundo governo do Estado, \u00e9 de R$ 10 milh\u00f5es. Policiais militares no litoral do Rio Grande ...","og_url":"https:\/\/deputadotaveirajr.com.br\/index.php\/operacao-verao-2025-tem-inicio-com-efetivo-de-13-mil-policiais-por-dia-no-litoral-do-rn\/","og_site_name":"Taveira Jr","og_image":[{"url":"https:\/\/s2-g1.glbimg.com\/GxnVXCcHenQK4vm0P9_XnLeTDoY=\/i.s3.glbimg.com\/v1\/AUTH_59edd422c0c84a879bd37670ae4f538a\/internal_photos\/bs\/2025\/4\/D\/3yDmavR5aoetSpZh1AGw\/whatsapp-image-2025-01-09-at-16.17.03.jpeg","type":"","width":"","height":""}],"twitter_card":"summary_large_image","twitter_misc":{"Est. tempo de leitura":"3 minutos"},"schema":{"@context":"https:\/\/schema.org","@graph":[{"@type":"WebPage","@id":"https:\/\/deputadotaveirajr.com.br\/index.php\/operacao-verao-2025-tem-inicio-com-efetivo-de-13-mil-policiais-por-dia-no-litoral-do-rn\/","url":"https:\/\/deputadotaveirajr.com.br\/index.php\/operacao-verao-2025-tem-inicio-com-efetivo-de-13-mil-policiais-por-dia-no-litoral-do-rn\/","name":"Opera\u00e7\u00e3o Ver\u00e3o 2025 tem in\u00edcio com efetivo de 1,3 mil policiais por dia no litoral do RN - Taveira Jr","isPartOf":{"@id":"https:\/\/deputadotaveirajr.com.br\/#website"},"primaryImageOfPage":{"@id":"https:\/\/deputadotaveirajr.com.br\/index.php\/operacao-verao-2025-tem-inicio-com-efetivo-de-13-mil-policiais-por-dia-no-litoral-do-rn\/#primaryimage"},"image":{"@id":"https:\/\/deputadotaveirajr.com.br\/index.php\/operacao-verao-2025-tem-inicio-com-efetivo-de-13-mil-policiais-por-dia-no-litoral-do-rn\/#primaryimage"},"thumbnailUrl":"https:\/\/deputadotaveirajr.com.br\/wp-content\/uploads\/2025\/01\/whatsapp-image-2025-01-09-at-16.17.03-8mi91Q.jpeg","datePublished":"2025-01-09T20:56:51+00:00","breadcrumb":{"@id":"https:\/\/deputadotaveirajr.com.br\/index.php\/operacao-verao-2025-tem-inicio-com-efetivo-de-13-mil-policiais-por-dia-no-litoral-do-rn\/#breadcrumb"},"inLanguage":"pt-BR","potentialAction":[{"@type":"ReadAction","target":["https:\/\/deputadotaveirajr.com.br\/index.php\/operacao-verao-2025-tem-inicio-com-efetivo-de-13-mil-policiais-por-dia-no-litoral-do-rn\/"]}]},{"@type":"ImageObject","inLanguage":"pt-BR","@id":"https:\/\/deputadotaveirajr.com.br\/index.php\/operacao-verao-2025-tem-inicio-com-efetivo-de-13-mil-policiais-por-dia-no-litoral-do-rn\/#primaryimage","url":"https:\/\/deputadotaveirajr.com.br\/wp-content\/uploads\/2025\/01\/whatsapp-image-2025-01-09-at-16.17.03-8mi91Q.jpeg","contentUrl":"https:\/\/deputadotaveirajr.com.br\/wp-content\/uploads\/2025\/01\/whatsapp-image-2025-01-09-at-16.17.03-8mi91Q.jpeg","width":1600,"height":1066},{"@type":"BreadcrumbList","@id":"https:\/\/deputadotaveirajr.com.br\/index.php\/operacao-verao-2025-tem-inicio-com-efetivo-de-13-mil-policiais-por-dia-no-litoral-do-rn\/#breadcrumb","itemListElement":[{"@type":"ListItem","position":1,"name":"In\u00edcio","item":"https:\/\/deputadotaveirajr.com.br\/"},{"@type":"ListItem","position":2,"name":"Opera\u00e7\u00e3o Ver\u00e3o 2025 tem in\u00edcio com efetivo de 1,3 mil policiais por dia no litoral do RN"}]},{"@type":"WebSite","@id":"https:\/\/deputadotaveirajr.com.br\/#website","url":"https:\/\/deputadotaveirajr.com.br\/","name":"Taveira Jr","description":"Deputado Estadual","publisher":{"@id":"https:\/\/deputadotaveirajr.com.br\/#organization"},"potentialAction":[{"@type":"SearchAction","target":{"@type":"EntryPoint","urlTemplate":"https:\/\/deputadotaveirajr.com.br\/?s={search_term_string}"},"query-input":{"@type":"PropertyValueSpecification","valueRequired":true,"valueName":"search_term_string"}}],"inLanguage":"pt-BR"},{"@type":"Organization","@id":"https:\/\/deputadotaveirajr.com.br\/#organization","name":"Taveira Jr","url":"https:\/\/deputadotaveirajr.com.br\/","logo":{"@type":"ImageObject","inLanguage":"pt-BR","@id":"https:\/\/deputadotaveirajr.com.br\/#\/schema\/logo\/image\/","url":"https:\/\/deputadotaveirajr.com.br\/wp-content\/uploads\/2026\/01\/logolow2a.png","contentUrl":"https:\/\/deputadotaveirajr.com.br\/wp-content\/uploads\/2026\/01\/logolow2a.png","width":290,"height":80,"caption":"Taveira Jr"},"image":{"@id":"https:\/\/deputadotaveirajr.com.br\/#\/schema\/logo\/image\/"}}]}},"_links":{"self":[{"href":"https:\/\/deputadotaveirajr.com.br\/index.php\/wp-json\/wp\/v2\/pages\/11970","targetHints":{"allow":["GET"]}}],"collection":[{"href":"https:\/\/deputadotaveirajr.com.br\/index.php\/wp-json\/wp\/v2\/pages"}],"about":[{"href":"https:\/\/deputadotaveirajr.com.br\/index.php\/wp-json\/wp\/v2\/types\/page"}],"replies":[{"embeddable":true,"href":"https:\/\/deputadotaveirajr.com.br\/index.php\/wp-json\/wp\/v2\/comments?post=11970"}],"version-history":[{"count":0,"href":"https:\/\/deputadotaveirajr.com.br\/index.php\/wp-json\/wp\/v2\/pages\/11970\/revisions"}],"wp:featuredmedia":[{"embeddable":true,"href":"https:\/\/deputadotaveirajr.com.br\/index.php\/wp-json\/wp\/v2\/media\/11971"}],"wp:attachment":[{"href":"https:\/\/deputadotaveirajr.com.br\/index.php\/wp-json\/wp\/v2\/media?parent=11970"}],"curies":[{"name":"wp","href":"https:\/\/api.w.org\/{rel}","templated":true}]}}