{"id":11972,"date":"2025-01-09T20:30:44","date_gmt":"2025-01-09T23:30:44","guid":{"rendered":"https:\/\/deputadotaveirajr.com.br\/index.php\/criminosos-arrombam-loja-de-eletronicos-e-roubam-r-500-mil-em-produtos-em-mossoro-diz-policia\/"},"modified":"2025-01-09T20:30:44","modified_gmt":"2025-01-09T23:30:44","slug":"criminosos-arrombam-loja-de-eletronicos-e-roubam-r-500-mil-em-produtos-em-mossoro-diz-policia","status":"publish","type":"page","link":"https:\/\/deputadotaveirajr.com.br\/index.php\/criminosos-arrombam-loja-de-eletronicos-e-roubam-r-500-mil-em-produtos-em-mossoro-diz-policia\/","title":{"rendered":"Criminosos arrombam loja de eletr\u00f4nicos e roubam R$ 500 mil em produtos em Mossor\u00f3, diz pol\u00edcia"},"content":{"rendered":"<p><img decoding=\"async\" src=\"https:\/\/s2-g1.glbimg.com\/VNAUOavWeomTN3EkRetM-rx5Mdw=\/i.s3.glbimg.com\/v1\/AUTH_59edd422c0c84a879bd37670ae4f538a\/internal_photos\/bs\/2025\/Z\/B\/N3PSBhQTmzMsYBZgRp2g\/captura-de-tela-2025-01-09-202712.png\" \/><br \/>     Crime aconteceu na madrugada desta quinta-feira (9). Hip\u00f3tese \u00e9 que criminosos entraram por um buraco feito na parede da loja e retiraram os produtos, principalmente celulares. Loja foi arrombada por criminosos na madrugada desta quinta-feira<br \/>\nCedida<br \/>\nCriminosos invadiram na madrugada desta quinta-feira (9) uma loja de aparelhos eletr\u00f4nicos na cidade de Mossor\u00f3, Regi\u00e3o Oeste do Rio Grande do Norte, e roubaram o equivalente a R$ 500 mil em produtos, segundo a Pol\u00edcia Civil.<br \/>\nA loja fica na Rua Jo\u00e3o da Esc\u00f3ssia, no bairro Nova Beth\u00e2nia, pr\u00f3ximo ao est\u00e1dio Nogueir\u00e3o. Entre os principais produtos roubados pelos criminosos, segundo a Civil, est\u00e3o celulares.<br \/>\n\ud83d\udcf3Participe do canal do g1 RN no WhatsApp<br \/>\nA hip\u00f3tese investigada \u00e9 que os criminosos tenham entrado por um buraco feito na parede. A Pol\u00edcia Civil iniciou a investiga\u00e7\u00e3o do caso e informou que n\u00e3o descarta nenhuma possibilidade.<br \/>\nOs agentes de seguran\u00e7a recolheram imagens de c\u00e2meras de seguran\u00e7a do estabelecimento e de casas vizinhas, que devem ser analisadas nesta sexta-feira.<br \/>\nAt\u00e9 a atualiza\u00e7\u00e3o mais recente desta reportagem, ningu\u00e9m havia sido preso.<br \/>\nLoja tinha buraco na parede<br \/>\nCedida<br \/>\nV\u00eddeos mais assistidos do g1 RN<\/p>","protected":false},"excerpt":{"rendered":"<p>Crime aconteceu na madrugada desta quinta-feira (9). Hip\u00f3tese \u00e9 que criminosos entraram por um buraco feito na parede da loja e retiraram os produtos, principalmente celulares. Loja foi arrombada por &#8230;<\/p>\n","protected":false},"author":0,"featured_media":11973,"parent":0,"menu_order":0,"comment_status":"closed","ping_status":"closed","template":"","meta":{"footnotes":""},"class_list":["post-11972","page","type-page","status-publish","has-post-thumbnail","hentry"],"yoast_head":"<!-- This site is optimized with the Yoast SEO plugin v27.1.1 - https:\/\/yoast.com\/product\/yoast-seo-wordpress\/ -->\n<title>Criminosos arrombam loja de eletr\u00f4nicos e roubam R$ 500 mil em produtos em Mossor\u00f3, diz pol\u00edcia - Taveira Jr<\/title>\n<meta name=\"robots\" content=\"index, follow, max-snippet:-1, max-image-preview:large, max-video-preview:-1\" \/>\n<link rel=\"canonical\" href=\"https:\/\/deputadotaveirajr.com.br\/index.php\/criminosos-arrombam-loja-de-eletronicos-e-roubam-r-500-mil-em-produtos-em-mossoro-diz-policia\/\" \/>\n<meta property=\"og:locale\" content=\"pt_BR\" \/>\n<meta property=\"og:type\" content=\"article\" \/>\n<meta property=\"og:title\" content=\"Criminosos arrombam loja de eletr\u00f4nicos e roubam R$ 500 mil em produtos em Mossor\u00f3, diz pol\u00edcia - Taveira Jr\" \/>\n<meta property=\"og:description\" content=\"Crime aconteceu na madrugada desta quinta-feira (9). Hip\u00f3tese \u00e9 que criminosos entraram por um buraco feito na parede da loja e retiraram os produtos, principalmente celulares. Loja foi arrombada por ...\" \/>\n<meta property=\"og:url\" content=\"https:\/\/deputadotaveirajr.com.br\/index.php\/criminosos-arrombam-loja-de-eletronicos-e-roubam-r-500-mil-em-produtos-em-mossoro-diz-policia\/\" \/>\n<meta property=\"og:site_name\" content=\"Taveira Jr\" \/>\n<meta property=\"og:image\" content=\"https:\/\/s2-g1.glbimg.com\/VNAUOavWeomTN3EkRetM-rx5Mdw=\/i.s3.glbimg.com\/v1\/AUTH_59edd422c0c84a879bd37670ae4f538a\/internal_photos\/bs\/2025\/Z\/B\/N3PSBhQTmzMsYBZgRp2g\/captura-de-tela-2025-01-09-202712.png\" \/>\n<meta name=\"twitter:card\" content=\"summary_large_image\" \/>\n<meta name=\"twitter:label1\" content=\"Est. tempo de leitura\" \/>\n\t<meta name=\"twitter:data1\" content=\"1 minuto\" \/>\n<script type=\"application\/ld+json\" class=\"yoast-schema-graph\">{\"@context\":\"https:\/\/schema.org\",\"@graph\":[{\"@type\":\"WebPage\",\"@id\":\"https:\/\/deputadotaveirajr.com.br\/index.php\/criminosos-arrombam-loja-de-eletronicos-e-roubam-r-500-mil-em-produtos-em-mossoro-diz-policia\/\",\"url\":\"https:\/\/deputadotaveirajr.com.br\/index.php\/criminosos-arrombam-loja-de-eletronicos-e-roubam-r-500-mil-em-produtos-em-mossoro-diz-policia\/\",\"name\":\"Criminosos arrombam loja de eletr\u00f4nicos e roubam R$ 500 mil em produtos em Mossor\u00f3, diz pol\u00edcia - Taveira Jr\",\"isPartOf\":{\"@id\":\"https:\/\/deputadotaveirajr.com.br\/#website\"},\"primaryImageOfPage\":{\"@id\":\"https:\/\/deputadotaveirajr.com.br\/index.php\/criminosos-arrombam-loja-de-eletronicos-e-roubam-r-500-mil-em-produtos-em-mossoro-diz-policia\/#primaryimage\"},\"image\":{\"@id\":\"https:\/\/deputadotaveirajr.com.br\/index.php\/criminosos-arrombam-loja-de-eletronicos-e-roubam-r-500-mil-em-produtos-em-mossoro-diz-policia\/#primaryimage\"},\"thumbnailUrl\":\"https:\/\/deputadotaveirajr.com.br\/wp-content\/uploads\/2025\/01\/captura-de-tela-2025-01-09-202712-dw1qrW.jpeg\",\"datePublished\":\"2025-01-09T23:30:44+00:00\",\"breadcrumb\":{\"@id\":\"https:\/\/deputadotaveirajr.com.br\/index.php\/criminosos-arrombam-loja-de-eletronicos-e-roubam-r-500-mil-em-produtos-em-mossoro-diz-policia\/#breadcrumb\"},\"inLanguage\":\"pt-BR\",\"potentialAction\":[{\"@type\":\"ReadAction\",\"target\":[\"https:\/\/deputadotaveirajr.com.br\/index.php\/criminosos-arrombam-loja-de-eletronicos-e-roubam-r-500-mil-em-produtos-em-mossoro-diz-policia\/\"]}]},{\"@type\":\"ImageObject\",\"inLanguage\":\"pt-BR\",\"@id\":\"https:\/\/deputadotaveirajr.com.br\/index.php\/criminosos-arrombam-loja-de-eletronicos-e-roubam-r-500-mil-em-produtos-em-mossoro-diz-policia\/#primaryimage\",\"url\":\"https:\/\/deputadotaveirajr.com.br\/wp-content\/uploads\/2025\/01\/captura-de-tela-2025-01-09-202712-dw1qrW.jpeg\",\"contentUrl\":\"https:\/\/deputadotaveirajr.com.br\/wp-content\/uploads\/2025\/01\/captura-de-tela-2025-01-09-202712-dw1qrW.jpeg\",\"width\":788,\"height\":620},{\"@type\":\"BreadcrumbList\",\"@id\":\"https:\/\/deputadotaveirajr.com.br\/index.php\/criminosos-arrombam-loja-de-eletronicos-e-roubam-r-500-mil-em-produtos-em-mossoro-diz-policia\/#breadcrumb\",\"itemListElement\":[{\"@type\":\"ListItem\",\"position\":1,\"name\":\"In\u00edcio\",\"item\":\"https:\/\/deputadotaveirajr.com.br\/\"},{\"@type\":\"ListItem\",\"position\":2,\"name\":\"Criminosos arrombam loja de eletr\u00f4nicos e roubam R$ 500 mil em produtos em Mossor\u00f3, diz pol\u00edcia\"}]},{\"@type\":\"WebSite\",\"@id\":\"https:\/\/deputadotaveirajr.com.br\/#website\",\"url\":\"https:\/\/deputadotaveirajr.com.br\/\",\"name\":\"Taveira Jr\",\"description\":\"Deputado Estadual\",\"publisher\":{\"@id\":\"https:\/\/deputadotaveirajr.com.br\/#organization\"},\"potentialAction\":[{\"@type\":\"SearchAction\",\"target\":{\"@type\":\"EntryPoint\",\"urlTemplate\":\"https:\/\/deputadotaveirajr.com.br\/?s={search_term_string}\"},\"query-input\":{\"@type\":\"PropertyValueSpecification\",\"valueRequired\":true,\"valueName\":\"search_term_string\"}}],\"inLanguage\":\"pt-BR\"},{\"@type\":\"Organization\",\"@id\":\"https:\/\/deputadotaveirajr.com.br\/#organization\",\"name\":\"Taveira Jr\",\"url\":\"https:\/\/deputadotaveirajr.com.br\/\",\"logo\":{\"@type\":\"ImageObject\",\"inLanguage\":\"pt-BR\",\"@id\":\"https:\/\/deputadotaveirajr.com.br\/#\/schema\/logo\/image\/\",\"url\":\"https:\/\/deputadotaveirajr.com.br\/wp-content\/uploads\/2026\/01\/logolow2a.png\",\"contentUrl\":\"https:\/\/deputadotaveirajr.com.br\/wp-content\/uploads\/2026\/01\/logolow2a.png\",\"width\":290,\"height\":80,\"caption\":\"Taveira Jr\"},\"image\":{\"@id\":\"https:\/\/deputadotaveirajr.com.br\/#\/schema\/logo\/image\/\"}}]}<\/script>\n<!-- \/ Yoast SEO plugin. -->","yoast_head_json":{"title":"Criminosos arrombam loja de eletr\u00f4nicos e roubam R$ 500 mil em produtos em Mossor\u00f3, diz pol\u00edcia - Taveira Jr","robots":{"index":"index","follow":"follow","max-snippet":"max-snippet:-1","max-image-preview":"max-image-preview:large","max-video-preview":"max-video-preview:-1"},"canonical":"https:\/\/deputadotaveirajr.com.br\/index.php\/criminosos-arrombam-loja-de-eletronicos-e-roubam-r-500-mil-em-produtos-em-mossoro-diz-policia\/","og_locale":"pt_BR","og_type":"article","og_title":"Criminosos arrombam loja de eletr\u00f4nicos e roubam R$ 500 mil em produtos em Mossor\u00f3, diz pol\u00edcia - Taveira Jr","og_description":"Crime aconteceu na madrugada desta quinta-feira (9). Hip\u00f3tese \u00e9 que criminosos entraram por um buraco feito na parede da loja e retiraram os produtos, principalmente celulares. Loja foi arrombada por ...","og_url":"https:\/\/deputadotaveirajr.com.br\/index.php\/criminosos-arrombam-loja-de-eletronicos-e-roubam-r-500-mil-em-produtos-em-mossoro-diz-policia\/","og_site_name":"Taveira Jr","og_image":[{"url":"https:\/\/s2-g1.glbimg.com\/VNAUOavWeomTN3EkRetM-rx5Mdw=\/i.s3.glbimg.com\/v1\/AUTH_59edd422c0c84a879bd37670ae4f538a\/internal_photos\/bs\/2025\/Z\/B\/N3PSBhQTmzMsYBZgRp2g\/captura-de-tela-2025-01-09-202712.png","type":"","width":"","height":""}],"twitter_card":"summary_large_image","twitter_misc":{"Est. tempo de leitura":"1 minuto"},"schema":{"@context":"https:\/\/schema.org","@graph":[{"@type":"WebPage","@id":"https:\/\/deputadotaveirajr.com.br\/index.php\/criminosos-arrombam-loja-de-eletronicos-e-roubam-r-500-mil-em-produtos-em-mossoro-diz-policia\/","url":"https:\/\/deputadotaveirajr.com.br\/index.php\/criminosos-arrombam-loja-de-eletronicos-e-roubam-r-500-mil-em-produtos-em-mossoro-diz-policia\/","name":"Criminosos arrombam loja de eletr\u00f4nicos e roubam R$ 500 mil em produtos em Mossor\u00f3, diz pol\u00edcia - Taveira Jr","isPartOf":{"@id":"https:\/\/deputadotaveirajr.com.br\/#website"},"primaryImageOfPage":{"@id":"https:\/\/deputadotaveirajr.com.br\/index.php\/criminosos-arrombam-loja-de-eletronicos-e-roubam-r-500-mil-em-produtos-em-mossoro-diz-policia\/#primaryimage"},"image":{"@id":"https:\/\/deputadotaveirajr.com.br\/index.php\/criminosos-arrombam-loja-de-eletronicos-e-roubam-r-500-mil-em-produtos-em-mossoro-diz-policia\/#primaryimage"},"thumbnailUrl":"https:\/\/deputadotaveirajr.com.br\/wp-content\/uploads\/2025\/01\/captura-de-tela-2025-01-09-202712-dw1qrW.jpeg","datePublished":"2025-01-09T23:30:44+00:00","breadcrumb":{"@id":"https:\/\/deputadotaveirajr.com.br\/index.php\/criminosos-arrombam-loja-de-eletronicos-e-roubam-r-500-mil-em-produtos-em-mossoro-diz-policia\/#breadcrumb"},"inLanguage":"pt-BR","potentialAction":[{"@type":"ReadAction","target":["https:\/\/deputadotaveirajr.com.br\/index.php\/criminosos-arrombam-loja-de-eletronicos-e-roubam-r-500-mil-em-produtos-em-mossoro-diz-policia\/"]}]},{"@type":"ImageObject","inLanguage":"pt-BR","@id":"https:\/\/deputadotaveirajr.com.br\/index.php\/criminosos-arrombam-loja-de-eletronicos-e-roubam-r-500-mil-em-produtos-em-mossoro-diz-policia\/#primaryimage","url":"https:\/\/deputadotaveirajr.com.br\/wp-content\/uploads\/2025\/01\/captura-de-tela-2025-01-09-202712-dw1qrW.jpeg","contentUrl":"https:\/\/deputadotaveirajr.com.br\/wp-content\/uploads\/2025\/01\/captura-de-tela-2025-01-09-202712-dw1qrW.jpeg","width":788,"height":620},{"@type":"BreadcrumbList","@id":"https:\/\/deputadotaveirajr.com.br\/index.php\/criminosos-arrombam-loja-de-eletronicos-e-roubam-r-500-mil-em-produtos-em-mossoro-diz-policia\/#breadcrumb","itemListElement":[{"@type":"ListItem","position":1,"name":"In\u00edcio","item":"https:\/\/deputadotaveirajr.com.br\/"},{"@type":"ListItem","position":2,"name":"Criminosos arrombam loja de eletr\u00f4nicos e roubam R$ 500 mil em produtos em Mossor\u00f3, diz pol\u00edcia"}]},{"@type":"WebSite","@id":"https:\/\/deputadotaveirajr.com.br\/#website","url":"https:\/\/deputadotaveirajr.com.br\/","name":"Taveira Jr","description":"Deputado Estadual","publisher":{"@id":"https:\/\/deputadotaveirajr.com.br\/#organization"},"potentialAction":[{"@type":"SearchAction","target":{"@type":"EntryPoint","urlTemplate":"https:\/\/deputadotaveirajr.com.br\/?s={search_term_string}"},"query-input":{"@type":"PropertyValueSpecification","valueRequired":true,"valueName":"search_term_string"}}],"inLanguage":"pt-BR"},{"@type":"Organization","@id":"https:\/\/deputadotaveirajr.com.br\/#organization","name":"Taveira Jr","url":"https:\/\/deputadotaveirajr.com.br\/","logo":{"@type":"ImageObject","inLanguage":"pt-BR","@id":"https:\/\/deputadotaveirajr.com.br\/#\/schema\/logo\/image\/","url":"https:\/\/deputadotaveirajr.com.br\/wp-content\/uploads\/2026\/01\/logolow2a.png","contentUrl":"https:\/\/deputadotaveirajr.com.br\/wp-content\/uploads\/2026\/01\/logolow2a.png","width":290,"height":80,"caption":"Taveira Jr"},"image":{"@id":"https:\/\/deputadotaveirajr.com.br\/#\/schema\/logo\/image\/"}}]}},"_links":{"self":[{"href":"https:\/\/deputadotaveirajr.com.br\/index.php\/wp-json\/wp\/v2\/pages\/11972","targetHints":{"allow":["GET"]}}],"collection":[{"href":"https:\/\/deputadotaveirajr.com.br\/index.php\/wp-json\/wp\/v2\/pages"}],"about":[{"href":"https:\/\/deputadotaveirajr.com.br\/index.php\/wp-json\/wp\/v2\/types\/page"}],"replies":[{"embeddable":true,"href":"https:\/\/deputadotaveirajr.com.br\/index.php\/wp-json\/wp\/v2\/comments?post=11972"}],"version-history":[{"count":0,"href":"https:\/\/deputadotaveirajr.com.br\/index.php\/wp-json\/wp\/v2\/pages\/11972\/revisions"}],"wp:featuredmedia":[{"embeddable":true,"href":"https:\/\/deputadotaveirajr.com.br\/index.php\/wp-json\/wp\/v2\/media\/11973"}],"wp:attachment":[{"href":"https:\/\/deputadotaveirajr.com.br\/index.php\/wp-json\/wp\/v2\/media?parent=11972"}],"curies":[{"name":"wp","href":"https:\/\/api.w.org\/{rel}","templated":true}]}}