{"id":11974,"date":"2025-01-09T20:08:24","date_gmt":"2025-01-09T23:08:24","guid":{"rendered":"https:\/\/deputadotaveirajr.com.br\/index.php\/paciente-passa-por-transplante-de-coracao-em-natal-apos-receber-orgao-de-doadora-de-mossoro\/"},"modified":"2025-01-09T20:08:24","modified_gmt":"2025-01-09T23:08:24","slug":"paciente-passa-por-transplante-de-coracao-em-natal-apos-receber-orgao-de-doadora-de-mossoro","status":"publish","type":"page","link":"https:\/\/deputadotaveirajr.com.br\/index.php\/paciente-passa-por-transplante-de-coracao-em-natal-apos-receber-orgao-de-doadora-de-mossoro\/","title":{"rendered":"Paciente passa por transplante de cora\u00e7\u00e3o em Natal ap\u00f3s receber \u00f3rg\u00e3o de doadora de Mossor\u00f3"},"content":{"rendered":"<p><img decoding=\"async\" src=\"https:\/\/s2-g1.glbimg.com\/7JHRnIVph61CWQzh9Lg7z0E-uzg=\/i.s3.glbimg.com\/v1\/AUTH_59edd422c0c84a879bd37670ae4f538a\/internal_photos\/bs\/2025\/L\/K\/pYx6XBQN6qrIO3m0FwBQ\/whatsapp-image-2025-01-09-at-15.26.49.jpeg\" \/><br \/>     Transplante movimentou equipes m\u00e9dicas das duas cidades e contou com com um avi\u00e3o da For\u00e7a A\u00e9rea Brasileira (FAB) para o transporte r\u00e1pido do \u00f3rg\u00e3o. Transplante card\u00edaco ocorreu na tarde desta quinta em Natal<br \/>\nDivulga\u00e7\u00e3o<br \/>\nUm homem de 67 anos de idade recebeu um transplante de cora\u00e7\u00e3o na tarde desta quinta-feira (9) em Natal. A doadora foi uma mulher de 38 anos que morreu em decorr\u00eancia de uma cirurgia em Mossor\u00f3, na Regi\u00e3o Oeste do estado.<br \/>\nEsse foi o primeiro transplante de cora\u00e7\u00e3o realizado neste ano de 2025.<br \/>\nO transplante movimentou equipes m\u00e9dicas das duas cidades. Isso porque, segundo os m\u00e9dicos envolvidos na doa\u00e7\u00e3o, \u00e9 necess\u00e1rio que &#8211; entre a retirada do cora\u00e7\u00e3o do doador e o transplante no paciente que vai receb\u00ea-lo &#8211; haja um intervalo de no m\u00e1ximo 4 horas.<br \/>\n\ud83d\udcf3Participe do canal do g1 RN no WhatsApp<br \/>\n&#8220;Esse \u00e9 o tempo ideal&#8221;, explicou o m\u00e9dico-cirurgi\u00e3o cardiovascular Marcelo Cascudo, que realizou a opera\u00e7\u00e3o em Natal. Neste caso, todo esse processo durou 3h16, considerado &#8220;um prazo necess\u00e1rio e bom pra se fazer essa cirurgia&#8221;, refor\u00e7ou.<br \/>\nUm avi\u00e3o da For\u00e7a A\u00e9rea Brasileira (FAB) foi utilizado para levar o \u00f3rg\u00e3o de Mossor\u00f3 para Natal para a cirurgia, que foi realizado em um hospital privado de Natal que \u00e9 refer\u00eancia em procedimentos card\u00edacos. Tr\u00eas m\u00e9dicos e uma enfermeira estavam no avi\u00e3o.<br \/>\nLEIA TAMB\u00c9M<br \/>\nEM 2022: Ap\u00f3s 10 anos, RN voltou a realizar transplante de cora\u00e7\u00e3o<br \/>\nCOMO \u00c9? Saiba como funciona um transplante de cora\u00e7\u00e3o<br \/>\nProgn\u00f3stico n\u00e3o era bom<br \/>\nO paciente de 67 anos de idade que recebeu o \u00f3rg\u00e3o em Natal havia entrado em dezembro na fila \u00fanica da Central de Transplantes da Secretaria de Sa\u00fade do RN &#8211; que \u00e9 controlada pelo Sistema Nacional de Transplantes.<br \/>\nSegundo o m\u00e9dico Marcelo Cascudo, o paciente n\u00e3o tinha um bom progn\u00f3stico &#8211; sem responder a outros procedimentos -, e o transplante pode mudar a vida dele.<br \/>\n&#8220;Um receptor que vinha sofrendo dor, um paciente com v\u00e1rias interna\u00e7\u00f5es hospitalares aqui no Rio Grande. Colocou um desfibrilador, colocou um aparelho tipo marca-passo pra melhorar o batimento card\u00edaco dele pra facilitar essa fun\u00e7\u00e3o do m\u00fasculo dele. Mesmo assim, ficou um tempo piorando, n\u00e3o respondeu bem a esse tratamento&#8221;, explicou.<br \/>\n&#8220;Estava realmente caminhando para o fim da vida dele. Ent\u00e3o tinha a indica\u00e7\u00e3o do transplante, e ele teve a sorte de aparecer uma doadora, de Mossor\u00f3&#8221;.<br \/>\nO m\u00e9dico ainda refor\u00e7ou que a doadora tinha muita compatibilidade com o paciente que recebeu o cora\u00e7\u00e3o, com alturas e pesos parecidos, al\u00e9m do tipo sangu\u00edneo igual.<br \/>\n&#8220;Foi pra ele uma sorte, uma ben\u00e7\u00e3o de Deus ele ter essa doa\u00e7\u00e3o&#8221;, disse.<br \/>\nDoa\u00e7\u00e3o de mais \u00f3rg\u00e3os<br \/>\nA fam\u00edlia da mulher de 38 anos que morreu em Mossor\u00f3 doou tamb\u00e9m, al\u00e9m do cora\u00e7\u00e3o, os rins (levados para o Rio Grande do Sul e Minas Gerais) e o f\u00edgado dela (doado para Pernambuco).<br \/>\n&#8220;A gente incentiva muito a doa\u00e7\u00e3o porque, de certa forma, \u00e9 um renascimento daquela pessoa que estava em casa, ou ent\u00e3o aquela pessoa que estava no hospital em uma condi\u00e7\u00e3o lim\u00edtrofe demais, e com a doa\u00e7\u00e3o voc\u00ea tem uma nova oportunidade para seguir em frente na sua luta di\u00e1ria&#8221;, explicou o m\u00e9dico cardiologista \u00c2ngelo Chaves, que participou da opera\u00e7\u00e3o em Mossor\u00f3.<br \/>\nEm casos de doadores que morreram &#8211; como o caso da mulher da doadora de Mossor\u00f3 &#8211; geralmente s\u00e3o pacientes com diagn\u00f3stico de morte encef\u00e1lica, geralmente v\u00edtimas de cat\u00e1strofes cerebrais, como traumatismo craniano ou AVC (derrame cerebral), segundo o Minist\u00e9rio da Sa\u00fade.<br \/>\nA doa\u00e7\u00e3o \u00e9 autorizada pela fam\u00edlia, e o doador pode indicar essa vontade em vida.<br \/>\nRN: aumento de transplantes<br \/>\nO Rio Grande do Norte teve, em 2024, um aumento de cerca de 40% no n\u00famero de doa\u00e7\u00f5es de \u00f3rg\u00e3os &#8211; de todos os poss\u00edveis, n\u00e3o apenas cora\u00e7\u00e3o &#8211; em compara\u00e7\u00e3o com o ano anterior. Veja abaixo os dados da Central Estadual de Transplante de \u00d3rg\u00e3os:<br \/>\n2024: 450 procedimentos<br \/>\n2023: 320 procedimentos<br \/>\nApesar do aumento, o estado permanecia com cerca de 1 mil pacientes no aguardo por um transplante de \u00f3rg\u00e3o neste m\u00eas de janeiro, segundo a Central. A maioria no aguardo por c\u00f3rneas e rins.<br \/>\nV\u00eddeos mais assistidos do g1 RN<\/p>","protected":false},"excerpt":{"rendered":"<p>Transplante movimentou equipes m\u00e9dicas das duas cidades e contou com com um avi\u00e3o da For\u00e7a A\u00e9rea Brasileira (FAB) para o transporte r\u00e1pido do \u00f3rg\u00e3o. Transplante card\u00edaco ocorreu na tarde desta &#8230;<\/p>\n","protected":false},"author":0,"featured_media":11975,"parent":0,"menu_order":0,"comment_status":"closed","ping_status":"closed","template":"","meta":{"footnotes":""},"class_list":["post-11974","page","type-page","status-publish","has-post-thumbnail","hentry"],"yoast_head":"<!-- This site is optimized with the Yoast SEO plugin v27.1.1 - https:\/\/yoast.com\/product\/yoast-seo-wordpress\/ -->\n<title>Paciente passa por transplante de cora\u00e7\u00e3o em Natal ap\u00f3s receber \u00f3rg\u00e3o de doadora de Mossor\u00f3 - Taveira Jr<\/title>\n<meta name=\"robots\" content=\"index, follow, max-snippet:-1, max-image-preview:large, max-video-preview:-1\" \/>\n<link rel=\"canonical\" href=\"https:\/\/deputadotaveirajr.com.br\/index.php\/paciente-passa-por-transplante-de-coracao-em-natal-apos-receber-orgao-de-doadora-de-mossoro\/\" \/>\n<meta property=\"og:locale\" content=\"pt_BR\" \/>\n<meta property=\"og:type\" content=\"article\" \/>\n<meta property=\"og:title\" content=\"Paciente passa por transplante de cora\u00e7\u00e3o em Natal ap\u00f3s receber \u00f3rg\u00e3o de doadora de Mossor\u00f3 - Taveira Jr\" \/>\n<meta property=\"og:description\" content=\"Transplante movimentou equipes m\u00e9dicas das duas cidades e contou com com um avi\u00e3o da For\u00e7a A\u00e9rea Brasileira (FAB) para o transporte r\u00e1pido do \u00f3rg\u00e3o. Transplante card\u00edaco ocorreu na tarde desta ...\" \/>\n<meta property=\"og:url\" content=\"https:\/\/deputadotaveirajr.com.br\/index.php\/paciente-passa-por-transplante-de-coracao-em-natal-apos-receber-orgao-de-doadora-de-mossoro\/\" \/>\n<meta property=\"og:site_name\" content=\"Taveira Jr\" \/>\n<meta property=\"og:image\" content=\"https:\/\/s2-g1.glbimg.com\/7JHRnIVph61CWQzh9Lg7z0E-uzg=\/i.s3.glbimg.com\/v1\/AUTH_59edd422c0c84a879bd37670ae4f538a\/internal_photos\/bs\/2025\/L\/K\/pYx6XBQN6qrIO3m0FwBQ\/whatsapp-image-2025-01-09-at-15.26.49.jpeg\" \/>\n<meta name=\"twitter:card\" content=\"summary_large_image\" \/>\n<meta name=\"twitter:label1\" content=\"Est. tempo de leitura\" \/>\n\t<meta name=\"twitter:data1\" content=\"4 minutos\" \/>\n<script type=\"application\/ld+json\" class=\"yoast-schema-graph\">{\"@context\":\"https:\/\/schema.org\",\"@graph\":[{\"@type\":\"WebPage\",\"@id\":\"https:\/\/deputadotaveirajr.com.br\/index.php\/paciente-passa-por-transplante-de-coracao-em-natal-apos-receber-orgao-de-doadora-de-mossoro\/\",\"url\":\"https:\/\/deputadotaveirajr.com.br\/index.php\/paciente-passa-por-transplante-de-coracao-em-natal-apos-receber-orgao-de-doadora-de-mossoro\/\",\"name\":\"Paciente passa por transplante de cora\u00e7\u00e3o em Natal ap\u00f3s receber \u00f3rg\u00e3o de doadora de Mossor\u00f3 - Taveira Jr\",\"isPartOf\":{\"@id\":\"https:\/\/deputadotaveirajr.com.br\/#website\"},\"primaryImageOfPage\":{\"@id\":\"https:\/\/deputadotaveirajr.com.br\/index.php\/paciente-passa-por-transplante-de-coracao-em-natal-apos-receber-orgao-de-doadora-de-mossoro\/#primaryimage\"},\"image\":{\"@id\":\"https:\/\/deputadotaveirajr.com.br\/index.php\/paciente-passa-por-transplante-de-coracao-em-natal-apos-receber-orgao-de-doadora-de-mossoro\/#primaryimage\"},\"thumbnailUrl\":\"https:\/\/deputadotaveirajr.com.br\/wp-content\/uploads\/2025\/01\/whatsapp-image-2025-01-09-at-15.26.49-AqNCcs.jpeg\",\"datePublished\":\"2025-01-09T23:08:24+00:00\",\"breadcrumb\":{\"@id\":\"https:\/\/deputadotaveirajr.com.br\/index.php\/paciente-passa-por-transplante-de-coracao-em-natal-apos-receber-orgao-de-doadora-de-mossoro\/#breadcrumb\"},\"inLanguage\":\"pt-BR\",\"potentialAction\":[{\"@type\":\"ReadAction\",\"target\":[\"https:\/\/deputadotaveirajr.com.br\/index.php\/paciente-passa-por-transplante-de-coracao-em-natal-apos-receber-orgao-de-doadora-de-mossoro\/\"]}]},{\"@type\":\"ImageObject\",\"inLanguage\":\"pt-BR\",\"@id\":\"https:\/\/deputadotaveirajr.com.br\/index.php\/paciente-passa-por-transplante-de-coracao-em-natal-apos-receber-orgao-de-doadora-de-mossoro\/#primaryimage\",\"url\":\"https:\/\/deputadotaveirajr.com.br\/wp-content\/uploads\/2025\/01\/whatsapp-image-2025-01-09-at-15.26.49-AqNCcs.jpeg\",\"contentUrl\":\"https:\/\/deputadotaveirajr.com.br\/wp-content\/uploads\/2025\/01\/whatsapp-image-2025-01-09-at-15.26.49-AqNCcs.jpeg\",\"width\":1600,\"height\":1200},{\"@type\":\"BreadcrumbList\",\"@id\":\"https:\/\/deputadotaveirajr.com.br\/index.php\/paciente-passa-por-transplante-de-coracao-em-natal-apos-receber-orgao-de-doadora-de-mossoro\/#breadcrumb\",\"itemListElement\":[{\"@type\":\"ListItem\",\"position\":1,\"name\":\"In\u00edcio\",\"item\":\"https:\/\/deputadotaveirajr.com.br\/\"},{\"@type\":\"ListItem\",\"position\":2,\"name\":\"Paciente passa por transplante de cora\u00e7\u00e3o em Natal ap\u00f3s receber \u00f3rg\u00e3o de doadora de Mossor\u00f3\"}]},{\"@type\":\"WebSite\",\"@id\":\"https:\/\/deputadotaveirajr.com.br\/#website\",\"url\":\"https:\/\/deputadotaveirajr.com.br\/\",\"name\":\"Taveira Jr\",\"description\":\"Deputado Estadual\",\"publisher\":{\"@id\":\"https:\/\/deputadotaveirajr.com.br\/#organization\"},\"potentialAction\":[{\"@type\":\"SearchAction\",\"target\":{\"@type\":\"EntryPoint\",\"urlTemplate\":\"https:\/\/deputadotaveirajr.com.br\/?s={search_term_string}\"},\"query-input\":{\"@type\":\"PropertyValueSpecification\",\"valueRequired\":true,\"valueName\":\"search_term_string\"}}],\"inLanguage\":\"pt-BR\"},{\"@type\":\"Organization\",\"@id\":\"https:\/\/deputadotaveirajr.com.br\/#organization\",\"name\":\"Taveira Jr\",\"url\":\"https:\/\/deputadotaveirajr.com.br\/\",\"logo\":{\"@type\":\"ImageObject\",\"inLanguage\":\"pt-BR\",\"@id\":\"https:\/\/deputadotaveirajr.com.br\/#\/schema\/logo\/image\/\",\"url\":\"https:\/\/deputadotaveirajr.com.br\/wp-content\/uploads\/2026\/01\/logolow2a.png\",\"contentUrl\":\"https:\/\/deputadotaveirajr.com.br\/wp-content\/uploads\/2026\/01\/logolow2a.png\",\"width\":290,\"height\":80,\"caption\":\"Taveira Jr\"},\"image\":{\"@id\":\"https:\/\/deputadotaveirajr.com.br\/#\/schema\/logo\/image\/\"}}]}<\/script>\n<!-- \/ Yoast SEO plugin. -->","yoast_head_json":{"title":"Paciente passa por transplante de cora\u00e7\u00e3o em Natal ap\u00f3s receber \u00f3rg\u00e3o de doadora de Mossor\u00f3 - Taveira Jr","robots":{"index":"index","follow":"follow","max-snippet":"max-snippet:-1","max-image-preview":"max-image-preview:large","max-video-preview":"max-video-preview:-1"},"canonical":"https:\/\/deputadotaveirajr.com.br\/index.php\/paciente-passa-por-transplante-de-coracao-em-natal-apos-receber-orgao-de-doadora-de-mossoro\/","og_locale":"pt_BR","og_type":"article","og_title":"Paciente passa por transplante de cora\u00e7\u00e3o em Natal ap\u00f3s receber \u00f3rg\u00e3o de doadora de Mossor\u00f3 - Taveira Jr","og_description":"Transplante movimentou equipes m\u00e9dicas das duas cidades e contou com com um avi\u00e3o da For\u00e7a A\u00e9rea Brasileira (FAB) para o transporte r\u00e1pido do \u00f3rg\u00e3o. Transplante card\u00edaco ocorreu na tarde desta ...","og_url":"https:\/\/deputadotaveirajr.com.br\/index.php\/paciente-passa-por-transplante-de-coracao-em-natal-apos-receber-orgao-de-doadora-de-mossoro\/","og_site_name":"Taveira Jr","og_image":[{"url":"https:\/\/s2-g1.glbimg.com\/7JHRnIVph61CWQzh9Lg7z0E-uzg=\/i.s3.glbimg.com\/v1\/AUTH_59edd422c0c84a879bd37670ae4f538a\/internal_photos\/bs\/2025\/L\/K\/pYx6XBQN6qrIO3m0FwBQ\/whatsapp-image-2025-01-09-at-15.26.49.jpeg","type":"","width":"","height":""}],"twitter_card":"summary_large_image","twitter_misc":{"Est. tempo de leitura":"4 minutos"},"schema":{"@context":"https:\/\/schema.org","@graph":[{"@type":"WebPage","@id":"https:\/\/deputadotaveirajr.com.br\/index.php\/paciente-passa-por-transplante-de-coracao-em-natal-apos-receber-orgao-de-doadora-de-mossoro\/","url":"https:\/\/deputadotaveirajr.com.br\/index.php\/paciente-passa-por-transplante-de-coracao-em-natal-apos-receber-orgao-de-doadora-de-mossoro\/","name":"Paciente passa por transplante de cora\u00e7\u00e3o em Natal ap\u00f3s receber \u00f3rg\u00e3o de doadora de Mossor\u00f3 - Taveira Jr","isPartOf":{"@id":"https:\/\/deputadotaveirajr.com.br\/#website"},"primaryImageOfPage":{"@id":"https:\/\/deputadotaveirajr.com.br\/index.php\/paciente-passa-por-transplante-de-coracao-em-natal-apos-receber-orgao-de-doadora-de-mossoro\/#primaryimage"},"image":{"@id":"https:\/\/deputadotaveirajr.com.br\/index.php\/paciente-passa-por-transplante-de-coracao-em-natal-apos-receber-orgao-de-doadora-de-mossoro\/#primaryimage"},"thumbnailUrl":"https:\/\/deputadotaveirajr.com.br\/wp-content\/uploads\/2025\/01\/whatsapp-image-2025-01-09-at-15.26.49-AqNCcs.jpeg","datePublished":"2025-01-09T23:08:24+00:00","breadcrumb":{"@id":"https:\/\/deputadotaveirajr.com.br\/index.php\/paciente-passa-por-transplante-de-coracao-em-natal-apos-receber-orgao-de-doadora-de-mossoro\/#breadcrumb"},"inLanguage":"pt-BR","potentialAction":[{"@type":"ReadAction","target":["https:\/\/deputadotaveirajr.com.br\/index.php\/paciente-passa-por-transplante-de-coracao-em-natal-apos-receber-orgao-de-doadora-de-mossoro\/"]}]},{"@type":"ImageObject","inLanguage":"pt-BR","@id":"https:\/\/deputadotaveirajr.com.br\/index.php\/paciente-passa-por-transplante-de-coracao-em-natal-apos-receber-orgao-de-doadora-de-mossoro\/#primaryimage","url":"https:\/\/deputadotaveirajr.com.br\/wp-content\/uploads\/2025\/01\/whatsapp-image-2025-01-09-at-15.26.49-AqNCcs.jpeg","contentUrl":"https:\/\/deputadotaveirajr.com.br\/wp-content\/uploads\/2025\/01\/whatsapp-image-2025-01-09-at-15.26.49-AqNCcs.jpeg","width":1600,"height":1200},{"@type":"BreadcrumbList","@id":"https:\/\/deputadotaveirajr.com.br\/index.php\/paciente-passa-por-transplante-de-coracao-em-natal-apos-receber-orgao-de-doadora-de-mossoro\/#breadcrumb","itemListElement":[{"@type":"ListItem","position":1,"name":"In\u00edcio","item":"https:\/\/deputadotaveirajr.com.br\/"},{"@type":"ListItem","position":2,"name":"Paciente passa por transplante de cora\u00e7\u00e3o em Natal ap\u00f3s receber \u00f3rg\u00e3o de doadora de Mossor\u00f3"}]},{"@type":"WebSite","@id":"https:\/\/deputadotaveirajr.com.br\/#website","url":"https:\/\/deputadotaveirajr.com.br\/","name":"Taveira Jr","description":"Deputado Estadual","publisher":{"@id":"https:\/\/deputadotaveirajr.com.br\/#organization"},"potentialAction":[{"@type":"SearchAction","target":{"@type":"EntryPoint","urlTemplate":"https:\/\/deputadotaveirajr.com.br\/?s={search_term_string}"},"query-input":{"@type":"PropertyValueSpecification","valueRequired":true,"valueName":"search_term_string"}}],"inLanguage":"pt-BR"},{"@type":"Organization","@id":"https:\/\/deputadotaveirajr.com.br\/#organization","name":"Taveira Jr","url":"https:\/\/deputadotaveirajr.com.br\/","logo":{"@type":"ImageObject","inLanguage":"pt-BR","@id":"https:\/\/deputadotaveirajr.com.br\/#\/schema\/logo\/image\/","url":"https:\/\/deputadotaveirajr.com.br\/wp-content\/uploads\/2026\/01\/logolow2a.png","contentUrl":"https:\/\/deputadotaveirajr.com.br\/wp-content\/uploads\/2026\/01\/logolow2a.png","width":290,"height":80,"caption":"Taveira Jr"},"image":{"@id":"https:\/\/deputadotaveirajr.com.br\/#\/schema\/logo\/image\/"}}]}},"_links":{"self":[{"href":"https:\/\/deputadotaveirajr.com.br\/index.php\/wp-json\/wp\/v2\/pages\/11974","targetHints":{"allow":["GET"]}}],"collection":[{"href":"https:\/\/deputadotaveirajr.com.br\/index.php\/wp-json\/wp\/v2\/pages"}],"about":[{"href":"https:\/\/deputadotaveirajr.com.br\/index.php\/wp-json\/wp\/v2\/types\/page"}],"replies":[{"embeddable":true,"href":"https:\/\/deputadotaveirajr.com.br\/index.php\/wp-json\/wp\/v2\/comments?post=11974"}],"version-history":[{"count":0,"href":"https:\/\/deputadotaveirajr.com.br\/index.php\/wp-json\/wp\/v2\/pages\/11974\/revisions"}],"wp:featuredmedia":[{"embeddable":true,"href":"https:\/\/deputadotaveirajr.com.br\/index.php\/wp-json\/wp\/v2\/media\/11975"}],"wp:attachment":[{"href":"https:\/\/deputadotaveirajr.com.br\/index.php\/wp-json\/wp\/v2\/media?parent=11974"}],"curies":[{"name":"wp","href":"https:\/\/api.w.org\/{rel}","templated":true}]}}