{"id":11978,"date":"2025-01-12T10:55:14","date_gmt":"2025-01-12T13:55:14","guid":{"rendered":"https:\/\/deputadotaveirajr.com.br\/index.php\/trens-urbanos-composicoes-de-vlt-descarrilham-na-grande-natal\/"},"modified":"2025-01-12T10:55:14","modified_gmt":"2025-01-12T13:55:14","slug":"trens-urbanos-composicoes-de-vlt-descarrilham-na-grande-natal","status":"publish","type":"page","link":"https:\/\/deputadotaveirajr.com.br\/index.php\/trens-urbanos-composicoes-de-vlt-descarrilham-na-grande-natal\/","title":{"rendered":"Trens urbanos: Composi\u00e7\u00f5es de VLT descarrilham na Grande Natal"},"content":{"rendered":"<p><img decoding=\"async\" src=\"https:\/\/s2-g1.glbimg.com\/oOykz_p0KXvWk9cru-6w6cFu9Es=\/i.s3.glbimg.com\/v1\/AUTH_59edd422c0c84a879bd37670ae4f538a\/internal_photos\/bs\/2025\/Z\/F\/a2ZxrMSJKTMEcHD8JupQ\/whatsapp-image-2025-01-11-at-15.12.00.jpeg\" \/><br \/>     Casos aconteceram na tarde de s\u00e1bado (11) e suspenderam o servi\u00e7o na linha Norte. Atendimento ser\u00e1 retomado nesta segunda (13), segundo a CBTU.  VLT descarrilhado na Zona Norte de Natal<br \/>\nS\u00e9rgio Henrique Santos\/Inter TV Cabugi<br \/>\nAs viagens de trem da linha Norte de Natal foram suspensas na tarde de s\u00e1bado (11), porque duas composi\u00e7\u00f5es do Ve\u00edculo Levre Sobre Tilhos (VLT) descarrilharam &#8211; uma na Zona Norte de Natal e outra em Cear\u00e1-Mirim.<br \/>\nO ve\u00edculo leve sobre trilhos descarrilhou em um trecho do bairro Potengi, na condu\u00e7\u00e3o que seguia para Cear\u00e1-Mirim. Companhia Brasileira de Trens Urbanos (CBTU) informou que avaliava o que provocou o problema, pois se trata de um trecho reto, sem curvas e o trem sempre trafega em baixa velocidade.<br \/>\n\ud83d\udcf3Participe do canal do g1 RN no WhatsApp<br \/>\nA CBTU tamb\u00e9m confirmou que o mesmo problema ocorreu em outra composi\u00e7\u00e3o, j\u00e1 chegando em Cear\u00e1-Mirim, esta \u00faltima rapidamente consertada no come\u00e7o da tarde. No caso do bairro Potengi, foram v\u00e1rias tentativas, antes de resolver o problema.<br \/>\nA opera\u00e7\u00e3o da linha foi interrompida, causando transtornos para os usu\u00e1rios que dependem do transporte. Os passageiros tiveram que desembarcar e seguir por conta pr\u00f3pria, enquanto os t\u00e9cnicos da CBTU tentavam consertar o VLT.<br \/>\nA CBTU ainda informou que apesar do incidente, n\u00e3o houve v\u00edtimas feridas. Funcion\u00e1rios e passageiros ficaram em seguran\u00e7a.<br \/>\nPor causa do problema nas composi\u00e7\u00f5es, as viagens do s\u00e1bado \u00e0 tarde foram suspensas na linha Norte.<br \/>\nOs usu\u00e1rios que permaneciam nas esta\u00e7\u00f5es tiveram que seguir viagem por outros meios. O VLT volta a operar normalmente na segunda-feira, segundo a estatal.<br \/>\nVeja os v\u00eddeos mais assistidos no g1 RN<\/p>","protected":false},"excerpt":{"rendered":"<p>Casos aconteceram na tarde de s\u00e1bado (11) e suspenderam o servi\u00e7o na linha Norte. Atendimento ser\u00e1 retomado nesta segunda (13), segundo a CBTU. VLT descarrilhado na Zona Norte de Natal &#8230;<\/p>\n","protected":false},"author":0,"featured_media":11979,"parent":0,"menu_order":0,"comment_status":"closed","ping_status":"closed","template":"","meta":{"footnotes":""},"class_list":["post-11978","page","type-page","status-publish","has-post-thumbnail","hentry"],"yoast_head":"<!-- This site is optimized with the Yoast SEO plugin v27.1.1 - https:\/\/yoast.com\/product\/yoast-seo-wordpress\/ -->\n<title>Trens urbanos: Composi\u00e7\u00f5es de VLT descarrilham na Grande Natal - Taveira Jr<\/title>\n<meta name=\"robots\" content=\"index, follow, max-snippet:-1, max-image-preview:large, max-video-preview:-1\" \/>\n<link rel=\"canonical\" href=\"https:\/\/deputadotaveirajr.com.br\/index.php\/trens-urbanos-composicoes-de-vlt-descarrilham-na-grande-natal\/\" \/>\n<meta property=\"og:locale\" content=\"pt_BR\" \/>\n<meta property=\"og:type\" content=\"article\" \/>\n<meta property=\"og:title\" content=\"Trens urbanos: Composi\u00e7\u00f5es de VLT descarrilham na Grande Natal - Taveira Jr\" \/>\n<meta property=\"og:description\" content=\"Casos aconteceram na tarde de s\u00e1bado (11) e suspenderam o servi\u00e7o na linha Norte. Atendimento ser\u00e1 retomado nesta segunda (13), segundo a CBTU. VLT descarrilhado na Zona Norte de Natal ...\" \/>\n<meta property=\"og:url\" content=\"https:\/\/deputadotaveirajr.com.br\/index.php\/trens-urbanos-composicoes-de-vlt-descarrilham-na-grande-natal\/\" \/>\n<meta property=\"og:site_name\" content=\"Taveira Jr\" \/>\n<meta property=\"og:image\" content=\"https:\/\/s2-g1.glbimg.com\/oOykz_p0KXvWk9cru-6w6cFu9Es=\/i.s3.glbimg.com\/v1\/AUTH_59edd422c0c84a879bd37670ae4f538a\/internal_photos\/bs\/2025\/Z\/F\/a2ZxrMSJKTMEcHD8JupQ\/whatsapp-image-2025-01-11-at-15.12.00.jpeg\" \/>\n<meta name=\"twitter:card\" content=\"summary_large_image\" \/>\n<meta name=\"twitter:label1\" content=\"Est. tempo de leitura\" \/>\n\t<meta name=\"twitter:data1\" content=\"1 minuto\" \/>\n<script type=\"application\/ld+json\" class=\"yoast-schema-graph\">{\"@context\":\"https:\/\/schema.org\",\"@graph\":[{\"@type\":\"WebPage\",\"@id\":\"https:\/\/deputadotaveirajr.com.br\/index.php\/trens-urbanos-composicoes-de-vlt-descarrilham-na-grande-natal\/\",\"url\":\"https:\/\/deputadotaveirajr.com.br\/index.php\/trens-urbanos-composicoes-de-vlt-descarrilham-na-grande-natal\/\",\"name\":\"Trens urbanos: Composi\u00e7\u00f5es de VLT descarrilham na Grande Natal - Taveira Jr\",\"isPartOf\":{\"@id\":\"https:\/\/deputadotaveirajr.com.br\/#website\"},\"primaryImageOfPage\":{\"@id\":\"https:\/\/deputadotaveirajr.com.br\/index.php\/trens-urbanos-composicoes-de-vlt-descarrilham-na-grande-natal\/#primaryimage\"},\"image\":{\"@id\":\"https:\/\/deputadotaveirajr.com.br\/index.php\/trens-urbanos-composicoes-de-vlt-descarrilham-na-grande-natal\/#primaryimage\"},\"thumbnailUrl\":\"https:\/\/deputadotaveirajr.com.br\/wp-content\/uploads\/2025\/01\/whatsapp-image-2025-01-11-at-15.12.00-d1pWH4.jpeg\",\"datePublished\":\"2025-01-12T13:55:14+00:00\",\"breadcrumb\":{\"@id\":\"https:\/\/deputadotaveirajr.com.br\/index.php\/trens-urbanos-composicoes-de-vlt-descarrilham-na-grande-natal\/#breadcrumb\"},\"inLanguage\":\"pt-BR\",\"potentialAction\":[{\"@type\":\"ReadAction\",\"target\":[\"https:\/\/deputadotaveirajr.com.br\/index.php\/trens-urbanos-composicoes-de-vlt-descarrilham-na-grande-natal\/\"]}]},{\"@type\":\"ImageObject\",\"inLanguage\":\"pt-BR\",\"@id\":\"https:\/\/deputadotaveirajr.com.br\/index.php\/trens-urbanos-composicoes-de-vlt-descarrilham-na-grande-natal\/#primaryimage\",\"url\":\"https:\/\/deputadotaveirajr.com.br\/wp-content\/uploads\/2025\/01\/whatsapp-image-2025-01-11-at-15.12.00-d1pWH4.jpeg\",\"contentUrl\":\"https:\/\/deputadotaveirajr.com.br\/wp-content\/uploads\/2025\/01\/whatsapp-image-2025-01-11-at-15.12.00-d1pWH4.jpeg\",\"width\":1600,\"height\":1200},{\"@type\":\"BreadcrumbList\",\"@id\":\"https:\/\/deputadotaveirajr.com.br\/index.php\/trens-urbanos-composicoes-de-vlt-descarrilham-na-grande-natal\/#breadcrumb\",\"itemListElement\":[{\"@type\":\"ListItem\",\"position\":1,\"name\":\"In\u00edcio\",\"item\":\"https:\/\/deputadotaveirajr.com.br\/\"},{\"@type\":\"ListItem\",\"position\":2,\"name\":\"Trens urbanos: Composi\u00e7\u00f5es de VLT descarrilham na Grande Natal\"}]},{\"@type\":\"WebSite\",\"@id\":\"https:\/\/deputadotaveirajr.com.br\/#website\",\"url\":\"https:\/\/deputadotaveirajr.com.br\/\",\"name\":\"Taveira Jr\",\"description\":\"Deputado Estadual\",\"publisher\":{\"@id\":\"https:\/\/deputadotaveirajr.com.br\/#organization\"},\"potentialAction\":[{\"@type\":\"SearchAction\",\"target\":{\"@type\":\"EntryPoint\",\"urlTemplate\":\"https:\/\/deputadotaveirajr.com.br\/?s={search_term_string}\"},\"query-input\":{\"@type\":\"PropertyValueSpecification\",\"valueRequired\":true,\"valueName\":\"search_term_string\"}}],\"inLanguage\":\"pt-BR\"},{\"@type\":\"Organization\",\"@id\":\"https:\/\/deputadotaveirajr.com.br\/#organization\",\"name\":\"Taveira Jr\",\"url\":\"https:\/\/deputadotaveirajr.com.br\/\",\"logo\":{\"@type\":\"ImageObject\",\"inLanguage\":\"pt-BR\",\"@id\":\"https:\/\/deputadotaveirajr.com.br\/#\/schema\/logo\/image\/\",\"url\":\"https:\/\/deputadotaveirajr.com.br\/wp-content\/uploads\/2026\/01\/logolow2a.png\",\"contentUrl\":\"https:\/\/deputadotaveirajr.com.br\/wp-content\/uploads\/2026\/01\/logolow2a.png\",\"width\":290,\"height\":80,\"caption\":\"Taveira Jr\"},\"image\":{\"@id\":\"https:\/\/deputadotaveirajr.com.br\/#\/schema\/logo\/image\/\"}}]}<\/script>\n<!-- \/ Yoast SEO plugin. -->","yoast_head_json":{"title":"Trens urbanos: Composi\u00e7\u00f5es de VLT descarrilham na Grande Natal - Taveira Jr","robots":{"index":"index","follow":"follow","max-snippet":"max-snippet:-1","max-image-preview":"max-image-preview:large","max-video-preview":"max-video-preview:-1"},"canonical":"https:\/\/deputadotaveirajr.com.br\/index.php\/trens-urbanos-composicoes-de-vlt-descarrilham-na-grande-natal\/","og_locale":"pt_BR","og_type":"article","og_title":"Trens urbanos: Composi\u00e7\u00f5es de VLT descarrilham na Grande Natal - Taveira Jr","og_description":"Casos aconteceram na tarde de s\u00e1bado (11) e suspenderam o servi\u00e7o na linha Norte. Atendimento ser\u00e1 retomado nesta segunda (13), segundo a CBTU. VLT descarrilhado na Zona Norte de Natal ...","og_url":"https:\/\/deputadotaveirajr.com.br\/index.php\/trens-urbanos-composicoes-de-vlt-descarrilham-na-grande-natal\/","og_site_name":"Taveira Jr","og_image":[{"url":"https:\/\/s2-g1.glbimg.com\/oOykz_p0KXvWk9cru-6w6cFu9Es=\/i.s3.glbimg.com\/v1\/AUTH_59edd422c0c84a879bd37670ae4f538a\/internal_photos\/bs\/2025\/Z\/F\/a2ZxrMSJKTMEcHD8JupQ\/whatsapp-image-2025-01-11-at-15.12.00.jpeg","type":"","width":"","height":""}],"twitter_card":"summary_large_image","twitter_misc":{"Est. tempo de leitura":"1 minuto"},"schema":{"@context":"https:\/\/schema.org","@graph":[{"@type":"WebPage","@id":"https:\/\/deputadotaveirajr.com.br\/index.php\/trens-urbanos-composicoes-de-vlt-descarrilham-na-grande-natal\/","url":"https:\/\/deputadotaveirajr.com.br\/index.php\/trens-urbanos-composicoes-de-vlt-descarrilham-na-grande-natal\/","name":"Trens urbanos: Composi\u00e7\u00f5es de VLT descarrilham na Grande Natal - Taveira Jr","isPartOf":{"@id":"https:\/\/deputadotaveirajr.com.br\/#website"},"primaryImageOfPage":{"@id":"https:\/\/deputadotaveirajr.com.br\/index.php\/trens-urbanos-composicoes-de-vlt-descarrilham-na-grande-natal\/#primaryimage"},"image":{"@id":"https:\/\/deputadotaveirajr.com.br\/index.php\/trens-urbanos-composicoes-de-vlt-descarrilham-na-grande-natal\/#primaryimage"},"thumbnailUrl":"https:\/\/deputadotaveirajr.com.br\/wp-content\/uploads\/2025\/01\/whatsapp-image-2025-01-11-at-15.12.00-d1pWH4.jpeg","datePublished":"2025-01-12T13:55:14+00:00","breadcrumb":{"@id":"https:\/\/deputadotaveirajr.com.br\/index.php\/trens-urbanos-composicoes-de-vlt-descarrilham-na-grande-natal\/#breadcrumb"},"inLanguage":"pt-BR","potentialAction":[{"@type":"ReadAction","target":["https:\/\/deputadotaveirajr.com.br\/index.php\/trens-urbanos-composicoes-de-vlt-descarrilham-na-grande-natal\/"]}]},{"@type":"ImageObject","inLanguage":"pt-BR","@id":"https:\/\/deputadotaveirajr.com.br\/index.php\/trens-urbanos-composicoes-de-vlt-descarrilham-na-grande-natal\/#primaryimage","url":"https:\/\/deputadotaveirajr.com.br\/wp-content\/uploads\/2025\/01\/whatsapp-image-2025-01-11-at-15.12.00-d1pWH4.jpeg","contentUrl":"https:\/\/deputadotaveirajr.com.br\/wp-content\/uploads\/2025\/01\/whatsapp-image-2025-01-11-at-15.12.00-d1pWH4.jpeg","width":1600,"height":1200},{"@type":"BreadcrumbList","@id":"https:\/\/deputadotaveirajr.com.br\/index.php\/trens-urbanos-composicoes-de-vlt-descarrilham-na-grande-natal\/#breadcrumb","itemListElement":[{"@type":"ListItem","position":1,"name":"In\u00edcio","item":"https:\/\/deputadotaveirajr.com.br\/"},{"@type":"ListItem","position":2,"name":"Trens urbanos: Composi\u00e7\u00f5es de VLT descarrilham na Grande Natal"}]},{"@type":"WebSite","@id":"https:\/\/deputadotaveirajr.com.br\/#website","url":"https:\/\/deputadotaveirajr.com.br\/","name":"Taveira Jr","description":"Deputado Estadual","publisher":{"@id":"https:\/\/deputadotaveirajr.com.br\/#organization"},"potentialAction":[{"@type":"SearchAction","target":{"@type":"EntryPoint","urlTemplate":"https:\/\/deputadotaveirajr.com.br\/?s={search_term_string}"},"query-input":{"@type":"PropertyValueSpecification","valueRequired":true,"valueName":"search_term_string"}}],"inLanguage":"pt-BR"},{"@type":"Organization","@id":"https:\/\/deputadotaveirajr.com.br\/#organization","name":"Taveira Jr","url":"https:\/\/deputadotaveirajr.com.br\/","logo":{"@type":"ImageObject","inLanguage":"pt-BR","@id":"https:\/\/deputadotaveirajr.com.br\/#\/schema\/logo\/image\/","url":"https:\/\/deputadotaveirajr.com.br\/wp-content\/uploads\/2026\/01\/logolow2a.png","contentUrl":"https:\/\/deputadotaveirajr.com.br\/wp-content\/uploads\/2026\/01\/logolow2a.png","width":290,"height":80,"caption":"Taveira Jr"},"image":{"@id":"https:\/\/deputadotaveirajr.com.br\/#\/schema\/logo\/image\/"}}]}},"_links":{"self":[{"href":"https:\/\/deputadotaveirajr.com.br\/index.php\/wp-json\/wp\/v2\/pages\/11978","targetHints":{"allow":["GET"]}}],"collection":[{"href":"https:\/\/deputadotaveirajr.com.br\/index.php\/wp-json\/wp\/v2\/pages"}],"about":[{"href":"https:\/\/deputadotaveirajr.com.br\/index.php\/wp-json\/wp\/v2\/types\/page"}],"replies":[{"embeddable":true,"href":"https:\/\/deputadotaveirajr.com.br\/index.php\/wp-json\/wp\/v2\/comments?post=11978"}],"version-history":[{"count":0,"href":"https:\/\/deputadotaveirajr.com.br\/index.php\/wp-json\/wp\/v2\/pages\/11978\/revisions"}],"wp:featuredmedia":[{"embeddable":true,"href":"https:\/\/deputadotaveirajr.com.br\/index.php\/wp-json\/wp\/v2\/media\/11979"}],"wp:attachment":[{"href":"https:\/\/deputadotaveirajr.com.br\/index.php\/wp-json\/wp\/v2\/media?parent=11978"}],"curies":[{"name":"wp","href":"https:\/\/api.w.org\/{rel}","templated":true}]}}