{"id":11984,"date":"2025-01-12T08:55:32","date_gmt":"2025-01-12T11:55:32","guid":{"rendered":"https:\/\/deputadotaveirajr.com.br\/index.php\/mulher-cai-de-falesia-durante-passeio-de-quadriciclo-e-e-resgatada-por-helicoptero-em-pipa\/"},"modified":"2025-01-12T08:55:32","modified_gmt":"2025-01-12T11:55:32","slug":"mulher-cai-de-falesia-durante-passeio-de-quadriciclo-e-e-resgatada-por-helicoptero-em-pipa","status":"publish","type":"page","link":"https:\/\/deputadotaveirajr.com.br\/index.php\/mulher-cai-de-falesia-durante-passeio-de-quadriciclo-e-e-resgatada-por-helicoptero-em-pipa\/","title":{"rendered":"Mulher cai de fal\u00e9sia durante passeio de quadriciclo e \u00e9 resgatada por helic\u00f3ptero em Pipa"},"content":{"rendered":"<p><img decoding=\"async\" src=\"https:\/\/s2-g1.glbimg.com\/EJfnIOLgSZSNL3Ki2_OGYcMLdTk=\/i.s3.glbimg.com\/v1\/AUTH_59edd422c0c84a879bd37670ae4f538a\/internal_photos\/bs\/2025\/C\/k\/L1kAa4QB2idCwQaNW9Dg\/helicoptero.jpg\" \/><br \/>     Caso aconteceu neste s\u00e1bado (11) no munic\u00edpio de Tibau do Sul, no litoral potiguar.  Mulher que caiu de fal\u00e9sia \u00e9 resgatada por helic\u00f3ptero em Pipa<br \/>\nUma mulher foi resgatada de helic\u00f3ptero ap\u00f3s cair de uma fal\u00e9sia enquanto fazia um passeio de quadriciclo na regi\u00e3o da praia de Pipa, em Tibau do Sul, neste s\u00e1bado (11). Ela ficou ferida.<br \/>\nImagens mostram o resgate sendo feito logo abaixo da \u00e1rea de fal\u00e9sias. Homens do Corpo de Bombeiros fizeram o atendimento \u00e0 v\u00edtima, que n\u00e3o teve a identidade informada.<br \/>\n\ud83d\udcf3Participe do canal do g1 RN no WhatsApp<br \/>\nA a\u00e7\u00e3o teve o apoio do helic\u00f3ptero da Pol\u00edcia Militar, o Potiguar 1, que levou a paciente at\u00e9 o Hospital Walfredo Gurgel, em Natal.<br \/>\nDe acordo com testemunhas, a v\u00edtima estava em grupo fazendo o passeio de quadriciclo quando teria perdido o controle do ve\u00edculo e ca\u00eddo da fal\u00e9sia, durante a tarde.<br \/>\nNa \u00faltima quinta-feira (9), um outro acidente foi registrado em Pipa, perto do Mirante de Cacimbinhas. Um quadriciclo com duas mulheres caiu de uma altura de cerca de tr\u00eas metros. As duas ficaram feridas.<br \/>\nEm 2021, uma turista do Cear\u00e1 caiu de uma altura de 30 metros enquanto fazia o passeio, tamb\u00e9m no litoral de Tibau do Sul. Ela sofreu fraturas no f\u00eamur e na coluna.<br \/>\nNo ano passado, Ana Carla Silva de Oliveira, de 31 anos, morreu depois de cair com um quadriciclo de uma das fal\u00e9sias. Ela era de Roraima e estava de f\u00e9rias com a fam\u00edlia no Rio Grande do Norte.<br \/>\nUma lei regularizando esse tipo de passeio foi sancionada pela Prefeitura de Tibau do Sul em 2021. As regras preveem obrigatoriedades como o uso de capacetes, que os ve\u00edculos sejam de empresas autorizadas, pro\u00edbe transporte de menores de sete anos e define velocidade m\u00e1xima de cinquenta quil\u00f4metros por hora no percurso, mas n\u00e3o fala sobre as \u00e1reas onde \u00e9 poss\u00edvel fazer a atividade.<br \/>\nMulher \u00e9 resgatada e levada a hospital de helic\u00f3ptero<br \/>\nReprodu\u00e7\u00e3o<br \/>\nVeja os v\u00eddeos mais assistidos no g1 RN<\/p>","protected":false},"excerpt":{"rendered":"<p>Caso aconteceu neste s\u00e1bado (11) no munic\u00edpio de Tibau do Sul, no litoral potiguar. Mulher que caiu de fal\u00e9sia \u00e9 resgatada por helic\u00f3ptero em Pipa Uma mulher foi resgatada de &#8230;<\/p>\n","protected":false},"author":0,"featured_media":11985,"parent":0,"menu_order":0,"comment_status":"closed","ping_status":"closed","template":"","meta":{"footnotes":""},"class_list":["post-11984","page","type-page","status-publish","has-post-thumbnail","hentry"],"yoast_head":"<!-- This site is optimized with the Yoast SEO plugin v27.1.1 - https:\/\/yoast.com\/product\/yoast-seo-wordpress\/ -->\n<title>Mulher cai de fal\u00e9sia durante passeio de quadriciclo e \u00e9 resgatada por helic\u00f3ptero em Pipa - Taveira Jr<\/title>\n<meta name=\"robots\" content=\"index, follow, max-snippet:-1, max-image-preview:large, max-video-preview:-1\" \/>\n<link rel=\"canonical\" href=\"https:\/\/deputadotaveirajr.com.br\/index.php\/mulher-cai-de-falesia-durante-passeio-de-quadriciclo-e-e-resgatada-por-helicoptero-em-pipa\/\" \/>\n<meta property=\"og:locale\" content=\"pt_BR\" \/>\n<meta property=\"og:type\" content=\"article\" \/>\n<meta property=\"og:title\" content=\"Mulher cai de fal\u00e9sia durante passeio de quadriciclo e \u00e9 resgatada por helic\u00f3ptero em Pipa - Taveira Jr\" \/>\n<meta property=\"og:description\" content=\"Caso aconteceu neste s\u00e1bado (11) no munic\u00edpio de Tibau do Sul, no litoral potiguar. Mulher que caiu de fal\u00e9sia \u00e9 resgatada por helic\u00f3ptero em Pipa Uma mulher foi resgatada de ...\" \/>\n<meta property=\"og:url\" content=\"https:\/\/deputadotaveirajr.com.br\/index.php\/mulher-cai-de-falesia-durante-passeio-de-quadriciclo-e-e-resgatada-por-helicoptero-em-pipa\/\" \/>\n<meta property=\"og:site_name\" content=\"Taveira Jr\" \/>\n<meta property=\"og:image\" content=\"https:\/\/s2-g1.glbimg.com\/EJfnIOLgSZSNL3Ki2_OGYcMLdTk=\/i.s3.glbimg.com\/v1\/AUTH_59edd422c0c84a879bd37670ae4f538a\/internal_photos\/bs\/2025\/C\/k\/L1kAa4QB2idCwQaNW9Dg\/helicoptero.jpg\" \/>\n<meta name=\"twitter:card\" content=\"summary_large_image\" \/>\n<meta name=\"twitter:label1\" content=\"Est. tempo de leitura\" \/>\n\t<meta name=\"twitter:data1\" content=\"2 minutos\" \/>\n<script type=\"application\/ld+json\" class=\"yoast-schema-graph\">{\"@context\":\"https:\/\/schema.org\",\"@graph\":[{\"@type\":\"WebPage\",\"@id\":\"https:\/\/deputadotaveirajr.com.br\/index.php\/mulher-cai-de-falesia-durante-passeio-de-quadriciclo-e-e-resgatada-por-helicoptero-em-pipa\/\",\"url\":\"https:\/\/deputadotaveirajr.com.br\/index.php\/mulher-cai-de-falesia-durante-passeio-de-quadriciclo-e-e-resgatada-por-helicoptero-em-pipa\/\",\"name\":\"Mulher cai de fal\u00e9sia durante passeio de quadriciclo e \u00e9 resgatada por helic\u00f3ptero em Pipa - Taveira Jr\",\"isPartOf\":{\"@id\":\"https:\/\/deputadotaveirajr.com.br\/#website\"},\"primaryImageOfPage\":{\"@id\":\"https:\/\/deputadotaveirajr.com.br\/index.php\/mulher-cai-de-falesia-durante-passeio-de-quadriciclo-e-e-resgatada-por-helicoptero-em-pipa\/#primaryimage\"},\"image\":{\"@id\":\"https:\/\/deputadotaveirajr.com.br\/index.php\/mulher-cai-de-falesia-durante-passeio-de-quadriciclo-e-e-resgatada-por-helicoptero-em-pipa\/#primaryimage\"},\"thumbnailUrl\":\"https:\/\/deputadotaveirajr.com.br\/wp-content\/uploads\/2025\/01\/helicoptero-z7ISaa.jpeg\",\"datePublished\":\"2025-01-12T11:55:32+00:00\",\"breadcrumb\":{\"@id\":\"https:\/\/deputadotaveirajr.com.br\/index.php\/mulher-cai-de-falesia-durante-passeio-de-quadriciclo-e-e-resgatada-por-helicoptero-em-pipa\/#breadcrumb\"},\"inLanguage\":\"pt-BR\",\"potentialAction\":[{\"@type\":\"ReadAction\",\"target\":[\"https:\/\/deputadotaveirajr.com.br\/index.php\/mulher-cai-de-falesia-durante-passeio-de-quadriciclo-e-e-resgatada-por-helicoptero-em-pipa\/\"]}]},{\"@type\":\"ImageObject\",\"inLanguage\":\"pt-BR\",\"@id\":\"https:\/\/deputadotaveirajr.com.br\/index.php\/mulher-cai-de-falesia-durante-passeio-de-quadriciclo-e-e-resgatada-por-helicoptero-em-pipa\/#primaryimage\",\"url\":\"https:\/\/deputadotaveirajr.com.br\/wp-content\/uploads\/2025\/01\/helicoptero-z7ISaa.jpeg\",\"contentUrl\":\"https:\/\/deputadotaveirajr.com.br\/wp-content\/uploads\/2025\/01\/helicoptero-z7ISaa.jpeg\",\"width\":650,\"height\":582},{\"@type\":\"BreadcrumbList\",\"@id\":\"https:\/\/deputadotaveirajr.com.br\/index.php\/mulher-cai-de-falesia-durante-passeio-de-quadriciclo-e-e-resgatada-por-helicoptero-em-pipa\/#breadcrumb\",\"itemListElement\":[{\"@type\":\"ListItem\",\"position\":1,\"name\":\"In\u00edcio\",\"item\":\"https:\/\/deputadotaveirajr.com.br\/\"},{\"@type\":\"ListItem\",\"position\":2,\"name\":\"Mulher cai de fal\u00e9sia durante passeio de quadriciclo e \u00e9 resgatada por helic\u00f3ptero em Pipa\"}]},{\"@type\":\"WebSite\",\"@id\":\"https:\/\/deputadotaveirajr.com.br\/#website\",\"url\":\"https:\/\/deputadotaveirajr.com.br\/\",\"name\":\"Taveira Jr\",\"description\":\"Deputado Estadual\",\"publisher\":{\"@id\":\"https:\/\/deputadotaveirajr.com.br\/#organization\"},\"potentialAction\":[{\"@type\":\"SearchAction\",\"target\":{\"@type\":\"EntryPoint\",\"urlTemplate\":\"https:\/\/deputadotaveirajr.com.br\/?s={search_term_string}\"},\"query-input\":{\"@type\":\"PropertyValueSpecification\",\"valueRequired\":true,\"valueName\":\"search_term_string\"}}],\"inLanguage\":\"pt-BR\"},{\"@type\":\"Organization\",\"@id\":\"https:\/\/deputadotaveirajr.com.br\/#organization\",\"name\":\"Taveira Jr\",\"url\":\"https:\/\/deputadotaveirajr.com.br\/\",\"logo\":{\"@type\":\"ImageObject\",\"inLanguage\":\"pt-BR\",\"@id\":\"https:\/\/deputadotaveirajr.com.br\/#\/schema\/logo\/image\/\",\"url\":\"https:\/\/deputadotaveirajr.com.br\/wp-content\/uploads\/2026\/01\/logolow2a.png\",\"contentUrl\":\"https:\/\/deputadotaveirajr.com.br\/wp-content\/uploads\/2026\/01\/logolow2a.png\",\"width\":290,\"height\":80,\"caption\":\"Taveira Jr\"},\"image\":{\"@id\":\"https:\/\/deputadotaveirajr.com.br\/#\/schema\/logo\/image\/\"}}]}<\/script>\n<!-- \/ Yoast SEO plugin. -->","yoast_head_json":{"title":"Mulher cai de fal\u00e9sia durante passeio de quadriciclo e \u00e9 resgatada por helic\u00f3ptero em Pipa - Taveira Jr","robots":{"index":"index","follow":"follow","max-snippet":"max-snippet:-1","max-image-preview":"max-image-preview:large","max-video-preview":"max-video-preview:-1"},"canonical":"https:\/\/deputadotaveirajr.com.br\/index.php\/mulher-cai-de-falesia-durante-passeio-de-quadriciclo-e-e-resgatada-por-helicoptero-em-pipa\/","og_locale":"pt_BR","og_type":"article","og_title":"Mulher cai de fal\u00e9sia durante passeio de quadriciclo e \u00e9 resgatada por helic\u00f3ptero em Pipa - Taveira Jr","og_description":"Caso aconteceu neste s\u00e1bado (11) no munic\u00edpio de Tibau do Sul, no litoral potiguar. Mulher que caiu de fal\u00e9sia \u00e9 resgatada por helic\u00f3ptero em Pipa Uma mulher foi resgatada de ...","og_url":"https:\/\/deputadotaveirajr.com.br\/index.php\/mulher-cai-de-falesia-durante-passeio-de-quadriciclo-e-e-resgatada-por-helicoptero-em-pipa\/","og_site_name":"Taveira Jr","og_image":[{"url":"https:\/\/s2-g1.glbimg.com\/EJfnIOLgSZSNL3Ki2_OGYcMLdTk=\/i.s3.glbimg.com\/v1\/AUTH_59edd422c0c84a879bd37670ae4f538a\/internal_photos\/bs\/2025\/C\/k\/L1kAa4QB2idCwQaNW9Dg\/helicoptero.jpg","type":"","width":"","height":""}],"twitter_card":"summary_large_image","twitter_misc":{"Est. tempo de leitura":"2 minutos"},"schema":{"@context":"https:\/\/schema.org","@graph":[{"@type":"WebPage","@id":"https:\/\/deputadotaveirajr.com.br\/index.php\/mulher-cai-de-falesia-durante-passeio-de-quadriciclo-e-e-resgatada-por-helicoptero-em-pipa\/","url":"https:\/\/deputadotaveirajr.com.br\/index.php\/mulher-cai-de-falesia-durante-passeio-de-quadriciclo-e-e-resgatada-por-helicoptero-em-pipa\/","name":"Mulher cai de fal\u00e9sia durante passeio de quadriciclo e \u00e9 resgatada por helic\u00f3ptero em Pipa - Taveira Jr","isPartOf":{"@id":"https:\/\/deputadotaveirajr.com.br\/#website"},"primaryImageOfPage":{"@id":"https:\/\/deputadotaveirajr.com.br\/index.php\/mulher-cai-de-falesia-durante-passeio-de-quadriciclo-e-e-resgatada-por-helicoptero-em-pipa\/#primaryimage"},"image":{"@id":"https:\/\/deputadotaveirajr.com.br\/index.php\/mulher-cai-de-falesia-durante-passeio-de-quadriciclo-e-e-resgatada-por-helicoptero-em-pipa\/#primaryimage"},"thumbnailUrl":"https:\/\/deputadotaveirajr.com.br\/wp-content\/uploads\/2025\/01\/helicoptero-z7ISaa.jpeg","datePublished":"2025-01-12T11:55:32+00:00","breadcrumb":{"@id":"https:\/\/deputadotaveirajr.com.br\/index.php\/mulher-cai-de-falesia-durante-passeio-de-quadriciclo-e-e-resgatada-por-helicoptero-em-pipa\/#breadcrumb"},"inLanguage":"pt-BR","potentialAction":[{"@type":"ReadAction","target":["https:\/\/deputadotaveirajr.com.br\/index.php\/mulher-cai-de-falesia-durante-passeio-de-quadriciclo-e-e-resgatada-por-helicoptero-em-pipa\/"]}]},{"@type":"ImageObject","inLanguage":"pt-BR","@id":"https:\/\/deputadotaveirajr.com.br\/index.php\/mulher-cai-de-falesia-durante-passeio-de-quadriciclo-e-e-resgatada-por-helicoptero-em-pipa\/#primaryimage","url":"https:\/\/deputadotaveirajr.com.br\/wp-content\/uploads\/2025\/01\/helicoptero-z7ISaa.jpeg","contentUrl":"https:\/\/deputadotaveirajr.com.br\/wp-content\/uploads\/2025\/01\/helicoptero-z7ISaa.jpeg","width":650,"height":582},{"@type":"BreadcrumbList","@id":"https:\/\/deputadotaveirajr.com.br\/index.php\/mulher-cai-de-falesia-durante-passeio-de-quadriciclo-e-e-resgatada-por-helicoptero-em-pipa\/#breadcrumb","itemListElement":[{"@type":"ListItem","position":1,"name":"In\u00edcio","item":"https:\/\/deputadotaveirajr.com.br\/"},{"@type":"ListItem","position":2,"name":"Mulher cai de fal\u00e9sia durante passeio de quadriciclo e \u00e9 resgatada por helic\u00f3ptero em Pipa"}]},{"@type":"WebSite","@id":"https:\/\/deputadotaveirajr.com.br\/#website","url":"https:\/\/deputadotaveirajr.com.br\/","name":"Taveira Jr","description":"Deputado Estadual","publisher":{"@id":"https:\/\/deputadotaveirajr.com.br\/#organization"},"potentialAction":[{"@type":"SearchAction","target":{"@type":"EntryPoint","urlTemplate":"https:\/\/deputadotaveirajr.com.br\/?s={search_term_string}"},"query-input":{"@type":"PropertyValueSpecification","valueRequired":true,"valueName":"search_term_string"}}],"inLanguage":"pt-BR"},{"@type":"Organization","@id":"https:\/\/deputadotaveirajr.com.br\/#organization","name":"Taveira Jr","url":"https:\/\/deputadotaveirajr.com.br\/","logo":{"@type":"ImageObject","inLanguage":"pt-BR","@id":"https:\/\/deputadotaveirajr.com.br\/#\/schema\/logo\/image\/","url":"https:\/\/deputadotaveirajr.com.br\/wp-content\/uploads\/2026\/01\/logolow2a.png","contentUrl":"https:\/\/deputadotaveirajr.com.br\/wp-content\/uploads\/2026\/01\/logolow2a.png","width":290,"height":80,"caption":"Taveira Jr"},"image":{"@id":"https:\/\/deputadotaveirajr.com.br\/#\/schema\/logo\/image\/"}}]}},"_links":{"self":[{"href":"https:\/\/deputadotaveirajr.com.br\/index.php\/wp-json\/wp\/v2\/pages\/11984","targetHints":{"allow":["GET"]}}],"collection":[{"href":"https:\/\/deputadotaveirajr.com.br\/index.php\/wp-json\/wp\/v2\/pages"}],"about":[{"href":"https:\/\/deputadotaveirajr.com.br\/index.php\/wp-json\/wp\/v2\/types\/page"}],"replies":[{"embeddable":true,"href":"https:\/\/deputadotaveirajr.com.br\/index.php\/wp-json\/wp\/v2\/comments?post=11984"}],"version-history":[{"count":0,"href":"https:\/\/deputadotaveirajr.com.br\/index.php\/wp-json\/wp\/v2\/pages\/11984\/revisions"}],"wp:featuredmedia":[{"embeddable":true,"href":"https:\/\/deputadotaveirajr.com.br\/index.php\/wp-json\/wp\/v2\/media\/11985"}],"wp:attachment":[{"href":"https:\/\/deputadotaveirajr.com.br\/index.php\/wp-json\/wp\/v2\/media?parent=11984"}],"curies":[{"name":"wp","href":"https:\/\/api.w.org\/{rel}","templated":true}]}}