{"id":11988,"date":"2025-01-13T09:05:30","date_gmt":"2025-01-13T12:05:30","guid":{"rendered":"https:\/\/deputadotaveirajr.com.br\/index.php\/retroescavadeira-engolida-por-cratera-ruas-alagadas-e-buracos-abertos-chuva-causa-transtornos-nesta-segunda-13-em-natal\/"},"modified":"2025-01-13T09:05:30","modified_gmt":"2025-01-13T12:05:30","slug":"retroescavadeira-engolida-por-cratera-ruas-alagadas-e-buracos-abertos-chuva-causa-transtornos-nesta-segunda-13-em-natal","status":"publish","type":"page","link":"https:\/\/deputadotaveirajr.com.br\/index.php\/retroescavadeira-engolida-por-cratera-ruas-alagadas-e-buracos-abertos-chuva-causa-transtornos-nesta-segunda-13-em-natal\/","title":{"rendered":"Retroescavadeira &#8216;engolida&#8217; por cratera, ruas alagadas e buracos abertos; chuva causa transtornos nesta segunda (13) em Natal"},"content":{"rendered":"<p><img decoding=\"async\" src=\"https:\/\/s2-g1.glbimg.com\/pXo4xEmKTsLPaNI6ryRipQMwLDM=\/i.s3.glbimg.com\/v1\/AUTH_59edd422c0c84a879bd37670ae4f538a\/internal_photos\/bs\/2025\/5\/A\/WlFBoKRJm0TJThZt2k0Q\/whatsapp-image-2025-01-13-at-08.15.38.jpeg\" \/><br \/>     Cemaden registrou acumulado de 66.69 mil\u00edmetros em seis horas, entre a madrugada e manh\u00e3 desta segunda-feira (13) em Natal.  \u00c1gua acumulada sobre a areia na \u00e1rea da engorda de Ponta Negra, na Zona Sul de Natal<br \/>\nEmanuel do Ca\u00e7\u00e3o\/Cedida<br \/>\nUma chuva que caiu entre a madrugada e a manh\u00e3 desta segunda-feira (13) em Natal causou alagamentos e preju\u00edzos em diferentes regi\u00f5es da capital potiguar.<br \/>\nEm seis horas, o Centro Nacional de Monitoramento e Alertas de Desastres Naturais (Cemaden) registrou acumulado de 66.69 mil\u00edmetros de \u00e1gua no bairro Nossa Senhora da Apresenta\u00e7\u00e3o, na Zona Norte da cidade. Em Ponta Negra, na Zona Sul, foram registrados 50 mil\u00edmetros no mesmo per\u00edodo.<br \/>\n\ud83d\udcf3Participe do canal do g1 RN no WhatsApp<br \/>\nCom a chuva, a cratera aberta para uma obra de drenagem na esquina das ruas Nossa Senhora do \u00d3 e Santa Luzia se intensificou e &#8220;engoliu&#8221; uma retroescavadeira durante a madrugada, no bairro Igap\u00f3, na Zona Norte. Um poste tamb\u00e9m cedeu.<br \/>\nRetroescavadeira cai em obra na Rua Nossa Senhora do \u00d3, na Zona Norte de Natal<br \/>\nVinicius Marinho\/Inter TV Cabugi<br \/>\nNo dia 30 de dezembro, a Prefeitura de Natal divulgou que tinha inaugurado a obra na regi\u00e3o, com investimento de R$ 8 milh\u00f5es na reconstru\u00e7\u00e3o e amplia\u00e7\u00e3o no sistema de drenagem e cal\u00e7amento da rua Nossa Senhora do \u00d3, mas os moradores informaram que os servi\u00e7os ainda n\u00e3o tinham sido conclu\u00eddos. Os problemas na regi\u00e3o s\u00e3o registrados pelo menos desde 2019.<br \/>\nNa Zona Sul de Natal, uma cena que chamou aten\u00e7\u00e3o da popula\u00e7\u00e3o foi o ac\u00famulo de \u00e1gua na faixa de areia da praia de Ponta Negra que j\u00e1 recebeu a obra da engorda. Por volta das 9h, a \u00e1gua j\u00e1 tinha secado na regi\u00e3o.<br \/>\nBuraco abre na Rua dos Caic\u00f3s, no Alecrim<br \/>\nPhilipe Salvador\/Inter TV Cabugi<br \/>\nNo bairro Alecrim, na Zona Leste da cidade, a for\u00e7a da \u00e1gua abriu buracos e danificou o asfalto da Rua dos Caic\u00f3s.<br \/>\nBuraco abre na Rua dos Caic\u00f3s, no Alecrim<br \/>\nPhilipe Salvador\/Inter TV Cabugi<br \/>\nTamb\u00e9m na Zona Leste, nas proximidades da Praia do Meio, um alagamento foi registrado na Rua Miramar, uma das principais vias da regi\u00e3o.<br \/>\nSegundo os moradores, na parte mais funda, a \u00e1gua chegava a bater nos joelhos.<br \/>\nA Secretaria Municipal de Meio Ambiente e Urbanismo (Semurb) informou que suspendeu o expediente desta segunda-feira (13), porque a chuva ocasionoua infiltra\u00e7\u00f5es no pr\u00e9dio sede.<br \/>\nAlagamento na Avenida Miramar, em Natal<br \/>\nStephany Souza\/Inter TV Cabugi<br \/>\nAlgumas das principais avenidas da cidade tamb\u00e9m registraram alagamentos em alguns trechos, como a Avenida Prudente de Morais e a Avenida Salgado Filho, causando lentid\u00e3o no tr\u00e2nsito.<br \/>\nAlagamento na Avenida Prudente de Moraes, em Natal<br \/>\nVinicius Marinho\/Inter TV Cabugi<br \/>\nTr\u00e2nsito na Avenida Salgado FIlho, em Natal<br \/>\nStephany Souza\/Inter TV Cabugi<br \/>\nVeja os v\u00eddeos mais assistidos no g1 RN<\/p>","protected":false},"excerpt":{"rendered":"<p>Cemaden registrou acumulado de 66.69 mil\u00edmetros em seis horas, entre a madrugada e manh\u00e3 desta segunda-feira (13) em Natal. \u00c1gua acumulada sobre a areia na \u00e1rea da engorda de Ponta &#8230;<\/p>\n","protected":false},"author":0,"featured_media":11989,"parent":0,"menu_order":0,"comment_status":"closed","ping_status":"closed","template":"","meta":{"footnotes":""},"class_list":["post-11988","page","type-page","status-publish","has-post-thumbnail","hentry"],"yoast_head":"<!-- This site is optimized with the Yoast SEO plugin v27.1.1 - https:\/\/yoast.com\/product\/yoast-seo-wordpress\/ -->\n<title>Retroescavadeira &#039;engolida&#039; por cratera, ruas alagadas e buracos abertos; chuva causa transtornos nesta segunda (13) em Natal - Taveira Jr<\/title>\n<meta name=\"robots\" content=\"index, follow, max-snippet:-1, max-image-preview:large, max-video-preview:-1\" \/>\n<link rel=\"canonical\" href=\"https:\/\/deputadotaveirajr.com.br\/index.php\/retroescavadeira-engolida-por-cratera-ruas-alagadas-e-buracos-abertos-chuva-causa-transtornos-nesta-segunda-13-em-natal\/\" \/>\n<meta property=\"og:locale\" content=\"pt_BR\" \/>\n<meta property=\"og:type\" content=\"article\" \/>\n<meta property=\"og:title\" content=\"Retroescavadeira &#039;engolida&#039; por cratera, ruas alagadas e buracos abertos; chuva causa transtornos nesta segunda (13) em Natal - Taveira Jr\" \/>\n<meta property=\"og:description\" content=\"Cemaden registrou acumulado de 66.69 mil\u00edmetros em seis horas, entre a madrugada e manh\u00e3 desta segunda-feira (13) em Natal. \u00c1gua acumulada sobre a areia na \u00e1rea da engorda de Ponta ...\" \/>\n<meta property=\"og:url\" content=\"https:\/\/deputadotaveirajr.com.br\/index.php\/retroescavadeira-engolida-por-cratera-ruas-alagadas-e-buracos-abertos-chuva-causa-transtornos-nesta-segunda-13-em-natal\/\" \/>\n<meta property=\"og:site_name\" content=\"Taveira Jr\" \/>\n<meta property=\"og:image\" content=\"https:\/\/s2-g1.glbimg.com\/pXo4xEmKTsLPaNI6ryRipQMwLDM=\/i.s3.glbimg.com\/v1\/AUTH_59edd422c0c84a879bd37670ae4f538a\/internal_photos\/bs\/2025\/5\/A\/WlFBoKRJm0TJThZt2k0Q\/whatsapp-image-2025-01-13-at-08.15.38.jpeg\" \/>\n<meta name=\"twitter:card\" content=\"summary_large_image\" \/>\n<meta name=\"twitter:label1\" content=\"Est. tempo de leitura\" \/>\n\t<meta name=\"twitter:data1\" content=\"2 minutos\" \/>\n<script type=\"application\/ld+json\" class=\"yoast-schema-graph\">{\"@context\":\"https:\/\/schema.org\",\"@graph\":[{\"@type\":\"WebPage\",\"@id\":\"https:\/\/deputadotaveirajr.com.br\/index.php\/retroescavadeira-engolida-por-cratera-ruas-alagadas-e-buracos-abertos-chuva-causa-transtornos-nesta-segunda-13-em-natal\/\",\"url\":\"https:\/\/deputadotaveirajr.com.br\/index.php\/retroescavadeira-engolida-por-cratera-ruas-alagadas-e-buracos-abertos-chuva-causa-transtornos-nesta-segunda-13-em-natal\/\",\"name\":\"Retroescavadeira 'engolida' por cratera, ruas alagadas e buracos abertos; chuva causa transtornos nesta segunda (13) em Natal - Taveira Jr\",\"isPartOf\":{\"@id\":\"https:\/\/deputadotaveirajr.com.br\/#website\"},\"primaryImageOfPage\":{\"@id\":\"https:\/\/deputadotaveirajr.com.br\/index.php\/retroescavadeira-engolida-por-cratera-ruas-alagadas-e-buracos-abertos-chuva-causa-transtornos-nesta-segunda-13-em-natal\/#primaryimage\"},\"image\":{\"@id\":\"https:\/\/deputadotaveirajr.com.br\/index.php\/retroescavadeira-engolida-por-cratera-ruas-alagadas-e-buracos-abertos-chuva-causa-transtornos-nesta-segunda-13-em-natal\/#primaryimage\"},\"thumbnailUrl\":\"https:\/\/deputadotaveirajr.com.br\/wp-content\/uploads\/2025\/01\/whatsapp-image-2025-01-13-at-08.15.38-ne88lt.jpeg\",\"datePublished\":\"2025-01-13T12:05:30+00:00\",\"breadcrumb\":{\"@id\":\"https:\/\/deputadotaveirajr.com.br\/index.php\/retroescavadeira-engolida-por-cratera-ruas-alagadas-e-buracos-abertos-chuva-causa-transtornos-nesta-segunda-13-em-natal\/#breadcrumb\"},\"inLanguage\":\"pt-BR\",\"potentialAction\":[{\"@type\":\"ReadAction\",\"target\":[\"https:\/\/deputadotaveirajr.com.br\/index.php\/retroescavadeira-engolida-por-cratera-ruas-alagadas-e-buracos-abertos-chuva-causa-transtornos-nesta-segunda-13-em-natal\/\"]}]},{\"@type\":\"ImageObject\",\"inLanguage\":\"pt-BR\",\"@id\":\"https:\/\/deputadotaveirajr.com.br\/index.php\/retroescavadeira-engolida-por-cratera-ruas-alagadas-e-buracos-abertos-chuva-causa-transtornos-nesta-segunda-13-em-natal\/#primaryimage\",\"url\":\"https:\/\/deputadotaveirajr.com.br\/wp-content\/uploads\/2025\/01\/whatsapp-image-2025-01-13-at-08.15.38-ne88lt.jpeg\",\"contentUrl\":\"https:\/\/deputadotaveirajr.com.br\/wp-content\/uploads\/2025\/01\/whatsapp-image-2025-01-13-at-08.15.38-ne88lt.jpeg\",\"width\":1600,\"height\":1200},{\"@type\":\"BreadcrumbList\",\"@id\":\"https:\/\/deputadotaveirajr.com.br\/index.php\/retroescavadeira-engolida-por-cratera-ruas-alagadas-e-buracos-abertos-chuva-causa-transtornos-nesta-segunda-13-em-natal\/#breadcrumb\",\"itemListElement\":[{\"@type\":\"ListItem\",\"position\":1,\"name\":\"In\u00edcio\",\"item\":\"https:\/\/deputadotaveirajr.com.br\/\"},{\"@type\":\"ListItem\",\"position\":2,\"name\":\"Retroescavadeira &#8216;engolida&#8217; por cratera, ruas alagadas e buracos abertos; chuva causa transtornos nesta segunda (13) em Natal\"}]},{\"@type\":\"WebSite\",\"@id\":\"https:\/\/deputadotaveirajr.com.br\/#website\",\"url\":\"https:\/\/deputadotaveirajr.com.br\/\",\"name\":\"Taveira Jr\",\"description\":\"Deputado Estadual\",\"publisher\":{\"@id\":\"https:\/\/deputadotaveirajr.com.br\/#organization\"},\"potentialAction\":[{\"@type\":\"SearchAction\",\"target\":{\"@type\":\"EntryPoint\",\"urlTemplate\":\"https:\/\/deputadotaveirajr.com.br\/?s={search_term_string}\"},\"query-input\":{\"@type\":\"PropertyValueSpecification\",\"valueRequired\":true,\"valueName\":\"search_term_string\"}}],\"inLanguage\":\"pt-BR\"},{\"@type\":\"Organization\",\"@id\":\"https:\/\/deputadotaveirajr.com.br\/#organization\",\"name\":\"Taveira Jr\",\"url\":\"https:\/\/deputadotaveirajr.com.br\/\",\"logo\":{\"@type\":\"ImageObject\",\"inLanguage\":\"pt-BR\",\"@id\":\"https:\/\/deputadotaveirajr.com.br\/#\/schema\/logo\/image\/\",\"url\":\"https:\/\/deputadotaveirajr.com.br\/wp-content\/uploads\/2026\/01\/logolow2a.png\",\"contentUrl\":\"https:\/\/deputadotaveirajr.com.br\/wp-content\/uploads\/2026\/01\/logolow2a.png\",\"width\":290,\"height\":80,\"caption\":\"Taveira Jr\"},\"image\":{\"@id\":\"https:\/\/deputadotaveirajr.com.br\/#\/schema\/logo\/image\/\"}}]}<\/script>\n<!-- \/ Yoast SEO plugin. -->","yoast_head_json":{"title":"Retroescavadeira 'engolida' por cratera, ruas alagadas e buracos abertos; chuva causa transtornos nesta segunda (13) em Natal - Taveira Jr","robots":{"index":"index","follow":"follow","max-snippet":"max-snippet:-1","max-image-preview":"max-image-preview:large","max-video-preview":"max-video-preview:-1"},"canonical":"https:\/\/deputadotaveirajr.com.br\/index.php\/retroescavadeira-engolida-por-cratera-ruas-alagadas-e-buracos-abertos-chuva-causa-transtornos-nesta-segunda-13-em-natal\/","og_locale":"pt_BR","og_type":"article","og_title":"Retroescavadeira 'engolida' por cratera, ruas alagadas e buracos abertos; chuva causa transtornos nesta segunda (13) em Natal - Taveira Jr","og_description":"Cemaden registrou acumulado de 66.69 mil\u00edmetros em seis horas, entre a madrugada e manh\u00e3 desta segunda-feira (13) em Natal. \u00c1gua acumulada sobre a areia na \u00e1rea da engorda de Ponta ...","og_url":"https:\/\/deputadotaveirajr.com.br\/index.php\/retroescavadeira-engolida-por-cratera-ruas-alagadas-e-buracos-abertos-chuva-causa-transtornos-nesta-segunda-13-em-natal\/","og_site_name":"Taveira Jr","og_image":[{"url":"https:\/\/s2-g1.glbimg.com\/pXo4xEmKTsLPaNI6ryRipQMwLDM=\/i.s3.glbimg.com\/v1\/AUTH_59edd422c0c84a879bd37670ae4f538a\/internal_photos\/bs\/2025\/5\/A\/WlFBoKRJm0TJThZt2k0Q\/whatsapp-image-2025-01-13-at-08.15.38.jpeg","type":"","width":"","height":""}],"twitter_card":"summary_large_image","twitter_misc":{"Est. tempo de leitura":"2 minutos"},"schema":{"@context":"https:\/\/schema.org","@graph":[{"@type":"WebPage","@id":"https:\/\/deputadotaveirajr.com.br\/index.php\/retroescavadeira-engolida-por-cratera-ruas-alagadas-e-buracos-abertos-chuva-causa-transtornos-nesta-segunda-13-em-natal\/","url":"https:\/\/deputadotaveirajr.com.br\/index.php\/retroescavadeira-engolida-por-cratera-ruas-alagadas-e-buracos-abertos-chuva-causa-transtornos-nesta-segunda-13-em-natal\/","name":"Retroescavadeira 'engolida' por cratera, ruas alagadas e buracos abertos; chuva causa transtornos nesta segunda (13) em Natal - Taveira Jr","isPartOf":{"@id":"https:\/\/deputadotaveirajr.com.br\/#website"},"primaryImageOfPage":{"@id":"https:\/\/deputadotaveirajr.com.br\/index.php\/retroescavadeira-engolida-por-cratera-ruas-alagadas-e-buracos-abertos-chuva-causa-transtornos-nesta-segunda-13-em-natal\/#primaryimage"},"image":{"@id":"https:\/\/deputadotaveirajr.com.br\/index.php\/retroescavadeira-engolida-por-cratera-ruas-alagadas-e-buracos-abertos-chuva-causa-transtornos-nesta-segunda-13-em-natal\/#primaryimage"},"thumbnailUrl":"https:\/\/deputadotaveirajr.com.br\/wp-content\/uploads\/2025\/01\/whatsapp-image-2025-01-13-at-08.15.38-ne88lt.jpeg","datePublished":"2025-01-13T12:05:30+00:00","breadcrumb":{"@id":"https:\/\/deputadotaveirajr.com.br\/index.php\/retroescavadeira-engolida-por-cratera-ruas-alagadas-e-buracos-abertos-chuva-causa-transtornos-nesta-segunda-13-em-natal\/#breadcrumb"},"inLanguage":"pt-BR","potentialAction":[{"@type":"ReadAction","target":["https:\/\/deputadotaveirajr.com.br\/index.php\/retroescavadeira-engolida-por-cratera-ruas-alagadas-e-buracos-abertos-chuva-causa-transtornos-nesta-segunda-13-em-natal\/"]}]},{"@type":"ImageObject","inLanguage":"pt-BR","@id":"https:\/\/deputadotaveirajr.com.br\/index.php\/retroescavadeira-engolida-por-cratera-ruas-alagadas-e-buracos-abertos-chuva-causa-transtornos-nesta-segunda-13-em-natal\/#primaryimage","url":"https:\/\/deputadotaveirajr.com.br\/wp-content\/uploads\/2025\/01\/whatsapp-image-2025-01-13-at-08.15.38-ne88lt.jpeg","contentUrl":"https:\/\/deputadotaveirajr.com.br\/wp-content\/uploads\/2025\/01\/whatsapp-image-2025-01-13-at-08.15.38-ne88lt.jpeg","width":1600,"height":1200},{"@type":"BreadcrumbList","@id":"https:\/\/deputadotaveirajr.com.br\/index.php\/retroescavadeira-engolida-por-cratera-ruas-alagadas-e-buracos-abertos-chuva-causa-transtornos-nesta-segunda-13-em-natal\/#breadcrumb","itemListElement":[{"@type":"ListItem","position":1,"name":"In\u00edcio","item":"https:\/\/deputadotaveirajr.com.br\/"},{"@type":"ListItem","position":2,"name":"Retroescavadeira &#8216;engolida&#8217; por cratera, ruas alagadas e buracos abertos; chuva causa transtornos nesta segunda (13) em Natal"}]},{"@type":"WebSite","@id":"https:\/\/deputadotaveirajr.com.br\/#website","url":"https:\/\/deputadotaveirajr.com.br\/","name":"Taveira Jr","description":"Deputado Estadual","publisher":{"@id":"https:\/\/deputadotaveirajr.com.br\/#organization"},"potentialAction":[{"@type":"SearchAction","target":{"@type":"EntryPoint","urlTemplate":"https:\/\/deputadotaveirajr.com.br\/?s={search_term_string}"},"query-input":{"@type":"PropertyValueSpecification","valueRequired":true,"valueName":"search_term_string"}}],"inLanguage":"pt-BR"},{"@type":"Organization","@id":"https:\/\/deputadotaveirajr.com.br\/#organization","name":"Taveira Jr","url":"https:\/\/deputadotaveirajr.com.br\/","logo":{"@type":"ImageObject","inLanguage":"pt-BR","@id":"https:\/\/deputadotaveirajr.com.br\/#\/schema\/logo\/image\/","url":"https:\/\/deputadotaveirajr.com.br\/wp-content\/uploads\/2026\/01\/logolow2a.png","contentUrl":"https:\/\/deputadotaveirajr.com.br\/wp-content\/uploads\/2026\/01\/logolow2a.png","width":290,"height":80,"caption":"Taveira Jr"},"image":{"@id":"https:\/\/deputadotaveirajr.com.br\/#\/schema\/logo\/image\/"}}]}},"_links":{"self":[{"href":"https:\/\/deputadotaveirajr.com.br\/index.php\/wp-json\/wp\/v2\/pages\/11988","targetHints":{"allow":["GET"]}}],"collection":[{"href":"https:\/\/deputadotaveirajr.com.br\/index.php\/wp-json\/wp\/v2\/pages"}],"about":[{"href":"https:\/\/deputadotaveirajr.com.br\/index.php\/wp-json\/wp\/v2\/types\/page"}],"replies":[{"embeddable":true,"href":"https:\/\/deputadotaveirajr.com.br\/index.php\/wp-json\/wp\/v2\/comments?post=11988"}],"version-history":[{"count":0,"href":"https:\/\/deputadotaveirajr.com.br\/index.php\/wp-json\/wp\/v2\/pages\/11988\/revisions"}],"wp:featuredmedia":[{"embeddable":true,"href":"https:\/\/deputadotaveirajr.com.br\/index.php\/wp-json\/wp\/v2\/media\/11989"}],"wp:attachment":[{"href":"https:\/\/deputadotaveirajr.com.br\/index.php\/wp-json\/wp\/v2\/media?parent=11988"}],"curies":[{"name":"wp","href":"https:\/\/api.w.org\/{rel}","templated":true}]}}