{"id":12004,"date":"2025-01-16T09:52:30","date_gmt":"2025-01-16T12:52:30","guid":{"rendered":"https:\/\/deputadotaveirajr.com.br\/index.php\/raposa-e-resgatada-por-bombeiros-apos-passar-4-dias-presa-em-poco-desativado-no-interior-do-rn\/"},"modified":"2025-01-16T09:52:30","modified_gmt":"2025-01-16T12:52:30","slug":"raposa-e-resgatada-por-bombeiros-apos-passar-4-dias-presa-em-poco-desativado-no-interior-do-rn","status":"publish","type":"page","link":"https:\/\/deputadotaveirajr.com.br\/index.php\/raposa-e-resgatada-por-bombeiros-apos-passar-4-dias-presa-em-poco-desativado-no-interior-do-rn\/","title":{"rendered":"Raposa \u00e9 resgatada por bombeiros ap\u00f3s passar 4 dias presa em po\u00e7o desativado no interior do RN"},"content":{"rendered":"<p><img decoding=\"async\" src=\"https:\/\/s2-g1.glbimg.com\/Ehpu8UiTu7l-h7mjlLTDPK2ZQlM=\/i.s3.glbimg.com\/v1\/AUTH_59edd422c0c84a879bd37670ae4f538a\/internal_photos\/bs\/2025\/A\/Y\/MsHpDfThAF2F49uxfKIw\/whatsapp-image-2025-01-16-at-08.40.20-1-.jpeg\" \/><br \/>     Caso aconteceu em s\u00edtio de Ipangua\u00e7u, na regi\u00e3o Oeste potiguar. Animal n\u00e3o ficou ferido.  Raposa \u00e9 resgatada em po\u00e7o no interior do RN<br \/>\nCBMRN\/Divulga\u00e7\u00e3o<br \/>\nUma raposa foi resgatada por bombeiros militares nesta quarta-feira (15) ap\u00f3s passar quatro dias presa em um po\u00e7o desativado em um s\u00edtio na zona rural de Ipangua\u00e7u, no Oeste potiguar.<br \/>\nSegundo os militares, o po\u00e7o tem mais de quatro metros de profundidade e estava tomado por vegeta\u00e7\u00e3o seca. Para se proteger, o animal cavou um buraco em meio \u00e0 vegeta\u00e7\u00e3o, o que dificultou mais a sua localiza\u00e7\u00e3o e resgate.<br \/>\n\ud83d\udcf3Participe do canal do g1 RN no WhatsApp<br \/>\nAp\u00f3s mais de 30 minutos de opera\u00e7\u00e3o, que incluiu a retirada de parte da vegeta\u00e7\u00e3o acumulada, a equipe de bombeiros conseguiu identificar o local exato onde a raposa estava escondida e realizou a captura com total seguran\u00e7a.<br \/>\nO animal, que n\u00e3o tinha ferimentos, foi devolvido ao habitat natural na regi\u00e3o.<br \/>\n&#8220;O Corpo de Bombeiros Militar do RN refor\u00e7a a import\u00e2ncia de acionar o 193 em situa\u00e7\u00f5es que envolvam animais silvestres ou outros tipos de resgate, destacando seu compromisso com a prote\u00e7\u00e3o da vida em todas as suas formas&#8221;, informou a corpora\u00e7\u00e3o.<br \/>\nRaposa passou 4 dias presa em po\u00e7o<br \/>\nCBMRN\/Divulga\u00e7\u00e3o<br \/>\nVeja os v\u00eddeos mais assistidos no g1 RN<\/p>","protected":false},"excerpt":{"rendered":"<p>Caso aconteceu em s\u00edtio de Ipangua\u00e7u, na regi\u00e3o Oeste potiguar. Animal n\u00e3o ficou ferido. Raposa \u00e9 resgatada em po\u00e7o no interior do RN CBMRN\/Divulga\u00e7\u00e3o Uma raposa foi resgatada por bombeiros &#8230;<\/p>\n","protected":false},"author":0,"featured_media":12005,"parent":0,"menu_order":0,"comment_status":"closed","ping_status":"closed","template":"","meta":{"footnotes":""},"class_list":["post-12004","page","type-page","status-publish","has-post-thumbnail","hentry"],"yoast_head":"<!-- This site is optimized with the Yoast SEO plugin v27.1.1 - https:\/\/yoast.com\/product\/yoast-seo-wordpress\/ -->\n<title>Raposa \u00e9 resgatada por bombeiros ap\u00f3s passar 4 dias presa em po\u00e7o desativado no interior do RN - Taveira Jr<\/title>\n<meta name=\"robots\" content=\"index, follow, max-snippet:-1, max-image-preview:large, max-video-preview:-1\" \/>\n<link rel=\"canonical\" href=\"https:\/\/deputadotaveirajr.com.br\/index.php\/raposa-e-resgatada-por-bombeiros-apos-passar-4-dias-presa-em-poco-desativado-no-interior-do-rn\/\" \/>\n<meta property=\"og:locale\" content=\"pt_BR\" \/>\n<meta property=\"og:type\" content=\"article\" \/>\n<meta property=\"og:title\" content=\"Raposa \u00e9 resgatada por bombeiros ap\u00f3s passar 4 dias presa em po\u00e7o desativado no interior do RN - Taveira Jr\" \/>\n<meta property=\"og:description\" content=\"Caso aconteceu em s\u00edtio de Ipangua\u00e7u, na regi\u00e3o Oeste potiguar. Animal n\u00e3o ficou ferido. Raposa \u00e9 resgatada em po\u00e7o no interior do RN CBMRN\/Divulga\u00e7\u00e3o Uma raposa foi resgatada por bombeiros ...\" \/>\n<meta property=\"og:url\" content=\"https:\/\/deputadotaveirajr.com.br\/index.php\/raposa-e-resgatada-por-bombeiros-apos-passar-4-dias-presa-em-poco-desativado-no-interior-do-rn\/\" \/>\n<meta property=\"og:site_name\" content=\"Taveira Jr\" \/>\n<meta property=\"og:image\" content=\"https:\/\/s2-g1.glbimg.com\/Ehpu8UiTu7l-h7mjlLTDPK2ZQlM=\/i.s3.glbimg.com\/v1\/AUTH_59edd422c0c84a879bd37670ae4f538a\/internal_photos\/bs\/2025\/A\/Y\/MsHpDfThAF2F49uxfKIw\/whatsapp-image-2025-01-16-at-08.40.20-1-.jpeg\" \/>\n<meta name=\"twitter:card\" content=\"summary_large_image\" \/>\n<meta name=\"twitter:label1\" content=\"Est. tempo de leitura\" \/>\n\t<meta name=\"twitter:data1\" content=\"1 minuto\" \/>\n<script type=\"application\/ld+json\" class=\"yoast-schema-graph\">{\"@context\":\"https:\/\/schema.org\",\"@graph\":[{\"@type\":\"WebPage\",\"@id\":\"https:\/\/deputadotaveirajr.com.br\/index.php\/raposa-e-resgatada-por-bombeiros-apos-passar-4-dias-presa-em-poco-desativado-no-interior-do-rn\/\",\"url\":\"https:\/\/deputadotaveirajr.com.br\/index.php\/raposa-e-resgatada-por-bombeiros-apos-passar-4-dias-presa-em-poco-desativado-no-interior-do-rn\/\",\"name\":\"Raposa \u00e9 resgatada por bombeiros ap\u00f3s passar 4 dias presa em po\u00e7o desativado no interior do RN - Taveira Jr\",\"isPartOf\":{\"@id\":\"https:\/\/deputadotaveirajr.com.br\/#website\"},\"primaryImageOfPage\":{\"@id\":\"https:\/\/deputadotaveirajr.com.br\/index.php\/raposa-e-resgatada-por-bombeiros-apos-passar-4-dias-presa-em-poco-desativado-no-interior-do-rn\/#primaryimage\"},\"image\":{\"@id\":\"https:\/\/deputadotaveirajr.com.br\/index.php\/raposa-e-resgatada-por-bombeiros-apos-passar-4-dias-presa-em-poco-desativado-no-interior-do-rn\/#primaryimage\"},\"thumbnailUrl\":\"https:\/\/deputadotaveirajr.com.br\/wp-content\/uploads\/2025\/01\/whatsapp-image-2025-01-16-at-08.40.20-1-aTiL7e.jpeg\",\"datePublished\":\"2025-01-16T12:52:30+00:00\",\"breadcrumb\":{\"@id\":\"https:\/\/deputadotaveirajr.com.br\/index.php\/raposa-e-resgatada-por-bombeiros-apos-passar-4-dias-presa-em-poco-desativado-no-interior-do-rn\/#breadcrumb\"},\"inLanguage\":\"pt-BR\",\"potentialAction\":[{\"@type\":\"ReadAction\",\"target\":[\"https:\/\/deputadotaveirajr.com.br\/index.php\/raposa-e-resgatada-por-bombeiros-apos-passar-4-dias-presa-em-poco-desativado-no-interior-do-rn\/\"]}]},{\"@type\":\"ImageObject\",\"inLanguage\":\"pt-BR\",\"@id\":\"https:\/\/deputadotaveirajr.com.br\/index.php\/raposa-e-resgatada-por-bombeiros-apos-passar-4-dias-presa-em-poco-desativado-no-interior-do-rn\/#primaryimage\",\"url\":\"https:\/\/deputadotaveirajr.com.br\/wp-content\/uploads\/2025\/01\/whatsapp-image-2025-01-16-at-08.40.20-1-aTiL7e.jpeg\",\"contentUrl\":\"https:\/\/deputadotaveirajr.com.br\/wp-content\/uploads\/2025\/01\/whatsapp-image-2025-01-16-at-08.40.20-1-aTiL7e.jpeg\",\"width\":824,\"height\":842},{\"@type\":\"BreadcrumbList\",\"@id\":\"https:\/\/deputadotaveirajr.com.br\/index.php\/raposa-e-resgatada-por-bombeiros-apos-passar-4-dias-presa-em-poco-desativado-no-interior-do-rn\/#breadcrumb\",\"itemListElement\":[{\"@type\":\"ListItem\",\"position\":1,\"name\":\"In\u00edcio\",\"item\":\"https:\/\/deputadotaveirajr.com.br\/\"},{\"@type\":\"ListItem\",\"position\":2,\"name\":\"Raposa \u00e9 resgatada por bombeiros ap\u00f3s passar 4 dias presa em po\u00e7o desativado no interior do RN\"}]},{\"@type\":\"WebSite\",\"@id\":\"https:\/\/deputadotaveirajr.com.br\/#website\",\"url\":\"https:\/\/deputadotaveirajr.com.br\/\",\"name\":\"Taveira Jr\",\"description\":\"Deputado Estadual\",\"publisher\":{\"@id\":\"https:\/\/deputadotaveirajr.com.br\/#organization\"},\"potentialAction\":[{\"@type\":\"SearchAction\",\"target\":{\"@type\":\"EntryPoint\",\"urlTemplate\":\"https:\/\/deputadotaveirajr.com.br\/?s={search_term_string}\"},\"query-input\":{\"@type\":\"PropertyValueSpecification\",\"valueRequired\":true,\"valueName\":\"search_term_string\"}}],\"inLanguage\":\"pt-BR\"},{\"@type\":\"Organization\",\"@id\":\"https:\/\/deputadotaveirajr.com.br\/#organization\",\"name\":\"Taveira Jr\",\"url\":\"https:\/\/deputadotaveirajr.com.br\/\",\"logo\":{\"@type\":\"ImageObject\",\"inLanguage\":\"pt-BR\",\"@id\":\"https:\/\/deputadotaveirajr.com.br\/#\/schema\/logo\/image\/\",\"url\":\"https:\/\/deputadotaveirajr.com.br\/wp-content\/uploads\/2026\/01\/logolow2a.png\",\"contentUrl\":\"https:\/\/deputadotaveirajr.com.br\/wp-content\/uploads\/2026\/01\/logolow2a.png\",\"width\":290,\"height\":80,\"caption\":\"Taveira Jr\"},\"image\":{\"@id\":\"https:\/\/deputadotaveirajr.com.br\/#\/schema\/logo\/image\/\"}}]}<\/script>\n<!-- \/ Yoast SEO plugin. -->","yoast_head_json":{"title":"Raposa \u00e9 resgatada por bombeiros ap\u00f3s passar 4 dias presa em po\u00e7o desativado no interior do RN - Taveira Jr","robots":{"index":"index","follow":"follow","max-snippet":"max-snippet:-1","max-image-preview":"max-image-preview:large","max-video-preview":"max-video-preview:-1"},"canonical":"https:\/\/deputadotaveirajr.com.br\/index.php\/raposa-e-resgatada-por-bombeiros-apos-passar-4-dias-presa-em-poco-desativado-no-interior-do-rn\/","og_locale":"pt_BR","og_type":"article","og_title":"Raposa \u00e9 resgatada por bombeiros ap\u00f3s passar 4 dias presa em po\u00e7o desativado no interior do RN - Taveira Jr","og_description":"Caso aconteceu em s\u00edtio de Ipangua\u00e7u, na regi\u00e3o Oeste potiguar. Animal n\u00e3o ficou ferido. Raposa \u00e9 resgatada em po\u00e7o no interior do RN CBMRN\/Divulga\u00e7\u00e3o Uma raposa foi resgatada por bombeiros ...","og_url":"https:\/\/deputadotaveirajr.com.br\/index.php\/raposa-e-resgatada-por-bombeiros-apos-passar-4-dias-presa-em-poco-desativado-no-interior-do-rn\/","og_site_name":"Taveira Jr","og_image":[{"url":"https:\/\/s2-g1.glbimg.com\/Ehpu8UiTu7l-h7mjlLTDPK2ZQlM=\/i.s3.glbimg.com\/v1\/AUTH_59edd422c0c84a879bd37670ae4f538a\/internal_photos\/bs\/2025\/A\/Y\/MsHpDfThAF2F49uxfKIw\/whatsapp-image-2025-01-16-at-08.40.20-1-.jpeg","type":"","width":"","height":""}],"twitter_card":"summary_large_image","twitter_misc":{"Est. tempo de leitura":"1 minuto"},"schema":{"@context":"https:\/\/schema.org","@graph":[{"@type":"WebPage","@id":"https:\/\/deputadotaveirajr.com.br\/index.php\/raposa-e-resgatada-por-bombeiros-apos-passar-4-dias-presa-em-poco-desativado-no-interior-do-rn\/","url":"https:\/\/deputadotaveirajr.com.br\/index.php\/raposa-e-resgatada-por-bombeiros-apos-passar-4-dias-presa-em-poco-desativado-no-interior-do-rn\/","name":"Raposa \u00e9 resgatada por bombeiros ap\u00f3s passar 4 dias presa em po\u00e7o desativado no interior do RN - Taveira Jr","isPartOf":{"@id":"https:\/\/deputadotaveirajr.com.br\/#website"},"primaryImageOfPage":{"@id":"https:\/\/deputadotaveirajr.com.br\/index.php\/raposa-e-resgatada-por-bombeiros-apos-passar-4-dias-presa-em-poco-desativado-no-interior-do-rn\/#primaryimage"},"image":{"@id":"https:\/\/deputadotaveirajr.com.br\/index.php\/raposa-e-resgatada-por-bombeiros-apos-passar-4-dias-presa-em-poco-desativado-no-interior-do-rn\/#primaryimage"},"thumbnailUrl":"https:\/\/deputadotaveirajr.com.br\/wp-content\/uploads\/2025\/01\/whatsapp-image-2025-01-16-at-08.40.20-1-aTiL7e.jpeg","datePublished":"2025-01-16T12:52:30+00:00","breadcrumb":{"@id":"https:\/\/deputadotaveirajr.com.br\/index.php\/raposa-e-resgatada-por-bombeiros-apos-passar-4-dias-presa-em-poco-desativado-no-interior-do-rn\/#breadcrumb"},"inLanguage":"pt-BR","potentialAction":[{"@type":"ReadAction","target":["https:\/\/deputadotaveirajr.com.br\/index.php\/raposa-e-resgatada-por-bombeiros-apos-passar-4-dias-presa-em-poco-desativado-no-interior-do-rn\/"]}]},{"@type":"ImageObject","inLanguage":"pt-BR","@id":"https:\/\/deputadotaveirajr.com.br\/index.php\/raposa-e-resgatada-por-bombeiros-apos-passar-4-dias-presa-em-poco-desativado-no-interior-do-rn\/#primaryimage","url":"https:\/\/deputadotaveirajr.com.br\/wp-content\/uploads\/2025\/01\/whatsapp-image-2025-01-16-at-08.40.20-1-aTiL7e.jpeg","contentUrl":"https:\/\/deputadotaveirajr.com.br\/wp-content\/uploads\/2025\/01\/whatsapp-image-2025-01-16-at-08.40.20-1-aTiL7e.jpeg","width":824,"height":842},{"@type":"BreadcrumbList","@id":"https:\/\/deputadotaveirajr.com.br\/index.php\/raposa-e-resgatada-por-bombeiros-apos-passar-4-dias-presa-em-poco-desativado-no-interior-do-rn\/#breadcrumb","itemListElement":[{"@type":"ListItem","position":1,"name":"In\u00edcio","item":"https:\/\/deputadotaveirajr.com.br\/"},{"@type":"ListItem","position":2,"name":"Raposa \u00e9 resgatada por bombeiros ap\u00f3s passar 4 dias presa em po\u00e7o desativado no interior do RN"}]},{"@type":"WebSite","@id":"https:\/\/deputadotaveirajr.com.br\/#website","url":"https:\/\/deputadotaveirajr.com.br\/","name":"Taveira Jr","description":"Deputado Estadual","publisher":{"@id":"https:\/\/deputadotaveirajr.com.br\/#organization"},"potentialAction":[{"@type":"SearchAction","target":{"@type":"EntryPoint","urlTemplate":"https:\/\/deputadotaveirajr.com.br\/?s={search_term_string}"},"query-input":{"@type":"PropertyValueSpecification","valueRequired":true,"valueName":"search_term_string"}}],"inLanguage":"pt-BR"},{"@type":"Organization","@id":"https:\/\/deputadotaveirajr.com.br\/#organization","name":"Taveira Jr","url":"https:\/\/deputadotaveirajr.com.br\/","logo":{"@type":"ImageObject","inLanguage":"pt-BR","@id":"https:\/\/deputadotaveirajr.com.br\/#\/schema\/logo\/image\/","url":"https:\/\/deputadotaveirajr.com.br\/wp-content\/uploads\/2026\/01\/logolow2a.png","contentUrl":"https:\/\/deputadotaveirajr.com.br\/wp-content\/uploads\/2026\/01\/logolow2a.png","width":290,"height":80,"caption":"Taveira Jr"},"image":{"@id":"https:\/\/deputadotaveirajr.com.br\/#\/schema\/logo\/image\/"}}]}},"_links":{"self":[{"href":"https:\/\/deputadotaveirajr.com.br\/index.php\/wp-json\/wp\/v2\/pages\/12004","targetHints":{"allow":["GET"]}}],"collection":[{"href":"https:\/\/deputadotaveirajr.com.br\/index.php\/wp-json\/wp\/v2\/pages"}],"about":[{"href":"https:\/\/deputadotaveirajr.com.br\/index.php\/wp-json\/wp\/v2\/types\/page"}],"replies":[{"embeddable":true,"href":"https:\/\/deputadotaveirajr.com.br\/index.php\/wp-json\/wp\/v2\/comments?post=12004"}],"version-history":[{"count":0,"href":"https:\/\/deputadotaveirajr.com.br\/index.php\/wp-json\/wp\/v2\/pages\/12004\/revisions"}],"wp:featuredmedia":[{"embeddable":true,"href":"https:\/\/deputadotaveirajr.com.br\/index.php\/wp-json\/wp\/v2\/media\/12005"}],"wp:attachment":[{"href":"https:\/\/deputadotaveirajr.com.br\/index.php\/wp-json\/wp\/v2\/media?parent=12004"}],"curies":[{"name":"wp","href":"https:\/\/api.w.org\/{rel}","templated":true}]}}