{"id":12006,"date":"2025-01-16T09:45:47","date_gmt":"2025-01-16T12:45:47","guid":{"rendered":"https:\/\/deputadotaveirajr.com.br\/index.php\/xand-aviao-fagner-e-cine-verao-veja-agenda-cultural-do-fim-de-semana-em-natal\/"},"modified":"2025-01-16T09:45:47","modified_gmt":"2025-01-16T12:45:47","slug":"xand-aviao-fagner-e-cine-verao-veja-agenda-cultural-do-fim-de-semana-em-natal","status":"publish","type":"page","link":"https:\/\/deputadotaveirajr.com.br\/index.php\/xand-aviao-fagner-e-cine-verao-veja-agenda-cultural-do-fim-de-semana-em-natal\/","title":{"rendered":"Xand Avi\u00e3o, Fagner e Cine Ver\u00e3o: veja agenda cultural do fim de semana em Natal"},"content":{"rendered":"<p><img decoding=\"async\" src=\"https:\/\/s2-g1.glbimg.com\/AkXiswKdoDBzIvBKQvYIZr-ggwc=\/i.s3.glbimg.com\/v1\/AUTH_59edd422c0c84a879bd37670ae4f538a\/internal_photos\/bs\/2024\/L\/o\/fbEYlZQ4qHPD3ocYaVZA\/dcb70d67-9565-4265-88c9-2f2242354c5e.jfif\" \/><br \/>     Op\u00e7\u00f5es de eventos que acontecem entre esta quinta-feira (16) e a segunda-feira (20) foram reunidas pelo g1. Xand Avi\u00e3o \u00e9 atra\u00e7\u00e3o no fim de semana em Natal<br \/>\nLa\u00e9cio Lacerda<br \/>\nO fim de semana em Natal promete entretenimento para todos os p\u00fablicos, com atra\u00e7\u00f5es que v\u00e3o da m\u00fasica ao cinema.<br \/>\nEntre os destaques est\u00e3o o show de Xand Avi\u00e3o, que promete animar o p\u00fablico com seus grandes sucessos, e a apresenta\u00e7\u00e3o de Fagner, trazendo cl\u00e1ssicos da MPB. Para quem busca algo diferente, o Cine Ver\u00e3o oferece sess\u00f5es gratuitas e ao ar livre.<br \/>\n\ud83d\udcf3Participe do canal do g1 RN no WhatsApp<br \/>\nO g1 reuniu algumas das op\u00e7\u00f5es de eventos que acontecem entre esta quinta-feira (16) e a pr\u00f3xima segunda-feira (20). Veja abaixo:<br \/>\nQuinta-feira (16)<br \/>\nBafaf\u00e1 Pirangi<br \/>\nLocal: Bafaf\u00e1 (Pirangi)<br \/>\nHor\u00e1rio: 17h<br \/>\nIngressos: R$ 20 (CLIQUE AQUI)<br \/>\nRildo Lima<br \/>\nLocal: Taverna Pub (Ponta Negra)<br \/>\nHor\u00e1rio: 19h<br \/>\nIngressos: R$ 10 (vendas no local)<br \/>\nKING KONG FRAN<br \/>\nLocal: Teatro Alberto Maranh\u00e3o (Ribeira)<br \/>\nHor\u00e1rio: 17h<br \/>\nIngressos: a partir de R$ 60 (CLIQUE AQUI)<br \/>\nQuinta da Am\u00ea<br \/>\nLocal: Casanova Ecobar (Candel\u00e1ria)<br \/>\nHor\u00e1rio: 20h<br \/>\nIngressos: entrada gratuita<br \/>\nCambota &#8211; Av\u00f3s e Viol\u00e3o<br \/>\nLocal: Natal Comedy Club (Candel\u00e1ria)<br \/>\nHor\u00e1rio: 20h<br \/>\nIngressos: a partir de R$ 60 (CLIQUE AQUI)<br \/>\nCine Ver\u00e3o<br \/>\nLocal: Complexo Cultural Rampa<br \/>\nHor\u00e1rio: 17h<br \/>\nIngressos: entrada gratuita<br \/>\nSexta (17)<br \/>\nFagner<br \/>\nLocal: Teatro Riachuelo<br \/>\nHor\u00e1rio: 20h<br \/>\nIngressos: a partir de R$ 170 (CLIQUE AQUI)<br \/>\nFagner canta &#8216;Revela\u00e7\u00e3o&#8217;<br \/>\nXand\u00b4s Bar<br \/>\nXand Avi\u00e3o, Ra\u00ed Saia Rodada, Zezo, Luan Estilizado e Raynel Guedes<br \/>\nLocal: Ilha Ecomax (Pirangi)<br \/>\nHor\u00e1rio: 20h<br \/>\nIngressos: a partir de R$ 180 (CLIQUE AQUI)<br \/>\nAs Cores do Ver\u00e3o<br \/>\nLocal: Village Porto Mirim (Cear\u00e1-Mirim)<br \/>\nHor\u00e1rio: 17h<br \/>\nIngressos: a partir de R$ 130 (CLIQUE AQUI)<br \/>\nWendell &amp; Nanda Show<br \/>\nLocal: Espa\u00e7o \u00c1valon (Ponta Negra)<br \/>\nHor\u00e1rio: 20h<br \/>\nIngressos: R$ 15 (vendas no local)<br \/>\nFunkz\u00e3o 2000<br \/>\nLocal: Whiskrit\u00f3rio Pub (Capim Macio)<br \/>\nHor\u00e1rio: 21h<br \/>\nIngressos: a partir de R$ 20 (CLIQUE AQUI)<br \/>\nCine Ver\u00e3o<br \/>\nLocal: Complexo Cultural Rampa<br \/>\nHor\u00e1rio: 16h<br \/>\nIngressos: entrada gratuita<br \/>\nSexta Verano<br \/>\nLocal: Casanova Ecobar (Candel\u00e1ria)<br \/>\nHor\u00e1rio: 20h<br \/>\nIngressos: entrada gratuita<br \/>\nPared\u00e3o Funk 2010<br \/>\nLocal: Loop Music Pub (Ponta Negra)<br \/>\nHor\u00e1rio: 21h<br \/>\nIngressos: entrada gratuita<br \/>\nDenimel<br \/>\nLocal: Zona Abissal (Cidade Verde)<br \/>\nHor\u00e1rio: 20h<br \/>\nIngressos: R$ 10 (vendas no local)<br \/>\nPiadas M\u00e1gicas &#8211; Gian Danves e Convidados<br \/>\nLocal: Natal Comedy Club (Candel\u00e1ria)<br \/>\nHor\u00e1rio: 20h<br \/>\nIngressos: a partir de R$ 15 (CLIQUE AQUI)<br \/>\nS\u00e1bado (18)<br \/>\nFagner<br \/>\nLocal: Teatro Riachuelo<br \/>\nHor\u00e1rio: 20h<br \/>\nIngressos: a partir de R$ 170 (CLIQUE AQUI)<br \/>\nSambinha Pirangi<br \/>\nLocal: Avenida Deputado M\u00e1rcio Marinho (Pirangi)<br \/>\nHor\u00e1rio: 17h<br \/>\nIngressos: a partir de R$ 40 (CLIQUE AQUI)<br \/>\nFreakNight<br \/>\nLocal: Whiskrit\u00f3rio Pub (Capim Macio)<br \/>\nHor\u00e1rio: 21h<br \/>\nIngressos: a partir de R$ 25 (CLIQUE AQUI)<br \/>\nReda\u00e7\u00e3o Praia &#8211; Eric Land + Kadu Martins + Kelvy Pablo<br \/>\nLocal: Avenida Deputado M\u00e1rcio Marinho, 125 (Pirangi)<br \/>\nHor\u00e1rio: 18h<br \/>\nIngressos: esgotados<br \/>\nSambasti\u00e3o<br \/>\nLocal: Buteco S\u00e3o Basti\u00e3o (Pirangi)<br \/>\nHor\u00e1rio: 19h<br \/>\nIngressos: a partir de R$ 50 (CLIQUE AQUI)<br \/>\nEdja Alvess Trio<br \/>\nLocal: Espa\u00e7o \u00c1valon (Ponta Negra)<br \/>\nHor\u00e1rio: 19h<br \/>\nIngressos: R$ 15 (vendas no local)<br \/>\nCarol Delgado em Gurias Malvadas<br \/>\nLocal: Natal Comedy Club (Candel\u00e1ria)<br \/>\nHor\u00e1rio: 20h<br \/>\nIngressos: a partir de R$ 50 (CLIQUE AQUI)<br \/>\nTributo C\u00e1ssia e Nando<br \/>\nLocal: Oh&#8217;Velha Pub (Ponta Negra)<br \/>\nHor\u00e1rio: 20h<br \/>\nIngressos: a partir de R$ 15 (CLIQUE AQUI)<br \/>\nFest Ver\u00e3o Barreta 2025<br \/>\nLocal: Praia de Barreta<br \/>\nHor\u00e1rio: 21h<br \/>\nIngressos: R$ 30 (CLIQUE AQUI)<br \/>\nEncontro dos gigantes<br \/>\nAldair Playboy, Dod\u00f4 Press\u00e3o e Riquinho Rico<br \/>\nLocal: Hangar 84 (Potengi)<br \/>\nHor\u00e1rio: 21h<br \/>\nIngressos: R$ 30 (CLIQUE AQUI)<br \/>\nVer\u00e3o Naf Naf<br \/>\nLocal: Naf Naf Grill (Praia de Jacum\u00e3)<br \/>\nHor\u00e1rio: 21h<br \/>\nIngressos: R$ 50 (CLIQUE AQUI)<br \/>\nEnsaio da patroa &#8211; VG Prime<br \/>\nLocal: Vogue Natal (Candel\u00e1ria)<br \/>\nHor\u00e1rio: 22h<br \/>\nIngressos: R$ 20 (CLIQUE AQUI)<br \/>\nBangerz<br \/>\nLocal: Casanova Ecobar (Candel\u00e1ria)<br \/>\nHor\u00e1rio: 20h<br \/>\nIngressos: entrada gratuita<br \/>\nQuintal da Organzza<br \/>\nLocal: Loop Music Pub (Ponta Negra)<br \/>\nHor\u00e1rio: 21h<br \/>\nIngressos: a partir de R$ 15 (CLIQUE AQUI)<br \/>\nCine Ver\u00e3o<br \/>\nLocal: Complexo Cultural Rampa<br \/>\nHor\u00e1rio: 14h<br \/>\nIngressos: entrada gratuita<br \/>\nDomingo (19)<br \/>\nF\u00e1brica de Piadas Potiguar<br \/>\nLocal: Natal Comedy Club (Candel\u00e1ria)<br \/>\nHor\u00e1rio: 20h<br \/>\nIngressos: a partir de R$ 15 (CLIQUE AQUI)<br \/>\nDomingueira<br \/>\nLocal: Casanova Ecobar (Candel\u00e1ria)<br \/>\nHor\u00e1rio: 19h<br \/>\nIngressos: entrada gratuita<br \/>\nSegunda-feira (20)<br \/>\nSegunda de Vagabundo<br \/>\nLocal: Rua Pereira Sim\u00f5es , 43 B, Rocas<br \/>\nHor\u00e1rio: 20h<br \/>\nIngressos: entrada gratuita<br \/>\nVeja os v\u00eddeos mais assistidos do g1 RN<\/p>","protected":false},"excerpt":{"rendered":"<p>Op\u00e7\u00f5es de eventos que acontecem entre esta quinta-feira (16) e a segunda-feira (20) foram reunidas pelo g1. Xand Avi\u00e3o \u00e9 atra\u00e7\u00e3o no fim de semana em Natal La\u00e9cio Lacerda O &#8230;<\/p>\n","protected":false},"author":0,"featured_media":12007,"parent":0,"menu_order":0,"comment_status":"closed","ping_status":"closed","template":"","meta":{"footnotes":""},"class_list":["post-12006","page","type-page","status-publish","has-post-thumbnail","hentry"],"yoast_head":"<!-- This site is optimized with the Yoast SEO plugin v27.1.1 - https:\/\/yoast.com\/product\/yoast-seo-wordpress\/ -->\n<title>Xand Avi\u00e3o, Fagner e Cine Ver\u00e3o: veja agenda cultural do fim de semana em Natal - Taveira Jr<\/title>\n<meta name=\"robots\" content=\"index, follow, max-snippet:-1, max-image-preview:large, max-video-preview:-1\" \/>\n<link rel=\"canonical\" href=\"https:\/\/deputadotaveirajr.com.br\/index.php\/xand-aviao-fagner-e-cine-verao-veja-agenda-cultural-do-fim-de-semana-em-natal\/\" \/>\n<meta property=\"og:locale\" content=\"pt_BR\" \/>\n<meta property=\"og:type\" content=\"article\" \/>\n<meta property=\"og:title\" content=\"Xand Avi\u00e3o, Fagner e Cine Ver\u00e3o: veja agenda cultural do fim de semana em Natal - Taveira Jr\" \/>\n<meta property=\"og:description\" content=\"Op\u00e7\u00f5es de eventos que acontecem entre esta quinta-feira (16) e a segunda-feira (20) foram reunidas pelo g1. Xand Avi\u00e3o \u00e9 atra\u00e7\u00e3o no fim de semana em Natal La\u00e9cio Lacerda O ...\" \/>\n<meta property=\"og:url\" content=\"https:\/\/deputadotaveirajr.com.br\/index.php\/xand-aviao-fagner-e-cine-verao-veja-agenda-cultural-do-fim-de-semana-em-natal\/\" \/>\n<meta property=\"og:site_name\" content=\"Taveira Jr\" \/>\n<meta property=\"og:image\" content=\"https:\/\/s2-g1.glbimg.com\/AkXiswKdoDBzIvBKQvYIZr-ggwc=\/i.s3.glbimg.com\/v1\/AUTH_59edd422c0c84a879bd37670ae4f538a\/internal_photos\/bs\/2024\/L\/o\/fbEYlZQ4qHPD3ocYaVZA\/dcb70d67-9565-4265-88c9-2f2242354c5e.jfif\" \/>\n<meta name=\"twitter:card\" content=\"summary_large_image\" \/>\n<meta name=\"twitter:label1\" content=\"Est. tempo de leitura\" \/>\n\t<meta name=\"twitter:data1\" content=\"4 minutos\" \/>\n<script type=\"application\/ld+json\" class=\"yoast-schema-graph\">{\"@context\":\"https:\/\/schema.org\",\"@graph\":[{\"@type\":\"WebPage\",\"@id\":\"https:\/\/deputadotaveirajr.com.br\/index.php\/xand-aviao-fagner-e-cine-verao-veja-agenda-cultural-do-fim-de-semana-em-natal\/\",\"url\":\"https:\/\/deputadotaveirajr.com.br\/index.php\/xand-aviao-fagner-e-cine-verao-veja-agenda-cultural-do-fim-de-semana-em-natal\/\",\"name\":\"Xand Avi\u00e3o, Fagner e Cine Ver\u00e3o: veja agenda cultural do fim de semana em Natal - Taveira Jr\",\"isPartOf\":{\"@id\":\"https:\/\/deputadotaveirajr.com.br\/#website\"},\"primaryImageOfPage\":{\"@id\":\"https:\/\/deputadotaveirajr.com.br\/index.php\/xand-aviao-fagner-e-cine-verao-veja-agenda-cultural-do-fim-de-semana-em-natal\/#primaryimage\"},\"image\":{\"@id\":\"https:\/\/deputadotaveirajr.com.br\/index.php\/xand-aviao-fagner-e-cine-verao-veja-agenda-cultural-do-fim-de-semana-em-natal\/#primaryimage\"},\"thumbnailUrl\":\"https:\/\/deputadotaveirajr.com.br\/wp-content\/uploads\/2025\/01\/dcb70d67-9565-4265-88c9-2f2242354c5e-jKwmkN.png\",\"datePublished\":\"2025-01-16T12:45:47+00:00\",\"breadcrumb\":{\"@id\":\"https:\/\/deputadotaveirajr.com.br\/index.php\/xand-aviao-fagner-e-cine-verao-veja-agenda-cultural-do-fim-de-semana-em-natal\/#breadcrumb\"},\"inLanguage\":\"pt-BR\",\"potentialAction\":[{\"@type\":\"ReadAction\",\"target\":[\"https:\/\/deputadotaveirajr.com.br\/index.php\/xand-aviao-fagner-e-cine-verao-veja-agenda-cultural-do-fim-de-semana-em-natal\/\"]}]},{\"@type\":\"ImageObject\",\"inLanguage\":\"pt-BR\",\"@id\":\"https:\/\/deputadotaveirajr.com.br\/index.php\/xand-aviao-fagner-e-cine-verao-veja-agenda-cultural-do-fim-de-semana-em-natal\/#primaryimage\",\"url\":\"https:\/\/deputadotaveirajr.com.br\/wp-content\/uploads\/2025\/01\/dcb70d67-9565-4265-88c9-2f2242354c5e-jKwmkN.png\",\"contentUrl\":\"https:\/\/deputadotaveirajr.com.br\/wp-content\/uploads\/2025\/01\/dcb70d67-9565-4265-88c9-2f2242354c5e-jKwmkN.png\",\"width\":1280,\"height\":853},{\"@type\":\"BreadcrumbList\",\"@id\":\"https:\/\/deputadotaveirajr.com.br\/index.php\/xand-aviao-fagner-e-cine-verao-veja-agenda-cultural-do-fim-de-semana-em-natal\/#breadcrumb\",\"itemListElement\":[{\"@type\":\"ListItem\",\"position\":1,\"name\":\"In\u00edcio\",\"item\":\"https:\/\/deputadotaveirajr.com.br\/\"},{\"@type\":\"ListItem\",\"position\":2,\"name\":\"Xand Avi\u00e3o, Fagner e Cine Ver\u00e3o: veja agenda cultural do fim de semana em Natal\"}]},{\"@type\":\"WebSite\",\"@id\":\"https:\/\/deputadotaveirajr.com.br\/#website\",\"url\":\"https:\/\/deputadotaveirajr.com.br\/\",\"name\":\"Taveira Jr\",\"description\":\"Deputado Estadual\",\"publisher\":{\"@id\":\"https:\/\/deputadotaveirajr.com.br\/#organization\"},\"potentialAction\":[{\"@type\":\"SearchAction\",\"target\":{\"@type\":\"EntryPoint\",\"urlTemplate\":\"https:\/\/deputadotaveirajr.com.br\/?s={search_term_string}\"},\"query-input\":{\"@type\":\"PropertyValueSpecification\",\"valueRequired\":true,\"valueName\":\"search_term_string\"}}],\"inLanguage\":\"pt-BR\"},{\"@type\":\"Organization\",\"@id\":\"https:\/\/deputadotaveirajr.com.br\/#organization\",\"name\":\"Taveira Jr\",\"url\":\"https:\/\/deputadotaveirajr.com.br\/\",\"logo\":{\"@type\":\"ImageObject\",\"inLanguage\":\"pt-BR\",\"@id\":\"https:\/\/deputadotaveirajr.com.br\/#\/schema\/logo\/image\/\",\"url\":\"https:\/\/deputadotaveirajr.com.br\/wp-content\/uploads\/2026\/01\/logolow2a.png\",\"contentUrl\":\"https:\/\/deputadotaveirajr.com.br\/wp-content\/uploads\/2026\/01\/logolow2a.png\",\"width\":290,\"height\":80,\"caption\":\"Taveira Jr\"},\"image\":{\"@id\":\"https:\/\/deputadotaveirajr.com.br\/#\/schema\/logo\/image\/\"}}]}<\/script>\n<!-- \/ Yoast SEO plugin. -->","yoast_head_json":{"title":"Xand Avi\u00e3o, Fagner e Cine Ver\u00e3o: veja agenda cultural do fim de semana em Natal - Taveira Jr","robots":{"index":"index","follow":"follow","max-snippet":"max-snippet:-1","max-image-preview":"max-image-preview:large","max-video-preview":"max-video-preview:-1"},"canonical":"https:\/\/deputadotaveirajr.com.br\/index.php\/xand-aviao-fagner-e-cine-verao-veja-agenda-cultural-do-fim-de-semana-em-natal\/","og_locale":"pt_BR","og_type":"article","og_title":"Xand Avi\u00e3o, Fagner e Cine Ver\u00e3o: veja agenda cultural do fim de semana em Natal - Taveira Jr","og_description":"Op\u00e7\u00f5es de eventos que acontecem entre esta quinta-feira (16) e a segunda-feira (20) foram reunidas pelo g1. Xand Avi\u00e3o \u00e9 atra\u00e7\u00e3o no fim de semana em Natal La\u00e9cio Lacerda O ...","og_url":"https:\/\/deputadotaveirajr.com.br\/index.php\/xand-aviao-fagner-e-cine-verao-veja-agenda-cultural-do-fim-de-semana-em-natal\/","og_site_name":"Taveira Jr","og_image":[{"url":"https:\/\/s2-g1.glbimg.com\/AkXiswKdoDBzIvBKQvYIZr-ggwc=\/i.s3.glbimg.com\/v1\/AUTH_59edd422c0c84a879bd37670ae4f538a\/internal_photos\/bs\/2024\/L\/o\/fbEYlZQ4qHPD3ocYaVZA\/dcb70d67-9565-4265-88c9-2f2242354c5e.jfif","type":"","width":"","height":""}],"twitter_card":"summary_large_image","twitter_misc":{"Est. tempo de leitura":"4 minutos"},"schema":{"@context":"https:\/\/schema.org","@graph":[{"@type":"WebPage","@id":"https:\/\/deputadotaveirajr.com.br\/index.php\/xand-aviao-fagner-e-cine-verao-veja-agenda-cultural-do-fim-de-semana-em-natal\/","url":"https:\/\/deputadotaveirajr.com.br\/index.php\/xand-aviao-fagner-e-cine-verao-veja-agenda-cultural-do-fim-de-semana-em-natal\/","name":"Xand Avi\u00e3o, Fagner e Cine Ver\u00e3o: veja agenda cultural do fim de semana em Natal - Taveira Jr","isPartOf":{"@id":"https:\/\/deputadotaveirajr.com.br\/#website"},"primaryImageOfPage":{"@id":"https:\/\/deputadotaveirajr.com.br\/index.php\/xand-aviao-fagner-e-cine-verao-veja-agenda-cultural-do-fim-de-semana-em-natal\/#primaryimage"},"image":{"@id":"https:\/\/deputadotaveirajr.com.br\/index.php\/xand-aviao-fagner-e-cine-verao-veja-agenda-cultural-do-fim-de-semana-em-natal\/#primaryimage"},"thumbnailUrl":"https:\/\/deputadotaveirajr.com.br\/wp-content\/uploads\/2025\/01\/dcb70d67-9565-4265-88c9-2f2242354c5e-jKwmkN.png","datePublished":"2025-01-16T12:45:47+00:00","breadcrumb":{"@id":"https:\/\/deputadotaveirajr.com.br\/index.php\/xand-aviao-fagner-e-cine-verao-veja-agenda-cultural-do-fim-de-semana-em-natal\/#breadcrumb"},"inLanguage":"pt-BR","potentialAction":[{"@type":"ReadAction","target":["https:\/\/deputadotaveirajr.com.br\/index.php\/xand-aviao-fagner-e-cine-verao-veja-agenda-cultural-do-fim-de-semana-em-natal\/"]}]},{"@type":"ImageObject","inLanguage":"pt-BR","@id":"https:\/\/deputadotaveirajr.com.br\/index.php\/xand-aviao-fagner-e-cine-verao-veja-agenda-cultural-do-fim-de-semana-em-natal\/#primaryimage","url":"https:\/\/deputadotaveirajr.com.br\/wp-content\/uploads\/2025\/01\/dcb70d67-9565-4265-88c9-2f2242354c5e-jKwmkN.png","contentUrl":"https:\/\/deputadotaveirajr.com.br\/wp-content\/uploads\/2025\/01\/dcb70d67-9565-4265-88c9-2f2242354c5e-jKwmkN.png","width":1280,"height":853},{"@type":"BreadcrumbList","@id":"https:\/\/deputadotaveirajr.com.br\/index.php\/xand-aviao-fagner-e-cine-verao-veja-agenda-cultural-do-fim-de-semana-em-natal\/#breadcrumb","itemListElement":[{"@type":"ListItem","position":1,"name":"In\u00edcio","item":"https:\/\/deputadotaveirajr.com.br\/"},{"@type":"ListItem","position":2,"name":"Xand Avi\u00e3o, Fagner e Cine Ver\u00e3o: veja agenda cultural do fim de semana em Natal"}]},{"@type":"WebSite","@id":"https:\/\/deputadotaveirajr.com.br\/#website","url":"https:\/\/deputadotaveirajr.com.br\/","name":"Taveira Jr","description":"Deputado Estadual","publisher":{"@id":"https:\/\/deputadotaveirajr.com.br\/#organization"},"potentialAction":[{"@type":"SearchAction","target":{"@type":"EntryPoint","urlTemplate":"https:\/\/deputadotaveirajr.com.br\/?s={search_term_string}"},"query-input":{"@type":"PropertyValueSpecification","valueRequired":true,"valueName":"search_term_string"}}],"inLanguage":"pt-BR"},{"@type":"Organization","@id":"https:\/\/deputadotaveirajr.com.br\/#organization","name":"Taveira Jr","url":"https:\/\/deputadotaveirajr.com.br\/","logo":{"@type":"ImageObject","inLanguage":"pt-BR","@id":"https:\/\/deputadotaveirajr.com.br\/#\/schema\/logo\/image\/","url":"https:\/\/deputadotaveirajr.com.br\/wp-content\/uploads\/2026\/01\/logolow2a.png","contentUrl":"https:\/\/deputadotaveirajr.com.br\/wp-content\/uploads\/2026\/01\/logolow2a.png","width":290,"height":80,"caption":"Taveira Jr"},"image":{"@id":"https:\/\/deputadotaveirajr.com.br\/#\/schema\/logo\/image\/"}}]}},"_links":{"self":[{"href":"https:\/\/deputadotaveirajr.com.br\/index.php\/wp-json\/wp\/v2\/pages\/12006","targetHints":{"allow":["GET"]}}],"collection":[{"href":"https:\/\/deputadotaveirajr.com.br\/index.php\/wp-json\/wp\/v2\/pages"}],"about":[{"href":"https:\/\/deputadotaveirajr.com.br\/index.php\/wp-json\/wp\/v2\/types\/page"}],"replies":[{"embeddable":true,"href":"https:\/\/deputadotaveirajr.com.br\/index.php\/wp-json\/wp\/v2\/comments?post=12006"}],"version-history":[{"count":0,"href":"https:\/\/deputadotaveirajr.com.br\/index.php\/wp-json\/wp\/v2\/pages\/12006\/revisions"}],"wp:featuredmedia":[{"embeddable":true,"href":"https:\/\/deputadotaveirajr.com.br\/index.php\/wp-json\/wp\/v2\/media\/12007"}],"wp:attachment":[{"href":"https:\/\/deputadotaveirajr.com.br\/index.php\/wp-json\/wp\/v2\/media?parent=12006"}],"curies":[{"name":"wp","href":"https:\/\/api.w.org\/{rel}","templated":true}]}}