{"id":12010,"date":"2025-01-15T20:25:21","date_gmt":"2025-01-15T23:25:21","guid":{"rendered":"https:\/\/deputadotaveirajr.com.br\/index.php\/rn-registra-aumento-de-30-de-casos-de-covid-nos-primeiros-15-dias-de-2025\/"},"modified":"2025-01-15T20:25:21","modified_gmt":"2025-01-15T23:25:21","slug":"rn-registra-aumento-de-30-de-casos-de-covid-nos-primeiros-15-dias-de-2025","status":"publish","type":"page","link":"https:\/\/deputadotaveirajr.com.br\/index.php\/rn-registra-aumento-de-30-de-casos-de-covid-nos-primeiros-15-dias-de-2025\/","title":{"rendered":"RN registra aumento de 30% de casos de Covid nos primeiros 15 dias de 2025"},"content":{"rendered":"<p><img decoding=\"async\" src=\"https:\/\/s2-g1.glbimg.com\/qqebINyeViNEHN9So9mIXvRLCLc=\/i.s3.glbimg.com\/v1\/AUTH_59edd422c0c84a879bd37670ae4f538a\/internal_photos\/bs\/2023\/J\/h\/KALXmyStm0HL6htwpSvA\/teste-covid-19-29110841.jpg\" \/><br \/>     N\u00famero \u00e9 em compara\u00e7\u00e3o com os \u00faltimos 15 dias de dezembro de 2024. N\u00famero de mortes tamb\u00e9m aumentou de dois para seis pessoas, segundo Sesap. Novo teste possibilita o diagn\u00f3stico de Covid-19 ou Influenza em Botucatu<br \/>\nPrefeitura de Botucatu\/Divulga\u00e7\u00e3o<br \/>\nO Rio Grande do Norte registrou um aumento de 30% no casos conhecidos de Covid nos primeiros 15 dias de 2025, segundo a Secretaria de Estado da Sa\u00fade P\u00fablica do RN (Sesap). O comparativo \u00e9 com a \u00faltima quinzena de dezembro de 2024.<br \/>\nS\u00e3o chamados de casos conhecidos de Covid aqueles que s\u00e3o testados e registrados pelas secretarias de sa\u00fade.<br \/>\n\ud83d\udcf3Participe do canal do g1 RN no WhatsApp<br \/>\nSegundo a Sesap, foram 432 casos de Covid nos primeiros 15 dias de 2025 contra 332 no fim do ano passado.<br \/>\nO n\u00famero de mortes tamb\u00e9m cresceu: nas duas \u00faltimas semanas de 2024 duas pessoas morreram no estado com a doen\u00e7a. J\u00e1 nas duas primeiras semanas de 2025, o n\u00famero aumento para seis pessoas.<br \/>\nEm compara\u00e7\u00e3o com o mesmo per\u00edodo do ano passado, no entanto, o n\u00famero \u00e9 menor. Na primeira quinzena de 2024, 12 pessoas morreram pela doen\u00e7a no estado.<br \/>\n&#8220;Apesar da pandemia ter se encerrado, a Covid n\u00e3o deixou de existir, inclusive notamos nas \u00faltimas semanas um aumento no n\u00famero de casos, ainda que um n\u00famero bem inferior aos anos anteriores, \u00e9 verdade&#8221;, citou o diretor do Hospital Giselda Tirgueiro, o infectologista Andr\u00e9 Prudente.<br \/>\n&#8220;A maioria dos casos leves, mas muitos com necessidade de interna\u00e7\u00e3o com gravidade e at\u00e9 \u00f3bitos. No m\u00eas de janeiro o Hospital Giselda Trigueiro teve ao mesmo tempo nove pessoas internadas com Covid-19, algumas graves &#8211; coisa que n\u00e3a v\u00edamos h\u00e1 bastantes meses&#8221;, completou.<br \/>\nO infectologista aponta que \u00e9 importante que as pessoas que podem ser vacinadas contra a Covid procurem um posto de sa\u00fade pr\u00f3ximo de casa para renovar o cart\u00e3o vacinal.<br \/>\n&#8220;Levem seus cart\u00f5es de vacina\u00e7\u00e3o ao posto de sa\u00fade mais pr\u00f3ximo de suas casas e atualizem a vacina contra a Covid e as outras dispon\u00edveis no calend\u00e1rio, para diminuir a incid\u00eancia dessas doen\u00e7a e principalmente diminuir a necessidade de hospitaliza\u00e7\u00e3o&#8221;, citou.<br \/>\nV\u00eddeos mais assistidos do g1 RN<\/p>","protected":false},"excerpt":{"rendered":"<p>N\u00famero \u00e9 em compara\u00e7\u00e3o com os \u00faltimos 15 dias de dezembro de 2024. N\u00famero de mortes tamb\u00e9m aumentou de dois para seis pessoas, segundo Sesap. Novo teste possibilita o diagn\u00f3stico &#8230;<\/p>\n","protected":false},"author":0,"featured_media":12011,"parent":0,"menu_order":0,"comment_status":"closed","ping_status":"closed","template":"","meta":{"footnotes":""},"class_list":["post-12010","page","type-page","status-publish","has-post-thumbnail","hentry"],"yoast_head":"<!-- This site is optimized with the Yoast SEO plugin v27.1.1 - https:\/\/yoast.com\/product\/yoast-seo-wordpress\/ -->\n<title>RN registra aumento de 30% de casos de Covid nos primeiros 15 dias de 2025 - Taveira Jr<\/title>\n<meta name=\"robots\" content=\"index, follow, max-snippet:-1, max-image-preview:large, max-video-preview:-1\" \/>\n<link rel=\"canonical\" href=\"https:\/\/deputadotaveirajr.com.br\/index.php\/rn-registra-aumento-de-30-de-casos-de-covid-nos-primeiros-15-dias-de-2025\/\" \/>\n<meta property=\"og:locale\" content=\"pt_BR\" \/>\n<meta property=\"og:type\" content=\"article\" \/>\n<meta property=\"og:title\" content=\"RN registra aumento de 30% de casos de Covid nos primeiros 15 dias de 2025 - Taveira Jr\" \/>\n<meta property=\"og:description\" content=\"N\u00famero \u00e9 em compara\u00e7\u00e3o com os \u00faltimos 15 dias de dezembro de 2024. N\u00famero de mortes tamb\u00e9m aumentou de dois para seis pessoas, segundo Sesap. Novo teste possibilita o diagn\u00f3stico ...\" \/>\n<meta property=\"og:url\" content=\"https:\/\/deputadotaveirajr.com.br\/index.php\/rn-registra-aumento-de-30-de-casos-de-covid-nos-primeiros-15-dias-de-2025\/\" \/>\n<meta property=\"og:site_name\" content=\"Taveira Jr\" \/>\n<meta property=\"og:image\" content=\"https:\/\/s2-g1.glbimg.com\/qqebINyeViNEHN9So9mIXvRLCLc=\/i.s3.glbimg.com\/v1\/AUTH_59edd422c0c84a879bd37670ae4f538a\/internal_photos\/bs\/2023\/J\/h\/KALXmyStm0HL6htwpSvA\/teste-covid-19-29110841.jpg\" \/>\n<meta name=\"twitter:card\" content=\"summary_large_image\" \/>\n<meta name=\"twitter:label1\" content=\"Est. tempo de leitura\" \/>\n\t<meta name=\"twitter:data1\" content=\"2 minutos\" \/>\n<script type=\"application\/ld+json\" class=\"yoast-schema-graph\">{\"@context\":\"https:\/\/schema.org\",\"@graph\":[{\"@type\":\"WebPage\",\"@id\":\"https:\/\/deputadotaveirajr.com.br\/index.php\/rn-registra-aumento-de-30-de-casos-de-covid-nos-primeiros-15-dias-de-2025\/\",\"url\":\"https:\/\/deputadotaveirajr.com.br\/index.php\/rn-registra-aumento-de-30-de-casos-de-covid-nos-primeiros-15-dias-de-2025\/\",\"name\":\"RN registra aumento de 30% de casos de Covid nos primeiros 15 dias de 2025 - Taveira Jr\",\"isPartOf\":{\"@id\":\"https:\/\/deputadotaveirajr.com.br\/#website\"},\"primaryImageOfPage\":{\"@id\":\"https:\/\/deputadotaveirajr.com.br\/index.php\/rn-registra-aumento-de-30-de-casos-de-covid-nos-primeiros-15-dias-de-2025\/#primaryimage\"},\"image\":{\"@id\":\"https:\/\/deputadotaveirajr.com.br\/index.php\/rn-registra-aumento-de-30-de-casos-de-covid-nos-primeiros-15-dias-de-2025\/#primaryimage\"},\"thumbnailUrl\":\"https:\/\/deputadotaveirajr.com.br\/wp-content\/uploads\/2025\/01\/teste-covid-19-29110841-oJUqXy.jpeg\",\"datePublished\":\"2025-01-15T23:25:21+00:00\",\"breadcrumb\":{\"@id\":\"https:\/\/deputadotaveirajr.com.br\/index.php\/rn-registra-aumento-de-30-de-casos-de-covid-nos-primeiros-15-dias-de-2025\/#breadcrumb\"},\"inLanguage\":\"pt-BR\",\"potentialAction\":[{\"@type\":\"ReadAction\",\"target\":[\"https:\/\/deputadotaveirajr.com.br\/index.php\/rn-registra-aumento-de-30-de-casos-de-covid-nos-primeiros-15-dias-de-2025\/\"]}]},{\"@type\":\"ImageObject\",\"inLanguage\":\"pt-BR\",\"@id\":\"https:\/\/deputadotaveirajr.com.br\/index.php\/rn-registra-aumento-de-30-de-casos-de-covid-nos-primeiros-15-dias-de-2025\/#primaryimage\",\"url\":\"https:\/\/deputadotaveirajr.com.br\/wp-content\/uploads\/2025\/01\/teste-covid-19-29110841-oJUqXy.jpeg\",\"contentUrl\":\"https:\/\/deputadotaveirajr.com.br\/wp-content\/uploads\/2025\/01\/teste-covid-19-29110841-oJUqXy.jpeg\",\"width\":799,\"height\":533},{\"@type\":\"BreadcrumbList\",\"@id\":\"https:\/\/deputadotaveirajr.com.br\/index.php\/rn-registra-aumento-de-30-de-casos-de-covid-nos-primeiros-15-dias-de-2025\/#breadcrumb\",\"itemListElement\":[{\"@type\":\"ListItem\",\"position\":1,\"name\":\"In\u00edcio\",\"item\":\"https:\/\/deputadotaveirajr.com.br\/\"},{\"@type\":\"ListItem\",\"position\":2,\"name\":\"RN registra aumento de 30% de casos de Covid nos primeiros 15 dias de 2025\"}]},{\"@type\":\"WebSite\",\"@id\":\"https:\/\/deputadotaveirajr.com.br\/#website\",\"url\":\"https:\/\/deputadotaveirajr.com.br\/\",\"name\":\"Taveira Jr\",\"description\":\"Deputado Estadual\",\"publisher\":{\"@id\":\"https:\/\/deputadotaveirajr.com.br\/#organization\"},\"potentialAction\":[{\"@type\":\"SearchAction\",\"target\":{\"@type\":\"EntryPoint\",\"urlTemplate\":\"https:\/\/deputadotaveirajr.com.br\/?s={search_term_string}\"},\"query-input\":{\"@type\":\"PropertyValueSpecification\",\"valueRequired\":true,\"valueName\":\"search_term_string\"}}],\"inLanguage\":\"pt-BR\"},{\"@type\":\"Organization\",\"@id\":\"https:\/\/deputadotaveirajr.com.br\/#organization\",\"name\":\"Taveira Jr\",\"url\":\"https:\/\/deputadotaveirajr.com.br\/\",\"logo\":{\"@type\":\"ImageObject\",\"inLanguage\":\"pt-BR\",\"@id\":\"https:\/\/deputadotaveirajr.com.br\/#\/schema\/logo\/image\/\",\"url\":\"https:\/\/deputadotaveirajr.com.br\/wp-content\/uploads\/2026\/01\/logolow2a.png\",\"contentUrl\":\"https:\/\/deputadotaveirajr.com.br\/wp-content\/uploads\/2026\/01\/logolow2a.png\",\"width\":290,\"height\":80,\"caption\":\"Taveira Jr\"},\"image\":{\"@id\":\"https:\/\/deputadotaveirajr.com.br\/#\/schema\/logo\/image\/\"}}]}<\/script>\n<!-- \/ Yoast SEO plugin. -->","yoast_head_json":{"title":"RN registra aumento de 30% de casos de Covid nos primeiros 15 dias de 2025 - Taveira Jr","robots":{"index":"index","follow":"follow","max-snippet":"max-snippet:-1","max-image-preview":"max-image-preview:large","max-video-preview":"max-video-preview:-1"},"canonical":"https:\/\/deputadotaveirajr.com.br\/index.php\/rn-registra-aumento-de-30-de-casos-de-covid-nos-primeiros-15-dias-de-2025\/","og_locale":"pt_BR","og_type":"article","og_title":"RN registra aumento de 30% de casos de Covid nos primeiros 15 dias de 2025 - Taveira Jr","og_description":"N\u00famero \u00e9 em compara\u00e7\u00e3o com os \u00faltimos 15 dias de dezembro de 2024. N\u00famero de mortes tamb\u00e9m aumentou de dois para seis pessoas, segundo Sesap. Novo teste possibilita o diagn\u00f3stico ...","og_url":"https:\/\/deputadotaveirajr.com.br\/index.php\/rn-registra-aumento-de-30-de-casos-de-covid-nos-primeiros-15-dias-de-2025\/","og_site_name":"Taveira Jr","og_image":[{"url":"https:\/\/s2-g1.glbimg.com\/qqebINyeViNEHN9So9mIXvRLCLc=\/i.s3.glbimg.com\/v1\/AUTH_59edd422c0c84a879bd37670ae4f538a\/internal_photos\/bs\/2023\/J\/h\/KALXmyStm0HL6htwpSvA\/teste-covid-19-29110841.jpg","type":"","width":"","height":""}],"twitter_card":"summary_large_image","twitter_misc":{"Est. tempo de leitura":"2 minutos"},"schema":{"@context":"https:\/\/schema.org","@graph":[{"@type":"WebPage","@id":"https:\/\/deputadotaveirajr.com.br\/index.php\/rn-registra-aumento-de-30-de-casos-de-covid-nos-primeiros-15-dias-de-2025\/","url":"https:\/\/deputadotaveirajr.com.br\/index.php\/rn-registra-aumento-de-30-de-casos-de-covid-nos-primeiros-15-dias-de-2025\/","name":"RN registra aumento de 30% de casos de Covid nos primeiros 15 dias de 2025 - Taveira Jr","isPartOf":{"@id":"https:\/\/deputadotaveirajr.com.br\/#website"},"primaryImageOfPage":{"@id":"https:\/\/deputadotaveirajr.com.br\/index.php\/rn-registra-aumento-de-30-de-casos-de-covid-nos-primeiros-15-dias-de-2025\/#primaryimage"},"image":{"@id":"https:\/\/deputadotaveirajr.com.br\/index.php\/rn-registra-aumento-de-30-de-casos-de-covid-nos-primeiros-15-dias-de-2025\/#primaryimage"},"thumbnailUrl":"https:\/\/deputadotaveirajr.com.br\/wp-content\/uploads\/2025\/01\/teste-covid-19-29110841-oJUqXy.jpeg","datePublished":"2025-01-15T23:25:21+00:00","breadcrumb":{"@id":"https:\/\/deputadotaveirajr.com.br\/index.php\/rn-registra-aumento-de-30-de-casos-de-covid-nos-primeiros-15-dias-de-2025\/#breadcrumb"},"inLanguage":"pt-BR","potentialAction":[{"@type":"ReadAction","target":["https:\/\/deputadotaveirajr.com.br\/index.php\/rn-registra-aumento-de-30-de-casos-de-covid-nos-primeiros-15-dias-de-2025\/"]}]},{"@type":"ImageObject","inLanguage":"pt-BR","@id":"https:\/\/deputadotaveirajr.com.br\/index.php\/rn-registra-aumento-de-30-de-casos-de-covid-nos-primeiros-15-dias-de-2025\/#primaryimage","url":"https:\/\/deputadotaveirajr.com.br\/wp-content\/uploads\/2025\/01\/teste-covid-19-29110841-oJUqXy.jpeg","contentUrl":"https:\/\/deputadotaveirajr.com.br\/wp-content\/uploads\/2025\/01\/teste-covid-19-29110841-oJUqXy.jpeg","width":799,"height":533},{"@type":"BreadcrumbList","@id":"https:\/\/deputadotaveirajr.com.br\/index.php\/rn-registra-aumento-de-30-de-casos-de-covid-nos-primeiros-15-dias-de-2025\/#breadcrumb","itemListElement":[{"@type":"ListItem","position":1,"name":"In\u00edcio","item":"https:\/\/deputadotaveirajr.com.br\/"},{"@type":"ListItem","position":2,"name":"RN registra aumento de 30% de casos de Covid nos primeiros 15 dias de 2025"}]},{"@type":"WebSite","@id":"https:\/\/deputadotaveirajr.com.br\/#website","url":"https:\/\/deputadotaveirajr.com.br\/","name":"Taveira Jr","description":"Deputado Estadual","publisher":{"@id":"https:\/\/deputadotaveirajr.com.br\/#organization"},"potentialAction":[{"@type":"SearchAction","target":{"@type":"EntryPoint","urlTemplate":"https:\/\/deputadotaveirajr.com.br\/?s={search_term_string}"},"query-input":{"@type":"PropertyValueSpecification","valueRequired":true,"valueName":"search_term_string"}}],"inLanguage":"pt-BR"},{"@type":"Organization","@id":"https:\/\/deputadotaveirajr.com.br\/#organization","name":"Taveira Jr","url":"https:\/\/deputadotaveirajr.com.br\/","logo":{"@type":"ImageObject","inLanguage":"pt-BR","@id":"https:\/\/deputadotaveirajr.com.br\/#\/schema\/logo\/image\/","url":"https:\/\/deputadotaveirajr.com.br\/wp-content\/uploads\/2026\/01\/logolow2a.png","contentUrl":"https:\/\/deputadotaveirajr.com.br\/wp-content\/uploads\/2026\/01\/logolow2a.png","width":290,"height":80,"caption":"Taveira Jr"},"image":{"@id":"https:\/\/deputadotaveirajr.com.br\/#\/schema\/logo\/image\/"}}]}},"_links":{"self":[{"href":"https:\/\/deputadotaveirajr.com.br\/index.php\/wp-json\/wp\/v2\/pages\/12010","targetHints":{"allow":["GET"]}}],"collection":[{"href":"https:\/\/deputadotaveirajr.com.br\/index.php\/wp-json\/wp\/v2\/pages"}],"about":[{"href":"https:\/\/deputadotaveirajr.com.br\/index.php\/wp-json\/wp\/v2\/types\/page"}],"replies":[{"embeddable":true,"href":"https:\/\/deputadotaveirajr.com.br\/index.php\/wp-json\/wp\/v2\/comments?post=12010"}],"version-history":[{"count":0,"href":"https:\/\/deputadotaveirajr.com.br\/index.php\/wp-json\/wp\/v2\/pages\/12010\/revisions"}],"wp:featuredmedia":[{"embeddable":true,"href":"https:\/\/deputadotaveirajr.com.br\/index.php\/wp-json\/wp\/v2\/media\/12011"}],"wp:attachment":[{"href":"https:\/\/deputadotaveirajr.com.br\/index.php\/wp-json\/wp\/v2\/media?parent=12010"}],"curies":[{"name":"wp","href":"https:\/\/api.w.org\/{rel}","templated":true}]}}