{"id":12012,"date":"2025-01-15T19:42:22","date_gmt":"2025-01-15T22:42:22","guid":{"rendered":"https:\/\/deputadotaveirajr.com.br\/index.php\/mpf-pede-que-idema-realize-vistoria-de-trecho-alagado-na-engorda-de-ponta-negra\/"},"modified":"2025-01-15T19:42:22","modified_gmt":"2025-01-15T22:42:22","slug":"mpf-pede-que-idema-realize-vistoria-de-trecho-alagado-na-engorda-de-ponta-negra","status":"publish","type":"page","link":"https:\/\/deputadotaveirajr.com.br\/index.php\/mpf-pede-que-idema-realize-vistoria-de-trecho-alagado-na-engorda-de-ponta-negra\/","title":{"rendered":"MPF pede que Idema realize vistoria de trecho alagado na engorda de Ponta Negra"},"content":{"rendered":"<p><img decoding=\"async\" src=\"https:\/\/s2-g1.glbimg.com\/PX7rCOTH6Ek4bnXQJSfUHViwZGo=\/i.s3.glbimg.com\/v1\/AUTH_59edd422c0c84a879bd37670ae4f538a\/internal_photos\/bs\/2025\/u\/i\/EAYV4rQYOrdMt9wxBcsw\/whatsapp-image-2025-01-13-at-08.49.52.jpeg\" \/><br \/>     Chuvas que ca\u00edram na madrugada e manh\u00e3 de segunda-feira (13) alagaram praia ap\u00f3s sistema de drenagem e de esgoto n\u00e3o suportarem.  \u00c1rea da engorda de Ponta Negra fica alagada<br \/>\nO Minist\u00e9rio P\u00fablico Federal (MPF) pediu que o Instituto de Desenvolvimento Sustent\u00e1vel e Meio Ambiente do Rio Grande do Norte (Idema) realize, in loco, uma vistoria para averiguar os alagamentos  ocoridos na obra de drenagem e engorda da Praia de Ponta Negra, em Natal, al\u00e9m de outras intercorr\u00eancias.<br \/>\nO requerimento foi feito nesta quarta-feira (15) em a\u00e7\u00e3o civil p\u00fablica apresentada \u00e0 Justi\u00e7a Federal com pedido de urg\u00eancia. At\u00e9 a atualiza\u00e7\u00e3o desta reportagem, o Idema n\u00e3o havia se manifestado.<br \/>\n\ud83d\udcf3Participe do canal do g1 RN no WhatsApp<br \/>\nA chuva que caiu em Natal entre a madrugada e a manh\u00e3 de segunda-feira (13) alagou trecho da engorda. Houve ainda o extravasamento de esgoto, sujando e causando mau cheiro na praia.<br \/>\nA Secretaria de Meio Ambiente e Urbanismo de Natal (Semurb) informou que o alagamento ocorreu pela conex\u00e3o entre dois pontos de drenagem e que iniciou o servi\u00e7o de repara\u00e7\u00e3o na ter\u00e7a (14). Segundo a pasta, o fato n\u00e3o compromete a conclus\u00e3o da obra da engorda, prevista para o fim de janeiro.<br \/>\nO pedido do MPF \u00e9 para Idema analise o trecho de forma provis\u00f3ria, j\u00e1 que o MPF move uma a\u00e7\u00e3o &#8211; ainda n\u00e3o julgada &#8211; para que o Instituto Brasileiro do Meio Ambiente e dos Recursos Naturais Renov\u00e1veis (Ibama) assuma a responsabilidade de fiscaliza\u00e7\u00e3o da obra.<br \/>\nEm outubro do ano passado, a Justi\u00e7a do RN atendeu a um pedido da Prefeitura e probiu o Idema de &#8216;impor obst\u00e1culos&#8217; para obra de engorda de Ponta Negra. Antes, o Idema havia concedido a licen\u00e7a ambiental para a obra tamb\u00e9m por decis\u00e3o judicial, j\u00e1 que exigia ainda algumas respostas do Munic\u00edpio para autorizar a obra.<br \/>\nAn\u00e1lise provis\u00f3ria<br \/>\nNo documento apresentado, o MPF sustenta que a fiscaliza\u00e7\u00e3o da obra na praia deve ser feita pelo Ibama.<br \/>\nEnquanto a Justi\u00e7a n\u00e3o analisa o pedido, o MPF entende que Idema deve fazer a vistoria, para que haja um efetivo acompanhamento por \u00f3rg\u00e3o ambiental de eventuais intercorr\u00eancias da obra.<br \/>\nO MPF estipulou prazo de dez dias para uma resposta do \u00f3rg\u00e3o estadual.<br \/>\n\u00c1gua acumulada sobre a areia na \u00e1rea da engorda de Ponta Negra, na Zona Sul de Natal<br \/>\nEmanuel do Ca\u00e7\u00e3o\/Cedida<br \/>\nLaudo de 2024 pedia esclarecimento sobre drenagem<br \/>\nO of\u00edcio enviado pelo MPF registrou no documento que o laudo t\u00e9cnico da Secretaria de Per\u00edcia, Pesquisa e An\u00e1lise (Sppea) do MPF &#8211; de outubro de 2024 &#8211; apontava a necessidade de esclarecimentos sobre a obra de drenagem de \u00e1guas pluviais, essencial para o aterramento hidr\u00e1ulico.<br \/>\nO projeto da engorda, segundo o MPF, n\u00e3o previu adequa\u00e7\u00f5es da drenagem no trecho entre o Morro do Careca e o dissipador de energia (caixa de controle de vaz\u00e3o) mais pr\u00f3ximo ao Morro do Careca.<br \/>\nAssim, de acordo com o laudo, mesmo com a previs\u00e3o de revitaliza\u00e7\u00e3o dos 14 dissipadores existentes na \u00e1rea das obras, o trecho mais pr\u00f3ximo ao Morro do Careca n\u00e3o foi considerado, \u201cembora seja de grande relev\u00e2ncia, visto que cont\u00e9m justamente o cart\u00e3o postal da \u00e1rea e local de not\u00e1vel eros\u00e3o da praia\u201d.<br \/>\nO laudo tamb\u00e9m indicou que \u00e9 preciso corrigir diverg\u00eancias entre os detalhes dos dissipadores, que apresentam dimens\u00f5es diferentes no projeto.<br \/>\nFalta de fiscaliza\u00e7\u00e3o<br \/>\nO MPF defende que Ibama \u00e9 o respons\u00e1vel pela fiscaliza\u00e7\u00e3o da obra de engorda. O MPF lembrou que, mesmo se tratando de \u00e1rea da Uni\u00e3o, o Ibama repassou ao \u00f3rg\u00e3o estadual, no caso o Idema, a compet\u00eancia para fiscalizar e licenciar a dragagem. Isso foi feito a partir de um acordo de coopera\u00e7\u00e3o t\u00e9cnica assinado em 2023.<br \/>\n&#8220;No entanto, press\u00f5es pol\u00edticas, decis\u00f5es judiciais de \u00f3rg\u00e3os n\u00e3o competentes e a insufici\u00eancia do corpo t\u00e9cnico do Idema para tratar do caso resultaram no comprometimento do trabalho do instituto e a engorda vem ocorrendo, atualmente, com a utiliza\u00e7\u00e3o de areia de uma jazida que n\u00e3o passou pelo licenciamento dos \u00f3rg\u00e3os ambientais&#8221;, apontou o MPF.<br \/>\nO \u00f3rg\u00e3o citou que, diante da falta de fiscaliza\u00e7\u00e3o efetiva, em a\u00e7\u00e3o civil p\u00fablica ajuizada no final do m\u00eas de outubro de 2024, o MPF pediu \u00e0 Justi\u00e7a Federal que a obra retorne \u00e0 responsabilidade do Ibama. O pedido de liminar n\u00e3o havia sido julgado.<br \/>\n&#8220;Enquanto o Ibama n\u00e3o assume seu dever e o Idema n\u00e3o se responsabiliza mais pela fiscaliza\u00e7\u00e3o \u2013 tendo alegado inclusive que o novo trecho de retirada de sedimentos n\u00e3o faz parte da \u00e1rea prevista no acordo de coopera\u00e7\u00e3o \u2013, os trabalhos seguem, ampliando os poss\u00edveis danos \u00e0 fauna e \u00e0 flora marinha&#8221;, citou o MPF.<br \/>\nV\u00eddeos mais assistidos do g1 RN<\/p>","protected":false},"excerpt":{"rendered":"<p>Chuvas que ca\u00edram na madrugada e manh\u00e3 de segunda-feira (13) alagaram praia ap\u00f3s sistema de drenagem e de esgoto n\u00e3o suportarem. \u00c1rea da engorda de Ponta Negra fica alagada O &#8230;<\/p>\n","protected":false},"author":0,"featured_media":12013,"parent":0,"menu_order":0,"comment_status":"closed","ping_status":"closed","template":"","meta":{"footnotes":""},"class_list":["post-12012","page","type-page","status-publish","has-post-thumbnail","hentry"],"yoast_head":"<!-- This site is optimized with the Yoast SEO plugin v27.1.1 - https:\/\/yoast.com\/product\/yoast-seo-wordpress\/ -->\n<title>MPF pede que Idema realize vistoria de trecho alagado na engorda de Ponta Negra - Taveira Jr<\/title>\n<meta name=\"robots\" content=\"index, follow, max-snippet:-1, max-image-preview:large, max-video-preview:-1\" \/>\n<link rel=\"canonical\" href=\"https:\/\/deputadotaveirajr.com.br\/index.php\/mpf-pede-que-idema-realize-vistoria-de-trecho-alagado-na-engorda-de-ponta-negra\/\" \/>\n<meta property=\"og:locale\" content=\"pt_BR\" \/>\n<meta property=\"og:type\" content=\"article\" \/>\n<meta property=\"og:title\" content=\"MPF pede que Idema realize vistoria de trecho alagado na engorda de Ponta Negra - Taveira Jr\" \/>\n<meta property=\"og:description\" content=\"Chuvas que ca\u00edram na madrugada e manh\u00e3 de segunda-feira (13) alagaram praia ap\u00f3s sistema de drenagem e de esgoto n\u00e3o suportarem. \u00c1rea da engorda de Ponta Negra fica alagada O ...\" \/>\n<meta property=\"og:url\" content=\"https:\/\/deputadotaveirajr.com.br\/index.php\/mpf-pede-que-idema-realize-vistoria-de-trecho-alagado-na-engorda-de-ponta-negra\/\" \/>\n<meta property=\"og:site_name\" content=\"Taveira Jr\" \/>\n<meta property=\"og:image\" content=\"https:\/\/s2-g1.glbimg.com\/PX7rCOTH6Ek4bnXQJSfUHViwZGo=\/i.s3.glbimg.com\/v1\/AUTH_59edd422c0c84a879bd37670ae4f538a\/internal_photos\/bs\/2025\/u\/i\/EAYV4rQYOrdMt9wxBcsw\/whatsapp-image-2025-01-13-at-08.49.52.jpeg\" \/>\n<meta name=\"twitter:card\" content=\"summary_large_image\" \/>\n<meta name=\"twitter:label1\" content=\"Est. tempo de leitura\" \/>\n\t<meta name=\"twitter:data1\" content=\"4 minutos\" \/>\n<script type=\"application\/ld+json\" class=\"yoast-schema-graph\">{\"@context\":\"https:\/\/schema.org\",\"@graph\":[{\"@type\":\"WebPage\",\"@id\":\"https:\/\/deputadotaveirajr.com.br\/index.php\/mpf-pede-que-idema-realize-vistoria-de-trecho-alagado-na-engorda-de-ponta-negra\/\",\"url\":\"https:\/\/deputadotaveirajr.com.br\/index.php\/mpf-pede-que-idema-realize-vistoria-de-trecho-alagado-na-engorda-de-ponta-negra\/\",\"name\":\"MPF pede que Idema realize vistoria de trecho alagado na engorda de Ponta Negra - Taveira Jr\",\"isPartOf\":{\"@id\":\"https:\/\/deputadotaveirajr.com.br\/#website\"},\"primaryImageOfPage\":{\"@id\":\"https:\/\/deputadotaveirajr.com.br\/index.php\/mpf-pede-que-idema-realize-vistoria-de-trecho-alagado-na-engorda-de-ponta-negra\/#primaryimage\"},\"image\":{\"@id\":\"https:\/\/deputadotaveirajr.com.br\/index.php\/mpf-pede-que-idema-realize-vistoria-de-trecho-alagado-na-engorda-de-ponta-negra\/#primaryimage\"},\"thumbnailUrl\":\"https:\/\/deputadotaveirajr.com.br\/wp-content\/uploads\/2025\/01\/whatsapp-image-2025-01-13-at-08.49.52-7VC3mU.jpeg\",\"datePublished\":\"2025-01-15T22:42:22+00:00\",\"breadcrumb\":{\"@id\":\"https:\/\/deputadotaveirajr.com.br\/index.php\/mpf-pede-que-idema-realize-vistoria-de-trecho-alagado-na-engorda-de-ponta-negra\/#breadcrumb\"},\"inLanguage\":\"pt-BR\",\"potentialAction\":[{\"@type\":\"ReadAction\",\"target\":[\"https:\/\/deputadotaveirajr.com.br\/index.php\/mpf-pede-que-idema-realize-vistoria-de-trecho-alagado-na-engorda-de-ponta-negra\/\"]}]},{\"@type\":\"ImageObject\",\"inLanguage\":\"pt-BR\",\"@id\":\"https:\/\/deputadotaveirajr.com.br\/index.php\/mpf-pede-que-idema-realize-vistoria-de-trecho-alagado-na-engorda-de-ponta-negra\/#primaryimage\",\"url\":\"https:\/\/deputadotaveirajr.com.br\/wp-content\/uploads\/2025\/01\/whatsapp-image-2025-01-13-at-08.49.52-7VC3mU.jpeg\",\"contentUrl\":\"https:\/\/deputadotaveirajr.com.br\/wp-content\/uploads\/2025\/01\/whatsapp-image-2025-01-13-at-08.49.52-7VC3mU.jpeg\",\"width\":1600,\"height\":900},{\"@type\":\"BreadcrumbList\",\"@id\":\"https:\/\/deputadotaveirajr.com.br\/index.php\/mpf-pede-que-idema-realize-vistoria-de-trecho-alagado-na-engorda-de-ponta-negra\/#breadcrumb\",\"itemListElement\":[{\"@type\":\"ListItem\",\"position\":1,\"name\":\"In\u00edcio\",\"item\":\"https:\/\/deputadotaveirajr.com.br\/\"},{\"@type\":\"ListItem\",\"position\":2,\"name\":\"MPF pede que Idema realize vistoria de trecho alagado na engorda de Ponta Negra\"}]},{\"@type\":\"WebSite\",\"@id\":\"https:\/\/deputadotaveirajr.com.br\/#website\",\"url\":\"https:\/\/deputadotaveirajr.com.br\/\",\"name\":\"Taveira Jr\",\"description\":\"Deputado Estadual\",\"publisher\":{\"@id\":\"https:\/\/deputadotaveirajr.com.br\/#organization\"},\"potentialAction\":[{\"@type\":\"SearchAction\",\"target\":{\"@type\":\"EntryPoint\",\"urlTemplate\":\"https:\/\/deputadotaveirajr.com.br\/?s={search_term_string}\"},\"query-input\":{\"@type\":\"PropertyValueSpecification\",\"valueRequired\":true,\"valueName\":\"search_term_string\"}}],\"inLanguage\":\"pt-BR\"},{\"@type\":\"Organization\",\"@id\":\"https:\/\/deputadotaveirajr.com.br\/#organization\",\"name\":\"Taveira Jr\",\"url\":\"https:\/\/deputadotaveirajr.com.br\/\",\"logo\":{\"@type\":\"ImageObject\",\"inLanguage\":\"pt-BR\",\"@id\":\"https:\/\/deputadotaveirajr.com.br\/#\/schema\/logo\/image\/\",\"url\":\"https:\/\/deputadotaveirajr.com.br\/wp-content\/uploads\/2026\/01\/logolow2a.png\",\"contentUrl\":\"https:\/\/deputadotaveirajr.com.br\/wp-content\/uploads\/2026\/01\/logolow2a.png\",\"width\":290,\"height\":80,\"caption\":\"Taveira Jr\"},\"image\":{\"@id\":\"https:\/\/deputadotaveirajr.com.br\/#\/schema\/logo\/image\/\"}}]}<\/script>\n<!-- \/ Yoast SEO plugin. -->","yoast_head_json":{"title":"MPF pede que Idema realize vistoria de trecho alagado na engorda de Ponta Negra - Taveira Jr","robots":{"index":"index","follow":"follow","max-snippet":"max-snippet:-1","max-image-preview":"max-image-preview:large","max-video-preview":"max-video-preview:-1"},"canonical":"https:\/\/deputadotaveirajr.com.br\/index.php\/mpf-pede-que-idema-realize-vistoria-de-trecho-alagado-na-engorda-de-ponta-negra\/","og_locale":"pt_BR","og_type":"article","og_title":"MPF pede que Idema realize vistoria de trecho alagado na engorda de Ponta Negra - Taveira Jr","og_description":"Chuvas que ca\u00edram na madrugada e manh\u00e3 de segunda-feira (13) alagaram praia ap\u00f3s sistema de drenagem e de esgoto n\u00e3o suportarem. \u00c1rea da engorda de Ponta Negra fica alagada O ...","og_url":"https:\/\/deputadotaveirajr.com.br\/index.php\/mpf-pede-que-idema-realize-vistoria-de-trecho-alagado-na-engorda-de-ponta-negra\/","og_site_name":"Taveira Jr","og_image":[{"url":"https:\/\/s2-g1.glbimg.com\/PX7rCOTH6Ek4bnXQJSfUHViwZGo=\/i.s3.glbimg.com\/v1\/AUTH_59edd422c0c84a879bd37670ae4f538a\/internal_photos\/bs\/2025\/u\/i\/EAYV4rQYOrdMt9wxBcsw\/whatsapp-image-2025-01-13-at-08.49.52.jpeg","type":"","width":"","height":""}],"twitter_card":"summary_large_image","twitter_misc":{"Est. tempo de leitura":"4 minutos"},"schema":{"@context":"https:\/\/schema.org","@graph":[{"@type":"WebPage","@id":"https:\/\/deputadotaveirajr.com.br\/index.php\/mpf-pede-que-idema-realize-vistoria-de-trecho-alagado-na-engorda-de-ponta-negra\/","url":"https:\/\/deputadotaveirajr.com.br\/index.php\/mpf-pede-que-idema-realize-vistoria-de-trecho-alagado-na-engorda-de-ponta-negra\/","name":"MPF pede que Idema realize vistoria de trecho alagado na engorda de Ponta Negra - Taveira Jr","isPartOf":{"@id":"https:\/\/deputadotaveirajr.com.br\/#website"},"primaryImageOfPage":{"@id":"https:\/\/deputadotaveirajr.com.br\/index.php\/mpf-pede-que-idema-realize-vistoria-de-trecho-alagado-na-engorda-de-ponta-negra\/#primaryimage"},"image":{"@id":"https:\/\/deputadotaveirajr.com.br\/index.php\/mpf-pede-que-idema-realize-vistoria-de-trecho-alagado-na-engorda-de-ponta-negra\/#primaryimage"},"thumbnailUrl":"https:\/\/deputadotaveirajr.com.br\/wp-content\/uploads\/2025\/01\/whatsapp-image-2025-01-13-at-08.49.52-7VC3mU.jpeg","datePublished":"2025-01-15T22:42:22+00:00","breadcrumb":{"@id":"https:\/\/deputadotaveirajr.com.br\/index.php\/mpf-pede-que-idema-realize-vistoria-de-trecho-alagado-na-engorda-de-ponta-negra\/#breadcrumb"},"inLanguage":"pt-BR","potentialAction":[{"@type":"ReadAction","target":["https:\/\/deputadotaveirajr.com.br\/index.php\/mpf-pede-que-idema-realize-vistoria-de-trecho-alagado-na-engorda-de-ponta-negra\/"]}]},{"@type":"ImageObject","inLanguage":"pt-BR","@id":"https:\/\/deputadotaveirajr.com.br\/index.php\/mpf-pede-que-idema-realize-vistoria-de-trecho-alagado-na-engorda-de-ponta-negra\/#primaryimage","url":"https:\/\/deputadotaveirajr.com.br\/wp-content\/uploads\/2025\/01\/whatsapp-image-2025-01-13-at-08.49.52-7VC3mU.jpeg","contentUrl":"https:\/\/deputadotaveirajr.com.br\/wp-content\/uploads\/2025\/01\/whatsapp-image-2025-01-13-at-08.49.52-7VC3mU.jpeg","width":1600,"height":900},{"@type":"BreadcrumbList","@id":"https:\/\/deputadotaveirajr.com.br\/index.php\/mpf-pede-que-idema-realize-vistoria-de-trecho-alagado-na-engorda-de-ponta-negra\/#breadcrumb","itemListElement":[{"@type":"ListItem","position":1,"name":"In\u00edcio","item":"https:\/\/deputadotaveirajr.com.br\/"},{"@type":"ListItem","position":2,"name":"MPF pede que Idema realize vistoria de trecho alagado na engorda de Ponta Negra"}]},{"@type":"WebSite","@id":"https:\/\/deputadotaveirajr.com.br\/#website","url":"https:\/\/deputadotaveirajr.com.br\/","name":"Taveira Jr","description":"Deputado Estadual","publisher":{"@id":"https:\/\/deputadotaveirajr.com.br\/#organization"},"potentialAction":[{"@type":"SearchAction","target":{"@type":"EntryPoint","urlTemplate":"https:\/\/deputadotaveirajr.com.br\/?s={search_term_string}"},"query-input":{"@type":"PropertyValueSpecification","valueRequired":true,"valueName":"search_term_string"}}],"inLanguage":"pt-BR"},{"@type":"Organization","@id":"https:\/\/deputadotaveirajr.com.br\/#organization","name":"Taveira Jr","url":"https:\/\/deputadotaveirajr.com.br\/","logo":{"@type":"ImageObject","inLanguage":"pt-BR","@id":"https:\/\/deputadotaveirajr.com.br\/#\/schema\/logo\/image\/","url":"https:\/\/deputadotaveirajr.com.br\/wp-content\/uploads\/2026\/01\/logolow2a.png","contentUrl":"https:\/\/deputadotaveirajr.com.br\/wp-content\/uploads\/2026\/01\/logolow2a.png","width":290,"height":80,"caption":"Taveira Jr"},"image":{"@id":"https:\/\/deputadotaveirajr.com.br\/#\/schema\/logo\/image\/"}}]}},"_links":{"self":[{"href":"https:\/\/deputadotaveirajr.com.br\/index.php\/wp-json\/wp\/v2\/pages\/12012","targetHints":{"allow":["GET"]}}],"collection":[{"href":"https:\/\/deputadotaveirajr.com.br\/index.php\/wp-json\/wp\/v2\/pages"}],"about":[{"href":"https:\/\/deputadotaveirajr.com.br\/index.php\/wp-json\/wp\/v2\/types\/page"}],"replies":[{"embeddable":true,"href":"https:\/\/deputadotaveirajr.com.br\/index.php\/wp-json\/wp\/v2\/comments?post=12012"}],"version-history":[{"count":0,"href":"https:\/\/deputadotaveirajr.com.br\/index.php\/wp-json\/wp\/v2\/pages\/12012\/revisions"}],"wp:featuredmedia":[{"embeddable":true,"href":"https:\/\/deputadotaveirajr.com.br\/index.php\/wp-json\/wp\/v2\/media\/12013"}],"wp:attachment":[{"href":"https:\/\/deputadotaveirajr.com.br\/index.php\/wp-json\/wp\/v2\/media?parent=12012"}],"curies":[{"name":"wp","href":"https:\/\/api.w.org\/{rel}","templated":true}]}}