{"id":12014,"date":"2025-01-16T11:17:09","date_gmt":"2025-01-16T14:17:09","guid":{"rendered":"https:\/\/deputadotaveirajr.com.br\/index.php\/mais-de-98-mil-raios-atingiram-o-rn-em-2024-veja-ranking-de-cidades-com-mais-ocorrencias\/"},"modified":"2025-01-16T11:17:09","modified_gmt":"2025-01-16T14:17:09","slug":"mais-de-98-mil-raios-atingiram-o-rn-em-2024-veja-ranking-de-cidades-com-mais-ocorrencias","status":"publish","type":"page","link":"https:\/\/deputadotaveirajr.com.br\/index.php\/mais-de-98-mil-raios-atingiram-o-rn-em-2024-veja-ranking-de-cidades-com-mais-ocorrencias\/","title":{"rendered":"Mais de 98 mil raios atingiram o RN em 2024; veja ranking de cidades com mais ocorr\u00eancias"},"content":{"rendered":"<p><img decoding=\"async\" src=\"https:\/\/s2-g1.glbimg.com\/d9hjJQJOSe73CyDAI4fQA5RPi0A=\/i.s3.glbimg.com\/v1\/AUTH_59edd422c0c84a879bd37670ae4f538a\/internal_photos\/bs\/2023\/A\/O\/PkyRhmRKebDfLqeoASuw\/raios.jpeg\" \/><br \/>     Mossor\u00f3 e Apodi, na regi\u00e3o Oeste, lideram lista de munic\u00edpios com mais casos de janeiro a dezembro do ano passado.   Raio visto em Pau dos Ferros, no interior do Rio Grande do Norte (Arquivo)<br \/>\nReprodu\u00e7\u00e3o<br \/>\nMais de 98 mil raios atingiram o Rio Grande do Norte de janeiro a dezembro de 2024, segundo um levantamento da companhia de energ\u00e9tica que atende o estado, a Neoenergia Cosern com base na Plataforma Climatempo.<br \/>\nAo todo, foram 98.338 raios. Os n\u00fameros mostram que os munic\u00edpios localizados nas regi\u00f5es Oeste e Serid\u00f3 lideram o ranking dos mais atingidos. Mossor\u00f3 foi a cidade com mais ocorr\u00eancias (veja abaixo).<br \/>\n\ud83d\udcf3Participe do canal do g1 RN no WhatsApp<br \/>\nSegundo a Cosern, o fen\u00f4meno natural causou interrup\u00e7\u00e3o no fornecimento de energia para 295 mil clientes em todo o estado.<br \/>\n\u201cPara muitas pessoas, esse volume de raios que atingiram o solo do Rio Grande do Norte causa estranheza. Afinal de contas, principalmente para quem mora nas maiores cidades, n\u00e3o \u00e9 comum ver um raio caindo. Mas, sim, o estado tem um hist\u00f3rico de grande incid\u00eancia de raios e precisamos estar preparados para lidarmos com os efeitos desses fen\u00f4menos naturais na rede el\u00e9trica&#8221;, afirma Igor Mateus de Ara\u00fajo, gerente de Desempenho da Opera\u00e7\u00e3o da companhia.<br \/>\n&#8220;Como forma de preven\u00e7\u00e3o e seguran\u00e7a, para garantir regularidade no fornecimento de energia mesmo em dias chuvosos e com quedas de raios, instalamos 126 para-raios na nossa rede el\u00e9trica ao longo do ano passado\u201d, acrescentou.<br \/>\nOs tr\u00eas munic\u00edpios mais atingidos por descargas no ano passado foram Mossor\u00f3 (6.212), Apodi (5.251) e Upanema (4.056). Os raios provocaram 3.385 interrup\u00e7\u00f5es no fornecimento de energia el\u00e9trica, deixaram mais de 295 mil unidades consumidoras sem o servi\u00e7o e danificaram mais de 250 equipamentos do sistema, incluindo postes, transformadores e cabos.<br \/>\n&#8220;Como forma de preven\u00e7\u00e3o e seguran\u00e7a, para garantir regularidade no fornecimento de energia mesmo em dias chuvosos e com quedas de raios, instalamos 126 para-raios na nossa rede el\u00e9trica ao longo do ano passado\u201d,<br \/>\nVeja a quantidade de casos por cidade<br \/>\nMossor\u00f3 &#8211; 6.212<br \/>\nApodi &#8211; 5.251<br \/>\nUpanema &#8211; 4.056<br \/>\nCara\u00fabas &#8211; 3.787<br \/>\nAssu &#8211; 3.623<br \/>\nSantana do Matos &#8211; 3.499<br \/>\nGov. Dix-Sept Rosado &#8211; 3.281<br \/>\nParau &#8211; 2.711<br \/>\nCampo Grande &#8211; 2.693<br \/>\nJucurutu &#8211; 2.564<br \/>\nSerra Negra do Norte &#8211; 2.257<br \/>\nCaic\u00f3 &#8211; 2.196<br \/>\nMacau &#8211; 1.928<br \/>\nBara\u00fana &#8211; 1.850<br \/>\nAngicos &#8211; 1.769<br \/>\nCurrais Novos &#8211; 1.704<br \/>\nPend\u00eancias &#8211; 1.677<br \/>\nS\u00e3o Rafael &#8211; 1.537<br \/>\nSerra do Mel &#8211; 1.522<br \/>\nAfonso Bezerra &#8211; 1.408<br \/>\nIpangua\u00e7u &#8211; 1.365<br \/>\nParelhas &#8211; 1.338<br \/>\nPedro Avelino &#8211; 1.258<br \/>\nFelipe Guerra &#8211; 1.202<br \/>\nCarnaubais &#8211; 1.143<br \/>\nPara\u00fa &#8211; 1.111<br \/>\nFlor\u00e2nia &#8211; 1.078<br \/>\nPorto do Mangue &#8211; 968<br \/>\nTriunfo Potiguar &#8211; 879<br \/>\nSantana do Serid\u00f3 &#8211; 878<br \/>\nLajes &#8211; 857<br \/>\nEquador &#8211; 827<br \/>\nS\u00e3o Jo\u00e3o do Sabugi &#8211; 779<br \/>\nCerro Cor\u00e1 &#8211; 776<br \/>\nGalinhos &#8211; 771<br \/>\nAreia Branca &#8211; 769<br \/>\nS\u00e3o Tom\u00e9 &#8211; 749<br \/>\nCampo Redondo &#8211; 705<br \/>\nItaj\u00e1 &#8211; 695<br \/>\nJardim do Serid\u00f3 &#8211; 673<br \/>\nSeveriano Melo &#8211; 662<br \/>\nJandu\u00eds &#8211; 658<br \/>\nAcari &#8211; 654<br \/>\nPatu &#8211; 630<br \/>\nJo\u00e3o C\u00e2mara &#8211; 612<br \/>\nFernando Pedroza &#8211; 564<br \/>\nOuro Branco &#8211; 556<br \/>\nS\u00e3o Fernando &#8211; 542<br \/>\nRodolfo Fernandes &#8211; 497<br \/>\nJardim de Piranhas &#8211; 486<br \/>\nIta\u00fa &#8211; 480<br \/>\nCarna\u00faba dos Dantas &#8211; 458<br \/>\nAlexandria &#8211; 449<br \/>\nTenente Ananias &#8211; 433<br \/>\nMarcelino Vieira &#8211; 423<br \/>\nAlto do Rodrigues &#8211; 417<br \/>\nCruzeta &#8211; 412<br \/>\nSanta Cruz &#8211; 392<br \/>\nJanda\u00edra &#8211; 387<br \/>\nSerrinha dos Pintos &#8211; 385<br \/>\nTibau &#8211; 378<br \/>\nTaboleiro Grande &#8211; 353<br \/>\nCai\u00e7ara do Norte &#8211; 351<br \/>\nIpueira &#8211; 345<br \/>\nGuamar\u00e9 &#8211; 340<br \/>\nS\u00e3o Miguel &#8211; 330<br \/>\nMartins &#8211; 329<br \/>\nCoronel Ezequiel &#8211; 328<br \/>\nS\u00e3o Jos\u00e9 do Serid\u00f3 &#8211; 324<br \/>\nTimba\u00faba dos Batistas &#8211; 310<br \/>\nUmarizal &#8211; 308<br \/>\nPau dos Ferros &#8211; 305<br \/>\nAnt\u00f4nio Martins &#8211; 304<br \/>\nFrancisco Dantas &#8211; 300<br \/>\nS\u00e3o Francisco do Oeste &#8211; 287<br \/>\nLu\u00eds Gomes &#8211; 277<br \/>\nJos\u00e9 da Penha &#8211; 276<br \/>\nGrossos &#8211; 267<br \/>\nRiacho da Cruz &#8211; 263<br \/>\nPedra Preta &#8211; 250<br \/>\nS\u00e3o Vicente &#8211; 245<br \/>\nTouros &#8211; 237<br \/>\nS\u00e3o Bento do Norte &#8211; 235<br \/>\nBod\u00f3 &#8211; 228<br \/>\nTangar\u00e1 &#8211; 211<br \/>\nParan\u00e1 &#8211; 209<br \/>\nMessias Targino &#8211; 200<br \/>\nOlho d\u2019\u00c1gua do Borges &#8211; 199<br \/>\nParazinho &#8211; 195<br \/>\nRiacho de Santana &#8211; 179<br \/>\nPortalegre &#8211; 177<br \/>\nS\u00e3o Jos\u00e9 do Campestre &#8211; 176<br \/>\nSenador El\u00f3i de Souza &#8211; 176<br \/>\nLagoa Nova &#8211; 173<br \/>\nBento Fernandes &#8211; 156<br \/>\nCai\u00e7ara do Rio do Vento &#8211; 153<br \/>\nPureza &#8211; 146<br \/>\nTaipu &#8211; 140<br \/>\nCear\u00e1-Mirim &#8211; 139<br \/>\nRiachuelo &#8211; 139<br \/>\nCoronel Jo\u00e3o Pessoa &#8211; 136<br \/>\nJardim de Angicos &#8211; 136<br \/>\nJo\u00e3o Dias &#8211; 136<br \/>\nDoutor Severiano &#8211; 135<br \/>\nRafael Godeiro &#8211; 135<br \/>\nBarcelona &#8211; 128<br \/>\nLajes Pintadas &#8211; 110<br \/>\nPresidente Juscelino &#8211; 102<br \/>\nMajor Sales &#8211; 101<br \/>\nNova Cruz &#8211; 101<br \/>\nLagoa de Velhos &#8211; 99<br \/>\nRuy Barbosa &#8211; 99<br \/>\nFrutuoso Gomes &#8211; 98<br \/>\nS\u00edtio Novo &#8211; 98<br \/>\nTenente Laurentino Cruz &#8211; 95<br \/>\nMonte das Gameleiras &#8211; 93<br \/>\nN\u00edsia Floresta &#8211; 89<br \/>\nS\u00e3o Paulo do Potengi &#8211; 89<br \/>\nAlmino Afonso &#8211; 87<br \/>\nVenha-Ver &#8211; 84<br \/>\nS\u00e3o Bento do Trairi &#8211; 82<br \/>\nPo\u00e7o Branco &#8211; 80<br \/>\nPil\u00f5es &#8211; 79<br \/>\nSanta Maria &#8211; 75<br \/>\nS\u00e3o Pedro &#8211; 75<br \/>\nRafael Fernandes &#8211; 73<br \/>\nEncanto &#8211; 71<br \/>\nMonte Alegre &#8211; 68<br \/>\nSerra de S\u00e3o Bento &#8211; 67<br \/>\nJapi &#8211; 63<br \/>\nPedra Grande &#8211; 57<br \/>\nLagoa de Pedras &#8211; 55<br \/>\nMaca\u00edba &#8211; 55<br \/>\nVi\u00e7osa &#8211; 55<br \/>\nS\u00e3o Jos\u00e9 de Mipibu &#8211; 54<br \/>\nLucr\u00e9cia &#8211; 53<br \/>\nLagoa d Anta &#8211; 50<br \/>\nJa\u00e7an\u00e3 &#8211; 48<br \/>\nMontanhas &#8211; 42<br \/>\nSanto Ant\u00f4nio &#8211; 42<br \/>\nCanguaretama &#8211; 41<br \/>\nS\u00e3o Gon\u00e7alo do Amarante &#8211; 41<br \/>\nIelmo Marinho &#8211; 39<br \/>\nGoianinha &#8211; 36<br \/>\nEsp\u00edrito Santo &#8211; 35<br \/>\nBoa Sa\u00fade &#8211; 35<br \/>\nS\u00e3o Miguel do Gostoso &#8211; 34<br \/>\nPedro Velho &#8211; 31<br \/>\n\u00c1gua Nova &#8211; 28<br \/>\nBa\u00eda Formosa &#8211; 26<br \/>\nSerrinha &#8211; 26<br \/>\nPassa e Fica &#8211; 23<br \/>\nMaxaranguape &#8211; 22<br \/>\nVera Cruz &#8211; 19<br \/>\nExtremoz &#8211; 17<br \/>\nRio do Fogo &#8211; 17<br \/>\nV\u00e1rzea &#8211; 17<br \/>\nNatal &#8211; 16<br \/>\nBom Jesus &#8211; 15<br \/>\nBrejinho &#8211; 10<br \/>\nVila Flor &#8211; 10<br \/>\nLagoa Salgada &#8211; 9<br \/>\nTibau do Sul &#8211; 5<br \/>\nParnamirim &#8211; 4<br \/>\nPassagem &#8211; 4<br \/>\nAr\u00eas &#8211; 1<br \/>\nSenador Georgino Avelino &#8211; 1<br \/>\nOrienta\u00e7\u00f5es da Neoenergia Cosern para evitar acidentes<br \/>\nBusque abrigo t\u00e3o logo veja nuvens carregadas no c\u00e9u ou escute um trov\u00e3o;<br \/>\nEvite colher frutas, legumes ou verduras, abrigar-se ou caminhar perto de \u00e1rvores;<br \/>\nN\u00e3o fique pr\u00f3ximo a animais e nem ande a cavalo;<br \/>\nN\u00e3o fique pr\u00f3ximo a cercas de arame;<br \/>\nN\u00e3o fique pr\u00f3ximo a objetos met\u00e1licos pontiagudos como enxadas, p\u00e1s e fac\u00f5es;<br \/>\nN\u00e3o se abrigue debaixo de varandas, barracos e celeiros;<br \/>\nN\u00e3o caminhe em \u00e1reas descampadas;<br \/>\nN\u00e3o fique parado em rodovias, ruas ou estradas;<br \/>\nN\u00e3o suba em locais como telhados, terra\u00e7os e montanhas;<br \/>\nN\u00e3o tome banho em praia, rio, a\u00e7ude ou piscina durante uma tempestade;<br \/>\nN\u00e3o utilize equipamentos el\u00e9tricos ligados \u00e0 rede el\u00e9trica;<br \/>\nN\u00e3o fale ao telefone com fio ou utilizar o celular conectado ao carregador;<br \/>\nN\u00e3o tome banho utilizando o chuveiro el\u00e9trico.<br \/>\nVeja os v\u00eddeos mais assistidos no g1 RN<\/p>","protected":false},"excerpt":{"rendered":"<p>Mossor\u00f3 e Apodi, na regi\u00e3o Oeste, lideram lista de munic\u00edpios com mais casos de janeiro a dezembro do ano passado. Raio visto em Pau dos Ferros, no interior do Rio &#8230;<\/p>\n","protected":false},"author":0,"featured_media":12015,"parent":0,"menu_order":0,"comment_status":"closed","ping_status":"closed","template":"","meta":{"footnotes":""},"class_list":["post-12014","page","type-page","status-publish","has-post-thumbnail","hentry"],"yoast_head":"<!-- This site is optimized with the Yoast SEO plugin v27.1.1 - https:\/\/yoast.com\/product\/yoast-seo-wordpress\/ -->\n<title>Mais de 98 mil raios atingiram o RN em 2024; veja ranking de cidades com mais ocorr\u00eancias - Taveira Jr<\/title>\n<meta name=\"robots\" content=\"index, follow, max-snippet:-1, max-image-preview:large, max-video-preview:-1\" \/>\n<link rel=\"canonical\" href=\"https:\/\/deputadotaveirajr.com.br\/index.php\/mais-de-98-mil-raios-atingiram-o-rn-em-2024-veja-ranking-de-cidades-com-mais-ocorrencias\/\" \/>\n<meta property=\"og:locale\" content=\"pt_BR\" \/>\n<meta property=\"og:type\" content=\"article\" \/>\n<meta property=\"og:title\" content=\"Mais de 98 mil raios atingiram o RN em 2024; veja ranking de cidades com mais ocorr\u00eancias - Taveira Jr\" \/>\n<meta property=\"og:description\" content=\"Mossor\u00f3 e Apodi, na regi\u00e3o Oeste, lideram lista de munic\u00edpios com mais casos de janeiro a dezembro do ano passado. Raio visto em Pau dos Ferros, no interior do Rio ...\" \/>\n<meta property=\"og:url\" content=\"https:\/\/deputadotaveirajr.com.br\/index.php\/mais-de-98-mil-raios-atingiram-o-rn-em-2024-veja-ranking-de-cidades-com-mais-ocorrencias\/\" \/>\n<meta property=\"og:site_name\" content=\"Taveira Jr\" \/>\n<meta property=\"og:image\" content=\"https:\/\/s2-g1.glbimg.com\/d9hjJQJOSe73CyDAI4fQA5RPi0A=\/i.s3.glbimg.com\/v1\/AUTH_59edd422c0c84a879bd37670ae4f538a\/internal_photos\/bs\/2023\/A\/O\/PkyRhmRKebDfLqeoASuw\/raios.jpeg\" \/>\n<meta name=\"twitter:card\" content=\"summary_large_image\" \/>\n<meta name=\"twitter:label1\" content=\"Est. tempo de leitura\" \/>\n\t<meta name=\"twitter:data1\" content=\"5 minutos\" \/>\n<script type=\"application\/ld+json\" class=\"yoast-schema-graph\">{\"@context\":\"https:\/\/schema.org\",\"@graph\":[{\"@type\":\"WebPage\",\"@id\":\"https:\/\/deputadotaveirajr.com.br\/index.php\/mais-de-98-mil-raios-atingiram-o-rn-em-2024-veja-ranking-de-cidades-com-mais-ocorrencias\/\",\"url\":\"https:\/\/deputadotaveirajr.com.br\/index.php\/mais-de-98-mil-raios-atingiram-o-rn-em-2024-veja-ranking-de-cidades-com-mais-ocorrencias\/\",\"name\":\"Mais de 98 mil raios atingiram o RN em 2024; veja ranking de cidades com mais ocorr\u00eancias - Taveira Jr\",\"isPartOf\":{\"@id\":\"https:\/\/deputadotaveirajr.com.br\/#website\"},\"primaryImageOfPage\":{\"@id\":\"https:\/\/deputadotaveirajr.com.br\/index.php\/mais-de-98-mil-raios-atingiram-o-rn-em-2024-veja-ranking-de-cidades-com-mais-ocorrencias\/#primaryimage\"},\"image\":{\"@id\":\"https:\/\/deputadotaveirajr.com.br\/index.php\/mais-de-98-mil-raios-atingiram-o-rn-em-2024-veja-ranking-de-cidades-com-mais-ocorrencias\/#primaryimage\"},\"thumbnailUrl\":\"https:\/\/deputadotaveirajr.com.br\/wp-content\/uploads\/2025\/01\/raios-9P6QU1.jpeg\",\"datePublished\":\"2025-01-16T14:17:09+00:00\",\"breadcrumb\":{\"@id\":\"https:\/\/deputadotaveirajr.com.br\/index.php\/mais-de-98-mil-raios-atingiram-o-rn-em-2024-veja-ranking-de-cidades-com-mais-ocorrencias\/#breadcrumb\"},\"inLanguage\":\"pt-BR\",\"potentialAction\":[{\"@type\":\"ReadAction\",\"target\":[\"https:\/\/deputadotaveirajr.com.br\/index.php\/mais-de-98-mil-raios-atingiram-o-rn-em-2024-veja-ranking-de-cidades-com-mais-ocorrencias\/\"]}]},{\"@type\":\"ImageObject\",\"inLanguage\":\"pt-BR\",\"@id\":\"https:\/\/deputadotaveirajr.com.br\/index.php\/mais-de-98-mil-raios-atingiram-o-rn-em-2024-veja-ranking-de-cidades-com-mais-ocorrencias\/#primaryimage\",\"url\":\"https:\/\/deputadotaveirajr.com.br\/wp-content\/uploads\/2025\/01\/raios-9P6QU1.jpeg\",\"contentUrl\":\"https:\/\/deputadotaveirajr.com.br\/wp-content\/uploads\/2025\/01\/raios-9P6QU1.jpeg\",\"width\":1600,\"height\":916},{\"@type\":\"BreadcrumbList\",\"@id\":\"https:\/\/deputadotaveirajr.com.br\/index.php\/mais-de-98-mil-raios-atingiram-o-rn-em-2024-veja-ranking-de-cidades-com-mais-ocorrencias\/#breadcrumb\",\"itemListElement\":[{\"@type\":\"ListItem\",\"position\":1,\"name\":\"In\u00edcio\",\"item\":\"https:\/\/deputadotaveirajr.com.br\/\"},{\"@type\":\"ListItem\",\"position\":2,\"name\":\"Mais de 98 mil raios atingiram o RN em 2024; veja ranking de cidades com mais ocorr\u00eancias\"}]},{\"@type\":\"WebSite\",\"@id\":\"https:\/\/deputadotaveirajr.com.br\/#website\",\"url\":\"https:\/\/deputadotaveirajr.com.br\/\",\"name\":\"Taveira Jr\",\"description\":\"Deputado Estadual\",\"publisher\":{\"@id\":\"https:\/\/deputadotaveirajr.com.br\/#organization\"},\"potentialAction\":[{\"@type\":\"SearchAction\",\"target\":{\"@type\":\"EntryPoint\",\"urlTemplate\":\"https:\/\/deputadotaveirajr.com.br\/?s={search_term_string}\"},\"query-input\":{\"@type\":\"PropertyValueSpecification\",\"valueRequired\":true,\"valueName\":\"search_term_string\"}}],\"inLanguage\":\"pt-BR\"},{\"@type\":\"Organization\",\"@id\":\"https:\/\/deputadotaveirajr.com.br\/#organization\",\"name\":\"Taveira Jr\",\"url\":\"https:\/\/deputadotaveirajr.com.br\/\",\"logo\":{\"@type\":\"ImageObject\",\"inLanguage\":\"pt-BR\",\"@id\":\"https:\/\/deputadotaveirajr.com.br\/#\/schema\/logo\/image\/\",\"url\":\"https:\/\/deputadotaveirajr.com.br\/wp-content\/uploads\/2026\/01\/logolow2a.png\",\"contentUrl\":\"https:\/\/deputadotaveirajr.com.br\/wp-content\/uploads\/2026\/01\/logolow2a.png\",\"width\":290,\"height\":80,\"caption\":\"Taveira Jr\"},\"image\":{\"@id\":\"https:\/\/deputadotaveirajr.com.br\/#\/schema\/logo\/image\/\"}}]}<\/script>\n<!-- \/ Yoast SEO plugin. -->","yoast_head_json":{"title":"Mais de 98 mil raios atingiram o RN em 2024; veja ranking de cidades com mais ocorr\u00eancias - Taveira Jr","robots":{"index":"index","follow":"follow","max-snippet":"max-snippet:-1","max-image-preview":"max-image-preview:large","max-video-preview":"max-video-preview:-1"},"canonical":"https:\/\/deputadotaveirajr.com.br\/index.php\/mais-de-98-mil-raios-atingiram-o-rn-em-2024-veja-ranking-de-cidades-com-mais-ocorrencias\/","og_locale":"pt_BR","og_type":"article","og_title":"Mais de 98 mil raios atingiram o RN em 2024; veja ranking de cidades com mais ocorr\u00eancias - Taveira Jr","og_description":"Mossor\u00f3 e Apodi, na regi\u00e3o Oeste, lideram lista de munic\u00edpios com mais casos de janeiro a dezembro do ano passado. Raio visto em Pau dos Ferros, no interior do Rio ...","og_url":"https:\/\/deputadotaveirajr.com.br\/index.php\/mais-de-98-mil-raios-atingiram-o-rn-em-2024-veja-ranking-de-cidades-com-mais-ocorrencias\/","og_site_name":"Taveira Jr","og_image":[{"url":"https:\/\/s2-g1.glbimg.com\/d9hjJQJOSe73CyDAI4fQA5RPi0A=\/i.s3.glbimg.com\/v1\/AUTH_59edd422c0c84a879bd37670ae4f538a\/internal_photos\/bs\/2023\/A\/O\/PkyRhmRKebDfLqeoASuw\/raios.jpeg","type":"","width":"","height":""}],"twitter_card":"summary_large_image","twitter_misc":{"Est. tempo de leitura":"5 minutos"},"schema":{"@context":"https:\/\/schema.org","@graph":[{"@type":"WebPage","@id":"https:\/\/deputadotaveirajr.com.br\/index.php\/mais-de-98-mil-raios-atingiram-o-rn-em-2024-veja-ranking-de-cidades-com-mais-ocorrencias\/","url":"https:\/\/deputadotaveirajr.com.br\/index.php\/mais-de-98-mil-raios-atingiram-o-rn-em-2024-veja-ranking-de-cidades-com-mais-ocorrencias\/","name":"Mais de 98 mil raios atingiram o RN em 2024; veja ranking de cidades com mais ocorr\u00eancias - Taveira Jr","isPartOf":{"@id":"https:\/\/deputadotaveirajr.com.br\/#website"},"primaryImageOfPage":{"@id":"https:\/\/deputadotaveirajr.com.br\/index.php\/mais-de-98-mil-raios-atingiram-o-rn-em-2024-veja-ranking-de-cidades-com-mais-ocorrencias\/#primaryimage"},"image":{"@id":"https:\/\/deputadotaveirajr.com.br\/index.php\/mais-de-98-mil-raios-atingiram-o-rn-em-2024-veja-ranking-de-cidades-com-mais-ocorrencias\/#primaryimage"},"thumbnailUrl":"https:\/\/deputadotaveirajr.com.br\/wp-content\/uploads\/2025\/01\/raios-9P6QU1.jpeg","datePublished":"2025-01-16T14:17:09+00:00","breadcrumb":{"@id":"https:\/\/deputadotaveirajr.com.br\/index.php\/mais-de-98-mil-raios-atingiram-o-rn-em-2024-veja-ranking-de-cidades-com-mais-ocorrencias\/#breadcrumb"},"inLanguage":"pt-BR","potentialAction":[{"@type":"ReadAction","target":["https:\/\/deputadotaveirajr.com.br\/index.php\/mais-de-98-mil-raios-atingiram-o-rn-em-2024-veja-ranking-de-cidades-com-mais-ocorrencias\/"]}]},{"@type":"ImageObject","inLanguage":"pt-BR","@id":"https:\/\/deputadotaveirajr.com.br\/index.php\/mais-de-98-mil-raios-atingiram-o-rn-em-2024-veja-ranking-de-cidades-com-mais-ocorrencias\/#primaryimage","url":"https:\/\/deputadotaveirajr.com.br\/wp-content\/uploads\/2025\/01\/raios-9P6QU1.jpeg","contentUrl":"https:\/\/deputadotaveirajr.com.br\/wp-content\/uploads\/2025\/01\/raios-9P6QU1.jpeg","width":1600,"height":916},{"@type":"BreadcrumbList","@id":"https:\/\/deputadotaveirajr.com.br\/index.php\/mais-de-98-mil-raios-atingiram-o-rn-em-2024-veja-ranking-de-cidades-com-mais-ocorrencias\/#breadcrumb","itemListElement":[{"@type":"ListItem","position":1,"name":"In\u00edcio","item":"https:\/\/deputadotaveirajr.com.br\/"},{"@type":"ListItem","position":2,"name":"Mais de 98 mil raios atingiram o RN em 2024; veja ranking de cidades com mais ocorr\u00eancias"}]},{"@type":"WebSite","@id":"https:\/\/deputadotaveirajr.com.br\/#website","url":"https:\/\/deputadotaveirajr.com.br\/","name":"Taveira Jr","description":"Deputado Estadual","publisher":{"@id":"https:\/\/deputadotaveirajr.com.br\/#organization"},"potentialAction":[{"@type":"SearchAction","target":{"@type":"EntryPoint","urlTemplate":"https:\/\/deputadotaveirajr.com.br\/?s={search_term_string}"},"query-input":{"@type":"PropertyValueSpecification","valueRequired":true,"valueName":"search_term_string"}}],"inLanguage":"pt-BR"},{"@type":"Organization","@id":"https:\/\/deputadotaveirajr.com.br\/#organization","name":"Taveira Jr","url":"https:\/\/deputadotaveirajr.com.br\/","logo":{"@type":"ImageObject","inLanguage":"pt-BR","@id":"https:\/\/deputadotaveirajr.com.br\/#\/schema\/logo\/image\/","url":"https:\/\/deputadotaveirajr.com.br\/wp-content\/uploads\/2026\/01\/logolow2a.png","contentUrl":"https:\/\/deputadotaveirajr.com.br\/wp-content\/uploads\/2026\/01\/logolow2a.png","width":290,"height":80,"caption":"Taveira Jr"},"image":{"@id":"https:\/\/deputadotaveirajr.com.br\/#\/schema\/logo\/image\/"}}]}},"_links":{"self":[{"href":"https:\/\/deputadotaveirajr.com.br\/index.php\/wp-json\/wp\/v2\/pages\/12014","targetHints":{"allow":["GET"]}}],"collection":[{"href":"https:\/\/deputadotaveirajr.com.br\/index.php\/wp-json\/wp\/v2\/pages"}],"about":[{"href":"https:\/\/deputadotaveirajr.com.br\/index.php\/wp-json\/wp\/v2\/types\/page"}],"replies":[{"embeddable":true,"href":"https:\/\/deputadotaveirajr.com.br\/index.php\/wp-json\/wp\/v2\/comments?post=12014"}],"version-history":[{"count":0,"href":"https:\/\/deputadotaveirajr.com.br\/index.php\/wp-json\/wp\/v2\/pages\/12014\/revisions"}],"wp:featuredmedia":[{"embeddable":true,"href":"https:\/\/deputadotaveirajr.com.br\/index.php\/wp-json\/wp\/v2\/media\/12015"}],"wp:attachment":[{"href":"https:\/\/deputadotaveirajr.com.br\/index.php\/wp-json\/wp\/v2\/media?parent=12014"}],"curies":[{"name":"wp","href":"https:\/\/api.w.org\/{rel}","templated":true}]}}