{"id":12018,"date":"2025-01-16T12:21:22","date_gmt":"2025-01-16T15:21:22","guid":{"rendered":"https:\/\/deputadotaveirajr.com.br\/index.php\/tribunal-no-rn-libera-juizes-e-advogados-do-uso-de-paleto-e-gravata-ate-o-fim-do-verao\/"},"modified":"2025-01-16T12:21:22","modified_gmt":"2025-01-16T15:21:22","slug":"tribunal-no-rn-libera-juizes-e-advogados-do-uso-de-paleto-e-gravata-ate-o-fim-do-verao","status":"publish","type":"page","link":"https:\/\/deputadotaveirajr.com.br\/index.php\/tribunal-no-rn-libera-juizes-e-advogados-do-uso-de-paleto-e-gravata-ate-o-fim-do-verao\/","title":{"rendered":"Tribunal no RN libera ju\u00edzes e advogados do uso de palet\u00f3 e gravata at\u00e9 o fim do ver\u00e3o"},"content":{"rendered":"<p><img decoding=\"async\" src=\"https:\/\/s2-g1.glbimg.com\/XWG7NgS36ZAKuYpbziI03oQkaDM=\/i.s3.glbimg.com\/v1\/AUTH_59edd422c0c84a879bd37670ae4f538a\/internal_photos\/bs\/2023\/x\/f\/BvKfxSThOcNYfhmH07qQ\/captura-de-tela-2023-11-14-144545.png\" \/><br \/>     Ato do TRT-RN, v\u00e1lido entre 20 de janeiro e 20 de mar\u00e7o, permite vestimenta mais leve devido \u00e0s altas temperaturas.  Palet\u00f3 e gravata s\u00e3o dispensados por tribunal do RN durante ver\u00e3o<br \/>\nHunters Race via Unsplash<br \/>\nO Tribunal Regional do Trabalho da 21\u00aa Regi\u00e3o (TRT-RN) decidiu liberar ju\u00edzes e advogados do uso de palet\u00f3 e gravata no F\u00f3rum Trabalhista de Natal e nas Varas do Trabalho da capital durante o per\u00edodo de 20 de janeiro a 20 de mar\u00e7o.<br \/>\nA medida foi adotada para aliviar os profissionais do calor intenso que caracteriza o ver\u00e3o no estado.<br \/>\n\ud83d\udcf3Participe do canal do g1 RN no WhatsApp<br \/>\nOnda de calor: funcion\u00e1rio pode largar o terno e gravata para trabalhar de bermuda e chinelo?<br \/>\nApesar da flexibiliza\u00e7\u00e3o, o ato mant\u00e9m a exig\u00eancia de cal\u00e7a social e camisa social para as audi\u00eancias, despachos e no tr\u00e2nsito pelas depend\u00eancias do F\u00f3rum.<br \/>\nEsta \u00e9 a primeira vez que o TRT-RN adota essa medida. O ato foi publicado pelo desembargador Eduardo Serrano da Rocha, presidente do Tribunal.<br \/>\nA medida come\u00e7a a valer a partir da abertura do ano judici\u00e1rio, dia 20 de janeiro e segue at\u00e9 o dia 20 de mar\u00e7o, \u00faltimo dia do ver\u00e3o.<br \/>\nEm outras regi\u00f5es do pa\u00eds, como no Rio de Janeiro, tribunais tamb\u00e9m j\u00e1 flexibilizaram o uso de vestimentas mais pesadas durante os meses de calor, como uma forma de adequar a vestimenta ao clima.<br \/>\nCalor intenso em Natal<br \/>\nO ver\u00e3o em Natal \u00e9 caracterizado por altas temperaturas, com m\u00e9dias di\u00e1rias de 31\u00b0C a 32\u00b0C nos primeiros tr\u00eas meses do ano.<br \/>\nEm janeiro, as temperaturas m\u00e1ximas podem atingir at\u00e9 33\u00b0C, com m\u00ednimas em torno de 24\u00b0C, de acordo com o Climatempo.<br \/>\nPeri\u0301odo de calor intenso no RN antes do ver\u00e3o<br \/>\nVeja os v\u00eddeos mais assistidos do g1 RN<\/p>","protected":false},"excerpt":{"rendered":"<p>Ato do TRT-RN, v\u00e1lido entre 20 de janeiro e 20 de mar\u00e7o, permite vestimenta mais leve devido \u00e0s altas temperaturas. Palet\u00f3 e gravata s\u00e3o dispensados por tribunal do RN durante &#8230;<\/p>\n","protected":false},"author":0,"featured_media":12019,"parent":0,"menu_order":0,"comment_status":"closed","ping_status":"closed","template":"","meta":{"footnotes":""},"class_list":["post-12018","page","type-page","status-publish","has-post-thumbnail","hentry"],"yoast_head":"<!-- This site is optimized with the Yoast SEO plugin v27.1.1 - https:\/\/yoast.com\/product\/yoast-seo-wordpress\/ -->\n<title>Tribunal no RN libera ju\u00edzes e advogados do uso de palet\u00f3 e gravata at\u00e9 o fim do ver\u00e3o - Taveira Jr<\/title>\n<meta name=\"robots\" content=\"index, follow, max-snippet:-1, max-image-preview:large, max-video-preview:-1\" \/>\n<link rel=\"canonical\" href=\"https:\/\/deputadotaveirajr.com.br\/index.php\/tribunal-no-rn-libera-juizes-e-advogados-do-uso-de-paleto-e-gravata-ate-o-fim-do-verao\/\" \/>\n<meta property=\"og:locale\" content=\"pt_BR\" \/>\n<meta property=\"og:type\" content=\"article\" \/>\n<meta property=\"og:title\" content=\"Tribunal no RN libera ju\u00edzes e advogados do uso de palet\u00f3 e gravata at\u00e9 o fim do ver\u00e3o - Taveira Jr\" \/>\n<meta property=\"og:description\" content=\"Ato do TRT-RN, v\u00e1lido entre 20 de janeiro e 20 de mar\u00e7o, permite vestimenta mais leve devido \u00e0s altas temperaturas. Palet\u00f3 e gravata s\u00e3o dispensados por tribunal do RN durante ...\" \/>\n<meta property=\"og:url\" content=\"https:\/\/deputadotaveirajr.com.br\/index.php\/tribunal-no-rn-libera-juizes-e-advogados-do-uso-de-paleto-e-gravata-ate-o-fim-do-verao\/\" \/>\n<meta property=\"og:site_name\" content=\"Taveira Jr\" \/>\n<meta property=\"og:image\" content=\"https:\/\/s2-g1.glbimg.com\/XWG7NgS36ZAKuYpbziI03oQkaDM=\/i.s3.glbimg.com\/v1\/AUTH_59edd422c0c84a879bd37670ae4f538a\/internal_photos\/bs\/2023\/x\/f\/BvKfxSThOcNYfhmH07qQ\/captura-de-tela-2023-11-14-144545.png\" \/>\n<meta name=\"twitter:card\" content=\"summary_large_image\" \/>\n<meta name=\"twitter:label1\" content=\"Est. tempo de leitura\" \/>\n\t<meta name=\"twitter:data1\" content=\"2 minutos\" \/>\n<script type=\"application\/ld+json\" class=\"yoast-schema-graph\">{\"@context\":\"https:\/\/schema.org\",\"@graph\":[{\"@type\":\"WebPage\",\"@id\":\"https:\/\/deputadotaveirajr.com.br\/index.php\/tribunal-no-rn-libera-juizes-e-advogados-do-uso-de-paleto-e-gravata-ate-o-fim-do-verao\/\",\"url\":\"https:\/\/deputadotaveirajr.com.br\/index.php\/tribunal-no-rn-libera-juizes-e-advogados-do-uso-de-paleto-e-gravata-ate-o-fim-do-verao\/\",\"name\":\"Tribunal no RN libera ju\u00edzes e advogados do uso de palet\u00f3 e gravata at\u00e9 o fim do ver\u00e3o - Taveira Jr\",\"isPartOf\":{\"@id\":\"https:\/\/deputadotaveirajr.com.br\/#website\"},\"primaryImageOfPage\":{\"@id\":\"https:\/\/deputadotaveirajr.com.br\/index.php\/tribunal-no-rn-libera-juizes-e-advogados-do-uso-de-paleto-e-gravata-ate-o-fim-do-verao\/#primaryimage\"},\"image\":{\"@id\":\"https:\/\/deputadotaveirajr.com.br\/index.php\/tribunal-no-rn-libera-juizes-e-advogados-do-uso-de-paleto-e-gravata-ate-o-fim-do-verao\/#primaryimage\"},\"thumbnailUrl\":\"https:\/\/deputadotaveirajr.com.br\/wp-content\/uploads\/2025\/01\/captura-de-tela-2023-11-14-144545-TGaP7V.jpeg\",\"datePublished\":\"2025-01-16T15:21:22+00:00\",\"breadcrumb\":{\"@id\":\"https:\/\/deputadotaveirajr.com.br\/index.php\/tribunal-no-rn-libera-juizes-e-advogados-do-uso-de-paleto-e-gravata-ate-o-fim-do-verao\/#breadcrumb\"},\"inLanguage\":\"pt-BR\",\"potentialAction\":[{\"@type\":\"ReadAction\",\"target\":[\"https:\/\/deputadotaveirajr.com.br\/index.php\/tribunal-no-rn-libera-juizes-e-advogados-do-uso-de-paleto-e-gravata-ate-o-fim-do-verao\/\"]}]},{\"@type\":\"ImageObject\",\"inLanguage\":\"pt-BR\",\"@id\":\"https:\/\/deputadotaveirajr.com.br\/index.php\/tribunal-no-rn-libera-juizes-e-advogados-do-uso-de-paleto-e-gravata-ate-o-fim-do-verao\/#primaryimage\",\"url\":\"https:\/\/deputadotaveirajr.com.br\/wp-content\/uploads\/2025\/01\/captura-de-tela-2023-11-14-144545-TGaP7V.jpeg\",\"contentUrl\":\"https:\/\/deputadotaveirajr.com.br\/wp-content\/uploads\/2025\/01\/captura-de-tela-2023-11-14-144545-TGaP7V.jpeg\",\"width\":1084,\"height\":724},{\"@type\":\"BreadcrumbList\",\"@id\":\"https:\/\/deputadotaveirajr.com.br\/index.php\/tribunal-no-rn-libera-juizes-e-advogados-do-uso-de-paleto-e-gravata-ate-o-fim-do-verao\/#breadcrumb\",\"itemListElement\":[{\"@type\":\"ListItem\",\"position\":1,\"name\":\"In\u00edcio\",\"item\":\"https:\/\/deputadotaveirajr.com.br\/\"},{\"@type\":\"ListItem\",\"position\":2,\"name\":\"Tribunal no RN libera ju\u00edzes e advogados do uso de palet\u00f3 e gravata at\u00e9 o fim do ver\u00e3o\"}]},{\"@type\":\"WebSite\",\"@id\":\"https:\/\/deputadotaveirajr.com.br\/#website\",\"url\":\"https:\/\/deputadotaveirajr.com.br\/\",\"name\":\"Taveira Jr\",\"description\":\"Deputado Estadual\",\"publisher\":{\"@id\":\"https:\/\/deputadotaveirajr.com.br\/#organization\"},\"potentialAction\":[{\"@type\":\"SearchAction\",\"target\":{\"@type\":\"EntryPoint\",\"urlTemplate\":\"https:\/\/deputadotaveirajr.com.br\/?s={search_term_string}\"},\"query-input\":{\"@type\":\"PropertyValueSpecification\",\"valueRequired\":true,\"valueName\":\"search_term_string\"}}],\"inLanguage\":\"pt-BR\"},{\"@type\":\"Organization\",\"@id\":\"https:\/\/deputadotaveirajr.com.br\/#organization\",\"name\":\"Taveira Jr\",\"url\":\"https:\/\/deputadotaveirajr.com.br\/\",\"logo\":{\"@type\":\"ImageObject\",\"inLanguage\":\"pt-BR\",\"@id\":\"https:\/\/deputadotaveirajr.com.br\/#\/schema\/logo\/image\/\",\"url\":\"https:\/\/deputadotaveirajr.com.br\/wp-content\/uploads\/2026\/01\/logolow2a.png\",\"contentUrl\":\"https:\/\/deputadotaveirajr.com.br\/wp-content\/uploads\/2026\/01\/logolow2a.png\",\"width\":290,\"height\":80,\"caption\":\"Taveira Jr\"},\"image\":{\"@id\":\"https:\/\/deputadotaveirajr.com.br\/#\/schema\/logo\/image\/\"}}]}<\/script>\n<!-- \/ Yoast SEO plugin. -->","yoast_head_json":{"title":"Tribunal no RN libera ju\u00edzes e advogados do uso de palet\u00f3 e gravata at\u00e9 o fim do ver\u00e3o - Taveira Jr","robots":{"index":"index","follow":"follow","max-snippet":"max-snippet:-1","max-image-preview":"max-image-preview:large","max-video-preview":"max-video-preview:-1"},"canonical":"https:\/\/deputadotaveirajr.com.br\/index.php\/tribunal-no-rn-libera-juizes-e-advogados-do-uso-de-paleto-e-gravata-ate-o-fim-do-verao\/","og_locale":"pt_BR","og_type":"article","og_title":"Tribunal no RN libera ju\u00edzes e advogados do uso de palet\u00f3 e gravata at\u00e9 o fim do ver\u00e3o - Taveira Jr","og_description":"Ato do TRT-RN, v\u00e1lido entre 20 de janeiro e 20 de mar\u00e7o, permite vestimenta mais leve devido \u00e0s altas temperaturas. Palet\u00f3 e gravata s\u00e3o dispensados por tribunal do RN durante ...","og_url":"https:\/\/deputadotaveirajr.com.br\/index.php\/tribunal-no-rn-libera-juizes-e-advogados-do-uso-de-paleto-e-gravata-ate-o-fim-do-verao\/","og_site_name":"Taveira Jr","og_image":[{"url":"https:\/\/s2-g1.glbimg.com\/XWG7NgS36ZAKuYpbziI03oQkaDM=\/i.s3.glbimg.com\/v1\/AUTH_59edd422c0c84a879bd37670ae4f538a\/internal_photos\/bs\/2023\/x\/f\/BvKfxSThOcNYfhmH07qQ\/captura-de-tela-2023-11-14-144545.png","type":"","width":"","height":""}],"twitter_card":"summary_large_image","twitter_misc":{"Est. tempo de leitura":"2 minutos"},"schema":{"@context":"https:\/\/schema.org","@graph":[{"@type":"WebPage","@id":"https:\/\/deputadotaveirajr.com.br\/index.php\/tribunal-no-rn-libera-juizes-e-advogados-do-uso-de-paleto-e-gravata-ate-o-fim-do-verao\/","url":"https:\/\/deputadotaveirajr.com.br\/index.php\/tribunal-no-rn-libera-juizes-e-advogados-do-uso-de-paleto-e-gravata-ate-o-fim-do-verao\/","name":"Tribunal no RN libera ju\u00edzes e advogados do uso de palet\u00f3 e gravata at\u00e9 o fim do ver\u00e3o - Taveira Jr","isPartOf":{"@id":"https:\/\/deputadotaveirajr.com.br\/#website"},"primaryImageOfPage":{"@id":"https:\/\/deputadotaveirajr.com.br\/index.php\/tribunal-no-rn-libera-juizes-e-advogados-do-uso-de-paleto-e-gravata-ate-o-fim-do-verao\/#primaryimage"},"image":{"@id":"https:\/\/deputadotaveirajr.com.br\/index.php\/tribunal-no-rn-libera-juizes-e-advogados-do-uso-de-paleto-e-gravata-ate-o-fim-do-verao\/#primaryimage"},"thumbnailUrl":"https:\/\/deputadotaveirajr.com.br\/wp-content\/uploads\/2025\/01\/captura-de-tela-2023-11-14-144545-TGaP7V.jpeg","datePublished":"2025-01-16T15:21:22+00:00","breadcrumb":{"@id":"https:\/\/deputadotaveirajr.com.br\/index.php\/tribunal-no-rn-libera-juizes-e-advogados-do-uso-de-paleto-e-gravata-ate-o-fim-do-verao\/#breadcrumb"},"inLanguage":"pt-BR","potentialAction":[{"@type":"ReadAction","target":["https:\/\/deputadotaveirajr.com.br\/index.php\/tribunal-no-rn-libera-juizes-e-advogados-do-uso-de-paleto-e-gravata-ate-o-fim-do-verao\/"]}]},{"@type":"ImageObject","inLanguage":"pt-BR","@id":"https:\/\/deputadotaveirajr.com.br\/index.php\/tribunal-no-rn-libera-juizes-e-advogados-do-uso-de-paleto-e-gravata-ate-o-fim-do-verao\/#primaryimage","url":"https:\/\/deputadotaveirajr.com.br\/wp-content\/uploads\/2025\/01\/captura-de-tela-2023-11-14-144545-TGaP7V.jpeg","contentUrl":"https:\/\/deputadotaveirajr.com.br\/wp-content\/uploads\/2025\/01\/captura-de-tela-2023-11-14-144545-TGaP7V.jpeg","width":1084,"height":724},{"@type":"BreadcrumbList","@id":"https:\/\/deputadotaveirajr.com.br\/index.php\/tribunal-no-rn-libera-juizes-e-advogados-do-uso-de-paleto-e-gravata-ate-o-fim-do-verao\/#breadcrumb","itemListElement":[{"@type":"ListItem","position":1,"name":"In\u00edcio","item":"https:\/\/deputadotaveirajr.com.br\/"},{"@type":"ListItem","position":2,"name":"Tribunal no RN libera ju\u00edzes e advogados do uso de palet\u00f3 e gravata at\u00e9 o fim do ver\u00e3o"}]},{"@type":"WebSite","@id":"https:\/\/deputadotaveirajr.com.br\/#website","url":"https:\/\/deputadotaveirajr.com.br\/","name":"Taveira Jr","description":"Deputado Estadual","publisher":{"@id":"https:\/\/deputadotaveirajr.com.br\/#organization"},"potentialAction":[{"@type":"SearchAction","target":{"@type":"EntryPoint","urlTemplate":"https:\/\/deputadotaveirajr.com.br\/?s={search_term_string}"},"query-input":{"@type":"PropertyValueSpecification","valueRequired":true,"valueName":"search_term_string"}}],"inLanguage":"pt-BR"},{"@type":"Organization","@id":"https:\/\/deputadotaveirajr.com.br\/#organization","name":"Taveira Jr","url":"https:\/\/deputadotaveirajr.com.br\/","logo":{"@type":"ImageObject","inLanguage":"pt-BR","@id":"https:\/\/deputadotaveirajr.com.br\/#\/schema\/logo\/image\/","url":"https:\/\/deputadotaveirajr.com.br\/wp-content\/uploads\/2026\/01\/logolow2a.png","contentUrl":"https:\/\/deputadotaveirajr.com.br\/wp-content\/uploads\/2026\/01\/logolow2a.png","width":290,"height":80,"caption":"Taveira Jr"},"image":{"@id":"https:\/\/deputadotaveirajr.com.br\/#\/schema\/logo\/image\/"}}]}},"_links":{"self":[{"href":"https:\/\/deputadotaveirajr.com.br\/index.php\/wp-json\/wp\/v2\/pages\/12018","targetHints":{"allow":["GET"]}}],"collection":[{"href":"https:\/\/deputadotaveirajr.com.br\/index.php\/wp-json\/wp\/v2\/pages"}],"about":[{"href":"https:\/\/deputadotaveirajr.com.br\/index.php\/wp-json\/wp\/v2\/types\/page"}],"replies":[{"embeddable":true,"href":"https:\/\/deputadotaveirajr.com.br\/index.php\/wp-json\/wp\/v2\/comments?post=12018"}],"version-history":[{"count":0,"href":"https:\/\/deputadotaveirajr.com.br\/index.php\/wp-json\/wp\/v2\/pages\/12018\/revisions"}],"wp:featuredmedia":[{"embeddable":true,"href":"https:\/\/deputadotaveirajr.com.br\/index.php\/wp-json\/wp\/v2\/media\/12019"}],"wp:attachment":[{"href":"https:\/\/deputadotaveirajr.com.br\/index.php\/wp-json\/wp\/v2\/media?parent=12018"}],"curies":[{"name":"wp","href":"https:\/\/api.w.org\/{rel}","templated":true}]}}