{"id":12020,"date":"2025-01-16T13:25:09","date_gmt":"2025-01-16T16:25:09","guid":{"rendered":"https:\/\/deputadotaveirajr.com.br\/index.php\/numero-de-afogamentos-nas-praias-do-rn-aumentam-quase-196-no-inicio-de-2025-diz-corpo-de-bombeiros\/"},"modified":"2025-01-16T13:25:09","modified_gmt":"2025-01-16T16:25:09","slug":"numero-de-afogamentos-nas-praias-do-rn-aumentam-quase-196-no-inicio-de-2025-diz-corpo-de-bombeiros","status":"publish","type":"page","link":"https:\/\/deputadotaveirajr.com.br\/index.php\/numero-de-afogamentos-nas-praias-do-rn-aumentam-quase-196-no-inicio-de-2025-diz-corpo-de-bombeiros\/","title":{"rendered":"N\u00famero de afogamentos nas praias do RN aumentam quase 196% no in\u00edcio de 2025, diz Corpo de Bombeiros"},"content":{"rendered":"<p><img decoding=\"async\" src=\"https:\/\/s2-g1.glbimg.com\/pvNW9gsqPRfYgBDGXbzi4zwlxS8=\/i.s3.glbimg.com\/v1\/AUTH_59edd422c0c84a879bd37670ae4f538a\/internal_photos\/bs\/2025\/Y\/T\/ByDH56RnW0PmkVAdcsMg\/whatsapp-image-2025-01-16-at-12.28.13.jpeg\" \/><br \/>     Durante os primeiros 15 dias de janeiro, o Corpo de Bombeiros registrou 71 resgates e tr\u00eas \u00f3bitos, apontando crescimento nos n\u00fameros em rela\u00e7\u00e3o ao mesmo per\u00edodo de 2023. Corpo de Bombeiros j\u00e1 salvou 71 pessoas vitimas de afogamento nas praias do RN<br \/>\nDivulga\u00e7\u00e3o<br \/>\nEntre 1\u00ba e 15 de janeiro, o Corpo de Bombeiros Militar do Rio Grande do Norte (CBMRN),  registrou 71 resgates de v\u00edtimas de afogamento nas praias do estado, o que representa um aumento de 195,83% em rela\u00e7\u00e3o ao mesmo per\u00edodo de 2024, quando ocorreram 24 resgates.<br \/>\nAl\u00e9m disso, foram registrados tr\u00eas mortes em 2025. No ano anterior, n\u00e3o foram registrados \u00f3bitos no per\u00edodo.<br \/>\n\ud83d\udcf3Participe do canal do g1 RN no WhatsApp<br \/>\nDe acordo com o CBMRN, foram realizadas mais de 14 mil orienta\u00e7\u00f5es ao p\u00fablico e emitidas 4.700 advert\u00eancias com objetivo de reduzir os riscos. As a\u00e7\u00f5es educativas foram refor\u00e7adas em rodovias de acesso ao litoral, pousadas, hot\u00e9is e nas praias mais movimentadas.<br \/>\nO subcomandante-geral do CBMRN, coronel Franklin Ara\u00fajo, afirmou que as a\u00e7\u00f5es preventivas s\u00e3o fundamentais.<br \/>\n&#8220;Nosso trabalho n\u00e3o se limita aos resgates; buscamos conscientizar a popula\u00e7\u00e3o para que possam aproveitar o ver\u00e3o de forma segura. Em muitos casos, uma simples orienta\u00e7\u00e3o pode evitar uma trag\u00e9dia\u201d, destacou.<br \/>\nSegundo a corpora\u00e7\u00e3o, a Opera\u00e7\u00e3o Ver\u00e3o 2025 est\u00e1 contando com apoio do Centro Integrado de Opera\u00e7\u00f5es A\u00e9reas (CIOPAER) para resgates em locais de dif\u00edcil acesso, al\u00e9m de apoiar as opera\u00e7\u00f5es em \u00e1reas mais remotas.<br \/>\nO CBMRN tamb\u00e9m informou que investiu mais de R$ 500 mil em di\u00e1rias operacionais, com a presen\u00e7a de mais de 60 guarda-vidas nas principais praias do estado.<br \/>\nBombeiros registram mais de 25 salvamentos por afogamento s\u00f3 nos primeiros 15 dias de 2025<br \/>\nVeja os v\u00eddeos mais assistidos do g1 RN<\/p>","protected":false},"excerpt":{"rendered":"<p>Durante os primeiros 15 dias de janeiro, o Corpo de Bombeiros registrou 71 resgates e tr\u00eas \u00f3bitos, apontando crescimento nos n\u00fameros em rela\u00e7\u00e3o ao mesmo per\u00edodo de 2023. Corpo de &#8230;<\/p>\n","protected":false},"author":0,"featured_media":12021,"parent":0,"menu_order":0,"comment_status":"closed","ping_status":"closed","template":"","meta":{"footnotes":""},"class_list":["post-12020","page","type-page","status-publish","has-post-thumbnail","hentry"],"yoast_head":"<!-- This site is optimized with the Yoast SEO plugin v27.1.1 - https:\/\/yoast.com\/product\/yoast-seo-wordpress\/ -->\n<title>N\u00famero de afogamentos nas praias do RN aumentam quase 196% no in\u00edcio de 2025, diz Corpo de Bombeiros - Taveira Jr<\/title>\n<meta name=\"robots\" content=\"index, follow, max-snippet:-1, max-image-preview:large, max-video-preview:-1\" \/>\n<link rel=\"canonical\" href=\"https:\/\/deputadotaveirajr.com.br\/index.php\/numero-de-afogamentos-nas-praias-do-rn-aumentam-quase-196-no-inicio-de-2025-diz-corpo-de-bombeiros\/\" \/>\n<meta property=\"og:locale\" content=\"pt_BR\" \/>\n<meta property=\"og:type\" content=\"article\" \/>\n<meta property=\"og:title\" content=\"N\u00famero de afogamentos nas praias do RN aumentam quase 196% no in\u00edcio de 2025, diz Corpo de Bombeiros - Taveira Jr\" \/>\n<meta property=\"og:description\" content=\"Durante os primeiros 15 dias de janeiro, o Corpo de Bombeiros registrou 71 resgates e tr\u00eas \u00f3bitos, apontando crescimento nos n\u00fameros em rela\u00e7\u00e3o ao mesmo per\u00edodo de 2023. Corpo de ...\" \/>\n<meta property=\"og:url\" content=\"https:\/\/deputadotaveirajr.com.br\/index.php\/numero-de-afogamentos-nas-praias-do-rn-aumentam-quase-196-no-inicio-de-2025-diz-corpo-de-bombeiros\/\" \/>\n<meta property=\"og:site_name\" content=\"Taveira Jr\" \/>\n<meta property=\"og:image\" content=\"https:\/\/s2-g1.glbimg.com\/pvNW9gsqPRfYgBDGXbzi4zwlxS8=\/i.s3.glbimg.com\/v1\/AUTH_59edd422c0c84a879bd37670ae4f538a\/internal_photos\/bs\/2025\/Y\/T\/ByDH56RnW0PmkVAdcsMg\/whatsapp-image-2025-01-16-at-12.28.13.jpeg\" \/>\n<meta name=\"twitter:card\" content=\"summary_large_image\" \/>\n<meta name=\"twitter:label1\" content=\"Est. tempo de leitura\" \/>\n\t<meta name=\"twitter:data1\" content=\"2 minutos\" \/>\n<script type=\"application\/ld+json\" class=\"yoast-schema-graph\">{\"@context\":\"https:\/\/schema.org\",\"@graph\":[{\"@type\":\"WebPage\",\"@id\":\"https:\/\/deputadotaveirajr.com.br\/index.php\/numero-de-afogamentos-nas-praias-do-rn-aumentam-quase-196-no-inicio-de-2025-diz-corpo-de-bombeiros\/\",\"url\":\"https:\/\/deputadotaveirajr.com.br\/index.php\/numero-de-afogamentos-nas-praias-do-rn-aumentam-quase-196-no-inicio-de-2025-diz-corpo-de-bombeiros\/\",\"name\":\"N\u00famero de afogamentos nas praias do RN aumentam quase 196% no in\u00edcio de 2025, diz Corpo de Bombeiros - Taveira Jr\",\"isPartOf\":{\"@id\":\"https:\/\/deputadotaveirajr.com.br\/#website\"},\"primaryImageOfPage\":{\"@id\":\"https:\/\/deputadotaveirajr.com.br\/index.php\/numero-de-afogamentos-nas-praias-do-rn-aumentam-quase-196-no-inicio-de-2025-diz-corpo-de-bombeiros\/#primaryimage\"},\"image\":{\"@id\":\"https:\/\/deputadotaveirajr.com.br\/index.php\/numero-de-afogamentos-nas-praias-do-rn-aumentam-quase-196-no-inicio-de-2025-diz-corpo-de-bombeiros\/#primaryimage\"},\"thumbnailUrl\":\"https:\/\/deputadotaveirajr.com.br\/wp-content\/uploads\/2025\/01\/whatsapp-image-2025-01-16-at-12.28.13-LGWHnH.jpeg\",\"datePublished\":\"2025-01-16T16:25:09+00:00\",\"breadcrumb\":{\"@id\":\"https:\/\/deputadotaveirajr.com.br\/index.php\/numero-de-afogamentos-nas-praias-do-rn-aumentam-quase-196-no-inicio-de-2025-diz-corpo-de-bombeiros\/#breadcrumb\"},\"inLanguage\":\"pt-BR\",\"potentialAction\":[{\"@type\":\"ReadAction\",\"target\":[\"https:\/\/deputadotaveirajr.com.br\/index.php\/numero-de-afogamentos-nas-praias-do-rn-aumentam-quase-196-no-inicio-de-2025-diz-corpo-de-bombeiros\/\"]}]},{\"@type\":\"ImageObject\",\"inLanguage\":\"pt-BR\",\"@id\":\"https:\/\/deputadotaveirajr.com.br\/index.php\/numero-de-afogamentos-nas-praias-do-rn-aumentam-quase-196-no-inicio-de-2025-diz-corpo-de-bombeiros\/#primaryimage\",\"url\":\"https:\/\/deputadotaveirajr.com.br\/wp-content\/uploads\/2025\/01\/whatsapp-image-2025-01-16-at-12.28.13-LGWHnH.jpeg\",\"contentUrl\":\"https:\/\/deputadotaveirajr.com.br\/wp-content\/uploads\/2025\/01\/whatsapp-image-2025-01-16-at-12.28.13-LGWHnH.jpeg\",\"width\":1600,\"height\":1066},{\"@type\":\"BreadcrumbList\",\"@id\":\"https:\/\/deputadotaveirajr.com.br\/index.php\/numero-de-afogamentos-nas-praias-do-rn-aumentam-quase-196-no-inicio-de-2025-diz-corpo-de-bombeiros\/#breadcrumb\",\"itemListElement\":[{\"@type\":\"ListItem\",\"position\":1,\"name\":\"In\u00edcio\",\"item\":\"https:\/\/deputadotaveirajr.com.br\/\"},{\"@type\":\"ListItem\",\"position\":2,\"name\":\"N\u00famero de afogamentos nas praias do RN aumentam quase 196% no in\u00edcio de 2025, diz Corpo de Bombeiros\"}]},{\"@type\":\"WebSite\",\"@id\":\"https:\/\/deputadotaveirajr.com.br\/#website\",\"url\":\"https:\/\/deputadotaveirajr.com.br\/\",\"name\":\"Taveira Jr\",\"description\":\"Deputado Estadual\",\"publisher\":{\"@id\":\"https:\/\/deputadotaveirajr.com.br\/#organization\"},\"potentialAction\":[{\"@type\":\"SearchAction\",\"target\":{\"@type\":\"EntryPoint\",\"urlTemplate\":\"https:\/\/deputadotaveirajr.com.br\/?s={search_term_string}\"},\"query-input\":{\"@type\":\"PropertyValueSpecification\",\"valueRequired\":true,\"valueName\":\"search_term_string\"}}],\"inLanguage\":\"pt-BR\"},{\"@type\":\"Organization\",\"@id\":\"https:\/\/deputadotaveirajr.com.br\/#organization\",\"name\":\"Taveira Jr\",\"url\":\"https:\/\/deputadotaveirajr.com.br\/\",\"logo\":{\"@type\":\"ImageObject\",\"inLanguage\":\"pt-BR\",\"@id\":\"https:\/\/deputadotaveirajr.com.br\/#\/schema\/logo\/image\/\",\"url\":\"https:\/\/deputadotaveirajr.com.br\/wp-content\/uploads\/2026\/01\/logolow2a.png\",\"contentUrl\":\"https:\/\/deputadotaveirajr.com.br\/wp-content\/uploads\/2026\/01\/logolow2a.png\",\"width\":290,\"height\":80,\"caption\":\"Taveira Jr\"},\"image\":{\"@id\":\"https:\/\/deputadotaveirajr.com.br\/#\/schema\/logo\/image\/\"}}]}<\/script>\n<!-- \/ Yoast SEO plugin. -->","yoast_head_json":{"title":"N\u00famero de afogamentos nas praias do RN aumentam quase 196% no in\u00edcio de 2025, diz Corpo de Bombeiros - Taveira Jr","robots":{"index":"index","follow":"follow","max-snippet":"max-snippet:-1","max-image-preview":"max-image-preview:large","max-video-preview":"max-video-preview:-1"},"canonical":"https:\/\/deputadotaveirajr.com.br\/index.php\/numero-de-afogamentos-nas-praias-do-rn-aumentam-quase-196-no-inicio-de-2025-diz-corpo-de-bombeiros\/","og_locale":"pt_BR","og_type":"article","og_title":"N\u00famero de afogamentos nas praias do RN aumentam quase 196% no in\u00edcio de 2025, diz Corpo de Bombeiros - Taveira Jr","og_description":"Durante os primeiros 15 dias de janeiro, o Corpo de Bombeiros registrou 71 resgates e tr\u00eas \u00f3bitos, apontando crescimento nos n\u00fameros em rela\u00e7\u00e3o ao mesmo per\u00edodo de 2023. Corpo de ...","og_url":"https:\/\/deputadotaveirajr.com.br\/index.php\/numero-de-afogamentos-nas-praias-do-rn-aumentam-quase-196-no-inicio-de-2025-diz-corpo-de-bombeiros\/","og_site_name":"Taveira Jr","og_image":[{"url":"https:\/\/s2-g1.glbimg.com\/pvNW9gsqPRfYgBDGXbzi4zwlxS8=\/i.s3.glbimg.com\/v1\/AUTH_59edd422c0c84a879bd37670ae4f538a\/internal_photos\/bs\/2025\/Y\/T\/ByDH56RnW0PmkVAdcsMg\/whatsapp-image-2025-01-16-at-12.28.13.jpeg","type":"","width":"","height":""}],"twitter_card":"summary_large_image","twitter_misc":{"Est. tempo de leitura":"2 minutos"},"schema":{"@context":"https:\/\/schema.org","@graph":[{"@type":"WebPage","@id":"https:\/\/deputadotaveirajr.com.br\/index.php\/numero-de-afogamentos-nas-praias-do-rn-aumentam-quase-196-no-inicio-de-2025-diz-corpo-de-bombeiros\/","url":"https:\/\/deputadotaveirajr.com.br\/index.php\/numero-de-afogamentos-nas-praias-do-rn-aumentam-quase-196-no-inicio-de-2025-diz-corpo-de-bombeiros\/","name":"N\u00famero de afogamentos nas praias do RN aumentam quase 196% no in\u00edcio de 2025, diz Corpo de Bombeiros - Taveira Jr","isPartOf":{"@id":"https:\/\/deputadotaveirajr.com.br\/#website"},"primaryImageOfPage":{"@id":"https:\/\/deputadotaveirajr.com.br\/index.php\/numero-de-afogamentos-nas-praias-do-rn-aumentam-quase-196-no-inicio-de-2025-diz-corpo-de-bombeiros\/#primaryimage"},"image":{"@id":"https:\/\/deputadotaveirajr.com.br\/index.php\/numero-de-afogamentos-nas-praias-do-rn-aumentam-quase-196-no-inicio-de-2025-diz-corpo-de-bombeiros\/#primaryimage"},"thumbnailUrl":"https:\/\/deputadotaveirajr.com.br\/wp-content\/uploads\/2025\/01\/whatsapp-image-2025-01-16-at-12.28.13-LGWHnH.jpeg","datePublished":"2025-01-16T16:25:09+00:00","breadcrumb":{"@id":"https:\/\/deputadotaveirajr.com.br\/index.php\/numero-de-afogamentos-nas-praias-do-rn-aumentam-quase-196-no-inicio-de-2025-diz-corpo-de-bombeiros\/#breadcrumb"},"inLanguage":"pt-BR","potentialAction":[{"@type":"ReadAction","target":["https:\/\/deputadotaveirajr.com.br\/index.php\/numero-de-afogamentos-nas-praias-do-rn-aumentam-quase-196-no-inicio-de-2025-diz-corpo-de-bombeiros\/"]}]},{"@type":"ImageObject","inLanguage":"pt-BR","@id":"https:\/\/deputadotaveirajr.com.br\/index.php\/numero-de-afogamentos-nas-praias-do-rn-aumentam-quase-196-no-inicio-de-2025-diz-corpo-de-bombeiros\/#primaryimage","url":"https:\/\/deputadotaveirajr.com.br\/wp-content\/uploads\/2025\/01\/whatsapp-image-2025-01-16-at-12.28.13-LGWHnH.jpeg","contentUrl":"https:\/\/deputadotaveirajr.com.br\/wp-content\/uploads\/2025\/01\/whatsapp-image-2025-01-16-at-12.28.13-LGWHnH.jpeg","width":1600,"height":1066},{"@type":"BreadcrumbList","@id":"https:\/\/deputadotaveirajr.com.br\/index.php\/numero-de-afogamentos-nas-praias-do-rn-aumentam-quase-196-no-inicio-de-2025-diz-corpo-de-bombeiros\/#breadcrumb","itemListElement":[{"@type":"ListItem","position":1,"name":"In\u00edcio","item":"https:\/\/deputadotaveirajr.com.br\/"},{"@type":"ListItem","position":2,"name":"N\u00famero de afogamentos nas praias do RN aumentam quase 196% no in\u00edcio de 2025, diz Corpo de Bombeiros"}]},{"@type":"WebSite","@id":"https:\/\/deputadotaveirajr.com.br\/#website","url":"https:\/\/deputadotaveirajr.com.br\/","name":"Taveira Jr","description":"Deputado Estadual","publisher":{"@id":"https:\/\/deputadotaveirajr.com.br\/#organization"},"potentialAction":[{"@type":"SearchAction","target":{"@type":"EntryPoint","urlTemplate":"https:\/\/deputadotaveirajr.com.br\/?s={search_term_string}"},"query-input":{"@type":"PropertyValueSpecification","valueRequired":true,"valueName":"search_term_string"}}],"inLanguage":"pt-BR"},{"@type":"Organization","@id":"https:\/\/deputadotaveirajr.com.br\/#organization","name":"Taveira Jr","url":"https:\/\/deputadotaveirajr.com.br\/","logo":{"@type":"ImageObject","inLanguage":"pt-BR","@id":"https:\/\/deputadotaveirajr.com.br\/#\/schema\/logo\/image\/","url":"https:\/\/deputadotaveirajr.com.br\/wp-content\/uploads\/2026\/01\/logolow2a.png","contentUrl":"https:\/\/deputadotaveirajr.com.br\/wp-content\/uploads\/2026\/01\/logolow2a.png","width":290,"height":80,"caption":"Taveira Jr"},"image":{"@id":"https:\/\/deputadotaveirajr.com.br\/#\/schema\/logo\/image\/"}}]}},"_links":{"self":[{"href":"https:\/\/deputadotaveirajr.com.br\/index.php\/wp-json\/wp\/v2\/pages\/12020","targetHints":{"allow":["GET"]}}],"collection":[{"href":"https:\/\/deputadotaveirajr.com.br\/index.php\/wp-json\/wp\/v2\/pages"}],"about":[{"href":"https:\/\/deputadotaveirajr.com.br\/index.php\/wp-json\/wp\/v2\/types\/page"}],"replies":[{"embeddable":true,"href":"https:\/\/deputadotaveirajr.com.br\/index.php\/wp-json\/wp\/v2\/comments?post=12020"}],"version-history":[{"count":0,"href":"https:\/\/deputadotaveirajr.com.br\/index.php\/wp-json\/wp\/v2\/pages\/12020\/revisions"}],"wp:featuredmedia":[{"embeddable":true,"href":"https:\/\/deputadotaveirajr.com.br\/index.php\/wp-json\/wp\/v2\/media\/12021"}],"wp:attachment":[{"href":"https:\/\/deputadotaveirajr.com.br\/index.php\/wp-json\/wp\/v2\/media?parent=12020"}],"curies":[{"name":"wp","href":"https:\/\/api.w.org\/{rel}","templated":true}]}}