{"id":12036,"date":"2025-01-16T20:29:19","date_gmt":"2025-01-16T23:29:19","guid":{"rendered":"https:\/\/deputadotaveirajr.com.br\/index.php\/mp-recomenda-que-concurso-para-professores-no-rn-garanta-10-de-vagas-para-pessoas-com-deficiencia\/"},"modified":"2025-01-16T20:29:19","modified_gmt":"2025-01-16T23:29:19","slug":"mp-recomenda-que-concurso-para-professores-no-rn-garanta-10-de-vagas-para-pessoas-com-deficiencia","status":"publish","type":"page","link":"https:\/\/deputadotaveirajr.com.br\/index.php\/mp-recomenda-que-concurso-para-professores-no-rn-garanta-10-de-vagas-para-pessoas-com-deficiencia\/","title":{"rendered":"MP recomenda que concurso para professores no RN garanta 10% de vagas para pessoas com defici\u00eancia"},"content":{"rendered":"<p><img decoding=\"async\" src=\"https:\/\/s2-g1.glbimg.com\/RY-to8t3eM1fzeSm-BZcxd80JAo=\/i.s3.glbimg.com\/v1\/AUTH_59edd422c0c84a879bd37670ae4f538a\/internal_photos\/bs\/2022\/o\/c\/V4gGx4R6WybGctN1kFiQ\/inauguracao-da-escola-estadual-padre-bernardino-fernandes-foto-joao-vital-3-.jpeg\" \/><br \/>     Governo do RN informou que cumpriu princ\u00edpios constitucionais e que vai responder a demanda do MP no tempo estabelecido de cinco dias.  Sala de aula da Escola Estadual Padre Bernardino Fernandes, em Marcelino Vieira, no RN<br \/>\nJo\u00e3o Vital<br \/>\nO Minist\u00e9rio P\u00fablico do Rio Grande do Norte (MPRN) emitiu uma recomenda\u00e7\u00e3o \u00e0 Secretaria Estadual da Educa\u00e7\u00e3o, do Esporte e do Lazer do RN (Seec) para que a pasta estadual garanta a reserva legal de vagas para pessoas com defici\u00eancia (PCDs) no concurso p\u00fablico do pr\u00f3ximo domingo (19).<br \/>\nO processo seletivo \u00e9 para preenchimento do quadro do magist\u00e9rio. De acordo com o MP, leis complementares preveem reserva de pelo menos 10% das vagas para PCDs nos concursos, mas processo em quest\u00e3o oferece menos: 16 vagas para PCDs, de um total de 598 dispon\u00edveis.<br \/>\n\ud83d\udcf3Participe do canal do g1 RN no WhatsApp<br \/>\nEm nota, o governo do RN informou que &#8220;o concurso cumpriu todos os princ\u00edpios constitucionais, entre eles o da legalidade, moralidade, livre concorr\u00eancia e isonomia entre os candidatos&#8221;.   (Veja nota completa mais abaixo).<br \/>\nO governo informou que em rela\u00e7\u00e3o \u00e0 orienta\u00e7\u00e3o do MP \u00e9 para que seja realizada a primeira etapa do concurso, sendo &#8220;a suspens\u00e3o das etapas seguidas at\u00e9 serem dirimidas, entre outras quest\u00f5es, as relacionadas ao cumprimento da legisla\u00e7\u00e3o que trata da reserva de vagas a pessoas com defici\u00eancia&#8221;.<br \/>\nA primeira etapa do concurso, com prova escrita, ocorre no pr\u00f3ximo domingo (19). O MP informou que recomenda ao SEEC que suspenda as etapas seguintes &#8220;at\u00e9 esclarecimentos; garanta reserva legal de vagas; e esclare\u00e7a processo de inscri\u00e7\u00e3o e reserva de vagas&#8221;.<br \/>\nA secretaria tem cinco dias para enviar a documenta\u00e7\u00e3o comprobat\u00f3ria sobre o acatamento ou n\u00e3o do que foi recomendado ao MPRN. Caso contr\u00e1rio, o MPRN informou que adotar\u00e1 medidas legais necess\u00e1rias.<br \/>\nO governo informou que &#8220;todas as quest\u00f5es ser\u00e3o respondidas ao \u00f3rg\u00e3o ministerial, e o Governo do RN se manter\u00e1 a disposi\u00e7\u00e3o para equacionar os pontos que forem necess\u00e1rios para manter a integridade do processo seletivo&#8221;.<br \/>\nConfira a nota do governo do RN<br \/>\n&#8220;O Concurso P\u00fablico para professores e especialistas em Educa\u00e7\u00e3o da Secretaria de Estado da Educa\u00e7\u00e3o do Rio Grande do Norte est\u00e1 mantido. As provas permanecem programadas para o pr\u00f3ximo domingo, dia 19 de janeiro de 2025, em nove cidades, conforme cronograma estabelecido no edital. Ao todo, o certame homologou 34.979 inscri\u00e7\u00f5es.<br \/>\nA Comiss\u00e3o Especial do Concurso P\u00fablico, formada por representantes das Secretarias da Administra\u00e7\u00e3o (Sead) e da Educa\u00e7\u00e3o (SEEC), Controladoria Geral do Estado (Control) e Sindicato dos Trabalhadores em Educa\u00e7\u00e3o P\u00fablica do RN (Sinte\/RN), esclarece que o concurso cumpriu todos os princ\u00edpios constitucionais, entre eles o da legalidade, moralidade, livre concorr\u00eancia e isonomia entre os candidatos. Al\u00e9m disso, a constru\u00e7\u00e3o do certame feito junto \u00e0 FGV, que \u00e9 a banca organizadora, respeitou as legisla\u00e7\u00f5es vigentes.<br \/>\nQuanto a Recomenda\u00e7\u00e3o n\u2070 6867589 do Minist\u00e9rio P\u00fablico, a orienta\u00e7\u00e3o \u00e9 para que seja realizada a primeira etapa do concurso &#8211; prova escrita a ocorrer no pr\u00f3ximo domingo, 19 de janeiro, e a suspens\u00e3o das etapas seguidas at\u00e9 serem dirimidas, entre outras quest\u00f5es, as relacionadas ao cumprimento da legisla\u00e7\u00e3o que trata da reserva de vagas a pessoas com defici\u00eancia. Todas as quest\u00f5es ser\u00e3o respondidas ao \u00f3rg\u00e3o ministerial e o Governo do RN se manter\u00e1 a disposi\u00e7\u00e3o para equacionar os pontos que forem necess\u00e1rios para manter a integridade do processo seletivo.<br \/>\n\u00c9 bom lembrar que as inscri\u00e7\u00f5es para o concurso n\u00e3o foram feitas de forma generalista, indicando apenas quantitativo de vagas gerais, mas sim, por cargo\/Direc, conforme item 4.2 do edital, de forma segmentada. Ou seja, ao inv\u00e9s de serem realizados concursos espec\u00edficos para cada uma das Direcs, o certame unificou o processo, por\u00e9m com vagas distintas para uma das Direcs. Isto significa dizer que as cotas para as Direcs foram calculadas com base na quantidade vagas espec\u00edficas de cada uma. Tamb\u00e9m para que n\u00e3o houvesse concorr\u00eancias desiguais gerais, aonde um candidato pudesse tomar a vaga de outro em Direcs diferentes.&#8221;<br \/>\nV\u00eddeos mais assistidos do g1 RN<\/p>","protected":false},"excerpt":{"rendered":"<p>Governo do RN informou que cumpriu princ\u00edpios constitucionais e que vai responder a demanda do MP no tempo estabelecido de cinco dias. Sala de aula da Escola Estadual Padre Bernardino &#8230;<\/p>\n","protected":false},"author":0,"featured_media":12037,"parent":0,"menu_order":0,"comment_status":"closed","ping_status":"closed","template":"","meta":{"footnotes":""},"class_list":["post-12036","page","type-page","status-publish","has-post-thumbnail","hentry"],"yoast_head":"<!-- This site is optimized with the Yoast SEO plugin v27.1.1 - https:\/\/yoast.com\/product\/yoast-seo-wordpress\/ -->\n<title>MP recomenda que concurso para professores no RN garanta 10% de vagas para pessoas com defici\u00eancia - Taveira Jr<\/title>\n<meta name=\"robots\" content=\"index, follow, max-snippet:-1, max-image-preview:large, max-video-preview:-1\" \/>\n<link rel=\"canonical\" href=\"https:\/\/deputadotaveirajr.com.br\/index.php\/mp-recomenda-que-concurso-para-professores-no-rn-garanta-10-de-vagas-para-pessoas-com-deficiencia\/\" \/>\n<meta property=\"og:locale\" content=\"pt_BR\" \/>\n<meta property=\"og:type\" content=\"article\" \/>\n<meta property=\"og:title\" content=\"MP recomenda que concurso para professores no RN garanta 10% de vagas para pessoas com defici\u00eancia - Taveira Jr\" \/>\n<meta property=\"og:description\" content=\"Governo do RN informou que cumpriu princ\u00edpios constitucionais e que vai responder a demanda do MP no tempo estabelecido de cinco dias. Sala de aula da Escola Estadual Padre Bernardino ...\" \/>\n<meta property=\"og:url\" content=\"https:\/\/deputadotaveirajr.com.br\/index.php\/mp-recomenda-que-concurso-para-professores-no-rn-garanta-10-de-vagas-para-pessoas-com-deficiencia\/\" \/>\n<meta property=\"og:site_name\" content=\"Taveira Jr\" \/>\n<meta property=\"og:image\" content=\"https:\/\/s2-g1.glbimg.com\/RY-to8t3eM1fzeSm-BZcxd80JAo=\/i.s3.glbimg.com\/v1\/AUTH_59edd422c0c84a879bd37670ae4f538a\/internal_photos\/bs\/2022\/o\/c\/V4gGx4R6WybGctN1kFiQ\/inauguracao-da-escola-estadual-padre-bernardino-fernandes-foto-joao-vital-3-.jpeg\" \/>\n<meta name=\"twitter:card\" content=\"summary_large_image\" \/>\n<meta name=\"twitter:label1\" content=\"Est. tempo de leitura\" \/>\n\t<meta name=\"twitter:data1\" content=\"4 minutos\" \/>\n<script type=\"application\/ld+json\" class=\"yoast-schema-graph\">{\"@context\":\"https:\/\/schema.org\",\"@graph\":[{\"@type\":\"WebPage\",\"@id\":\"https:\/\/deputadotaveirajr.com.br\/index.php\/mp-recomenda-que-concurso-para-professores-no-rn-garanta-10-de-vagas-para-pessoas-com-deficiencia\/\",\"url\":\"https:\/\/deputadotaveirajr.com.br\/index.php\/mp-recomenda-que-concurso-para-professores-no-rn-garanta-10-de-vagas-para-pessoas-com-deficiencia\/\",\"name\":\"MP recomenda que concurso para professores no RN garanta 10% de vagas para pessoas com defici\u00eancia - Taveira Jr\",\"isPartOf\":{\"@id\":\"https:\/\/deputadotaveirajr.com.br\/#website\"},\"primaryImageOfPage\":{\"@id\":\"https:\/\/deputadotaveirajr.com.br\/index.php\/mp-recomenda-que-concurso-para-professores-no-rn-garanta-10-de-vagas-para-pessoas-com-deficiencia\/#primaryimage\"},\"image\":{\"@id\":\"https:\/\/deputadotaveirajr.com.br\/index.php\/mp-recomenda-que-concurso-para-professores-no-rn-garanta-10-de-vagas-para-pessoas-com-deficiencia\/#primaryimage\"},\"thumbnailUrl\":\"https:\/\/deputadotaveirajr.com.br\/wp-content\/uploads\/2025\/01\/inauguracao-da-escola-estadual-padre-bernardino-fernandes-foto-joao-vital-3-kJWShG.jpeg\",\"datePublished\":\"2025-01-16T23:29:19+00:00\",\"breadcrumb\":{\"@id\":\"https:\/\/deputadotaveirajr.com.br\/index.php\/mp-recomenda-que-concurso-para-professores-no-rn-garanta-10-de-vagas-para-pessoas-com-deficiencia\/#breadcrumb\"},\"inLanguage\":\"pt-BR\",\"potentialAction\":[{\"@type\":\"ReadAction\",\"target\":[\"https:\/\/deputadotaveirajr.com.br\/index.php\/mp-recomenda-que-concurso-para-professores-no-rn-garanta-10-de-vagas-para-pessoas-com-deficiencia\/\"]}]},{\"@type\":\"ImageObject\",\"inLanguage\":\"pt-BR\",\"@id\":\"https:\/\/deputadotaveirajr.com.br\/index.php\/mp-recomenda-que-concurso-para-professores-no-rn-garanta-10-de-vagas-para-pessoas-com-deficiencia\/#primaryimage\",\"url\":\"https:\/\/deputadotaveirajr.com.br\/wp-content\/uploads\/2025\/01\/inauguracao-da-escola-estadual-padre-bernardino-fernandes-foto-joao-vital-3-kJWShG.jpeg\",\"contentUrl\":\"https:\/\/deputadotaveirajr.com.br\/wp-content\/uploads\/2025\/01\/inauguracao-da-escola-estadual-padre-bernardino-fernandes-foto-joao-vital-3-kJWShG.jpeg\",\"width\":1280,\"height\":761},{\"@type\":\"BreadcrumbList\",\"@id\":\"https:\/\/deputadotaveirajr.com.br\/index.php\/mp-recomenda-que-concurso-para-professores-no-rn-garanta-10-de-vagas-para-pessoas-com-deficiencia\/#breadcrumb\",\"itemListElement\":[{\"@type\":\"ListItem\",\"position\":1,\"name\":\"In\u00edcio\",\"item\":\"https:\/\/deputadotaveirajr.com.br\/\"},{\"@type\":\"ListItem\",\"position\":2,\"name\":\"MP recomenda que concurso para professores no RN garanta 10% de vagas para pessoas com defici\u00eancia\"}]},{\"@type\":\"WebSite\",\"@id\":\"https:\/\/deputadotaveirajr.com.br\/#website\",\"url\":\"https:\/\/deputadotaveirajr.com.br\/\",\"name\":\"Taveira Jr\",\"description\":\"Deputado Estadual\",\"publisher\":{\"@id\":\"https:\/\/deputadotaveirajr.com.br\/#organization\"},\"potentialAction\":[{\"@type\":\"SearchAction\",\"target\":{\"@type\":\"EntryPoint\",\"urlTemplate\":\"https:\/\/deputadotaveirajr.com.br\/?s={search_term_string}\"},\"query-input\":{\"@type\":\"PropertyValueSpecification\",\"valueRequired\":true,\"valueName\":\"search_term_string\"}}],\"inLanguage\":\"pt-BR\"},{\"@type\":\"Organization\",\"@id\":\"https:\/\/deputadotaveirajr.com.br\/#organization\",\"name\":\"Taveira Jr\",\"url\":\"https:\/\/deputadotaveirajr.com.br\/\",\"logo\":{\"@type\":\"ImageObject\",\"inLanguage\":\"pt-BR\",\"@id\":\"https:\/\/deputadotaveirajr.com.br\/#\/schema\/logo\/image\/\",\"url\":\"https:\/\/deputadotaveirajr.com.br\/wp-content\/uploads\/2026\/01\/logolow2a.png\",\"contentUrl\":\"https:\/\/deputadotaveirajr.com.br\/wp-content\/uploads\/2026\/01\/logolow2a.png\",\"width\":290,\"height\":80,\"caption\":\"Taveira Jr\"},\"image\":{\"@id\":\"https:\/\/deputadotaveirajr.com.br\/#\/schema\/logo\/image\/\"}}]}<\/script>\n<!-- \/ Yoast SEO plugin. -->","yoast_head_json":{"title":"MP recomenda que concurso para professores no RN garanta 10% de vagas para pessoas com defici\u00eancia - Taveira Jr","robots":{"index":"index","follow":"follow","max-snippet":"max-snippet:-1","max-image-preview":"max-image-preview:large","max-video-preview":"max-video-preview:-1"},"canonical":"https:\/\/deputadotaveirajr.com.br\/index.php\/mp-recomenda-que-concurso-para-professores-no-rn-garanta-10-de-vagas-para-pessoas-com-deficiencia\/","og_locale":"pt_BR","og_type":"article","og_title":"MP recomenda que concurso para professores no RN garanta 10% de vagas para pessoas com defici\u00eancia - Taveira Jr","og_description":"Governo do RN informou que cumpriu princ\u00edpios constitucionais e que vai responder a demanda do MP no tempo estabelecido de cinco dias. Sala de aula da Escola Estadual Padre Bernardino ...","og_url":"https:\/\/deputadotaveirajr.com.br\/index.php\/mp-recomenda-que-concurso-para-professores-no-rn-garanta-10-de-vagas-para-pessoas-com-deficiencia\/","og_site_name":"Taveira Jr","og_image":[{"url":"https:\/\/s2-g1.glbimg.com\/RY-to8t3eM1fzeSm-BZcxd80JAo=\/i.s3.glbimg.com\/v1\/AUTH_59edd422c0c84a879bd37670ae4f538a\/internal_photos\/bs\/2022\/o\/c\/V4gGx4R6WybGctN1kFiQ\/inauguracao-da-escola-estadual-padre-bernardino-fernandes-foto-joao-vital-3-.jpeg","type":"","width":"","height":""}],"twitter_card":"summary_large_image","twitter_misc":{"Est. tempo de leitura":"4 minutos"},"schema":{"@context":"https:\/\/schema.org","@graph":[{"@type":"WebPage","@id":"https:\/\/deputadotaveirajr.com.br\/index.php\/mp-recomenda-que-concurso-para-professores-no-rn-garanta-10-de-vagas-para-pessoas-com-deficiencia\/","url":"https:\/\/deputadotaveirajr.com.br\/index.php\/mp-recomenda-que-concurso-para-professores-no-rn-garanta-10-de-vagas-para-pessoas-com-deficiencia\/","name":"MP recomenda que concurso para professores no RN garanta 10% de vagas para pessoas com defici\u00eancia - Taveira Jr","isPartOf":{"@id":"https:\/\/deputadotaveirajr.com.br\/#website"},"primaryImageOfPage":{"@id":"https:\/\/deputadotaveirajr.com.br\/index.php\/mp-recomenda-que-concurso-para-professores-no-rn-garanta-10-de-vagas-para-pessoas-com-deficiencia\/#primaryimage"},"image":{"@id":"https:\/\/deputadotaveirajr.com.br\/index.php\/mp-recomenda-que-concurso-para-professores-no-rn-garanta-10-de-vagas-para-pessoas-com-deficiencia\/#primaryimage"},"thumbnailUrl":"https:\/\/deputadotaveirajr.com.br\/wp-content\/uploads\/2025\/01\/inauguracao-da-escola-estadual-padre-bernardino-fernandes-foto-joao-vital-3-kJWShG.jpeg","datePublished":"2025-01-16T23:29:19+00:00","breadcrumb":{"@id":"https:\/\/deputadotaveirajr.com.br\/index.php\/mp-recomenda-que-concurso-para-professores-no-rn-garanta-10-de-vagas-para-pessoas-com-deficiencia\/#breadcrumb"},"inLanguage":"pt-BR","potentialAction":[{"@type":"ReadAction","target":["https:\/\/deputadotaveirajr.com.br\/index.php\/mp-recomenda-que-concurso-para-professores-no-rn-garanta-10-de-vagas-para-pessoas-com-deficiencia\/"]}]},{"@type":"ImageObject","inLanguage":"pt-BR","@id":"https:\/\/deputadotaveirajr.com.br\/index.php\/mp-recomenda-que-concurso-para-professores-no-rn-garanta-10-de-vagas-para-pessoas-com-deficiencia\/#primaryimage","url":"https:\/\/deputadotaveirajr.com.br\/wp-content\/uploads\/2025\/01\/inauguracao-da-escola-estadual-padre-bernardino-fernandes-foto-joao-vital-3-kJWShG.jpeg","contentUrl":"https:\/\/deputadotaveirajr.com.br\/wp-content\/uploads\/2025\/01\/inauguracao-da-escola-estadual-padre-bernardino-fernandes-foto-joao-vital-3-kJWShG.jpeg","width":1280,"height":761},{"@type":"BreadcrumbList","@id":"https:\/\/deputadotaveirajr.com.br\/index.php\/mp-recomenda-que-concurso-para-professores-no-rn-garanta-10-de-vagas-para-pessoas-com-deficiencia\/#breadcrumb","itemListElement":[{"@type":"ListItem","position":1,"name":"In\u00edcio","item":"https:\/\/deputadotaveirajr.com.br\/"},{"@type":"ListItem","position":2,"name":"MP recomenda que concurso para professores no RN garanta 10% de vagas para pessoas com defici\u00eancia"}]},{"@type":"WebSite","@id":"https:\/\/deputadotaveirajr.com.br\/#website","url":"https:\/\/deputadotaveirajr.com.br\/","name":"Taveira Jr","description":"Deputado Estadual","publisher":{"@id":"https:\/\/deputadotaveirajr.com.br\/#organization"},"potentialAction":[{"@type":"SearchAction","target":{"@type":"EntryPoint","urlTemplate":"https:\/\/deputadotaveirajr.com.br\/?s={search_term_string}"},"query-input":{"@type":"PropertyValueSpecification","valueRequired":true,"valueName":"search_term_string"}}],"inLanguage":"pt-BR"},{"@type":"Organization","@id":"https:\/\/deputadotaveirajr.com.br\/#organization","name":"Taveira Jr","url":"https:\/\/deputadotaveirajr.com.br\/","logo":{"@type":"ImageObject","inLanguage":"pt-BR","@id":"https:\/\/deputadotaveirajr.com.br\/#\/schema\/logo\/image\/","url":"https:\/\/deputadotaveirajr.com.br\/wp-content\/uploads\/2026\/01\/logolow2a.png","contentUrl":"https:\/\/deputadotaveirajr.com.br\/wp-content\/uploads\/2026\/01\/logolow2a.png","width":290,"height":80,"caption":"Taveira Jr"},"image":{"@id":"https:\/\/deputadotaveirajr.com.br\/#\/schema\/logo\/image\/"}}]}},"_links":{"self":[{"href":"https:\/\/deputadotaveirajr.com.br\/index.php\/wp-json\/wp\/v2\/pages\/12036","targetHints":{"allow":["GET"]}}],"collection":[{"href":"https:\/\/deputadotaveirajr.com.br\/index.php\/wp-json\/wp\/v2\/pages"}],"about":[{"href":"https:\/\/deputadotaveirajr.com.br\/index.php\/wp-json\/wp\/v2\/types\/page"}],"replies":[{"embeddable":true,"href":"https:\/\/deputadotaveirajr.com.br\/index.php\/wp-json\/wp\/v2\/comments?post=12036"}],"version-history":[{"count":0,"href":"https:\/\/deputadotaveirajr.com.br\/index.php\/wp-json\/wp\/v2\/pages\/12036\/revisions"}],"wp:featuredmedia":[{"embeddable":true,"href":"https:\/\/deputadotaveirajr.com.br\/index.php\/wp-json\/wp\/v2\/media\/12037"}],"wp:attachment":[{"href":"https:\/\/deputadotaveirajr.com.br\/index.php\/wp-json\/wp\/v2\/media?parent=12036"}],"curies":[{"name":"wp","href":"https:\/\/api.w.org\/{rel}","templated":true}]}}