{"id":12038,"date":"2025-01-16T19:30:27","date_gmt":"2025-01-16T22:30:27","guid":{"rendered":"https:\/\/deputadotaveirajr.com.br\/index.php\/video-homem-saca-arma-durante-tentativa-de-assalto-em-avenida-na-grande-natal\/"},"modified":"2025-01-16T19:30:27","modified_gmt":"2025-01-16T22:30:27","slug":"video-homem-saca-arma-durante-tentativa-de-assalto-em-avenida-na-grande-natal","status":"publish","type":"page","link":"https:\/\/deputadotaveirajr.com.br\/index.php\/video-homem-saca-arma-durante-tentativa-de-assalto-em-avenida-na-grande-natal\/","title":{"rendered":"V\u00cdDEO: Homem saca arma durante tentativa de assalto em avenida na Grande Natal"},"content":{"rendered":"<p><img decoding=\"async\" src=\"https:\/\/s2-g1.glbimg.com\/lSXcxRO4EG0QoQiaKgezg7OVgQc=\/i.s3.glbimg.com\/v1\/AUTH_59edd422c0c84a879bd37670ae4f538a\/internal_photos\/bs\/2025\/Z\/3\/8ZM0CoTmWyHoOxGRKAvg\/456789.jpg\" \/><br \/>     Caso aconteceu no centro de Parnamirim, no fim da manh\u00e3 desta quinta-feira (16). Testemunhas contaram que homem evitou assalto de dupla armada com facas contra pai e filha que estavam em carro. Homem saca arma durante tentativa de assalto em Parnamirim<br \/>\nUm homem sacou uma arma durante uma tentativa de assalto no fim da manh\u00e3 desta quinta-feira (16) em uma avenida no centro de Parnamirim, na Regi\u00e3o Metropolitana de Natal (veja v\u00eddeo).<br \/>\nV\u00eddeos registrados por pessoas que passavem pelo trecho e por c\u00e2meras de seguran\u00e7a mostraram que um ve\u00edculo parou no meio da Avenida Brigadeiro Everaldo Breves e, depois de alguns segundos, um homem e uma mulher desceram do carro assustados.<br \/>\n\ud83d\udcf3Participe do canal do g1 RN no WhatsApp<br \/>\nTestemunhas relataram que o homem e a mulher eram pai e filha, e que eles teriam oferecido carona a duas pessoas, que anunciaram o assalto no meio do caminho. Os assaltantes estariam armados com facas.<br \/>\nNeste momento, um homem que estava nas proximidades e que percebeu a a\u00e7\u00e3o dos criminosos sacou uma arma e apontou para os criminosos. Ele seria um policial militar \u00e0 paisana, segundo testemunhas &#8211; o fato, no entanto, n\u00e3o foi confirmado pela Pol\u00edcia Militar.<br \/>\nO homem armado falou com os criminosos e, em seguida, os suspeitos sa\u00edram do ve\u00edculo e fugiram. A fuga de um deles foi registrada por um outro motorista que passava no trecho.<br \/>\nA Pol\u00edcia Militar foi acionada e chegou ao local minutos ap\u00f3s o incidente, mas n\u00e3o encontrou os suspeitos.<br \/>\nHomem sacou arma e evitou assalto<br \/>\nReprodu\u00e7\u00e3o<br \/>\nV\u00eddeos mais assistidos do g1 RN<\/p>","protected":false},"excerpt":{"rendered":"<p>Caso aconteceu no centro de Parnamirim, no fim da manh\u00e3 desta quinta-feira (16). Testemunhas contaram que homem evitou assalto de dupla armada com facas contra pai e filha que estavam &#8230;<\/p>\n","protected":false},"author":0,"featured_media":12039,"parent":0,"menu_order":0,"comment_status":"closed","ping_status":"closed","template":"","meta":{"footnotes":""},"class_list":["post-12038","page","type-page","status-publish","has-post-thumbnail","hentry"],"yoast_head":"<!-- This site is optimized with the Yoast SEO plugin v27.1.1 - https:\/\/yoast.com\/product\/yoast-seo-wordpress\/ -->\n<title>V\u00cdDEO: Homem saca arma durante tentativa de assalto em avenida na Grande Natal - Taveira Jr<\/title>\n<meta name=\"robots\" content=\"index, follow, max-snippet:-1, max-image-preview:large, max-video-preview:-1\" \/>\n<link rel=\"canonical\" href=\"https:\/\/deputadotaveirajr.com.br\/index.php\/video-homem-saca-arma-durante-tentativa-de-assalto-em-avenida-na-grande-natal\/\" \/>\n<meta property=\"og:locale\" content=\"pt_BR\" \/>\n<meta property=\"og:type\" content=\"article\" \/>\n<meta property=\"og:title\" content=\"V\u00cdDEO: Homem saca arma durante tentativa de assalto em avenida na Grande Natal - Taveira Jr\" \/>\n<meta property=\"og:description\" content=\"Caso aconteceu no centro de Parnamirim, no fim da manh\u00e3 desta quinta-feira (16). Testemunhas contaram que homem evitou assalto de dupla armada com facas contra pai e filha que estavam ...\" \/>\n<meta property=\"og:url\" content=\"https:\/\/deputadotaveirajr.com.br\/index.php\/video-homem-saca-arma-durante-tentativa-de-assalto-em-avenida-na-grande-natal\/\" \/>\n<meta property=\"og:site_name\" content=\"Taveira Jr\" \/>\n<meta property=\"og:image\" content=\"https:\/\/s2-g1.glbimg.com\/lSXcxRO4EG0QoQiaKgezg7OVgQc=\/i.s3.glbimg.com\/v1\/AUTH_59edd422c0c84a879bd37670ae4f538a\/internal_photos\/bs\/2025\/Z\/3\/8ZM0CoTmWyHoOxGRKAvg\/456789.jpg\" \/>\n<meta name=\"twitter:card\" content=\"summary_large_image\" \/>\n<meta name=\"twitter:label1\" content=\"Est. tempo de leitura\" \/>\n\t<meta name=\"twitter:data1\" content=\"1 minuto\" \/>\n<script type=\"application\/ld+json\" class=\"yoast-schema-graph\">{\"@context\":\"https:\/\/schema.org\",\"@graph\":[{\"@type\":\"WebPage\",\"@id\":\"https:\/\/deputadotaveirajr.com.br\/index.php\/video-homem-saca-arma-durante-tentativa-de-assalto-em-avenida-na-grande-natal\/\",\"url\":\"https:\/\/deputadotaveirajr.com.br\/index.php\/video-homem-saca-arma-durante-tentativa-de-assalto-em-avenida-na-grande-natal\/\",\"name\":\"V\u00cdDEO: Homem saca arma durante tentativa de assalto em avenida na Grande Natal - Taveira Jr\",\"isPartOf\":{\"@id\":\"https:\/\/deputadotaveirajr.com.br\/#website\"},\"primaryImageOfPage\":{\"@id\":\"https:\/\/deputadotaveirajr.com.br\/index.php\/video-homem-saca-arma-durante-tentativa-de-assalto-em-avenida-na-grande-natal\/#primaryimage\"},\"image\":{\"@id\":\"https:\/\/deputadotaveirajr.com.br\/index.php\/video-homem-saca-arma-durante-tentativa-de-assalto-em-avenida-na-grande-natal\/#primaryimage\"},\"thumbnailUrl\":\"https:\/\/deputadotaveirajr.com.br\/wp-content\/uploads\/2025\/01\/456789-RLzK6i.jpeg\",\"datePublished\":\"2025-01-16T22:30:27+00:00\",\"breadcrumb\":{\"@id\":\"https:\/\/deputadotaveirajr.com.br\/index.php\/video-homem-saca-arma-durante-tentativa-de-assalto-em-avenida-na-grande-natal\/#breadcrumb\"},\"inLanguage\":\"pt-BR\",\"potentialAction\":[{\"@type\":\"ReadAction\",\"target\":[\"https:\/\/deputadotaveirajr.com.br\/index.php\/video-homem-saca-arma-durante-tentativa-de-assalto-em-avenida-na-grande-natal\/\"]}]},{\"@type\":\"ImageObject\",\"inLanguage\":\"pt-BR\",\"@id\":\"https:\/\/deputadotaveirajr.com.br\/index.php\/video-homem-saca-arma-durante-tentativa-de-assalto-em-avenida-na-grande-natal\/#primaryimage\",\"url\":\"https:\/\/deputadotaveirajr.com.br\/wp-content\/uploads\/2025\/01\/456789-RLzK6i.jpeg\",\"contentUrl\":\"https:\/\/deputadotaveirajr.com.br\/wp-content\/uploads\/2025\/01\/456789-RLzK6i.jpeg\",\"width\":600,\"height\":675},{\"@type\":\"BreadcrumbList\",\"@id\":\"https:\/\/deputadotaveirajr.com.br\/index.php\/video-homem-saca-arma-durante-tentativa-de-assalto-em-avenida-na-grande-natal\/#breadcrumb\",\"itemListElement\":[{\"@type\":\"ListItem\",\"position\":1,\"name\":\"In\u00edcio\",\"item\":\"https:\/\/deputadotaveirajr.com.br\/\"},{\"@type\":\"ListItem\",\"position\":2,\"name\":\"V\u00cdDEO: Homem saca arma durante tentativa de assalto em avenida na Grande Natal\"}]},{\"@type\":\"WebSite\",\"@id\":\"https:\/\/deputadotaveirajr.com.br\/#website\",\"url\":\"https:\/\/deputadotaveirajr.com.br\/\",\"name\":\"Taveira Jr\",\"description\":\"Deputado Estadual\",\"publisher\":{\"@id\":\"https:\/\/deputadotaveirajr.com.br\/#organization\"},\"potentialAction\":[{\"@type\":\"SearchAction\",\"target\":{\"@type\":\"EntryPoint\",\"urlTemplate\":\"https:\/\/deputadotaveirajr.com.br\/?s={search_term_string}\"},\"query-input\":{\"@type\":\"PropertyValueSpecification\",\"valueRequired\":true,\"valueName\":\"search_term_string\"}}],\"inLanguage\":\"pt-BR\"},{\"@type\":\"Organization\",\"@id\":\"https:\/\/deputadotaveirajr.com.br\/#organization\",\"name\":\"Taveira Jr\",\"url\":\"https:\/\/deputadotaveirajr.com.br\/\",\"logo\":{\"@type\":\"ImageObject\",\"inLanguage\":\"pt-BR\",\"@id\":\"https:\/\/deputadotaveirajr.com.br\/#\/schema\/logo\/image\/\",\"url\":\"https:\/\/deputadotaveirajr.com.br\/wp-content\/uploads\/2026\/01\/logolow2a.png\",\"contentUrl\":\"https:\/\/deputadotaveirajr.com.br\/wp-content\/uploads\/2026\/01\/logolow2a.png\",\"width\":290,\"height\":80,\"caption\":\"Taveira Jr\"},\"image\":{\"@id\":\"https:\/\/deputadotaveirajr.com.br\/#\/schema\/logo\/image\/\"}}]}<\/script>\n<!-- \/ Yoast SEO plugin. -->","yoast_head_json":{"title":"V\u00cdDEO: Homem saca arma durante tentativa de assalto em avenida na Grande Natal - Taveira Jr","robots":{"index":"index","follow":"follow","max-snippet":"max-snippet:-1","max-image-preview":"max-image-preview:large","max-video-preview":"max-video-preview:-1"},"canonical":"https:\/\/deputadotaveirajr.com.br\/index.php\/video-homem-saca-arma-durante-tentativa-de-assalto-em-avenida-na-grande-natal\/","og_locale":"pt_BR","og_type":"article","og_title":"V\u00cdDEO: Homem saca arma durante tentativa de assalto em avenida na Grande Natal - Taveira Jr","og_description":"Caso aconteceu no centro de Parnamirim, no fim da manh\u00e3 desta quinta-feira (16). Testemunhas contaram que homem evitou assalto de dupla armada com facas contra pai e filha que estavam ...","og_url":"https:\/\/deputadotaveirajr.com.br\/index.php\/video-homem-saca-arma-durante-tentativa-de-assalto-em-avenida-na-grande-natal\/","og_site_name":"Taveira Jr","og_image":[{"url":"https:\/\/s2-g1.glbimg.com\/lSXcxRO4EG0QoQiaKgezg7OVgQc=\/i.s3.glbimg.com\/v1\/AUTH_59edd422c0c84a879bd37670ae4f538a\/internal_photos\/bs\/2025\/Z\/3\/8ZM0CoTmWyHoOxGRKAvg\/456789.jpg","type":"","width":"","height":""}],"twitter_card":"summary_large_image","twitter_misc":{"Est. tempo de leitura":"1 minuto"},"schema":{"@context":"https:\/\/schema.org","@graph":[{"@type":"WebPage","@id":"https:\/\/deputadotaveirajr.com.br\/index.php\/video-homem-saca-arma-durante-tentativa-de-assalto-em-avenida-na-grande-natal\/","url":"https:\/\/deputadotaveirajr.com.br\/index.php\/video-homem-saca-arma-durante-tentativa-de-assalto-em-avenida-na-grande-natal\/","name":"V\u00cdDEO: Homem saca arma durante tentativa de assalto em avenida na Grande Natal - Taveira Jr","isPartOf":{"@id":"https:\/\/deputadotaveirajr.com.br\/#website"},"primaryImageOfPage":{"@id":"https:\/\/deputadotaveirajr.com.br\/index.php\/video-homem-saca-arma-durante-tentativa-de-assalto-em-avenida-na-grande-natal\/#primaryimage"},"image":{"@id":"https:\/\/deputadotaveirajr.com.br\/index.php\/video-homem-saca-arma-durante-tentativa-de-assalto-em-avenida-na-grande-natal\/#primaryimage"},"thumbnailUrl":"https:\/\/deputadotaveirajr.com.br\/wp-content\/uploads\/2025\/01\/456789-RLzK6i.jpeg","datePublished":"2025-01-16T22:30:27+00:00","breadcrumb":{"@id":"https:\/\/deputadotaveirajr.com.br\/index.php\/video-homem-saca-arma-durante-tentativa-de-assalto-em-avenida-na-grande-natal\/#breadcrumb"},"inLanguage":"pt-BR","potentialAction":[{"@type":"ReadAction","target":["https:\/\/deputadotaveirajr.com.br\/index.php\/video-homem-saca-arma-durante-tentativa-de-assalto-em-avenida-na-grande-natal\/"]}]},{"@type":"ImageObject","inLanguage":"pt-BR","@id":"https:\/\/deputadotaveirajr.com.br\/index.php\/video-homem-saca-arma-durante-tentativa-de-assalto-em-avenida-na-grande-natal\/#primaryimage","url":"https:\/\/deputadotaveirajr.com.br\/wp-content\/uploads\/2025\/01\/456789-RLzK6i.jpeg","contentUrl":"https:\/\/deputadotaveirajr.com.br\/wp-content\/uploads\/2025\/01\/456789-RLzK6i.jpeg","width":600,"height":675},{"@type":"BreadcrumbList","@id":"https:\/\/deputadotaveirajr.com.br\/index.php\/video-homem-saca-arma-durante-tentativa-de-assalto-em-avenida-na-grande-natal\/#breadcrumb","itemListElement":[{"@type":"ListItem","position":1,"name":"In\u00edcio","item":"https:\/\/deputadotaveirajr.com.br\/"},{"@type":"ListItem","position":2,"name":"V\u00cdDEO: Homem saca arma durante tentativa de assalto em avenida na Grande Natal"}]},{"@type":"WebSite","@id":"https:\/\/deputadotaveirajr.com.br\/#website","url":"https:\/\/deputadotaveirajr.com.br\/","name":"Taveira Jr","description":"Deputado Estadual","publisher":{"@id":"https:\/\/deputadotaveirajr.com.br\/#organization"},"potentialAction":[{"@type":"SearchAction","target":{"@type":"EntryPoint","urlTemplate":"https:\/\/deputadotaveirajr.com.br\/?s={search_term_string}"},"query-input":{"@type":"PropertyValueSpecification","valueRequired":true,"valueName":"search_term_string"}}],"inLanguage":"pt-BR"},{"@type":"Organization","@id":"https:\/\/deputadotaveirajr.com.br\/#organization","name":"Taveira Jr","url":"https:\/\/deputadotaveirajr.com.br\/","logo":{"@type":"ImageObject","inLanguage":"pt-BR","@id":"https:\/\/deputadotaveirajr.com.br\/#\/schema\/logo\/image\/","url":"https:\/\/deputadotaveirajr.com.br\/wp-content\/uploads\/2026\/01\/logolow2a.png","contentUrl":"https:\/\/deputadotaveirajr.com.br\/wp-content\/uploads\/2026\/01\/logolow2a.png","width":290,"height":80,"caption":"Taveira Jr"},"image":{"@id":"https:\/\/deputadotaveirajr.com.br\/#\/schema\/logo\/image\/"}}]}},"_links":{"self":[{"href":"https:\/\/deputadotaveirajr.com.br\/index.php\/wp-json\/wp\/v2\/pages\/12038","targetHints":{"allow":["GET"]}}],"collection":[{"href":"https:\/\/deputadotaveirajr.com.br\/index.php\/wp-json\/wp\/v2\/pages"}],"about":[{"href":"https:\/\/deputadotaveirajr.com.br\/index.php\/wp-json\/wp\/v2\/types\/page"}],"replies":[{"embeddable":true,"href":"https:\/\/deputadotaveirajr.com.br\/index.php\/wp-json\/wp\/v2\/comments?post=12038"}],"version-history":[{"count":0,"href":"https:\/\/deputadotaveirajr.com.br\/index.php\/wp-json\/wp\/v2\/pages\/12038\/revisions"}],"wp:featuredmedia":[{"embeddable":true,"href":"https:\/\/deputadotaveirajr.com.br\/index.php\/wp-json\/wp\/v2\/media\/12039"}],"wp:attachment":[{"href":"https:\/\/deputadotaveirajr.com.br\/index.php\/wp-json\/wp\/v2\/media?parent=12038"}],"curies":[{"name":"wp","href":"https:\/\/api.w.org\/{rel}","templated":true}]}}