{"id":12042,"date":"2025-01-19T13:02:35","date_gmt":"2025-01-19T16:02:35","guid":{"rendered":"https:\/\/deputadotaveirajr.com.br\/index.php\/venda-incorreta-de-pao-frances-foi-irregularidade-mais-encontrada-em-fiscalizacoes-em-2024-diz-instituto-de-pesos-e-medidas-do-rn\/"},"modified":"2025-01-19T13:02:35","modified_gmt":"2025-01-19T16:02:35","slug":"venda-incorreta-de-pao-frances-foi-irregularidade-mais-encontrada-em-fiscalizacoes-em-2024-diz-instituto-de-pesos-e-medidas-do-rn","status":"publish","type":"page","link":"https:\/\/deputadotaveirajr.com.br\/index.php\/venda-incorreta-de-pao-frances-foi-irregularidade-mais-encontrada-em-fiscalizacoes-em-2024-diz-instituto-de-pesos-e-medidas-do-rn\/","title":{"rendered":"Venda incorreta de p\u00e3o franc\u00eas foi irregularidade mais encontrada em fiscaliza\u00e7\u00f5es em 2024, diz Instituto de Pesos e Medidas do RN"},"content":{"rendered":"<p><img decoding=\"async\" src=\"https:\/\/s2-g1.glbimg.com\/O8CKjIiY0HY2nT7_IrwqAbHgaEI=\/i.s3.glbimg.com\/v1\/AUTH_59edd422c0c84a879bd37670ae4f538a\/internal_photos\/bs\/2024\/t\/j\/83wnzwRD6wFoL61jzyXQ\/pao-frances-1-.png\" \/><br \/>     Entre irregularidades est\u00e3o a n\u00e3o venda do p\u00e3o frances por quilo &#8211; como \u00e9 obrigat\u00f3rio &#8211; e a aus\u00eancia do cartaz indicando valores, segundo Ipem. IPEM constata venda incorreta de p\u00e3o franc\u00eas, que deve ser feita por peso<br \/>\nA venda incorreta de p\u00e3o franc\u00eas foi a irregularidade mais encontrada durante as fiscaliza\u00e7\u00f5es do  Instituto de Pesos e Medidas do Rio Grande do Norte (Ipem-RN) durante o ano de 2024. Os dados foram apontados em um levantamento divulgado na sexta-feira (17).<br \/>\nDas 613 inspe\u00e7\u00f5es feitas em estabelecimentos que vendem p\u00e3o franc\u00eas no estado, em 13% delas houve alguma irregularidade apresentada.<br \/>\n\ud83d\udcf3Participe do canal do g1 RN no WhatsApp<br \/>\n\ud83e\udd56 O Ipem refor\u00e7ou que a venda de p\u00e3o franc\u00eas deve ser feita, obrigatoriamente, por quilo, conforme estabelece o Inmetro. O estabelecimento comercial tamb\u00e9m deve afixar de forma vis\u00edvel um cartaz ou uma placa com o pre\u00e7o por quilo. As lojas que descumprem a norma s\u00e3o autuadas e podem sofrer multas.<br \/>\nNo caso dos instrumentos irregulares &#8211; como as balan\u00e7as -, eles s\u00e3o retirados de uso at\u00e9 que o estabelecimento realize o reparo.<br \/>\n&#8220;Qual seria a irregularidade [principal]? Falta do cartaz do p\u00e3o franc\u00eas, informando que \u00e9 vendido a peso, a venda incorreta, sem ser vendido a peso. Ent\u00e3o, essas foram as irregularidades encontradas no p\u00e3o franc\u00eas&#8221;, disse a coordenadora operacional  do Ipem-RN, Ros\u00e2ngela Ramalho.<br \/>\nDados<br \/>\nO Ipem realizou 32.448 verifica\u00e7\u00f5es em 2024 em instrumentos como bombas de combust\u00edveis, sistema de medi\u00e7\u00e3o de GNV, balan\u00e7as, esfigmoman\u00f4metros (medidores de press\u00e3o arterial), medidores de velocidade (radares) e cronotac\u00f3grafos.<br \/>\nTamb\u00e9m foram realizadas avalia\u00e7\u00f5es e exames em produtos pr\u00e9-medidos e fiscalizados, produtos com certifica\u00e7\u00e3o compuls\u00f3ria pelo Inmetro como: brinquedos, extintores de inc\u00eandio, fios e cabos el\u00e9tricos, materiais escolares, eletrodom\u00e9sticos, produtos t\u00eaxteis, entre outros.<br \/>\nForam fiscalizados, entre outros pontos:<br \/>\n11.199 cronotac\u00f3grafos [verifica velocidade e dist\u00e2ncia dos ve\u00edculos];<br \/>\n9.516 balan\u00e7as;<br \/>\n7.375 bombas de combust\u00edveis;<br \/>\n2.035 tax\u00edmetros;<br \/>\n975 esfigmoman\u00f4metros;<br \/>\n810 medidas de volume;<br \/>\n287 medidores de velocidade;<br \/>\n219 sistemas de medi\u00e7\u00e3o de GNV.<br \/>\nTamb\u00e9m foram feitas 811 inspe\u00e7\u00f5es na venda correta de p\u00e3o franc\u00eas e alimento a peso (self-service).<br \/>\nNa verifica\u00e7\u00e3o de instrumentos os que apresentaram um maior percentual de irregularidades em rela\u00e7\u00e3o aos requisitos exigidos pelo Inmetro foram as balan\u00e7as e as bombas de combust\u00edveis com 7,1% e 5,2%, respectivamente.<br \/>\nSegundo o Ipem, 95% dos munic\u00edpios potiguares tiveram estabelecimentos e equipamentos fiscalizados. A ideia em 2025 \u00e9 atuar em todas as 167 cidades.<br \/>\nPesquisa aponta varia\u00e7\u00e3o de 23,6% em pre\u00e7o do quilo do p\u00e3o franc\u00eas em estabelecimentos de Presidente Prudente<br \/>\nArquivo\/g1<br \/>\nDiferen\u00e7a de quantidade  peso anunciado<br \/>\nDos 1.082 produtos pr\u00e9-medidos inspecionados, 81 deles apresentaram irregularidades em rela\u00e7\u00e3o \u00e0 quantidade e peso. Ou seja, havia uma quantidade diferente de produto em rela\u00e7\u00e3o ao peso anunciado na embalagem<br \/>\nNeste caso, comerciantes e fabricantes s\u00e3o notificados, autuados e podem ser multados, segundo o Ipem.<br \/>\nOs produtos pr\u00e9-medidos s\u00e3o aqueles comercializados j\u00e1 embalados em que a quantidade \u00e9 determinada sem que o consumidor acompanhe o processo de medi\u00e7\u00e3o como: arroz, feij\u00e3o, leite, produtos cosm\u00e9ticos, detergente, sab\u00e3o em p\u00f3, papel higi\u00eanico, bolos, p\u00e3es, entre in\u00fameros outros.<br \/>\nProdutos com certifica\u00e7\u00e3o do Inmetro<br \/>\nO Ipem tamb\u00e9m fiscalizou  278.990 produtos sujeitos \u00e0 certifica\u00e7\u00e3o do Inmetr e identificou 7.794 irregulares em 2024.<br \/>\nA fiscaliza\u00e7\u00e3o foi feita em itens como brinquedos, lumin\u00e1rias, materiais e equipamentos el\u00e9tricos, eletrodom\u00e9sticos, produtos t\u00eaxteis, cadeiras pl\u00e1sticas, monoblocos, panelas met\u00e1licas, escadas met\u00e1licas de uso dom\u00e9stico, entre outros.<br \/>\nV\u00eddeos mais assistidos do g1 RN<\/p>","protected":false},"excerpt":{"rendered":"<p>Entre irregularidades est\u00e3o a n\u00e3o venda do p\u00e3o frances por quilo &#8211; como \u00e9 obrigat\u00f3rio &#8211; e a aus\u00eancia do cartaz indicando valores, segundo Ipem. IPEM constata venda incorreta de &#8230;<\/p>\n","protected":false},"author":0,"featured_media":12043,"parent":0,"menu_order":0,"comment_status":"closed","ping_status":"closed","template":"","meta":{"footnotes":""},"class_list":["post-12042","page","type-page","status-publish","has-post-thumbnail","hentry"],"yoast_head":"<!-- This site is optimized with the Yoast SEO plugin v27.1.1 - https:\/\/yoast.com\/product\/yoast-seo-wordpress\/ -->\n<title>Venda incorreta de p\u00e3o franc\u00eas foi irregularidade mais encontrada em fiscaliza\u00e7\u00f5es em 2024, diz Instituto de Pesos e Medidas do RN - Taveira Jr<\/title>\n<meta name=\"robots\" content=\"index, follow, max-snippet:-1, max-image-preview:large, max-video-preview:-1\" \/>\n<link rel=\"canonical\" href=\"https:\/\/deputadotaveirajr.com.br\/index.php\/venda-incorreta-de-pao-frances-foi-irregularidade-mais-encontrada-em-fiscalizacoes-em-2024-diz-instituto-de-pesos-e-medidas-do-rn\/\" \/>\n<meta property=\"og:locale\" content=\"pt_BR\" \/>\n<meta property=\"og:type\" content=\"article\" \/>\n<meta property=\"og:title\" content=\"Venda incorreta de p\u00e3o franc\u00eas foi irregularidade mais encontrada em fiscaliza\u00e7\u00f5es em 2024, diz Instituto de Pesos e Medidas do RN - Taveira Jr\" \/>\n<meta property=\"og:description\" content=\"Entre irregularidades est\u00e3o a n\u00e3o venda do p\u00e3o frances por quilo &#8211; como \u00e9 obrigat\u00f3rio &#8211; e a aus\u00eancia do cartaz indicando valores, segundo Ipem. IPEM constata venda incorreta de ...\" \/>\n<meta property=\"og:url\" content=\"https:\/\/deputadotaveirajr.com.br\/index.php\/venda-incorreta-de-pao-frances-foi-irregularidade-mais-encontrada-em-fiscalizacoes-em-2024-diz-instituto-de-pesos-e-medidas-do-rn\/\" \/>\n<meta property=\"og:site_name\" content=\"Taveira Jr\" \/>\n<meta property=\"og:image\" content=\"https:\/\/s2-g1.glbimg.com\/O8CKjIiY0HY2nT7_IrwqAbHgaEI=\/i.s3.glbimg.com\/v1\/AUTH_59edd422c0c84a879bd37670ae4f538a\/internal_photos\/bs\/2024\/t\/j\/83wnzwRD6wFoL61jzyXQ\/pao-frances-1-.png\" \/>\n<meta name=\"twitter:card\" content=\"summary_large_image\" \/>\n<meta name=\"twitter:label1\" content=\"Est. tempo de leitura\" \/>\n\t<meta name=\"twitter:data1\" content=\"3 minutos\" \/>\n<script type=\"application\/ld+json\" class=\"yoast-schema-graph\">{\"@context\":\"https:\/\/schema.org\",\"@graph\":[{\"@type\":\"WebPage\",\"@id\":\"https:\/\/deputadotaveirajr.com.br\/index.php\/venda-incorreta-de-pao-frances-foi-irregularidade-mais-encontrada-em-fiscalizacoes-em-2024-diz-instituto-de-pesos-e-medidas-do-rn\/\",\"url\":\"https:\/\/deputadotaveirajr.com.br\/index.php\/venda-incorreta-de-pao-frances-foi-irregularidade-mais-encontrada-em-fiscalizacoes-em-2024-diz-instituto-de-pesos-e-medidas-do-rn\/\",\"name\":\"Venda incorreta de p\u00e3o franc\u00eas foi irregularidade mais encontrada em fiscaliza\u00e7\u00f5es em 2024, diz Instituto de Pesos e Medidas do RN - Taveira Jr\",\"isPartOf\":{\"@id\":\"https:\/\/deputadotaveirajr.com.br\/#website\"},\"primaryImageOfPage\":{\"@id\":\"https:\/\/deputadotaveirajr.com.br\/index.php\/venda-incorreta-de-pao-frances-foi-irregularidade-mais-encontrada-em-fiscalizacoes-em-2024-diz-instituto-de-pesos-e-medidas-do-rn\/#primaryimage\"},\"image\":{\"@id\":\"https:\/\/deputadotaveirajr.com.br\/index.php\/venda-incorreta-de-pao-frances-foi-irregularidade-mais-encontrada-em-fiscalizacoes-em-2024-diz-instituto-de-pesos-e-medidas-do-rn\/#primaryimage\"},\"thumbnailUrl\":\"https:\/\/deputadotaveirajr.com.br\/wp-content\/uploads\/2025\/01\/pao-frances-1-8r40wN.jpeg\",\"datePublished\":\"2025-01-19T16:02:35+00:00\",\"breadcrumb\":{\"@id\":\"https:\/\/deputadotaveirajr.com.br\/index.php\/venda-incorreta-de-pao-frances-foi-irregularidade-mais-encontrada-em-fiscalizacoes-em-2024-diz-instituto-de-pesos-e-medidas-do-rn\/#breadcrumb\"},\"inLanguage\":\"pt-BR\",\"potentialAction\":[{\"@type\":\"ReadAction\",\"target\":[\"https:\/\/deputadotaveirajr.com.br\/index.php\/venda-incorreta-de-pao-frances-foi-irregularidade-mais-encontrada-em-fiscalizacoes-em-2024-diz-instituto-de-pesos-e-medidas-do-rn\/\"]}]},{\"@type\":\"ImageObject\",\"inLanguage\":\"pt-BR\",\"@id\":\"https:\/\/deputadotaveirajr.com.br\/index.php\/venda-incorreta-de-pao-frances-foi-irregularidade-mais-encontrada-em-fiscalizacoes-em-2024-diz-instituto-de-pesos-e-medidas-do-rn\/#primaryimage\",\"url\":\"https:\/\/deputadotaveirajr.com.br\/wp-content\/uploads\/2025\/01\/pao-frances-1-8r40wN.jpeg\",\"contentUrl\":\"https:\/\/deputadotaveirajr.com.br\/wp-content\/uploads\/2025\/01\/pao-frances-1-8r40wN.jpeg\",\"width\":1920,\"height\":1088},{\"@type\":\"BreadcrumbList\",\"@id\":\"https:\/\/deputadotaveirajr.com.br\/index.php\/venda-incorreta-de-pao-frances-foi-irregularidade-mais-encontrada-em-fiscalizacoes-em-2024-diz-instituto-de-pesos-e-medidas-do-rn\/#breadcrumb\",\"itemListElement\":[{\"@type\":\"ListItem\",\"position\":1,\"name\":\"In\u00edcio\",\"item\":\"https:\/\/deputadotaveirajr.com.br\/\"},{\"@type\":\"ListItem\",\"position\":2,\"name\":\"Venda incorreta de p\u00e3o franc\u00eas foi irregularidade mais encontrada em fiscaliza\u00e7\u00f5es em 2024, diz Instituto de Pesos e Medidas do RN\"}]},{\"@type\":\"WebSite\",\"@id\":\"https:\/\/deputadotaveirajr.com.br\/#website\",\"url\":\"https:\/\/deputadotaveirajr.com.br\/\",\"name\":\"Taveira Jr\",\"description\":\"Deputado Estadual\",\"publisher\":{\"@id\":\"https:\/\/deputadotaveirajr.com.br\/#organization\"},\"potentialAction\":[{\"@type\":\"SearchAction\",\"target\":{\"@type\":\"EntryPoint\",\"urlTemplate\":\"https:\/\/deputadotaveirajr.com.br\/?s={search_term_string}\"},\"query-input\":{\"@type\":\"PropertyValueSpecification\",\"valueRequired\":true,\"valueName\":\"search_term_string\"}}],\"inLanguage\":\"pt-BR\"},{\"@type\":\"Organization\",\"@id\":\"https:\/\/deputadotaveirajr.com.br\/#organization\",\"name\":\"Taveira Jr\",\"url\":\"https:\/\/deputadotaveirajr.com.br\/\",\"logo\":{\"@type\":\"ImageObject\",\"inLanguage\":\"pt-BR\",\"@id\":\"https:\/\/deputadotaveirajr.com.br\/#\/schema\/logo\/image\/\",\"url\":\"https:\/\/deputadotaveirajr.com.br\/wp-content\/uploads\/2026\/01\/logolow2a.png\",\"contentUrl\":\"https:\/\/deputadotaveirajr.com.br\/wp-content\/uploads\/2026\/01\/logolow2a.png\",\"width\":290,\"height\":80,\"caption\":\"Taveira Jr\"},\"image\":{\"@id\":\"https:\/\/deputadotaveirajr.com.br\/#\/schema\/logo\/image\/\"}}]}<\/script>\n<!-- \/ Yoast SEO plugin. -->","yoast_head_json":{"title":"Venda incorreta de p\u00e3o franc\u00eas foi irregularidade mais encontrada em fiscaliza\u00e7\u00f5es em 2024, diz Instituto de Pesos e Medidas do RN - Taveira Jr","robots":{"index":"index","follow":"follow","max-snippet":"max-snippet:-1","max-image-preview":"max-image-preview:large","max-video-preview":"max-video-preview:-1"},"canonical":"https:\/\/deputadotaveirajr.com.br\/index.php\/venda-incorreta-de-pao-frances-foi-irregularidade-mais-encontrada-em-fiscalizacoes-em-2024-diz-instituto-de-pesos-e-medidas-do-rn\/","og_locale":"pt_BR","og_type":"article","og_title":"Venda incorreta de p\u00e3o franc\u00eas foi irregularidade mais encontrada em fiscaliza\u00e7\u00f5es em 2024, diz Instituto de Pesos e Medidas do RN - Taveira Jr","og_description":"Entre irregularidades est\u00e3o a n\u00e3o venda do p\u00e3o frances por quilo &#8211; como \u00e9 obrigat\u00f3rio &#8211; e a aus\u00eancia do cartaz indicando valores, segundo Ipem. IPEM constata venda incorreta de ...","og_url":"https:\/\/deputadotaveirajr.com.br\/index.php\/venda-incorreta-de-pao-frances-foi-irregularidade-mais-encontrada-em-fiscalizacoes-em-2024-diz-instituto-de-pesos-e-medidas-do-rn\/","og_site_name":"Taveira Jr","og_image":[{"url":"https:\/\/s2-g1.glbimg.com\/O8CKjIiY0HY2nT7_IrwqAbHgaEI=\/i.s3.glbimg.com\/v1\/AUTH_59edd422c0c84a879bd37670ae4f538a\/internal_photos\/bs\/2024\/t\/j\/83wnzwRD6wFoL61jzyXQ\/pao-frances-1-.png","type":"","width":"","height":""}],"twitter_card":"summary_large_image","twitter_misc":{"Est. tempo de leitura":"3 minutos"},"schema":{"@context":"https:\/\/schema.org","@graph":[{"@type":"WebPage","@id":"https:\/\/deputadotaveirajr.com.br\/index.php\/venda-incorreta-de-pao-frances-foi-irregularidade-mais-encontrada-em-fiscalizacoes-em-2024-diz-instituto-de-pesos-e-medidas-do-rn\/","url":"https:\/\/deputadotaveirajr.com.br\/index.php\/venda-incorreta-de-pao-frances-foi-irregularidade-mais-encontrada-em-fiscalizacoes-em-2024-diz-instituto-de-pesos-e-medidas-do-rn\/","name":"Venda incorreta de p\u00e3o franc\u00eas foi irregularidade mais encontrada em fiscaliza\u00e7\u00f5es em 2024, diz Instituto de Pesos e Medidas do RN - Taveira Jr","isPartOf":{"@id":"https:\/\/deputadotaveirajr.com.br\/#website"},"primaryImageOfPage":{"@id":"https:\/\/deputadotaveirajr.com.br\/index.php\/venda-incorreta-de-pao-frances-foi-irregularidade-mais-encontrada-em-fiscalizacoes-em-2024-diz-instituto-de-pesos-e-medidas-do-rn\/#primaryimage"},"image":{"@id":"https:\/\/deputadotaveirajr.com.br\/index.php\/venda-incorreta-de-pao-frances-foi-irregularidade-mais-encontrada-em-fiscalizacoes-em-2024-diz-instituto-de-pesos-e-medidas-do-rn\/#primaryimage"},"thumbnailUrl":"https:\/\/deputadotaveirajr.com.br\/wp-content\/uploads\/2025\/01\/pao-frances-1-8r40wN.jpeg","datePublished":"2025-01-19T16:02:35+00:00","breadcrumb":{"@id":"https:\/\/deputadotaveirajr.com.br\/index.php\/venda-incorreta-de-pao-frances-foi-irregularidade-mais-encontrada-em-fiscalizacoes-em-2024-diz-instituto-de-pesos-e-medidas-do-rn\/#breadcrumb"},"inLanguage":"pt-BR","potentialAction":[{"@type":"ReadAction","target":["https:\/\/deputadotaveirajr.com.br\/index.php\/venda-incorreta-de-pao-frances-foi-irregularidade-mais-encontrada-em-fiscalizacoes-em-2024-diz-instituto-de-pesos-e-medidas-do-rn\/"]}]},{"@type":"ImageObject","inLanguage":"pt-BR","@id":"https:\/\/deputadotaveirajr.com.br\/index.php\/venda-incorreta-de-pao-frances-foi-irregularidade-mais-encontrada-em-fiscalizacoes-em-2024-diz-instituto-de-pesos-e-medidas-do-rn\/#primaryimage","url":"https:\/\/deputadotaveirajr.com.br\/wp-content\/uploads\/2025\/01\/pao-frances-1-8r40wN.jpeg","contentUrl":"https:\/\/deputadotaveirajr.com.br\/wp-content\/uploads\/2025\/01\/pao-frances-1-8r40wN.jpeg","width":1920,"height":1088},{"@type":"BreadcrumbList","@id":"https:\/\/deputadotaveirajr.com.br\/index.php\/venda-incorreta-de-pao-frances-foi-irregularidade-mais-encontrada-em-fiscalizacoes-em-2024-diz-instituto-de-pesos-e-medidas-do-rn\/#breadcrumb","itemListElement":[{"@type":"ListItem","position":1,"name":"In\u00edcio","item":"https:\/\/deputadotaveirajr.com.br\/"},{"@type":"ListItem","position":2,"name":"Venda incorreta de p\u00e3o franc\u00eas foi irregularidade mais encontrada em fiscaliza\u00e7\u00f5es em 2024, diz Instituto de Pesos e Medidas do RN"}]},{"@type":"WebSite","@id":"https:\/\/deputadotaveirajr.com.br\/#website","url":"https:\/\/deputadotaveirajr.com.br\/","name":"Taveira Jr","description":"Deputado Estadual","publisher":{"@id":"https:\/\/deputadotaveirajr.com.br\/#organization"},"potentialAction":[{"@type":"SearchAction","target":{"@type":"EntryPoint","urlTemplate":"https:\/\/deputadotaveirajr.com.br\/?s={search_term_string}"},"query-input":{"@type":"PropertyValueSpecification","valueRequired":true,"valueName":"search_term_string"}}],"inLanguage":"pt-BR"},{"@type":"Organization","@id":"https:\/\/deputadotaveirajr.com.br\/#organization","name":"Taveira Jr","url":"https:\/\/deputadotaveirajr.com.br\/","logo":{"@type":"ImageObject","inLanguage":"pt-BR","@id":"https:\/\/deputadotaveirajr.com.br\/#\/schema\/logo\/image\/","url":"https:\/\/deputadotaveirajr.com.br\/wp-content\/uploads\/2026\/01\/logolow2a.png","contentUrl":"https:\/\/deputadotaveirajr.com.br\/wp-content\/uploads\/2026\/01\/logolow2a.png","width":290,"height":80,"caption":"Taveira Jr"},"image":{"@id":"https:\/\/deputadotaveirajr.com.br\/#\/schema\/logo\/image\/"}}]}},"_links":{"self":[{"href":"https:\/\/deputadotaveirajr.com.br\/index.php\/wp-json\/wp\/v2\/pages\/12042","targetHints":{"allow":["GET"]}}],"collection":[{"href":"https:\/\/deputadotaveirajr.com.br\/index.php\/wp-json\/wp\/v2\/pages"}],"about":[{"href":"https:\/\/deputadotaveirajr.com.br\/index.php\/wp-json\/wp\/v2\/types\/page"}],"replies":[{"embeddable":true,"href":"https:\/\/deputadotaveirajr.com.br\/index.php\/wp-json\/wp\/v2\/comments?post=12042"}],"version-history":[{"count":0,"href":"https:\/\/deputadotaveirajr.com.br\/index.php\/wp-json\/wp\/v2\/pages\/12042\/revisions"}],"wp:featuredmedia":[{"embeddable":true,"href":"https:\/\/deputadotaveirajr.com.br\/index.php\/wp-json\/wp\/v2\/media\/12043"}],"wp:attachment":[{"href":"https:\/\/deputadotaveirajr.com.br\/index.php\/wp-json\/wp\/v2\/media?parent=12042"}],"curies":[{"name":"wp","href":"https:\/\/api.w.org\/{rel}","templated":true}]}}