{"id":12044,"date":"2025-01-19T11:00:42","date_gmt":"2025-01-19T14:00:42","guid":{"rendered":"https:\/\/deputadotaveirajr.com.br\/index.php\/rn-inicia-distribuicao-de-650-toneladas-de-sementes-para-agricultores-familiares-do-rn\/"},"modified":"2025-01-19T11:00:42","modified_gmt":"2025-01-19T14:00:42","slug":"rn-inicia-distribuicao-de-650-toneladas-de-sementes-para-agricultores-familiares-do-rn","status":"publish","type":"page","link":"https:\/\/deputadotaveirajr.com.br\/index.php\/rn-inicia-distribuicao-de-650-toneladas-de-sementes-para-agricultores-familiares-do-rn\/","title":{"rendered":"RN inicia distribui\u00e7\u00e3o de 650 toneladas de sementes para agricultores familiares do RN"},"content":{"rendered":"<p><img decoding=\"async\" src=\"https:\/\/s2-g1.glbimg.com\/myabGHU73-JLqhhR_KBP9CH5Hu4=\/i.s3.glbimg.com\/v1\/AUTH_59edd422c0c84a879bd37670ae4f538a\/internal_photos\/bs\/2025\/8\/F\/KcBX8VQde042RfboFfPg\/banco-de-sementes.jpg\" \/><br \/>     Programa Bancos de Sementes prev\u00ea atender 64 mil agricultores em 163 munic\u00edpios do RN com sementes de feij\u00e3o, milho e sorgo. Sementes come\u00e7am a ser distribu\u00eddas nesta semana<br \/>\nRaiane Miranda\/governo do RN<br \/>\nO Rio Grande do Norte inicia nesta semana a distribui\u00e7\u00e3o de mais de 650 toneladas de sementes para agricultores familiares de 163 munic\u00edpios do estado. A edi\u00e7\u00e3o do Programa Banco de Sementes 2025 foi lan\u00e7ada na sexta-feira (17).<br \/>\nO governo prev\u00ea beneficiar cerca de 64 mil agricultores familiares neste ano.<br \/>\n\ud83d\udcf3Participe do canal do g1 RN no WhatsApp<br \/>\nA distribui\u00e7\u00e3o ser\u00e1 feita pelos escrit\u00f3rios regionais do Instituto de Assist\u00eancia T\u00e9cnica e Extens\u00e3o Rural (Emater), que utilizam um banco de dados com o cadastro dos participantes. Os insumos s\u00e3o para plantio imediato.<br \/>\nSegundo o governo, nesta semana as sementes ficam \u00e0 disposi\u00e7\u00e3o dos agricultores nas regionais da Emater de Mossor\u00f3, Pau dos Ferros e Umarizal.  Em seguida, a distribui\u00e7\u00e3o se espalha para o restante do estado.<br \/>\nO investimento no programa \u00e9 de cerca de R$ 15 milh\u00f5es neste ano, por meio da Secretaria de Estado da Agricultura, da Pecu\u00e1ria e da Pesca (SAPE).<br \/>\nSegundo o secret\u00e1rio titular da SAPE, Guilherme Saldanha, as 650 toneladas de sementes s\u00e3o dividias em: 215 toneladas de feij\u00e3o, 238 toneladas de milho e 198 toneladas de sorgo.<br \/>\n\u201cEssa iniciativa integra um programa amplo que visa garantir a alimenta\u00e7\u00e3o e a renda do agricultor, do homem do campo, incentivando a produ\u00e7\u00e3o de milho e feij\u00e3o, bem como o sustento e a sustentabilidade da produ\u00e7\u00e3o de leite, principalmente, por meio da produ\u00e7\u00e3o de sorgo\u201d, explicou.<br \/>\nO Programa Bancos de Sementes, que acontece desde 2017, fornece sementes selecionadas para o plantio de milho e feij\u00e3o e de sorgo Ponta Negra, destinado \u00e0 alimenta\u00e7\u00e3o de rebanhos.<br \/>\nDados da Empresa de Pesquisa Agropecu\u00e1ria do Rio Grande do Norte (Emparn) apontam que o primeiro trimestre de 2025 prev\u00ea chuvas dentro da m\u00e9dia esperada para o per\u00edodo.<br \/>\nV\u00eddeos mais assistidos do g1 RN<br \/>\nV\u00cdDEOS: Mais assistidos do Rio Grande do Norte nos \u00faltimos 7 dias| em G1 \/ RN \/ Rio Grande do NorteRio Grande do Norte nos \u00faltimos 7 dias| em G1 \/ RN \/ Rio Grande do NorteRio Grande do Norte nos \u00faltimos 7 dias| em G1 \/ RN \/ Rio Grande do Norte<\/p>","protected":false},"excerpt":{"rendered":"<p>Programa Bancos de Sementes prev\u00ea atender 64 mil agricultores em 163 munic\u00edpios do RN com sementes de feij\u00e3o, milho e sorgo. Sementes come\u00e7am a ser distribu\u00eddas nesta semana Raiane Miranda\/governo &#8230;<\/p>\n","protected":false},"author":0,"featured_media":12045,"parent":0,"menu_order":0,"comment_status":"closed","ping_status":"closed","template":"","meta":{"footnotes":""},"class_list":["post-12044","page","type-page","status-publish","has-post-thumbnail","hentry"],"yoast_head":"<!-- This site is optimized with the Yoast SEO plugin v27.1.1 - https:\/\/yoast.com\/product\/yoast-seo-wordpress\/ -->\n<title>RN inicia distribui\u00e7\u00e3o de 650 toneladas de sementes para agricultores familiares do RN - Taveira Jr<\/title>\n<meta name=\"robots\" content=\"index, follow, max-snippet:-1, max-image-preview:large, max-video-preview:-1\" \/>\n<link rel=\"canonical\" href=\"https:\/\/deputadotaveirajr.com.br\/index.php\/rn-inicia-distribuicao-de-650-toneladas-de-sementes-para-agricultores-familiares-do-rn\/\" \/>\n<meta property=\"og:locale\" content=\"pt_BR\" \/>\n<meta property=\"og:type\" content=\"article\" \/>\n<meta property=\"og:title\" content=\"RN inicia distribui\u00e7\u00e3o de 650 toneladas de sementes para agricultores familiares do RN - Taveira Jr\" \/>\n<meta property=\"og:description\" content=\"Programa Bancos de Sementes prev\u00ea atender 64 mil agricultores em 163 munic\u00edpios do RN com sementes de feij\u00e3o, milho e sorgo. Sementes come\u00e7am a ser distribu\u00eddas nesta semana Raiane Miranda\/governo ...\" \/>\n<meta property=\"og:url\" content=\"https:\/\/deputadotaveirajr.com.br\/index.php\/rn-inicia-distribuicao-de-650-toneladas-de-sementes-para-agricultores-familiares-do-rn\/\" \/>\n<meta property=\"og:site_name\" content=\"Taveira Jr\" \/>\n<meta property=\"og:image\" content=\"https:\/\/s2-g1.glbimg.com\/myabGHU73-JLqhhR_KBP9CH5Hu4=\/i.s3.glbimg.com\/v1\/AUTH_59edd422c0c84a879bd37670ae4f538a\/internal_photos\/bs\/2025\/8\/F\/KcBX8VQde042RfboFfPg\/banco-de-sementes.jpg\" \/>\n<meta name=\"twitter:card\" content=\"summary_large_image\" \/>\n<meta name=\"twitter:label1\" content=\"Est. tempo de leitura\" \/>\n\t<meta name=\"twitter:data1\" content=\"2 minutos\" \/>\n<script type=\"application\/ld+json\" class=\"yoast-schema-graph\">{\"@context\":\"https:\/\/schema.org\",\"@graph\":[{\"@type\":\"WebPage\",\"@id\":\"https:\/\/deputadotaveirajr.com.br\/index.php\/rn-inicia-distribuicao-de-650-toneladas-de-sementes-para-agricultores-familiares-do-rn\/\",\"url\":\"https:\/\/deputadotaveirajr.com.br\/index.php\/rn-inicia-distribuicao-de-650-toneladas-de-sementes-para-agricultores-familiares-do-rn\/\",\"name\":\"RN inicia distribui\u00e7\u00e3o de 650 toneladas de sementes para agricultores familiares do RN - Taveira Jr\",\"isPartOf\":{\"@id\":\"https:\/\/deputadotaveirajr.com.br\/#website\"},\"primaryImageOfPage\":{\"@id\":\"https:\/\/deputadotaveirajr.com.br\/index.php\/rn-inicia-distribuicao-de-650-toneladas-de-sementes-para-agricultores-familiares-do-rn\/#primaryimage\"},\"image\":{\"@id\":\"https:\/\/deputadotaveirajr.com.br\/index.php\/rn-inicia-distribuicao-de-650-toneladas-de-sementes-para-agricultores-familiares-do-rn\/#primaryimage\"},\"thumbnailUrl\":\"https:\/\/deputadotaveirajr.com.br\/wp-content\/uploads\/2025\/01\/banco-de-sementes-WB7RvO.jpeg\",\"datePublished\":\"2025-01-19T14:00:42+00:00\",\"breadcrumb\":{\"@id\":\"https:\/\/deputadotaveirajr.com.br\/index.php\/rn-inicia-distribuicao-de-650-toneladas-de-sementes-para-agricultores-familiares-do-rn\/#breadcrumb\"},\"inLanguage\":\"pt-BR\",\"potentialAction\":[{\"@type\":\"ReadAction\",\"target\":[\"https:\/\/deputadotaveirajr.com.br\/index.php\/rn-inicia-distribuicao-de-650-toneladas-de-sementes-para-agricultores-familiares-do-rn\/\"]}]},{\"@type\":\"ImageObject\",\"inLanguage\":\"pt-BR\",\"@id\":\"https:\/\/deputadotaveirajr.com.br\/index.php\/rn-inicia-distribuicao-de-650-toneladas-de-sementes-para-agricultores-familiares-do-rn\/#primaryimage\",\"url\":\"https:\/\/deputadotaveirajr.com.br\/wp-content\/uploads\/2025\/01\/banco-de-sementes-WB7RvO.jpeg\",\"contentUrl\":\"https:\/\/deputadotaveirajr.com.br\/wp-content\/uploads\/2025\/01\/banco-de-sementes-WB7RvO.jpeg\",\"width\":1500,\"height\":1000},{\"@type\":\"BreadcrumbList\",\"@id\":\"https:\/\/deputadotaveirajr.com.br\/index.php\/rn-inicia-distribuicao-de-650-toneladas-de-sementes-para-agricultores-familiares-do-rn\/#breadcrumb\",\"itemListElement\":[{\"@type\":\"ListItem\",\"position\":1,\"name\":\"In\u00edcio\",\"item\":\"https:\/\/deputadotaveirajr.com.br\/\"},{\"@type\":\"ListItem\",\"position\":2,\"name\":\"RN inicia distribui\u00e7\u00e3o de 650 toneladas de sementes para agricultores familiares do RN\"}]},{\"@type\":\"WebSite\",\"@id\":\"https:\/\/deputadotaveirajr.com.br\/#website\",\"url\":\"https:\/\/deputadotaveirajr.com.br\/\",\"name\":\"Taveira Jr\",\"description\":\"Deputado Estadual\",\"publisher\":{\"@id\":\"https:\/\/deputadotaveirajr.com.br\/#organization\"},\"potentialAction\":[{\"@type\":\"SearchAction\",\"target\":{\"@type\":\"EntryPoint\",\"urlTemplate\":\"https:\/\/deputadotaveirajr.com.br\/?s={search_term_string}\"},\"query-input\":{\"@type\":\"PropertyValueSpecification\",\"valueRequired\":true,\"valueName\":\"search_term_string\"}}],\"inLanguage\":\"pt-BR\"},{\"@type\":\"Organization\",\"@id\":\"https:\/\/deputadotaveirajr.com.br\/#organization\",\"name\":\"Taveira Jr\",\"url\":\"https:\/\/deputadotaveirajr.com.br\/\",\"logo\":{\"@type\":\"ImageObject\",\"inLanguage\":\"pt-BR\",\"@id\":\"https:\/\/deputadotaveirajr.com.br\/#\/schema\/logo\/image\/\",\"url\":\"https:\/\/deputadotaveirajr.com.br\/wp-content\/uploads\/2026\/01\/logolow2a.png\",\"contentUrl\":\"https:\/\/deputadotaveirajr.com.br\/wp-content\/uploads\/2026\/01\/logolow2a.png\",\"width\":290,\"height\":80,\"caption\":\"Taveira Jr\"},\"image\":{\"@id\":\"https:\/\/deputadotaveirajr.com.br\/#\/schema\/logo\/image\/\"}}]}<\/script>\n<!-- \/ Yoast SEO plugin. -->","yoast_head_json":{"title":"RN inicia distribui\u00e7\u00e3o de 650 toneladas de sementes para agricultores familiares do RN - Taveira Jr","robots":{"index":"index","follow":"follow","max-snippet":"max-snippet:-1","max-image-preview":"max-image-preview:large","max-video-preview":"max-video-preview:-1"},"canonical":"https:\/\/deputadotaveirajr.com.br\/index.php\/rn-inicia-distribuicao-de-650-toneladas-de-sementes-para-agricultores-familiares-do-rn\/","og_locale":"pt_BR","og_type":"article","og_title":"RN inicia distribui\u00e7\u00e3o de 650 toneladas de sementes para agricultores familiares do RN - Taveira Jr","og_description":"Programa Bancos de Sementes prev\u00ea atender 64 mil agricultores em 163 munic\u00edpios do RN com sementes de feij\u00e3o, milho e sorgo. Sementes come\u00e7am a ser distribu\u00eddas nesta semana Raiane Miranda\/governo ...","og_url":"https:\/\/deputadotaveirajr.com.br\/index.php\/rn-inicia-distribuicao-de-650-toneladas-de-sementes-para-agricultores-familiares-do-rn\/","og_site_name":"Taveira Jr","og_image":[{"url":"https:\/\/s2-g1.glbimg.com\/myabGHU73-JLqhhR_KBP9CH5Hu4=\/i.s3.glbimg.com\/v1\/AUTH_59edd422c0c84a879bd37670ae4f538a\/internal_photos\/bs\/2025\/8\/F\/KcBX8VQde042RfboFfPg\/banco-de-sementes.jpg","type":"","width":"","height":""}],"twitter_card":"summary_large_image","twitter_misc":{"Est. tempo de leitura":"2 minutos"},"schema":{"@context":"https:\/\/schema.org","@graph":[{"@type":"WebPage","@id":"https:\/\/deputadotaveirajr.com.br\/index.php\/rn-inicia-distribuicao-de-650-toneladas-de-sementes-para-agricultores-familiares-do-rn\/","url":"https:\/\/deputadotaveirajr.com.br\/index.php\/rn-inicia-distribuicao-de-650-toneladas-de-sementes-para-agricultores-familiares-do-rn\/","name":"RN inicia distribui\u00e7\u00e3o de 650 toneladas de sementes para agricultores familiares do RN - Taveira Jr","isPartOf":{"@id":"https:\/\/deputadotaveirajr.com.br\/#website"},"primaryImageOfPage":{"@id":"https:\/\/deputadotaveirajr.com.br\/index.php\/rn-inicia-distribuicao-de-650-toneladas-de-sementes-para-agricultores-familiares-do-rn\/#primaryimage"},"image":{"@id":"https:\/\/deputadotaveirajr.com.br\/index.php\/rn-inicia-distribuicao-de-650-toneladas-de-sementes-para-agricultores-familiares-do-rn\/#primaryimage"},"thumbnailUrl":"https:\/\/deputadotaveirajr.com.br\/wp-content\/uploads\/2025\/01\/banco-de-sementes-WB7RvO.jpeg","datePublished":"2025-01-19T14:00:42+00:00","breadcrumb":{"@id":"https:\/\/deputadotaveirajr.com.br\/index.php\/rn-inicia-distribuicao-de-650-toneladas-de-sementes-para-agricultores-familiares-do-rn\/#breadcrumb"},"inLanguage":"pt-BR","potentialAction":[{"@type":"ReadAction","target":["https:\/\/deputadotaveirajr.com.br\/index.php\/rn-inicia-distribuicao-de-650-toneladas-de-sementes-para-agricultores-familiares-do-rn\/"]}]},{"@type":"ImageObject","inLanguage":"pt-BR","@id":"https:\/\/deputadotaveirajr.com.br\/index.php\/rn-inicia-distribuicao-de-650-toneladas-de-sementes-para-agricultores-familiares-do-rn\/#primaryimage","url":"https:\/\/deputadotaveirajr.com.br\/wp-content\/uploads\/2025\/01\/banco-de-sementes-WB7RvO.jpeg","contentUrl":"https:\/\/deputadotaveirajr.com.br\/wp-content\/uploads\/2025\/01\/banco-de-sementes-WB7RvO.jpeg","width":1500,"height":1000},{"@type":"BreadcrumbList","@id":"https:\/\/deputadotaveirajr.com.br\/index.php\/rn-inicia-distribuicao-de-650-toneladas-de-sementes-para-agricultores-familiares-do-rn\/#breadcrumb","itemListElement":[{"@type":"ListItem","position":1,"name":"In\u00edcio","item":"https:\/\/deputadotaveirajr.com.br\/"},{"@type":"ListItem","position":2,"name":"RN inicia distribui\u00e7\u00e3o de 650 toneladas de sementes para agricultores familiares do RN"}]},{"@type":"WebSite","@id":"https:\/\/deputadotaveirajr.com.br\/#website","url":"https:\/\/deputadotaveirajr.com.br\/","name":"Taveira Jr","description":"Deputado Estadual","publisher":{"@id":"https:\/\/deputadotaveirajr.com.br\/#organization"},"potentialAction":[{"@type":"SearchAction","target":{"@type":"EntryPoint","urlTemplate":"https:\/\/deputadotaveirajr.com.br\/?s={search_term_string}"},"query-input":{"@type":"PropertyValueSpecification","valueRequired":true,"valueName":"search_term_string"}}],"inLanguage":"pt-BR"},{"@type":"Organization","@id":"https:\/\/deputadotaveirajr.com.br\/#organization","name":"Taveira Jr","url":"https:\/\/deputadotaveirajr.com.br\/","logo":{"@type":"ImageObject","inLanguage":"pt-BR","@id":"https:\/\/deputadotaveirajr.com.br\/#\/schema\/logo\/image\/","url":"https:\/\/deputadotaveirajr.com.br\/wp-content\/uploads\/2026\/01\/logolow2a.png","contentUrl":"https:\/\/deputadotaveirajr.com.br\/wp-content\/uploads\/2026\/01\/logolow2a.png","width":290,"height":80,"caption":"Taveira Jr"},"image":{"@id":"https:\/\/deputadotaveirajr.com.br\/#\/schema\/logo\/image\/"}}]}},"_links":{"self":[{"href":"https:\/\/deputadotaveirajr.com.br\/index.php\/wp-json\/wp\/v2\/pages\/12044","targetHints":{"allow":["GET"]}}],"collection":[{"href":"https:\/\/deputadotaveirajr.com.br\/index.php\/wp-json\/wp\/v2\/pages"}],"about":[{"href":"https:\/\/deputadotaveirajr.com.br\/index.php\/wp-json\/wp\/v2\/types\/page"}],"replies":[{"embeddable":true,"href":"https:\/\/deputadotaveirajr.com.br\/index.php\/wp-json\/wp\/v2\/comments?post=12044"}],"version-history":[{"count":0,"href":"https:\/\/deputadotaveirajr.com.br\/index.php\/wp-json\/wp\/v2\/pages\/12044\/revisions"}],"wp:featuredmedia":[{"embeddable":true,"href":"https:\/\/deputadotaveirajr.com.br\/index.php\/wp-json\/wp\/v2\/media\/12045"}],"wp:attachment":[{"href":"https:\/\/deputadotaveirajr.com.br\/index.php\/wp-json\/wp\/v2\/media?parent=12044"}],"curies":[{"name":"wp","href":"https:\/\/api.w.org\/{rel}","templated":true}]}}