{"id":12048,"date":"2025-01-19T08:55:36","date_gmt":"2025-01-19T11:55:36","guid":{"rendered":"https:\/\/deputadotaveirajr.com.br\/index.php\/uern-anuncia-suspensao-de-concurso-para-professores\/"},"modified":"2025-01-19T08:55:36","modified_gmt":"2025-01-19T11:55:36","slug":"uern-anuncia-suspensao-de-concurso-para-professores","status":"publish","type":"page","link":"https:\/\/deputadotaveirajr.com.br\/index.php\/uern-anuncia-suspensao-de-concurso-para-professores\/","title":{"rendered":"UERN anuncia suspens\u00e3o de concurso para professores"},"content":{"rendered":"<p><img decoding=\"async\" src=\"https:\/\/s2-g1.glbimg.com\/IGAZO5jbLeH5At3G6cfthTEa3pA=\/i.s3.glbimg.com\/v1\/AUTH_59edd422c0c84a879bd37670ae4f538a\/internal_photos\/bs\/2024\/l\/Z\/qQv2SkQCeWWPuQFBbXBQ\/uern.jpeg\" \/><br \/>     Funda\u00e7\u00e3o tomou decis\u00e3o a partir de den\u00fancias apontando que a empresa respons\u00e1vel pelo processo revelou identidade dos candidatos \u00e0 banca.  Entrada do campus da Uern em Mossor\u00f3<br \/>\nUern\/Divulga\u00e7\u00e3o<br \/>\nO concurso p\u00fablico da Universidade Estadual do Rio Grande do Norte (UERN) para professor do ensino superior foi suspenso. A decis\u00e3o foi publicada em uma portaria e paralisa o processo seletivo na etapa de provas e t\u00edtulos.<br \/>\nSegundo a Funda\u00e7\u00e3o da UERN (FUERN), a medida &#8220;foi tomada a partir de den\u00fancias apontando que o sistema do Instituto de Desenvolvimento Educacional Cultural e Assistencial (Idecan), empresa respons\u00e1vel pelo certame, revelou a identidade dos candidatos perante as bancas examinadoras, violando os princ\u00edpios da legalidade e da impessoalidade&#8221;.<br \/>\n\ud83d\udcf3Participe do canal do g1 RN no WhatsApp<br \/>\nA recomenda\u00e7\u00e3o para a suspens\u00e3o do processo partiu da Comiss\u00e3o Central do Concurso.<br \/>\nEm nota, o Idecan disse que tomou conhecimento da suspens\u00e3o do concurso atrav\u00e9s do comunicado da UERN.<br \/>\nO Instituto informou que a banca instalou um procedimento interno &#8220;para entender o que causou a instabilidade do sistema e ressalta que todas as provas corrigidas pelos professores seguem um padr\u00e3o de seguran\u00e7a&#8221;.<br \/>\nSegundo o Idecan, os professores envolvidos no processo seletivo assinaram um termo de confidencialidade que garante o sigilo antes durante e ap\u00f3s o certame.<br \/>\n&#8220;A banca refor\u00e7a o compromisso em manter as informa\u00e7\u00f5es sigilosas entre os profissionais e que o inconveniente n\u00e3o interfere em nada na lisura e confiabilidade do certame e confia na revers\u00e3o da decis\u00e3o, respeitando a vontade dos 1.269 candidatos que realizaram os exames&#8221;, citou na nota o Idecan.<br \/>\nO concurso em quest\u00e3o foi aberto pela UERN em janeiro de 2024 e previa 66 vagas para docentes.  O processo seletivo previa ainda 40 vagas para t\u00e9cnicos de n\u00edvel m\u00e9dio e superior, parte que n\u00e3o foi afetada pela suspens\u00e3o.<br \/>\nSegundo A UERN, a suspens\u00e3o ocorre &#8220;diante da necessidade de garantir o contradit\u00f3rio e a ampla defesa&#8221;. A Universidade informou que antes de adotar novos procedimentos para conclus\u00e3o do concurso, vai instalar um procedimento de apura\u00e7\u00e3o das den\u00fancias.<br \/>\n&#8220;Os passos seguintes ser\u00e3o determinados ap\u00f3s a apura\u00e7\u00e3o dos fatos e, consequentemente, ser\u00e3o adotadas as medidas cab\u00edveis&#8221;, completou a UERN.<br \/>\nV\u00eddeos mais assistidos do g1 RN<\/p>","protected":false},"excerpt":{"rendered":"<p>Funda\u00e7\u00e3o tomou decis\u00e3o a partir de den\u00fancias apontando que a empresa respons\u00e1vel pelo processo revelou identidade dos candidatos \u00e0 banca. Entrada do campus da Uern em Mossor\u00f3 Uern\/Divulga\u00e7\u00e3o O concurso &#8230;<\/p>\n","protected":false},"author":0,"featured_media":12049,"parent":0,"menu_order":0,"comment_status":"closed","ping_status":"closed","template":"","meta":{"footnotes":""},"class_list":["post-12048","page","type-page","status-publish","has-post-thumbnail","hentry"],"yoast_head":"<!-- This site is optimized with the Yoast SEO plugin v27.1.1 - https:\/\/yoast.com\/product\/yoast-seo-wordpress\/ -->\n<title>UERN anuncia suspens\u00e3o de concurso para professores - Taveira Jr<\/title>\n<meta name=\"robots\" content=\"index, follow, max-snippet:-1, max-image-preview:large, max-video-preview:-1\" \/>\n<link rel=\"canonical\" href=\"https:\/\/deputadotaveirajr.com.br\/index.php\/uern-anuncia-suspensao-de-concurso-para-professores\/\" \/>\n<meta property=\"og:locale\" content=\"pt_BR\" \/>\n<meta property=\"og:type\" content=\"article\" \/>\n<meta property=\"og:title\" content=\"UERN anuncia suspens\u00e3o de concurso para professores - Taveira Jr\" \/>\n<meta property=\"og:description\" content=\"Funda\u00e7\u00e3o tomou decis\u00e3o a partir de den\u00fancias apontando que a empresa respons\u00e1vel pelo processo revelou identidade dos candidatos \u00e0 banca. Entrada do campus da Uern em Mossor\u00f3 Uern\/Divulga\u00e7\u00e3o O concurso ...\" \/>\n<meta property=\"og:url\" content=\"https:\/\/deputadotaveirajr.com.br\/index.php\/uern-anuncia-suspensao-de-concurso-para-professores\/\" \/>\n<meta property=\"og:site_name\" content=\"Taveira Jr\" \/>\n<meta property=\"og:image\" content=\"https:\/\/s2-g1.glbimg.com\/IGAZO5jbLeH5At3G6cfthTEa3pA=\/i.s3.glbimg.com\/v1\/AUTH_59edd422c0c84a879bd37670ae4f538a\/internal_photos\/bs\/2024\/l\/Z\/qQv2SkQCeWWPuQFBbXBQ\/uern.jpeg\" \/>\n<meta name=\"twitter:card\" content=\"summary_large_image\" \/>\n<meta name=\"twitter:label1\" content=\"Est. tempo de leitura\" \/>\n\t<meta name=\"twitter:data1\" content=\"2 minutos\" \/>\n<script type=\"application\/ld+json\" class=\"yoast-schema-graph\">{\"@context\":\"https:\/\/schema.org\",\"@graph\":[{\"@type\":\"WebPage\",\"@id\":\"https:\/\/deputadotaveirajr.com.br\/index.php\/uern-anuncia-suspensao-de-concurso-para-professores\/\",\"url\":\"https:\/\/deputadotaveirajr.com.br\/index.php\/uern-anuncia-suspensao-de-concurso-para-professores\/\",\"name\":\"UERN anuncia suspens\u00e3o de concurso para professores - Taveira Jr\",\"isPartOf\":{\"@id\":\"https:\/\/deputadotaveirajr.com.br\/#website\"},\"primaryImageOfPage\":{\"@id\":\"https:\/\/deputadotaveirajr.com.br\/index.php\/uern-anuncia-suspensao-de-concurso-para-professores\/#primaryimage\"},\"image\":{\"@id\":\"https:\/\/deputadotaveirajr.com.br\/index.php\/uern-anuncia-suspensao-de-concurso-para-professores\/#primaryimage\"},\"thumbnailUrl\":\"https:\/\/deputadotaveirajr.com.br\/wp-content\/uploads\/2025\/01\/uern-ea8cL7.jpeg\",\"datePublished\":\"2025-01-19T11:55:36+00:00\",\"breadcrumb\":{\"@id\":\"https:\/\/deputadotaveirajr.com.br\/index.php\/uern-anuncia-suspensao-de-concurso-para-professores\/#breadcrumb\"},\"inLanguage\":\"pt-BR\",\"potentialAction\":[{\"@type\":\"ReadAction\",\"target\":[\"https:\/\/deputadotaveirajr.com.br\/index.php\/uern-anuncia-suspensao-de-concurso-para-professores\/\"]}]},{\"@type\":\"ImageObject\",\"inLanguage\":\"pt-BR\",\"@id\":\"https:\/\/deputadotaveirajr.com.br\/index.php\/uern-anuncia-suspensao-de-concurso-para-professores\/#primaryimage\",\"url\":\"https:\/\/deputadotaveirajr.com.br\/wp-content\/uploads\/2025\/01\/uern-ea8cL7.jpeg\",\"contentUrl\":\"https:\/\/deputadotaveirajr.com.br\/wp-content\/uploads\/2025\/01\/uern-ea8cL7.jpeg\",\"width\":1024,\"height\":768},{\"@type\":\"BreadcrumbList\",\"@id\":\"https:\/\/deputadotaveirajr.com.br\/index.php\/uern-anuncia-suspensao-de-concurso-para-professores\/#breadcrumb\",\"itemListElement\":[{\"@type\":\"ListItem\",\"position\":1,\"name\":\"In\u00edcio\",\"item\":\"https:\/\/deputadotaveirajr.com.br\/\"},{\"@type\":\"ListItem\",\"position\":2,\"name\":\"UERN anuncia suspens\u00e3o de concurso para professores\"}]},{\"@type\":\"WebSite\",\"@id\":\"https:\/\/deputadotaveirajr.com.br\/#website\",\"url\":\"https:\/\/deputadotaveirajr.com.br\/\",\"name\":\"Taveira Jr\",\"description\":\"Deputado Estadual\",\"publisher\":{\"@id\":\"https:\/\/deputadotaveirajr.com.br\/#organization\"},\"potentialAction\":[{\"@type\":\"SearchAction\",\"target\":{\"@type\":\"EntryPoint\",\"urlTemplate\":\"https:\/\/deputadotaveirajr.com.br\/?s={search_term_string}\"},\"query-input\":{\"@type\":\"PropertyValueSpecification\",\"valueRequired\":true,\"valueName\":\"search_term_string\"}}],\"inLanguage\":\"pt-BR\"},{\"@type\":\"Organization\",\"@id\":\"https:\/\/deputadotaveirajr.com.br\/#organization\",\"name\":\"Taveira Jr\",\"url\":\"https:\/\/deputadotaveirajr.com.br\/\",\"logo\":{\"@type\":\"ImageObject\",\"inLanguage\":\"pt-BR\",\"@id\":\"https:\/\/deputadotaveirajr.com.br\/#\/schema\/logo\/image\/\",\"url\":\"https:\/\/deputadotaveirajr.com.br\/wp-content\/uploads\/2026\/01\/logolow2a.png\",\"contentUrl\":\"https:\/\/deputadotaveirajr.com.br\/wp-content\/uploads\/2026\/01\/logolow2a.png\",\"width\":290,\"height\":80,\"caption\":\"Taveira Jr\"},\"image\":{\"@id\":\"https:\/\/deputadotaveirajr.com.br\/#\/schema\/logo\/image\/\"}}]}<\/script>\n<!-- \/ Yoast SEO plugin. -->","yoast_head_json":{"title":"UERN anuncia suspens\u00e3o de concurso para professores - Taveira Jr","robots":{"index":"index","follow":"follow","max-snippet":"max-snippet:-1","max-image-preview":"max-image-preview:large","max-video-preview":"max-video-preview:-1"},"canonical":"https:\/\/deputadotaveirajr.com.br\/index.php\/uern-anuncia-suspensao-de-concurso-para-professores\/","og_locale":"pt_BR","og_type":"article","og_title":"UERN anuncia suspens\u00e3o de concurso para professores - Taveira Jr","og_description":"Funda\u00e7\u00e3o tomou decis\u00e3o a partir de den\u00fancias apontando que a empresa respons\u00e1vel pelo processo revelou identidade dos candidatos \u00e0 banca. Entrada do campus da Uern em Mossor\u00f3 Uern\/Divulga\u00e7\u00e3o O concurso ...","og_url":"https:\/\/deputadotaveirajr.com.br\/index.php\/uern-anuncia-suspensao-de-concurso-para-professores\/","og_site_name":"Taveira Jr","og_image":[{"url":"https:\/\/s2-g1.glbimg.com\/IGAZO5jbLeH5At3G6cfthTEa3pA=\/i.s3.glbimg.com\/v1\/AUTH_59edd422c0c84a879bd37670ae4f538a\/internal_photos\/bs\/2024\/l\/Z\/qQv2SkQCeWWPuQFBbXBQ\/uern.jpeg","type":"","width":"","height":""}],"twitter_card":"summary_large_image","twitter_misc":{"Est. tempo de leitura":"2 minutos"},"schema":{"@context":"https:\/\/schema.org","@graph":[{"@type":"WebPage","@id":"https:\/\/deputadotaveirajr.com.br\/index.php\/uern-anuncia-suspensao-de-concurso-para-professores\/","url":"https:\/\/deputadotaveirajr.com.br\/index.php\/uern-anuncia-suspensao-de-concurso-para-professores\/","name":"UERN anuncia suspens\u00e3o de concurso para professores - Taveira Jr","isPartOf":{"@id":"https:\/\/deputadotaveirajr.com.br\/#website"},"primaryImageOfPage":{"@id":"https:\/\/deputadotaveirajr.com.br\/index.php\/uern-anuncia-suspensao-de-concurso-para-professores\/#primaryimage"},"image":{"@id":"https:\/\/deputadotaveirajr.com.br\/index.php\/uern-anuncia-suspensao-de-concurso-para-professores\/#primaryimage"},"thumbnailUrl":"https:\/\/deputadotaveirajr.com.br\/wp-content\/uploads\/2025\/01\/uern-ea8cL7.jpeg","datePublished":"2025-01-19T11:55:36+00:00","breadcrumb":{"@id":"https:\/\/deputadotaveirajr.com.br\/index.php\/uern-anuncia-suspensao-de-concurso-para-professores\/#breadcrumb"},"inLanguage":"pt-BR","potentialAction":[{"@type":"ReadAction","target":["https:\/\/deputadotaveirajr.com.br\/index.php\/uern-anuncia-suspensao-de-concurso-para-professores\/"]}]},{"@type":"ImageObject","inLanguage":"pt-BR","@id":"https:\/\/deputadotaveirajr.com.br\/index.php\/uern-anuncia-suspensao-de-concurso-para-professores\/#primaryimage","url":"https:\/\/deputadotaveirajr.com.br\/wp-content\/uploads\/2025\/01\/uern-ea8cL7.jpeg","contentUrl":"https:\/\/deputadotaveirajr.com.br\/wp-content\/uploads\/2025\/01\/uern-ea8cL7.jpeg","width":1024,"height":768},{"@type":"BreadcrumbList","@id":"https:\/\/deputadotaveirajr.com.br\/index.php\/uern-anuncia-suspensao-de-concurso-para-professores\/#breadcrumb","itemListElement":[{"@type":"ListItem","position":1,"name":"In\u00edcio","item":"https:\/\/deputadotaveirajr.com.br\/"},{"@type":"ListItem","position":2,"name":"UERN anuncia suspens\u00e3o de concurso para professores"}]},{"@type":"WebSite","@id":"https:\/\/deputadotaveirajr.com.br\/#website","url":"https:\/\/deputadotaveirajr.com.br\/","name":"Taveira Jr","description":"Deputado Estadual","publisher":{"@id":"https:\/\/deputadotaveirajr.com.br\/#organization"},"potentialAction":[{"@type":"SearchAction","target":{"@type":"EntryPoint","urlTemplate":"https:\/\/deputadotaveirajr.com.br\/?s={search_term_string}"},"query-input":{"@type":"PropertyValueSpecification","valueRequired":true,"valueName":"search_term_string"}}],"inLanguage":"pt-BR"},{"@type":"Organization","@id":"https:\/\/deputadotaveirajr.com.br\/#organization","name":"Taveira Jr","url":"https:\/\/deputadotaveirajr.com.br\/","logo":{"@type":"ImageObject","inLanguage":"pt-BR","@id":"https:\/\/deputadotaveirajr.com.br\/#\/schema\/logo\/image\/","url":"https:\/\/deputadotaveirajr.com.br\/wp-content\/uploads\/2026\/01\/logolow2a.png","contentUrl":"https:\/\/deputadotaveirajr.com.br\/wp-content\/uploads\/2026\/01\/logolow2a.png","width":290,"height":80,"caption":"Taveira Jr"},"image":{"@id":"https:\/\/deputadotaveirajr.com.br\/#\/schema\/logo\/image\/"}}]}},"_links":{"self":[{"href":"https:\/\/deputadotaveirajr.com.br\/index.php\/wp-json\/wp\/v2\/pages\/12048","targetHints":{"allow":["GET"]}}],"collection":[{"href":"https:\/\/deputadotaveirajr.com.br\/index.php\/wp-json\/wp\/v2\/pages"}],"about":[{"href":"https:\/\/deputadotaveirajr.com.br\/index.php\/wp-json\/wp\/v2\/types\/page"}],"replies":[{"embeddable":true,"href":"https:\/\/deputadotaveirajr.com.br\/index.php\/wp-json\/wp\/v2\/comments?post=12048"}],"version-history":[{"count":0,"href":"https:\/\/deputadotaveirajr.com.br\/index.php\/wp-json\/wp\/v2\/pages\/12048\/revisions"}],"wp:featuredmedia":[{"embeddable":true,"href":"https:\/\/deputadotaveirajr.com.br\/index.php\/wp-json\/wp\/v2\/media\/12049"}],"wp:attachment":[{"href":"https:\/\/deputadotaveirajr.com.br\/index.php\/wp-json\/wp\/v2\/media?parent=12048"}],"curies":[{"name":"wp","href":"https:\/\/api.w.org\/{rel}","templated":true}]}}