{"id":12066,"date":"2025-01-22T18:11:54","date_gmt":"2025-01-22T21:11:54","guid":{"rendered":"https:\/\/deputadotaveirajr.com.br\/index.php\/ifrn-abre-800-vagas-em-cursos-tecnicos-profissionalizantes-saiba-como-se-inscrever\/"},"modified":"2025-01-22T18:11:54","modified_gmt":"2025-01-22T21:11:54","slug":"ifrn-abre-800-vagas-em-cursos-tecnicos-profissionalizantes-saiba-como-se-inscrever","status":"publish","type":"page","link":"https:\/\/deputadotaveirajr.com.br\/index.php\/ifrn-abre-800-vagas-em-cursos-tecnicos-profissionalizantes-saiba-como-se-inscrever\/","title":{"rendered":"IFRN abre 800 vagas em cursos t\u00e9cnicos profissionalizantes; saiba como se inscrever"},"content":{"rendered":"<p><img decoding=\"async\" src=\"https:\/\/s2-g1.glbimg.com\/ETlwr9k-oYTZ7K5kXJmTvFXTufs=\/i.s3.glbimg.com\/v1\/AUTH_59edd422c0c84a879bd37670ae4f538a\/internal_photos\/bs\/2020\/1\/B\/9RUBo2QNaagW1T53Vdkg\/whatsapp-image-2020-12-05-at-16.00.13.jpeg\" \/><br \/>     H\u00e1 oportunidades parta sete campi do Instituto. Taxa de inscri\u00e7\u00e3o \u00e9 de R$ 25 e aulas come\u00e7am neste primeiro semestres de 2025. IFRN &#8211; Instituto Federal do Rio Grande do Norte<br \/>\nS\u00e9rgio Henrique Santos\/Inter TV Cabugi<br \/>\nO Instituto Federal do Rio Grande do Norte (IFRN) abriu nesta quarta-feira (22) um processo seletivo com 800 vagas em cursos t\u00e9cnicos profissionalizantes de n\u00edvel m\u00e9dio. O ingresso \u00e9 previsto para  este 1\u00ba semestre de 2025.<br \/>\nAs vagas s\u00e3o distribu\u00eddas entre sete campi da institui\u00e7\u00e3o: Apodi, Mossor\u00f3, Natal (Central, Centro Hist\u00f3rico e Zona Norte), Nova Cruz e Parnamirim.<br \/>\n\ud83d\udcf3Participe do canal do g1 RN no WhatsApp<br \/>\nAs inscri\u00e7\u00f5es come\u00e7am no dia 23 de janeiro, \u00e0s 14h, e se estendem at\u00e9 o dia 10 de fevereiro. Os interessados devem realizar o cadastro exclusivamente pelo Portal do Candidato. A taxa de inscri\u00e7\u00e3o \u00e9 R$ 25.<br \/>\n Candidatas e candidatos cadastrados no Cad\u00danico ou integrantes de fam\u00edlias de baixa renda podem solicitar isen\u00e7\u00e3o at\u00e9 o dia 2 de fevereiro, seguindo as orienta\u00e7\u00f5es do edital.<br \/>\nCursos<br \/>\nOs cursos oferecidos s\u00e3o:<br \/>\nagropecu\u00e1ria;<br \/>\neletrot\u00e9cnica;<br \/>\ninform\u00e1tica;<br \/>\nmec\u00e2nica;<br \/>\naneamento;<br \/>\npetr\u00f3leo e g\u00e1s;<br \/>\nedifica\u00e7\u00f5es;<br \/>\nestrada;<br \/>\nminera\u00e7\u00e3o;<br \/>\nseguran\u00e7a do trabalho;<br \/>\neventos;<br \/>\nguia de turismo;<br \/>\nmanuten\u00e7\u00e3o e suporte em inform\u00e1tica;<br \/>\nadministra\u00e7\u00e3o;<br \/>\nmecatr\u00f4nica;<br \/>\nrede de computadores;<br \/>\nComo se inscrever<br \/>\nPara efetuar a inscri\u00e7\u00e3o, o candidato deve seguir os seguintes passos:<br \/>\nAcessar o Sistema Gestor de Concursos (SGC) do IFRN;<br \/>\nCriar uma nova conta, preencher os dados solicitados e ativar a conta atrav\u00e9s do link enviado para o e-mail cadastrado;<br \/>\nEntrar no sistema com CPF e senha;<br \/>\nSelecionar o concurso desejado e a oferta de curso;<br \/>\nPreencher corretamente os dados solicitados e confirmar a inscri\u00e7\u00e3o.<br \/>\nComo funciona<br \/>\nA sele\u00e7\u00e3o para os cursos t\u00e9cnicos profissionalizantes do IFRN \u00e9 realizada por meio de sorteio eletr\u00f4nico por um sistema da institui\u00e7\u00e3o que automatiza o procedimento com imparcialidade e transpar\u00eancia, segundo o IFRN.<br \/>\nAs pessoas candidatas ser\u00e3o classificadas de acordo com as vagas dispon\u00edveis por curso, campus e turno, sendo os primeiros sorteados considerados aprovados.<br \/>\nAs demais ser\u00e3o inclu\u00eddas em listas de espera, podendo ser convocadas para preenchimento de vagas remanescentes.<br \/>\nV\u00eddeos mais assistidos do g1 RN<\/p>","protected":false},"excerpt":{"rendered":"<p>H\u00e1 oportunidades parta sete campi do Instituto. Taxa de inscri\u00e7\u00e3o \u00e9 de R$ 25 e aulas come\u00e7am neste primeiro semestres de 2025. IFRN &#8211; Instituto Federal do Rio Grande do &#8230;<\/p>\n","protected":false},"author":0,"featured_media":12067,"parent":0,"menu_order":0,"comment_status":"closed","ping_status":"closed","template":"","meta":{"footnotes":""},"class_list":["post-12066","page","type-page","status-publish","has-post-thumbnail","hentry"],"yoast_head":"<!-- This site is optimized with the Yoast SEO plugin v27.1.1 - https:\/\/yoast.com\/product\/yoast-seo-wordpress\/ -->\n<title>IFRN abre 800 vagas em cursos t\u00e9cnicos profissionalizantes; saiba como se inscrever - Taveira Jr<\/title>\n<meta name=\"robots\" content=\"index, follow, max-snippet:-1, max-image-preview:large, max-video-preview:-1\" \/>\n<link rel=\"canonical\" href=\"https:\/\/deputadotaveirajr.com.br\/index.php\/ifrn-abre-800-vagas-em-cursos-tecnicos-profissionalizantes-saiba-como-se-inscrever\/\" \/>\n<meta property=\"og:locale\" content=\"pt_BR\" \/>\n<meta property=\"og:type\" content=\"article\" \/>\n<meta property=\"og:title\" content=\"IFRN abre 800 vagas em cursos t\u00e9cnicos profissionalizantes; saiba como se inscrever - Taveira Jr\" \/>\n<meta property=\"og:description\" content=\"H\u00e1 oportunidades parta sete campi do Instituto. Taxa de inscri\u00e7\u00e3o \u00e9 de R$ 25 e aulas come\u00e7am neste primeiro semestres de 2025. IFRN &#8211; Instituto Federal do Rio Grande do ...\" \/>\n<meta property=\"og:url\" content=\"https:\/\/deputadotaveirajr.com.br\/index.php\/ifrn-abre-800-vagas-em-cursos-tecnicos-profissionalizantes-saiba-como-se-inscrever\/\" \/>\n<meta property=\"og:site_name\" content=\"Taveira Jr\" \/>\n<meta property=\"og:image\" content=\"https:\/\/s2-g1.glbimg.com\/ETlwr9k-oYTZ7K5kXJmTvFXTufs=\/i.s3.glbimg.com\/v1\/AUTH_59edd422c0c84a879bd37670ae4f538a\/internal_photos\/bs\/2020\/1\/B\/9RUBo2QNaagW1T53Vdkg\/whatsapp-image-2020-12-05-at-16.00.13.jpeg\" \/>\n<meta name=\"twitter:card\" content=\"summary_large_image\" \/>\n<meta name=\"twitter:label1\" content=\"Est. tempo de leitura\" \/>\n\t<meta name=\"twitter:data1\" content=\"2 minutos\" \/>\n<script type=\"application\/ld+json\" class=\"yoast-schema-graph\">{\"@context\":\"https:\/\/schema.org\",\"@graph\":[{\"@type\":\"WebPage\",\"@id\":\"https:\/\/deputadotaveirajr.com.br\/index.php\/ifrn-abre-800-vagas-em-cursos-tecnicos-profissionalizantes-saiba-como-se-inscrever\/\",\"url\":\"https:\/\/deputadotaveirajr.com.br\/index.php\/ifrn-abre-800-vagas-em-cursos-tecnicos-profissionalizantes-saiba-como-se-inscrever\/\",\"name\":\"IFRN abre 800 vagas em cursos t\u00e9cnicos profissionalizantes; saiba como se inscrever - Taveira Jr\",\"isPartOf\":{\"@id\":\"https:\/\/deputadotaveirajr.com.br\/#website\"},\"primaryImageOfPage\":{\"@id\":\"https:\/\/deputadotaveirajr.com.br\/index.php\/ifrn-abre-800-vagas-em-cursos-tecnicos-profissionalizantes-saiba-como-se-inscrever\/#primaryimage\"},\"image\":{\"@id\":\"https:\/\/deputadotaveirajr.com.br\/index.php\/ifrn-abre-800-vagas-em-cursos-tecnicos-profissionalizantes-saiba-como-se-inscrever\/#primaryimage\"},\"thumbnailUrl\":\"https:\/\/deputadotaveirajr.com.br\/wp-content\/uploads\/2025\/01\/whatsapp-image-2020-12-05-at-16.00.13-obYCtw.jpeg\",\"datePublished\":\"2025-01-22T21:11:54+00:00\",\"breadcrumb\":{\"@id\":\"https:\/\/deputadotaveirajr.com.br\/index.php\/ifrn-abre-800-vagas-em-cursos-tecnicos-profissionalizantes-saiba-como-se-inscrever\/#breadcrumb\"},\"inLanguage\":\"pt-BR\",\"potentialAction\":[{\"@type\":\"ReadAction\",\"target\":[\"https:\/\/deputadotaveirajr.com.br\/index.php\/ifrn-abre-800-vagas-em-cursos-tecnicos-profissionalizantes-saiba-como-se-inscrever\/\"]}]},{\"@type\":\"ImageObject\",\"inLanguage\":\"pt-BR\",\"@id\":\"https:\/\/deputadotaveirajr.com.br\/index.php\/ifrn-abre-800-vagas-em-cursos-tecnicos-profissionalizantes-saiba-como-se-inscrever\/#primaryimage\",\"url\":\"https:\/\/deputadotaveirajr.com.br\/wp-content\/uploads\/2025\/01\/whatsapp-image-2020-12-05-at-16.00.13-obYCtw.jpeg\",\"contentUrl\":\"https:\/\/deputadotaveirajr.com.br\/wp-content\/uploads\/2025\/01\/whatsapp-image-2020-12-05-at-16.00.13-obYCtw.jpeg\",\"width\":1152,\"height\":648},{\"@type\":\"BreadcrumbList\",\"@id\":\"https:\/\/deputadotaveirajr.com.br\/index.php\/ifrn-abre-800-vagas-em-cursos-tecnicos-profissionalizantes-saiba-como-se-inscrever\/#breadcrumb\",\"itemListElement\":[{\"@type\":\"ListItem\",\"position\":1,\"name\":\"In\u00edcio\",\"item\":\"https:\/\/deputadotaveirajr.com.br\/\"},{\"@type\":\"ListItem\",\"position\":2,\"name\":\"IFRN abre 800 vagas em cursos t\u00e9cnicos profissionalizantes; saiba como se inscrever\"}]},{\"@type\":\"WebSite\",\"@id\":\"https:\/\/deputadotaveirajr.com.br\/#website\",\"url\":\"https:\/\/deputadotaveirajr.com.br\/\",\"name\":\"Taveira Jr\",\"description\":\"Deputado Estadual\",\"publisher\":{\"@id\":\"https:\/\/deputadotaveirajr.com.br\/#organization\"},\"potentialAction\":[{\"@type\":\"SearchAction\",\"target\":{\"@type\":\"EntryPoint\",\"urlTemplate\":\"https:\/\/deputadotaveirajr.com.br\/?s={search_term_string}\"},\"query-input\":{\"@type\":\"PropertyValueSpecification\",\"valueRequired\":true,\"valueName\":\"search_term_string\"}}],\"inLanguage\":\"pt-BR\"},{\"@type\":\"Organization\",\"@id\":\"https:\/\/deputadotaveirajr.com.br\/#organization\",\"name\":\"Taveira Jr\",\"url\":\"https:\/\/deputadotaveirajr.com.br\/\",\"logo\":{\"@type\":\"ImageObject\",\"inLanguage\":\"pt-BR\",\"@id\":\"https:\/\/deputadotaveirajr.com.br\/#\/schema\/logo\/image\/\",\"url\":\"https:\/\/deputadotaveirajr.com.br\/wp-content\/uploads\/2026\/01\/logolow2a.png\",\"contentUrl\":\"https:\/\/deputadotaveirajr.com.br\/wp-content\/uploads\/2026\/01\/logolow2a.png\",\"width\":290,\"height\":80,\"caption\":\"Taveira Jr\"},\"image\":{\"@id\":\"https:\/\/deputadotaveirajr.com.br\/#\/schema\/logo\/image\/\"}}]}<\/script>\n<!-- \/ Yoast SEO plugin. -->","yoast_head_json":{"title":"IFRN abre 800 vagas em cursos t\u00e9cnicos profissionalizantes; saiba como se inscrever - Taveira Jr","robots":{"index":"index","follow":"follow","max-snippet":"max-snippet:-1","max-image-preview":"max-image-preview:large","max-video-preview":"max-video-preview:-1"},"canonical":"https:\/\/deputadotaveirajr.com.br\/index.php\/ifrn-abre-800-vagas-em-cursos-tecnicos-profissionalizantes-saiba-como-se-inscrever\/","og_locale":"pt_BR","og_type":"article","og_title":"IFRN abre 800 vagas em cursos t\u00e9cnicos profissionalizantes; saiba como se inscrever - Taveira Jr","og_description":"H\u00e1 oportunidades parta sete campi do Instituto. Taxa de inscri\u00e7\u00e3o \u00e9 de R$ 25 e aulas come\u00e7am neste primeiro semestres de 2025. IFRN &#8211; Instituto Federal do Rio Grande do ...","og_url":"https:\/\/deputadotaveirajr.com.br\/index.php\/ifrn-abre-800-vagas-em-cursos-tecnicos-profissionalizantes-saiba-como-se-inscrever\/","og_site_name":"Taveira Jr","og_image":[{"url":"https:\/\/s2-g1.glbimg.com\/ETlwr9k-oYTZ7K5kXJmTvFXTufs=\/i.s3.glbimg.com\/v1\/AUTH_59edd422c0c84a879bd37670ae4f538a\/internal_photos\/bs\/2020\/1\/B\/9RUBo2QNaagW1T53Vdkg\/whatsapp-image-2020-12-05-at-16.00.13.jpeg","type":"","width":"","height":""}],"twitter_card":"summary_large_image","twitter_misc":{"Est. tempo de leitura":"2 minutos"},"schema":{"@context":"https:\/\/schema.org","@graph":[{"@type":"WebPage","@id":"https:\/\/deputadotaveirajr.com.br\/index.php\/ifrn-abre-800-vagas-em-cursos-tecnicos-profissionalizantes-saiba-como-se-inscrever\/","url":"https:\/\/deputadotaveirajr.com.br\/index.php\/ifrn-abre-800-vagas-em-cursos-tecnicos-profissionalizantes-saiba-como-se-inscrever\/","name":"IFRN abre 800 vagas em cursos t\u00e9cnicos profissionalizantes; saiba como se inscrever - Taveira Jr","isPartOf":{"@id":"https:\/\/deputadotaveirajr.com.br\/#website"},"primaryImageOfPage":{"@id":"https:\/\/deputadotaveirajr.com.br\/index.php\/ifrn-abre-800-vagas-em-cursos-tecnicos-profissionalizantes-saiba-como-se-inscrever\/#primaryimage"},"image":{"@id":"https:\/\/deputadotaveirajr.com.br\/index.php\/ifrn-abre-800-vagas-em-cursos-tecnicos-profissionalizantes-saiba-como-se-inscrever\/#primaryimage"},"thumbnailUrl":"https:\/\/deputadotaveirajr.com.br\/wp-content\/uploads\/2025\/01\/whatsapp-image-2020-12-05-at-16.00.13-obYCtw.jpeg","datePublished":"2025-01-22T21:11:54+00:00","breadcrumb":{"@id":"https:\/\/deputadotaveirajr.com.br\/index.php\/ifrn-abre-800-vagas-em-cursos-tecnicos-profissionalizantes-saiba-como-se-inscrever\/#breadcrumb"},"inLanguage":"pt-BR","potentialAction":[{"@type":"ReadAction","target":["https:\/\/deputadotaveirajr.com.br\/index.php\/ifrn-abre-800-vagas-em-cursos-tecnicos-profissionalizantes-saiba-como-se-inscrever\/"]}]},{"@type":"ImageObject","inLanguage":"pt-BR","@id":"https:\/\/deputadotaveirajr.com.br\/index.php\/ifrn-abre-800-vagas-em-cursos-tecnicos-profissionalizantes-saiba-como-se-inscrever\/#primaryimage","url":"https:\/\/deputadotaveirajr.com.br\/wp-content\/uploads\/2025\/01\/whatsapp-image-2020-12-05-at-16.00.13-obYCtw.jpeg","contentUrl":"https:\/\/deputadotaveirajr.com.br\/wp-content\/uploads\/2025\/01\/whatsapp-image-2020-12-05-at-16.00.13-obYCtw.jpeg","width":1152,"height":648},{"@type":"BreadcrumbList","@id":"https:\/\/deputadotaveirajr.com.br\/index.php\/ifrn-abre-800-vagas-em-cursos-tecnicos-profissionalizantes-saiba-como-se-inscrever\/#breadcrumb","itemListElement":[{"@type":"ListItem","position":1,"name":"In\u00edcio","item":"https:\/\/deputadotaveirajr.com.br\/"},{"@type":"ListItem","position":2,"name":"IFRN abre 800 vagas em cursos t\u00e9cnicos profissionalizantes; saiba como se inscrever"}]},{"@type":"WebSite","@id":"https:\/\/deputadotaveirajr.com.br\/#website","url":"https:\/\/deputadotaveirajr.com.br\/","name":"Taveira Jr","description":"Deputado Estadual","publisher":{"@id":"https:\/\/deputadotaveirajr.com.br\/#organization"},"potentialAction":[{"@type":"SearchAction","target":{"@type":"EntryPoint","urlTemplate":"https:\/\/deputadotaveirajr.com.br\/?s={search_term_string}"},"query-input":{"@type":"PropertyValueSpecification","valueRequired":true,"valueName":"search_term_string"}}],"inLanguage":"pt-BR"},{"@type":"Organization","@id":"https:\/\/deputadotaveirajr.com.br\/#organization","name":"Taveira Jr","url":"https:\/\/deputadotaveirajr.com.br\/","logo":{"@type":"ImageObject","inLanguage":"pt-BR","@id":"https:\/\/deputadotaveirajr.com.br\/#\/schema\/logo\/image\/","url":"https:\/\/deputadotaveirajr.com.br\/wp-content\/uploads\/2026\/01\/logolow2a.png","contentUrl":"https:\/\/deputadotaveirajr.com.br\/wp-content\/uploads\/2026\/01\/logolow2a.png","width":290,"height":80,"caption":"Taveira Jr"},"image":{"@id":"https:\/\/deputadotaveirajr.com.br\/#\/schema\/logo\/image\/"}}]}},"_links":{"self":[{"href":"https:\/\/deputadotaveirajr.com.br\/index.php\/wp-json\/wp\/v2\/pages\/12066","targetHints":{"allow":["GET"]}}],"collection":[{"href":"https:\/\/deputadotaveirajr.com.br\/index.php\/wp-json\/wp\/v2\/pages"}],"about":[{"href":"https:\/\/deputadotaveirajr.com.br\/index.php\/wp-json\/wp\/v2\/types\/page"}],"replies":[{"embeddable":true,"href":"https:\/\/deputadotaveirajr.com.br\/index.php\/wp-json\/wp\/v2\/comments?post=12066"}],"version-history":[{"count":0,"href":"https:\/\/deputadotaveirajr.com.br\/index.php\/wp-json\/wp\/v2\/pages\/12066\/revisions"}],"wp:featuredmedia":[{"embeddable":true,"href":"https:\/\/deputadotaveirajr.com.br\/index.php\/wp-json\/wp\/v2\/media\/12067"}],"wp:attachment":[{"href":"https:\/\/deputadotaveirajr.com.br\/index.php\/wp-json\/wp\/v2\/media?parent=12066"}],"curies":[{"name":"wp","href":"https:\/\/api.w.org\/{rel}","templated":true}]}}