{"id":12068,"date":"2025-01-22T17:07:57","date_gmt":"2025-01-22T20:07:57","guid":{"rendered":"https:\/\/deputadotaveirajr.com.br\/index.php\/mprn-denuncia-ex-prefeito-de-natal-e-ex-secretario-por-superfaturamento-em-contratos-de-iluminacao-publica\/"},"modified":"2025-01-22T17:07:57","modified_gmt":"2025-01-22T20:07:57","slug":"mprn-denuncia-ex-prefeito-de-natal-e-ex-secretario-por-superfaturamento-em-contratos-de-iluminacao-publica","status":"publish","type":"page","link":"https:\/\/deputadotaveirajr.com.br\/index.php\/mprn-denuncia-ex-prefeito-de-natal-e-ex-secretario-por-superfaturamento-em-contratos-de-iluminacao-publica\/","title":{"rendered":"MPRN denuncia ex-prefeito de Natal e ex-secret\u00e1rio por superfaturamento em contratos de ilumina\u00e7\u00e3o p\u00fablica"},"content":{"rendered":"<p><img decoding=\"async\" src=\"https:\/\/s2-g1.glbimg.com\/bTKzciQ17wK_0lSfaWTkopv-nh8=\/i.s3.glbimg.com\/v1\/AUTH_59edd422c0c84a879bd37670ae4f538a\/internal_photos\/bs\/2025\/U\/2\/8ugsqxRJWiOLOJZlYaPg\/1345.jpg\" \/><br \/>     Carlos Eduardo e Raniere Barbosa &#8211; titular da Semsur entre 2013 e 2015 &#8211; integram grupo de 15 denunciados que teriam esquema de propina para beneficiar empresas em licita\u00e7\u00f5es, apontou MP. Preju\u00edzo seria de pelo menos R$ 3,6 milh\u00f5es. Carlos Eduardo Alves, ex-prefeito de Natal, e Raniere Barbosa, ex-secret\u00e1rio da Semsur e ex-vereador<br \/>\nFoto 1: Pedro Trindade\/Inter TV Cabugi\/AQUIVO ; Foto 2: Elp\u00eddio J\u00fanior\/ARQUIVO<br \/>\nO Minist\u00e9rio P\u00fablico do Rio Grande do Norte (MPRN) denunciou o ex-prefeito de Natal Carlos Eduardo Alves e o ex-secret\u00e1rio de Servi\u00e7os Urbanos (Semsur) Raniere Barbosa por superfaturamento em contratos para servi\u00e7os de ilumina\u00e7\u00e3o p\u00fablica da cidade entre 2013 e 2017.<br \/>\nEx-vereador, Raniere Barbosa assumiu em janeiro deste ano o cargo de secret\u00e1rio especial do gabinete do atual prefeito Paulinho Freire. Carlos Eduardo foi candidato a prefeito em 2024, mas perdeu as elei\u00e7\u00f5es.<br \/>\n\ud83d\udcf3Participe do canal do g1 RN no WhatsApp<br \/>\nDe acordo com o MP, Carlos Eduardo, Raniere e um grupo de empres\u00e1rios e servidores do Munic\u00edpio teriam sido respons\u00e1veis por um preju\u00edzo de cerca de R$ 3,6 milh\u00f5es aos cofres p\u00fablicos &#8211; cerca de 5% do total pago aos servi\u00e7os das empresas envolvidas, que foi R$ 73 milh\u00f5es. Ao todo, 15 pessoas foram denunciadas.<br \/>\nO g1 RN tentou contato com Carlos Eduardo e Raniere Barbosa, mas n\u00e3o teve retorno at\u00e9 a atualiza\u00e7\u00e3o mais recente desta reportagem.<br \/>\nOs envolvidos foram denunciados pelo MP por dano ao er\u00e1rio. A A\u00e7\u00e3o Civil P\u00fablica \u00e9 resultado da &#8220;Opera\u00e7\u00e3o Cidade Luz&#8221;, que investigou irregularidades na Semsur entre 2013 e 2017. O MP busca o ressarcimento do valor desviado.<br \/>\nSegundo a a\u00e7\u00e3o do MP, os denunciados &#8220;receberam vantagem indevida \u2013 mediante desvio de recursos p\u00fablicos do Munic\u00edpio de Natal, provenientes do superfaturamento de valores de contratos \u2013, a t\u00edtulo de &#8216;propina'&#8221;.<br \/>\nA a\u00e7\u00e3o aponta que o superfaturamento em quest\u00e3o &#8220;foi utilizado para o pagamento de &#8216;propina&#8217; a agentes p\u00fablicos&#8221; para garantir o funcionamento da engrenagem il\u00edcita.<br \/>\n&#8220;Esse fator revela a gravidade da situa\u00e7\u00e3o, pois n\u00e3o apenas compromete a integridade da administra\u00e7\u00e3o p\u00fablica, mas tamb\u00e9m desvia recursos que poderiam ser aplicados em benef\u00edcios \u00e0 sociedade, favorecendo interesses pessoais em detrimento do bem comum&#8221;, apontou o MP.<br \/>\nSegundo o MP, o er\u00e1rio era o &#8220;grande financiador&#8221; dessa conduta, com os valores correspondentes \u00e0s vantagens indevidas estando inseridos nos contratos.<br \/>\n Os contratos envolviam a ilumina\u00e7\u00e3o p\u00fablica da cidade, incluindo manuten\u00e7\u00e3o da \u00c1rvore de Natal de Mirassol e da instala\u00e7\u00e3o de ilumina\u00e7\u00e3o de LED. O MP apontou superfaturamento ainda nos conratos da decora\u00e7\u00e3o natalina de 2013 e da Copa de 2014.<br \/>\n&#8216;Cria\u00e7\u00e3o de cartel&#8217;, diz MP<br \/>\nO MP apontou que o grupo teria agido para monopolizar os contratos de servi\u00e7os de ilumina\u00e7\u00e3o p\u00fablica, favorecendo empresas pernambucanas. As propinas, apontou a a\u00e7\u00e3o, &#8220;eram pagas mediante desvio de recursos p\u00fablicos do Munic\u00edpio de Natal&#8221;.<br \/>\n A a\u00e7\u00e3o cita que, no interesse da otimiza\u00e7\u00e3o do funcionamento da organiza\u00e7\u00e3o, a inten\u00e7\u00e3o era de se &#8220;adotassem provid\u00eancias para monopolizar os contratos de servi\u00e7os de ilumina\u00e7\u00e3o p\u00fablica em favor das empresas integrantes do cartel&#8221;.<br \/>\nSegundo o MP as empresas envolvidas monopolizavam os contratos de servi\u00e7os de ilumina\u00e7\u00e3o p\u00fablica da Semsur pelo menos desde o ano de 2013, &#8220;mediante controle de mercado relevante, fraudes nas licita\u00e7\u00f5es e contrata\u00e7\u00f5es diretas, corrup\u00e7\u00e3o de agentes p\u00fablicos, peculato e lavagem de capitais&#8221;.<br \/>\nA a\u00e7\u00e3o apontou que algumas empresas apresentavam servi\u00e7os prestados \u00e0 Semsur desde 2007.<br \/>\n&#8220;Descobriu-se tamb\u00e9m que quando alguma empresa independente amea\u00e7ava o resultado desejado pelo cartel, a organiza\u00e7\u00e3o criminosa interferia para dividir o servi\u00e7o licitado, mediante rateio de lotes ou posterior subcontrata\u00e7\u00e3o, com ades\u00e3o do concorrente aos interesses do grupo&#8221;, refor\u00e7ou a den\u00fancia.<br \/>\nA den\u00fancia do MP se baseou em extensa investiga\u00e7\u00e3o, incluindo intercepta\u00e7\u00f5es telef\u00f4nicas, quebras de sigilo banc\u00e1rio e fiscal, e apreens\u00f5es.<br \/>\nN\u00facleos<br \/>\nDe acordo com o MP, havia n\u00facleos formados para o esquema funcionar, como o de lavagem de capitais, o empresarial e o administrativo &#8211; esse \u00faltimo com o servidores da prefeitura.<br \/>\nO MP apontou que a organiza\u00e7\u00e3o recrutava agentes p\u00fablicos &#8220;independentemente dos gestores que estivessem momentaneamente no comando da Semsur e nos cargos e fun\u00e7\u00f5es auxiliares&#8221;.<br \/>\nSegundo a den\u00fancia, eles &#8220;eram cooptados para viabilizar o monop\u00f3lio das contrata\u00e7\u00f5es e respectivos pagamentos em favor do grupo e, dolosamente, praticavam atos configuradores de improbidade administrativa e crimes contra a Administra\u00e7\u00e3o P\u00fablica, em troca do recebimento de vantagem indevida&#8221;.<br \/>\nMesmo quando Raniere Barbosa assumiu o cargo de vereador de Natal em 2015, o MP apontou que a secretaria &#8220;continuou sob seu absoluto controle pol\u00edtico-administrativo, sendo fato inconteste que manteve sua equipe no comando da pasta, formada por pessoas da sua estrita confian\u00e7a&#8221;.<br \/>\nEntre as formas que os servidores atuavam havia, por exemplo, o compartilhamento de informa\u00e7\u00f5es sigilosas aos empres\u00e1rios, o direcionamento dos certames em favor das empresas do cartel, a inobserv\u00e2ncia de controle e avalia\u00e7\u00e3o em favor das empresas integrantes do grupo, realiza\u00e7\u00e3o de contrata\u00e7\u00f5es diretas de forma injustificada, e a facilita\u00e7\u00e3o da aprova\u00e7\u00e3o de aditivos das empresas.<br \/>\nV\u00eddeos mais assistidos do g1 RN<\/p>","protected":false},"excerpt":{"rendered":"<p>Carlos Eduardo e Raniere Barbosa &#8211; titular da Semsur entre 2013 e 2015 &#8211; integram grupo de 15 denunciados que teriam esquema de propina para beneficiar empresas em licita\u00e7\u00f5es, apontou &#8230;<\/p>\n","protected":false},"author":0,"featured_media":12069,"parent":0,"menu_order":0,"comment_status":"closed","ping_status":"closed","template":"","meta":{"footnotes":""},"class_list":["post-12068","page","type-page","status-publish","has-post-thumbnail","hentry"],"yoast_head":"<!-- This site is optimized with the Yoast SEO plugin v27.1.1 - https:\/\/yoast.com\/product\/yoast-seo-wordpress\/ -->\n<title>MPRN denuncia ex-prefeito de Natal e ex-secret\u00e1rio por superfaturamento em contratos de ilumina\u00e7\u00e3o p\u00fablica - Taveira Jr<\/title>\n<meta name=\"robots\" content=\"index, follow, max-snippet:-1, max-image-preview:large, max-video-preview:-1\" \/>\n<link rel=\"canonical\" href=\"https:\/\/deputadotaveirajr.com.br\/index.php\/mprn-denuncia-ex-prefeito-de-natal-e-ex-secretario-por-superfaturamento-em-contratos-de-iluminacao-publica\/\" \/>\n<meta property=\"og:locale\" content=\"pt_BR\" \/>\n<meta property=\"og:type\" content=\"article\" \/>\n<meta property=\"og:title\" content=\"MPRN denuncia ex-prefeito de Natal e ex-secret\u00e1rio por superfaturamento em contratos de ilumina\u00e7\u00e3o p\u00fablica - Taveira Jr\" \/>\n<meta property=\"og:description\" content=\"Carlos Eduardo e Raniere Barbosa &#8211; titular da Semsur entre 2013 e 2015 &#8211; integram grupo de 15 denunciados que teriam esquema de propina para beneficiar empresas em licita\u00e7\u00f5es, apontou ...\" \/>\n<meta property=\"og:url\" content=\"https:\/\/deputadotaveirajr.com.br\/index.php\/mprn-denuncia-ex-prefeito-de-natal-e-ex-secretario-por-superfaturamento-em-contratos-de-iluminacao-publica\/\" \/>\n<meta property=\"og:site_name\" content=\"Taveira Jr\" \/>\n<meta property=\"og:image\" content=\"https:\/\/s2-g1.glbimg.com\/bTKzciQ17wK_0lSfaWTkopv-nh8=\/i.s3.glbimg.com\/v1\/AUTH_59edd422c0c84a879bd37670ae4f538a\/internal_photos\/bs\/2025\/U\/2\/8ugsqxRJWiOLOJZlYaPg\/1345.jpg\" \/>\n<meta name=\"twitter:card\" content=\"summary_large_image\" \/>\n<meta name=\"twitter:label1\" content=\"Est. tempo de leitura\" \/>\n\t<meta name=\"twitter:data1\" content=\"4 minutos\" \/>\n<script type=\"application\/ld+json\" class=\"yoast-schema-graph\">{\"@context\":\"https:\/\/schema.org\",\"@graph\":[{\"@type\":\"WebPage\",\"@id\":\"https:\/\/deputadotaveirajr.com.br\/index.php\/mprn-denuncia-ex-prefeito-de-natal-e-ex-secretario-por-superfaturamento-em-contratos-de-iluminacao-publica\/\",\"url\":\"https:\/\/deputadotaveirajr.com.br\/index.php\/mprn-denuncia-ex-prefeito-de-natal-e-ex-secretario-por-superfaturamento-em-contratos-de-iluminacao-publica\/\",\"name\":\"MPRN denuncia ex-prefeito de Natal e ex-secret\u00e1rio por superfaturamento em contratos de ilumina\u00e7\u00e3o p\u00fablica - Taveira Jr\",\"isPartOf\":{\"@id\":\"https:\/\/deputadotaveirajr.com.br\/#website\"},\"primaryImageOfPage\":{\"@id\":\"https:\/\/deputadotaveirajr.com.br\/index.php\/mprn-denuncia-ex-prefeito-de-natal-e-ex-secretario-por-superfaturamento-em-contratos-de-iluminacao-publica\/#primaryimage\"},\"image\":{\"@id\":\"https:\/\/deputadotaveirajr.com.br\/index.php\/mprn-denuncia-ex-prefeito-de-natal-e-ex-secretario-por-superfaturamento-em-contratos-de-iluminacao-publica\/#primaryimage\"},\"thumbnailUrl\":\"https:\/\/deputadotaveirajr.com.br\/wp-content\/uploads\/2025\/01\/1345-NPBEgN.jpeg\",\"datePublished\":\"2025-01-22T20:07:57+00:00\",\"breadcrumb\":{\"@id\":\"https:\/\/deputadotaveirajr.com.br\/index.php\/mprn-denuncia-ex-prefeito-de-natal-e-ex-secretario-por-superfaturamento-em-contratos-de-iluminacao-publica\/#breadcrumb\"},\"inLanguage\":\"pt-BR\",\"potentialAction\":[{\"@type\":\"ReadAction\",\"target\":[\"https:\/\/deputadotaveirajr.com.br\/index.php\/mprn-denuncia-ex-prefeito-de-natal-e-ex-secretario-por-superfaturamento-em-contratos-de-iluminacao-publica\/\"]}]},{\"@type\":\"ImageObject\",\"inLanguage\":\"pt-BR\",\"@id\":\"https:\/\/deputadotaveirajr.com.br\/index.php\/mprn-denuncia-ex-prefeito-de-natal-e-ex-secretario-por-superfaturamento-em-contratos-de-iluminacao-publica\/#primaryimage\",\"url\":\"https:\/\/deputadotaveirajr.com.br\/wp-content\/uploads\/2025\/01\/1345-NPBEgN.jpeg\",\"contentUrl\":\"https:\/\/deputadotaveirajr.com.br\/wp-content\/uploads\/2025\/01\/1345-NPBEgN.jpeg\",\"width\":600,\"height\":600},{\"@type\":\"BreadcrumbList\",\"@id\":\"https:\/\/deputadotaveirajr.com.br\/index.php\/mprn-denuncia-ex-prefeito-de-natal-e-ex-secretario-por-superfaturamento-em-contratos-de-iluminacao-publica\/#breadcrumb\",\"itemListElement\":[{\"@type\":\"ListItem\",\"position\":1,\"name\":\"In\u00edcio\",\"item\":\"https:\/\/deputadotaveirajr.com.br\/\"},{\"@type\":\"ListItem\",\"position\":2,\"name\":\"MPRN denuncia ex-prefeito de Natal e ex-secret\u00e1rio por superfaturamento em contratos de ilumina\u00e7\u00e3o p\u00fablica\"}]},{\"@type\":\"WebSite\",\"@id\":\"https:\/\/deputadotaveirajr.com.br\/#website\",\"url\":\"https:\/\/deputadotaveirajr.com.br\/\",\"name\":\"Taveira Jr\",\"description\":\"Deputado Estadual\",\"publisher\":{\"@id\":\"https:\/\/deputadotaveirajr.com.br\/#organization\"},\"potentialAction\":[{\"@type\":\"SearchAction\",\"target\":{\"@type\":\"EntryPoint\",\"urlTemplate\":\"https:\/\/deputadotaveirajr.com.br\/?s={search_term_string}\"},\"query-input\":{\"@type\":\"PropertyValueSpecification\",\"valueRequired\":true,\"valueName\":\"search_term_string\"}}],\"inLanguage\":\"pt-BR\"},{\"@type\":\"Organization\",\"@id\":\"https:\/\/deputadotaveirajr.com.br\/#organization\",\"name\":\"Taveira Jr\",\"url\":\"https:\/\/deputadotaveirajr.com.br\/\",\"logo\":{\"@type\":\"ImageObject\",\"inLanguage\":\"pt-BR\",\"@id\":\"https:\/\/deputadotaveirajr.com.br\/#\/schema\/logo\/image\/\",\"url\":\"https:\/\/deputadotaveirajr.com.br\/wp-content\/uploads\/2026\/01\/logolow2a.png\",\"contentUrl\":\"https:\/\/deputadotaveirajr.com.br\/wp-content\/uploads\/2026\/01\/logolow2a.png\",\"width\":290,\"height\":80,\"caption\":\"Taveira Jr\"},\"image\":{\"@id\":\"https:\/\/deputadotaveirajr.com.br\/#\/schema\/logo\/image\/\"}}]}<\/script>\n<!-- \/ Yoast SEO plugin. -->","yoast_head_json":{"title":"MPRN denuncia ex-prefeito de Natal e ex-secret\u00e1rio por superfaturamento em contratos de ilumina\u00e7\u00e3o p\u00fablica - Taveira Jr","robots":{"index":"index","follow":"follow","max-snippet":"max-snippet:-1","max-image-preview":"max-image-preview:large","max-video-preview":"max-video-preview:-1"},"canonical":"https:\/\/deputadotaveirajr.com.br\/index.php\/mprn-denuncia-ex-prefeito-de-natal-e-ex-secretario-por-superfaturamento-em-contratos-de-iluminacao-publica\/","og_locale":"pt_BR","og_type":"article","og_title":"MPRN denuncia ex-prefeito de Natal e ex-secret\u00e1rio por superfaturamento em contratos de ilumina\u00e7\u00e3o p\u00fablica - Taveira Jr","og_description":"Carlos Eduardo e Raniere Barbosa &#8211; titular da Semsur entre 2013 e 2015 &#8211; integram grupo de 15 denunciados que teriam esquema de propina para beneficiar empresas em licita\u00e7\u00f5es, apontou ...","og_url":"https:\/\/deputadotaveirajr.com.br\/index.php\/mprn-denuncia-ex-prefeito-de-natal-e-ex-secretario-por-superfaturamento-em-contratos-de-iluminacao-publica\/","og_site_name":"Taveira Jr","og_image":[{"url":"https:\/\/s2-g1.glbimg.com\/bTKzciQ17wK_0lSfaWTkopv-nh8=\/i.s3.glbimg.com\/v1\/AUTH_59edd422c0c84a879bd37670ae4f538a\/internal_photos\/bs\/2025\/U\/2\/8ugsqxRJWiOLOJZlYaPg\/1345.jpg","type":"","width":"","height":""}],"twitter_card":"summary_large_image","twitter_misc":{"Est. tempo de leitura":"4 minutos"},"schema":{"@context":"https:\/\/schema.org","@graph":[{"@type":"WebPage","@id":"https:\/\/deputadotaveirajr.com.br\/index.php\/mprn-denuncia-ex-prefeito-de-natal-e-ex-secretario-por-superfaturamento-em-contratos-de-iluminacao-publica\/","url":"https:\/\/deputadotaveirajr.com.br\/index.php\/mprn-denuncia-ex-prefeito-de-natal-e-ex-secretario-por-superfaturamento-em-contratos-de-iluminacao-publica\/","name":"MPRN denuncia ex-prefeito de Natal e ex-secret\u00e1rio por superfaturamento em contratos de ilumina\u00e7\u00e3o p\u00fablica - Taveira Jr","isPartOf":{"@id":"https:\/\/deputadotaveirajr.com.br\/#website"},"primaryImageOfPage":{"@id":"https:\/\/deputadotaveirajr.com.br\/index.php\/mprn-denuncia-ex-prefeito-de-natal-e-ex-secretario-por-superfaturamento-em-contratos-de-iluminacao-publica\/#primaryimage"},"image":{"@id":"https:\/\/deputadotaveirajr.com.br\/index.php\/mprn-denuncia-ex-prefeito-de-natal-e-ex-secretario-por-superfaturamento-em-contratos-de-iluminacao-publica\/#primaryimage"},"thumbnailUrl":"https:\/\/deputadotaveirajr.com.br\/wp-content\/uploads\/2025\/01\/1345-NPBEgN.jpeg","datePublished":"2025-01-22T20:07:57+00:00","breadcrumb":{"@id":"https:\/\/deputadotaveirajr.com.br\/index.php\/mprn-denuncia-ex-prefeito-de-natal-e-ex-secretario-por-superfaturamento-em-contratos-de-iluminacao-publica\/#breadcrumb"},"inLanguage":"pt-BR","potentialAction":[{"@type":"ReadAction","target":["https:\/\/deputadotaveirajr.com.br\/index.php\/mprn-denuncia-ex-prefeito-de-natal-e-ex-secretario-por-superfaturamento-em-contratos-de-iluminacao-publica\/"]}]},{"@type":"ImageObject","inLanguage":"pt-BR","@id":"https:\/\/deputadotaveirajr.com.br\/index.php\/mprn-denuncia-ex-prefeito-de-natal-e-ex-secretario-por-superfaturamento-em-contratos-de-iluminacao-publica\/#primaryimage","url":"https:\/\/deputadotaveirajr.com.br\/wp-content\/uploads\/2025\/01\/1345-NPBEgN.jpeg","contentUrl":"https:\/\/deputadotaveirajr.com.br\/wp-content\/uploads\/2025\/01\/1345-NPBEgN.jpeg","width":600,"height":600},{"@type":"BreadcrumbList","@id":"https:\/\/deputadotaveirajr.com.br\/index.php\/mprn-denuncia-ex-prefeito-de-natal-e-ex-secretario-por-superfaturamento-em-contratos-de-iluminacao-publica\/#breadcrumb","itemListElement":[{"@type":"ListItem","position":1,"name":"In\u00edcio","item":"https:\/\/deputadotaveirajr.com.br\/"},{"@type":"ListItem","position":2,"name":"MPRN denuncia ex-prefeito de Natal e ex-secret\u00e1rio por superfaturamento em contratos de ilumina\u00e7\u00e3o p\u00fablica"}]},{"@type":"WebSite","@id":"https:\/\/deputadotaveirajr.com.br\/#website","url":"https:\/\/deputadotaveirajr.com.br\/","name":"Taveira Jr","description":"Deputado Estadual","publisher":{"@id":"https:\/\/deputadotaveirajr.com.br\/#organization"},"potentialAction":[{"@type":"SearchAction","target":{"@type":"EntryPoint","urlTemplate":"https:\/\/deputadotaveirajr.com.br\/?s={search_term_string}"},"query-input":{"@type":"PropertyValueSpecification","valueRequired":true,"valueName":"search_term_string"}}],"inLanguage":"pt-BR"},{"@type":"Organization","@id":"https:\/\/deputadotaveirajr.com.br\/#organization","name":"Taveira Jr","url":"https:\/\/deputadotaveirajr.com.br\/","logo":{"@type":"ImageObject","inLanguage":"pt-BR","@id":"https:\/\/deputadotaveirajr.com.br\/#\/schema\/logo\/image\/","url":"https:\/\/deputadotaveirajr.com.br\/wp-content\/uploads\/2026\/01\/logolow2a.png","contentUrl":"https:\/\/deputadotaveirajr.com.br\/wp-content\/uploads\/2026\/01\/logolow2a.png","width":290,"height":80,"caption":"Taveira Jr"},"image":{"@id":"https:\/\/deputadotaveirajr.com.br\/#\/schema\/logo\/image\/"}}]}},"_links":{"self":[{"href":"https:\/\/deputadotaveirajr.com.br\/index.php\/wp-json\/wp\/v2\/pages\/12068","targetHints":{"allow":["GET"]}}],"collection":[{"href":"https:\/\/deputadotaveirajr.com.br\/index.php\/wp-json\/wp\/v2\/pages"}],"about":[{"href":"https:\/\/deputadotaveirajr.com.br\/index.php\/wp-json\/wp\/v2\/types\/page"}],"replies":[{"embeddable":true,"href":"https:\/\/deputadotaveirajr.com.br\/index.php\/wp-json\/wp\/v2\/comments?post=12068"}],"version-history":[{"count":0,"href":"https:\/\/deputadotaveirajr.com.br\/index.php\/wp-json\/wp\/v2\/pages\/12068\/revisions"}],"wp:featuredmedia":[{"embeddable":true,"href":"https:\/\/deputadotaveirajr.com.br\/index.php\/wp-json\/wp\/v2\/media\/12069"}],"wp:attachment":[{"href":"https:\/\/deputadotaveirajr.com.br\/index.php\/wp-json\/wp\/v2\/media?parent=12068"}],"curies":[{"name":"wp","href":"https:\/\/api.w.org\/{rel}","templated":true}]}}