{"id":12070,"date":"2025-01-22T12:29:21","date_gmt":"2025-01-22T15:29:21","guid":{"rendered":"https:\/\/deputadotaveirajr.com.br\/index.php\/dupla-suspeita-de-amarrar-e-matar-homem-com-golpes-de-faca-e-marteladas-e-presa-no-rn\/"},"modified":"2025-01-22T12:29:21","modified_gmt":"2025-01-22T15:29:21","slug":"dupla-suspeita-de-amarrar-e-matar-homem-com-golpes-de-faca-e-marteladas-e-presa-no-rn","status":"publish","type":"page","link":"https:\/\/deputadotaveirajr.com.br\/index.php\/dupla-suspeita-de-amarrar-e-matar-homem-com-golpes-de-faca-e-marteladas-e-presa-no-rn\/","title":{"rendered":"Dupla suspeita de amarrar e matar homem com golpes de faca e marteladas \u00e9 presa no RN"},"content":{"rendered":"<p><img decoding=\"async\" src=\"https:\/\/s2-g1.glbimg.com\/lPxogibpwDrP99S3KK5Elm2tH8o=\/i.s3.glbimg.com\/v1\/AUTH_59edd422c0c84a879bd37670ae4f538a\/internal_photos\/bs\/2024\/g\/B\/QCI7tpTM60cLoGG4Eulw\/whatsapp-image-2024-04-05-at-11.32.05.jpeg\" \/><br \/>     Suspeitos ainda teriam ateado fogo no corpo. Crime aconteceu em 2023 em Parnamirim, na Grande Natal.  Uma dupla suspeita de amarrar e matar um homem com golpes de faca e martelo foi presa nesta ter\u00e7a-feira (21) no Rio Grande do Norte. Segundo a pol\u00edcia, os dois criminosos ainda teriam levado o corpo da v\u00edtima at\u00e9 uma \u00e1rea de mata e ateado fogo nele.<br \/>\nO crime aconteceu no dia 28 de setembro de 2023 no bairro Nova Esperan\u00e7a, em Parnamirim, na Grande Natal.<br \/>\n\ud83d\udcf3Participe do canal do g1 RN no WhatsApp<br \/>\nSegundo a pol\u00edcia, Jos\u00e9 Rosenaldo da Silva foi atra\u00eddo para um apartamento, onde foi amarrado e assassinado com golpes de faca e marteladas na cabe\u00e7a.<br \/>\nAp\u00f3s o crime, os suspeitos esconderam o corpo da v\u00edtima no banheiro, na tentativa de disfar\u00e7ar o sangue e o odor.<br \/>\nDepois disso, os suspeitos compraram um l\u00edquido inflam\u00e1vel, enrolaram o corpo em um colch\u00e3o e o transportaram at\u00e9 uma \u00e1rea desabitada, onde atearam fogo.<br \/>\nA Pol\u00edcia Civil n\u00e3o informou a motiva\u00e7\u00e3o para o crime at\u00e9 a \u00faltima atualiza\u00e7\u00e3o desta reportagem. Asi identidades dos presos tamb\u00e9m n\u00e3o foram divulgadas.<br \/>\nAs pris\u00f5es dos dois homens foram realizadas pela 11\u00aa Delegacia de Homic\u00eddios e de Prote\u00e7\u00e3o \u00e0 Pessoa (DHPP) de Parnamirim em cumprimento a mandados de pris\u00e3o preventiva nas cidades de Natal e Jo\u00e3o C\u00e2mara.<br \/>\nDurante as dilig\u00eancias, os suspeitos foram localizados e presos sem resist\u00eancia. As investiga\u00e7\u00f5es tamb\u00e9m revelaram que um deles j\u00e1 havia sido preso nos Estados Unidos, em 2018.<br \/>\nOs detidos foram encaminhados \u00e0 delegacia e, em seguida, conduzidos para o sistema prisional, onde permanecer\u00e3o \u00e0 disposi\u00e7\u00e3o da Justi\u00e7a.<br \/>\nPol\u00edcia Civil RN Rio Grande do Norte carro viatura<br \/>\nDivulga\u00e7\u00e3o<br \/>\nVeja os v\u00eddeos mais assistidos no g1 RN<\/p>","protected":false},"excerpt":{"rendered":"<p>Suspeitos ainda teriam ateado fogo no corpo. Crime aconteceu em 2023 em Parnamirim, na Grande Natal. Uma dupla suspeita de amarrar e matar um homem com golpes de faca e &#8230;<\/p>\n","protected":false},"author":0,"featured_media":12071,"parent":0,"menu_order":0,"comment_status":"closed","ping_status":"closed","template":"","meta":{"footnotes":""},"class_list":["post-12070","page","type-page","status-publish","has-post-thumbnail","hentry"],"yoast_head":"<!-- This site is optimized with the Yoast SEO plugin v27.1.1 - https:\/\/yoast.com\/product\/yoast-seo-wordpress\/ -->\n<title>Dupla suspeita de amarrar e matar homem com golpes de faca e marteladas \u00e9 presa no RN - Taveira Jr<\/title>\n<meta name=\"robots\" content=\"index, follow, max-snippet:-1, max-image-preview:large, max-video-preview:-1\" \/>\n<link rel=\"canonical\" href=\"https:\/\/deputadotaveirajr.com.br\/index.php\/dupla-suspeita-de-amarrar-e-matar-homem-com-golpes-de-faca-e-marteladas-e-presa-no-rn\/\" \/>\n<meta property=\"og:locale\" content=\"pt_BR\" \/>\n<meta property=\"og:type\" content=\"article\" \/>\n<meta property=\"og:title\" content=\"Dupla suspeita de amarrar e matar homem com golpes de faca e marteladas \u00e9 presa no RN - Taveira Jr\" \/>\n<meta property=\"og:description\" content=\"Suspeitos ainda teriam ateado fogo no corpo. Crime aconteceu em 2023 em Parnamirim, na Grande Natal. Uma dupla suspeita de amarrar e matar um homem com golpes de faca e ...\" \/>\n<meta property=\"og:url\" content=\"https:\/\/deputadotaveirajr.com.br\/index.php\/dupla-suspeita-de-amarrar-e-matar-homem-com-golpes-de-faca-e-marteladas-e-presa-no-rn\/\" \/>\n<meta property=\"og:site_name\" content=\"Taveira Jr\" \/>\n<meta property=\"og:image\" content=\"https:\/\/s2-g1.glbimg.com\/lPxogibpwDrP99S3KK5Elm2tH8o=\/i.s3.glbimg.com\/v1\/AUTH_59edd422c0c84a879bd37670ae4f538a\/internal_photos\/bs\/2024\/g\/B\/QCI7tpTM60cLoGG4Eulw\/whatsapp-image-2024-04-05-at-11.32.05.jpeg\" \/>\n<meta name=\"twitter:card\" content=\"summary_large_image\" \/>\n<meta name=\"twitter:label1\" content=\"Est. tempo de leitura\" \/>\n\t<meta name=\"twitter:data1\" content=\"2 minutos\" \/>\n<script type=\"application\/ld+json\" class=\"yoast-schema-graph\">{\"@context\":\"https:\/\/schema.org\",\"@graph\":[{\"@type\":\"WebPage\",\"@id\":\"https:\/\/deputadotaveirajr.com.br\/index.php\/dupla-suspeita-de-amarrar-e-matar-homem-com-golpes-de-faca-e-marteladas-e-presa-no-rn\/\",\"url\":\"https:\/\/deputadotaveirajr.com.br\/index.php\/dupla-suspeita-de-amarrar-e-matar-homem-com-golpes-de-faca-e-marteladas-e-presa-no-rn\/\",\"name\":\"Dupla suspeita de amarrar e matar homem com golpes de faca e marteladas \u00e9 presa no RN - Taveira Jr\",\"isPartOf\":{\"@id\":\"https:\/\/deputadotaveirajr.com.br\/#website\"},\"primaryImageOfPage\":{\"@id\":\"https:\/\/deputadotaveirajr.com.br\/index.php\/dupla-suspeita-de-amarrar-e-matar-homem-com-golpes-de-faca-e-marteladas-e-presa-no-rn\/#primaryimage\"},\"image\":{\"@id\":\"https:\/\/deputadotaveirajr.com.br\/index.php\/dupla-suspeita-de-amarrar-e-matar-homem-com-golpes-de-faca-e-marteladas-e-presa-no-rn\/#primaryimage\"},\"thumbnailUrl\":\"https:\/\/deputadotaveirajr.com.br\/wp-content\/uploads\/2025\/01\/whatsapp-image-2024-04-05-at-11.32.05-ToAPtg.jpeg\",\"datePublished\":\"2025-01-22T15:29:21+00:00\",\"breadcrumb\":{\"@id\":\"https:\/\/deputadotaveirajr.com.br\/index.php\/dupla-suspeita-de-amarrar-e-matar-homem-com-golpes-de-faca-e-marteladas-e-presa-no-rn\/#breadcrumb\"},\"inLanguage\":\"pt-BR\",\"potentialAction\":[{\"@type\":\"ReadAction\",\"target\":[\"https:\/\/deputadotaveirajr.com.br\/index.php\/dupla-suspeita-de-amarrar-e-matar-homem-com-golpes-de-faca-e-marteladas-e-presa-no-rn\/\"]}]},{\"@type\":\"ImageObject\",\"inLanguage\":\"pt-BR\",\"@id\":\"https:\/\/deputadotaveirajr.com.br\/index.php\/dupla-suspeita-de-amarrar-e-matar-homem-com-golpes-de-faca-e-marteladas-e-presa-no-rn\/#primaryimage\",\"url\":\"https:\/\/deputadotaveirajr.com.br\/wp-content\/uploads\/2025\/01\/whatsapp-image-2024-04-05-at-11.32.05-ToAPtg.jpeg\",\"contentUrl\":\"https:\/\/deputadotaveirajr.com.br\/wp-content\/uploads\/2025\/01\/whatsapp-image-2024-04-05-at-11.32.05-ToAPtg.jpeg\",\"width\":678,\"height\":452},{\"@type\":\"BreadcrumbList\",\"@id\":\"https:\/\/deputadotaveirajr.com.br\/index.php\/dupla-suspeita-de-amarrar-e-matar-homem-com-golpes-de-faca-e-marteladas-e-presa-no-rn\/#breadcrumb\",\"itemListElement\":[{\"@type\":\"ListItem\",\"position\":1,\"name\":\"In\u00edcio\",\"item\":\"https:\/\/deputadotaveirajr.com.br\/\"},{\"@type\":\"ListItem\",\"position\":2,\"name\":\"Dupla suspeita de amarrar e matar homem com golpes de faca e marteladas \u00e9 presa no RN\"}]},{\"@type\":\"WebSite\",\"@id\":\"https:\/\/deputadotaveirajr.com.br\/#website\",\"url\":\"https:\/\/deputadotaveirajr.com.br\/\",\"name\":\"Taveira Jr\",\"description\":\"Deputado Estadual\",\"publisher\":{\"@id\":\"https:\/\/deputadotaveirajr.com.br\/#organization\"},\"potentialAction\":[{\"@type\":\"SearchAction\",\"target\":{\"@type\":\"EntryPoint\",\"urlTemplate\":\"https:\/\/deputadotaveirajr.com.br\/?s={search_term_string}\"},\"query-input\":{\"@type\":\"PropertyValueSpecification\",\"valueRequired\":true,\"valueName\":\"search_term_string\"}}],\"inLanguage\":\"pt-BR\"},{\"@type\":\"Organization\",\"@id\":\"https:\/\/deputadotaveirajr.com.br\/#organization\",\"name\":\"Taveira Jr\",\"url\":\"https:\/\/deputadotaveirajr.com.br\/\",\"logo\":{\"@type\":\"ImageObject\",\"inLanguage\":\"pt-BR\",\"@id\":\"https:\/\/deputadotaveirajr.com.br\/#\/schema\/logo\/image\/\",\"url\":\"https:\/\/deputadotaveirajr.com.br\/wp-content\/uploads\/2026\/01\/logolow2a.png\",\"contentUrl\":\"https:\/\/deputadotaveirajr.com.br\/wp-content\/uploads\/2026\/01\/logolow2a.png\",\"width\":290,\"height\":80,\"caption\":\"Taveira Jr\"},\"image\":{\"@id\":\"https:\/\/deputadotaveirajr.com.br\/#\/schema\/logo\/image\/\"}}]}<\/script>\n<!-- \/ Yoast SEO plugin. -->","yoast_head_json":{"title":"Dupla suspeita de amarrar e matar homem com golpes de faca e marteladas \u00e9 presa no RN - Taveira Jr","robots":{"index":"index","follow":"follow","max-snippet":"max-snippet:-1","max-image-preview":"max-image-preview:large","max-video-preview":"max-video-preview:-1"},"canonical":"https:\/\/deputadotaveirajr.com.br\/index.php\/dupla-suspeita-de-amarrar-e-matar-homem-com-golpes-de-faca-e-marteladas-e-presa-no-rn\/","og_locale":"pt_BR","og_type":"article","og_title":"Dupla suspeita de amarrar e matar homem com golpes de faca e marteladas \u00e9 presa no RN - Taveira Jr","og_description":"Suspeitos ainda teriam ateado fogo no corpo. Crime aconteceu em 2023 em Parnamirim, na Grande Natal. Uma dupla suspeita de amarrar e matar um homem com golpes de faca e ...","og_url":"https:\/\/deputadotaveirajr.com.br\/index.php\/dupla-suspeita-de-amarrar-e-matar-homem-com-golpes-de-faca-e-marteladas-e-presa-no-rn\/","og_site_name":"Taveira Jr","og_image":[{"url":"https:\/\/s2-g1.glbimg.com\/lPxogibpwDrP99S3KK5Elm2tH8o=\/i.s3.glbimg.com\/v1\/AUTH_59edd422c0c84a879bd37670ae4f538a\/internal_photos\/bs\/2024\/g\/B\/QCI7tpTM60cLoGG4Eulw\/whatsapp-image-2024-04-05-at-11.32.05.jpeg","type":"","width":"","height":""}],"twitter_card":"summary_large_image","twitter_misc":{"Est. tempo de leitura":"2 minutos"},"schema":{"@context":"https:\/\/schema.org","@graph":[{"@type":"WebPage","@id":"https:\/\/deputadotaveirajr.com.br\/index.php\/dupla-suspeita-de-amarrar-e-matar-homem-com-golpes-de-faca-e-marteladas-e-presa-no-rn\/","url":"https:\/\/deputadotaveirajr.com.br\/index.php\/dupla-suspeita-de-amarrar-e-matar-homem-com-golpes-de-faca-e-marteladas-e-presa-no-rn\/","name":"Dupla suspeita de amarrar e matar homem com golpes de faca e marteladas \u00e9 presa no RN - Taveira Jr","isPartOf":{"@id":"https:\/\/deputadotaveirajr.com.br\/#website"},"primaryImageOfPage":{"@id":"https:\/\/deputadotaveirajr.com.br\/index.php\/dupla-suspeita-de-amarrar-e-matar-homem-com-golpes-de-faca-e-marteladas-e-presa-no-rn\/#primaryimage"},"image":{"@id":"https:\/\/deputadotaveirajr.com.br\/index.php\/dupla-suspeita-de-amarrar-e-matar-homem-com-golpes-de-faca-e-marteladas-e-presa-no-rn\/#primaryimage"},"thumbnailUrl":"https:\/\/deputadotaveirajr.com.br\/wp-content\/uploads\/2025\/01\/whatsapp-image-2024-04-05-at-11.32.05-ToAPtg.jpeg","datePublished":"2025-01-22T15:29:21+00:00","breadcrumb":{"@id":"https:\/\/deputadotaveirajr.com.br\/index.php\/dupla-suspeita-de-amarrar-e-matar-homem-com-golpes-de-faca-e-marteladas-e-presa-no-rn\/#breadcrumb"},"inLanguage":"pt-BR","potentialAction":[{"@type":"ReadAction","target":["https:\/\/deputadotaveirajr.com.br\/index.php\/dupla-suspeita-de-amarrar-e-matar-homem-com-golpes-de-faca-e-marteladas-e-presa-no-rn\/"]}]},{"@type":"ImageObject","inLanguage":"pt-BR","@id":"https:\/\/deputadotaveirajr.com.br\/index.php\/dupla-suspeita-de-amarrar-e-matar-homem-com-golpes-de-faca-e-marteladas-e-presa-no-rn\/#primaryimage","url":"https:\/\/deputadotaveirajr.com.br\/wp-content\/uploads\/2025\/01\/whatsapp-image-2024-04-05-at-11.32.05-ToAPtg.jpeg","contentUrl":"https:\/\/deputadotaveirajr.com.br\/wp-content\/uploads\/2025\/01\/whatsapp-image-2024-04-05-at-11.32.05-ToAPtg.jpeg","width":678,"height":452},{"@type":"BreadcrumbList","@id":"https:\/\/deputadotaveirajr.com.br\/index.php\/dupla-suspeita-de-amarrar-e-matar-homem-com-golpes-de-faca-e-marteladas-e-presa-no-rn\/#breadcrumb","itemListElement":[{"@type":"ListItem","position":1,"name":"In\u00edcio","item":"https:\/\/deputadotaveirajr.com.br\/"},{"@type":"ListItem","position":2,"name":"Dupla suspeita de amarrar e matar homem com golpes de faca e marteladas \u00e9 presa no RN"}]},{"@type":"WebSite","@id":"https:\/\/deputadotaveirajr.com.br\/#website","url":"https:\/\/deputadotaveirajr.com.br\/","name":"Taveira Jr","description":"Deputado Estadual","publisher":{"@id":"https:\/\/deputadotaveirajr.com.br\/#organization"},"potentialAction":[{"@type":"SearchAction","target":{"@type":"EntryPoint","urlTemplate":"https:\/\/deputadotaveirajr.com.br\/?s={search_term_string}"},"query-input":{"@type":"PropertyValueSpecification","valueRequired":true,"valueName":"search_term_string"}}],"inLanguage":"pt-BR"},{"@type":"Organization","@id":"https:\/\/deputadotaveirajr.com.br\/#organization","name":"Taveira Jr","url":"https:\/\/deputadotaveirajr.com.br\/","logo":{"@type":"ImageObject","inLanguage":"pt-BR","@id":"https:\/\/deputadotaveirajr.com.br\/#\/schema\/logo\/image\/","url":"https:\/\/deputadotaveirajr.com.br\/wp-content\/uploads\/2026\/01\/logolow2a.png","contentUrl":"https:\/\/deputadotaveirajr.com.br\/wp-content\/uploads\/2026\/01\/logolow2a.png","width":290,"height":80,"caption":"Taveira Jr"},"image":{"@id":"https:\/\/deputadotaveirajr.com.br\/#\/schema\/logo\/image\/"}}]}},"_links":{"self":[{"href":"https:\/\/deputadotaveirajr.com.br\/index.php\/wp-json\/wp\/v2\/pages\/12070","targetHints":{"allow":["GET"]}}],"collection":[{"href":"https:\/\/deputadotaveirajr.com.br\/index.php\/wp-json\/wp\/v2\/pages"}],"about":[{"href":"https:\/\/deputadotaveirajr.com.br\/index.php\/wp-json\/wp\/v2\/types\/page"}],"replies":[{"embeddable":true,"href":"https:\/\/deputadotaveirajr.com.br\/index.php\/wp-json\/wp\/v2\/comments?post=12070"}],"version-history":[{"count":0,"href":"https:\/\/deputadotaveirajr.com.br\/index.php\/wp-json\/wp\/v2\/pages\/12070\/revisions"}],"wp:featuredmedia":[{"embeddable":true,"href":"https:\/\/deputadotaveirajr.com.br\/index.php\/wp-json\/wp\/v2\/media\/12071"}],"wp:attachment":[{"href":"https:\/\/deputadotaveirajr.com.br\/index.php\/wp-json\/wp\/v2\/media?parent=12070"}],"curies":[{"name":"wp","href":"https:\/\/api.w.org\/{rel}","templated":true}]}}