{"id":12072,"date":"2025-01-22T11:35:45","date_gmt":"2025-01-22T14:35:45","guid":{"rendered":"https:\/\/deputadotaveirajr.com.br\/index.php\/novo-lote-de-vacinas-contra-dengue-e-distribuido-para-mais-de-30-cidades-do-rn-veja-lista\/"},"modified":"2025-01-22T11:35:45","modified_gmt":"2025-01-22T14:35:45","slug":"novo-lote-de-vacinas-contra-dengue-e-distribuido-para-mais-de-30-cidades-do-rn-veja-lista","status":"publish","type":"page","link":"https:\/\/deputadotaveirajr.com.br\/index.php\/novo-lote-de-vacinas-contra-dengue-e-distribuido-para-mais-de-30-cidades-do-rn-veja-lista\/","title":{"rendered":"Novo lote de vacinas contra dengue \u00e9 distribu\u00eddo para mais de 30 cidades do RN; veja lista"},"content":{"rendered":"<p><img decoding=\"async\" src=\"https:\/\/s2-g1.glbimg.com\/84zG5V8fVLOaI3Bz9SCY7Y8UR1k=\/i.s3.glbimg.com\/v1\/AUTH_59edd422c0c84a879bd37670ae4f538a\/internal_photos\/bs\/2025\/H\/k\/qpURcXT8OENriNLvXlbw\/whatsapp-image-2025-01-22-at-10.57.03.jpeg\" \/><br \/>     Imunizante deve ser aplicado em crian\u00e7as e adolescentes na faixa dos 10 aos 14 anos de idade. Vacinas Qdenga s\u00e3o distribu\u00eddas para 33 munic\u00edpios do RN<br \/>\nCamen Felix\/Assecom<br \/>\nA Secretaria de Estado da Sa\u00fade P\u00fablica do Rio Grande do Norte anunciou que vai distribuir, a partir desta quarta-feira (22), um novo lote da vacina Qdenga, contra a dengue, para 33 munic\u00edpios potiguares. Ser\u00e3o entregues 21.890 doses.<br \/>\nA distribui\u00e7\u00e3o das vacinas engloba 11 novas cidades ao rol de popula\u00e7\u00e3o indicada para receber a vacina, que, seguindo as orienta\u00e7\u00f5es do Minist\u00e9rio da Sa\u00fade, permanece dentro da faixa et\u00e1ria de 10 a 14 anos.<br \/>\n\ud83d\udcf3Participe do canal do g1 RN no WhatsApp<br \/>\nO aumento do n\u00famero de munic\u00edpios se deu a partir da desist\u00eancia de um ter\u00e7o das 33 primeiras cidades &#8211; eleg\u00edveis a partir de crit\u00e9rios como incid\u00eancia de casos e \u00f3bitos &#8211; em receber novas doses. Os munic\u00edpios alegaram dificuldade em alcan\u00e7ar o p\u00fablico-alvo.<br \/>\nEm articula\u00e7\u00e3o com o Minist\u00e9rio da Sa\u00fade, e a partir de crit\u00e9rios como popula\u00e7\u00e3o e incid\u00eancia de casos, a Sesap ampliou o n\u00famero de locais que receber\u00e3o as vacinas a partir deste m\u00eas.<br \/>\n&#8220;Grande parte dos novos munic\u00edpios j\u00e1 receber\u00e3o doses suficientes para cobrir toda a faixa populacional de 10 a 14 anos&#8221;, informou a pasta.<br \/>\nO esquema vacinal do imunizante \u00e9 composto por duas doses, com intervalo de 90 dias entre cada uma, e a segunda dose j\u00e1 est\u00e1 reservada no estoque da Sesap.<br \/>\nA vacina\u00e7\u00e3o com a Qdenga \u00e9 apenas uma parte da estrat\u00e9gia de enfrentamento \u00e0 dengue no estado.<br \/>\n&#8220;A Sesap destaca a necessidade de coopera\u00e7\u00e3o da popula\u00e7\u00e3o na preven\u00e7\u00e3o \u00e0 prolifera\u00e7\u00e3o do Aedes aegypti, especialmente nos cuidados com os focos residenciais, que representam mais de 70% dos casos&#8221;, disse a Secretaria.<br \/>\nSesap explica distribui\u00e7\u00e3o de doses de vacina contra a dengue no RN<br \/>\nConfira a lista de munic\u00edpios e doses a serem entregues<br \/>\n\u00c1gua Nova &#8211; 230<br \/>\nApodi &#8211; 80<br \/>\nAreia Branca &#8211; 100<br \/>\nBa\u00eda Formosa &#8211; 670<br \/>\nCampo Grande &#8211; 60<br \/>\nCara\u00fabas &#8211; 100<br \/>\nCarnaubais &#8211; 100<br \/>\nCear\u00e1-Mirim &#8211; 1400<br \/>\nCerro Cor\u00e1 &#8211; 880<br \/>\nExtremoz &#8211; 300<br \/>\nGalinhos &#8211; 160<br \/>\nGovernador Dix-Sept Rosado &#8211; 120<br \/>\nGrossos &#8211; 40<br \/>\nIpangua\u00e7u &#8211; 100<br \/>\nIta\u00fa &#8211; 350<br \/>\nJandu\u00eds\t&#8211; 200<br \/>\nJo\u00e3o C\u00e2mara &#8211; 500<br \/>\nJos\u00e9 da Penha &#8211; 360<br \/>\nJucurutu &#8211; 200<br \/>\nLu\u00eds Gomes &#8211; 150<br \/>\nMessias Targino &#8211; 60<br \/>\nMossor\u00f3\t&#8211; 10000<br \/>\nPau dos Ferros &#8211; 1000<br \/>\nPend\u00eancias &#8211; 600<br \/>\nSanta Cruz &#8211; 2250<br \/>\nS\u00e3o Jos\u00e9 do Serid\u00f3 &#8211; 300<br \/>\nS\u00e3o Paulo do Potengi &#8211; 320<br \/>\nS\u00e3o Rafael &#8211; 460<br \/>\nSerra do Mel &#8211; 20<br \/>\nSeveriano Melo &#8211; 330<br \/>\nTibau &#8211; 40<br \/>\nTouros &#8211; 170<br \/>\nVenha-Ver &#8211; 240<br \/>\nVeja os v\u00eddeos mais assistidos no g1 RN<\/p>","protected":false},"excerpt":{"rendered":"<p>Imunizante deve ser aplicado em crian\u00e7as e adolescentes na faixa dos 10 aos 14 anos de idade. Vacinas Qdenga s\u00e3o distribu\u00eddas para 33 munic\u00edpios do RN Camen Felix\/Assecom A Secretaria &#8230;<\/p>\n","protected":false},"author":0,"featured_media":12073,"parent":0,"menu_order":0,"comment_status":"closed","ping_status":"closed","template":"","meta":{"footnotes":""},"class_list":["post-12072","page","type-page","status-publish","has-post-thumbnail","hentry"],"yoast_head":"<!-- This site is optimized with the Yoast SEO plugin v27.1.1 - https:\/\/yoast.com\/product\/yoast-seo-wordpress\/ -->\n<title>Novo lote de vacinas contra dengue \u00e9 distribu\u00eddo para mais de 30 cidades do RN; veja lista - Taveira Jr<\/title>\n<meta name=\"robots\" content=\"index, follow, max-snippet:-1, max-image-preview:large, max-video-preview:-1\" \/>\n<link rel=\"canonical\" href=\"https:\/\/deputadotaveirajr.com.br\/index.php\/novo-lote-de-vacinas-contra-dengue-e-distribuido-para-mais-de-30-cidades-do-rn-veja-lista\/\" \/>\n<meta property=\"og:locale\" content=\"pt_BR\" \/>\n<meta property=\"og:type\" content=\"article\" \/>\n<meta property=\"og:title\" content=\"Novo lote de vacinas contra dengue \u00e9 distribu\u00eddo para mais de 30 cidades do RN; veja lista - Taveira Jr\" \/>\n<meta property=\"og:description\" content=\"Imunizante deve ser aplicado em crian\u00e7as e adolescentes na faixa dos 10 aos 14 anos de idade. Vacinas Qdenga s\u00e3o distribu\u00eddas para 33 munic\u00edpios do RN Camen Felix\/Assecom A Secretaria ...\" \/>\n<meta property=\"og:url\" content=\"https:\/\/deputadotaveirajr.com.br\/index.php\/novo-lote-de-vacinas-contra-dengue-e-distribuido-para-mais-de-30-cidades-do-rn-veja-lista\/\" \/>\n<meta property=\"og:site_name\" content=\"Taveira Jr\" \/>\n<meta property=\"og:image\" content=\"https:\/\/s2-g1.glbimg.com\/84zG5V8fVLOaI3Bz9SCY7Y8UR1k=\/i.s3.glbimg.com\/v1\/AUTH_59edd422c0c84a879bd37670ae4f538a\/internal_photos\/bs\/2025\/H\/k\/qpURcXT8OENriNLvXlbw\/whatsapp-image-2025-01-22-at-10.57.03.jpeg\" \/>\n<meta name=\"twitter:card\" content=\"summary_large_image\" \/>\n<meta name=\"twitter:label1\" content=\"Est. tempo de leitura\" \/>\n\t<meta name=\"twitter:data1\" content=\"2 minutos\" \/>\n<script type=\"application\/ld+json\" class=\"yoast-schema-graph\">{\"@context\":\"https:\/\/schema.org\",\"@graph\":[{\"@type\":\"WebPage\",\"@id\":\"https:\/\/deputadotaveirajr.com.br\/index.php\/novo-lote-de-vacinas-contra-dengue-e-distribuido-para-mais-de-30-cidades-do-rn-veja-lista\/\",\"url\":\"https:\/\/deputadotaveirajr.com.br\/index.php\/novo-lote-de-vacinas-contra-dengue-e-distribuido-para-mais-de-30-cidades-do-rn-veja-lista\/\",\"name\":\"Novo lote de vacinas contra dengue \u00e9 distribu\u00eddo para mais de 30 cidades do RN; veja lista - Taveira Jr\",\"isPartOf\":{\"@id\":\"https:\/\/deputadotaveirajr.com.br\/#website\"},\"primaryImageOfPage\":{\"@id\":\"https:\/\/deputadotaveirajr.com.br\/index.php\/novo-lote-de-vacinas-contra-dengue-e-distribuido-para-mais-de-30-cidades-do-rn-veja-lista\/#primaryimage\"},\"image\":{\"@id\":\"https:\/\/deputadotaveirajr.com.br\/index.php\/novo-lote-de-vacinas-contra-dengue-e-distribuido-para-mais-de-30-cidades-do-rn-veja-lista\/#primaryimage\"},\"thumbnailUrl\":\"https:\/\/deputadotaveirajr.com.br\/wp-content\/uploads\/2025\/01\/whatsapp-image-2025-01-22-at-10.57.03-lr2LEz.jpeg\",\"datePublished\":\"2025-01-22T14:35:45+00:00\",\"breadcrumb\":{\"@id\":\"https:\/\/deputadotaveirajr.com.br\/index.php\/novo-lote-de-vacinas-contra-dengue-e-distribuido-para-mais-de-30-cidades-do-rn-veja-lista\/#breadcrumb\"},\"inLanguage\":\"pt-BR\",\"potentialAction\":[{\"@type\":\"ReadAction\",\"target\":[\"https:\/\/deputadotaveirajr.com.br\/index.php\/novo-lote-de-vacinas-contra-dengue-e-distribuido-para-mais-de-30-cidades-do-rn-veja-lista\/\"]}]},{\"@type\":\"ImageObject\",\"inLanguage\":\"pt-BR\",\"@id\":\"https:\/\/deputadotaveirajr.com.br\/index.php\/novo-lote-de-vacinas-contra-dengue-e-distribuido-para-mais-de-30-cidades-do-rn-veja-lista\/#primaryimage\",\"url\":\"https:\/\/deputadotaveirajr.com.br\/wp-content\/uploads\/2025\/01\/whatsapp-image-2025-01-22-at-10.57.03-lr2LEz.jpeg\",\"contentUrl\":\"https:\/\/deputadotaveirajr.com.br\/wp-content\/uploads\/2025\/01\/whatsapp-image-2025-01-22-at-10.57.03-lr2LEz.jpeg\",\"width\":1577,\"height\":1063},{\"@type\":\"BreadcrumbList\",\"@id\":\"https:\/\/deputadotaveirajr.com.br\/index.php\/novo-lote-de-vacinas-contra-dengue-e-distribuido-para-mais-de-30-cidades-do-rn-veja-lista\/#breadcrumb\",\"itemListElement\":[{\"@type\":\"ListItem\",\"position\":1,\"name\":\"In\u00edcio\",\"item\":\"https:\/\/deputadotaveirajr.com.br\/\"},{\"@type\":\"ListItem\",\"position\":2,\"name\":\"Novo lote de vacinas contra dengue \u00e9 distribu\u00eddo para mais de 30 cidades do RN; veja lista\"}]},{\"@type\":\"WebSite\",\"@id\":\"https:\/\/deputadotaveirajr.com.br\/#website\",\"url\":\"https:\/\/deputadotaveirajr.com.br\/\",\"name\":\"Taveira Jr\",\"description\":\"Deputado Estadual\",\"publisher\":{\"@id\":\"https:\/\/deputadotaveirajr.com.br\/#organization\"},\"potentialAction\":[{\"@type\":\"SearchAction\",\"target\":{\"@type\":\"EntryPoint\",\"urlTemplate\":\"https:\/\/deputadotaveirajr.com.br\/?s={search_term_string}\"},\"query-input\":{\"@type\":\"PropertyValueSpecification\",\"valueRequired\":true,\"valueName\":\"search_term_string\"}}],\"inLanguage\":\"pt-BR\"},{\"@type\":\"Organization\",\"@id\":\"https:\/\/deputadotaveirajr.com.br\/#organization\",\"name\":\"Taveira Jr\",\"url\":\"https:\/\/deputadotaveirajr.com.br\/\",\"logo\":{\"@type\":\"ImageObject\",\"inLanguage\":\"pt-BR\",\"@id\":\"https:\/\/deputadotaveirajr.com.br\/#\/schema\/logo\/image\/\",\"url\":\"https:\/\/deputadotaveirajr.com.br\/wp-content\/uploads\/2026\/01\/logolow2a.png\",\"contentUrl\":\"https:\/\/deputadotaveirajr.com.br\/wp-content\/uploads\/2026\/01\/logolow2a.png\",\"width\":290,\"height\":80,\"caption\":\"Taveira Jr\"},\"image\":{\"@id\":\"https:\/\/deputadotaveirajr.com.br\/#\/schema\/logo\/image\/\"}}]}<\/script>\n<!-- \/ Yoast SEO plugin. -->","yoast_head_json":{"title":"Novo lote de vacinas contra dengue \u00e9 distribu\u00eddo para mais de 30 cidades do RN; veja lista - Taveira Jr","robots":{"index":"index","follow":"follow","max-snippet":"max-snippet:-1","max-image-preview":"max-image-preview:large","max-video-preview":"max-video-preview:-1"},"canonical":"https:\/\/deputadotaveirajr.com.br\/index.php\/novo-lote-de-vacinas-contra-dengue-e-distribuido-para-mais-de-30-cidades-do-rn-veja-lista\/","og_locale":"pt_BR","og_type":"article","og_title":"Novo lote de vacinas contra dengue \u00e9 distribu\u00eddo para mais de 30 cidades do RN; veja lista - Taveira Jr","og_description":"Imunizante deve ser aplicado em crian\u00e7as e adolescentes na faixa dos 10 aos 14 anos de idade. Vacinas Qdenga s\u00e3o distribu\u00eddas para 33 munic\u00edpios do RN Camen Felix\/Assecom A Secretaria ...","og_url":"https:\/\/deputadotaveirajr.com.br\/index.php\/novo-lote-de-vacinas-contra-dengue-e-distribuido-para-mais-de-30-cidades-do-rn-veja-lista\/","og_site_name":"Taveira Jr","og_image":[{"url":"https:\/\/s2-g1.glbimg.com\/84zG5V8fVLOaI3Bz9SCY7Y8UR1k=\/i.s3.glbimg.com\/v1\/AUTH_59edd422c0c84a879bd37670ae4f538a\/internal_photos\/bs\/2025\/H\/k\/qpURcXT8OENriNLvXlbw\/whatsapp-image-2025-01-22-at-10.57.03.jpeg","type":"","width":"","height":""}],"twitter_card":"summary_large_image","twitter_misc":{"Est. tempo de leitura":"2 minutos"},"schema":{"@context":"https:\/\/schema.org","@graph":[{"@type":"WebPage","@id":"https:\/\/deputadotaveirajr.com.br\/index.php\/novo-lote-de-vacinas-contra-dengue-e-distribuido-para-mais-de-30-cidades-do-rn-veja-lista\/","url":"https:\/\/deputadotaveirajr.com.br\/index.php\/novo-lote-de-vacinas-contra-dengue-e-distribuido-para-mais-de-30-cidades-do-rn-veja-lista\/","name":"Novo lote de vacinas contra dengue \u00e9 distribu\u00eddo para mais de 30 cidades do RN; veja lista - Taveira Jr","isPartOf":{"@id":"https:\/\/deputadotaveirajr.com.br\/#website"},"primaryImageOfPage":{"@id":"https:\/\/deputadotaveirajr.com.br\/index.php\/novo-lote-de-vacinas-contra-dengue-e-distribuido-para-mais-de-30-cidades-do-rn-veja-lista\/#primaryimage"},"image":{"@id":"https:\/\/deputadotaveirajr.com.br\/index.php\/novo-lote-de-vacinas-contra-dengue-e-distribuido-para-mais-de-30-cidades-do-rn-veja-lista\/#primaryimage"},"thumbnailUrl":"https:\/\/deputadotaveirajr.com.br\/wp-content\/uploads\/2025\/01\/whatsapp-image-2025-01-22-at-10.57.03-lr2LEz.jpeg","datePublished":"2025-01-22T14:35:45+00:00","breadcrumb":{"@id":"https:\/\/deputadotaveirajr.com.br\/index.php\/novo-lote-de-vacinas-contra-dengue-e-distribuido-para-mais-de-30-cidades-do-rn-veja-lista\/#breadcrumb"},"inLanguage":"pt-BR","potentialAction":[{"@type":"ReadAction","target":["https:\/\/deputadotaveirajr.com.br\/index.php\/novo-lote-de-vacinas-contra-dengue-e-distribuido-para-mais-de-30-cidades-do-rn-veja-lista\/"]}]},{"@type":"ImageObject","inLanguage":"pt-BR","@id":"https:\/\/deputadotaveirajr.com.br\/index.php\/novo-lote-de-vacinas-contra-dengue-e-distribuido-para-mais-de-30-cidades-do-rn-veja-lista\/#primaryimage","url":"https:\/\/deputadotaveirajr.com.br\/wp-content\/uploads\/2025\/01\/whatsapp-image-2025-01-22-at-10.57.03-lr2LEz.jpeg","contentUrl":"https:\/\/deputadotaveirajr.com.br\/wp-content\/uploads\/2025\/01\/whatsapp-image-2025-01-22-at-10.57.03-lr2LEz.jpeg","width":1577,"height":1063},{"@type":"BreadcrumbList","@id":"https:\/\/deputadotaveirajr.com.br\/index.php\/novo-lote-de-vacinas-contra-dengue-e-distribuido-para-mais-de-30-cidades-do-rn-veja-lista\/#breadcrumb","itemListElement":[{"@type":"ListItem","position":1,"name":"In\u00edcio","item":"https:\/\/deputadotaveirajr.com.br\/"},{"@type":"ListItem","position":2,"name":"Novo lote de vacinas contra dengue \u00e9 distribu\u00eddo para mais de 30 cidades do RN; veja lista"}]},{"@type":"WebSite","@id":"https:\/\/deputadotaveirajr.com.br\/#website","url":"https:\/\/deputadotaveirajr.com.br\/","name":"Taveira Jr","description":"Deputado Estadual","publisher":{"@id":"https:\/\/deputadotaveirajr.com.br\/#organization"},"potentialAction":[{"@type":"SearchAction","target":{"@type":"EntryPoint","urlTemplate":"https:\/\/deputadotaveirajr.com.br\/?s={search_term_string}"},"query-input":{"@type":"PropertyValueSpecification","valueRequired":true,"valueName":"search_term_string"}}],"inLanguage":"pt-BR"},{"@type":"Organization","@id":"https:\/\/deputadotaveirajr.com.br\/#organization","name":"Taveira Jr","url":"https:\/\/deputadotaveirajr.com.br\/","logo":{"@type":"ImageObject","inLanguage":"pt-BR","@id":"https:\/\/deputadotaveirajr.com.br\/#\/schema\/logo\/image\/","url":"https:\/\/deputadotaveirajr.com.br\/wp-content\/uploads\/2026\/01\/logolow2a.png","contentUrl":"https:\/\/deputadotaveirajr.com.br\/wp-content\/uploads\/2026\/01\/logolow2a.png","width":290,"height":80,"caption":"Taveira Jr"},"image":{"@id":"https:\/\/deputadotaveirajr.com.br\/#\/schema\/logo\/image\/"}}]}},"_links":{"self":[{"href":"https:\/\/deputadotaveirajr.com.br\/index.php\/wp-json\/wp\/v2\/pages\/12072","targetHints":{"allow":["GET"]}}],"collection":[{"href":"https:\/\/deputadotaveirajr.com.br\/index.php\/wp-json\/wp\/v2\/pages"}],"about":[{"href":"https:\/\/deputadotaveirajr.com.br\/index.php\/wp-json\/wp\/v2\/types\/page"}],"replies":[{"embeddable":true,"href":"https:\/\/deputadotaveirajr.com.br\/index.php\/wp-json\/wp\/v2\/comments?post=12072"}],"version-history":[{"count":0,"href":"https:\/\/deputadotaveirajr.com.br\/index.php\/wp-json\/wp\/v2\/pages\/12072\/revisions"}],"wp:featuredmedia":[{"embeddable":true,"href":"https:\/\/deputadotaveirajr.com.br\/index.php\/wp-json\/wp\/v2\/media\/12073"}],"wp:attachment":[{"href":"https:\/\/deputadotaveirajr.com.br\/index.php\/wp-json\/wp\/v2\/media?parent=12072"}],"curies":[{"name":"wp","href":"https:\/\/api.w.org\/{rel}","templated":true}]}}