{"id":12078,"date":"2025-01-23T09:48:36","date_gmt":"2025-01-23T12:48:36","guid":{"rendered":"https:\/\/deputadotaveirajr.com.br\/index.php\/mulher-e-detida-apos-quebrar-vidros-de-lojas-e-carros-em-currais-novos\/"},"modified":"2025-01-23T09:48:36","modified_gmt":"2025-01-23T12:48:36","slug":"mulher-e-detida-apos-quebrar-vidros-de-lojas-e-carros-em-currais-novos","status":"publish","type":"page","link":"https:\/\/deputadotaveirajr.com.br\/index.php\/mulher-e-detida-apos-quebrar-vidros-de-lojas-e-carros-em-currais-novos\/","title":{"rendered":"Mulher \u00e9 detida ap\u00f3s quebrar vidros de lojas e carros em Currais Novos"},"content":{"rendered":"<p><img decoding=\"async\" src=\"https:\/\/s2-g1.glbimg.com\/x3IgqHOFC1pMMOuduD81FGtV-VM=\/i.s3.glbimg.com\/v1\/AUTH_59edd422c0c84a879bd37670ae4f538a\/internal_photos\/bs\/2025\/H\/P\/5sfX4JTL2Z0YFebnw6JA\/whatsapp-image-2025-01-23-at-07.54.56.jpeg\" \/><br \/>     Pol\u00edcia cont\u00e9m situa\u00e7\u00e3o e mulher \u00e9 encaminhada para avalia\u00e7\u00e3o m\u00e9dica. Mulher quebra vidros de lojas e carros em Currais Novos<br \/>\nUma mulher quebrou vidra\u00e7as de duas lojas e danificou os vidros de dois ve\u00edculos que estavam estacionados na \u00e1rea comercial de Currais Novos, na madrugada desta quinta-feira (23). As informa\u00e7\u00f5es s\u00e3o da Pol\u00edcia Militar.<br \/>\nAo perceberem a a\u00e7\u00e3o, moradores da regi\u00e3o acionaram a Pol\u00edcia Militar para conter a situa\u00e7\u00e3o. Ao chegarem ao local, os agentes de seguran\u00e7a encontraram a mulher agitada.<br \/>\nO Servi\u00e7o de Atendimento M\u00f3vel de Urg\u00eancia (SAMU)  foi chamado para prestar suporte m\u00e9dico.<br \/>\nAp\u00f3s ser contida pela pol\u00edcia e receber atendimento inicial do SAMU, a mulher foi encaminhada ao hospital para avalia\u00e7\u00e3o m\u00e9dica, ainda apresentando bastante agita\u00e7\u00e3o.<br \/>\nA pol\u00edcia informou que ap\u00f3s o atendimento m\u00e9dico, ela deve comparecer a delegacia para prestar esclarecimentos.<br \/>\nMulher quebra vidros de lojas e carros em Currais Novos<br \/>\nReprodu\u00e7\u00e3o<br \/>\nVeja os v\u00eddeos mais assistidos do g1 RN<\/p>","protected":false},"excerpt":{"rendered":"<p>Pol\u00edcia cont\u00e9m situa\u00e7\u00e3o e mulher \u00e9 encaminhada para avalia\u00e7\u00e3o m\u00e9dica. Mulher quebra vidros de lojas e carros em Currais Novos Uma mulher quebrou vidra\u00e7as de duas lojas e danificou os &#8230;<\/p>\n","protected":false},"author":0,"featured_media":12079,"parent":0,"menu_order":0,"comment_status":"closed","ping_status":"closed","template":"","meta":{"footnotes":""},"class_list":["post-12078","page","type-page","status-publish","has-post-thumbnail","hentry"],"yoast_head":"<!-- This site is optimized with the Yoast SEO plugin v27.1.1 - https:\/\/yoast.com\/product\/yoast-seo-wordpress\/ -->\n<title>Mulher \u00e9 detida ap\u00f3s quebrar vidros de lojas e carros em Currais Novos - Taveira Jr<\/title>\n<meta name=\"robots\" content=\"index, follow, max-snippet:-1, max-image-preview:large, max-video-preview:-1\" \/>\n<link rel=\"canonical\" href=\"https:\/\/deputadotaveirajr.com.br\/index.php\/mulher-e-detida-apos-quebrar-vidros-de-lojas-e-carros-em-currais-novos\/\" \/>\n<meta property=\"og:locale\" content=\"pt_BR\" \/>\n<meta property=\"og:type\" content=\"article\" \/>\n<meta property=\"og:title\" content=\"Mulher \u00e9 detida ap\u00f3s quebrar vidros de lojas e carros em Currais Novos - Taveira Jr\" \/>\n<meta property=\"og:description\" content=\"Pol\u00edcia cont\u00e9m situa\u00e7\u00e3o e mulher \u00e9 encaminhada para avalia\u00e7\u00e3o m\u00e9dica. Mulher quebra vidros de lojas e carros em Currais Novos Uma mulher quebrou vidra\u00e7as de duas lojas e danificou os ...\" \/>\n<meta property=\"og:url\" content=\"https:\/\/deputadotaveirajr.com.br\/index.php\/mulher-e-detida-apos-quebrar-vidros-de-lojas-e-carros-em-currais-novos\/\" \/>\n<meta property=\"og:site_name\" content=\"Taveira Jr\" \/>\n<meta property=\"og:image\" content=\"https:\/\/s2-g1.glbimg.com\/x3IgqHOFC1pMMOuduD81FGtV-VM=\/i.s3.glbimg.com\/v1\/AUTH_59edd422c0c84a879bd37670ae4f538a\/internal_photos\/bs\/2025\/H\/P\/5sfX4JTL2Z0YFebnw6JA\/whatsapp-image-2025-01-23-at-07.54.56.jpeg\" \/>\n<meta name=\"twitter:card\" content=\"summary_large_image\" \/>\n<meta name=\"twitter:label1\" content=\"Est. tempo de leitura\" \/>\n\t<meta name=\"twitter:data1\" content=\"1 minuto\" \/>\n<script type=\"application\/ld+json\" class=\"yoast-schema-graph\">{\"@context\":\"https:\/\/schema.org\",\"@graph\":[{\"@type\":\"WebPage\",\"@id\":\"https:\/\/deputadotaveirajr.com.br\/index.php\/mulher-e-detida-apos-quebrar-vidros-de-lojas-e-carros-em-currais-novos\/\",\"url\":\"https:\/\/deputadotaveirajr.com.br\/index.php\/mulher-e-detida-apos-quebrar-vidros-de-lojas-e-carros-em-currais-novos\/\",\"name\":\"Mulher \u00e9 detida ap\u00f3s quebrar vidros de lojas e carros em Currais Novos - Taveira Jr\",\"isPartOf\":{\"@id\":\"https:\/\/deputadotaveirajr.com.br\/#website\"},\"primaryImageOfPage\":{\"@id\":\"https:\/\/deputadotaveirajr.com.br\/index.php\/mulher-e-detida-apos-quebrar-vidros-de-lojas-e-carros-em-currais-novos\/#primaryimage\"},\"image\":{\"@id\":\"https:\/\/deputadotaveirajr.com.br\/index.php\/mulher-e-detida-apos-quebrar-vidros-de-lojas-e-carros-em-currais-novos\/#primaryimage\"},\"thumbnailUrl\":\"https:\/\/deputadotaveirajr.com.br\/wp-content\/uploads\/2025\/01\/whatsapp-image-2025-01-23-at-07.54.56-NMfZbg.jpeg\",\"datePublished\":\"2025-01-23T12:48:36+00:00\",\"breadcrumb\":{\"@id\":\"https:\/\/deputadotaveirajr.com.br\/index.php\/mulher-e-detida-apos-quebrar-vidros-de-lojas-e-carros-em-currais-novos\/#breadcrumb\"},\"inLanguage\":\"pt-BR\",\"potentialAction\":[{\"@type\":\"ReadAction\",\"target\":[\"https:\/\/deputadotaveirajr.com.br\/index.php\/mulher-e-detida-apos-quebrar-vidros-de-lojas-e-carros-em-currais-novos\/\"]}]},{\"@type\":\"ImageObject\",\"inLanguage\":\"pt-BR\",\"@id\":\"https:\/\/deputadotaveirajr.com.br\/index.php\/mulher-e-detida-apos-quebrar-vidros-de-lojas-e-carros-em-currais-novos\/#primaryimage\",\"url\":\"https:\/\/deputadotaveirajr.com.br\/wp-content\/uploads\/2025\/01\/whatsapp-image-2025-01-23-at-07.54.56-NMfZbg.jpeg\",\"contentUrl\":\"https:\/\/deputadotaveirajr.com.br\/wp-content\/uploads\/2025\/01\/whatsapp-image-2025-01-23-at-07.54.56-NMfZbg.jpeg\",\"width\":1280,\"height\":1600},{\"@type\":\"BreadcrumbList\",\"@id\":\"https:\/\/deputadotaveirajr.com.br\/index.php\/mulher-e-detida-apos-quebrar-vidros-de-lojas-e-carros-em-currais-novos\/#breadcrumb\",\"itemListElement\":[{\"@type\":\"ListItem\",\"position\":1,\"name\":\"In\u00edcio\",\"item\":\"https:\/\/deputadotaveirajr.com.br\/\"},{\"@type\":\"ListItem\",\"position\":2,\"name\":\"Mulher \u00e9 detida ap\u00f3s quebrar vidros de lojas e carros em Currais Novos\"}]},{\"@type\":\"WebSite\",\"@id\":\"https:\/\/deputadotaveirajr.com.br\/#website\",\"url\":\"https:\/\/deputadotaveirajr.com.br\/\",\"name\":\"Taveira Jr\",\"description\":\"Deputado Estadual\",\"publisher\":{\"@id\":\"https:\/\/deputadotaveirajr.com.br\/#organization\"},\"potentialAction\":[{\"@type\":\"SearchAction\",\"target\":{\"@type\":\"EntryPoint\",\"urlTemplate\":\"https:\/\/deputadotaveirajr.com.br\/?s={search_term_string}\"},\"query-input\":{\"@type\":\"PropertyValueSpecification\",\"valueRequired\":true,\"valueName\":\"search_term_string\"}}],\"inLanguage\":\"pt-BR\"},{\"@type\":\"Organization\",\"@id\":\"https:\/\/deputadotaveirajr.com.br\/#organization\",\"name\":\"Taveira Jr\",\"url\":\"https:\/\/deputadotaveirajr.com.br\/\",\"logo\":{\"@type\":\"ImageObject\",\"inLanguage\":\"pt-BR\",\"@id\":\"https:\/\/deputadotaveirajr.com.br\/#\/schema\/logo\/image\/\",\"url\":\"https:\/\/deputadotaveirajr.com.br\/wp-content\/uploads\/2026\/01\/logolow2a.png\",\"contentUrl\":\"https:\/\/deputadotaveirajr.com.br\/wp-content\/uploads\/2026\/01\/logolow2a.png\",\"width\":290,\"height\":80,\"caption\":\"Taveira Jr\"},\"image\":{\"@id\":\"https:\/\/deputadotaveirajr.com.br\/#\/schema\/logo\/image\/\"}}]}<\/script>\n<!-- \/ Yoast SEO plugin. -->","yoast_head_json":{"title":"Mulher \u00e9 detida ap\u00f3s quebrar vidros de lojas e carros em Currais Novos - Taveira Jr","robots":{"index":"index","follow":"follow","max-snippet":"max-snippet:-1","max-image-preview":"max-image-preview:large","max-video-preview":"max-video-preview:-1"},"canonical":"https:\/\/deputadotaveirajr.com.br\/index.php\/mulher-e-detida-apos-quebrar-vidros-de-lojas-e-carros-em-currais-novos\/","og_locale":"pt_BR","og_type":"article","og_title":"Mulher \u00e9 detida ap\u00f3s quebrar vidros de lojas e carros em Currais Novos - Taveira Jr","og_description":"Pol\u00edcia cont\u00e9m situa\u00e7\u00e3o e mulher \u00e9 encaminhada para avalia\u00e7\u00e3o m\u00e9dica. Mulher quebra vidros de lojas e carros em Currais Novos Uma mulher quebrou vidra\u00e7as de duas lojas e danificou os ...","og_url":"https:\/\/deputadotaveirajr.com.br\/index.php\/mulher-e-detida-apos-quebrar-vidros-de-lojas-e-carros-em-currais-novos\/","og_site_name":"Taveira Jr","og_image":[{"url":"https:\/\/s2-g1.glbimg.com\/x3IgqHOFC1pMMOuduD81FGtV-VM=\/i.s3.glbimg.com\/v1\/AUTH_59edd422c0c84a879bd37670ae4f538a\/internal_photos\/bs\/2025\/H\/P\/5sfX4JTL2Z0YFebnw6JA\/whatsapp-image-2025-01-23-at-07.54.56.jpeg","type":"","width":"","height":""}],"twitter_card":"summary_large_image","twitter_misc":{"Est. tempo de leitura":"1 minuto"},"schema":{"@context":"https:\/\/schema.org","@graph":[{"@type":"WebPage","@id":"https:\/\/deputadotaveirajr.com.br\/index.php\/mulher-e-detida-apos-quebrar-vidros-de-lojas-e-carros-em-currais-novos\/","url":"https:\/\/deputadotaveirajr.com.br\/index.php\/mulher-e-detida-apos-quebrar-vidros-de-lojas-e-carros-em-currais-novos\/","name":"Mulher \u00e9 detida ap\u00f3s quebrar vidros de lojas e carros em Currais Novos - Taveira Jr","isPartOf":{"@id":"https:\/\/deputadotaveirajr.com.br\/#website"},"primaryImageOfPage":{"@id":"https:\/\/deputadotaveirajr.com.br\/index.php\/mulher-e-detida-apos-quebrar-vidros-de-lojas-e-carros-em-currais-novos\/#primaryimage"},"image":{"@id":"https:\/\/deputadotaveirajr.com.br\/index.php\/mulher-e-detida-apos-quebrar-vidros-de-lojas-e-carros-em-currais-novos\/#primaryimage"},"thumbnailUrl":"https:\/\/deputadotaveirajr.com.br\/wp-content\/uploads\/2025\/01\/whatsapp-image-2025-01-23-at-07.54.56-NMfZbg.jpeg","datePublished":"2025-01-23T12:48:36+00:00","breadcrumb":{"@id":"https:\/\/deputadotaveirajr.com.br\/index.php\/mulher-e-detida-apos-quebrar-vidros-de-lojas-e-carros-em-currais-novos\/#breadcrumb"},"inLanguage":"pt-BR","potentialAction":[{"@type":"ReadAction","target":["https:\/\/deputadotaveirajr.com.br\/index.php\/mulher-e-detida-apos-quebrar-vidros-de-lojas-e-carros-em-currais-novos\/"]}]},{"@type":"ImageObject","inLanguage":"pt-BR","@id":"https:\/\/deputadotaveirajr.com.br\/index.php\/mulher-e-detida-apos-quebrar-vidros-de-lojas-e-carros-em-currais-novos\/#primaryimage","url":"https:\/\/deputadotaveirajr.com.br\/wp-content\/uploads\/2025\/01\/whatsapp-image-2025-01-23-at-07.54.56-NMfZbg.jpeg","contentUrl":"https:\/\/deputadotaveirajr.com.br\/wp-content\/uploads\/2025\/01\/whatsapp-image-2025-01-23-at-07.54.56-NMfZbg.jpeg","width":1280,"height":1600},{"@type":"BreadcrumbList","@id":"https:\/\/deputadotaveirajr.com.br\/index.php\/mulher-e-detida-apos-quebrar-vidros-de-lojas-e-carros-em-currais-novos\/#breadcrumb","itemListElement":[{"@type":"ListItem","position":1,"name":"In\u00edcio","item":"https:\/\/deputadotaveirajr.com.br\/"},{"@type":"ListItem","position":2,"name":"Mulher \u00e9 detida ap\u00f3s quebrar vidros de lojas e carros em Currais Novos"}]},{"@type":"WebSite","@id":"https:\/\/deputadotaveirajr.com.br\/#website","url":"https:\/\/deputadotaveirajr.com.br\/","name":"Taveira Jr","description":"Deputado Estadual","publisher":{"@id":"https:\/\/deputadotaveirajr.com.br\/#organization"},"potentialAction":[{"@type":"SearchAction","target":{"@type":"EntryPoint","urlTemplate":"https:\/\/deputadotaveirajr.com.br\/?s={search_term_string}"},"query-input":{"@type":"PropertyValueSpecification","valueRequired":true,"valueName":"search_term_string"}}],"inLanguage":"pt-BR"},{"@type":"Organization","@id":"https:\/\/deputadotaveirajr.com.br\/#organization","name":"Taveira Jr","url":"https:\/\/deputadotaveirajr.com.br\/","logo":{"@type":"ImageObject","inLanguage":"pt-BR","@id":"https:\/\/deputadotaveirajr.com.br\/#\/schema\/logo\/image\/","url":"https:\/\/deputadotaveirajr.com.br\/wp-content\/uploads\/2026\/01\/logolow2a.png","contentUrl":"https:\/\/deputadotaveirajr.com.br\/wp-content\/uploads\/2026\/01\/logolow2a.png","width":290,"height":80,"caption":"Taveira Jr"},"image":{"@id":"https:\/\/deputadotaveirajr.com.br\/#\/schema\/logo\/image\/"}}]}},"_links":{"self":[{"href":"https:\/\/deputadotaveirajr.com.br\/index.php\/wp-json\/wp\/v2\/pages\/12078","targetHints":{"allow":["GET"]}}],"collection":[{"href":"https:\/\/deputadotaveirajr.com.br\/index.php\/wp-json\/wp\/v2\/pages"}],"about":[{"href":"https:\/\/deputadotaveirajr.com.br\/index.php\/wp-json\/wp\/v2\/types\/page"}],"replies":[{"embeddable":true,"href":"https:\/\/deputadotaveirajr.com.br\/index.php\/wp-json\/wp\/v2\/comments?post=12078"}],"version-history":[{"count":0,"href":"https:\/\/deputadotaveirajr.com.br\/index.php\/wp-json\/wp\/v2\/pages\/12078\/revisions"}],"wp:featuredmedia":[{"embeddable":true,"href":"https:\/\/deputadotaveirajr.com.br\/index.php\/wp-json\/wp\/v2\/media\/12079"}],"wp:attachment":[{"href":"https:\/\/deputadotaveirajr.com.br\/index.php\/wp-json\/wp\/v2\/media?parent=12078"}],"curies":[{"name":"wp","href":"https:\/\/api.w.org\/{rel}","templated":true}]}}