{"id":12086,"date":"2025-01-23T11:50:35","date_gmt":"2025-01-23T14:50:35","guid":{"rendered":"https:\/\/deputadotaveirajr.com.br\/index.php\/duplo-homicidio-e-investigado-pela-policia-em-pau-dos-ferros-no-alto-oeste-potiguar\/"},"modified":"2025-01-23T11:50:35","modified_gmt":"2025-01-23T14:50:35","slug":"duplo-homicidio-e-investigado-pela-policia-em-pau-dos-ferros-no-alto-oeste-potiguar","status":"publish","type":"page","link":"https:\/\/deputadotaveirajr.com.br\/index.php\/duplo-homicidio-e-investigado-pela-policia-em-pau-dos-ferros-no-alto-oeste-potiguar\/","title":{"rendered":"Duplo homic\u00eddio \u00e9 investigado pela pol\u00edcia em Pau dos Ferros, no Alto Oeste potiguar"},"content":{"rendered":"<p><img decoding=\"async\" src=\"https:\/\/s2-g1.glbimg.com\/K4SkeH28byrtJx_eVWFG62rniks=\/i.s3.glbimg.com\/v1\/AUTH_59edd422c0c84a879bd37670ae4f538a\/internal_photos\/bs\/2023\/f\/J\/GZ5KcoSoWFBeER2b2Vig\/whatsapp-image-2023-12-19-at-10.17.31.jpeg\" \/><br \/>     Crime aconteceu na noite de quarta-feira (22) em frente a pr\u00e9dio onde funcionou pousada na cidade.  Dois homens foram mortos a tiros na noite desta quarta-feira (22) em frente a um pr\u00e9dio onde funcionou uma pousada em Pau dos Ferros, no Alto Oeste potiguar.<br \/>\nSegundo a Pol\u00edcia Militar, o duplo homic\u00eddio aconteceu por volta das 19h na Rua Francisco Batalha, no bairro Princesinha.<br \/>\n\ud83d\udcf3Participe do canal do g1 RN no WhatsApp<br \/>\nO crime teria sido praticado por dois homens que estavam em uma moto e fugiram em seguida.<br \/>\nAs v\u00edtimas foram identificadas pelo Itep como Rousemberg da Silva, de 38 anos, e Francisco Fabiano da Costa Lima, de 37 anos, ambos moradores do munic\u00edpio.<br \/>\nMoradores da regi\u00e3o n\u00e3o deram mais detalhes sobre o crime \u00e0 pol\u00edcia. As v\u00edtimas morreram no local, antes de qualquer socorro m\u00e9dico.<br \/>\nAinda de acordo com a PM, Fabiano usava tornozeleira eletr\u00f4nica e j\u00e1 tinha passagens pelo sistema prisional por homic\u00eddio e tr\u00e1fico de drogas. Rosemberg tamb\u00e9m tinha passagens pela pol\u00edcia, relacionadas ao tr\u00e1fico de drogas.<br \/>\nAs investiga\u00e7\u00f5es ser\u00e3o conduzidas pela 53\u00aa Delegacia de Pol\u00edcia de Pau dos Ferros. Segundo o delegado J\u00falio C\u00e9sar, que est\u00e1 \u00e0 frente da unidade em janeiro, a equipe j\u00e1 analisa as circunst\u00e2ncias do crime.<br \/>\n&#8220;At\u00e9 o momento, n\u00e3o se tem suspeita de autoria. A motiva\u00e7\u00e3o tamb\u00e9m est\u00e1 sendo apurada. H\u00e1 suspeita, segundo investiga\u00e7\u00f5es, de que as v\u00edtimas eram integrantes de fac\u00e7\u00e3o criminosa destinada ao tr\u00e1fico de drogas&#8221;, disse ao g1.<br \/>\nGiroflex<br \/>\nFoto: Divulga\u00e7\u00e3o<br \/>\nVeja os v\u00eddeos mais assistidos no g1 RN<\/p>","protected":false},"excerpt":{"rendered":"<p>Crime aconteceu na noite de quarta-feira (22) em frente a pr\u00e9dio onde funcionou pousada na cidade. Dois homens foram mortos a tiros na noite desta quarta-feira (22) em frente a &#8230;<\/p>\n","protected":false},"author":0,"featured_media":12087,"parent":0,"menu_order":0,"comment_status":"closed","ping_status":"closed","template":"","meta":{"footnotes":""},"class_list":["post-12086","page","type-page","status-publish","has-post-thumbnail","hentry"],"yoast_head":"<!-- This site is optimized with the Yoast SEO plugin v27.1.1 - https:\/\/yoast.com\/product\/yoast-seo-wordpress\/ -->\n<title>Duplo homic\u00eddio \u00e9 investigado pela pol\u00edcia em Pau dos Ferros, no Alto Oeste potiguar - Taveira Jr<\/title>\n<meta name=\"robots\" content=\"index, follow, max-snippet:-1, max-image-preview:large, max-video-preview:-1\" \/>\n<link rel=\"canonical\" href=\"https:\/\/deputadotaveirajr.com.br\/index.php\/duplo-homicidio-e-investigado-pela-policia-em-pau-dos-ferros-no-alto-oeste-potiguar\/\" \/>\n<meta property=\"og:locale\" content=\"pt_BR\" \/>\n<meta property=\"og:type\" content=\"article\" \/>\n<meta property=\"og:title\" content=\"Duplo homic\u00eddio \u00e9 investigado pela pol\u00edcia em Pau dos Ferros, no Alto Oeste potiguar - Taveira Jr\" \/>\n<meta property=\"og:description\" content=\"Crime aconteceu na noite de quarta-feira (22) em frente a pr\u00e9dio onde funcionou pousada na cidade. Dois homens foram mortos a tiros na noite desta quarta-feira (22) em frente a ...\" \/>\n<meta property=\"og:url\" content=\"https:\/\/deputadotaveirajr.com.br\/index.php\/duplo-homicidio-e-investigado-pela-policia-em-pau-dos-ferros-no-alto-oeste-potiguar\/\" \/>\n<meta property=\"og:site_name\" content=\"Taveira Jr\" \/>\n<meta property=\"og:image\" content=\"https:\/\/s2-g1.glbimg.com\/K4SkeH28byrtJx_eVWFG62rniks=\/i.s3.glbimg.com\/v1\/AUTH_59edd422c0c84a879bd37670ae4f538a\/internal_photos\/bs\/2023\/f\/J\/GZ5KcoSoWFBeER2b2Vig\/whatsapp-image-2023-12-19-at-10.17.31.jpeg\" \/>\n<meta name=\"twitter:card\" content=\"summary_large_image\" \/>\n<meta name=\"twitter:label1\" content=\"Est. tempo de leitura\" \/>\n\t<meta name=\"twitter:data1\" content=\"1 minuto\" \/>\n<script type=\"application\/ld+json\" class=\"yoast-schema-graph\">{\"@context\":\"https:\/\/schema.org\",\"@graph\":[{\"@type\":\"WebPage\",\"@id\":\"https:\/\/deputadotaveirajr.com.br\/index.php\/duplo-homicidio-e-investigado-pela-policia-em-pau-dos-ferros-no-alto-oeste-potiguar\/\",\"url\":\"https:\/\/deputadotaveirajr.com.br\/index.php\/duplo-homicidio-e-investigado-pela-policia-em-pau-dos-ferros-no-alto-oeste-potiguar\/\",\"name\":\"Duplo homic\u00eddio \u00e9 investigado pela pol\u00edcia em Pau dos Ferros, no Alto Oeste potiguar - Taveira Jr\",\"isPartOf\":{\"@id\":\"https:\/\/deputadotaveirajr.com.br\/#website\"},\"primaryImageOfPage\":{\"@id\":\"https:\/\/deputadotaveirajr.com.br\/index.php\/duplo-homicidio-e-investigado-pela-policia-em-pau-dos-ferros-no-alto-oeste-potiguar\/#primaryimage\"},\"image\":{\"@id\":\"https:\/\/deputadotaveirajr.com.br\/index.php\/duplo-homicidio-e-investigado-pela-policia-em-pau-dos-ferros-no-alto-oeste-potiguar\/#primaryimage\"},\"thumbnailUrl\":\"https:\/\/deputadotaveirajr.com.br\/wp-content\/uploads\/2025\/01\/whatsapp-image-2023-12-19-at-10.17.31-Klbhk6.jpeg\",\"datePublished\":\"2025-01-23T14:50:35+00:00\",\"breadcrumb\":{\"@id\":\"https:\/\/deputadotaveirajr.com.br\/index.php\/duplo-homicidio-e-investigado-pela-policia-em-pau-dos-ferros-no-alto-oeste-potiguar\/#breadcrumb\"},\"inLanguage\":\"pt-BR\",\"potentialAction\":[{\"@type\":\"ReadAction\",\"target\":[\"https:\/\/deputadotaveirajr.com.br\/index.php\/duplo-homicidio-e-investigado-pela-policia-em-pau-dos-ferros-no-alto-oeste-potiguar\/\"]}]},{\"@type\":\"ImageObject\",\"inLanguage\":\"pt-BR\",\"@id\":\"https:\/\/deputadotaveirajr.com.br\/index.php\/duplo-homicidio-e-investigado-pela-policia-em-pau-dos-ferros-no-alto-oeste-potiguar\/#primaryimage\",\"url\":\"https:\/\/deputadotaveirajr.com.br\/wp-content\/uploads\/2025\/01\/whatsapp-image-2023-12-19-at-10.17.31-Klbhk6.jpeg\",\"contentUrl\":\"https:\/\/deputadotaveirajr.com.br\/wp-content\/uploads\/2025\/01\/whatsapp-image-2023-12-19-at-10.17.31-Klbhk6.jpeg\",\"width\":1280,\"height\":854},{\"@type\":\"BreadcrumbList\",\"@id\":\"https:\/\/deputadotaveirajr.com.br\/index.php\/duplo-homicidio-e-investigado-pela-policia-em-pau-dos-ferros-no-alto-oeste-potiguar\/#breadcrumb\",\"itemListElement\":[{\"@type\":\"ListItem\",\"position\":1,\"name\":\"In\u00edcio\",\"item\":\"https:\/\/deputadotaveirajr.com.br\/\"},{\"@type\":\"ListItem\",\"position\":2,\"name\":\"Duplo homic\u00eddio \u00e9 investigado pela pol\u00edcia em Pau dos Ferros, no Alto Oeste potiguar\"}]},{\"@type\":\"WebSite\",\"@id\":\"https:\/\/deputadotaveirajr.com.br\/#website\",\"url\":\"https:\/\/deputadotaveirajr.com.br\/\",\"name\":\"Taveira Jr\",\"description\":\"Deputado Estadual\",\"publisher\":{\"@id\":\"https:\/\/deputadotaveirajr.com.br\/#organization\"},\"potentialAction\":[{\"@type\":\"SearchAction\",\"target\":{\"@type\":\"EntryPoint\",\"urlTemplate\":\"https:\/\/deputadotaveirajr.com.br\/?s={search_term_string}\"},\"query-input\":{\"@type\":\"PropertyValueSpecification\",\"valueRequired\":true,\"valueName\":\"search_term_string\"}}],\"inLanguage\":\"pt-BR\"},{\"@type\":\"Organization\",\"@id\":\"https:\/\/deputadotaveirajr.com.br\/#organization\",\"name\":\"Taveira Jr\",\"url\":\"https:\/\/deputadotaveirajr.com.br\/\",\"logo\":{\"@type\":\"ImageObject\",\"inLanguage\":\"pt-BR\",\"@id\":\"https:\/\/deputadotaveirajr.com.br\/#\/schema\/logo\/image\/\",\"url\":\"https:\/\/deputadotaveirajr.com.br\/wp-content\/uploads\/2026\/01\/logolow2a.png\",\"contentUrl\":\"https:\/\/deputadotaveirajr.com.br\/wp-content\/uploads\/2026\/01\/logolow2a.png\",\"width\":290,\"height\":80,\"caption\":\"Taveira Jr\"},\"image\":{\"@id\":\"https:\/\/deputadotaveirajr.com.br\/#\/schema\/logo\/image\/\"}}]}<\/script>\n<!-- \/ Yoast SEO plugin. -->","yoast_head_json":{"title":"Duplo homic\u00eddio \u00e9 investigado pela pol\u00edcia em Pau dos Ferros, no Alto Oeste potiguar - Taveira Jr","robots":{"index":"index","follow":"follow","max-snippet":"max-snippet:-1","max-image-preview":"max-image-preview:large","max-video-preview":"max-video-preview:-1"},"canonical":"https:\/\/deputadotaveirajr.com.br\/index.php\/duplo-homicidio-e-investigado-pela-policia-em-pau-dos-ferros-no-alto-oeste-potiguar\/","og_locale":"pt_BR","og_type":"article","og_title":"Duplo homic\u00eddio \u00e9 investigado pela pol\u00edcia em Pau dos Ferros, no Alto Oeste potiguar - Taveira Jr","og_description":"Crime aconteceu na noite de quarta-feira (22) em frente a pr\u00e9dio onde funcionou pousada na cidade. Dois homens foram mortos a tiros na noite desta quarta-feira (22) em frente a ...","og_url":"https:\/\/deputadotaveirajr.com.br\/index.php\/duplo-homicidio-e-investigado-pela-policia-em-pau-dos-ferros-no-alto-oeste-potiguar\/","og_site_name":"Taveira Jr","og_image":[{"url":"https:\/\/s2-g1.glbimg.com\/K4SkeH28byrtJx_eVWFG62rniks=\/i.s3.glbimg.com\/v1\/AUTH_59edd422c0c84a879bd37670ae4f538a\/internal_photos\/bs\/2023\/f\/J\/GZ5KcoSoWFBeER2b2Vig\/whatsapp-image-2023-12-19-at-10.17.31.jpeg","type":"","width":"","height":""}],"twitter_card":"summary_large_image","twitter_misc":{"Est. tempo de leitura":"1 minuto"},"schema":{"@context":"https:\/\/schema.org","@graph":[{"@type":"WebPage","@id":"https:\/\/deputadotaveirajr.com.br\/index.php\/duplo-homicidio-e-investigado-pela-policia-em-pau-dos-ferros-no-alto-oeste-potiguar\/","url":"https:\/\/deputadotaveirajr.com.br\/index.php\/duplo-homicidio-e-investigado-pela-policia-em-pau-dos-ferros-no-alto-oeste-potiguar\/","name":"Duplo homic\u00eddio \u00e9 investigado pela pol\u00edcia em Pau dos Ferros, no Alto Oeste potiguar - Taveira Jr","isPartOf":{"@id":"https:\/\/deputadotaveirajr.com.br\/#website"},"primaryImageOfPage":{"@id":"https:\/\/deputadotaveirajr.com.br\/index.php\/duplo-homicidio-e-investigado-pela-policia-em-pau-dos-ferros-no-alto-oeste-potiguar\/#primaryimage"},"image":{"@id":"https:\/\/deputadotaveirajr.com.br\/index.php\/duplo-homicidio-e-investigado-pela-policia-em-pau-dos-ferros-no-alto-oeste-potiguar\/#primaryimage"},"thumbnailUrl":"https:\/\/deputadotaveirajr.com.br\/wp-content\/uploads\/2025\/01\/whatsapp-image-2023-12-19-at-10.17.31-Klbhk6.jpeg","datePublished":"2025-01-23T14:50:35+00:00","breadcrumb":{"@id":"https:\/\/deputadotaveirajr.com.br\/index.php\/duplo-homicidio-e-investigado-pela-policia-em-pau-dos-ferros-no-alto-oeste-potiguar\/#breadcrumb"},"inLanguage":"pt-BR","potentialAction":[{"@type":"ReadAction","target":["https:\/\/deputadotaveirajr.com.br\/index.php\/duplo-homicidio-e-investigado-pela-policia-em-pau-dos-ferros-no-alto-oeste-potiguar\/"]}]},{"@type":"ImageObject","inLanguage":"pt-BR","@id":"https:\/\/deputadotaveirajr.com.br\/index.php\/duplo-homicidio-e-investigado-pela-policia-em-pau-dos-ferros-no-alto-oeste-potiguar\/#primaryimage","url":"https:\/\/deputadotaveirajr.com.br\/wp-content\/uploads\/2025\/01\/whatsapp-image-2023-12-19-at-10.17.31-Klbhk6.jpeg","contentUrl":"https:\/\/deputadotaveirajr.com.br\/wp-content\/uploads\/2025\/01\/whatsapp-image-2023-12-19-at-10.17.31-Klbhk6.jpeg","width":1280,"height":854},{"@type":"BreadcrumbList","@id":"https:\/\/deputadotaveirajr.com.br\/index.php\/duplo-homicidio-e-investigado-pela-policia-em-pau-dos-ferros-no-alto-oeste-potiguar\/#breadcrumb","itemListElement":[{"@type":"ListItem","position":1,"name":"In\u00edcio","item":"https:\/\/deputadotaveirajr.com.br\/"},{"@type":"ListItem","position":2,"name":"Duplo homic\u00eddio \u00e9 investigado pela pol\u00edcia em Pau dos Ferros, no Alto Oeste potiguar"}]},{"@type":"WebSite","@id":"https:\/\/deputadotaveirajr.com.br\/#website","url":"https:\/\/deputadotaveirajr.com.br\/","name":"Taveira Jr","description":"Deputado Estadual","publisher":{"@id":"https:\/\/deputadotaveirajr.com.br\/#organization"},"potentialAction":[{"@type":"SearchAction","target":{"@type":"EntryPoint","urlTemplate":"https:\/\/deputadotaveirajr.com.br\/?s={search_term_string}"},"query-input":{"@type":"PropertyValueSpecification","valueRequired":true,"valueName":"search_term_string"}}],"inLanguage":"pt-BR"},{"@type":"Organization","@id":"https:\/\/deputadotaveirajr.com.br\/#organization","name":"Taveira Jr","url":"https:\/\/deputadotaveirajr.com.br\/","logo":{"@type":"ImageObject","inLanguage":"pt-BR","@id":"https:\/\/deputadotaveirajr.com.br\/#\/schema\/logo\/image\/","url":"https:\/\/deputadotaveirajr.com.br\/wp-content\/uploads\/2026\/01\/logolow2a.png","contentUrl":"https:\/\/deputadotaveirajr.com.br\/wp-content\/uploads\/2026\/01\/logolow2a.png","width":290,"height":80,"caption":"Taveira Jr"},"image":{"@id":"https:\/\/deputadotaveirajr.com.br\/#\/schema\/logo\/image\/"}}]}},"_links":{"self":[{"href":"https:\/\/deputadotaveirajr.com.br\/index.php\/wp-json\/wp\/v2\/pages\/12086","targetHints":{"allow":["GET"]}}],"collection":[{"href":"https:\/\/deputadotaveirajr.com.br\/index.php\/wp-json\/wp\/v2\/pages"}],"about":[{"href":"https:\/\/deputadotaveirajr.com.br\/index.php\/wp-json\/wp\/v2\/types\/page"}],"replies":[{"embeddable":true,"href":"https:\/\/deputadotaveirajr.com.br\/index.php\/wp-json\/wp\/v2\/comments?post=12086"}],"version-history":[{"count":0,"href":"https:\/\/deputadotaveirajr.com.br\/index.php\/wp-json\/wp\/v2\/pages\/12086\/revisions"}],"wp:featuredmedia":[{"embeddable":true,"href":"https:\/\/deputadotaveirajr.com.br\/index.php\/wp-json\/wp\/v2\/media\/12087"}],"wp:attachment":[{"href":"https:\/\/deputadotaveirajr.com.br\/index.php\/wp-json\/wp\/v2\/media?parent=12086"}],"curies":[{"name":"wp","href":"https:\/\/api.w.org\/{rel}","templated":true}]}}