{"id":12090,"date":"2025-01-23T12:57:48","date_gmt":"2025-01-23T15:57:48","guid":{"rendered":"https:\/\/deputadotaveirajr.com.br\/index.php\/lei-reconhece-bordado-do-serido-como-patrimonio-imaterial-e-artistico-do-rio-grande-do-norte\/"},"modified":"2025-01-23T12:57:48","modified_gmt":"2025-01-23T15:57:48","slug":"lei-reconhece-bordado-do-serido-como-patrimonio-imaterial-e-artistico-do-rio-grande-do-norte","status":"publish","type":"page","link":"https:\/\/deputadotaveirajr.com.br\/index.php\/lei-reconhece-bordado-do-serido-como-patrimonio-imaterial-e-artistico-do-rio-grande-do-norte\/","title":{"rendered":"Lei reconhece bordado do Serid\u00f3 como patrim\u00f4nio imaterial e art\u00edstico do Rio Grande do Norte"},"content":{"rendered":"<p><img decoding=\"async\" src=\"https:\/\/s2-g1.glbimg.com\/vcK33x1kaqqNy0R7LW14gwCakZI=\/i.s3.glbimg.com\/v1\/AUTH_59edd422c0c84a879bd37670ae4f538a\/internal_photos\/bs\/2024\/8\/I\/Ct9vh8SZaD4CsytoP4jA\/marcelmerguizo.jpg\" \/><br \/>     Arte centen\u00e1ria e tradicional na regi\u00e3o se tornou conhecida nacionalmente nos \u00faltimos anos e foi usada nos uniformes da delega\u00e7\u00e3o brasileira nas Olimp\u00edadas de Paris.   Roupa bordada pelas bordadeiras de Timba\u00faba dos Batistas<br \/>\nMarcel Merguizo\/ge\/ARQUIVO<br \/>\nUma lei sancionada e publicada pelo governo do Rio Grande do Norte nesta quinta-feira (23) no Di\u00e1rio Oficial reconhece o bordado do Serid\u00f3 como um patrim\u00f4nio cultural, imaterial e art\u00edstico do estado.<br \/>\nA arte centen\u00e1ria, que \u00e9 passada de gera\u00e7\u00e3o em gera\u00e7\u00e3o, ganhou destaque nacional nos \u00faltimos anos, ap\u00f3s ser usada no vestido de casamento da soci\u00f3loga Rosangela Silva, a Janja, com o presidente Luis In\u00e1cio da Silva (PT) e por vestir a delega\u00e7\u00e3o brasileira nas Olimp\u00edadas de Paris.<br \/>\n\ud83d\udcf3Participe do canal do g1 RN no WhatsApp<br \/>\nNa cidade de Timba\u00faba dos Batistas, munic\u00edpio com cerca de 2,3 mil moradores no Serid\u00f3, um ter\u00e7o dos trabalhadores tem o bordado como atividade profissional, segundo o Servi\u00e7o Brasileiro de Apoio \u00e0s Micro e Pequenas Empresas do RN (Sebrae-RN).<br \/>\nDe t\u00e3o tradicional e conhecida, a arte recebeu um selo de indica\u00e7\u00e3o geogr\u00e1fica pelo Instituto Nacional de Propriedade Industrial (Inpi) que atesta, que os produtos produzidos pelos artisdas locais s\u00e3o da regi\u00e3o.<br \/>\nOutra lei sancionada pelo governo tamb\u00e9m instituiu o Dia Estadual da Rendeira no calend\u00e1rio oficial de eventos do estado. A data ser\u00e1 celebrada anualmente no dia 13 de abril.<br \/>\nVeja os v\u00eddeos mais assistidos no g1 RN<\/p>","protected":false},"excerpt":{"rendered":"<p>Arte centen\u00e1ria e tradicional na regi\u00e3o se tornou conhecida nacionalmente nos \u00faltimos anos e foi usada nos uniformes da delega\u00e7\u00e3o brasileira nas Olimp\u00edadas de Paris. Roupa bordada pelas bordadeiras de &#8230;<\/p>\n","protected":false},"author":0,"featured_media":12091,"parent":0,"menu_order":0,"comment_status":"closed","ping_status":"closed","template":"","meta":{"footnotes":""},"class_list":["post-12090","page","type-page","status-publish","has-post-thumbnail","hentry"],"yoast_head":"<!-- This site is optimized with the Yoast SEO plugin v27.1.1 - https:\/\/yoast.com\/product\/yoast-seo-wordpress\/ -->\n<title>Lei reconhece bordado do Serid\u00f3 como patrim\u00f4nio imaterial e art\u00edstico do Rio Grande do Norte - Taveira Jr<\/title>\n<meta name=\"robots\" content=\"index, follow, max-snippet:-1, max-image-preview:large, max-video-preview:-1\" \/>\n<link rel=\"canonical\" href=\"https:\/\/deputadotaveirajr.com.br\/index.php\/lei-reconhece-bordado-do-serido-como-patrimonio-imaterial-e-artistico-do-rio-grande-do-norte\/\" \/>\n<meta property=\"og:locale\" content=\"pt_BR\" \/>\n<meta property=\"og:type\" content=\"article\" \/>\n<meta property=\"og:title\" content=\"Lei reconhece bordado do Serid\u00f3 como patrim\u00f4nio imaterial e art\u00edstico do Rio Grande do Norte - Taveira Jr\" \/>\n<meta property=\"og:description\" content=\"Arte centen\u00e1ria e tradicional na regi\u00e3o se tornou conhecida nacionalmente nos \u00faltimos anos e foi usada nos uniformes da delega\u00e7\u00e3o brasileira nas Olimp\u00edadas de Paris. Roupa bordada pelas bordadeiras de ...\" \/>\n<meta property=\"og:url\" content=\"https:\/\/deputadotaveirajr.com.br\/index.php\/lei-reconhece-bordado-do-serido-como-patrimonio-imaterial-e-artistico-do-rio-grande-do-norte\/\" \/>\n<meta property=\"og:site_name\" content=\"Taveira Jr\" \/>\n<meta property=\"og:image\" content=\"https:\/\/s2-g1.glbimg.com\/vcK33x1kaqqNy0R7LW14gwCakZI=\/i.s3.glbimg.com\/v1\/AUTH_59edd422c0c84a879bd37670ae4f538a\/internal_photos\/bs\/2024\/8\/I\/Ct9vh8SZaD4CsytoP4jA\/marcelmerguizo.jpg\" \/>\n<meta name=\"twitter:card\" content=\"summary_large_image\" \/>\n<meta name=\"twitter:label1\" content=\"Est. tempo de leitura\" \/>\n\t<meta name=\"twitter:data1\" content=\"1 minuto\" \/>\n<script type=\"application\/ld+json\" class=\"yoast-schema-graph\">{\"@context\":\"https:\/\/schema.org\",\"@graph\":[{\"@type\":\"WebPage\",\"@id\":\"https:\/\/deputadotaveirajr.com.br\/index.php\/lei-reconhece-bordado-do-serido-como-patrimonio-imaterial-e-artistico-do-rio-grande-do-norte\/\",\"url\":\"https:\/\/deputadotaveirajr.com.br\/index.php\/lei-reconhece-bordado-do-serido-como-patrimonio-imaterial-e-artistico-do-rio-grande-do-norte\/\",\"name\":\"Lei reconhece bordado do Serid\u00f3 como patrim\u00f4nio imaterial e art\u00edstico do Rio Grande do Norte - Taveira Jr\",\"isPartOf\":{\"@id\":\"https:\/\/deputadotaveirajr.com.br\/#website\"},\"primaryImageOfPage\":{\"@id\":\"https:\/\/deputadotaveirajr.com.br\/index.php\/lei-reconhece-bordado-do-serido-como-patrimonio-imaterial-e-artistico-do-rio-grande-do-norte\/#primaryimage\"},\"image\":{\"@id\":\"https:\/\/deputadotaveirajr.com.br\/index.php\/lei-reconhece-bordado-do-serido-como-patrimonio-imaterial-e-artistico-do-rio-grande-do-norte\/#primaryimage\"},\"thumbnailUrl\":\"https:\/\/deputadotaveirajr.com.br\/wp-content\/uploads\/2025\/01\/marcelmerguizo-RIAUAS.jpeg\",\"datePublished\":\"2025-01-23T15:57:48+00:00\",\"breadcrumb\":{\"@id\":\"https:\/\/deputadotaveirajr.com.br\/index.php\/lei-reconhece-bordado-do-serido-como-patrimonio-imaterial-e-artistico-do-rio-grande-do-norte\/#breadcrumb\"},\"inLanguage\":\"pt-BR\",\"potentialAction\":[{\"@type\":\"ReadAction\",\"target\":[\"https:\/\/deputadotaveirajr.com.br\/index.php\/lei-reconhece-bordado-do-serido-como-patrimonio-imaterial-e-artistico-do-rio-grande-do-norte\/\"]}]},{\"@type\":\"ImageObject\",\"inLanguage\":\"pt-BR\",\"@id\":\"https:\/\/deputadotaveirajr.com.br\/index.php\/lei-reconhece-bordado-do-serido-como-patrimonio-imaterial-e-artistico-do-rio-grande-do-norte\/#primaryimage\",\"url\":\"https:\/\/deputadotaveirajr.com.br\/wp-content\/uploads\/2025\/01\/marcelmerguizo-RIAUAS.jpeg\",\"contentUrl\":\"https:\/\/deputadotaveirajr.com.br\/wp-content\/uploads\/2025\/01\/marcelmerguizo-RIAUAS.jpeg\",\"width\":1652,\"height\":879},{\"@type\":\"BreadcrumbList\",\"@id\":\"https:\/\/deputadotaveirajr.com.br\/index.php\/lei-reconhece-bordado-do-serido-como-patrimonio-imaterial-e-artistico-do-rio-grande-do-norte\/#breadcrumb\",\"itemListElement\":[{\"@type\":\"ListItem\",\"position\":1,\"name\":\"In\u00edcio\",\"item\":\"https:\/\/deputadotaveirajr.com.br\/\"},{\"@type\":\"ListItem\",\"position\":2,\"name\":\"Lei reconhece bordado do Serid\u00f3 como patrim\u00f4nio imaterial e art\u00edstico do Rio Grande do Norte\"}]},{\"@type\":\"WebSite\",\"@id\":\"https:\/\/deputadotaveirajr.com.br\/#website\",\"url\":\"https:\/\/deputadotaveirajr.com.br\/\",\"name\":\"Taveira Jr\",\"description\":\"Deputado Estadual\",\"publisher\":{\"@id\":\"https:\/\/deputadotaveirajr.com.br\/#organization\"},\"potentialAction\":[{\"@type\":\"SearchAction\",\"target\":{\"@type\":\"EntryPoint\",\"urlTemplate\":\"https:\/\/deputadotaveirajr.com.br\/?s={search_term_string}\"},\"query-input\":{\"@type\":\"PropertyValueSpecification\",\"valueRequired\":true,\"valueName\":\"search_term_string\"}}],\"inLanguage\":\"pt-BR\"},{\"@type\":\"Organization\",\"@id\":\"https:\/\/deputadotaveirajr.com.br\/#organization\",\"name\":\"Taveira Jr\",\"url\":\"https:\/\/deputadotaveirajr.com.br\/\",\"logo\":{\"@type\":\"ImageObject\",\"inLanguage\":\"pt-BR\",\"@id\":\"https:\/\/deputadotaveirajr.com.br\/#\/schema\/logo\/image\/\",\"url\":\"https:\/\/deputadotaveirajr.com.br\/wp-content\/uploads\/2026\/01\/logolow2a.png\",\"contentUrl\":\"https:\/\/deputadotaveirajr.com.br\/wp-content\/uploads\/2026\/01\/logolow2a.png\",\"width\":290,\"height\":80,\"caption\":\"Taveira Jr\"},\"image\":{\"@id\":\"https:\/\/deputadotaveirajr.com.br\/#\/schema\/logo\/image\/\"}}]}<\/script>\n<!-- \/ Yoast SEO plugin. -->","yoast_head_json":{"title":"Lei reconhece bordado do Serid\u00f3 como patrim\u00f4nio imaterial e art\u00edstico do Rio Grande do Norte - Taveira Jr","robots":{"index":"index","follow":"follow","max-snippet":"max-snippet:-1","max-image-preview":"max-image-preview:large","max-video-preview":"max-video-preview:-1"},"canonical":"https:\/\/deputadotaveirajr.com.br\/index.php\/lei-reconhece-bordado-do-serido-como-patrimonio-imaterial-e-artistico-do-rio-grande-do-norte\/","og_locale":"pt_BR","og_type":"article","og_title":"Lei reconhece bordado do Serid\u00f3 como patrim\u00f4nio imaterial e art\u00edstico do Rio Grande do Norte - Taveira Jr","og_description":"Arte centen\u00e1ria e tradicional na regi\u00e3o se tornou conhecida nacionalmente nos \u00faltimos anos e foi usada nos uniformes da delega\u00e7\u00e3o brasileira nas Olimp\u00edadas de Paris. Roupa bordada pelas bordadeiras de ...","og_url":"https:\/\/deputadotaveirajr.com.br\/index.php\/lei-reconhece-bordado-do-serido-como-patrimonio-imaterial-e-artistico-do-rio-grande-do-norte\/","og_site_name":"Taveira Jr","og_image":[{"url":"https:\/\/s2-g1.glbimg.com\/vcK33x1kaqqNy0R7LW14gwCakZI=\/i.s3.glbimg.com\/v1\/AUTH_59edd422c0c84a879bd37670ae4f538a\/internal_photos\/bs\/2024\/8\/I\/Ct9vh8SZaD4CsytoP4jA\/marcelmerguizo.jpg","type":"","width":"","height":""}],"twitter_card":"summary_large_image","twitter_misc":{"Est. tempo de leitura":"1 minuto"},"schema":{"@context":"https:\/\/schema.org","@graph":[{"@type":"WebPage","@id":"https:\/\/deputadotaveirajr.com.br\/index.php\/lei-reconhece-bordado-do-serido-como-patrimonio-imaterial-e-artistico-do-rio-grande-do-norte\/","url":"https:\/\/deputadotaveirajr.com.br\/index.php\/lei-reconhece-bordado-do-serido-como-patrimonio-imaterial-e-artistico-do-rio-grande-do-norte\/","name":"Lei reconhece bordado do Serid\u00f3 como patrim\u00f4nio imaterial e art\u00edstico do Rio Grande do Norte - Taveira Jr","isPartOf":{"@id":"https:\/\/deputadotaveirajr.com.br\/#website"},"primaryImageOfPage":{"@id":"https:\/\/deputadotaveirajr.com.br\/index.php\/lei-reconhece-bordado-do-serido-como-patrimonio-imaterial-e-artistico-do-rio-grande-do-norte\/#primaryimage"},"image":{"@id":"https:\/\/deputadotaveirajr.com.br\/index.php\/lei-reconhece-bordado-do-serido-como-patrimonio-imaterial-e-artistico-do-rio-grande-do-norte\/#primaryimage"},"thumbnailUrl":"https:\/\/deputadotaveirajr.com.br\/wp-content\/uploads\/2025\/01\/marcelmerguizo-RIAUAS.jpeg","datePublished":"2025-01-23T15:57:48+00:00","breadcrumb":{"@id":"https:\/\/deputadotaveirajr.com.br\/index.php\/lei-reconhece-bordado-do-serido-como-patrimonio-imaterial-e-artistico-do-rio-grande-do-norte\/#breadcrumb"},"inLanguage":"pt-BR","potentialAction":[{"@type":"ReadAction","target":["https:\/\/deputadotaveirajr.com.br\/index.php\/lei-reconhece-bordado-do-serido-como-patrimonio-imaterial-e-artistico-do-rio-grande-do-norte\/"]}]},{"@type":"ImageObject","inLanguage":"pt-BR","@id":"https:\/\/deputadotaveirajr.com.br\/index.php\/lei-reconhece-bordado-do-serido-como-patrimonio-imaterial-e-artistico-do-rio-grande-do-norte\/#primaryimage","url":"https:\/\/deputadotaveirajr.com.br\/wp-content\/uploads\/2025\/01\/marcelmerguizo-RIAUAS.jpeg","contentUrl":"https:\/\/deputadotaveirajr.com.br\/wp-content\/uploads\/2025\/01\/marcelmerguizo-RIAUAS.jpeg","width":1652,"height":879},{"@type":"BreadcrumbList","@id":"https:\/\/deputadotaveirajr.com.br\/index.php\/lei-reconhece-bordado-do-serido-como-patrimonio-imaterial-e-artistico-do-rio-grande-do-norte\/#breadcrumb","itemListElement":[{"@type":"ListItem","position":1,"name":"In\u00edcio","item":"https:\/\/deputadotaveirajr.com.br\/"},{"@type":"ListItem","position":2,"name":"Lei reconhece bordado do Serid\u00f3 como patrim\u00f4nio imaterial e art\u00edstico do Rio Grande do Norte"}]},{"@type":"WebSite","@id":"https:\/\/deputadotaveirajr.com.br\/#website","url":"https:\/\/deputadotaveirajr.com.br\/","name":"Taveira Jr","description":"Deputado Estadual","publisher":{"@id":"https:\/\/deputadotaveirajr.com.br\/#organization"},"potentialAction":[{"@type":"SearchAction","target":{"@type":"EntryPoint","urlTemplate":"https:\/\/deputadotaveirajr.com.br\/?s={search_term_string}"},"query-input":{"@type":"PropertyValueSpecification","valueRequired":true,"valueName":"search_term_string"}}],"inLanguage":"pt-BR"},{"@type":"Organization","@id":"https:\/\/deputadotaveirajr.com.br\/#organization","name":"Taveira Jr","url":"https:\/\/deputadotaveirajr.com.br\/","logo":{"@type":"ImageObject","inLanguage":"pt-BR","@id":"https:\/\/deputadotaveirajr.com.br\/#\/schema\/logo\/image\/","url":"https:\/\/deputadotaveirajr.com.br\/wp-content\/uploads\/2026\/01\/logolow2a.png","contentUrl":"https:\/\/deputadotaveirajr.com.br\/wp-content\/uploads\/2026\/01\/logolow2a.png","width":290,"height":80,"caption":"Taveira Jr"},"image":{"@id":"https:\/\/deputadotaveirajr.com.br\/#\/schema\/logo\/image\/"}}]}},"_links":{"self":[{"href":"https:\/\/deputadotaveirajr.com.br\/index.php\/wp-json\/wp\/v2\/pages\/12090","targetHints":{"allow":["GET"]}}],"collection":[{"href":"https:\/\/deputadotaveirajr.com.br\/index.php\/wp-json\/wp\/v2\/pages"}],"about":[{"href":"https:\/\/deputadotaveirajr.com.br\/index.php\/wp-json\/wp\/v2\/types\/page"}],"replies":[{"embeddable":true,"href":"https:\/\/deputadotaveirajr.com.br\/index.php\/wp-json\/wp\/v2\/comments?post=12090"}],"version-history":[{"count":0,"href":"https:\/\/deputadotaveirajr.com.br\/index.php\/wp-json\/wp\/v2\/pages\/12090\/revisions"}],"wp:featuredmedia":[{"embeddable":true,"href":"https:\/\/deputadotaveirajr.com.br\/index.php\/wp-json\/wp\/v2\/media\/12091"}],"wp:attachment":[{"href":"https:\/\/deputadotaveirajr.com.br\/index.php\/wp-json\/wp\/v2\/media?parent=12090"}],"curies":[{"name":"wp","href":"https:\/\/api.w.org\/{rel}","templated":true}]}}