{"id":12092,"date":"2025-01-23T12:51:22","date_gmt":"2025-01-23T15:51:22","guid":{"rendered":"https:\/\/deputadotaveirajr.com.br\/index.php\/marcynho-sensacao-candlelight-e-jose-orlando-veja-agenda-cultural-do-fim-de-semana-em-natal\/"},"modified":"2025-01-23T12:51:22","modified_gmt":"2025-01-23T15:51:22","slug":"marcynho-sensacao-candlelight-e-jose-orlando-veja-agenda-cultural-do-fim-de-semana-em-natal","status":"publish","type":"page","link":"https:\/\/deputadotaveirajr.com.br\/index.php\/marcynho-sensacao-candlelight-e-jose-orlando-veja-agenda-cultural-do-fim-de-semana-em-natal\/","title":{"rendered":"Marcynho Sensa\u00e7\u00e3o, Candlelight e Jos\u00e9 Orlando: veja agenda cultural do fim de semana em Natal"},"content":{"rendered":"<p><img decoding=\"async\" src=\"https:\/\/s2-g1.glbimg.com\/7quvoD9kto3nXxOutI7FqOnhjnw=\/i.s3.glbimg.com\/v1\/AUTH_59edd422c0c84a879bd37670ae4f538a\/internal_photos\/bs\/2023\/i\/u\/AJsssiRjuwJBEhtIPuCA\/img-2720.jpg\" \/><br \/>     Op\u00e7\u00f5es de eventos que acontecem entre esta quinta-feira (23) e a segunda-feira (27) foram reunidas pelo g1. Marcynho Sensa\u00e7\u00e3o \u00e9 atra\u00e7\u00e3o em Natal neste final de semana<br \/>\nErickson Nogueira\/g1<br \/>\nA programa\u00e7\u00e3o cultural deste fim de semana em Natal inclui shows, espet\u00e1culos musicais e eventos para diversos p\u00fablicos.<br \/>\nEntre as atra\u00e7\u00f5es, Marcynho Sensa\u00e7\u00e3o se apresenta no Reda\u00e7\u00e3o Bar, os concertos Candlelight destacam cl\u00e1ssicos do rock e sucessos de Coldplay e Imagine Dragons, e Jos\u00e9 Orlando participa do Sabadou do Forr\u00f3 Brega no Circo Pirangi.<br \/>\n\ud83d\udcf3Participe do canal do g1 RN no WhatsApp<br \/>\nO g1 reuniu algumas das op\u00e7\u00f5es de eventos que acontecem entre esta quinta-feira (23) e a pr\u00f3xima segunda-feira (27). Veja abaixo:<br \/>\nQuinta-feira (23)<br \/>\nDENIMEL<br \/>\nLocal: Espa\u00e7o \u00c1valon (Ponta Negra)<br \/>\nHor\u00e1rio: 20h<br \/>\nIngressos: R$ 15 (vendas no local)<br \/>\nNiver do MC 10<br \/>\nLocal: Hangar 84 (Potengi)<br \/>\nHor\u00e1rio: 21h<br \/>\nIngressos: R$30  (CLIQUE AQUI)<br \/>\nQuinta da Am\u00ea<br \/>\nLocal: Casanova Ecobar (Candel\u00e1ria)<br \/>\nHor\u00e1rio: 20h<br \/>\nIngressos: entrada gratuita<br \/>\nSexta-feira (24)<br \/>\nKd Xox\u00f3?<br \/>\nLocal: Buteco S\u00e3o Basti\u00e3o (Pirangi)<br \/>\nHor\u00e1rio: 17h<br \/>\nIngressos: R$ 100 (COMPRE AQUI)<br \/>\nReda\u00e7\u00e3o Praia<br \/>\nZ\u00e9 Cantor + Marcynho Sensa\u00e7\u00e3o + Lipe Lucena<br \/>\nLocal: Reda\u00e7\u00e3o Bar (Pirangi)<br \/>\nHor\u00e1rio: 18h<br \/>\nIngressos: a partir de R$ 110 (COMPRE AQUI)<br \/>\nAndrew Willians<br \/>\nLocal: Espa\u00e7o \u00c1valon (Ponta Negra)<br \/>\nHor\u00e1rio: 19h30<br \/>\nIngressos: R$ 15 (vendas no local)<br \/>\nSexta Vip<br \/>\nLocal: Estrela Hook Lounge<br \/>\nHor\u00e1rio: 22h<br \/>\nIngressos: a partir de R$ 15 (COMPRE AQUI)<br \/>\nBrota no casa<br \/>\nLocal: Casanova Ecobar (Candel\u00e1ria)<br \/>\nHor\u00e1rio: 20h<br \/>\nIngressos: entrada gratuita<br \/>\nGui Santana<br \/>\nLocal: Natal Comedy Club (Candel\u00e1ria)<br \/>\nHor\u00e1rio: 20h<br \/>\nIngressos: a partir de R$ 40 (CLIQUE AQUI)<br \/>\nS\u00e1bado (25)<br \/>\nOdontobeach<br \/>\nLocal: Cervejaria Oktos (Via Costeira)<br \/>\nHor\u00e1rio: 16h<br \/>\nIngressos: a partir de R$ 105 (CLIQUE AQUI)<br \/>\nBloco \u00c9 Pequeno Mas Cresce<br \/>\nLocal: Porto Mirim Beach (Cear\u00e1-Mirim)<br \/>\nHor\u00e1rio: 16h<br \/>\nIngressos: a partir de R$ 110 (CLIQUE AQUI)<br \/>\nAnivers\u00e1rio do Pa\u00e7oca de Pil\u00e3o<br \/>\nLocal: Restaurante Pa\u00e7oca de Pil\u00e3o (Pirangi)<br \/>\nHor\u00e1rio: 17h<br \/>\nIngressos: a partir de R$ 70 (CLIQUE AQUI)<br \/>\nDiana Cravo &amp; Alison Brazuka<br \/>\nLocal: Espa\u00e7o \u00c1valon (Ponta Negra)<br \/>\nHor\u00e1rio: 19h30<br \/>\nIngressos: R$ 15 (vendas no local)<br \/>\nCOMEBACKSTAGE<br \/>\nLocal: Backstage Bar (Cidade Alta)<br \/>\nHor\u00e1rio: 19h<br \/>\nIngressos: R$ 20 (CLIQUE AQUI)<br \/>\nVer\u00e3o Praia de Zumbi<br \/>\nLocal: Barraca Potiguar Dive (Rio do Fogo)<br \/>\nHor\u00e1rio: 21h<br \/>\nIngressos: R$ 20 (CLIQUE AQUI)<br \/>\nPega Fogo Cabar\u00e9 2.0 &#8211; Mu\u00e7\u00e3o e Renan<br \/>\nLocal: Teatro Riachuelo Natal<br \/>\nHor\u00e1rio: 21h<br \/>\nIngressos: a partir de R$ 65 (CLIQUE AQUI)<br \/>\nSabadou do Forr\u00f3 Brega<br \/>\nJos\u00e9 Orlando, Socorro Lima e Melissa Farias<br \/>\nLocal: Circo Pirangi<br \/>\nHor\u00e1rio: 20h<br \/>\nIngressos: a partir de R$ 50 (CLIQUE AQUI)<br \/>\nMarcelo Duque<br \/>\nLocal: Natal Comedy Club (Candel\u00e1ria)<br \/>\nHor\u00e1rio: 20h<br \/>\nIngressos: a partir de R$ 40 (CLIQUE AQUI)<br \/>\nEspecial Ba\u00fa<br \/>\nLocal: Casanova Ecobar (Candel\u00e1ria)<br \/>\nHor\u00e1rio: 20h<br \/>\nIngressos: entrada gratuita<br \/>\nFreaks<br \/>\nLocal: Loop Music Pub (Ponta Negra)<br \/>\nHor\u00e1rio: 21h<br \/>\nIngressos: entrada gratuita<br \/>\nSad Girls<br \/>\nLocal: Whiskritorio Pub (Ponta Negra)<br \/>\nHor\u00e1rio: 22h<br \/>\nIngressos: a partir de R$25 (CLIQUE AQUI)<br \/>\nCandlelight: Os Cl\u00e1ssicos do Rock<br \/>\nLocal: Casa da Ribeira<br \/>\nHor\u00e1rio: 18h<br \/>\nIngressos: a partir de R$60 (CLIQUE AQUI)<br \/>\nCandlelight: Coldplay x Imagine Dragons<br \/>\nLocal: Casa da Ribeira<br \/>\nHor\u00e1rio: 16h e 20h<br \/>\nIngressos: a partir de R$60 (CLIQUE AQUI)<br \/>\nDomingo (26)<br \/>\nDomingueira<br \/>\nLocal: Casanova Ecobar (Candel\u00e1ria)<br \/>\nHor\u00e1rio: 19h<br \/>\nIngressos: entrada gratuita<br \/>\nBrega Night Club<br \/>\nLocal: Natal Comedy Club (Candel\u00e1ria)<br \/>\nHor\u00e1rio: 20h<br \/>\nIngressos: a partir de R$ 15 (CLIQUE AQUI)<br \/>\nSegunda-feira (27)<br \/>\nSegunda de Vagabundo<br \/>\nLocal: Rua Pereira Sim\u00f5es , 43 B, Rocas<br \/>\nHor\u00e1rio: 20h<br \/>\nIngressos: entrada gratuita<br \/>\nChico C\u00e9sar &#8211; Abertura da Fiart<br \/>\nLocal: Centro de Conven\u00e7\u00f5es de Natal<br \/>\nHor\u00e1rio: 16h<br \/>\nIngressos: R$10 (CLIQUE AQUI)<br \/>\nVeja os v\u00eddeos mais assistidos do g1 RN<\/p>","protected":false},"excerpt":{"rendered":"<p>Op\u00e7\u00f5es de eventos que acontecem entre esta quinta-feira (23) e a segunda-feira (27) foram reunidas pelo g1. Marcynho Sensa\u00e7\u00e3o \u00e9 atra\u00e7\u00e3o em Natal neste final de semana Erickson Nogueira\/g1 A &#8230;<\/p>\n","protected":false},"author":0,"featured_media":12093,"parent":0,"menu_order":0,"comment_status":"closed","ping_status":"closed","template":"","meta":{"footnotes":""},"class_list":["post-12092","page","type-page","status-publish","has-post-thumbnail","hentry"],"yoast_head":"<!-- This site is optimized with the Yoast SEO plugin v27.1.1 - https:\/\/yoast.com\/product\/yoast-seo-wordpress\/ -->\n<title>Marcynho Sensa\u00e7\u00e3o, Candlelight e Jos\u00e9 Orlando: veja agenda cultural do fim de semana em Natal - Taveira Jr<\/title>\n<meta name=\"robots\" content=\"index, follow, max-snippet:-1, max-image-preview:large, max-video-preview:-1\" \/>\n<link rel=\"canonical\" href=\"https:\/\/deputadotaveirajr.com.br\/index.php\/marcynho-sensacao-candlelight-e-jose-orlando-veja-agenda-cultural-do-fim-de-semana-em-natal\/\" \/>\n<meta property=\"og:locale\" content=\"pt_BR\" \/>\n<meta property=\"og:type\" content=\"article\" \/>\n<meta property=\"og:title\" content=\"Marcynho Sensa\u00e7\u00e3o, Candlelight e Jos\u00e9 Orlando: veja agenda cultural do fim de semana em Natal - Taveira Jr\" \/>\n<meta property=\"og:description\" content=\"Op\u00e7\u00f5es de eventos que acontecem entre esta quinta-feira (23) e a segunda-feira (27) foram reunidas pelo g1. Marcynho Sensa\u00e7\u00e3o \u00e9 atra\u00e7\u00e3o em Natal neste final de semana Erickson Nogueira\/g1 A ...\" \/>\n<meta property=\"og:url\" content=\"https:\/\/deputadotaveirajr.com.br\/index.php\/marcynho-sensacao-candlelight-e-jose-orlando-veja-agenda-cultural-do-fim-de-semana-em-natal\/\" \/>\n<meta property=\"og:site_name\" content=\"Taveira Jr\" \/>\n<meta property=\"og:image\" content=\"https:\/\/s2-g1.glbimg.com\/7quvoD9kto3nXxOutI7FqOnhjnw=\/i.s3.glbimg.com\/v1\/AUTH_59edd422c0c84a879bd37670ae4f538a\/internal_photos\/bs\/2023\/i\/u\/AJsssiRjuwJBEhtIPuCA\/img-2720.jpg\" \/>\n<meta name=\"twitter:card\" content=\"summary_large_image\" \/>\n<meta name=\"twitter:label1\" content=\"Est. tempo de leitura\" \/>\n\t<meta name=\"twitter:data1\" content=\"3 minutos\" \/>\n<script type=\"application\/ld+json\" class=\"yoast-schema-graph\">{\"@context\":\"https:\/\/schema.org\",\"@graph\":[{\"@type\":\"WebPage\",\"@id\":\"https:\/\/deputadotaveirajr.com.br\/index.php\/marcynho-sensacao-candlelight-e-jose-orlando-veja-agenda-cultural-do-fim-de-semana-em-natal\/\",\"url\":\"https:\/\/deputadotaveirajr.com.br\/index.php\/marcynho-sensacao-candlelight-e-jose-orlando-veja-agenda-cultural-do-fim-de-semana-em-natal\/\",\"name\":\"Marcynho Sensa\u00e7\u00e3o, Candlelight e Jos\u00e9 Orlando: veja agenda cultural do fim de semana em Natal - Taveira Jr\",\"isPartOf\":{\"@id\":\"https:\/\/deputadotaveirajr.com.br\/#website\"},\"primaryImageOfPage\":{\"@id\":\"https:\/\/deputadotaveirajr.com.br\/index.php\/marcynho-sensacao-candlelight-e-jose-orlando-veja-agenda-cultural-do-fim-de-semana-em-natal\/#primaryimage\"},\"image\":{\"@id\":\"https:\/\/deputadotaveirajr.com.br\/index.php\/marcynho-sensacao-candlelight-e-jose-orlando-veja-agenda-cultural-do-fim-de-semana-em-natal\/#primaryimage\"},\"thumbnailUrl\":\"https:\/\/deputadotaveirajr.com.br\/wp-content\/uploads\/2025\/01\/img-2720-Y3JA2v-scaled.jpeg\",\"datePublished\":\"2025-01-23T15:51:22+00:00\",\"breadcrumb\":{\"@id\":\"https:\/\/deputadotaveirajr.com.br\/index.php\/marcynho-sensacao-candlelight-e-jose-orlando-veja-agenda-cultural-do-fim-de-semana-em-natal\/#breadcrumb\"},\"inLanguage\":\"pt-BR\",\"potentialAction\":[{\"@type\":\"ReadAction\",\"target\":[\"https:\/\/deputadotaveirajr.com.br\/index.php\/marcynho-sensacao-candlelight-e-jose-orlando-veja-agenda-cultural-do-fim-de-semana-em-natal\/\"]}]},{\"@type\":\"ImageObject\",\"inLanguage\":\"pt-BR\",\"@id\":\"https:\/\/deputadotaveirajr.com.br\/index.php\/marcynho-sensacao-candlelight-e-jose-orlando-veja-agenda-cultural-do-fim-de-semana-em-natal\/#primaryimage\",\"url\":\"https:\/\/deputadotaveirajr.com.br\/wp-content\/uploads\/2025\/01\/img-2720-Y3JA2v-scaled.jpeg\",\"contentUrl\":\"https:\/\/deputadotaveirajr.com.br\/wp-content\/uploads\/2025\/01\/img-2720-Y3JA2v-scaled.jpeg\",\"width\":2560,\"height\":1707},{\"@type\":\"BreadcrumbList\",\"@id\":\"https:\/\/deputadotaveirajr.com.br\/index.php\/marcynho-sensacao-candlelight-e-jose-orlando-veja-agenda-cultural-do-fim-de-semana-em-natal\/#breadcrumb\",\"itemListElement\":[{\"@type\":\"ListItem\",\"position\":1,\"name\":\"In\u00edcio\",\"item\":\"https:\/\/deputadotaveirajr.com.br\/\"},{\"@type\":\"ListItem\",\"position\":2,\"name\":\"Marcynho Sensa\u00e7\u00e3o, Candlelight e Jos\u00e9 Orlando: veja agenda cultural do fim de semana em Natal\"}]},{\"@type\":\"WebSite\",\"@id\":\"https:\/\/deputadotaveirajr.com.br\/#website\",\"url\":\"https:\/\/deputadotaveirajr.com.br\/\",\"name\":\"Taveira Jr\",\"description\":\"Deputado Estadual\",\"publisher\":{\"@id\":\"https:\/\/deputadotaveirajr.com.br\/#organization\"},\"potentialAction\":[{\"@type\":\"SearchAction\",\"target\":{\"@type\":\"EntryPoint\",\"urlTemplate\":\"https:\/\/deputadotaveirajr.com.br\/?s={search_term_string}\"},\"query-input\":{\"@type\":\"PropertyValueSpecification\",\"valueRequired\":true,\"valueName\":\"search_term_string\"}}],\"inLanguage\":\"pt-BR\"},{\"@type\":\"Organization\",\"@id\":\"https:\/\/deputadotaveirajr.com.br\/#organization\",\"name\":\"Taveira Jr\",\"url\":\"https:\/\/deputadotaveirajr.com.br\/\",\"logo\":{\"@type\":\"ImageObject\",\"inLanguage\":\"pt-BR\",\"@id\":\"https:\/\/deputadotaveirajr.com.br\/#\/schema\/logo\/image\/\",\"url\":\"https:\/\/deputadotaveirajr.com.br\/wp-content\/uploads\/2026\/01\/logolow2a.png\",\"contentUrl\":\"https:\/\/deputadotaveirajr.com.br\/wp-content\/uploads\/2026\/01\/logolow2a.png\",\"width\":290,\"height\":80,\"caption\":\"Taveira Jr\"},\"image\":{\"@id\":\"https:\/\/deputadotaveirajr.com.br\/#\/schema\/logo\/image\/\"}}]}<\/script>\n<!-- \/ Yoast SEO plugin. -->","yoast_head_json":{"title":"Marcynho Sensa\u00e7\u00e3o, Candlelight e Jos\u00e9 Orlando: veja agenda cultural do fim de semana em Natal - Taveira Jr","robots":{"index":"index","follow":"follow","max-snippet":"max-snippet:-1","max-image-preview":"max-image-preview:large","max-video-preview":"max-video-preview:-1"},"canonical":"https:\/\/deputadotaveirajr.com.br\/index.php\/marcynho-sensacao-candlelight-e-jose-orlando-veja-agenda-cultural-do-fim-de-semana-em-natal\/","og_locale":"pt_BR","og_type":"article","og_title":"Marcynho Sensa\u00e7\u00e3o, Candlelight e Jos\u00e9 Orlando: veja agenda cultural do fim de semana em Natal - Taveira Jr","og_description":"Op\u00e7\u00f5es de eventos que acontecem entre esta quinta-feira (23) e a segunda-feira (27) foram reunidas pelo g1. Marcynho Sensa\u00e7\u00e3o \u00e9 atra\u00e7\u00e3o em Natal neste final de semana Erickson Nogueira\/g1 A ...","og_url":"https:\/\/deputadotaveirajr.com.br\/index.php\/marcynho-sensacao-candlelight-e-jose-orlando-veja-agenda-cultural-do-fim-de-semana-em-natal\/","og_site_name":"Taveira Jr","og_image":[{"url":"https:\/\/s2-g1.glbimg.com\/7quvoD9kto3nXxOutI7FqOnhjnw=\/i.s3.glbimg.com\/v1\/AUTH_59edd422c0c84a879bd37670ae4f538a\/internal_photos\/bs\/2023\/i\/u\/AJsssiRjuwJBEhtIPuCA\/img-2720.jpg","type":"","width":"","height":""}],"twitter_card":"summary_large_image","twitter_misc":{"Est. tempo de leitura":"3 minutos"},"schema":{"@context":"https:\/\/schema.org","@graph":[{"@type":"WebPage","@id":"https:\/\/deputadotaveirajr.com.br\/index.php\/marcynho-sensacao-candlelight-e-jose-orlando-veja-agenda-cultural-do-fim-de-semana-em-natal\/","url":"https:\/\/deputadotaveirajr.com.br\/index.php\/marcynho-sensacao-candlelight-e-jose-orlando-veja-agenda-cultural-do-fim-de-semana-em-natal\/","name":"Marcynho Sensa\u00e7\u00e3o, Candlelight e Jos\u00e9 Orlando: veja agenda cultural do fim de semana em Natal - Taveira Jr","isPartOf":{"@id":"https:\/\/deputadotaveirajr.com.br\/#website"},"primaryImageOfPage":{"@id":"https:\/\/deputadotaveirajr.com.br\/index.php\/marcynho-sensacao-candlelight-e-jose-orlando-veja-agenda-cultural-do-fim-de-semana-em-natal\/#primaryimage"},"image":{"@id":"https:\/\/deputadotaveirajr.com.br\/index.php\/marcynho-sensacao-candlelight-e-jose-orlando-veja-agenda-cultural-do-fim-de-semana-em-natal\/#primaryimage"},"thumbnailUrl":"https:\/\/deputadotaveirajr.com.br\/wp-content\/uploads\/2025\/01\/img-2720-Y3JA2v-scaled.jpeg","datePublished":"2025-01-23T15:51:22+00:00","breadcrumb":{"@id":"https:\/\/deputadotaveirajr.com.br\/index.php\/marcynho-sensacao-candlelight-e-jose-orlando-veja-agenda-cultural-do-fim-de-semana-em-natal\/#breadcrumb"},"inLanguage":"pt-BR","potentialAction":[{"@type":"ReadAction","target":["https:\/\/deputadotaveirajr.com.br\/index.php\/marcynho-sensacao-candlelight-e-jose-orlando-veja-agenda-cultural-do-fim-de-semana-em-natal\/"]}]},{"@type":"ImageObject","inLanguage":"pt-BR","@id":"https:\/\/deputadotaveirajr.com.br\/index.php\/marcynho-sensacao-candlelight-e-jose-orlando-veja-agenda-cultural-do-fim-de-semana-em-natal\/#primaryimage","url":"https:\/\/deputadotaveirajr.com.br\/wp-content\/uploads\/2025\/01\/img-2720-Y3JA2v-scaled.jpeg","contentUrl":"https:\/\/deputadotaveirajr.com.br\/wp-content\/uploads\/2025\/01\/img-2720-Y3JA2v-scaled.jpeg","width":2560,"height":1707},{"@type":"BreadcrumbList","@id":"https:\/\/deputadotaveirajr.com.br\/index.php\/marcynho-sensacao-candlelight-e-jose-orlando-veja-agenda-cultural-do-fim-de-semana-em-natal\/#breadcrumb","itemListElement":[{"@type":"ListItem","position":1,"name":"In\u00edcio","item":"https:\/\/deputadotaveirajr.com.br\/"},{"@type":"ListItem","position":2,"name":"Marcynho Sensa\u00e7\u00e3o, Candlelight e Jos\u00e9 Orlando: veja agenda cultural do fim de semana em Natal"}]},{"@type":"WebSite","@id":"https:\/\/deputadotaveirajr.com.br\/#website","url":"https:\/\/deputadotaveirajr.com.br\/","name":"Taveira Jr","description":"Deputado Estadual","publisher":{"@id":"https:\/\/deputadotaveirajr.com.br\/#organization"},"potentialAction":[{"@type":"SearchAction","target":{"@type":"EntryPoint","urlTemplate":"https:\/\/deputadotaveirajr.com.br\/?s={search_term_string}"},"query-input":{"@type":"PropertyValueSpecification","valueRequired":true,"valueName":"search_term_string"}}],"inLanguage":"pt-BR"},{"@type":"Organization","@id":"https:\/\/deputadotaveirajr.com.br\/#organization","name":"Taveira Jr","url":"https:\/\/deputadotaveirajr.com.br\/","logo":{"@type":"ImageObject","inLanguage":"pt-BR","@id":"https:\/\/deputadotaveirajr.com.br\/#\/schema\/logo\/image\/","url":"https:\/\/deputadotaveirajr.com.br\/wp-content\/uploads\/2026\/01\/logolow2a.png","contentUrl":"https:\/\/deputadotaveirajr.com.br\/wp-content\/uploads\/2026\/01\/logolow2a.png","width":290,"height":80,"caption":"Taveira Jr"},"image":{"@id":"https:\/\/deputadotaveirajr.com.br\/#\/schema\/logo\/image\/"}}]}},"_links":{"self":[{"href":"https:\/\/deputadotaveirajr.com.br\/index.php\/wp-json\/wp\/v2\/pages\/12092","targetHints":{"allow":["GET"]}}],"collection":[{"href":"https:\/\/deputadotaveirajr.com.br\/index.php\/wp-json\/wp\/v2\/pages"}],"about":[{"href":"https:\/\/deputadotaveirajr.com.br\/index.php\/wp-json\/wp\/v2\/types\/page"}],"replies":[{"embeddable":true,"href":"https:\/\/deputadotaveirajr.com.br\/index.php\/wp-json\/wp\/v2\/comments?post=12092"}],"version-history":[{"count":0,"href":"https:\/\/deputadotaveirajr.com.br\/index.php\/wp-json\/wp\/v2\/pages\/12092\/revisions"}],"wp:featuredmedia":[{"embeddable":true,"href":"https:\/\/deputadotaveirajr.com.br\/index.php\/wp-json\/wp\/v2\/media\/12093"}],"wp:attachment":[{"href":"https:\/\/deputadotaveirajr.com.br\/index.php\/wp-json\/wp\/v2\/media?parent=12092"}],"curies":[{"name":"wp","href":"https:\/\/api.w.org\/{rel}","templated":true}]}}