{"id":12096,"date":"2025-01-23T18:44:04","date_gmt":"2025-01-23T21:44:04","guid":{"rendered":"https:\/\/deputadotaveirajr.com.br\/index.php\/fiart-comeca-nesta-sexta-feira-24-com-280-estandes-e-show-de-chico-cesar-na-programacao\/"},"modified":"2025-01-23T18:44:04","modified_gmt":"2025-01-23T21:44:04","slug":"fiart-comeca-nesta-sexta-feira-24-com-280-estandes-e-show-de-chico-cesar-na-programacao","status":"publish","type":"page","link":"https:\/\/deputadotaveirajr.com.br\/index.php\/fiart-comeca-nesta-sexta-feira-24-com-280-estandes-e-show-de-chico-cesar-na-programacao\/","title":{"rendered":"Fiart come\u00e7a nesta sexta-feira (24) com 280 estandes e show de Chico C\u00e9sar na programa\u00e7\u00e3o"},"content":{"rendered":"<p><img decoding=\"async\" src=\"https:\/\/s2-g1.glbimg.com\/6KPetuYN6Uk4NUOg5v-DT87qC2A=\/i.s3.glbimg.com\/v1\/AUTH_59edd422c0c84a879bd37670ae4f538a\/internal_photos\/bs\/2023\/K\/J\/HXoRw7Qd6s4puPCZM96g\/abertura-da-fiart-raiane-miranda-1-.jpeg\" \/><br \/>     30\u00aa edi\u00e7\u00e3o do evento acontece at\u00e9 o dia 2 de fevereiro, com entrada a R$ 10 inteira e R$ 5 meia, e tem expectativa de receber 50 mil pessoas. 28\u00aa edi\u00e7\u00e3o da Fiart &#8211; Feira Internacional do Artesanato, em Natal<br \/>\nRaiane Miranda\/ARQUIVO<br \/>\nA 30\u00aa edi\u00e7\u00e3o da Feira Internacional de Artesanato do Rio Grande do Norte (Fiart) come\u00e7a nesta sexta-feira (24) no Centro de Conven\u00e7\u00f5es, em Natal, com 280 estandes e expectativa de receber 50 mil pessoas em dez dias de evento.<br \/>\nA feira acontece das 16h \u00e0s 22h at\u00e9 o dia 2 de fevereiro e conta ainda com uma programa\u00e7\u00e3o cultural, na qual est\u00e1 incluida o show do cantor Chico C\u00e9sar na pr\u00f3xima segunda-feira (27).<br \/>\n\ud83d\udcf3Participe do canal do g1 RN no WhatsApp<br \/>\nA entrada no evento custa R$ 10 inteira e R$ 5 meia. O tema escolhido para edi\u00e7\u00e3o 2025 foi &#8220;30 anos transformando a hist\u00f3ria da Arte e Cultura do Rio Grande do Norte\u201d.<br \/>\nAo todo, 240 artes\u00e3os exp\u00f5em no evento. Desses, mais de 150 participam financiados pelo Governo do RN.<br \/>\nA \u00e1rea total de exposi\u00e7\u00e3o da Feira \u00e9 de 2.500m\u00b2. H\u00e1 outros seis pa\u00edses expondo: Senegal, Equador, Peru, Qu\u00eania, Col\u00f4mbia e Turquia.<br \/>\nNo Festival Fiart Cultural, no Palco da Cultura Popular, haver\u00e1 mostra de arte e literatura de cordel, Festival Parafolclore com 20 grupos, Batalha de Breaking, seis bandas filarm\u00f4nicas potiguares e shows. Ser\u00e3o 300 musicistas, 200 brincantes e 10 artistas neste palco.<br \/>\nA previs\u00e3o de faturamento dos artes\u00e3os \u00e9 de R$ 6 milh\u00f5es, segundo o governo do RN.<br \/>\nServi\u00e7o<br \/>\n30\u00aa Fiart<br \/>\nQuando: de 24 de janeiro a 02 de fevereiro<br \/>\nLocal: Centro de Conven\u00e7\u00f5es de Natal, na Via Costera<br \/>\nHor\u00e1rio: 16h \u00e0s 22h<br \/>\nValor da entrada: R$ 10,00 a inteira e R$ 5,00 meia entrada<br \/>\nV\u00eddeos mais assistidos do g1 RN<\/p>","protected":false},"excerpt":{"rendered":"<p>30\u00aa edi\u00e7\u00e3o do evento acontece at\u00e9 o dia 2 de fevereiro, com entrada a R$ 10 inteira e R$ 5 meia, e tem expectativa de receber 50 mil pessoas. 28\u00aa &#8230;<\/p>\n","protected":false},"author":0,"featured_media":12097,"parent":0,"menu_order":0,"comment_status":"closed","ping_status":"closed","template":"","meta":{"footnotes":""},"class_list":["post-12096","page","type-page","status-publish","has-post-thumbnail","hentry"],"yoast_head":"<!-- This site is optimized with the Yoast SEO plugin v27.1.1 - https:\/\/yoast.com\/product\/yoast-seo-wordpress\/ -->\n<title>Fiart come\u00e7a nesta sexta-feira (24) com 280 estandes e show de Chico C\u00e9sar na programa\u00e7\u00e3o - Taveira Jr<\/title>\n<meta name=\"robots\" content=\"index, follow, max-snippet:-1, max-image-preview:large, max-video-preview:-1\" \/>\n<link rel=\"canonical\" href=\"https:\/\/deputadotaveirajr.com.br\/index.php\/fiart-comeca-nesta-sexta-feira-24-com-280-estandes-e-show-de-chico-cesar-na-programacao\/\" \/>\n<meta property=\"og:locale\" content=\"pt_BR\" \/>\n<meta property=\"og:type\" content=\"article\" \/>\n<meta property=\"og:title\" content=\"Fiart come\u00e7a nesta sexta-feira (24) com 280 estandes e show de Chico C\u00e9sar na programa\u00e7\u00e3o - Taveira Jr\" \/>\n<meta property=\"og:description\" content=\"30\u00aa edi\u00e7\u00e3o do evento acontece at\u00e9 o dia 2 de fevereiro, com entrada a R$ 10 inteira e R$ 5 meia, e tem expectativa de receber 50 mil pessoas. 28\u00aa ...\" \/>\n<meta property=\"og:url\" content=\"https:\/\/deputadotaveirajr.com.br\/index.php\/fiart-comeca-nesta-sexta-feira-24-com-280-estandes-e-show-de-chico-cesar-na-programacao\/\" \/>\n<meta property=\"og:site_name\" content=\"Taveira Jr\" \/>\n<meta property=\"og:image\" content=\"https:\/\/s2-g1.glbimg.com\/6KPetuYN6Uk4NUOg5v-DT87qC2A=\/i.s3.glbimg.com\/v1\/AUTH_59edd422c0c84a879bd37670ae4f538a\/internal_photos\/bs\/2023\/K\/J\/HXoRw7Qd6s4puPCZM96g\/abertura-da-fiart-raiane-miranda-1-.jpeg\" \/>\n<meta name=\"twitter:card\" content=\"summary_large_image\" \/>\n<meta name=\"twitter:label1\" content=\"Est. tempo de leitura\" \/>\n\t<meta name=\"twitter:data1\" content=\"1 minuto\" \/>\n<script type=\"application\/ld+json\" class=\"yoast-schema-graph\">{\"@context\":\"https:\/\/schema.org\",\"@graph\":[{\"@type\":\"WebPage\",\"@id\":\"https:\/\/deputadotaveirajr.com.br\/index.php\/fiart-comeca-nesta-sexta-feira-24-com-280-estandes-e-show-de-chico-cesar-na-programacao\/\",\"url\":\"https:\/\/deputadotaveirajr.com.br\/index.php\/fiart-comeca-nesta-sexta-feira-24-com-280-estandes-e-show-de-chico-cesar-na-programacao\/\",\"name\":\"Fiart come\u00e7a nesta sexta-feira (24) com 280 estandes e show de Chico C\u00e9sar na programa\u00e7\u00e3o - Taveira Jr\",\"isPartOf\":{\"@id\":\"https:\/\/deputadotaveirajr.com.br\/#website\"},\"primaryImageOfPage\":{\"@id\":\"https:\/\/deputadotaveirajr.com.br\/index.php\/fiart-comeca-nesta-sexta-feira-24-com-280-estandes-e-show-de-chico-cesar-na-programacao\/#primaryimage\"},\"image\":{\"@id\":\"https:\/\/deputadotaveirajr.com.br\/index.php\/fiart-comeca-nesta-sexta-feira-24-com-280-estandes-e-show-de-chico-cesar-na-programacao\/#primaryimage\"},\"thumbnailUrl\":\"https:\/\/deputadotaveirajr.com.br\/wp-content\/uploads\/2025\/01\/abertura-da-fiart-raiane-miranda-1-R678Su.jpeg\",\"datePublished\":\"2025-01-23T21:44:04+00:00\",\"breadcrumb\":{\"@id\":\"https:\/\/deputadotaveirajr.com.br\/index.php\/fiart-comeca-nesta-sexta-feira-24-com-280-estandes-e-show-de-chico-cesar-na-programacao\/#breadcrumb\"},\"inLanguage\":\"pt-BR\",\"potentialAction\":[{\"@type\":\"ReadAction\",\"target\":[\"https:\/\/deputadotaveirajr.com.br\/index.php\/fiart-comeca-nesta-sexta-feira-24-com-280-estandes-e-show-de-chico-cesar-na-programacao\/\"]}]},{\"@type\":\"ImageObject\",\"inLanguage\":\"pt-BR\",\"@id\":\"https:\/\/deputadotaveirajr.com.br\/index.php\/fiart-comeca-nesta-sexta-feira-24-com-280-estandes-e-show-de-chico-cesar-na-programacao\/#primaryimage\",\"url\":\"https:\/\/deputadotaveirajr.com.br\/wp-content\/uploads\/2025\/01\/abertura-da-fiart-raiane-miranda-1-R678Su.jpeg\",\"contentUrl\":\"https:\/\/deputadotaveirajr.com.br\/wp-content\/uploads\/2025\/01\/abertura-da-fiart-raiane-miranda-1-R678Su.jpeg\",\"width\":1368,\"height\":912},{\"@type\":\"BreadcrumbList\",\"@id\":\"https:\/\/deputadotaveirajr.com.br\/index.php\/fiart-comeca-nesta-sexta-feira-24-com-280-estandes-e-show-de-chico-cesar-na-programacao\/#breadcrumb\",\"itemListElement\":[{\"@type\":\"ListItem\",\"position\":1,\"name\":\"In\u00edcio\",\"item\":\"https:\/\/deputadotaveirajr.com.br\/\"},{\"@type\":\"ListItem\",\"position\":2,\"name\":\"Fiart come\u00e7a nesta sexta-feira (24) com 280 estandes e show de Chico C\u00e9sar na programa\u00e7\u00e3o\"}]},{\"@type\":\"WebSite\",\"@id\":\"https:\/\/deputadotaveirajr.com.br\/#website\",\"url\":\"https:\/\/deputadotaveirajr.com.br\/\",\"name\":\"Taveira Jr\",\"description\":\"Deputado Estadual\",\"publisher\":{\"@id\":\"https:\/\/deputadotaveirajr.com.br\/#organization\"},\"potentialAction\":[{\"@type\":\"SearchAction\",\"target\":{\"@type\":\"EntryPoint\",\"urlTemplate\":\"https:\/\/deputadotaveirajr.com.br\/?s={search_term_string}\"},\"query-input\":{\"@type\":\"PropertyValueSpecification\",\"valueRequired\":true,\"valueName\":\"search_term_string\"}}],\"inLanguage\":\"pt-BR\"},{\"@type\":\"Organization\",\"@id\":\"https:\/\/deputadotaveirajr.com.br\/#organization\",\"name\":\"Taveira Jr\",\"url\":\"https:\/\/deputadotaveirajr.com.br\/\",\"logo\":{\"@type\":\"ImageObject\",\"inLanguage\":\"pt-BR\",\"@id\":\"https:\/\/deputadotaveirajr.com.br\/#\/schema\/logo\/image\/\",\"url\":\"https:\/\/deputadotaveirajr.com.br\/wp-content\/uploads\/2026\/01\/logolow2a.png\",\"contentUrl\":\"https:\/\/deputadotaveirajr.com.br\/wp-content\/uploads\/2026\/01\/logolow2a.png\",\"width\":290,\"height\":80,\"caption\":\"Taveira Jr\"},\"image\":{\"@id\":\"https:\/\/deputadotaveirajr.com.br\/#\/schema\/logo\/image\/\"}}]}<\/script>\n<!-- \/ Yoast SEO plugin. -->","yoast_head_json":{"title":"Fiart come\u00e7a nesta sexta-feira (24) com 280 estandes e show de Chico C\u00e9sar na programa\u00e7\u00e3o - Taveira Jr","robots":{"index":"index","follow":"follow","max-snippet":"max-snippet:-1","max-image-preview":"max-image-preview:large","max-video-preview":"max-video-preview:-1"},"canonical":"https:\/\/deputadotaveirajr.com.br\/index.php\/fiart-comeca-nesta-sexta-feira-24-com-280-estandes-e-show-de-chico-cesar-na-programacao\/","og_locale":"pt_BR","og_type":"article","og_title":"Fiart come\u00e7a nesta sexta-feira (24) com 280 estandes e show de Chico C\u00e9sar na programa\u00e7\u00e3o - Taveira Jr","og_description":"30\u00aa edi\u00e7\u00e3o do evento acontece at\u00e9 o dia 2 de fevereiro, com entrada a R$ 10 inteira e R$ 5 meia, e tem expectativa de receber 50 mil pessoas. 28\u00aa ...","og_url":"https:\/\/deputadotaveirajr.com.br\/index.php\/fiart-comeca-nesta-sexta-feira-24-com-280-estandes-e-show-de-chico-cesar-na-programacao\/","og_site_name":"Taveira Jr","og_image":[{"url":"https:\/\/s2-g1.glbimg.com\/6KPetuYN6Uk4NUOg5v-DT87qC2A=\/i.s3.glbimg.com\/v1\/AUTH_59edd422c0c84a879bd37670ae4f538a\/internal_photos\/bs\/2023\/K\/J\/HXoRw7Qd6s4puPCZM96g\/abertura-da-fiart-raiane-miranda-1-.jpeg","type":"","width":"","height":""}],"twitter_card":"summary_large_image","twitter_misc":{"Est. tempo de leitura":"1 minuto"},"schema":{"@context":"https:\/\/schema.org","@graph":[{"@type":"WebPage","@id":"https:\/\/deputadotaveirajr.com.br\/index.php\/fiart-comeca-nesta-sexta-feira-24-com-280-estandes-e-show-de-chico-cesar-na-programacao\/","url":"https:\/\/deputadotaveirajr.com.br\/index.php\/fiart-comeca-nesta-sexta-feira-24-com-280-estandes-e-show-de-chico-cesar-na-programacao\/","name":"Fiart come\u00e7a nesta sexta-feira (24) com 280 estandes e show de Chico C\u00e9sar na programa\u00e7\u00e3o - Taveira Jr","isPartOf":{"@id":"https:\/\/deputadotaveirajr.com.br\/#website"},"primaryImageOfPage":{"@id":"https:\/\/deputadotaveirajr.com.br\/index.php\/fiart-comeca-nesta-sexta-feira-24-com-280-estandes-e-show-de-chico-cesar-na-programacao\/#primaryimage"},"image":{"@id":"https:\/\/deputadotaveirajr.com.br\/index.php\/fiart-comeca-nesta-sexta-feira-24-com-280-estandes-e-show-de-chico-cesar-na-programacao\/#primaryimage"},"thumbnailUrl":"https:\/\/deputadotaveirajr.com.br\/wp-content\/uploads\/2025\/01\/abertura-da-fiart-raiane-miranda-1-R678Su.jpeg","datePublished":"2025-01-23T21:44:04+00:00","breadcrumb":{"@id":"https:\/\/deputadotaveirajr.com.br\/index.php\/fiart-comeca-nesta-sexta-feira-24-com-280-estandes-e-show-de-chico-cesar-na-programacao\/#breadcrumb"},"inLanguage":"pt-BR","potentialAction":[{"@type":"ReadAction","target":["https:\/\/deputadotaveirajr.com.br\/index.php\/fiart-comeca-nesta-sexta-feira-24-com-280-estandes-e-show-de-chico-cesar-na-programacao\/"]}]},{"@type":"ImageObject","inLanguage":"pt-BR","@id":"https:\/\/deputadotaveirajr.com.br\/index.php\/fiart-comeca-nesta-sexta-feira-24-com-280-estandes-e-show-de-chico-cesar-na-programacao\/#primaryimage","url":"https:\/\/deputadotaveirajr.com.br\/wp-content\/uploads\/2025\/01\/abertura-da-fiart-raiane-miranda-1-R678Su.jpeg","contentUrl":"https:\/\/deputadotaveirajr.com.br\/wp-content\/uploads\/2025\/01\/abertura-da-fiart-raiane-miranda-1-R678Su.jpeg","width":1368,"height":912},{"@type":"BreadcrumbList","@id":"https:\/\/deputadotaveirajr.com.br\/index.php\/fiart-comeca-nesta-sexta-feira-24-com-280-estandes-e-show-de-chico-cesar-na-programacao\/#breadcrumb","itemListElement":[{"@type":"ListItem","position":1,"name":"In\u00edcio","item":"https:\/\/deputadotaveirajr.com.br\/"},{"@type":"ListItem","position":2,"name":"Fiart come\u00e7a nesta sexta-feira (24) com 280 estandes e show de Chico C\u00e9sar na programa\u00e7\u00e3o"}]},{"@type":"WebSite","@id":"https:\/\/deputadotaveirajr.com.br\/#website","url":"https:\/\/deputadotaveirajr.com.br\/","name":"Taveira Jr","description":"Deputado Estadual","publisher":{"@id":"https:\/\/deputadotaveirajr.com.br\/#organization"},"potentialAction":[{"@type":"SearchAction","target":{"@type":"EntryPoint","urlTemplate":"https:\/\/deputadotaveirajr.com.br\/?s={search_term_string}"},"query-input":{"@type":"PropertyValueSpecification","valueRequired":true,"valueName":"search_term_string"}}],"inLanguage":"pt-BR"},{"@type":"Organization","@id":"https:\/\/deputadotaveirajr.com.br\/#organization","name":"Taveira Jr","url":"https:\/\/deputadotaveirajr.com.br\/","logo":{"@type":"ImageObject","inLanguage":"pt-BR","@id":"https:\/\/deputadotaveirajr.com.br\/#\/schema\/logo\/image\/","url":"https:\/\/deputadotaveirajr.com.br\/wp-content\/uploads\/2026\/01\/logolow2a.png","contentUrl":"https:\/\/deputadotaveirajr.com.br\/wp-content\/uploads\/2026\/01\/logolow2a.png","width":290,"height":80,"caption":"Taveira Jr"},"image":{"@id":"https:\/\/deputadotaveirajr.com.br\/#\/schema\/logo\/image\/"}}]}},"_links":{"self":[{"href":"https:\/\/deputadotaveirajr.com.br\/index.php\/wp-json\/wp\/v2\/pages\/12096","targetHints":{"allow":["GET"]}}],"collection":[{"href":"https:\/\/deputadotaveirajr.com.br\/index.php\/wp-json\/wp\/v2\/pages"}],"about":[{"href":"https:\/\/deputadotaveirajr.com.br\/index.php\/wp-json\/wp\/v2\/types\/page"}],"replies":[{"embeddable":true,"href":"https:\/\/deputadotaveirajr.com.br\/index.php\/wp-json\/wp\/v2\/comments?post=12096"}],"version-history":[{"count":0,"href":"https:\/\/deputadotaveirajr.com.br\/index.php\/wp-json\/wp\/v2\/pages\/12096\/revisions"}],"wp:featuredmedia":[{"embeddable":true,"href":"https:\/\/deputadotaveirajr.com.br\/index.php\/wp-json\/wp\/v2\/media\/12097"}],"wp:attachment":[{"href":"https:\/\/deputadotaveirajr.com.br\/index.php\/wp-json\/wp\/v2\/media?parent=12096"}],"curies":[{"name":"wp","href":"https:\/\/api.w.org\/{rel}","templated":true}]}}