{"id":12098,"date":"2025-01-23T19:39:10","date_gmt":"2025-01-23T22:39:10","guid":{"rendered":"https:\/\/deputadotaveirajr.com.br\/index.php\/policia-civil-investiga-policial-rodoviario-federal-suspeito-de-agredir-adolescentes-em-mossoro-prf-abre-procedimento-interno\/"},"modified":"2025-01-23T19:39:10","modified_gmt":"2025-01-23T22:39:10","slug":"policia-civil-investiga-policial-rodoviario-federal-suspeito-de-agredir-adolescentes-em-mossoro-prf-abre-procedimento-interno","status":"publish","type":"page","link":"https:\/\/deputadotaveirajr.com.br\/index.php\/policia-civil-investiga-policial-rodoviario-federal-suspeito-de-agredir-adolescentes-em-mossoro-prf-abre-procedimento-interno\/","title":{"rendered":"Pol\u00edcia Civil investiga policial rodovi\u00e1rio federal suspeito de agredir adolescentes em Mossor\u00f3; PRF abre procedimento interno"},"content":{"rendered":"<p><img decoding=\"async\" src=\"https:\/\/s2-g1.glbimg.com\/H3iD3QbuLm5JZfJCjiZsxV3G-s4=\/i.s3.glbimg.com\/v1\/AUTH_59edd422c0c84a879bd37670ae4f538a\/internal_photos\/bs\/2023\/i\/z\/oVJoL3Q3Snta7sHlliZg\/whatsapp-image-2023-06-20-at-08.28.15-1-.jpeg\" \/><br \/>     Fam\u00edlias registraram Termo Circunstanciado de Ocorr\u00eancia (TCO). Adolescentes tem 12 e 14 anos de idade &#8211; uma delas alegou ter sofrido chutes e socos do agressor. Delegacia de Plant\u00e3o de Mossor\u00f3<br \/>\nPedro Hugo\/Inter TV Costa Branca<br \/>\nA Pol\u00edcia Civil est\u00e1 investigando um policial rodovi\u00e1rio federal de folga suspeito de ter agredido dois adolescentes &#8211; de 12 e 14 anos &#8211; em um condom\u00ednio em Mossor\u00f3, na Regi\u00e3o Oeste do Rio Grande do Norte.<br \/>\nUm Termo Circunstanciado de Ocorr\u00eancia (TCO) do caso foi registrado na delegacia e o suspeito liberado. O caso passou a ser investigado pela 38\u00aa Delegacia Distrital de Mossor\u00f3. As v\u00edtimas &#8211; assim como testemunhas &#8211; foram intimadas para depoimento.<br \/>\n\ud83d\udcf3Participe do canal do g1 RN no WhatsApp<br \/>\nEm nota, a Pol\u00edcia Rodovi\u00e1ria Federal disse que repudia qualquer ato de agress\u00e3o e que, assim que tomou conhecimento do fato envolvendo o policial abriu procedimento interno para apurar as circunst\u00e2ncias do caso.<br \/>\nA agress\u00e3o teria acontecido na noite de s\u00e1bado passado (18), segundo a Pol\u00edcia Civil. O condom\u00ednio citado na den\u00fancia fica no bairro Alto de S\u00e3o Manoel.<br \/>\nA m\u00e3e de uma da v\u00edtimas contou que os adolescentes foram agredidos na quadra de esportes do condom\u00ednio, cerca de 15 minutos depois do filho descer do apartamento para brincar.<br \/>\n&#8221; O interfone do meu apartamento tocou, primeiro eu n\u00e3o consegui entender o que meu filho estava falando, mas ele disse: &#8216;M\u00e3e, sabe aquele homem que bateu da outra vez, ele me bateu de novo, des\u00e7a&#8221;&#8221;, disse Isabellyta Carlos, que contou que o homem j\u00e1 havia agredido o filho dela em outra oportunidade.<br \/>\n&#8220;Meu filho j\u00e1 foi v\u00edtima dele uma vez, de uma corre\u00e7\u00e3o que ele fez sobre palavras, pra ensinar meu filho &#8216;como tratar o filho dos outros'&#8221;, disse.<br \/>\nOs adolescentes fugiram ap\u00f3s as agress\u00f5es &#8211; um deles pela garagem e outro tentou se esconder na guartia onde fica o porteiro. Isabellyta Carlos, m\u00e3e da adolescente, disse que o policial ainda estava no local quando ela chegou e que ele teria feito amea\u00e7as tamb\u00e9m contra ela.<br \/>\n&#8220;Quando eu desci, eu j\u00e1 vi a outra ciran\u00e7a toda ensanguentada. Eu fui em busca da sa\u00edda co condom\u00ednio, e meu  filho estava escondido na guardinha do porteiro. E o porteiro disse: &#8216;Suba [de volta para o apartamento], que ele est\u00e1 muito assustado'&#8221;, contou.<br \/>\nSegundo Isabellyta, o policial relatou ter sido amea\u00e7ado com um canivete pelas crian\u00e7as. &#8220;E nessa hora eu questionei onde estava esse canivete, e ele disse que n\u00e3o sabia&#8221;, falou.<br \/>\nO advogado de uma das v\u00edtimas disse que vai lutar para que o crime do policial seja enquadrado durante a investiga\u00e7\u00e3o como tentativa de homic\u00eddio.<br \/>\n&#8220;O indiv\u00edduo de alta estatura, bastante musculoso, praticante de artes marciais, um policial, que desferiu golpes, socos contra dois adolescentes. Ent\u00e3o entendemos que esse caso \u00e9 sim uma tentativa de homic\u00eddio e iremos atuar primeiramente agora no inqu\u00e9rito e no andamento do processo para que ele seja autuado por tentativa homic\u00eddio&#8221;, disse o advogado Thiago Gurgel.<br \/>\nV\u00eddeos mais assistidos do g1 RN<\/p>","protected":false},"excerpt":{"rendered":"<p>Fam\u00edlias registraram Termo Circunstanciado de Ocorr\u00eancia (TCO). Adolescentes tem 12 e 14 anos de idade &#8211; uma delas alegou ter sofrido chutes e socos do agressor. Delegacia de Plant\u00e3o de &#8230;<\/p>\n","protected":false},"author":0,"featured_media":12099,"parent":0,"menu_order":0,"comment_status":"closed","ping_status":"closed","template":"","meta":{"footnotes":""},"class_list":["post-12098","page","type-page","status-publish","has-post-thumbnail","hentry"],"yoast_head":"<!-- This site is optimized with the Yoast SEO plugin v27.1.1 - https:\/\/yoast.com\/product\/yoast-seo-wordpress\/ -->\n<title>Pol\u00edcia Civil investiga policial rodovi\u00e1rio federal suspeito de agredir adolescentes em Mossor\u00f3; PRF abre procedimento interno - Taveira Jr<\/title>\n<meta name=\"robots\" content=\"index, follow, max-snippet:-1, max-image-preview:large, max-video-preview:-1\" \/>\n<link rel=\"canonical\" href=\"https:\/\/deputadotaveirajr.com.br\/index.php\/policia-civil-investiga-policial-rodoviario-federal-suspeito-de-agredir-adolescentes-em-mossoro-prf-abre-procedimento-interno\/\" \/>\n<meta property=\"og:locale\" content=\"pt_BR\" \/>\n<meta property=\"og:type\" content=\"article\" \/>\n<meta property=\"og:title\" content=\"Pol\u00edcia Civil investiga policial rodovi\u00e1rio federal suspeito de agredir adolescentes em Mossor\u00f3; PRF abre procedimento interno - Taveira Jr\" \/>\n<meta property=\"og:description\" content=\"Fam\u00edlias registraram Termo Circunstanciado de Ocorr\u00eancia (TCO). Adolescentes tem 12 e 14 anos de idade &#8211; uma delas alegou ter sofrido chutes e socos do agressor. Delegacia de Plant\u00e3o de ...\" \/>\n<meta property=\"og:url\" content=\"https:\/\/deputadotaveirajr.com.br\/index.php\/policia-civil-investiga-policial-rodoviario-federal-suspeito-de-agredir-adolescentes-em-mossoro-prf-abre-procedimento-interno\/\" \/>\n<meta property=\"og:site_name\" content=\"Taveira Jr\" \/>\n<meta property=\"og:image\" content=\"https:\/\/s2-g1.glbimg.com\/H3iD3QbuLm5JZfJCjiZsxV3G-s4=\/i.s3.glbimg.com\/v1\/AUTH_59edd422c0c84a879bd37670ae4f538a\/internal_photos\/bs\/2023\/i\/z\/oVJoL3Q3Snta7sHlliZg\/whatsapp-image-2023-06-20-at-08.28.15-1-.jpeg\" \/>\n<meta name=\"twitter:card\" content=\"summary_large_image\" \/>\n<meta name=\"twitter:label1\" content=\"Est. tempo de leitura\" \/>\n\t<meta name=\"twitter:data1\" content=\"3 minutos\" \/>\n<script type=\"application\/ld+json\" class=\"yoast-schema-graph\">{\"@context\":\"https:\/\/schema.org\",\"@graph\":[{\"@type\":\"WebPage\",\"@id\":\"https:\/\/deputadotaveirajr.com.br\/index.php\/policia-civil-investiga-policial-rodoviario-federal-suspeito-de-agredir-adolescentes-em-mossoro-prf-abre-procedimento-interno\/\",\"url\":\"https:\/\/deputadotaveirajr.com.br\/index.php\/policia-civil-investiga-policial-rodoviario-federal-suspeito-de-agredir-adolescentes-em-mossoro-prf-abre-procedimento-interno\/\",\"name\":\"Pol\u00edcia Civil investiga policial rodovi\u00e1rio federal suspeito de agredir adolescentes em Mossor\u00f3; PRF abre procedimento interno - Taveira Jr\",\"isPartOf\":{\"@id\":\"https:\/\/deputadotaveirajr.com.br\/#website\"},\"primaryImageOfPage\":{\"@id\":\"https:\/\/deputadotaveirajr.com.br\/index.php\/policia-civil-investiga-policial-rodoviario-federal-suspeito-de-agredir-adolescentes-em-mossoro-prf-abre-procedimento-interno\/#primaryimage\"},\"image\":{\"@id\":\"https:\/\/deputadotaveirajr.com.br\/index.php\/policia-civil-investiga-policial-rodoviario-federal-suspeito-de-agredir-adolescentes-em-mossoro-prf-abre-procedimento-interno\/#primaryimage\"},\"thumbnailUrl\":\"https:\/\/deputadotaveirajr.com.br\/wp-content\/uploads\/2025\/01\/whatsapp-image-2023-06-20-at-08.28.15-1-Kz27Hl.jpeg\",\"datePublished\":\"2025-01-23T22:39:10+00:00\",\"breadcrumb\":{\"@id\":\"https:\/\/deputadotaveirajr.com.br\/index.php\/policia-civil-investiga-policial-rodoviario-federal-suspeito-de-agredir-adolescentes-em-mossoro-prf-abre-procedimento-interno\/#breadcrumb\"},\"inLanguage\":\"pt-BR\",\"potentialAction\":[{\"@type\":\"ReadAction\",\"target\":[\"https:\/\/deputadotaveirajr.com.br\/index.php\/policia-civil-investiga-policial-rodoviario-federal-suspeito-de-agredir-adolescentes-em-mossoro-prf-abre-procedimento-interno\/\"]}]},{\"@type\":\"ImageObject\",\"inLanguage\":\"pt-BR\",\"@id\":\"https:\/\/deputadotaveirajr.com.br\/index.php\/policia-civil-investiga-policial-rodoviario-federal-suspeito-de-agredir-adolescentes-em-mossoro-prf-abre-procedimento-interno\/#primaryimage\",\"url\":\"https:\/\/deputadotaveirajr.com.br\/wp-content\/uploads\/2025\/01\/whatsapp-image-2023-06-20-at-08.28.15-1-Kz27Hl.jpeg\",\"contentUrl\":\"https:\/\/deputadotaveirajr.com.br\/wp-content\/uploads\/2025\/01\/whatsapp-image-2023-06-20-at-08.28.15-1-Kz27Hl.jpeg\",\"width\":1600,\"height\":900},{\"@type\":\"BreadcrumbList\",\"@id\":\"https:\/\/deputadotaveirajr.com.br\/index.php\/policia-civil-investiga-policial-rodoviario-federal-suspeito-de-agredir-adolescentes-em-mossoro-prf-abre-procedimento-interno\/#breadcrumb\",\"itemListElement\":[{\"@type\":\"ListItem\",\"position\":1,\"name\":\"In\u00edcio\",\"item\":\"https:\/\/deputadotaveirajr.com.br\/\"},{\"@type\":\"ListItem\",\"position\":2,\"name\":\"Pol\u00edcia Civil investiga policial rodovi\u00e1rio federal suspeito de agredir adolescentes em Mossor\u00f3; PRF abre procedimento interno\"}]},{\"@type\":\"WebSite\",\"@id\":\"https:\/\/deputadotaveirajr.com.br\/#website\",\"url\":\"https:\/\/deputadotaveirajr.com.br\/\",\"name\":\"Taveira Jr\",\"description\":\"Deputado Estadual\",\"publisher\":{\"@id\":\"https:\/\/deputadotaveirajr.com.br\/#organization\"},\"potentialAction\":[{\"@type\":\"SearchAction\",\"target\":{\"@type\":\"EntryPoint\",\"urlTemplate\":\"https:\/\/deputadotaveirajr.com.br\/?s={search_term_string}\"},\"query-input\":{\"@type\":\"PropertyValueSpecification\",\"valueRequired\":true,\"valueName\":\"search_term_string\"}}],\"inLanguage\":\"pt-BR\"},{\"@type\":\"Organization\",\"@id\":\"https:\/\/deputadotaveirajr.com.br\/#organization\",\"name\":\"Taveira Jr\",\"url\":\"https:\/\/deputadotaveirajr.com.br\/\",\"logo\":{\"@type\":\"ImageObject\",\"inLanguage\":\"pt-BR\",\"@id\":\"https:\/\/deputadotaveirajr.com.br\/#\/schema\/logo\/image\/\",\"url\":\"https:\/\/deputadotaveirajr.com.br\/wp-content\/uploads\/2026\/01\/logolow2a.png\",\"contentUrl\":\"https:\/\/deputadotaveirajr.com.br\/wp-content\/uploads\/2026\/01\/logolow2a.png\",\"width\":290,\"height\":80,\"caption\":\"Taveira Jr\"},\"image\":{\"@id\":\"https:\/\/deputadotaveirajr.com.br\/#\/schema\/logo\/image\/\"}}]}<\/script>\n<!-- \/ Yoast SEO plugin. -->","yoast_head_json":{"title":"Pol\u00edcia Civil investiga policial rodovi\u00e1rio federal suspeito de agredir adolescentes em Mossor\u00f3; PRF abre procedimento interno - Taveira Jr","robots":{"index":"index","follow":"follow","max-snippet":"max-snippet:-1","max-image-preview":"max-image-preview:large","max-video-preview":"max-video-preview:-1"},"canonical":"https:\/\/deputadotaveirajr.com.br\/index.php\/policia-civil-investiga-policial-rodoviario-federal-suspeito-de-agredir-adolescentes-em-mossoro-prf-abre-procedimento-interno\/","og_locale":"pt_BR","og_type":"article","og_title":"Pol\u00edcia Civil investiga policial rodovi\u00e1rio federal suspeito de agredir adolescentes em Mossor\u00f3; PRF abre procedimento interno - Taveira Jr","og_description":"Fam\u00edlias registraram Termo Circunstanciado de Ocorr\u00eancia (TCO). Adolescentes tem 12 e 14 anos de idade &#8211; uma delas alegou ter sofrido chutes e socos do agressor. Delegacia de Plant\u00e3o de ...","og_url":"https:\/\/deputadotaveirajr.com.br\/index.php\/policia-civil-investiga-policial-rodoviario-federal-suspeito-de-agredir-adolescentes-em-mossoro-prf-abre-procedimento-interno\/","og_site_name":"Taveira Jr","og_image":[{"url":"https:\/\/s2-g1.glbimg.com\/H3iD3QbuLm5JZfJCjiZsxV3G-s4=\/i.s3.glbimg.com\/v1\/AUTH_59edd422c0c84a879bd37670ae4f538a\/internal_photos\/bs\/2023\/i\/z\/oVJoL3Q3Snta7sHlliZg\/whatsapp-image-2023-06-20-at-08.28.15-1-.jpeg","type":"","width":"","height":""}],"twitter_card":"summary_large_image","twitter_misc":{"Est. tempo de leitura":"3 minutos"},"schema":{"@context":"https:\/\/schema.org","@graph":[{"@type":"WebPage","@id":"https:\/\/deputadotaveirajr.com.br\/index.php\/policia-civil-investiga-policial-rodoviario-federal-suspeito-de-agredir-adolescentes-em-mossoro-prf-abre-procedimento-interno\/","url":"https:\/\/deputadotaveirajr.com.br\/index.php\/policia-civil-investiga-policial-rodoviario-federal-suspeito-de-agredir-adolescentes-em-mossoro-prf-abre-procedimento-interno\/","name":"Pol\u00edcia Civil investiga policial rodovi\u00e1rio federal suspeito de agredir adolescentes em Mossor\u00f3; PRF abre procedimento interno - Taveira Jr","isPartOf":{"@id":"https:\/\/deputadotaveirajr.com.br\/#website"},"primaryImageOfPage":{"@id":"https:\/\/deputadotaveirajr.com.br\/index.php\/policia-civil-investiga-policial-rodoviario-federal-suspeito-de-agredir-adolescentes-em-mossoro-prf-abre-procedimento-interno\/#primaryimage"},"image":{"@id":"https:\/\/deputadotaveirajr.com.br\/index.php\/policia-civil-investiga-policial-rodoviario-federal-suspeito-de-agredir-adolescentes-em-mossoro-prf-abre-procedimento-interno\/#primaryimage"},"thumbnailUrl":"https:\/\/deputadotaveirajr.com.br\/wp-content\/uploads\/2025\/01\/whatsapp-image-2023-06-20-at-08.28.15-1-Kz27Hl.jpeg","datePublished":"2025-01-23T22:39:10+00:00","breadcrumb":{"@id":"https:\/\/deputadotaveirajr.com.br\/index.php\/policia-civil-investiga-policial-rodoviario-federal-suspeito-de-agredir-adolescentes-em-mossoro-prf-abre-procedimento-interno\/#breadcrumb"},"inLanguage":"pt-BR","potentialAction":[{"@type":"ReadAction","target":["https:\/\/deputadotaveirajr.com.br\/index.php\/policia-civil-investiga-policial-rodoviario-federal-suspeito-de-agredir-adolescentes-em-mossoro-prf-abre-procedimento-interno\/"]}]},{"@type":"ImageObject","inLanguage":"pt-BR","@id":"https:\/\/deputadotaveirajr.com.br\/index.php\/policia-civil-investiga-policial-rodoviario-federal-suspeito-de-agredir-adolescentes-em-mossoro-prf-abre-procedimento-interno\/#primaryimage","url":"https:\/\/deputadotaveirajr.com.br\/wp-content\/uploads\/2025\/01\/whatsapp-image-2023-06-20-at-08.28.15-1-Kz27Hl.jpeg","contentUrl":"https:\/\/deputadotaveirajr.com.br\/wp-content\/uploads\/2025\/01\/whatsapp-image-2023-06-20-at-08.28.15-1-Kz27Hl.jpeg","width":1600,"height":900},{"@type":"BreadcrumbList","@id":"https:\/\/deputadotaveirajr.com.br\/index.php\/policia-civil-investiga-policial-rodoviario-federal-suspeito-de-agredir-adolescentes-em-mossoro-prf-abre-procedimento-interno\/#breadcrumb","itemListElement":[{"@type":"ListItem","position":1,"name":"In\u00edcio","item":"https:\/\/deputadotaveirajr.com.br\/"},{"@type":"ListItem","position":2,"name":"Pol\u00edcia Civil investiga policial rodovi\u00e1rio federal suspeito de agredir adolescentes em Mossor\u00f3; PRF abre procedimento interno"}]},{"@type":"WebSite","@id":"https:\/\/deputadotaveirajr.com.br\/#website","url":"https:\/\/deputadotaveirajr.com.br\/","name":"Taveira Jr","description":"Deputado Estadual","publisher":{"@id":"https:\/\/deputadotaveirajr.com.br\/#organization"},"potentialAction":[{"@type":"SearchAction","target":{"@type":"EntryPoint","urlTemplate":"https:\/\/deputadotaveirajr.com.br\/?s={search_term_string}"},"query-input":{"@type":"PropertyValueSpecification","valueRequired":true,"valueName":"search_term_string"}}],"inLanguage":"pt-BR"},{"@type":"Organization","@id":"https:\/\/deputadotaveirajr.com.br\/#organization","name":"Taveira Jr","url":"https:\/\/deputadotaveirajr.com.br\/","logo":{"@type":"ImageObject","inLanguage":"pt-BR","@id":"https:\/\/deputadotaveirajr.com.br\/#\/schema\/logo\/image\/","url":"https:\/\/deputadotaveirajr.com.br\/wp-content\/uploads\/2026\/01\/logolow2a.png","contentUrl":"https:\/\/deputadotaveirajr.com.br\/wp-content\/uploads\/2026\/01\/logolow2a.png","width":290,"height":80,"caption":"Taveira Jr"},"image":{"@id":"https:\/\/deputadotaveirajr.com.br\/#\/schema\/logo\/image\/"}}]}},"_links":{"self":[{"href":"https:\/\/deputadotaveirajr.com.br\/index.php\/wp-json\/wp\/v2\/pages\/12098","targetHints":{"allow":["GET"]}}],"collection":[{"href":"https:\/\/deputadotaveirajr.com.br\/index.php\/wp-json\/wp\/v2\/pages"}],"about":[{"href":"https:\/\/deputadotaveirajr.com.br\/index.php\/wp-json\/wp\/v2\/types\/page"}],"replies":[{"embeddable":true,"href":"https:\/\/deputadotaveirajr.com.br\/index.php\/wp-json\/wp\/v2\/comments?post=12098"}],"version-history":[{"count":0,"href":"https:\/\/deputadotaveirajr.com.br\/index.php\/wp-json\/wp\/v2\/pages\/12098\/revisions"}],"wp:featuredmedia":[{"embeddable":true,"href":"https:\/\/deputadotaveirajr.com.br\/index.php\/wp-json\/wp\/v2\/media\/12099"}],"wp:attachment":[{"href":"https:\/\/deputadotaveirajr.com.br\/index.php\/wp-json\/wp\/v2\/media?parent=12098"}],"curies":[{"name":"wp","href":"https:\/\/api.w.org\/{rel}","templated":true}]}}